{"id":3890,"date":"2025-03-18T02:33:25","date_gmt":"2025-03-18T02:33:25","guid":{"rendered":"https:\/\/vapestornado.com\/?post_type=product&#038;p=3890"},"modified":"2025-12-04T08:58:11","modified_gmt":"2025-12-04T08:58:11","slug":"original-bang-leader-20000-puff-crystal-disposable-vape-box-20k-puffs-wholesale-vapers","status":"publish","type":"product","link":"https:\/\/vapestornado.com\/lt\/product\/original-bang-leader-20000-puff-crystal-disposable-vape-box-20k-puffs-wholesale-vapers\/","title":{"rendered":"Original Bang Leader 20000 P\u016btim\u0173 Kri\u0161tolin\u0117 Vienkartin\u0117 Garinimo D\u0117\u017eut\u0117 20K P\u016btim\u0173 Didmenin\u0117 prekyba Garo produktais"},"content":{"rendered":"<h1 data-pm-slice=\"1 1 []\">Original Bang Leader 20000 P\u016btim\u0173 Kri\u0161tolin\u0117 Vienkartin\u0117 Garinimo D\u0117\u017eut\u0117 20K P\u016btim\u0173 Didmenin\u0117 prekyba Garo produktais<\/h1>\n<p data-start=\"1084\" data-end=\"1266\">Bang Leader 20000 Puff Crystal yra vienkartinis \u012frenginys su 20 t\u016bkst. \u012fkv\u0117pim\u0173, 28 ml talpos bakeliu, 650mAh \u012fkraunama Type-C baterija, dvigubomis tinklelio rit\u0117mis ir kri\u0161tolo korpusu su kaklarai\u0161\u010diu \u2013 skirtas ilgalaikiam naudojimui, pastoviam skoniui ir patogiam ne\u0161iojimui.<\/p>\n<p data-start=\"584\" data-end=\"867\">\u012erenginys yra \u012fvertintas <strong data-start=\"679\" data-end=\"701\">iki 20 000 \u012fkv\u0117pim\u0173<\/strong> ir talpina <strong data-start=\"712\" data-end=\"732\">28 ml elektroninio skys\u010dio<\/strong>, tod\u0117l dauguma naudotoj\u0173 gauna daug daugiau veikimo laiko nei 5 t\u016bkst. \u2013 10 t\u016bkst. modeliai. Ma\u017eiau keitim\u0173 taip pat rei\u0161kia ma\u017eiau r\u016bpes\u010di\u0173 ir ma\u017eesnes i\u0161laidas u\u017e \u012fkv\u0117pim\u0105 laikui b\u0117gant. Bang Leader 20000 Puff Crystal vienkartinis vape naudoja <strong data-start=\"956\" data-end=\"975\">dvigubomis tinklelio spiral\u0117mis<\/strong>, kuris tolygiai \u0161ildo elektronin\u012f skyst\u012f. Tai padeda i\u0161laikyti skland\u0173 \u012fkv\u0117pim\u0105 ir pastov\u0173 skon\u012f nuo prad\u017eios iki bako pabaigos, o ne suma\u017e\u0117ja viduryje.<\/p>\n<p data-start=\"584\" data-end=\"867\">\u0160is <strong data-start=\"1193\" data-end=\"1227\">650mAh baterija yra \u012fkraunama<\/strong>, tod\u0117l galite papildyti energij\u0105 ir naudoti vis\u0105 skyst\u012f, kol \u012frenginys nepraras galios. \u0160is bang leader 20000 \u012fkv\u0117pim\u0173 vienkartinis vape turi <strong data-start=\"1307\" data-end=\"1326\">Type-C \u012fkrovimu<\/strong> yra pla\u010diai suderinamas ir greitas, tod\u0117l galite gr\u012f\u017eti prie vaping be ilgo pertraukos. <strong data-start=\"1461\" data-end=\"1483\">kristalo stiliaus<\/strong> korpusas yra kompakti\u0161kas ir tvirtas, o \u012ftrauktas <strong data-start=\"1524\" data-end=\"1535\">kaklarai\u0161tis<\/strong> paprastas naudoti ir ne\u0161iojamas, kai esate lauke. Jis skirtas kasdieniam ne\u0161iojimui, nesijau\u010diant sunkiai. Parinktys nikotino stiprumui apima <strong data-start=\"1712\" data-end=\"1743\">0%, 2%, 3% ir 5% nikotino<\/strong><\/p>\n<p><strong><span style=\"color: #ff0000;\">Prid\u0117kite Amy WhatsApp, kad gautum\u0117te tinkam\u0105 atsakym\u0105 ir nuolaid\u0105!<\/span><\/strong><\/p>\n<p><img fetchpriority=\"high\" decoding=\"async\" class=\"size-full wp-image-2932\" src=\"https:\/\/vapestornado.com\/wp-content\/uploads\/2024\/12\/Vape-Wholesale.jpg\" alt=\"Garintuvai Didmenin\u0117 prekyba\" width=\"229\" height=\"300\" \/><\/p>\n<h3><a href=\"https:\/\/wa.me\/8617776015835\" target=\"_blank\" rel=\"noopener\"><span style=\"color: #ff0000;\"><strong>WhatsApp: +86 17776015835<\/strong><\/span><\/a><\/h3>\n<p>&nbsp;<\/p>\n<h2><strong>Bang Leader 50000 P\u016btim\u0173 Kri\u0161tolinis Garintuvas Pagrindin\u0117s savyb\u0117s<\/strong><\/h2>\n<table>\n<thead>\n<tr>\n<th>Funkcija<\/th>\n<th align=\"right\">Specifikacija<\/th>\n<th><\/th>\n<\/tr>\n<\/thead>\n<tbody>\n<tr>\n<td>Produkto pavadinimas<\/td>\n<td align=\"right\">Bang Leader 20000 Puff Crystal vienkartinis garintuvas<\/td>\n<td>Lengvai atpa\u017e\u012fstamas pakartotiniams pirk\u0117jams.<\/td>\n<\/tr>\n<tr>\n<td>\u012ep\u016btim\u0173 talpa<\/td>\n<td align=\"right\">Iki 20 000 \u012fkv\u0117pim\u0173<\/td>\n<td>Ilgalaikis naudojimas; ma\u017eiau keitim\u0173 nei standartiniai vienkartiniai.<\/td>\n<\/tr>\n<tr>\n<td>E-skys\u010dio t\u016bris<\/td>\n<td align=\"right\">28 ml i\u0161 anksto u\u017epildyto<\/td>\n<td>Didelis bakas palaiko vis\u0105 p\u016btimo kiek\u012f be papildymo.<\/td>\n<\/tr>\n<tr>\n<td>Baterija<\/td>\n<td align=\"right\">650mAh \u012fkraunamas<\/td>\n<td>\u012ekraukite, kad naudotum\u0117te vis\u0105 e-skyst\u012f, o ne prarastum\u0117te p\u016btimus.<\/td>\n<\/tr>\n<tr>\n<td>\u012ekrovimas<\/td>\n<td align=\"right\">USB Type-C<\/td>\n<td>Bendra kabeli\u0173 standartas; grei\u010diau ir lengviau rasti.<\/td>\n<\/tr>\n<tr>\n<td>Rit\u0117s tipas<\/td>\n<td align=\"right\">Dviguba tinklelio rit\u0117<\/td>\n<td>Vienodas \u0161ildymas = sklandesnis garas ir stabilesnis skonis.<\/td>\n<\/tr>\n<tr>\n<td>Nikotino pasirinkimai<\/td>\n<td align=\"right\">0% \/ 2% \/ 3% \/ 5%<\/td>\n<td>Leid\u017eia vartotojams pasirinkti nikotino lyg\u012f, kuris atitinka j\u0173 poreikius.<\/td>\n<\/tr>\n<tr>\n<td>Dizainas<\/td>\n<td align=\"right\">Kristalinio k\u016bno + kaklarai\u0161tis<\/td>\n<td>D\u0117vimas ki\u0161en\u0117je ir lengvas ne\u0161iojimas be rank\u0173.<\/td>\n<\/tr>\n<tr>\n<td>Aktyvavimas<\/td>\n<td align=\"right\">\u012ejungiama \u012ftraukimu<\/td>\n<td>Be mygtuk\u0173; \u012fkv\u0117pkite, kad \u012fkv\u0117ptum\u0117te gar\u0173.<\/td>\n<\/tr>\n<\/tbody>\n<\/table>\n<h2 class=\"product-title\"><strong>\u201eBang Leader 20k Puffs Box Vape\u201c skoni\u0173 s\u0105ra\u0161as<\/strong><\/h2>\n<article class=\"group\/turn w-full text-token-text-primary focus-visible:outline-2 focus-visible:outline-offset-[-4px]\" dir=\"auto\" data-testid=\"conversation-turn-61\" data-scroll-anchor=\"true\">\n<div class=\"text-base my-auto mx-auto py-[18px] px-6\">\n<div class=\"mx-auto flex flex-1 text-base gap-4 md:gap-5 lg:gap-6 md:max-w-3xl lg:max-w-[40rem] xl:max-w-[48rem]\">\n<div class=\"group\/conversation-turn relative flex w-full min-w-0 flex-col agent-turn @xs\/thread:px-0 @sm\/thread:px-1.5 @md\/thread:px-4\">\n<div class=\"flex-col gap-1 md:gap-3\">\n<div class=\"flex max-w-full flex-col flex-grow\">\n<div class=\"min-h-8 text-message relative flex w-full flex-col items-end gap-2 whitespace-normal break-words text-start [.text-message+&amp;]:mt-5\" dir=\"auto\" data-message-author-role=\"assistant\" data-message-id=\"762d7e41-70d5-4ddf-94cb-85ef5025d3a8\" data-message-model-slug=\"gpt-4o\">\n<div class=\"flex w-full flex-col gap-1 empty:hidden first:pt-[3px]\">\n<div class=\"markdown prose w-full break-words dark:prose-invert light\">\n<p>&nbsp;<\/p>\n<p>1. Arb\u016bzo ledas <strong><span style=\"color: #ff0000;\">&gt;&gt;&gt;&gt; Kar\u0161ta!<\/span><\/strong><\/p>\n<p>2. Bra\u0161ki\u0173 ir kivi\u0173<\/p>\n<p>3. Bra\u0161ki\u0173 ledai <strong><span style=\"color: #ff0000;\">&gt;&gt;&gt;&gt; Kar\u0161ta!<\/span><\/strong><\/p>\n<p>4. Mango persik\u0173<\/p>\n<p>5. M\u0117lyni\u0173 ir avie\u010di\u0173 <strong><span style=\"color: #ff0000;\">&gt;&gt;&gt;&gt; Geriausia!<\/span><\/strong><\/p>\n<p>6. M\u0117lyni\u0173 ir m\u0117t\u0173<\/p>\n<p>7. Vaisi\u0173 mi\u0161inys <strong><span style=\"color: #ff0000;\">&gt;&gt;&gt;&gt; Kar\u0161ta!<\/span><\/strong><\/p>\n<p>8. Bra\u0161ki\u0173 ir arb\u016bz\u0173<\/p>\n<p>9. Vynuogi\u0173 ledai<\/p>\n<p>10. Arb\u016bzin\u0117 kramtomoji guma<\/p>\n<p>11. M\u0117lyni\u0173 ledai <strong><span style=\"color: #ff0000;\">&gt;&gt;&gt;&gt; Kar\u0161ta!<\/span><\/strong><\/p>\n<p>12. Persik\u0173 ledai<\/p>\n<\/div>\n<\/div>\n<\/div>\n<\/div>\n<\/div>\n<\/div>\n<\/div>\n<\/div>\n<\/article>\n<article class=\"w-full text-token-text-primary focus-visible:outline-2 focus-visible:outline-offset-[-4px]\" dir=\"auto\" data-testid=\"conversation-turn-32\" data-scroll-anchor=\"false\">\n<div class=\"m-auto text-base py-[18px] px-6\">\n<div class=\"mx-auto flex flex-1 text-base gap-4 md:gap-5 lg:gap-6 md:max-w-3xl lg:max-w-[40rem] xl:max-w-[48rem]\">\n<div class=\"group\/conversation-turn relative flex w-full min-w-0 flex-col @xs\/thread:px-0 @sm\/thread:px-1.5 @md\/thread:px-4\">\n<div class=\"flex-col gap-1 md:gap-3\">\n<div class=\"flex max-w-full flex-col flex-grow\">\n<div class=\"min-h-8 text-message flex w-full flex-col items-end gap-2 whitespace-normal break-words text-start [.text-message+&amp;]:mt-5\" dir=\"auto\" data-message-author-role=\"user\" data-message-id=\"ffac41ca-1db4-431b-873a-32c4052956f1\">\n<div class=\"flex w-full flex-col gap-1 empty:hidden items-end rtl:items-start\">\n<div class=\"relative max-w-[var(--user-chat-width,70%)] rounded-3xl bg-token-message-surface px-5 py-2.5\">\n<div class=\"absolute bottom-0 right-full top-0 -mr-3.5 hidden pr-5 pt-2 [.group\/conversation-turn:hover_&amp;]:flex\">\n<div class=\"flex\">\n<article class=\"w-full text-token-text-primary focus-visible:outline-2 focus-visible:outline-offset-[-4px]\" dir=\"auto\" data-testid=\"conversation-turn-39\" data-scroll-anchor=\"true\">\n<div class=\"m-auto text-base py-[18px] px-6\">\n<div class=\"mx-auto flex flex-1 text-base gap-4 md:gap-5 lg:gap-6 md:max-w-3xl lg:max-w-[40rem] xl:max-w-[48rem]\">\n<div class=\"group\/conversation-turn relative flex w-full min-w-0 flex-col agent-turn @xs\/thread:px-0 @sm\/thread:px-1.5 @md\/thread:px-4\">\n<div class=\"flex-col gap-1 md:gap-3\">\n<div class=\"flex max-w-full flex-col flex-grow\">\n<div class=\"min-h-8 text-message flex w-full flex-col items-end gap-2 whitespace-normal break-words text-start [.text-message+&amp;]:mt-5\" dir=\"auto\" data-message-author-role=\"assistant\" data-message-id=\"55a23854-ec57-48dd-bd4f-6118f43d6241\" data-message-model-slug=\"gpt-4o\">\n<div class=\"flex w-full flex-col gap-1 empty:hidden first:pt-[3px]\">\n<div class=\"markdown prose w-full break-words dark:prose-invert light\"><\/div>\n<\/div>\n<\/div>\n<\/div>\n<\/div>\n<\/div>\n<\/div>\n<\/div>\n<\/article>\n<\/div>\n<\/div>\n<\/div>\n<\/div>\n<\/div>\n<\/div>\n<\/div>\n<\/div>\n<\/div>\n<\/div>\n<\/article>\n<h3>Kod\u0117l verta rinktis \u201eVapestornado\u201c didmeniniam \u201eBang 20k Crystal Puffs Recharge Vape\u201c u\u017esakymui?<\/h3>\n<div class=\"flex-shrink-0 flex flex-col relative items-end\">\n<div class=\"pt-0\">\n<div class=\"gizmo-bot-avatar flex h-8 w-8 items-center justify-center overflow-hidden rounded-full\">\n<div class=\"relative p-1 rounded-sm flex items-center justify-center bg-token-main-surface-primary text-token-text-primary h-8 w-8\">\n<p data-start=\"75\" data-end=\"479\">Kai kalbama apie <strong data-start=\"92\" data-end=\"117\">didmeninius vienkartinius garintuvus<\/strong>, <strong data-start=\"119\" data-end=\"152\">internetinis garintuv\u0173 parduotuv\u0117 \"Vapestornado\"<\/strong> yra geriausia vieta<strong data-start=\"182\" data-end=\"202\">\u00a0pirk\u0117jams<\/strong> ie\u0161kantiems <strong data-start=\"215\" data-end=\"257\">\u012fperkam\u0173 kain\u0173 ir auk\u0161\u010diausios kokyb\u0117s<\/strong>. Mes si\u016blome <strong data-start=\"268\" data-end=\"299\">i\u0161skirtines didmenines kainas<\/strong> u\u017e \"Bang Leader 50000 Puffs\", leid\u017eian\u010dias ma\u017emenininkams ir platintojams \u012fsigyti vien\u0105 i\u0161 paklausiausi\u0173 <a href=\"https:\/\/vapestornado.com\/lt\/product-category\/rechargeable-disposable-vapes\/\"><strong data-start=\"412\" data-end=\"445\">\u012fkraunamos vienkartin\u0117s elektronin\u0117s cigaret\u0117s<\/strong><\/a>\u00a0su <strong data-start=\"453\" data-end=\"476\">skaitmeninis LCD ekranas<\/strong>.<\/p>\n<\/div>\n<div class=\"relative p-1 rounded-sm flex items-center justify-center bg-token-main-surface-primary text-token-text-primary h-8 w-8\">\n<h3>DUK apie \u201eBang Leader 20k Puffs\u201c vienkartin\u012f garintuv\u0105<\/h3>\n<p data-start=\"2819\" data-end=\"3064\"><strong data-start=\"2819\" data-end=\"2897\">1. Ar vienkartiniai \u012frenginiai reikalinga speciali \u012fkroviklis Bang Leader 20000 P\u016b\u010di\u0173?<\/strong><br data-start=\"2897\" data-end=\"2900\" \/>Ne. <strong data-start=\"2908\" data-end=\"2958\">Bang Leader 20000 Puff Crystal vienkartinis garintuvas<\/strong> naudoja standartin\u012f <strong data-start=\"2973\" data-end=\"2996\">USB Type-C \u012fkrovim\u0105<\/strong>, tod\u0117l bet kuris \u012fprastas Type-C kabelis ir saugus USB maitinimo adapteris veiks.<\/p>\n<p data-start=\"3066\" data-end=\"3364\"><strong data-start=\"3066\" data-end=\"3149\">2. Ar vienkartiniai \u012frenginiai sukelia priklausomyb\u0119 grei\u010diau, \u012fskaitant Bang Leader 20000 P\u016b\u010di\u0173?<\/strong><br data-start=\"3149\" data-end=\"3152\" \/>Priklausomyb\u0117s rizika priklauso nuo <strong data-start=\"3178\" data-end=\"3224\">nikotino stiprumas ir kaip da\u017enai juos naudojate<\/strong>, ne tik p\u016btimo skai\u010dius. The <strong data-start=\"3252\" data-end=\"3278\">Bang Leader 20000 P\u016b\u010di\u0173<\/strong> yra <strong data-start=\"3288\" data-end=\"3310\">0%, 2%, 3% ir 5%<\/strong> leid\u017eia vartotojams pasirinkti lyg\u012f, kuris atitinka j\u0173 tikslus.<\/p>\n<p data-start=\"3366\" data-end=\"3666\"><strong data-start=\"3366\" data-end=\"3451\">3. Kuris vienkartinis \u012frenginys tarnauja ilgiau: Bang Leader 20000 P\u016b\u010di\u0173 ar 10 000 p\u016btimo vape?<\/strong><br data-start=\"3451\" data-end=\"3454\" \/>Kasdien naudojant, <strong data-start=\"3475\" data-end=\"3501\">Bang Leader 20000 P\u016b\u010di\u0173<\/strong> paprastai tarnauja ilgiau, nes jungia <strong data-start=\"3545\" data-end=\"3602\">20 000 p\u016btimo + 28 ml e-skysto + \u012fkraunam\u0105 baterij\u0105<\/strong>, o dauguma 10k \u012frengini\u0173 turi ma\u017eesnius bakus ir trumpesn\u012f veikimo laik\u0105.<\/p>\n<p data-start=\"3668\" data-end=\"3920\"><strong data-start=\"3668\" data-end=\"3737\">Ar Bang Leader 20000 Puff yra geras skoniui ilgalaikio naudojimo metu?<\/strong><br data-start=\"3737\" data-end=\"3740\" \/>Taip. The <strong data-start=\"3749\" data-end=\"3767\">Dvigubos tinklelio kaitinimo spiral\u0117s<\/strong> \u012frenginys sukurtas u\u017etikrinti \u0161veln\u0173 garavim\u0105 ir pastov\u0173 skon\u012f didel\u0117je talpykloje, kas padeda i\u0161vengti kai kuri\u0173 dideli\u0173 p\u016btimo vienkartini\u0173 \u012frengini\u0173 v\u0117liau atsirandan\u010dio sumenkusio skonio.<\/p>\n<p data-start=\"3922\" data-end=\"4213\"><strong data-start=\"3922\" data-end=\"3995\">Ar galiu pasiimti Bang Leader 20000 Puff vienkartin\u012f vape l\u0117ktuvu?<\/strong><br data-start=\"3995\" data-end=\"3998\" \/>Dauguma oro linij\u0173 leid\u017eia vienkartinius \u012frenginius <strong data-start=\"4030\" data-end=\"4058\">tik rankiniame baga\u017ee<\/strong>, ne tikrinamose lagaminuose, d\u0117l baterij\u0173 taisykli\u0173. Laikykite savo <strong data-start=\"4114\" data-end=\"4164\">Bang Leader 20000 Puff Crystal vienkartinis garintuvas<\/strong> u\u017esandarint\u0105 ir pasitikrinkite oro linij\u0173 politik\u0105 prie\u0161 skryd\u012f.<\/p>\n<\/div>\n<\/div>\n<\/div>\n<\/div>","protected":false},"excerpt":{"rendered":"<p>Geriausias \u201eBang Leader 20000 Puffs\u201c vienkartinis kristalinis garintuvas<br \/>\nDidmenin\u0117 prekyba \u201eBang Leader 20000 Puff Crystal\u201c vienkartiniais garintuvais<br \/>\n\u012ekraunamas vienkartinis garintuvas \u201eBang Vape 20000 20K Puffs\u201c<\/p>\n<p><strong>Prid\u0117kite Amy's whatsapp, kad gautum\u0117te tinkam\u0105 atsakym\u0105 ir nuolaidos kain\u0105!<\/strong><\/p>\n<p><img fetchpriority=\"high\" decoding=\"async\" class=\"size-full wp-image-2932\" src=\"https:\/\/vapestornado.com\/wp-content\/uploads\/2024\/12\/Vape-Wholesale.jpg\" alt=\"Garintuvai Didmenin\u0117 prekyba\" width=\"229\" height=\"300\" \/><\/p>\n<h3><a href=\"https:\/\/wa.me\/8617776015835\"><span style=\"color: #ff0000;\"><strong>WhatsApp: +86 17776015835<\/strong><\/span><\/a><\/h3>\n<p>&nbsp;<\/p>","protected":false},"featured_media":3876,"comment_status":"open","ping_status":"closed","template":"","meta":{"_acf_changed":false,"_uag_custom_page_level_css":"","_lmt_disableupdate":"no","_lmt_disable":"","_monsterinsights_skip_tracking":false,"_monsterinsights_sitenote_active":false,"_monsterinsights_sitenote_note":"","_monsterinsights_sitenote_category":0,"site-sidebar-layout":"default","site-content-layout":"","ast-site-content-layout":"default","site-content-style":"default","site-sidebar-style":"default","ast-global-header-display":"","ast-banner-title-visibility":"","ast-main-header-display":"","ast-hfb-above-header-display":"","ast-hfb-below-header-display":"","ast-hfb-mobile-header-display":"","site-post-title":"","ast-breadcrumbs-content":"","ast-featured-img":"","footer-sml-layout":"","ast-disable-related-posts":"","theme-transparent-header-meta":"default","adv-header-id-meta":"","stick-header-meta":"","header-above-stick-meta":"","header-main-stick-meta":"","header-below-stick-meta":"","astra-migrate-meta-layouts":"set","ast-page-background-enabled":"default","ast-page-background-meta":{"desktop":{"background-color":"","background-image":"","background-repeat":"repeat","background-position":"center center","background-size":"auto","background-attachment":"scroll","background-type":"","background-media":"","overlay-type":"","overlay-color":"","overlay-opacity":"","overlay-gradient":""},"tablet":{"background-color":"","background-image":"","background-repeat":"repeat","background-position":"center center","background-size":"auto","background-attachment":"scroll","background-type":"","background-media":"","overlay-type":"","overlay-color":"","overlay-opacity":"","overlay-gradient":""},"mobile":{"background-color":"","background-image":"","background-repeat":"repeat","background-position":"center center","background-size":"auto","background-attachment":"scroll","background-type":"","background-media":"","overlay-type":"","overlay-color":"","overlay-opacity":"","overlay-gradient":""}},"ast-content-background-meta":{"desktop":{"background-color":"var(--ast-global-color-5)","background-image":"","background-repeat":"repeat","background-position":"center center","background-size":"auto","background-attachment":"scroll","background-type":"","background-media":"","overlay-type":"","overlay-color":"","overlay-opacity":"","overlay-gradient":""},"tablet":{"background-color":"var(--ast-global-color-5)","background-image":"","background-repeat":"repeat","background-position":"center center","background-size":"auto","background-attachment":"scroll","background-type":"","background-media":"","overlay-type":"","overlay-color":"","overlay-opacity":"","overlay-gradient":""},"mobile":{"background-color":"var(--ast-global-color-5)","background-image":"","background-repeat":"repeat","background-position":"center center","background-size":"auto","background-attachment":"scroll","background-type":"","background-media":"","overlay-type":"","overlay-color":"","overlay-opacity":"","overlay-gradient":""}},"_joinchat":{"telephone":"17776015835"}},"product_brand":[],"product_cat":[19,69,278,150,160,141,144],"product_tag":[472,263,196,120,94,240,93],"class_list":{"0":"post-3890","1":"product","2":"type-product","3":"status-publish","4":"has-post-thumbnail","6":"product_cat-vapes","7":"product_cat-20000-puff","8":"product_cat-bang-leader-vape","9":"product_cat-buy-disposable-vapes-in-belgium","10":"product_cat-buy-disposable-vapes-in-switzerland","11":"product_cat-crystal-disposable-vapes","12":"product_cat-low-nicotine-disposable-vapes","13":"product_tag-bang-leader-20000","14":"product_tag-bang-leader-20k","15":"product_tag-bang-vape","16":"product_tag-crystal-vape","17":"product_tag-rechargeable-disposable-vape","18":"product_tag-twins-flavor-disposable-vape","19":"product_tag-vape-wholesale","20":"desktop-align-left","21":"tablet-align-left","22":"mobile-align-left","24":"first","25":"instock","26":"sale","27":"shipping-taxable","28":"purchasable","29":"product-type-simple"},"acf":[],"uagb_featured_image_src":{"full":["https:\/\/vapestornado.com\/wp-content\/uploads\/2025\/03\/Bang-20000-Puffs-Smart-Screen-Disposable-Crysatal-Vape.webp",800,800,false],"thumbnail":["https:\/\/vapestornado.com\/wp-content\/uploads\/2025\/03\/Bang-20000-Puffs-Smart-Screen-Disposable-Crysatal-Vape-150x150.webp",150,150,true],"medium":["https:\/\/vapestornado.com\/wp-content\/uploads\/2025\/03\/Bang-20000-Puffs-Smart-Screen-Disposable-Crysatal-Vape-300x300.webp",300,300,true],"medium_large":["https:\/\/vapestornado.com\/wp-content\/uploads\/2025\/03\/Bang-20000-Puffs-Smart-Screen-Disposable-Crysatal-Vape-768x768.webp",768,768,true],"large":["https:\/\/vapestornado.com\/wp-content\/uploads\/2025\/03\/Bang-20000-Puffs-Smart-Screen-Disposable-Crysatal-Vape.webp",800,800,false],"1536x1536":["https:\/\/vapestornado.com\/wp-content\/uploads\/2025\/03\/Bang-20000-Puffs-Smart-Screen-Disposable-Crysatal-Vape.webp",800,800,false],"2048x2048":["https:\/\/vapestornado.com\/wp-content\/uploads\/2025\/03\/Bang-20000-Puffs-Smart-Screen-Disposable-Crysatal-Vape.webp",800,800,false],"trp-custom-language-flag":["https:\/\/vapestornado.com\/wp-content\/uploads\/2025\/03\/Bang-20000-Puffs-Smart-Screen-Disposable-Crysatal-Vape.webp",12,12,false],"woocommerce_thumbnail":["https:\/\/vapestornado.com\/wp-content\/uploads\/2025\/03\/Bang-20000-Puffs-Smart-Screen-Disposable-Crysatal-Vape-300x300.webp",300,300,true],"woocommerce_single":["https:\/\/vapestornado.com\/wp-content\/uploads\/2025\/03\/Bang-20000-Puffs-Smart-Screen-Disposable-Crysatal-Vape-600x600.webp",600,600,true],"woocommerce_gallery_thumbnail":["https:\/\/vapestornado.com\/wp-content\/uploads\/2025\/03\/Bang-20000-Puffs-Smart-Screen-Disposable-Crysatal-Vape-100x100.webp",100,100,true]},"uagb_author_info":{"display_name":"ESAMY","author_link":"https:\/\/vapestornado.com\/lt\/author\/"},"uagb_comment_info":0,"uagb_excerpt":"Best Bang Leader 20000 Puffs Disposable Crystal Vape Bang Leader 20000 Puff Crystal Wholesale Disposable Vape Bang Vape 20000 20K Puffs Rechargeable Disposable Add Amy's whatsapp to get right reply and discount price! WhatsApp: +86 17776015835 &nbsp;","_links":{"self":[{"href":"https:\/\/vapestornado.com\/lt\/wp-json\/wp\/v2\/product\/3890","targetHints":{"allow":["GET"]}}],"collection":[{"href":"https:\/\/vapestornado.com\/lt\/wp-json\/wp\/v2\/product"}],"about":[{"href":"https:\/\/vapestornado.com\/lt\/wp-json\/wp\/v2\/types\/product"}],"replies":[{"embeddable":true,"href":"https:\/\/vapestornado.com\/lt\/wp-json\/wp\/v2\/comments?post=3890"}],"wp:featuredmedia":[{"embeddable":true,"href":"https:\/\/vapestornado.com\/lt\/wp-json\/wp\/v2\/media\/3876"}],"wp:attachment":[{"href":"https:\/\/vapestornado.com\/lt\/wp-json\/wp\/v2\/media?parent=3890"}],"wp:term":[{"taxonomy":"product_brand","embeddable":true,"href":"https:\/\/vapestornado.com\/lt\/wp-json\/wp\/v2\/product_brand?post=3890"},{"taxonomy":"product_cat","embeddable":true,"href":"https:\/\/vapestornado.com\/lt\/wp-json\/wp\/v2\/product_cat?post=3890"},{"taxonomy":"product_tag","embeddable":true,"href":"https:\/\/vapestornado.com\/lt\/wp-json\/wp\/v2\/product_tag?post=3890"}],"curies":[{"name":"wp","href":"https:\/\/api.w.org\/{rel}","templated":true}]}}