{"id":3888,"date":"2025-03-18T02:01:58","date_gmt":"2025-03-18T02:01:58","guid":{"rendered":"https:\/\/vapestornado.com\/?post_type=product&#038;p=3888"},"modified":"2025-12-04T09:17:42","modified_gmt":"2025-12-04T09:17:42","slug":"bang-leader-32k-32000-puffs-dual-pods-double-flavors-disposable-vape","status":"publish","type":"product","link":"https:\/\/vapestornado.com\/lt\/product\/bang-leader-32k-32000-puffs-dual-pods-double-flavors-disposable-vape\/","title":{"rendered":"Bang Leader 32k 32000 i\u0161p\u016btim\u0173 Dvigubos kapsul\u0117s Dvigubi skoniai Vienkartinis garintuvas"},"content":{"rendered":"<h1 data-pm-slice=\"1 1 []\">Bang Leader 32k 32000 i\u0161p\u016btim\u0173 Dvigubos kapsul\u0117s Dvigubi skoniai Vienkartinis garintuvas<\/h1>\n<p data-start=\"286\" data-end=\"655\">\u0160is <strong data-start=\"290\" data-end=\"335\">Bang Leader 32K Dvigubi Podai Vienkartinis Vape<\/strong> sukurtas naudotojams, kurie nori didelio talpumo ir \u012fvairi\u0173 skoni\u0173 viename \u012frenginyje. Jis sujungia <strong data-start=\"426\" data-end=\"448\">dvigubo pod\u0173 strukt\u016br\u0105<\/strong> su <b>2 viename dvigubas skonis<\/b>\u00a0suteikia i\u0161 viso <strong data-start=\"510\" data-end=\"518\">56 ml<\/strong> ir palaiko iki <strong data-start=\"540\" data-end=\"556\">32 000 \u012fkv\u0117pim\u0173<\/strong>. \u0160is dizainas suma\u017eina \u012frenginio keitimo da\u017enum\u0105 ir u\u017etikrina ilgalaik\u012f kasdien\u012f naudojim\u0105 be da\u017en\u0173 keitim\u0173.<\/p>\n<p data-start=\"657\" data-end=\"960\">Svarbi savyb\u0117 yra <strong data-start=\"678\" data-end=\"711\">2-in-1 dvigubo skonio pod\u0173 sistema<\/strong>. Kiekvienas vienkartinis podas turi savo skon\u012f, leid\u017eiant\u012f greitai keisti tarp dviej\u0173 profili\u0173 toje pa\u010dioje \u012frenginyje. Su <strong data-start=\"813\" data-end=\"845\">12 galim\u0173 skonio por\u0173<\/strong>, naudotojai gali keisti skonius vis\u0105 dien\u0105 be papildom\u0173 vienkartini\u0173 ar skys\u010di\u0173 mai\u0161ymo \u012f vien\u0105 bakel\u012f.<\/p>\n<p data-start=\"962\" data-end=\"1282\">Vapor\u0173 nuoseklumui u\u017etikrinti, \u012frenginys naudoja <strong data-start=\"1003\" data-end=\"1021\">1.0\u03a9 tinklelio rit\u0117<\/strong>. Tinklelio \u0161ildymas tolygiai paskirsto temperat\u016br\u0105 visame rit\u0117s pavir\u0161iuje, kas padeda i\u0161laikyti stabil\u0173 garo kiek\u012f ir skonio ai\u0161kum\u0105 ilgose sesijose. \u0160is rit\u0117s nustatymas skirtas i\u0161vengti da\u017en\u0173 skonio suma\u017e\u0117jim\u0173, kurie gali atsitikti su didelio talpumo vienkartiniais.<\/p>\n<p data-start=\"1284\" data-end=\"1620\">Galia tiekiama i\u0161 <strong data-start=\"1307\" data-end=\"1338\">650mAh \u012fkraunama baterija<\/strong> su <strong data-start=\"1344\" data-end=\"1372\">USB Type-C greituoju \u012fkrovimu<\/strong>. \u012ekrovimas leid\u017eia naudotojams pilnai i\u0161naudoti skys\u010dio talp\u0105, o ne anksti i\u0161mesti \u012frengin\u012f d\u0117l silpnos baterijos. Tipo-C \u012fkrovimas taip pat u\u017etikrina paprast\u0105 suderinamum\u0105, nes galima naudoti tas pa\u010dias kabelius kaip ir su daugelio \u0161iuolaikini\u0173 telefon\u0173 ir pried\u0173.<\/p>\n<p data-start=\"1622\" data-end=\"1861\">Nepaisant didelio talpumo ir dviej\u0173 bakeli\u0173, Bang Leader 32K i\u0161lieka vienu, ne\u0161iojamu \u012frenginiu. Dvigubo podo formatas yra prakti\u0161kesnis nei dviej\u0173 atskir\u0173 vienkartini\u0173 \u012frengini\u0173 ne\u0161iojimas, ypa\u010d keliaujant, vykstant \u012f keliones ir ilgai b\u016bnant toli nuo \u012fkroviklio.<\/p>\n<p><strong><span style=\"color: #ff0000;\">Prid\u0117kite Amy WhatsApp, kad gautum\u0117te tinkam\u0105 atsakym\u0105 ir nuolaid\u0105!<\/span><\/strong><\/p>\n<p><img fetchpriority=\"high\" decoding=\"async\" class=\"size-full wp-image-2932\" src=\"https:\/\/vapestornado.com\/wp-content\/uploads\/2024\/12\/Vape-Wholesale.jpg\" alt=\"Garintuvai Didmenin\u0117 prekyba\" width=\"229\" height=\"300\" \/><\/p>\n<h3><a href=\"https:\/\/wa.me\/8617776015835\" target=\"_blank\" rel=\"noopener\"><span style=\"color: #ff0000;\"><strong>WhatsApp: +86 17776015835<\/strong><\/span><\/a><\/h3>\n<p>&nbsp;<\/p>\n<h2><strong>Bang Leader 32000 Puffs Pagrindin\u0117s produkto savyb\u0117s<\/strong><\/h2>\n<table>\n<thead>\n<tr>\n<th>Funkcija<\/th>\n<th align=\"right\">Specifikacija<\/th>\n<th><\/th>\n<\/tr>\n<\/thead>\n<tbody>\n<tr>\n<td>Produkto pavadinimas<\/td>\n<td align=\"right\">Bang Leader 32K Dvigubi Podai Vienkartinis Vape<\/td>\n<td>Ai\u0161kus pavadinimas pakartotiniams u\u017esakymams ir paie\u0161kai.<\/td>\n<\/tr>\n<tr>\n<td>\u012ep\u016btim\u0173 talpa<\/td>\n<td align=\"right\">Iki 32 000 \u012fkv\u0117pim\u0173<\/td>\n<td>Auk\u0161tos talpos vienkartinis \u012frenginys; ma\u017eiau keitim\u0173.<\/td>\n<\/tr>\n<tr>\n<td>Pod\u0173 sistema<\/td>\n<td align=\"right\">Dvigubi podai (2 bakeliai)<\/td>\n<td>Dvi skoni\u0173 r\u016b\u0161ys viename \u012frenginyje; keisk bet kada.<\/td>\n<\/tr>\n<tr>\n<td>E-skys\u010dio t\u016bris<\/td>\n<td align=\"right\">56 ml i\u0161 viso (28 ml + 28 ml)<\/td>\n<td>Didelis skys\u010dio kiekis, palaikantis 32 t\u016bkst. \u012fkv\u0117pim\u0173.<\/td>\n<\/tr>\n<tr>\n<td>Skoni\u0173 deriniai<\/td>\n<td align=\"right\">12 derini\u0173<\/td>\n<td>\u012evairov\u0117 be kei\u010diam\u0173 \u012frengini\u0173.<\/td>\n<\/tr>\n<tr>\n<td>Rit\u0117s tipas<\/td>\n<td align=\"right\">1.0\u03a9 tinklelio rit\u0117<\/td>\n<td>Vienodas \u0161ilumos paskirstymas sklandesniems \u012fkv\u0117pimams ir stabiliai skoniui.<\/td>\n<\/tr>\n<tr>\n<td>Baterija<\/td>\n<td align=\"right\">650mAh \u012fkraunamas<\/td>\n<td>\u012ekraukite, kad pilnai i\u0161naudotum\u0117te abu bakus.<\/td>\n<\/tr>\n<tr>\n<td>\u012ekrovimas<\/td>\n<td align=\"right\">USB Type-C<\/td>\n<td>Bendra greito \u012fkrovimo standartas.<\/td>\n<\/tr>\n<tr>\n<td>Naudojimo stilius<\/td>\n<td align=\"right\">\u012ejungiama \u012ftraukimu<\/td>\n<td>Be mygtuk\u0173; \u012fkv\u0117pkite, kad \u012fkv\u0117ptum\u0117te gar\u0173.<\/td>\n<\/tr>\n<\/tbody>\n<\/table>\n<figure id=\"attachment_3883\" aria-describedby=\"caption-attachment-3883\" style=\"width: 800px\" class=\"wp-caption alignnone\"><img decoding=\"async\" class=\"wp-image-3883 size-full\" src=\"https:\/\/vapestornado.com\/wp-content\/uploads\/2025\/03\/Bang-leader-32k-Puff-Best-Flavor.webp\" alt=\"Bang leader 32k Puff geriausias skonis\" width=\"800\" height=\"800\" srcset=\"https:\/\/vapestornado.com\/wp-content\/uploads\/2025\/03\/Bang-leader-32k-Puff-Best-Flavor.webp 800w, https:\/\/vapestornado.com\/wp-content\/uploads\/2025\/03\/Bang-leader-32k-Puff-Best-Flavor-300x300.webp 300w, https:\/\/vapestornado.com\/wp-content\/uploads\/2025\/03\/Bang-leader-32k-Puff-Best-Flavor-150x150.webp 150w, https:\/\/vapestornado.com\/wp-content\/uploads\/2025\/03\/Bang-leader-32k-Puff-Best-Flavor-768x768.webp 768w, https:\/\/vapestornado.com\/wp-content\/uploads\/2025\/03\/Bang-leader-32k-Puff-Best-Flavor-600x600.webp 600w, https:\/\/vapestornado.com\/wp-content\/uploads\/2025\/03\/Bang-leader-32k-Puff-Best-Flavor-100x100.webp 100w\" sizes=\"(max-width: 800px) 100vw, 800px\" \/><figcaption id=\"caption-attachment-3883\" class=\"wp-caption-text\">Bang leader 32k Puff geriausias skonis<\/figcaption><\/figure>\n<h2 class=\"product-title\"><strong>Bang Leader 32000 Puffs Box Vape skoni\u0173 s\u0105ra\u0161as<\/strong><\/h2>\n<article class=\"group\/turn w-full text-token-text-primary focus-visible:outline-2 focus-visible:outline-offset-[-4px]\" dir=\"auto\" data-testid=\"conversation-turn-61\" data-scroll-anchor=\"true\">\n<div class=\"text-base my-auto mx-auto py-[18px] px-6\">\n<div class=\"mx-auto flex flex-1 text-base gap-4 md:gap-5 lg:gap-6 md:max-w-3xl lg:max-w-[40rem] xl:max-w-[48rem]\">\n<div class=\"group\/conversation-turn relative flex w-full min-w-0 flex-col agent-turn @xs\/thread:px-0 @sm\/thread:px-1.5 @md\/thread:px-4\">\n<div class=\"flex-col gap-1 md:gap-3\">\n<div class=\"flex max-w-full flex-col flex-grow\">\n<div class=\"min-h-8 text-message relative flex w-full flex-col items-end gap-2 whitespace-normal break-words text-start [.text-message+&amp;]:mt-5\" dir=\"auto\" data-message-author-role=\"assistant\" data-message-id=\"762d7e41-70d5-4ddf-94cb-85ef5025d3a8\" data-message-model-slug=\"gpt-4o\">\n<div class=\"flex w-full flex-col gap-1 empty:hidden first:pt-[3px]\">\n<div class=\"markdown prose w-full break-words dark:prose-invert light\">\n<p>1. Arb\u016bz\u0173 ledas <strong><span style=\"color: #ff0000;\">&gt;&gt;&gt;&gt; Kar\u0161ta!<\/span><\/strong><br \/>\n2.Arb\u016bz\u0173 ledas<br \/>\n3. Bra\u0161ki\u0173 arb\u016bzas <strong><span style=\"color: #ff0000;\">&gt;&gt;&gt;&gt; Kar\u0161ta!<\/span><\/strong><br \/>\n4.Bra\u0161ki\u0173 arb\u016bzas<br \/>\n5.M\u0117lyni\u0173 aviet\u0117<br \/>\n6.M\u0117lyni\u0173 arb\u016bzas <strong><span style=\"color: #ff0000;\">&gt;&gt;&gt;&gt; Kar\u0161ta!<\/span><\/strong><br \/>\n7. M\u0117lyni\u0173 ledas<br \/>\n8.M\u0117lyni\u0173 ledas<br \/>\n9. Red Bull <strong><span style=\"color: #ff0000;\">&gt;&gt;&gt;&gt; Kar\u0161ta!<\/span><\/strong><br \/>\n10. Red Bull<br \/>\n11. Bra\u0161ki\u0173-Kivio<br \/>\n12. Bra\u0161ki\u0173 ir kivi\u0173 skonio <strong><span style=\"color: #ff0000;\">&gt;&gt;&gt;&gt; Geriausia!<\/span><\/strong><\/p>\n<\/div>\n<\/div>\n<\/div>\n<\/div>\n<\/div>\n<\/div>\n<\/div>\n<\/div>\n<\/article>\n<article class=\"w-full text-token-text-primary focus-visible:outline-2 focus-visible:outline-offset-[-4px]\" dir=\"auto\" data-testid=\"conversation-turn-32\" data-scroll-anchor=\"false\">\n<div class=\"m-auto text-base py-[18px] px-6\">\n<div class=\"mx-auto flex flex-1 text-base gap-4 md:gap-5 lg:gap-6 md:max-w-3xl lg:max-w-[40rem] xl:max-w-[48rem]\">\n<div class=\"group\/conversation-turn relative flex w-full min-w-0 flex-col @xs\/thread:px-0 @sm\/thread:px-1.5 @md\/thread:px-4\">\n<div class=\"flex-col gap-1 md:gap-3\">\n<div class=\"flex max-w-full flex-col flex-grow\">\n<div class=\"min-h-8 text-message flex w-full flex-col items-end gap-2 whitespace-normal break-words text-start [.text-message+&amp;]:mt-5\" dir=\"auto\" data-message-author-role=\"user\" data-message-id=\"ffac41ca-1db4-431b-873a-32c4052956f1\">\n<div class=\"flex w-full flex-col gap-1 empty:hidden items-end rtl:items-start\">\n<div class=\"relative max-w-[var(--user-chat-width,70%)] rounded-3xl bg-token-message-surface px-5 py-2.5\">\n<div class=\"absolute bottom-0 right-full top-0 -mr-3.5 hidden pr-5 pt-2 [.group\/conversation-turn:hover_&amp;]:flex\">\n<div class=\"flex\">\n<article class=\"w-full text-token-text-primary focus-visible:outline-2 focus-visible:outline-offset-[-4px]\" dir=\"auto\" data-testid=\"conversation-turn-39\" data-scroll-anchor=\"true\">\n<div class=\"m-auto text-base py-[18px] px-6\">\n<div class=\"mx-auto flex flex-1 text-base gap-4 md:gap-5 lg:gap-6 md:max-w-3xl lg:max-w-[40rem] xl:max-w-[48rem]\">\n<div class=\"group\/conversation-turn relative flex w-full min-w-0 flex-col agent-turn @xs\/thread:px-0 @sm\/thread:px-1.5 @md\/thread:px-4\">\n<div class=\"flex-col gap-1 md:gap-3\">\n<div class=\"flex max-w-full flex-col flex-grow\">\n<div class=\"min-h-8 text-message flex w-full flex-col items-end gap-2 whitespace-normal break-words text-start [.text-message+&amp;]:mt-5\" dir=\"auto\" data-message-author-role=\"assistant\" data-message-id=\"55a23854-ec57-48dd-bd4f-6118f43d6241\" data-message-model-slug=\"gpt-4o\">\n<div class=\"flex w-full flex-col gap-1 empty:hidden first:pt-[3px]\">\n<div class=\"markdown prose w-full break-words dark:prose-invert light\"><\/div>\n<\/div>\n<\/div>\n<\/div>\n<\/div>\n<\/div>\n<\/div>\n<\/div>\n<\/article>\n<\/div>\n<\/div>\n<\/div>\n<\/div>\n<\/div>\n<\/div>\n<\/div>\n<\/div>\n<\/div>\n<\/div>\n<\/article>\n<h3>Kod\u0117l verta rinktis \"Vapestornado\" didmeniniam \"Bang Leader 32k 32000 Puffs Recharge Vape\" u\u017esakymui?<\/h3>\n<div class=\"flex-shrink-0 flex flex-col relative items-end\">\n<div class=\"pt-0\">\n<div class=\"gizmo-bot-avatar flex h-8 w-8 items-center justify-center overflow-hidden rounded-full\">\n<div class=\"relative p-1 rounded-sm flex items-center justify-center bg-token-main-surface-primary text-token-text-primary h-8 w-8\">\n<p data-start=\"75\" data-end=\"479\">Kalbant apie auk\u0161t\u0105 kokyb\u0119<strong data-start=\"92\" data-end=\"117\">\u00a0vienkartiniai garintuvai<\/strong>, <strong data-start=\"119\" data-end=\"152\">internetiniame garintuv\u0173 parduotuv\u0117je \u201eVapestornado\u201c<\/strong> yra geriausia vieta <strong data-start=\"182\" data-end=\"202\">didmeniniams pirk\u0117jams<\/strong> ie\u0161kantiems <strong data-start=\"215\" data-end=\"257\">prieinamos kainos ir auk\u0161\u010diausios kokyb\u0117s<\/strong>. Mes si\u016blome <strong data-start=\"268\" data-end=\"299\">i\u0161skirtines didmenines kainas<\/strong> u\u017e \"Bang Leader 50000 Puffs\", leid\u017eian\u010dias ma\u017emenininkams ir platintojams \u012fsigyti vien\u0105 i\u0161 paklausiausi\u0173 <strong data-start=\"412\" data-end=\"445\">\u012fkraunamas <a href=\"https:\/\/vapestornado.com\/lt\/product-category\/digital-box-disposable-vapes\/\">vienkartiniai garintuvai<\/a><\/strong> su <strong data-start=\"453\" data-end=\"476\">skaitmeninis ekranas<\/strong>.<\/p>\n<\/div>\n<div class=\"relative p-1 rounded-sm flex items-center justify-center bg-token-main-surface-primary text-token-text-primary h-8 w-8\">\n<h3>DUK apie \"Bang Leader 32k Puffs\" vienkartin\u0119 e-cigaret\u0119<\/h3>\n<p data-start=\"2331\" data-end=\"2555\"><strong data-start=\"2331\" data-end=\"2395\">1. Kaip veikia \"Bang Leader 32000 Puffs Dual Pods\" garintuvas?<\/strong><br data-start=\"2395\" data-end=\"2398\" \/>\u0160is prietaisas turi <strong data-start=\"2419\" data-end=\"2464\">dviem atskirais e-skys\u010dio bakais (28ml + 28ml)<\/strong> ir <strong data-start=\"2471\" data-end=\"2495\">skoni\u0173 perjungimo mygtuk\u0105<\/strong>, leid\u017eiant\u012f akimirksniu keisti du skonius.<\/p>\n<p data-start=\"2557\" data-end=\"2762\"><strong data-start=\"2557\" data-end=\"2613\">2. Ar \"Bang Leader 32000 Puffs\" garintuvas yra pakraunamas?<\/strong><br data-start=\"2613\" data-end=\"2616\" \/>Taip! Jis tiekiamas su <strong data-start=\"2637\" data-end=\"2668\">650mAh \u012fkraunama baterija<\/strong> ir <strong data-start=\"2673\" data-end=\"2692\">Type-C \u012fkrovimu<\/strong>, tod\u0117l galite sunaudoti vis\u0105 e-skyst\u012f prie\u0161 pakeisdami prietais\u0105.<\/p>\n<p data-start=\"2764\" data-end=\"2911\"><strong data-start=\"2764\" data-end=\"2808\">3. K\u0105 rodo skaitmeninis ekranas?<\/strong><br data-start=\"2808\" data-end=\"2811\" \/>\u0160is <strong data-start=\"2815\" data-end=\"2872\">skaitmeninis ekranas rodo baterijos \u012fkrovos lyg\u012f ir e-skys\u010dio kiek\u012f<\/strong>, tod\u0117l lengva steb\u0117ti savo naudojim\u0105.<\/p>\n<p data-start=\"2913\" data-end=\"3094\"><strong data-start=\"2913\" data-end=\"2947\">4. Kokie skoniai yra prieinami?<\/strong><br data-start=\"2947\" data-end=\"2950\" \/>Yra <strong data-start=\"2960\" data-end=\"2998\">12 unikali\u0173 dvigub\u0173 skoni\u0173 kombinacij\u0173<\/strong>, \u012fskaitant vaisi\u0173, ledinius ir energini\u0173 g\u0117rim\u0173 \u012fkv\u0117ptus mi\u0161inius, suteikian\u010dius garintojams \u012fvairiapus\u0119 patirt\u012f.<\/p>\n<p data-start=\"3096\" data-end=\"3339\"><strong data-start=\"3096\" data-end=\"3173\">5. Kur galiu nusipirkti \"Bang Leader 32000 Puffs\" garintuv\u0105 didmenine kaina?<\/strong><br data-start=\"3173\" data-end=\"3176\" \/>D\u0117l <strong data-start=\"3180\" data-end=\"3225\">didmeniniai u\u017esakymai ir geriausios didmenin\u0117s kainos<\/strong>, apsilankykite <strong data-start=\"3233\" data-end=\"3266\">internetiniame garintuv\u0173 parduotuv\u0117je \u201eVapestornado\u201c<\/strong>, j\u016bs\u0173 patikimas \u0161altinis <strong data-start=\"3292\" data-end=\"3336\">\u012fperkamas \u012fkraunamas vienkartines elektronines cigaretes<\/strong>.<\/p>\n<\/div>\n<\/div>\n<\/div>\n<\/div>","protected":false},"excerpt":{"rendered":"<p>Bang Leader 32K Dual Flavors Box Vape Gamyklos kaina<br \/>\nBang Leader 32000 Puffs Dual Pods Dvigubo skonio kaina su nuolaida<br \/>\nBang 32000 Puffs \u012ekraunama E-cigaret\u0117 Vienkartinis Vape Didmenin\u0117 prekyba<\/p>\n<p><strong>Prid\u0117kite Amy's whatsapp, kad gautum\u0117te tinkam\u0105 atsakym\u0105 ir nuolaidos kain\u0105!<\/strong><\/p>\n<p><img fetchpriority=\"high\" decoding=\"async\" class=\"size-full wp-image-2932\" src=\"https:\/\/vapestornado.com\/wp-content\/uploads\/2024\/12\/Vape-Wholesale.jpg\" alt=\"Garintuvai Didmenin\u0117 prekyba\" width=\"229\" height=\"300\" \/><\/p>\n<h3><a href=\"https:\/\/wa.me\/8617776015835\"><span style=\"color: #ff0000;\"><strong>WhatsApp: +86 17776015835<\/strong><\/span><\/a><\/h3>\n<p>&nbsp;<\/p>","protected":false},"featured_media":3882,"comment_status":"open","ping_status":"closed","template":"","meta":{"_acf_changed":false,"_uag_custom_page_level_css":"","_lmt_disableupdate":"no","_lmt_disable":"","_monsterinsights_skip_tracking":false,"_monsterinsights_sitenote_active":false,"_monsterinsights_sitenote_note":"","_monsterinsights_sitenote_category":0,"site-sidebar-layout":"default","site-content-layout":"","ast-site-content-layout":"default","site-content-style":"default","site-sidebar-style":"default","ast-global-header-display":"","ast-banner-title-visibility":"","ast-main-header-display":"","ast-hfb-above-header-display":"","ast-hfb-below-header-display":"","ast-hfb-mobile-header-display":"","site-post-title":"","ast-breadcrumbs-content":"","ast-featured-img":"","footer-sml-layout":"","ast-disable-related-posts":"","theme-transparent-header-meta":"default","adv-header-id-meta":"","stick-header-meta":"","header-above-stick-meta":"","header-main-stick-meta":"","header-below-stick-meta":"","astra-migrate-meta-layouts":"set","ast-page-background-enabled":"default","ast-page-background-meta":{"desktop":{"background-color":"","background-image":"","background-repeat":"repeat","background-position":"center center","background-size":"auto","background-attachment":"scroll","background-type":"","background-media":"","overlay-type":"","overlay-color":"","overlay-opacity":"","overlay-gradient":""},"tablet":{"background-color":"","background-image":"","background-repeat":"repeat","background-position":"center center","background-size":"auto","background-attachment":"scroll","background-type":"","background-media":"","overlay-type":"","overlay-color":"","overlay-opacity":"","overlay-gradient":""},"mobile":{"background-color":"","background-image":"","background-repeat":"repeat","background-position":"center center","background-size":"auto","background-attachment":"scroll","background-type":"","background-media":"","overlay-type":"","overlay-color":"","overlay-opacity":"","overlay-gradient":""}},"ast-content-background-meta":{"desktop":{"background-color":"var(--ast-global-color-5)","background-image":"","background-repeat":"repeat","background-position":"center center","background-size":"auto","background-attachment":"scroll","background-type":"","background-media":"","overlay-type":"","overlay-color":"","overlay-opacity":"","overlay-gradient":""},"tablet":{"background-color":"var(--ast-global-color-5)","background-image":"","background-repeat":"repeat","background-position":"center center","background-size":"auto","background-attachment":"scroll","background-type":"","background-media":"","overlay-type":"","overlay-color":"","overlay-opacity":"","overlay-gradient":""},"mobile":{"background-color":"var(--ast-global-color-5)","background-image":"","background-repeat":"repeat","background-position":"center center","background-size":"auto","background-attachment":"scroll","background-type":"","background-media":"","overlay-type":"","overlay-color":"","overlay-opacity":"","overlay-gradient":""}},"_joinchat":{"telephone":"17776015835"}},"product_brand":[],"product_cat":[19,262,278,153,158,143,146],"product_tag":[261,260,473,196,94,240,93],"class_list":{"0":"post-3888","1":"product","2":"type-product","3":"status-publish","4":"has-post-thumbnail","6":"product_cat-vapes","7":"product_cat-32000-puff","8":"product_cat-bang-leader-vape","9":"product_cat-buy-disposable-vapes-in-italy","10":"product_cat-buy-disposable-vapes-in-spain","11":"product_cat-dual-mesh-disposable-vapes","12":"product_cat-rechargeable-disposable-vapes","13":"product_tag-2-in-1-double-flavor-vape","14":"product_tag-bang-leader-32000","15":"product_tag-bang-leader-32k","16":"product_tag-bang-vape","17":"product_tag-rechargeable-disposable-vape","18":"product_tag-twins-flavor-disposable-vape","19":"product_tag-vape-wholesale","20":"desktop-align-left","21":"tablet-align-left","22":"mobile-align-left","24":"first","25":"instock","26":"sale","27":"shipping-taxable","28":"purchasable","29":"product-type-simple"},"acf":[],"uagb_featured_image_src":{"full":["https:\/\/vapestornado.com\/wp-content\/uploads\/2025\/03\/Bang-Leader-32K-Dual-Flavors-Box-Vape.webp",800,800,false],"thumbnail":["https:\/\/vapestornado.com\/wp-content\/uploads\/2025\/03\/Bang-Leader-32K-Dual-Flavors-Box-Vape-150x150.webp",150,150,true],"medium":["https:\/\/vapestornado.com\/wp-content\/uploads\/2025\/03\/Bang-Leader-32K-Dual-Flavors-Box-Vape-300x300.webp",300,300,true],"medium_large":["https:\/\/vapestornado.com\/wp-content\/uploads\/2025\/03\/Bang-Leader-32K-Dual-Flavors-Box-Vape-768x768.webp",768,768,true],"large":["https:\/\/vapestornado.com\/wp-content\/uploads\/2025\/03\/Bang-Leader-32K-Dual-Flavors-Box-Vape.webp",800,800,false],"1536x1536":["https:\/\/vapestornado.com\/wp-content\/uploads\/2025\/03\/Bang-Leader-32K-Dual-Flavors-Box-Vape.webp",800,800,false],"2048x2048":["https:\/\/vapestornado.com\/wp-content\/uploads\/2025\/03\/Bang-Leader-32K-Dual-Flavors-Box-Vape.webp",800,800,false],"trp-custom-language-flag":["https:\/\/vapestornado.com\/wp-content\/uploads\/2025\/03\/Bang-Leader-32K-Dual-Flavors-Box-Vape.webp",12,12,false],"woocommerce_thumbnail":["https:\/\/vapestornado.com\/wp-content\/uploads\/2025\/03\/Bang-Leader-32K-Dual-Flavors-Box-Vape-300x300.webp",300,300,true],"woocommerce_single":["https:\/\/vapestornado.com\/wp-content\/uploads\/2025\/03\/Bang-Leader-32K-Dual-Flavors-Box-Vape-600x600.webp",600,600,true],"woocommerce_gallery_thumbnail":["https:\/\/vapestornado.com\/wp-content\/uploads\/2025\/03\/Bang-Leader-32K-Dual-Flavors-Box-Vape-100x100.webp",100,100,true]},"uagb_author_info":{"display_name":"ESAMY","author_link":"https:\/\/vapestornado.com\/lt\/author\/"},"uagb_comment_info":0,"uagb_excerpt":"Bang Leader 32K Dual Flavors Box Vape Factory Price Bang Leader 32000 Puffs Dual Pods Double Flavors Discount Price Bang 32000 Puffs Rechargeable E-Cigarette Disposable Vape Wholesale Add Amy's whatsapp to get right reply and discount price! WhatsApp: +86 17776015835 &nbsp;","_links":{"self":[{"href":"https:\/\/vapestornado.com\/lt\/wp-json\/wp\/v2\/product\/3888","targetHints":{"allow":["GET"]}}],"collection":[{"href":"https:\/\/vapestornado.com\/lt\/wp-json\/wp\/v2\/product"}],"about":[{"href":"https:\/\/vapestornado.com\/lt\/wp-json\/wp\/v2\/types\/product"}],"replies":[{"embeddable":true,"href":"https:\/\/vapestornado.com\/lt\/wp-json\/wp\/v2\/comments?post=3888"}],"wp:featuredmedia":[{"embeddable":true,"href":"https:\/\/vapestornado.com\/lt\/wp-json\/wp\/v2\/media\/3882"}],"wp:attachment":[{"href":"https:\/\/vapestornado.com\/lt\/wp-json\/wp\/v2\/media?parent=3888"}],"wp:term":[{"taxonomy":"product_brand","embeddable":true,"href":"https:\/\/vapestornado.com\/lt\/wp-json\/wp\/v2\/product_brand?post=3888"},{"taxonomy":"product_cat","embeddable":true,"href":"https:\/\/vapestornado.com\/lt\/wp-json\/wp\/v2\/product_cat?post=3888"},{"taxonomy":"product_tag","embeddable":true,"href":"https:\/\/vapestornado.com\/lt\/wp-json\/wp\/v2\/product_tag?post=3888"}],"curies":[{"name":"wp","href":"https:\/\/api.w.org\/{rel}","templated":true}]}}