{"id":3863,"date":"2025-03-17T02:44:11","date_gmt":"2025-03-17T02:44:11","guid":{"rendered":"https:\/\/vapestornado.com\/?post_type=product&#038;p=3863"},"modified":"2025-08-22T11:44:19","modified_gmt":"2025-08-22T11:44:19","slug":"factory-wholesale-waspe-tornado-15000-puff-15k-vape-pen-kit","status":"publish","type":"product","link":"https:\/\/vapestornado.com\/lt\/product\/factory-wholesale-waspe-tornado-15000-puff-15k-vape-pen-kit\/","title":{"rendered":"Gamyklos didmenin\u0117 prekyba \u201eWaspe Tornado 15000\u201c \u012ftraukim\u0173 15K garintuvo rinkinys"},"content":{"rendered":"<h1 data-pm-slice=\"1 1 []\">Gamyklos didmenin\u0117 prekyba \u201eWaspe Tornado 15000\u201c \u012ftraukim\u0173 15K garintuvo rinkinys<\/h1>\n<h3 data-start=\"0\" data-end=\"98\"><strong data-start=\"4\" data-end=\"96\">Gamyklin\u0117 didmenin\u0117 prekyba \u201eWaspe Tornado Puff 15000\u201c elektronini\u0173 cigare\u010di\u0173 rinkiniu \u2013 \u012fkraunamas<\/strong><\/h3>\n<p data-start=\"100\" data-end=\"562\">\u0160is <strong data-start=\"302\" data-end=\"343\">\u201eWaspe Tornado 15000\u201c \u012ftraukim\u0173 elektronin\u0117 cigaret\u0117<\/strong> yra suprojektuota siekiant na\u0161umo, patogumo ir didmenin\u0117s vert\u0117s. Su <strong data-start=\"416\" data-end=\"442\">22 ml e. skys\u010dio talpa<\/strong> ir iki <strong data-start=\"453\" data-end=\"469\">15 000 \u012ftraukim\u0173<\/strong>u\u017etikrina ilg\u0105 naudojim\u0105, tod\u0117l tai yra puikus pasirinkimas tiek ma\u017emenininkams, tiek galutiniams vartotojams.<\/p>\n<h4 data-start=\"564\" data-end=\"618\"><strong data-start=\"569\" data-end=\"616\">15000 \u012ftraukim\u0173 \u2013 ilgesnis garinimo pasitenkinimas<\/strong><\/h4>\n<p data-start=\"619\" data-end=\"834\">Su \u012fsp\u016bdingu <strong data-start=\"638\" data-end=\"665\">15 000 \u012ftraukim\u0173 viename \u012frenginyje<\/strong>, \u201eWaspe Tornado 15K\u201c u\u017etikrina <strong data-start=\"697\" data-end=\"717\">ilgalaik\u012f naudojim\u0105<\/strong>, tod\u0117l tai yra ekonomi\u0161kas pasirinkimas tiek <strong data-start=\"762\" data-end=\"793\">atsitiktiniams garintojams, tiek ma\u017emenininkams<\/strong> ie\u0161kantiems <strong data-start=\"806\" data-end=\"831\">didmeninius vienkartinius garintuvus<\/strong>.<\/p>\n<h4 data-start=\"836\" data-end=\"895\"><strong data-start=\"841\" data-end=\"893\">\u012ekraunama 850 mAh baterija \u2013 jokio i\u0161\u0161vaistyto e. skys\u010dio<\/strong><\/h4>\n<p data-start=\"896\" data-end=\"1166\">Skirtingai nuo tradicini\u0173 vienkartini\u0173, \u0161is <strong data-start=\"933\" data-end=\"961\">garinimo \u012frenginys yra \u012fkraunamas<\/strong>, tod\u0117l galite m\u0117gautis kiekvienu <strong data-start=\"999\" data-end=\"1027\">22 ml i\u0161 anksto u\u017epildyto e. skys\u010dio la\u0161u<\/strong>. <strong data-start=\"1033\" data-end=\"1051\">850 mAh baterija<\/strong> u\u017etikrina patikim\u0105 gali\u0105, o su <strong data-start=\"1086\" data-end=\"1110\">C tipo greit\u0105j\u012f \u012fkrovim\u0105<\/strong>, praleisite ma\u017eiau laiko laukdami ir daugiau laiko garindami.<\/p>\n<h4 data-start=\"1168\" data-end=\"1216\"><strong data-start=\"1173\" data-end=\"1214\">LCD skaitmeninis ekranas \u2013 valdykite situacij\u0105<\/strong><\/h4>\n<p data-start=\"1217\" data-end=\"1406\">Pamir\u0161kite sp\u0117liojimus, kada reikia \u012fkrauti! Integruotas <strong data-start=\"1274\" data-end=\"1288\">LCD ekranas<\/strong> pateikia jums realaus laiko atnaujinimus apie j\u016bs\u0173 <strong data-start=\"1325\" data-end=\"1361\">baterijos \u012fkrov\u0105 ir e-skys\u010dio lyg\u012f<\/strong>, u\u017etikrinant\u012f patog\u0173 garinimo patirt\u012f.<\/p>\n<h4 data-start=\"1408\" data-end=\"1475\"><strong data-start=\"1413\" data-end=\"1473\">Tinklelio rit\u0117s technologija \u2013 maksimalus skonis<\/strong><\/h4>\n<p data-start=\"1476\" data-end=\"1716\">\u012erengtas <strong data-start=\"1493\" data-end=\"1515\">pa\u017eangi tinklelio rit\u0117<\/strong>, \u201eWaspe 15000\u201c suteikia <strong data-start=\"1542\" data-end=\"1571\">sodrius, pilno skonio skonius<\/strong> su kiekvienu \u012fkv\u0117pimu. Nesvarbu, ar jums patinka <strong data-start=\"1606\" data-end=\"1645\">vaisiniai, lediniai ar soda \u012fkv\u0117pti garai<\/strong>, <strong data-start=\"1651\" data-end=\"1674\">12 skoni\u0173 pasirinkimas<\/strong> u\u017etikrina, kad kiekvienas rast\u0173 ka\u017ek\u0105 sau.<\/p>\n<h4 data-start=\"1718\" data-end=\"1773\"><strong data-start=\"1723\" data-end=\"1771\">Nikotino stiprumo pasirinkimai \u2013 0%, 2%, 3%,<\/strong><\/h4>\n<p data-start=\"1774\" data-end=\"1901\">\u201eWaspe Tornado 15000\u201c, skirtas visiems garintojams, si\u016blo <strong data-start=\"1829\" data-end=\"1867\">kelis nikotino stiprumo pasirinkimus<\/strong> kad atitikt\u0173 skirtingus pageidavimus:<\/p>\n<ul data-start=\"1902\" data-end=\"2150\">\n<li data-start=\"1902\" data-end=\"1992\"><strong data-start=\"1904\" data-end=\"1926\">0% (be nikotino)<\/strong> \u2013 Idealiai tinka skonio m\u0117g\u0117jams, kurie nori grynos, \u0161velnios patirties.<\/li>\n<li data-start=\"1993\" data-end=\"2059\"><strong data-start=\"1995\" data-end=\"2006\">2%<\/strong> \u2013 Subalansuotas nikotino stiprumas vidutiniams garintojams.<\/li>\n<li data-start=\"2060\" data-end=\"2150\"><strong data-start=\"2062\" data-end=\"2075\">5% (50 mg)<\/strong> \u2013 Stiprus nikotino sm\u016bgis tiems, kurie m\u0117gsta intensyvesn\u012f garinimo seans\u0105.<\/li>\n<\/ul>\n<h4 data-start=\"2152\" data-end=\"2204\"><strong data-start=\"2157\" data-end=\"2202\">Didmenin\u0117s kainos<\/strong><\/h4>\n<p data-start=\"2205\" data-end=\"2410\">Puikiai tinka elektronini\u0173 cigare\u010di\u0173 parduotuvi\u0173 savininkams, platintojams ir didmeniniams pirk\u0117jams, \u201eWaspe Tornado Puff 15000\u201c galima \u012fsigyti <strong data-start=\"2311\" data-end=\"2335\">\u017eemas didmenines kainas<\/strong>. U\u017esisakykite dideliais kiekiais ir <strong data-start=\"2355\" data-end=\"2407\">\u012fsigykite auk\u0161\u010diausios kokyb\u0117s vienkartines elektronines cigaretes u\u017e neprilygstam\u0105 kain\u0105<\/strong>.<\/p>\n<p><strong><span style=\"color: #ff0000;\">Prid\u0117kite Amy WhatsApp, kad gautum\u0117te tinkam\u0105 atsakym\u0105 ir nuolaid\u0105!<\/span><\/strong><\/p>\n<p><img fetchpriority=\"high\" decoding=\"async\" class=\"size-full wp-image-2932\" src=\"https:\/\/vapestornado.com\/wp-content\/uploads\/2024\/12\/Vape-Wholesale.jpg\" alt=\"Garintuvai Didmenin\u0117 prekyba\" width=\"229\" height=\"300\" \/><\/p>\n<h3><a href=\"https:\/\/wa.me\/8617776015835\" target=\"_blank\" rel=\"noopener\"><span style=\"color: #ff0000;\"><strong>WhatsApp: +86 17776015835<\/strong><\/span><\/a><\/h3>\n<p>&nbsp;<\/p>\n<h2><strong>Pagrindin\u0117s \u201eWaspe Tornado 15000 Puff\u201c gaminio savyb\u0117s<\/strong><\/h2>\n<p>Prek\u0117s \u017eenklas: WASPE<br \/>\nP\u016btimai: 15000<br \/>\nBaterija: 850 mAh \u012fkraunama<br \/>\nEkranas: LED skaitmeninis ekranas<br \/>\nNikotinas: 0%, 2%, 3%, 5%<br \/>\nSkys\u010dio talpa: 22 ml<br \/>\nRit\u0117: Tinklelio rit\u0117<\/p>\n<figure id=\"attachment_3847\" aria-describedby=\"caption-attachment-3847\" style=\"width: 800px\" class=\"wp-caption alignnone\"><img decoding=\"async\" class=\"wp-image-3847 size-full\" src=\"https:\/\/vapestornado.com\/wp-content\/uploads\/2025\/03\/Tornado-15k-Puff-Waspe-Vape.webp\" alt=\"\u201eTornado 15k Puff Waspe\u201c elektronin\u0117 cigaret\u0117\" width=\"800\" height=\"800\" srcset=\"https:\/\/vapestornado.com\/wp-content\/uploads\/2025\/03\/Tornado-15k-Puff-Waspe-Vape.webp 800w, https:\/\/vapestornado.com\/wp-content\/uploads\/2025\/03\/Tornado-15k-Puff-Waspe-Vape-300x300.webp 300w, https:\/\/vapestornado.com\/wp-content\/uploads\/2025\/03\/Tornado-15k-Puff-Waspe-Vape-150x150.webp 150w, https:\/\/vapestornado.com\/wp-content\/uploads\/2025\/03\/Tornado-15k-Puff-Waspe-Vape-768x768.webp 768w, https:\/\/vapestornado.com\/wp-content\/uploads\/2025\/03\/Tornado-15k-Puff-Waspe-Vape-600x600.webp 600w, https:\/\/vapestornado.com\/wp-content\/uploads\/2025\/03\/Tornado-15k-Puff-Waspe-Vape-100x100.webp 100w\" sizes=\"(max-width: 800px) 100vw, 800px\" \/><figcaption id=\"caption-attachment-3847\" class=\"wp-caption-text\">\u201eTornado 15k Puff Waspe\u201c elektronin\u0117 cigaret\u0117<\/figcaption><\/figure>\n<h2 class=\"product-title\"><strong>\u201eWaspe Tornado 15k Smart Vape\u201c skoni\u0173 s\u0105ra\u0161as<\/strong><\/h2>\n<article class=\"group\/turn w-full text-token-text-primary focus-visible:outline-2 focus-visible:outline-offset-[-4px]\" dir=\"auto\" data-testid=\"conversation-turn-61\" data-scroll-anchor=\"true\">\n<div class=\"text-base my-auto mx-auto py-[18px] px-6\">\n<div class=\"mx-auto flex flex-1 text-base gap-4 md:gap-5 lg:gap-6 md:max-w-3xl lg:max-w-[40rem] xl:max-w-[48rem]\">\n<div class=\"group\/conversation-turn relative flex w-full min-w-0 flex-col agent-turn @xs\/thread:px-0 @sm\/thread:px-1.5 @md\/thread:px-4\">\n<div class=\"flex-col gap-1 md:gap-3\">\n<div class=\"flex max-w-full flex-col flex-grow\">\n<div class=\"min-h-8 text-message relative flex w-full flex-col items-end gap-2 whitespace-normal break-words text-start [.text-message+&amp;]:mt-5\" dir=\"auto\" data-message-author-role=\"assistant\" data-message-id=\"762d7e41-70d5-4ddf-94cb-85ef5025d3a8\" data-message-model-slug=\"gpt-4o\">\n<div class=\"flex w-full flex-col gap-1 empty:hidden first:pt-[3px]\">\n<div class=\"markdown prose w-full break-words dark:prose-invert light\">\n<p>1. Arb\u016bz\u0173 ledas <strong><span style=\"color: #ff0000;\">&gt;&gt;&gt;&gt; Kar\u0161ta!<\/span><\/strong><br \/>\n2. Bra\u0161ki\u0173 arb\u016bzas <strong><span style=\"color: #ff0000;\">&gt;&gt;&gt;&gt; Kar\u0161ta!<\/span><\/strong><br \/>\n3. Apelsin\u0173 soda<br \/>\n4. Dvigubas obuolys<br \/>\n5. Bra\u0161ki\u0173 kivis <strong><span style=\"color: #ff0000;\">&gt;&gt;&gt;&gt; Kar\u0161ta!<\/span><\/strong><br \/>\n6. Vy\u0161ni\u0173 ledas<br \/>\n7. Alavij\u0173 vynuog\u0117s<br \/>\n8. Mi\u0161rios uogos <strong><span style=\"color: #ff0000;\">&gt;&gt;&gt;&gt; Geriausia!<\/span><\/strong><br \/>\n9. M\u0117lyni\u0173 ledas<br \/>\n10. Bra\u0161ki\u0173 mango <strong><span style=\"color: #ff0000;\">&gt;&gt;&gt;&gt; Kar\u0161ta!<\/span><\/strong><br \/>\n11. M\u0117lyni\u0173 avie\u010di\u0173 citrina<br \/>\n12. Persik\u0173 ledas <strong><span style=\"color: #ff0000;\">&gt;&gt;&gt;&gt; Kar\u0161ta!<\/span><\/strong><\/p>\n<\/div>\n<\/div>\n<\/div>\n<\/div>\n<\/div>\n<\/div>\n<\/div>\n<\/div>\n<\/article>\n<article class=\"w-full text-token-text-primary focus-visible:outline-2 focus-visible:outline-offset-[-4px]\" dir=\"auto\" data-testid=\"conversation-turn-32\" data-scroll-anchor=\"false\">\n<div class=\"m-auto text-base py-[18px] px-6\">\n<div class=\"mx-auto flex flex-1 text-base gap-4 md:gap-5 lg:gap-6 md:max-w-3xl lg:max-w-[40rem] xl:max-w-[48rem]\">\n<div class=\"group\/conversation-turn relative flex w-full min-w-0 flex-col @xs\/thread:px-0 @sm\/thread:px-1.5 @md\/thread:px-4\">\n<div class=\"flex-col gap-1 md:gap-3\">\n<div class=\"flex max-w-full flex-col flex-grow\">\n<div class=\"min-h-8 text-message flex w-full flex-col items-end gap-2 whitespace-normal break-words text-start [.text-message+&amp;]:mt-5\" dir=\"auto\" data-message-author-role=\"user\" data-message-id=\"ffac41ca-1db4-431b-873a-32c4052956f1\">\n<div class=\"flex w-full flex-col gap-1 empty:hidden items-end rtl:items-start\">\n<div class=\"relative max-w-[var(--user-chat-width,70%)] rounded-3xl bg-token-message-surface px-5 py-2.5\">\n<div class=\"absolute bottom-0 right-full top-0 -mr-3.5 hidden pr-5 pt-2 [.group\/conversation-turn:hover_&amp;]:flex\">\n<div class=\"flex\">\n<article class=\"w-full text-token-text-primary focus-visible:outline-2 focus-visible:outline-offset-[-4px]\" dir=\"auto\" data-testid=\"conversation-turn-39\" data-scroll-anchor=\"true\">\n<div class=\"m-auto text-base py-[18px] px-6\">\n<div class=\"mx-auto flex flex-1 text-base gap-4 md:gap-5 lg:gap-6 md:max-w-3xl lg:max-w-[40rem] xl:max-w-[48rem]\">\n<div class=\"group\/conversation-turn relative flex w-full min-w-0 flex-col agent-turn @xs\/thread:px-0 @sm\/thread:px-1.5 @md\/thread:px-4\">\n<div class=\"flex-col gap-1 md:gap-3\">\n<div class=\"flex max-w-full flex-col flex-grow\">\n<div class=\"min-h-8 text-message flex w-full flex-col items-end gap-2 whitespace-normal break-words text-start [.text-message+&amp;]:mt-5\" dir=\"auto\" data-message-author-role=\"assistant\" data-message-id=\"55a23854-ec57-48dd-bd4f-6118f43d6241\" data-message-model-slug=\"gpt-4o\">\n<div class=\"flex w-full flex-col gap-1 empty:hidden first:pt-[3px]\">\n<div class=\"markdown prose w-full break-words dark:prose-invert light\"><\/div>\n<\/div>\n<\/div>\n<\/div>\n<\/div>\n<\/div>\n<\/div>\n<\/div>\n<\/article>\n<\/div>\n<\/div>\n<\/div>\n<\/div>\n<\/div>\n<\/div>\n<\/div>\n<\/div>\n<\/div>\n<\/div>\n<\/article>\n<h3>Kod\u0117l verta rinktis \u201eVapestornado\u201c didmeniniam \u201eWaspe Tornado 15k Digital Vape\u201c u\u017esakymui?<\/h3>\n<div class=\"flex-shrink-0 flex flex-col relative items-end\">\n<div class=\"pt-0\">\n<div class=\"gizmo-bot-avatar flex h-8 w-8 items-center justify-center overflow-hidden rounded-full\">\n<div class=\"relative p-1 rounded-sm flex items-center justify-center bg-token-main-surface-primary text-token-text-primary h-8 w-8\">\n<p data-start=\"75\" data-end=\"479\">Kai kalbama apie <strong data-start=\"92\" data-end=\"117\">didmeninius vienkartinius garintuvus<\/strong>, <strong data-start=\"119\" data-end=\"152\">internetiniame garintuv\u0173 parduotuv\u0117je \u201eVapestornado\u201c<\/strong> yra geriausia vieta <strong data-start=\"182\" data-end=\"202\">didmeniniams pirk\u0117jams<\/strong> ie\u0161kantiems <strong data-start=\"215\" data-end=\"257\">prieinamos kainos ir auk\u0161\u010diausios kokyb\u0117s<\/strong>. Mes si\u016blome <strong data-start=\"268\" data-end=\"299\">i\u0161skirtines didmenines kainas<\/strong> ant <strong data-start=\"307\" data-end=\"333\">WASPE 15000 \u012ftraukim\u0173 vape<\/strong>, leid\u017eiant ma\u017emenininkams ir platintojams apsir\u016bpinti vienu paklausiausi\u0173 <strong data-start=\"412\" data-end=\"445\">\u012fkraunam\u0173 vienkartini\u0173 vape<\/strong> su <strong data-start=\"453\" data-end=\"476\">skaitmeninis LCD ekranas<\/strong>.<\/p>\n<\/div>\n<div class=\"relative p-1 rounded-sm flex items-center justify-center bg-token-main-surface-primary text-token-text-primary h-8 w-8\">\n<h3>DUK apie \u201eWaspe Tornado 15k\u201c vienkartin\u0119 elektronin\u0119 cigaret\u0119<\/h3>\n<p data-start=\"2462\" data-end=\"2654\"><strong data-start=\"2462\" data-end=\"2522\">1. Kiek laiko veikia \u201eWaspe Tornado Puff 15000 Vape\u201c?<\/strong><br data-start=\"2522\" data-end=\"2525\" \/>Su <strong data-start=\"2530\" data-end=\"2557\">15 000 \u012ftraukim\u0173 viename \u012frenginyje<\/strong>, \u0161i elektronin\u0117 cigaret\u0117 sukurta ilgam naudojimui. Tikrasis tarnavimo laikas priklauso nuo j\u016bs\u0173 garinimo da\u017enumo.<\/p>\n<p data-start=\"2656\" data-end=\"2835\"><strong data-start=\"2656\" data-end=\"2706\">2. Ar \u201eWaspe 15000 Puffs Vape\u201c yra \u012fkraunamas?<\/strong><br data-start=\"2706\" data-end=\"2709\" \/>Taip! Jame yra <strong data-start=\"2729\" data-end=\"2760\">850mAh \u012fkraunama baterija<\/strong> su <strong data-start=\"2766\" data-end=\"2785\">Type-C \u012fkrovimu<\/strong>, u\u017etikrinantis maksimal\u0173 efektyvum\u0105 ir minimalias atliekas.<\/p>\n<p data-start=\"2837\" data-end=\"3005\"><strong data-start=\"2837\" data-end=\"2875\">3. K\u0105 rodo LCD ekranas?<\/strong><br data-start=\"2875\" data-end=\"2878\" \/>\u0160is <strong data-start=\"2882\" data-end=\"2896\">LCD ekranas<\/strong> pateikia realaus laiko atnaujinimus apie <strong data-start=\"2927\" data-end=\"2963\">baterijos \u012fkrov\u0105 ir e-skys\u010dio lyg\u012f<\/strong>, tod\u0117l lengva steb\u0117ti savo \u012frengin\u012f.<\/p>\n<p data-start=\"3007\" data-end=\"3175\"><strong data-start=\"3007\" data-end=\"3052\">4. Koki\u0173 nikotino stiprum\u0173 yra?<\/strong><br data-start=\"3052\" data-end=\"3055\" \/>\u0160is garintuvas b\u016bna <strong data-start=\"3074\" data-end=\"3115\">0%, 2%, 3% ir 5% nikotino stiprumo<\/strong>, leid\u017eiantis vartotojams pasirinkti pageidaujam\u0105 nikotino lyg\u012f.<\/p>\n<p data-start=\"3177\" data-end=\"3407\"><strong data-start=\"3177\" data-end=\"3244\">5. Kur galiu nusipirkti \u201eWaspe Tornado 15000\u201c didmenin\u0117mis kainomis?<\/strong><br data-start=\"3244\" data-end=\"3247\" \/>D\u0117l <strong data-start=\"3251\" data-end=\"3293\">dideli pirkimai ir didmenin\u0117s nuolaidos<\/strong>, apsilankykite <strong data-start=\"3301\" data-end=\"3334\">internetiniame garintuv\u0173 parduotuv\u0117je \u201eVapestornado\u201c<\/strong>, j\u016bs\u0173 patikimas \u0161altinis <strong data-start=\"3360\" data-end=\"3404\">\u012fperkamas \u012fkraunamas vienkartines elektronines cigaretes<\/strong>.<\/p>\n<\/div>\n<\/div>\n<\/div>\n<\/div>","protected":false},"excerpt":{"rendered":"<p>Didmenin\u0117 prekyba \u201eWaspe Tornado 15000 Puff\u201c vienkartiniais elektroniniais cigaret\u0117mis su ma\u017eu nikotino kiekiu<br \/>\n\u201eWaspe Tornado 15K\u201c vienkartini\u0173 elektronini\u0173 cigare\u010di\u0173 rinkinys, gamyklos kaina<br \/>\n\u201eWASPE 15000\u201c skaitmeninio ekrano vienkartinis priedas, geriausias skonis parduodamas<\/p>\n<p><strong>Prid\u0117kite Amy's whatsapp, kad gautum\u0117te tinkam\u0105 atsakym\u0105 ir nuolaidos kain\u0105!<\/strong><\/p>\n<p><img fetchpriority=\"high\" decoding=\"async\" class=\"size-full wp-image-2932\" src=\"https:\/\/vapestornado.com\/wp-content\/uploads\/2024\/12\/Vape-Wholesale.jpg\" alt=\"Garintuvai Didmenin\u0117 prekyba\" width=\"229\" height=\"300\" \/><\/p>\n<h3><a href=\"https:\/\/wa.me\/8617776015835\"><span style=\"color: #ff0000;\"><strong>WhatsApp: +86 17776015835<\/strong><\/span><\/a><\/h3>\n<p>&nbsp;<\/p>","protected":false},"featured_media":3846,"comment_status":"open","ping_status":"closed","template":"","meta":{"_acf_changed":false,"_uag_custom_page_level_css":"","_lmt_disableupdate":"no","_lmt_disable":"","_monsterinsights_skip_tracking":false,"_monsterinsights_sitenote_active":false,"_monsterinsights_sitenote_note":"","_monsterinsights_sitenote_category":0,"site-sidebar-layout":"default","site-content-layout":"","ast-site-content-layout":"default","site-content-style":"default","site-sidebar-style":"default","ast-global-header-display":"","ast-banner-title-visibility":"","ast-main-header-display":"","ast-hfb-above-header-display":"","ast-hfb-below-header-display":"","ast-hfb-mobile-header-display":"","site-post-title":"","ast-breadcrumbs-content":"","ast-featured-img":"","footer-sml-layout":"","ast-disable-related-posts":"","theme-transparent-header-meta":"default","adv-header-id-meta":"","stick-header-meta":"","header-above-stick-meta":"","header-main-stick-meta":"","header-below-stick-meta":"","astra-migrate-meta-layouts":"set","ast-page-background-enabled":"default","ast-page-background-meta":{"desktop":{"background-color":"","background-image":"","background-repeat":"repeat","background-position":"center center","background-size":"auto","background-attachment":"scroll","background-type":"","background-media":"","overlay-type":"","overlay-color":"","overlay-opacity":"","overlay-gradient":""},"tablet":{"background-color":"","background-image":"","background-repeat":"repeat","background-position":"center center","background-size":"auto","background-attachment":"scroll","background-type":"","background-media":"","overlay-type":"","overlay-color":"","overlay-opacity":"","overlay-gradient":""},"mobile":{"background-color":"","background-image":"","background-repeat":"repeat","background-position":"center center","background-size":"auto","background-attachment":"scroll","background-type":"","background-media":"","overlay-type":"","overlay-color":"","overlay-opacity":"","overlay-gradient":""}},"ast-content-background-meta":{"desktop":{"background-color":"var(--ast-global-color-5)","background-image":"","background-repeat":"repeat","background-position":"center center","background-size":"auto","background-attachment":"scroll","background-type":"","background-media":"","overlay-type":"","overlay-color":"","overlay-opacity":"","overlay-gradient":""},"tablet":{"background-color":"var(--ast-global-color-5)","background-image":"","background-repeat":"repeat","background-position":"center center","background-size":"auto","background-attachment":"scroll","background-type":"","background-media":"","overlay-type":"","overlay-color":"","overlay-opacity":"","overlay-gradient":""},"mobile":{"background-color":"var(--ast-global-color-5)","background-image":"","background-repeat":"repeat","background-position":"center center","background-size":"auto","background-attachment":"scroll","background-type":"","background-media":"","overlay-type":"","overlay-color":"","overlay-opacity":"","overlay-gradient":""}},"_joinchat":{"telephone":"17776015835"}},"product_brand":[],"product_cat":[19,71,152,154,142,148],"product_tag":[97,94,241,93,259,258],"class_list":{"0":"post-3863","1":"product","2":"type-product","3":"status-publish","4":"has-post-thumbnail","6":"product_cat-vapes","7":"product_cat-15000-puff","8":"product_cat-buy-disposable-vapes-in-cermany","9":"product_cat-buy-disposable-vapes-in-netherlands","10":"product_cat-digital-box-disposable-vapes","11":"product_cat-tornado-disposable-vapes","12":"product_tag-hot-sale-disposable-vape","13":"product_tag-rechargeable-disposable-vape","14":"product_tag-smart-screen-disposable-vape","15":"product_tag-vape-wholesale","16":"product_tag-waspe-tornado-15000","17":"product_tag-waspe-tornado-15k","18":"desktop-align-left","19":"tablet-align-left","20":"mobile-align-left","22":"first","23":"instock","24":"sale","25":"shipping-taxable","26":"purchasable","27":"product-type-simple"},"acf":[],"uagb_featured_image_src":{"full":["https:\/\/vapestornado.com\/wp-content\/uploads\/2025\/03\/Best-Selling-Disposable-Vape-Waspe-15000-Puffs.webp",800,800,false],"thumbnail":["https:\/\/vapestornado.com\/wp-content\/uploads\/2025\/03\/Best-Selling-Disposable-Vape-Waspe-15000-Puffs-150x150.webp",150,150,true],"medium":["https:\/\/vapestornado.com\/wp-content\/uploads\/2025\/03\/Best-Selling-Disposable-Vape-Waspe-15000-Puffs-300x300.webp",300,300,true],"medium_large":["https:\/\/vapestornado.com\/wp-content\/uploads\/2025\/03\/Best-Selling-Disposable-Vape-Waspe-15000-Puffs-768x768.webp",768,768,true],"large":["https:\/\/vapestornado.com\/wp-content\/uploads\/2025\/03\/Best-Selling-Disposable-Vape-Waspe-15000-Puffs.webp",800,800,false],"1536x1536":["https:\/\/vapestornado.com\/wp-content\/uploads\/2025\/03\/Best-Selling-Disposable-Vape-Waspe-15000-Puffs.webp",800,800,false],"2048x2048":["https:\/\/vapestornado.com\/wp-content\/uploads\/2025\/03\/Best-Selling-Disposable-Vape-Waspe-15000-Puffs.webp",800,800,false],"trp-custom-language-flag":["https:\/\/vapestornado.com\/wp-content\/uploads\/2025\/03\/Best-Selling-Disposable-Vape-Waspe-15000-Puffs.webp",12,12,false],"woocommerce_thumbnail":["https:\/\/vapestornado.com\/wp-content\/uploads\/2025\/03\/Best-Selling-Disposable-Vape-Waspe-15000-Puffs-300x300.webp",300,300,true],"woocommerce_single":["https:\/\/vapestornado.com\/wp-content\/uploads\/2025\/03\/Best-Selling-Disposable-Vape-Waspe-15000-Puffs-600x600.webp",600,600,true],"woocommerce_gallery_thumbnail":["https:\/\/vapestornado.com\/wp-content\/uploads\/2025\/03\/Best-Selling-Disposable-Vape-Waspe-15000-Puffs-100x100.webp",100,100,true]},"uagb_author_info":{"display_name":"ESAMY","author_link":"https:\/\/vapestornado.com\/lt\/author\/"},"uagb_comment_info":0,"uagb_excerpt":"Wholesale Waspe Tornado 15000 Puff Low Nicotine Disposable Vape Waspe Tornado 15K Disposable Vape Pen Kit\u00a0 Factory Price WASPE 15000 Digital Screen Disposable Pod Best Flavor on Sale Add Amy's whatsapp to get right reply and discount price! WhatsApp: +86 17776015835 &nbsp;","_links":{"self":[{"href":"https:\/\/vapestornado.com\/lt\/wp-json\/wp\/v2\/product\/3863","targetHints":{"allow":["GET"]}}],"collection":[{"href":"https:\/\/vapestornado.com\/lt\/wp-json\/wp\/v2\/product"}],"about":[{"href":"https:\/\/vapestornado.com\/lt\/wp-json\/wp\/v2\/types\/product"}],"replies":[{"embeddable":true,"href":"https:\/\/vapestornado.com\/lt\/wp-json\/wp\/v2\/comments?post=3863"}],"wp:featuredmedia":[{"embeddable":true,"href":"https:\/\/vapestornado.com\/lt\/wp-json\/wp\/v2\/media\/3846"}],"wp:attachment":[{"href":"https:\/\/vapestornado.com\/lt\/wp-json\/wp\/v2\/media?parent=3863"}],"wp:term":[{"taxonomy":"product_brand","embeddable":true,"href":"https:\/\/vapestornado.com\/lt\/wp-json\/wp\/v2\/product_brand?post=3863"},{"taxonomy":"product_cat","embeddable":true,"href":"https:\/\/vapestornado.com\/lt\/wp-json\/wp\/v2\/product_cat?post=3863"},{"taxonomy":"product_tag","embeddable":true,"href":"https:\/\/vapestornado.com\/lt\/wp-json\/wp\/v2\/product_tag?post=3863"}],"curies":[{"name":"wp","href":"https:\/\/api.w.org\/{rel}","templated":true}]}}