{"id":3862,"date":"2025-03-17T02:07:39","date_gmt":"2025-03-17T02:07:39","guid":{"rendered":"https:\/\/vapestornado.com\/?post_type=product&#038;p=3862"},"modified":"2025-08-23T09:08:02","modified_gmt":"2025-08-23T09:08:02","slug":"fihp-digital-box-12000-puffs-wholesale-disposable-vapes-2-5-low-nicotine-rechargeable-bulk-price","status":"publish","type":"product","link":"https:\/\/vapestornado.com\/lt\/product\/fihp-digital-box-12000-puffs-wholesale-disposable-vapes-2-5-low-nicotine-rechargeable-bulk-price\/","title":{"rendered":"FIHP Digital Box 12000 \u012ftraukim\u0173 didmenin\u0117 prekyba vienkartiniais elektroniniais cigare\u010di\u0173 prietaisais 2% 5% su ma\u017eu nikotino kiekiu, \u012fkraunama, didmenin\u0117 kaina"},"content":{"rendered":"<h1 data-pm-slice=\"1 1 []\">FIHP Digital Box 12000 \u012ftraukim\u0173 didmenin\u0117 prekyba vienkartiniais elektroniniais cigare\u010di\u0173 prietaisais 2% 5% su ma\u017eu nikotino kiekiu, \u012fkraunama, didmenin\u0117 kaina<\/h1>\n<h2 data-start=\"0\" data-end=\"86\"><strong data-start=\"4\" data-end=\"84\">FIHP Digital Box 12000 \u012ftraukim\u0173 \u2013 \u012fkraunamas vienkartinis garintuvas su LED ekranu<\/strong><\/h2>\n<p data-start=\"324\" data-end=\"581\">\u0160is <strong data-start=\"328\" data-end=\"376\">FIHP Digital Box 12000 \u012fkv\u0117pim\u0173 vienkartinis garintuvas<\/strong> yra skirtas garintojams, kurie nori didesnio na\u0161umo ir patogumo. Su iki <strong data-start=\"458\" data-end=\"474\">12 000 \u012fkv\u0117pim\u0173<\/strong> ir <strong data-start=\"481\" data-end=\"518\">20 ml i\u0161 anksto u\u017epildytos e. skys\u010dio talpa<\/strong>, jis u\u017etikrina ilgalaik\u012f naudojim\u0105 su nuosekliu skonio i\u0161gavimu.<\/p>\n<p data-start=\"583\" data-end=\"835\">Maitinamas <strong data-start=\"596\" data-end=\"627\">650mAh \u012fkraunama baterija<\/strong> ir <strong data-start=\"632\" data-end=\"656\">C tipo greit\u0105j\u012f \u012fkrovim\u0105<\/strong>, \u0161is \u012frenginys u\u017etikrina maksimal\u0173 efektyvum\u0105 be i\u0161\u0161vaistyto e-skys\u010dio. The <strong data-start=\"726\" data-end=\"749\">LED skaitmeninis ekranas<\/strong> rodo realaus laiko \u012fkv\u0117pim\u0173 skai\u010di\u0173 ir baterijos veikimo laik\u0105, nuolat kontroliuodamas naudotojus.<\/p>\n<p data-start=\"837\" data-end=\"1032\">\u012erengtas su <strong data-start=\"853\" data-end=\"871\">1.0\u03a9 tinklelio rit\u0117<\/strong>, FIHP 12K u\u017etikrina \u0161velnius garus ir sodr\u0173 skon\u012f kiekvienu \u012fkv\u0117pimu. Galima \u012fsigyti <strong data-start=\"952\" data-end=\"984\">2% ir 5% nikotino koncentracija<\/strong>, jis tinka tiek vidutiniams, tiek sunkiems garintojams.<\/p>\n<p data-start=\"1034\" data-end=\"1225\">Didmenininkams ir ma\u017emenininkams <strong data-start=\"1069\" data-end=\"1101\">FIHP Digital Box 12000 \u012fkv\u0117pim\u0173<\/strong> si\u016blo stipr\u0173 rinkos patrauklum\u0105 su didmenin\u0117mis nuolaidomis ir patikimu tiekimu, tod\u0117l tai yra pelningas pasirinkimas inventoriui 2025 m.<\/p>\n<h2 data-start=\"2173\" data-end=\"2228\"><strong data-start=\"2178\" data-end=\"2226\">Didmenin\u0117s kainos<\/strong><\/h2>\n<p data-start=\"2229\" data-end=\"2480\">Puikiai tinka ma\u017emenininkams, elektronini\u0173 cigare\u010di\u0173 parduotuvi\u0173 savininkams ir didmeniniams pirk\u0117jams, <strong data-start=\"2291\" data-end=\"2328\">FIHP Digital Box 12000 \u012ftraukim\u0173 garintuvas<\/strong> galima \u012fsigyti u\u017e <strong data-start=\"2345\" data-end=\"2369\">\u017eemas didmenines kainas<\/strong>. Jei ie\u0161kote <strong data-start=\"2399\" data-end=\"2429\">geriausi\u0173 didmenini\u0173 vienkartini\u0173 elektronini\u0173 cigare\u010di\u0173<\/strong>, tai b\u016btinas priedas j\u016bs\u0173 inventoriuje.<\/p>\n<p><strong><span style=\"color: #ff0000;\">Prid\u0117kite Amy WhatsApp, kad gautum\u0117te tinkam\u0105 atsakym\u0105 ir nuolaid\u0105!<\/span><\/strong><\/p>\n<p><img fetchpriority=\"high\" decoding=\"async\" class=\"size-full wp-image-2932\" src=\"https:\/\/vapestornado.com\/wp-content\/uploads\/2024\/12\/Vape-Wholesale.jpg\" alt=\"Garintuvai Didmenin\u0117 prekyba\" width=\"229\" height=\"300\" \/><\/p>\n<h3><a href=\"https:\/\/wa.me\/8617776015835\" target=\"_blank\" rel=\"noopener\"><span style=\"color: #ff0000;\"><strong>WhatsApp: +86 17776015835<\/strong><\/span><\/a><\/h3>\n<p>&nbsp;<\/p>\n<h2><strong>FIHP Digital Box 12000 \u012fkv\u0117pim\u0173 pagrindin\u0117s produkto savyb\u0117s<\/strong><\/h2>\n<p>Prek\u0117s \u017eenklas: FIHP<br \/>\n\u012ekv\u0117pimai: 12000 \u012fkv\u0117pim\u0173<br \/>\n\u0160erdis: Mesh coil 1.0ohm<br \/>\nE-skystis: 20 ml talpa<br \/>\nNikotinas: 2% ir 5%<br \/>\nBaterija: 650mAh<br \/>\n\u012ekraunamas: Type-C<br \/>\nEkranas: LED ekranas alyvai ir baterijai<\/p>\n<h2 class=\"product-title\"><strong>FIHP Digital Box 12k Smart Vape Skoni\u0173 S\u0105ra\u0161as<\/strong><\/h2>\n<article class=\"group\/turn w-full text-token-text-primary focus-visible:outline-2 focus-visible:outline-offset-[-4px]\" dir=\"auto\" data-testid=\"conversation-turn-61\" data-scroll-anchor=\"true\">\n<div class=\"text-base my-auto mx-auto py-[18px] px-6\">\n<div class=\"mx-auto flex flex-1 text-base gap-4 md:gap-5 lg:gap-6 md:max-w-3xl lg:max-w-[40rem] xl:max-w-[48rem]\">\n<div class=\"group\/conversation-turn relative flex w-full min-w-0 flex-col agent-turn @xs\/thread:px-0 @sm\/thread:px-1.5 @md\/thread:px-4\">\n<div class=\"flex-col gap-1 md:gap-3\">\n<div class=\"flex max-w-full flex-col flex-grow\">\n<div class=\"min-h-8 text-message relative flex w-full flex-col items-end gap-2 whitespace-normal break-words text-start [.text-message+&amp;]:mt-5\" dir=\"auto\" data-message-author-role=\"assistant\" data-message-id=\"762d7e41-70d5-4ddf-94cb-85ef5025d3a8\" data-message-model-slug=\"gpt-4o\">\n<div class=\"flex w-full flex-col gap-1 empty:hidden first:pt-[3px]\">\n<div class=\"markdown prose w-full break-words dark:prose-invert light\">\n<p>01. Sodrus Ledas <strong><span style=\"color: #ff0000;\">&gt;&gt;&gt;&gt; Kar\u0161ta!<\/span><\/strong><br \/>\n02. Vynuogi\u0173 Ledas<br \/>\n03. Vy\u0161nia<br \/>\n04. M\u0117lyni\u0173 Avie\u010di\u0173 <strong><span style=\"color: #ff0000;\">&gt;&gt;&gt;&gt; Kar\u0161ta!<\/span><\/strong><br \/>\n05. Bra\u0161ki\u0173 Kivi<br \/>\n06. Mi\u0161rios Uogos <strong><span style=\"color: #ff0000;\">&gt;&gt;&gt;&gt; Kar\u0161ta!<\/span><\/strong><br \/>\n07. Bra\u0161ki\u0173 Arb\u016bzas<br \/>\n08. Arb\u016bzin\u0117 Kramtomoji Guma<br \/>\n09. Persik\u0173 Mango Ananasas<br \/>\n10. Kivi Pasiflor\u0173 Gvajava <strong><span style=\"color: #ff0000;\">&gt;&gt;&gt;&gt; Kar\u0161ta!<\/span><\/strong><\/p>\n<\/div>\n<\/div>\n<\/div>\n<\/div>\n<\/div>\n<\/div>\n<\/div>\n<\/div>\n<\/article>\n<article class=\"w-full text-token-text-primary focus-visible:outline-2 focus-visible:outline-offset-[-4px]\" dir=\"auto\" data-testid=\"conversation-turn-32\" data-scroll-anchor=\"false\">\n<div class=\"m-auto text-base py-[18px] px-6\">\n<div class=\"mx-auto flex flex-1 text-base gap-4 md:gap-5 lg:gap-6 md:max-w-3xl lg:max-w-[40rem] xl:max-w-[48rem]\">\n<div class=\"group\/conversation-turn relative flex w-full min-w-0 flex-col @xs\/thread:px-0 @sm\/thread:px-1.5 @md\/thread:px-4\">\n<div class=\"flex-col gap-1 md:gap-3\">\n<div class=\"flex max-w-full flex-col flex-grow\">\n<div class=\"min-h-8 text-message flex w-full flex-col items-end gap-2 whitespace-normal break-words text-start [.text-message+&amp;]:mt-5\" dir=\"auto\" data-message-author-role=\"user\" data-message-id=\"ffac41ca-1db4-431b-873a-32c4052956f1\">\n<div class=\"flex w-full flex-col gap-1 empty:hidden items-end rtl:items-start\">\n<div class=\"relative max-w-[var(--user-chat-width,70%)] rounded-3xl bg-token-message-surface px-5 py-2.5\">\n<div class=\"absolute bottom-0 right-full top-0 -mr-3.5 hidden pr-5 pt-2 [.group\/conversation-turn:hover_&amp;]:flex\">\n<div class=\"flex\">\n<article class=\"w-full text-token-text-primary focus-visible:outline-2 focus-visible:outline-offset-[-4px]\" dir=\"auto\" data-testid=\"conversation-turn-39\" data-scroll-anchor=\"true\">\n<div class=\"m-auto text-base py-[18px] px-6\">\n<div class=\"mx-auto flex flex-1 text-base gap-4 md:gap-5 lg:gap-6 md:max-w-3xl lg:max-w-[40rem] xl:max-w-[48rem]\">\n<div class=\"group\/conversation-turn relative flex w-full min-w-0 flex-col agent-turn @xs\/thread:px-0 @sm\/thread:px-1.5 @md\/thread:px-4\">\n<div class=\"flex-col gap-1 md:gap-3\">\n<div class=\"flex max-w-full flex-col flex-grow\">\n<div class=\"min-h-8 text-message flex w-full flex-col items-end gap-2 whitespace-normal break-words text-start [.text-message+&amp;]:mt-5\" dir=\"auto\" data-message-author-role=\"assistant\" data-message-id=\"55a23854-ec57-48dd-bd4f-6118f43d6241\" data-message-model-slug=\"gpt-4o\">\n<div class=\"flex w-full flex-col gap-1 empty:hidden first:pt-[3px]\">\n<div class=\"markdown prose w-full break-words dark:prose-invert light\">\n<figure id=\"attachment_3835\" aria-describedby=\"caption-attachment-3835\" style=\"width: 800px\" class=\"wp-caption alignnone\"><img decoding=\"async\" class=\"wp-image-3835 size-full\" src=\"https:\/\/vapestornado.com\/wp-content\/uploads\/2025\/03\/FIHP-12000-Puffs-2-5-Low-Nicotine-Disposable-Vape.webp\" alt=\"FIHP 12000 \u012ekv\u0117pim\u0173 2% 5% Vienkartinis Vape Su Ma\u017eu Nikotino Kiekiu\" width=\"800\" height=\"800\" srcset=\"https:\/\/vapestornado.com\/wp-content\/uploads\/2025\/03\/FIHP-12000-Puffs-2-5-Low-Nicotine-Disposable-Vape.webp 800w, https:\/\/vapestornado.com\/wp-content\/uploads\/2025\/03\/FIHP-12000-Puffs-2-5-Low-Nicotine-Disposable-Vape-300x300.webp 300w, https:\/\/vapestornado.com\/wp-content\/uploads\/2025\/03\/FIHP-12000-Puffs-2-5-Low-Nicotine-Disposable-Vape-150x150.webp 150w, https:\/\/vapestornado.com\/wp-content\/uploads\/2025\/03\/FIHP-12000-Puffs-2-5-Low-Nicotine-Disposable-Vape-768x768.webp 768w, https:\/\/vapestornado.com\/wp-content\/uploads\/2025\/03\/FIHP-12000-Puffs-2-5-Low-Nicotine-Disposable-Vape-600x600.webp 600w, https:\/\/vapestornado.com\/wp-content\/uploads\/2025\/03\/FIHP-12000-Puffs-2-5-Low-Nicotine-Disposable-Vape-100x100.webp 100w\" sizes=\"(max-width: 800px) 100vw, 800px\" \/><figcaption id=\"caption-attachment-3835\" class=\"wp-caption-text\">FIHP 12000 \u012ekv\u0117pim\u0173 2% 5% Vienkartinis Vape Su Ma\u017eu Nikotino Kiekiu<\/figcaption><\/figure>\n<\/div>\n<\/div>\n<\/div>\n<\/div>\n<\/div>\n<\/div>\n<\/div>\n<\/div>\n<\/article>\n<\/div>\n<\/div>\n<\/div>\n<\/div>\n<\/div>\n<\/div>\n<\/div>\n<\/div>\n<\/div>\n<\/div>\n<\/article>\n<h3>Kod\u0117l Verta Rinktis Vapestornado FIHP Digital Box 12000 \u012ekv\u0117pim\u0173 Skaitmeniniam Vape Didmeniniam U\u017esakymui?<\/h3>\n<div class=\"flex-shrink-0 flex flex-col relative items-end\">\n<div class=\"pt-0\">\n<div class=\"gizmo-bot-avatar flex h-8 w-8 items-center justify-center overflow-hidden rounded-full\">\n<div class=\"relative p-1 rounded-sm flex items-center justify-center bg-token-main-surface-primary text-token-text-primary h-8 w-8\">\n<p>Kai kalbama apie <strong data-start=\"97\" data-end=\"127\">didmenin\u0117 prekyba vienkartiniais vape<\/strong>, <strong data-start=\"129\" data-end=\"162\">internetiniame garintuv\u0173 parduotuv\u0117je \u201eVapestornado\u201c<\/strong> yra j\u016bs\u0173 galutinis tikslas! Mes si\u016blome <strong data-start=\"202\" data-end=\"230\">konkurencingas kainas perkant dideliais kiekiais<\/strong>, u\u017etikrindami, kad gausite geriausius pasi\u016blymus d\u0117l FIHP Digital Box 12000 \u012ekv\u0117pim\u0173 <strong data-start=\"271\" data-end=\"302\">Vape<\/strong> nepakenkiant kokybei. Su <strong data-start=\"338\" data-end=\"355\">greit\u0105 pristatym\u0105<\/strong>, <strong data-start=\"357\" data-end=\"380\">saugiomis transakcijomis<\/strong>ir pla\u010diu <strong data-start=\"406\" data-end=\"434\">populiari\u0173 vienkartini\u0173 vape<\/strong>, mes pasir\u016bpiname, kad didmeniniai pirkimai b\u016bt\u0173 be r\u016bpes\u010di\u0173. Be to, m\u016bs\u0173 <strong data-start=\"483\" data-end=\"508\">klient\u0173 aptarnavimo komanda<\/strong> visada pasiruo\u0161usi pad\u0117ti jums atsakyti \u012f didmenin\u0117s prekybos klausimus. Nesvarbu, ar esate ma\u017emenininkas, ar platintojas, <strong data-start=\"608\" data-end=\"650\">Vapestornado si\u016blo neprilygstam\u0105 vert\u0119<\/strong> auk\u0161tos kokyb\u0117s <strong data-start=\"667\" data-end=\"708\">\u012fkraunamiems garintuvams su i\u0161maniaisiais ekranais<\/strong>. U\u017esisakykite \u0161iandien ir apsir\u016bpinkite naujausiais <strong data-start=\"749\" data-end=\"782\">ilgai veikian\u010diais vienkartiniais garintuvais<\/strong> geriausiomis kainomis!<\/p>\n<\/div>\n<h3><\/h3>\n<div class=\"relative p-1 rounded-sm flex items-center justify-center bg-token-main-surface-primary text-token-text-primary h-8 w-8\">\n<h3>DUK apie FIHP 12k vienkartin\u0119 elektronin\u0119 cigaret\u0119<\/h3>\n<p data-start=\"2534\" data-end=\"2730\"><strong data-start=\"2534\" data-end=\"2598\">1. Kiek laiko veikia FIHP Digital Box 12000 \u012ftraukim\u0173 elektronin\u0117 cigaret\u0117?<\/strong><br data-start=\"2598\" data-end=\"2601\" \/>Su <strong data-start=\"2606\" data-end=\"2633\">12 000 \u012ftraukim\u0173 vienam prietaisui<\/strong>, \u0161i elektronin\u0117 cigaret\u0117 sukurta ilgam naudojimui. Tikrasis tarnavimo laikas priklauso nuo j\u016bs\u0173 garinimo da\u017enumo.<\/p>\n<p data-start=\"2732\" data-end=\"2928\"><strong data-start=\"2732\" data-end=\"2781\">2. Ar FIHP 12000 \u012ftraukim\u0173 elektronin\u0119 cigaret\u0119 galima \u012fkrauti?<\/strong><br data-start=\"2781\" data-end=\"2784\" \/>Taip! Jame yra <strong data-start=\"2803\" data-end=\"2834\">650mAh \u012fkraunama baterija<\/strong> ir <strong data-start=\"2841\" data-end=\"2865\">C tipo \u012fkrovimo prievadas<\/strong>, u\u017etikrinant efektyv\u0173 energijos valdym\u0105 ir ilgesn\u012f naudojim\u0105.<\/p>\n<p data-start=\"2930\" data-end=\"3100\"><strong data-start=\"2930\" data-end=\"2976\">3. K\u0105 rodo skaitmeninis LED ekranas?<\/strong><br data-start=\"2976\" data-end=\"2979\" \/>\u0160is <strong data-start=\"2983\" data-end=\"2997\">LED ekranas<\/strong> rodo <strong data-start=\"3007\" data-end=\"3038\">baterijos veikimo laik\u0105 ir \u012ftraukim\u0173 skai\u010di\u0173<\/strong>, padedant jums nuolat sekti savo elektronin\u0117s cigaret\u0117s b\u016bsen\u0105.<\/p>\n<p data-start=\"3102\" data-end=\"3272\"><strong data-start=\"3102\" data-end=\"3147\">4. Koki\u0173 nikotino stiprum\u0173 yra?<\/strong><br data-start=\"3147\" data-end=\"3150\" \/>FIHP 12000 galima \u012fsigyti su <strong data-start=\"3181\" data-end=\"3227\">2% (ma\u017eas nikotino kiekis) ir 5% (stiprus nikotino kiekis)<\/strong>, atsi\u017evelgiant \u012f skirtingus garinimo pageidavimus.<\/p>\n<p data-start=\"3274\" data-end=\"3531\"><strong data-start=\"3274\" data-end=\"3355\">5. Kur galiu \u012fsigyti FIHP Digital Box 12000 \u012ftraukim\u0173 elektronin\u0119 cigaret\u0119 didmenin\u0117mis kainomis?<\/strong><br data-start=\"3355\" data-end=\"3358\" \/>D\u0117l <strong data-start=\"3362\" data-end=\"3397\">dideliems u\u017esakymams ir didmeniniams pasi\u016blymams<\/strong>, apsilankykite <strong data-start=\"3405\" data-end=\"3438\">internetiniame garintuv\u0173 parduotuv\u0117je \u201eVapestornado\u201c<\/strong>, geriausia vieta \u012fsigyti <strong data-start=\"3462\" data-end=\"3506\">\u012fperkamas \u012fkraunamas vienkartines elektronines cigaretes<\/strong> su auk\u0161\u010diausios kokyb\u0117s funkcijomis.<\/p>\n<\/div>\n<\/div>\n<\/div>\n<\/div>","protected":false},"excerpt":{"rendered":"<p>FIHP Digital Box 12k 12000 \u012ftraukim\u0173 vienkartinis garintuvas geriausia kaina<br \/>\nFIHP Digital Box 12000 ekraninis vienkartinis garintuvas didmenin\u0117 prekyba Lenkijoje<br \/>\nFIHP 12000 Digital vienkartinio garintuvo d\u0117\u017eut\u0117 geriausio skonio i\u0161pardavimas<\/p>\n<p><strong>Prid\u0117kite Amy's whatsapp, kad gautum\u0117te tinkam\u0105 atsakym\u0105 ir nuolaidos kain\u0105!<\/strong><\/p>\n<p><img fetchpriority=\"high\" decoding=\"async\" class=\"size-full wp-image-2932\" src=\"https:\/\/vapestornado.com\/wp-content\/uploads\/2024\/12\/Vape-Wholesale.jpg\" alt=\"Garintuvai Didmenin\u0117 prekyba\" width=\"229\" height=\"300\" \/><\/p>\n<h3><a href=\"https:\/\/wa.me\/8617776015835\"><span style=\"color: #ff0000;\"><strong>WhatsApp: +86 17776015835<\/strong><\/span><\/a><\/h3>\n<p>&nbsp;<\/p>","protected":false},"featured_media":3837,"comment_status":"open","ping_status":"closed","template":"","meta":{"_acf_changed":false,"_uag_custom_page_level_css":"","_lmt_disableupdate":"no","_lmt_disable":"","_monsterinsights_skip_tracking":false,"_monsterinsights_sitenote_active":false,"_monsterinsights_sitenote_note":"","_monsterinsights_sitenote_category":0,"site-sidebar-layout":"default","site-content-layout":"","ast-site-content-layout":"default","site-content-style":"default","site-sidebar-style":"default","ast-global-header-display":"","ast-banner-title-visibility":"","ast-main-header-display":"","ast-hfb-above-header-display":"","ast-hfb-below-header-display":"","ast-hfb-mobile-header-display":"","site-post-title":"","ast-breadcrumbs-content":"","ast-featured-img":"","footer-sml-layout":"","ast-disable-related-posts":"","theme-transparent-header-meta":"default","adv-header-id-meta":"","stick-header-meta":"","header-above-stick-meta":"","header-main-stick-meta":"","header-below-stick-meta":"","astra-migrate-meta-layouts":"set","ast-page-background-enabled":"default","ast-page-background-meta":{"desktop":{"background-color":"","background-image":"","background-repeat":"repeat","background-position":"center center","background-size":"auto","background-attachment":"scroll","background-type":"","background-media":"","overlay-type":"","overlay-color":"","overlay-opacity":"","overlay-gradient":""},"tablet":{"background-color":"","background-image":"","background-repeat":"repeat","background-position":"center center","background-size":"auto","background-attachment":"scroll","background-type":"","background-media":"","overlay-type":"","overlay-color":"","overlay-opacity":"","overlay-gradient":""},"mobile":{"background-color":"","background-image":"","background-repeat":"repeat","background-position":"center center","background-size":"auto","background-attachment":"scroll","background-type":"","background-media":"","overlay-type":"","overlay-color":"","overlay-opacity":"","overlay-gradient":""}},"ast-content-background-meta":{"desktop":{"background-color":"var(--ast-global-color-5)","background-image":"","background-repeat":"repeat","background-position":"center center","background-size":"auto","background-attachment":"scroll","background-type":"","background-media":"","overlay-type":"","overlay-color":"","overlay-opacity":"","overlay-gradient":""},"tablet":{"background-color":"var(--ast-global-color-5)","background-image":"","background-repeat":"repeat","background-position":"center center","background-size":"auto","background-attachment":"scroll","background-type":"","background-media":"","overlay-type":"","overlay-color":"","overlay-opacity":"","overlay-gradient":""},"mobile":{"background-color":"var(--ast-global-color-5)","background-image":"","background-repeat":"repeat","background-position":"center center","background-size":"auto","background-attachment":"scroll","background-type":"","background-media":"","overlay-type":"","overlay-color":"","overlay-opacity":"","overlay-gradient":""}},"_joinchat":{"telephone":"17776015835"}},"product_brand":[],"product_cat":[19,72,153,154,158,144,146,60],"product_tag":[105,257,256,97,94,241,93],"class_list":{"0":"post-3862","1":"product","2":"type-product","3":"status-publish","4":"has-post-thumbnail","6":"product_cat-vapes","7":"product_cat-12000-puff","8":"product_cat-buy-disposable-vapes-in-italy","9":"product_cat-buy-disposable-vapes-in-netherlands","10":"product_cat-buy-disposable-vapes-in-spain","11":"product_cat-low-nicotine-disposable-vapes","12":"product_cat-rechargeable-disposable-vapes","13":"product_cat-waspe-fihp-vape","14":"product_tag-digital-disposable-vape","15":"product_tag-fihp-12000","16":"product_tag-fihp-digital-box-12k","17":"product_tag-hot-sale-disposable-vape","18":"product_tag-rechargeable-disposable-vape","19":"product_tag-smart-screen-disposable-vape","20":"product_tag-vape-wholesale","21":"desktop-align-left","22":"tablet-align-left","23":"mobile-align-left","25":"first","26":"instock","27":"sale","28":"shipping-taxable","29":"purchasable","30":"product-type-simple"},"acf":[],"uagb_featured_image_src":{"full":["https:\/\/vapestornado.com\/wp-content\/uploads\/2025\/03\/FIHP-Digital-Box-12000-Puff-Rechargeable-Vape.webp",800,800,false],"thumbnail":["https:\/\/vapestornado.com\/wp-content\/uploads\/2025\/03\/FIHP-Digital-Box-12000-Puff-Rechargeable-Vape-150x150.webp",150,150,true],"medium":["https:\/\/vapestornado.com\/wp-content\/uploads\/2025\/03\/FIHP-Digital-Box-12000-Puff-Rechargeable-Vape-300x300.webp",300,300,true],"medium_large":["https:\/\/vapestornado.com\/wp-content\/uploads\/2025\/03\/FIHP-Digital-Box-12000-Puff-Rechargeable-Vape-768x768.webp",768,768,true],"large":["https:\/\/vapestornado.com\/wp-content\/uploads\/2025\/03\/FIHP-Digital-Box-12000-Puff-Rechargeable-Vape.webp",800,800,false],"1536x1536":["https:\/\/vapestornado.com\/wp-content\/uploads\/2025\/03\/FIHP-Digital-Box-12000-Puff-Rechargeable-Vape.webp",800,800,false],"2048x2048":["https:\/\/vapestornado.com\/wp-content\/uploads\/2025\/03\/FIHP-Digital-Box-12000-Puff-Rechargeable-Vape.webp",800,800,false],"trp-custom-language-flag":["https:\/\/vapestornado.com\/wp-content\/uploads\/2025\/03\/FIHP-Digital-Box-12000-Puff-Rechargeable-Vape.webp",12,12,false],"woocommerce_thumbnail":["https:\/\/vapestornado.com\/wp-content\/uploads\/2025\/03\/FIHP-Digital-Box-12000-Puff-Rechargeable-Vape-300x300.webp",300,300,true],"woocommerce_single":["https:\/\/vapestornado.com\/wp-content\/uploads\/2025\/03\/FIHP-Digital-Box-12000-Puff-Rechargeable-Vape-600x600.webp",600,600,true],"woocommerce_gallery_thumbnail":["https:\/\/vapestornado.com\/wp-content\/uploads\/2025\/03\/FIHP-Digital-Box-12000-Puff-Rechargeable-Vape-100x100.webp",100,100,true]},"uagb_author_info":{"display_name":"ESAMY","author_link":"https:\/\/vapestornado.com\/lt\/author\/"},"uagb_comment_info":0,"uagb_excerpt":"FIHP Digital Box 12k 12000 Puff Disposable Vape Best Price FIHP Digital Box 12000 Screen Disposable Vape Wholelesale in Poland FIHP 12000 Digital Disposable Vape Box Best Flavor on Sale Add Amy's whatsapp to get right reply and discount price! WhatsApp: +86 17776015835 &nbsp;","_links":{"self":[{"href":"https:\/\/vapestornado.com\/lt\/wp-json\/wp\/v2\/product\/3862","targetHints":{"allow":["GET"]}}],"collection":[{"href":"https:\/\/vapestornado.com\/lt\/wp-json\/wp\/v2\/product"}],"about":[{"href":"https:\/\/vapestornado.com\/lt\/wp-json\/wp\/v2\/types\/product"}],"replies":[{"embeddable":true,"href":"https:\/\/vapestornado.com\/lt\/wp-json\/wp\/v2\/comments?post=3862"}],"wp:featuredmedia":[{"embeddable":true,"href":"https:\/\/vapestornado.com\/lt\/wp-json\/wp\/v2\/media\/3837"}],"wp:attachment":[{"href":"https:\/\/vapestornado.com\/lt\/wp-json\/wp\/v2\/media?parent=3862"}],"wp:term":[{"taxonomy":"product_brand","embeddable":true,"href":"https:\/\/vapestornado.com\/lt\/wp-json\/wp\/v2\/product_brand?post=3862"},{"taxonomy":"product_cat","embeddable":true,"href":"https:\/\/vapestornado.com\/lt\/wp-json\/wp\/v2\/product_cat?post=3862"},{"taxonomy":"product_tag","embeddable":true,"href":"https:\/\/vapestornado.com\/lt\/wp-json\/wp\/v2\/product_tag?post=3862"}],"curies":[{"name":"wp","href":"https:\/\/api.w.org\/{rel}","templated":true}]}}