{"id":3861,"date":"2025-03-16T09:21:11","date_gmt":"2025-03-16T09:21:11","guid":{"rendered":"https:\/\/vapestornado.com\/?post_type=product&#038;p=3861"},"modified":"2025-08-23T10:42:12","modified_gmt":"2025-08-23T10:42:12","slug":"waspe-fihp-30000-puffs-smart-screen-vape-2-5-nicotine-wholesal","status":"publish","type":"product","link":"https:\/\/vapestornado.com\/lt\/product\/waspe-fihp-30000-puffs-smart-screen-vape-2-5-nicotine-wholesal\/","title":{"rendered":"\u201eWASPE FIHP 30000\u201c \u012fkv\u0117pim\u0173 i\u0161manusis ekranas, elektronin\u0117 cigaret\u0117 2% 5% nikotinas didmenin\u0117 prekyba"},"content":{"rendered":"<h1 data-pm-slice=\"1 1 []\">\u201eWASPE FIHP 30000\u201c \u012fkv\u0117pim\u0173 i\u0161manusis ekranas, elektronin\u0117 cigaret\u0117 2% 5% nikotinas didmenin\u0117 prekyba<\/h1>\n<p data-start=\"293\" data-end=\"589\">\u0160is <strong data-start=\"297\" data-end=\"341\">WASPE FIHP 30000 \u012ftraukim\u0173 i\u0161manusis ekrano garintuvas<\/strong> yra skirtas Europos didmenininkams ir ma\u017emenininkams, ie\u0161kantiems daug funkcij\u0173 turin\u010dio, ilgai tarnaujan\u010dio vienkartinio gaminio. Su iki <strong data-start=\"453\" data-end=\"469\">30 000 \u012ftraukim\u0173<\/strong>, a <strong data-start=\"473\" data-end=\"495\">28 ml e. skys\u010dio talpa<\/strong>ir <strong data-start=\"501\" data-end=\"530\">dviguba tinklelio rit\u0117s technologija<\/strong>, jis u\u017etikrina nuoseklius garus ir skland\u0173 skon\u012f.<\/p>\n<p data-start=\"591\" data-end=\"734\">Veikia su <strong data-start=\"605\" data-end=\"636\">850mAh \u012fkraunama baterija<\/strong> su <strong data-start=\"642\" data-end=\"666\">C tipo greit\u0105j\u012f \u012fkrovim\u0105<\/strong>, FIHP 30K suma\u017eina prastov\u0173 laik\u0105. Jis si\u016blo <strong data-start=\"711\" data-end=\"731\">du garinimo re\u017eimus<\/strong>:<\/p>\n<ul data-start=\"735\" data-end=\"875\">\n<li data-start=\"735\" data-end=\"791\">\n<p data-start=\"737\" data-end=\"791\"><strong data-start=\"737\" data-end=\"753\">\u012eprastas re\u017eimas<\/strong> maksimaliam \u012ftraukim\u0173 skai\u010diui (iki 30 t\u016bkst.).<\/p>\n<\/li>\n<li data-start=\"792\" data-end=\"875\">\n<p data-start=\"794\" data-end=\"875\"><strong data-start=\"794\" data-end=\"808\">Pulso re\u017eimas<\/strong> pagerintam gar\u0173 tankiui ir sodresniam skoniui (apie 15 t\u016bkst. \u012ftraukim\u0173).<\/p>\n<\/li>\n<\/ul>\n<p data-start=\"877\" data-end=\"1104\">\u0160is <strong data-start=\"881\" data-end=\"902\">LED i\u0161manusis ekranas<\/strong> nuolat informuoja vartotojus apie akumuliatoriaus \u012fkrovos lyg\u012f, e. skys\u010dio lyg\u012f ir re\u017eimo nustatymus. Su <strong data-start=\"981\" data-end=\"1003\">reguliuojamas oro srautas<\/strong>, garintuvai gali rinktis tarp grie\u017etesni\u0173 \u012ftraukim\u0173 arba atviresnio \u012fkv\u0117pimo, atsi\u017evelgiant \u012f skirtingus pageidavimus.<\/p>\n<p data-start=\"1106\" data-end=\"1387\">Galima \u012fsigyti <strong data-start=\"1119\" data-end=\"1151\">2% ir 5% nikotino koncentracija<\/strong> ir <strong data-start=\"1156\" data-end=\"1177\">16 skoni\u0173 pasirinkim\u0173<\/strong>, <strong data-start=\"1183\" data-end=\"1206\">WASPE FIHP 30K garintuvas<\/strong> tinka \u012fvairiems klient\u0173 poreikiams. Platintojams jo derinys i\u0161 <strong data-start=\"1284\" data-end=\"1347\">talpos, i\u0161mani\u0173j\u0173 funkcij\u0173 ir konkurencing\u0173 didmenini\u0173 kain\u0173<\/strong> daro j\u012f pelningu pasirinkimu 2025 m.<\/p>\n<p><strong><span style=\"color: #ff0000;\">Prid\u0117kite Amy WhatsApp, kad gautum\u0117te tinkam\u0105 atsakym\u0105 ir nuolaid\u0105!<\/span><\/strong><\/p>\n<p><img fetchpriority=\"high\" decoding=\"async\" class=\"size-full wp-image-2932\" src=\"https:\/\/vapestornado.com\/wp-content\/uploads\/2024\/12\/Vape-Wholesale.jpg\" alt=\"Garintuvai Didmenin\u0117 prekyba\" width=\"229\" height=\"300\" \/><\/p>\n<h3><a href=\"https:\/\/wa.me\/8617776015835\" target=\"_blank\" rel=\"noopener\"><span style=\"color: #ff0000;\"><strong>WhatsApp: +86 17776015835<\/strong><\/span><\/a><\/h3>\n<p>&nbsp;<\/p>\n<h2><strong>Pagrindin\u0117s WASPE FIHP 30000 \u012ftraukim\u0173 produkto savyb\u0117s<\/strong><\/h2>\n<p>\u2022 I\u0161 anksto u\u017epildyta 28 ml e. skys\u010dio<br \/>\n\u2022 Dvigubas re\u017eimas: \u012fprastas (30000 \u012ftraukim\u0173)<br \/>\n\u2022 Integruota 850 mAh baterija (\u012fkraunama per C tipo jungt\u012f)<br \/>\n\u2022 Dvigubos tinklelio rit\u0117s (1 omas + 1 omas)<br \/>\n\u2022 LED ekranas, skirtas baterijai ir alyvai<br \/>\n\u2022 Reguliuojamas oro srautas<br \/>\n\u2022 Galimi 16 skoni\u0173<\/p>\n<figure id=\"attachment_3844\" aria-describedby=\"caption-attachment-3844\" style=\"width: 800px\" class=\"wp-caption alignnone\"><img decoding=\"async\" class=\"wp-image-3844 size-full\" src=\"https:\/\/vapestornado.com\/wp-content\/uploads\/2025\/03\/WASPE-FIHP-30000-Puffs-Rechargeable-Disposable-Vape.jpg\" alt=\"WASPE FIHP 30000 \u012ftraukim\u0173 \u012fkraunamas vienkartinis garintuvas\" width=\"800\" height=\"800\" srcset=\"https:\/\/vapestornado.com\/wp-content\/uploads\/2025\/03\/WASPE-FIHP-30000-Puffs-Rechargeable-Disposable-Vape.jpg 800w, https:\/\/vapestornado.com\/wp-content\/uploads\/2025\/03\/WASPE-FIHP-30000-Puffs-Rechargeable-Disposable-Vape-300x300.jpg 300w, https:\/\/vapestornado.com\/wp-content\/uploads\/2025\/03\/WASPE-FIHP-30000-Puffs-Rechargeable-Disposable-Vape-150x150.jpg 150w, https:\/\/vapestornado.com\/wp-content\/uploads\/2025\/03\/WASPE-FIHP-30000-Puffs-Rechargeable-Disposable-Vape-768x768.jpg 768w, https:\/\/vapestornado.com\/wp-content\/uploads\/2025\/03\/WASPE-FIHP-30000-Puffs-Rechargeable-Disposable-Vape-600x600.jpg 600w, https:\/\/vapestornado.com\/wp-content\/uploads\/2025\/03\/WASPE-FIHP-30000-Puffs-Rechargeable-Disposable-Vape-100x100.jpg 100w\" sizes=\"(max-width: 800px) 100vw, 800px\" \/><figcaption id=\"caption-attachment-3844\" class=\"wp-caption-text\">WASPE FIHP 30000 \u012ftraukim\u0173 \u012fkraunamas vienkartinis garintuvas<\/figcaption><\/figure>\n<h2 class=\"product-title\"><strong>WASPE FIHP 30K Puffs Smart Vape Skoni\u0173 s\u0105ra\u0161as<\/strong><\/h2>\n<article class=\"group\/turn w-full text-token-text-primary focus-visible:outline-2 focus-visible:outline-offset-[-4px]\" dir=\"auto\" data-testid=\"conversation-turn-61\" data-scroll-anchor=\"true\">\n<div class=\"text-base my-auto mx-auto py-[18px] px-6\">\n<div class=\"mx-auto flex flex-1 text-base gap-4 md:gap-5 lg:gap-6 md:max-w-3xl lg:max-w-[40rem] xl:max-w-[48rem]\">\n<div class=\"group\/conversation-turn relative flex w-full min-w-0 flex-col agent-turn @xs\/thread:px-0 @sm\/thread:px-1.5 @md\/thread:px-4\">\n<div class=\"flex-col gap-1 md:gap-3\">\n<div class=\"flex max-w-full flex-col flex-grow\">\n<div class=\"min-h-8 text-message relative flex w-full flex-col items-end gap-2 whitespace-normal break-words text-start [.text-message+&amp;]:mt-5\" dir=\"auto\" data-message-author-role=\"assistant\" data-message-id=\"762d7e41-70d5-4ddf-94cb-85ef5025d3a8\" data-message-model-slug=\"gpt-4o\">\n<div class=\"flex w-full flex-col gap-1 empty:hidden first:pt-[3px]\">\n<div class=\"markdown prose w-full break-words dark:prose-invert light\">\n<p>1. Arb\u016bzo ledas <strong><span style=\"color: #ff0000;\">&gt;&gt;&gt;&gt; Kar\u0161ta!<\/span><\/strong><br \/>\n2. Vy\u0161ni\u0173 ledas<br \/>\n3. Vynuogi\u0173 ledas<br \/>\n4. Persik\u0173 uogos <strong><span style=\"color: #ff0000;\">&gt;&gt;&gt;&gt; Kar\u0161ta!<\/span><\/strong><br \/>\n5. Bra\u0161ki\u0173 mango<br \/>\n6. Bra\u0161ki\u0173 ir kivi\u0173<br \/>\n7. Mi\u0161rios uogos<br \/>\n8. M\u0117lyni\u0173 avie\u010di\u0173 <strong><span style=\"color: #ff0000;\">&gt;&gt;&gt;&gt; Kar\u0161ta!<\/span><\/strong><br \/>\n9. Bra\u0161ki\u0173 arb\u016bzas <strong><span style=\"color: #ff0000;\">&gt;&gt;&gt;&gt; Geriausias!<\/span><\/strong><br \/>\n10. Kiviai, pasifloros, gvajava<br \/>\n11. Bra\u0161ki\u0173 Red Bull<br \/>\n12. Arb\u016bzas, mango, persikas <strong><span style=\"color: #ff0000;\">&gt;&gt;&gt;&gt; Kar\u0161ta!<\/span><\/strong><br \/>\n13. Dvigubas obuoli\u0173 ledas<br \/>\n14. Arb\u016bzin\u0117 kramtomoji guma<br \/>\n15. Bra\u0161ki\u0173, avie\u010di\u0173, vy\u0161ni\u0173 <strong><span style=\"color: #ff0000;\">&gt;&gt;&gt;&gt; Kar\u0161ta!<\/span><\/strong><br \/>\n16. M\u0117lyni\u0173 ledas<\/p>\n<\/div>\n<\/div>\n<\/div>\n<\/div>\n<\/div>\n<\/div>\n<\/div>\n<\/div>\n<\/article>\n<article class=\"w-full text-token-text-primary focus-visible:outline-2 focus-visible:outline-offset-[-4px]\" dir=\"auto\" data-testid=\"conversation-turn-32\" data-scroll-anchor=\"false\">\n<div class=\"m-auto text-base py-[18px] px-6\">\n<div class=\"mx-auto flex flex-1 text-base gap-4 md:gap-5 lg:gap-6 md:max-w-3xl lg:max-w-[40rem] xl:max-w-[48rem]\">\n<div class=\"group\/conversation-turn relative flex w-full min-w-0 flex-col @xs\/thread:px-0 @sm\/thread:px-1.5 @md\/thread:px-4\">\n<div class=\"flex-col gap-1 md:gap-3\">\n<div class=\"flex max-w-full flex-col flex-grow\">\n<div class=\"min-h-8 text-message flex w-full flex-col items-end gap-2 whitespace-normal break-words text-start [.text-message+&amp;]:mt-5\" dir=\"auto\" data-message-author-role=\"user\" data-message-id=\"ffac41ca-1db4-431b-873a-32c4052956f1\">\n<div class=\"flex w-full flex-col gap-1 empty:hidden items-end rtl:items-start\">\n<div class=\"relative max-w-[var(--user-chat-width,70%)] rounded-3xl bg-token-message-surface px-5 py-2.5\">\n<div class=\"absolute bottom-0 right-full top-0 -mr-3.5 hidden pr-5 pt-2 [.group\/conversation-turn:hover_&amp;]:flex\">\n<div class=\"flex\">\n<article class=\"w-full text-token-text-primary focus-visible:outline-2 focus-visible:outline-offset-[-4px]\" dir=\"auto\" data-testid=\"conversation-turn-39\" data-scroll-anchor=\"true\">\n<div class=\"m-auto text-base py-[18px] px-6\">\n<div class=\"mx-auto flex flex-1 text-base gap-4 md:gap-5 lg:gap-6 md:max-w-3xl lg:max-w-[40rem] xl:max-w-[48rem]\">\n<div class=\"group\/conversation-turn relative flex w-full min-w-0 flex-col agent-turn @xs\/thread:px-0 @sm\/thread:px-1.5 @md\/thread:px-4\">\n<div class=\"flex-col gap-1 md:gap-3\">\n<div class=\"flex max-w-full flex-col flex-grow\">\n<div class=\"min-h-8 text-message flex w-full flex-col items-end gap-2 whitespace-normal break-words text-start [.text-message+&amp;]:mt-5\" dir=\"auto\" data-message-author-role=\"assistant\" data-message-id=\"55a23854-ec57-48dd-bd4f-6118f43d6241\" data-message-model-slug=\"gpt-4o\">\n<div class=\"flex w-full flex-col gap-1 empty:hidden first:pt-[3px]\">\n<div class=\"markdown prose w-full break-words dark:prose-invert light\"><\/div>\n<\/div>\n<\/div>\n<\/div>\n<\/div>\n<\/div>\n<\/div>\n<\/div>\n<\/article>\n<\/div>\n<\/div>\n<\/div>\n<\/div>\n<\/div>\n<\/div>\n<\/div>\n<\/div>\n<\/div>\n<\/div>\n<\/article>\n<h2>Kod\u0117l verta rinktis \u201evapestornado\u201c norint pateikti didel\u012f \u201eFIHP 30000 Puffs Smart Vape\u201c u\u017esakym\u0105?<\/h2>\n<div class=\"flex-shrink-0 flex flex-col relative items-end\">\n<div class=\"pt-0\">\n<div class=\"gizmo-bot-avatar flex h-8 w-8 items-center justify-center overflow-hidden rounded-full\">\n<div class=\"relative p-1 rounded-sm flex items-center justify-center bg-token-main-surface-primary text-token-text-primary h-8 w-8\">\n<p>Kai kalbama apie <strong data-start=\"97\" data-end=\"127\">didmenin\u0117 prekyba vienkartiniais vape<\/strong>, <strong data-start=\"129\" data-end=\"162\">internetiniame garintuv\u0173 parduotuv\u0117je \u201eVapestornado\u201c<\/strong> yra j\u016bs\u0173 galutinis tikslas! Mes si\u016blome <strong data-start=\"202\" data-end=\"230\">konkurencingas kainas perkant dideliais kiekiais<\/strong>, u\u017etikrinant, kad gausite geriausius pasi\u016blymus <strong data-start=\"271\" data-end=\"302\">FIHP 30000 R\u016bkali\u0173 Elektroninis Vapes<\/strong> nepakenkiant kokybei. Su <strong data-start=\"338\" data-end=\"355\">greit\u0105 pristatym\u0105<\/strong>, <strong data-start=\"357\" data-end=\"380\">saugiomis transakcijomis<\/strong>ir pla\u010diu <strong data-start=\"406\" data-end=\"434\">populiari\u0173 vienkartini\u0173 vape<\/strong>, mes pasir\u016bpiname, kad didmeniniai pirkimai b\u016bt\u0173 be r\u016bpes\u010di\u0173. Be to, m\u016bs\u0173 <strong data-start=\"483\" data-end=\"508\">klient\u0173 aptarnavimo komanda<\/strong> visada pasiruo\u0161usi pad\u0117ti jums atsakyti \u012f didmenin\u0117s prekybos klausimus. Nesvarbu, ar esate ma\u017emenininkas, ar platintojas, <strong data-start=\"608\" data-end=\"650\">Vapestornado si\u016blo neprilygstam\u0105 vert\u0119<\/strong> auk\u0161tos kokyb\u0117s <strong data-start=\"667\" data-end=\"708\">\u012fkraunamiems garintuvams su i\u0161maniaisiais ekranais<\/strong>. U\u017esisakykite \u0161iandien ir apsir\u016bpinkite naujausiais <strong data-start=\"749\" data-end=\"782\">ilgai veikian\u010diais vienkartiniais garintuvais<\/strong> geriausiomis kainomis!<\/p>\n<\/div>\n<h3><\/h3>\n<div class=\"relative p-1 rounded-sm flex items-center justify-center bg-token-main-surface-primary text-token-text-primary h-8 w-8\">\n<h2>DUK apie WASPE30000 Puffs Smart vienkartin\u0119 elektronin\u0119 cigaret\u0119<\/h2>\n<p data-start=\"1945\" data-end=\"2182\"><strong data-start=\"1945\" data-end=\"2010\">1. Kiek ilgai veikia FIHP 30000 \u012ftraukim\u0173 i\u0161manusis ekranas?<\/strong><br data-start=\"2010\" data-end=\"2013\" \/>Gyvavimo trukm\u0117 priklauso nuo j\u016bs\u0173 garinimo stiliaus. Esant <strong data-start=\"2059\" data-end=\"2075\">\u012eprastas re\u017eimas<\/strong>, j\u016bs gaunate iki <strong data-start=\"2091\" data-end=\"2107\">30 000 \u012ftraukim\u0173<\/strong>, o <strong data-start=\"2115\" data-end=\"2129\">Pulso re\u017eimas<\/strong> suteikia <strong data-start=\"2139\" data-end=\"2155\">15 000 \u012ftraukim\u0173<\/strong> su intensyvesniu skoniu.<\/p>\n<p data-start=\"2184\" data-end=\"2353\"><strong data-start=\"2184\" data-end=\"2221\">2. Ar galiu \u012fkrauti FIHP 30000?<\/strong><br data-start=\"2221\" data-end=\"2224\" \/>Taip! \u0160is garintuvas turi <strong data-start=\"2251\" data-end=\"2282\">850mAh \u012fkraunama baterija<\/strong> ir naudoja <strong data-start=\"2294\" data-end=\"2318\">C tipo \u012fkrovimo prievadas<\/strong> greitam ir efektyviam \u012fkrovimui.<\/p>\n<p data-start=\"2355\" data-end=\"2561\"><strong data-start=\"2355\" data-end=\"2402\">3. Kokia i\u0161manaus ekrano nauda?<\/strong><br data-start=\"2402\" data-end=\"2405\" \/>\u0160is <strong data-start=\"2409\" data-end=\"2430\">LED i\u0161manusis ekranas<\/strong> seka j\u016bs\u0173 <strong data-start=\"2451\" data-end=\"2499\">baterijos veikimo laik\u0105, e-skys\u010dio lyg\u012f ir \u012ftraukim\u0173 skai\u010di\u0173<\/strong>, teikdamas realaus laiko duomenis skland\u017eiam garinimo patyrimui.<\/p>\n<p data-start=\"2563\" data-end=\"2758\"><strong data-start=\"2563\" data-end=\"2614\">4. Ar FIHP 30000 turi reguliuojam\u0105 oro sraut\u0105?<\/strong><br data-start=\"2614\" data-end=\"2617\" \/>Taip! J\u016bs galite modifikuoti <strong data-start=\"2641\" data-end=\"2660\">oro srauto nustatym\u0105<\/strong> kad gautum\u0117te <strong data-start=\"2670\" data-end=\"2696\">stipresn\u012f arba silpnesn\u012f traukim\u0105<\/strong>, pagerindami savo garinimo patirt\u012f, kad atitikt\u0173 j\u016bs\u0173 pageidavimus.<\/p>\n<p data-start=\"2760\" data-end=\"2995\"><strong data-start=\"2760\" data-end=\"2818\">5. Kur galiu \u012fsigyti FIHP 30000 didmenin\u0117mis kainomis?<\/strong><br data-start=\"2818\" data-end=\"2821\" \/>D\u0117l <strong data-start=\"2825\" data-end=\"2863\">dideli pirkiniai ir didmenin\u0117s prekybos pasi\u016blymai<\/strong>, apsilankykite <strong data-start=\"2871\" data-end=\"2904\">internetiniame garintuv\u0173 parduotuv\u0117je \u201eVapestornado\u201c<\/strong> \u2013 j\u016bs\u0173 patikimas \u0161altinis <strong data-start=\"2931\" data-end=\"2962\">\u012fperkami vienkartiniai garintuvai<\/strong> su <strong data-start=\"2968\" data-end=\"2992\">auk\u0161\u010diausio lygio na\u0161umas<\/strong>.<\/p>\n<\/div>\n<\/div>\n<\/div>\n<\/div>","protected":false},"excerpt":{"rendered":"<p>\u0160is <strong data-start=\"1431\" data-end=\"1462\">WASPE FIHP 30000 \u012ftraukim\u0173 garintuvas<\/strong> pasi\u017eymi dvigubais garinimo re\u017eimais, i\u0161maniuoju ekrano steb\u0117jimu ir 28 ml e. skys\u010dio. Galingas \u012fkraunamas variantas, skirtas <strong data-start=\"1570\" data-end=\"1606\">didmenin\u0117s prekybos garintuv\u0173 rinkoms Europoje<\/strong>.<\/p>\n<p><strong>Prid\u0117kite Amy's whatsapp, kad gautum\u0117te tinkam\u0105 atsakym\u0105 ir nuolaidos kain\u0105!<\/strong><\/p>\n<p><img fetchpriority=\"high\" decoding=\"async\" class=\"size-full wp-image-2932\" src=\"https:\/\/vapestornado.com\/wp-content\/uploads\/2024\/12\/Vape-Wholesale.jpg\" alt=\"Garintuvai Didmenin\u0117 prekyba\" width=\"229\" height=\"300\" \/><\/p>\n<h3><a href=\"https:\/\/wa.me\/8617776015835\"><span style=\"color: #ff0000;\"><strong>WhatsApp: +86 17776015835<\/strong><\/span><\/a><\/h3>\n<p>&nbsp;<\/p>","protected":false},"featured_media":3840,"comment_status":"open","ping_status":"closed","template":"","meta":{"_acf_changed":false,"_uag_custom_page_level_css":"","_lmt_disableupdate":"no","_lmt_disable":"","_monsterinsights_skip_tracking":false,"_monsterinsights_sitenote_active":false,"_monsterinsights_sitenote_note":"","_monsterinsights_sitenote_category":0,"site-sidebar-layout":"default","site-content-layout":"","ast-site-content-layout":"default","site-content-style":"default","site-sidebar-style":"default","ast-global-header-display":"","ast-banner-title-visibility":"","ast-main-header-display":"","ast-hfb-above-header-display":"","ast-hfb-below-header-display":"","ast-hfb-mobile-header-display":"","site-post-title":"","ast-breadcrumbs-content":"","ast-featured-img":"","footer-sml-layout":"","ast-disable-related-posts":"","theme-transparent-header-meta":"default","adv-header-id-meta":"","stick-header-meta":"","header-above-stick-meta":"","header-main-stick-meta":"","header-below-stick-meta":"","astra-migrate-meta-layouts":"set","ast-page-background-enabled":"default","ast-page-background-meta":{"desktop":{"background-color":"","background-image":"","background-repeat":"repeat","background-position":"center center","background-size":"auto","background-attachment":"scroll","background-type":"","background-media":"","overlay-type":"","overlay-color":"","overlay-opacity":"","overlay-gradient":""},"tablet":{"background-color":"","background-image":"","background-repeat":"repeat","background-position":"center center","background-size":"auto","background-attachment":"scroll","background-type":"","background-media":"","overlay-type":"","overlay-color":"","overlay-opacity":"","overlay-gradient":""},"mobile":{"background-color":"","background-image":"","background-repeat":"repeat","background-position":"center center","background-size":"auto","background-attachment":"scroll","background-type":"","background-media":"","overlay-type":"","overlay-color":"","overlay-opacity":"","overlay-gradient":""}},"ast-content-background-meta":{"desktop":{"background-color":"var(--ast-global-color-5)","background-image":"","background-repeat":"repeat","background-position":"center center","background-size":"auto","background-attachment":"scroll","background-type":"","background-media":"","overlay-type":"","overlay-color":"","overlay-opacity":"","overlay-gradient":""},"tablet":{"background-color":"var(--ast-global-color-5)","background-image":"","background-repeat":"repeat","background-position":"center center","background-size":"auto","background-attachment":"scroll","background-type":"","background-media":"","overlay-type":"","overlay-color":"","overlay-opacity":"","overlay-gradient":""},"mobile":{"background-color":"var(--ast-global-color-5)","background-image":"","background-repeat":"repeat","background-position":"center center","background-size":"auto","background-attachment":"scroll","background-type":"","background-media":"","overlay-type":"","overlay-color":"","overlay-opacity":"","overlay-gradient":""}},"_joinchat":{"telephone":"17776015835"}},"product_brand":[],"product_cat":[19,67,151,154,142,146,60],"product_tag":[105,97,250,94,241,93,101,255],"class_list":{"0":"post-3861","1":"product","2":"type-product","3":"status-publish","4":"has-post-thumbnail","6":"product_cat-vapes","7":"product_cat-30000-puff","8":"product_cat-buy-disposable-vapes-in-france","9":"product_cat-buy-disposable-vapes-in-netherlands","10":"product_cat-digital-box-disposable-vapes","11":"product_cat-rechargeable-disposable-vapes","12":"product_cat-waspe-fihp-vape","13":"product_tag-digital-disposable-vape","14":"product_tag-hot-sale-disposable-vape","15":"product_tag-puff-30k","16":"product_tag-rechargeable-disposable-vape","17":"product_tag-smart-screen-disposable-vape","18":"product_tag-vape-wholesale","19":"product_tag-waspe-30k","20":"product_tag-waspe-fihp-30000","21":"desktop-align-left","22":"tablet-align-left","23":"mobile-align-left","25":"first","26":"instock","27":"sale","28":"shipping-taxable","29":"purchasable","30":"product-type-simple"},"acf":[],"uagb_featured_image_src":{"full":["https:\/\/vapestornado.com\/wp-content\/uploads\/2025\/03\/Wasp-FIHP-30000-Puffs-Vape-30k-Popular-Flavours.jpg",800,800,false],"thumbnail":["https:\/\/vapestornado.com\/wp-content\/uploads\/2025\/03\/Wasp-FIHP-30000-Puffs-Vape-30k-Popular-Flavours-150x150.jpg",150,150,true],"medium":["https:\/\/vapestornado.com\/wp-content\/uploads\/2025\/03\/Wasp-FIHP-30000-Puffs-Vape-30k-Popular-Flavours-300x300.jpg",300,300,true],"medium_large":["https:\/\/vapestornado.com\/wp-content\/uploads\/2025\/03\/Wasp-FIHP-30000-Puffs-Vape-30k-Popular-Flavours-768x768.jpg",768,768,true],"large":["https:\/\/vapestornado.com\/wp-content\/uploads\/2025\/03\/Wasp-FIHP-30000-Puffs-Vape-30k-Popular-Flavours.jpg",800,800,false],"1536x1536":["https:\/\/vapestornado.com\/wp-content\/uploads\/2025\/03\/Wasp-FIHP-30000-Puffs-Vape-30k-Popular-Flavours.jpg",800,800,false],"2048x2048":["https:\/\/vapestornado.com\/wp-content\/uploads\/2025\/03\/Wasp-FIHP-30000-Puffs-Vape-30k-Popular-Flavours.jpg",800,800,false],"trp-custom-language-flag":["https:\/\/vapestornado.com\/wp-content\/uploads\/2025\/03\/Wasp-FIHP-30000-Puffs-Vape-30k-Popular-Flavours.jpg",12,12,false],"woocommerce_thumbnail":["https:\/\/vapestornado.com\/wp-content\/uploads\/2025\/03\/Wasp-FIHP-30000-Puffs-Vape-30k-Popular-Flavours-300x300.jpg",300,300,true],"woocommerce_single":["https:\/\/vapestornado.com\/wp-content\/uploads\/2025\/03\/Wasp-FIHP-30000-Puffs-Vape-30k-Popular-Flavours-600x600.jpg",600,600,true],"woocommerce_gallery_thumbnail":["https:\/\/vapestornado.com\/wp-content\/uploads\/2025\/03\/Wasp-FIHP-30000-Puffs-Vape-30k-Popular-Flavours-100x100.jpg",100,100,true]},"uagb_author_info":{"display_name":"ESAMY","author_link":"https:\/\/vapestornado.com\/lt\/author\/"},"uagb_comment_info":0,"uagb_excerpt":"The WASPE FIHP 30000 Puffs Vape features dual vaping modes, smart screen monitoring, and 28ml e-liquid. A powerful rechargeable option for wholesale vape markets in Europe. Add Amy's whatsapp to get right reply and discount price! WhatsApp: +86 17776015835 &nbsp;","_links":{"self":[{"href":"https:\/\/vapestornado.com\/lt\/wp-json\/wp\/v2\/product\/3861","targetHints":{"allow":["GET"]}}],"collection":[{"href":"https:\/\/vapestornado.com\/lt\/wp-json\/wp\/v2\/product"}],"about":[{"href":"https:\/\/vapestornado.com\/lt\/wp-json\/wp\/v2\/types\/product"}],"replies":[{"embeddable":true,"href":"https:\/\/vapestornado.com\/lt\/wp-json\/wp\/v2\/comments?post=3861"}],"wp:featuredmedia":[{"embeddable":true,"href":"https:\/\/vapestornado.com\/lt\/wp-json\/wp\/v2\/media\/3840"}],"wp:attachment":[{"href":"https:\/\/vapestornado.com\/lt\/wp-json\/wp\/v2\/media?parent=3861"}],"wp:term":[{"taxonomy":"product_brand","embeddable":true,"href":"https:\/\/vapestornado.com\/lt\/wp-json\/wp\/v2\/product_brand?post=3861"},{"taxonomy":"product_cat","embeddable":true,"href":"https:\/\/vapestornado.com\/lt\/wp-json\/wp\/v2\/product_cat?post=3861"},{"taxonomy":"product_tag","embeddable":true,"href":"https:\/\/vapestornado.com\/lt\/wp-json\/wp\/v2\/product_tag?post=3861"}],"curies":[{"name":"wp","href":"https:\/\/api.w.org\/{rel}","templated":true}]}}