{"id":3859,"date":"2025-03-14T08:36:08","date_gmt":"2025-03-14T08:36:08","guid":{"rendered":"https:\/\/vapestornado.com\/?post_type=product&#038;p=3859"},"modified":"2025-08-23T12:40:31","modified_gmt":"2025-08-23T12:40:31","slug":"vapsolo-galaxy-30000-vapers-30k-puff-disposable-vape-e-cigarette-with-smart-screen","status":"publish","type":"product","link":"https:\/\/vapestornado.com\/lt\/product\/vapsolo-galaxy-30000-vapers-30k-puff-disposable-vape-e-cigarette-with-smart-screen\/","title":{"rendered":"Vapsolo Galaxy 30000 Vapers 30K vienkartin\u0117 elektronin\u0117 cigaret\u0117 su i\u0161maniuoju ekranu"},"content":{"rendered":"<h1 data-pm-slice=\"1 1 []\">Vapsolo Galaxy 30000 Vapers 30K vienkartin\u0117 elektronin\u0117 cigaret\u0117 su i\u0161maniuoju ekranu<\/h1>\n<p>&nbsp;<\/p>\n<p>\u0160is <strong data-start=\"343\" data-end=\"389\">Vapsolo Galaxy 30000 \u012ftraukim\u0173 vienkartinis garintuvas<\/strong> nustato nauj\u0105 auk\u0161\u010diausios kokyb\u0117s elektronini\u0173 cigare\u010di\u0173 standart\u0105, apjungiant\u012f <strong data-start=\"447\" data-end=\"517\">ilgalaik\u0119 talp\u0105, i\u0161man\u0173j\u012f jutiklin\u012f ekran\u0105 ir reguliuojam\u0105 oro sraut\u0105<\/strong> viename kompakti\u0161kame \u012frenginyje. Si\u016blanti iki <strong data-start=\"556\" data-end=\"572\">30 000 \u012ftraukim\u0173<\/strong>, \u0161is garintuvas sukurtas garintojams, kurie nori tiek i\u0161tverm\u0117s, tiek skonio \u012fvairov\u0117s.<\/p>\n<p>Jo <strong data-start=\"663\" data-end=\"691\">spalvotas i\u0161manusis ekranas<\/strong> suteikia realaus laiko \u012f\u017evalgas apie baterijos veikimo laik\u0105 ir e-skys\u010dio lygius, o <strong data-start=\"769\" data-end=\"806\">4 lygi\u0173 reguliuojamo oro srauto sistema<\/strong> leid\u017eia individualizuoti \u012ftraukimus \u2013 nuo \u200b\u200bgrie\u017et\u0173 MTL sm\u016bgi\u0173 iki skland\u017ei\u0173 DTL debes\u0173. Maitinamas <strong data-start=\"901\" data-end=\"932\">850mAh \u012fkraunama baterija<\/strong> su C tipo greituoju \u012fkrovimu, Galaxy 30K u\u017etikrina minimali\u0105 prastov\u0105 ir maksimal\u0173 patogum\u0105.<\/p>\n<p>Su <strong data-start=\"1044\" data-end=\"1077\">unikal\u016bs ra\u0161alo plovimo spalv\u0173 dizainai<\/strong> kiekvienam skoniui, \u0161is garintuvas ne tik gerai veikia, bet ir atrodo stulbinan\u010diai. U\u017epildytas <strong data-start=\"1172\" data-end=\"1192\">auk\u0161\u010diausios kokyb\u0117s e-skys\u010diu<\/strong> ir yra \u012fvairaus stiprumo nikotino, jis tinka tiek atsitiktiniams vartotojams, tiek sunkiems garintojams.<\/p>\n<p>Ma\u017emenininkams ir platintojams Galaxy 30K si\u016blo neprilygstam\u0105 vert\u0119 <strong data-start=\"1371\" data-end=\"1400\">didmenin\u0117mis kainomis<\/strong>, tod\u0117l tai yra b\u016btinas dalykas bet kuriame Europos garinimo inventoriuje.<\/p>\n<p><strong><span style=\"color: #ff0000;\">Prid\u0117kite Amy whatsapp, gaukite tiesiogin\u012f atsakym\u0105 ir kupon\u0105 veipui!<\/span><\/strong><\/p>\n<p><img fetchpriority=\"high\" decoding=\"async\" class=\"size-full wp-image-2932\" src=\"https:\/\/vapestornado.com\/wp-content\/uploads\/2024\/12\/Vape-Wholesale.jpg\" alt=\"Garintuvai Didmenin\u0117 prekyba\" width=\"229\" height=\"300\" \/><\/p>\n<h3><a href=\"https:\/\/wa.me\/8617776015835\" target=\"_blank\" rel=\"noopener\"><span style=\"color: #ff0000;\"><strong>WhatsApp: +86 17776015835<\/strong><\/span><\/a><\/h3>\n<p>&nbsp;<\/p>\n<h2><strong>Vapsolo Galaxy 30000 Digital Box Produkto Savyb\u0117s<\/strong><\/h2>\n<p>I\u0161p\u016btimai: 30000 i\u0161p\u016btim\u0173<br \/>\nDviguba tinklelio rit\u0117 1,0 omo<br \/>\nBaterija: 850mAh<br \/>\nE-skystis: 40ml<br \/>\nNikotinas: 2%\/5% nikotino<br \/>\n\u012ekraunamas per Type-C<br \/>\nEkrane rodomas aliejaus kiekis ir baterijos lygis<\/p>\n<figure id=\"attachment_3854\" aria-describedby=\"caption-attachment-3854\" style=\"width: 800px\" class=\"wp-caption alignnone\"><img decoding=\"async\" class=\"wp-image-3854 size-full\" src=\"https:\/\/vapestornado.com\/wp-content\/uploads\/2025\/03\/Original-Vapsolo-30000-Puffs-Best-Flavor.webp\" alt=\"Originalus Vapsolo 30000 \u012fkv\u0117pim\u0173 geriausias skonis\" width=\"800\" height=\"800\" srcset=\"https:\/\/vapestornado.com\/wp-content\/uploads\/2025\/03\/Original-Vapsolo-30000-Puffs-Best-Flavor.webp 800w, https:\/\/vapestornado.com\/wp-content\/uploads\/2025\/03\/Original-Vapsolo-30000-Puffs-Best-Flavor-300x300.webp 300w, https:\/\/vapestornado.com\/wp-content\/uploads\/2025\/03\/Original-Vapsolo-30000-Puffs-Best-Flavor-150x150.webp 150w, https:\/\/vapestornado.com\/wp-content\/uploads\/2025\/03\/Original-Vapsolo-30000-Puffs-Best-Flavor-768x768.webp 768w, https:\/\/vapestornado.com\/wp-content\/uploads\/2025\/03\/Original-Vapsolo-30000-Puffs-Best-Flavor-600x600.webp 600w, https:\/\/vapestornado.com\/wp-content\/uploads\/2025\/03\/Original-Vapsolo-30000-Puffs-Best-Flavor-100x100.webp 100w\" sizes=\"(max-width: 800px) 100vw, 800px\" \/><figcaption id=\"caption-attachment-3854\" class=\"wp-caption-text\">Originalus Vapsolo 30000 \u012fkv\u0117pim\u0173 geriausias skonis<\/figcaption><\/figure>\n<h2 class=\"product-title\"><strong>Vapsolo Galaxy 30k skoni\u0173 s\u0105ra\u0161as<\/strong><\/h2>\n<p>&nbsp;<\/p>\n<p>1.Aviet\u0117 arb\u016bzas <strong><span style=\"color: #ff0000;\">&gt;&gt;&gt;&gt; Kar\u0161ta!<\/span><\/strong><\/p>\n<p>2.M\u0117lynasis razas <strong><span style=\"color: #ff0000;\">&gt;&gt;&gt;&gt; Geriausia!<\/span><\/strong><\/p>\n<p>3.Ananasas kokosas<\/p>\n<p>4. Arb\u016bz\u0173 ledas<\/p>\n<p>5.Citrina laimas<\/p>\n<p>6.Juodasis ledinis drakono vaisius<strong><span style=\"color: #ff0000;\">&gt;&gt;&gt;&gt; Kar\u0161ta!<\/span><\/strong><\/p>\n<p>7.Citrina persikas<\/p>\n<p>8.Bra\u0161k\u0117 aviet\u0117 vy\u0161nia ledas <strong><span style=\"color: #ff0000;\">&gt;&gt;&gt;&gt; Kar\u0161ta!<\/span><\/strong><\/p>\n<p>9. Bra\u0161ki\u0173 kivis<\/p>\n<p>10.Bra\u0161ki\u0173 Redbull <strong><span style=\"color: #ff0000;\">&gt;&gt;&gt;&gt; Kar\u0161ta!<\/span><\/strong><\/p>\n<p>11. Bra\u0161ki\u0173 bananas<\/p>\n<p>12. Trigubas melionas <strong><span style=\"color: #ff0000;\">&gt;&gt;&gt;&gt; Kar\u0161ta!<\/span><\/strong><\/p>\n<article class=\"w-full text-token-text-primary focus-visible:outline-2 focus-visible:outline-offset-[-4px]\" dir=\"auto\" data-testid=\"conversation-turn-32\" data-scroll-anchor=\"false\">\n<div class=\"m-auto text-base py-[18px] px-6\">\n<div class=\"mx-auto flex flex-1 text-base gap-4 md:gap-5 lg:gap-6 md:max-w-3xl lg:max-w-[40rem] xl:max-w-[48rem]\">\n<div class=\"group\/conversation-turn relative flex w-full min-w-0 flex-col @xs\/thread:px-0 @sm\/thread:px-1.5 @md\/thread:px-4\">\n<div class=\"flex-col gap-1 md:gap-3\">\n<div class=\"flex max-w-full flex-col flex-grow\">\n<div class=\"min-h-8 text-message flex w-full flex-col items-end gap-2 whitespace-normal break-words text-start [.text-message+&amp;]:mt-5\" dir=\"auto\" data-message-author-role=\"user\" data-message-id=\"ffac41ca-1db4-431b-873a-32c4052956f1\">\n<div class=\"flex w-full flex-col gap-1 empty:hidden items-end rtl:items-start\">\n<div class=\"relative max-w-[var(--user-chat-width,70%)] rounded-3xl bg-token-message-surface px-5 py-2.5\">\n<div class=\"absolute bottom-0 right-full top-0 -mr-3.5 hidden pr-5 pt-2 [.group\/conversation-turn:hover_&amp;]:flex\">\n<div class=\"flex\">\n<article class=\"w-full text-token-text-primary focus-visible:outline-2 focus-visible:outline-offset-[-4px]\" dir=\"auto\" data-testid=\"conversation-turn-39\" data-scroll-anchor=\"true\">\n<div class=\"m-auto text-base py-[18px] px-6\">\n<div class=\"mx-auto flex flex-1 text-base gap-4 md:gap-5 lg:gap-6 md:max-w-3xl lg:max-w-[40rem] xl:max-w-[48rem]\">\n<div class=\"group\/conversation-turn relative flex w-full min-w-0 flex-col agent-turn @xs\/thread:px-0 @sm\/thread:px-1.5 @md\/thread:px-4\">\n<div class=\"flex-col gap-1 md:gap-3\">\n<div class=\"flex max-w-full flex-col flex-grow\">\n<div class=\"min-h-8 text-message flex w-full flex-col items-end gap-2 whitespace-normal break-words text-start [.text-message+&amp;]:mt-5\" dir=\"auto\" data-message-author-role=\"assistant\" data-message-id=\"55a23854-ec57-48dd-bd4f-6118f43d6241\" data-message-model-slug=\"gpt-4o\">\n<div class=\"flex w-full flex-col gap-1 empty:hidden first:pt-[3px]\">\n<div class=\"markdown prose w-full break-words dark:prose-invert light\"><\/div>\n<\/div>\n<\/div>\n<\/div>\n<\/div>\n<\/div>\n<\/div>\n<\/div>\n<\/article>\n<\/div>\n<\/div>\n<\/div>\n<\/div>\n<\/div>\n<\/div>\n<\/div>\n<\/div>\n<\/div>\n<\/div>\n<\/article>\n<h2>Kod\u0117l verta rinktis \"vapestornado\" perkant \"Vapsolo Galaxy 30000\" garintuvus dideliais kiekiais?<\/h2>\n<div class=\"flex-shrink-0 flex flex-col relative items-end\">\n<div class=\"pt-0\">\n<div class=\"gizmo-bot-avatar flex h-8 w-8 items-center justify-center overflow-hidden rounded-full\">\n<div class=\"relative p-1 rounded-sm flex items-center justify-center bg-token-main-surface-primary text-token-text-primary h-8 w-8\">\n<p>Sveiki atvyk\u0119 \u012f \u201evapestornado\u201c, j\u016bs\u0173 patikim\u0105 internetin\u0119 elektronini\u0173 cigare\u010di\u0173 parduotuv\u0119, kurioje rasite auk\u0161\u010diausios kokyb\u0117s vienkartini\u0173 elektronini\u0173 cigare\u010di\u0173. Tur\u0117dami daugiau nei 5 met\u0173 patirt\u012f, si\u016blome jums populiarius vienkartini\u0173 elektronini\u0173 cigare\u010di\u0173 preki\u0173 \u017eenklus, tokius kaip \u201eFumot RandM Vape\u201c, \u201eVapme\u201c, \u201eBang Vape\u201c, \u201eWaspe Vape\u201c ir \u201eWGA Vape\u201c ir kt.<\/p>\n<p>M\u016bs\u0173 asortimente yra populiari\u0173 dvigubo skonio vienkartini\u0173 gar\u0173, toki\u0173 kaip <a href=\"https:\/\/vapestornado.com\/lt\/product\/waspe-fihp-36000-36k-puff-twins-flavor-rechargeable-disposable-vape-bulk-buy-at-wholesale-prices\/\">FIHP 36K \u012etraukim\u0173 Dvyni\u0173 Skonis<\/a>, <a href=\"https:\/\/vapestornado.com\/lt\/product\/waspe-crystal-40000-puffs-40k-double-flavor-rechargeable-disposable-vapes-cheap-price\/\">WASPE Crystal 40k dvigubo skonio<\/a> ir sodraus skonio pasirinkimus, tokius kaip <a href=\"https:\/\/vapestornado.com\/lt\/product\/razzbar-15000-puffs-rechargeable-disposable-vape-bulk-buy-at-cheap-prices\/\">RAZZBAR 15000 \u012fp\u016btim\u0173<\/a>. Kiekvienas produktas yra atrenkamas, akcentuojant kokyb\u0119, vert\u0119 ir \u012fvairov\u0119, u\u017etikrinant, kad rastum\u0117te tobul\u0105 variant\u0105 savo poreikiams. Atraskite i\u0161skirtin\u012f aptarnavim\u0105 ir plat\u0173 auk\u0161\u010diausios kokyb\u0117s produkt\u0173 asortiment\u0105 didmenin\u0117mis kainomis vapestornado svetain\u0117je.<\/p>\n<\/div>\n<h3><\/h3>\n<div class=\"relative p-1 rounded-sm flex items-center justify-center bg-token-main-surface-primary text-token-text-primary h-8 w-8\">\n<h2>DUK apie \"Vapsolo Galaxy 30000\" vienkartin\u0119 e-cigaret\u0119<\/h2>\n<\/div>\n<\/div>\n<\/div>\n<\/div>\n<div class=\"flex-shrink-0 flex flex-col relative items-end\">\n<div class=\"pt-0\">\n<div class=\"gizmo-bot-avatar flex h-8 w-8 items-center justify-center overflow-hidden rounded-full\">\n<div class=\"relative p-1 rounded-sm flex items-center justify-center bg-token-main-surface-primary text-token-text-primary h-8 w-8\">\n<div class=\"mb-2 flex gap-3 empty:hidden -ml-2\">\n<ol data-start=\"1890\" data-end=\"2794\">\n<li data-start=\"1890\" data-end=\"2083\">\n<p data-start=\"1893\" data-end=\"1966\"><strong data-start=\"1893\" data-end=\"1964\">Kur galiu \u012fsigyti \"Vapsolo Galaxy 30000 Puffs\" didmenin\u0117mis kainomis?<\/strong><\/p>\n<ul data-start=\"1970\" data-end=\"2083\">\n<li data-start=\"1970\" data-end=\"2083\">Galite gauti <strong data-start=\"1984\" data-end=\"2008\">i\u0161skirtini\u0173 didmenini\u0173 pasi\u016blym\u0173<\/strong> Vapestornado<strong data-start=\"2012\" data-end=\"2040\">\u00a0elektronini\u0173 cigare\u010di\u0173 internetin\u0117je parduotuv\u0117je<\/strong>, patikimas didmenin\u0117s prekybos garintuvais \u0161altinis.<\/li>\n<\/ul>\n<\/li>\n<li data-start=\"2085\" data-end=\"2278\">\n<p data-start=\"2088\" data-end=\"2125\"><strong data-start=\"2088\" data-end=\"2123\">Kaip veikia i\u0161manusis ekranas?<\/strong><\/p>\n<ul data-start=\"2129\" data-end=\"2278\">\n<li data-start=\"2129\" data-end=\"2278\">\u0160is <strong data-start=\"2135\" data-end=\"2164\">i\u0161manusis jutiklinis ekranas<\/strong> suteikia <strong data-start=\"2174\" data-end=\"2231\">naujausia informacija apie baterijos b\u016bkl\u0119 ir e-skys\u010dio lyg\u012f<\/strong>, suteikdamas jums visi\u0161k\u0105 garintuvo kontrol\u0119.<\/li>\n<\/ul>\n<\/li>\n<li data-start=\"2280\" data-end=\"2442\">\n<p data-start=\"2283\" data-end=\"2324\"><strong data-start=\"2283\" data-end=\"2322\">Ar \"Vapsolo Galaxy\" yra pakraunamas?<\/strong><\/p>\n<ul data-start=\"2328\" data-end=\"2442\">\n<li data-start=\"2328\" data-end=\"2442\">Taip! \u012erenginio <strong data-start=\"2339\" data-end=\"2357\">850 mAh baterija<\/strong> is <strong data-start=\"2361\" data-end=\"2384\">Type-C \u012fkraunamas<\/strong>, u\u017etikrinantis ilgalaik\u012f veikim\u0105 su greitu \u012fkrovimu.<\/li>\n<\/ul>\n<\/li>\n<li data-start=\"2444\" data-end=\"2614\">\n<p data-start=\"2447\" data-end=\"2491\"><strong data-start=\"2447\" data-end=\"2489\">Ar galiu reguliuoti oro sraut\u0105 ant \u0161io garintuvo?<\/strong><\/p>\n<ul data-start=\"2495\" data-end=\"2614\">\n<li data-start=\"2495\" data-end=\"2614\">\u017dinoma! The <strong data-start=\"2513\" data-end=\"2543\">4 lygi\u0173 oro srauto reguliavimas<\/strong> leid\u017eia jums pritaikyti trauk\u0105 tobulai garinimo patir\u010diai.<\/li>\n<\/ul>\n<\/li>\n<li data-start=\"2616\" data-end=\"2794\">\n<p data-start=\"2619\" data-end=\"2666\"><strong data-start=\"2619\" data-end=\"2664\">Ar \u0161\u012f garintuv\u0105 galima \u012fsigyti dideliais kiekiais?<\/strong><\/p>\n<ul data-start=\"2670\" data-end=\"2794\">\n<li data-start=\"2670\" data-end=\"2794\">Taip! \u012erenginio <strong data-start=\"2681\" data-end=\"2711\">\"Vapsolo Galaxy 30000 Puffs\"<\/strong> yra idealus <strong data-start=\"2725\" data-end=\"2745\">didmeniniams pirk\u0117jams<\/strong>, si\u016blantis <strong data-start=\"2756\" data-end=\"2791\">auk\u0161\u010diausios klas\u0117s savybes u\u017e ma\u017e\u0105 kain\u0105<\/strong>.<\/li>\n<\/ul>\n<\/li>\n<\/ol>\n<h4>Kaip u\u017esisakyti?<\/h4>\n<p><strong>1. Kokius mok\u0117jimo b\u016bdus priimate?<\/strong><br \/>\nMes priimame IBAN pavedimus ir <span style=\"font-size: 16px;\">Western Union<\/span>\u00a0saugoms ir patogioms operacijoms.<\/p>\n<p><strong>2. Kaip galiu sekti savo u\u017esakym\u0105?<\/strong><br \/>\nKai j\u016bs\u0173 u\u017esakymas bus i\u0161si\u0173stas, <span class=\"selectable-text copyable-text false\">mes nuolat atnaujinsime krovini\u0173 sekim\u0105, kol gausite krovin\u012f<\/span>.<\/p>\n<p><strong>3. Koks yra numatomas pristatymo laikas?<\/strong><\/p>\n<ul>\n<li>Pristatymas i\u0161 <strong>Kinijos sand\u0117li\u0173<\/strong> u\u017etrunka ma\u017edaug <strong>7-14 darbo dien\u0173<\/strong>.<\/li>\n<li>Pristatymas i\u0161 <strong>Europos sand\u0117liai<\/strong> paprastai u\u017etrunka <strong>3-6 darbo dienas<\/strong>.<\/li>\n<\/ul>\n<p><strong>4. Kaip galiu gauti greitesn\u012f pristatym\u0105?<\/strong><br \/>\nNor\u0117dami grei\u010diau pristatyti, rekomenduojame u\u017esisakyti i\u0161 m\u016bs\u0173 <strong>Europos sand\u0117lio<\/strong>, kuris si\u016blo greitesn\u012f pristatymo laik\u0105.<\/p>\n<p><strong>5. Kaip gr\u0105\u017einti prek\u0119?<\/strong><br \/>\nNor\u0117dami gr\u0105\u017einti prek\u0119, susisiekite su m\u016bs\u0173 klient\u0173 aptarnavimo komanda, kad gautum\u0117te i\u0161samias instrukcijas d\u0117l gr\u0105\u017einimo proceso.<\/p>\n<p><strong>6. Ar si\u016blote tarptautin\u012f pristatym\u0105?<\/strong><br \/>\nTaip, mes siun\u010diame \u012f daugum\u0105 \u0161ali\u0173 ir tvarkome <strong>muitin\u0117s formalumus<\/strong> kad pristatymas b\u016bt\u0173 sklandus.<\/p>\n<p><strong>7. K\u0105 daryti, jei gaunu pa\u017eeist\u0105 ar brokuot\u0105 prek\u0119?<\/strong><br \/>\nJei j\u016bs\u0173 prek\u0117 yra pa\u017eeista ar brokuota, susisiekite su klient\u0173 aptarnavimo skyriumi d\u0117l <strong>pakeitimo arba pinig\u0173 gr\u0105\u017einimo<\/strong>.<\/p>\n<p><strong>8. Kaip galiu susisiekti su klient\u0173 aptarnavimo skyriumi?<\/strong><br \/>\nSu mumis galite susisiekti el. <strong>pa\u0161tu, \u201eWhatsApp\u201c arba tiesioginiu pokalbiu<\/strong> m\u016bs\u0173 svetain\u0117je, jei reikia pagalbos.<\/p>\n<\/div>\n<\/div>\n<\/div>\n<\/div>\n<\/div>","protected":false},"excerpt":{"rendered":"<p>Original\u016bs Vapsolo 30000 \u012ftraukim\u0173 geriausi ekraniniai garintuvai<br \/>\nDidmenin\u0117 prekyba i\u0161 gamyklos Vapsolo Galaxy Vapers 30K \u012ftraukim\u0173 vienkartinis garintuvas<br \/>\nVapsolo Galaxy 30000 \u012ftraukim\u0173 i\u0161manieji vienkartiniai garintuvai didmenine kaina<\/p>\n<p><strong>Prid\u0117kite Amy's whatsapp, kad gautum\u0117te tinkam\u0105 atsakym\u0105 ir nuolaidos kain\u0105!<\/strong><\/p>\n<p><img fetchpriority=\"high\" decoding=\"async\" class=\"size-full wp-image-2932\" src=\"https:\/\/vapestornado.com\/wp-content\/uploads\/2024\/12\/Vape-Wholesale.jpg\" alt=\"Garintuvai Didmenin\u0117 prekyba\" width=\"229\" height=\"300\" \/><\/p>\n<h3><a href=\"https:\/\/wa.me\/8617776015835\"><span style=\"color: #ff0000;\"><strong>WhatsApp: +86 17776015835<\/strong><\/span><\/a><\/h3>\n<p>&nbsp;<\/p>","protected":false},"featured_media":3855,"comment_status":"open","ping_status":"closed","template":"","meta":{"_acf_changed":false,"_uag_custom_page_level_css":"","_lmt_disableupdate":"no","_lmt_disable":"","_monsterinsights_skip_tracking":false,"_monsterinsights_sitenote_active":false,"_monsterinsights_sitenote_note":"","_monsterinsights_sitenote_category":0,"site-sidebar-layout":"default","site-content-layout":"","ast-site-content-layout":"default","site-content-style":"default","site-sidebar-style":"default","ast-global-header-display":"","ast-banner-title-visibility":"","ast-main-header-display":"","ast-hfb-above-header-display":"","ast-hfb-below-header-display":"","ast-hfb-mobile-header-display":"","site-post-title":"","ast-breadcrumbs-content":"","ast-featured-img":"","footer-sml-layout":"","ast-disable-related-posts":"","theme-transparent-header-meta":"default","adv-header-id-meta":"","stick-header-meta":"","header-above-stick-meta":"","header-main-stick-meta":"","header-below-stick-meta":"","astra-migrate-meta-layouts":"set","ast-page-background-enabled":"default","ast-page-background-meta":{"desktop":{"background-color":"","background-image":"","background-repeat":"repeat","background-position":"center center","background-size":"auto","background-attachment":"scroll","background-type":"","background-media":"","overlay-type":"","overlay-color":"","overlay-opacity":"","overlay-gradient":""},"tablet":{"background-color":"","background-image":"","background-repeat":"repeat","background-position":"center center","background-size":"auto","background-attachment":"scroll","background-type":"","background-media":"","overlay-type":"","overlay-color":"","overlay-opacity":"","overlay-gradient":""},"mobile":{"background-color":"","background-image":"","background-repeat":"repeat","background-position":"center center","background-size":"auto","background-attachment":"scroll","background-type":"","background-media":"","overlay-type":"","overlay-color":"","overlay-opacity":"","overlay-gradient":""}},"ast-content-background-meta":{"desktop":{"background-color":"var(--ast-global-color-5)","background-image":"","background-repeat":"repeat","background-position":"center center","background-size":"auto","background-attachment":"scroll","background-type":"","background-media":"","overlay-type":"","overlay-color":"","overlay-opacity":"","overlay-gradient":""},"tablet":{"background-color":"var(--ast-global-color-5)","background-image":"","background-repeat":"repeat","background-position":"center center","background-size":"auto","background-attachment":"scroll","background-type":"","background-media":"","overlay-type":"","overlay-color":"","overlay-opacity":"","overlay-gradient":""},"mobile":{"background-color":"var(--ast-global-color-5)","background-image":"","background-repeat":"repeat","background-position":"center center","background-size":"auto","background-attachment":"scroll","background-type":"","background-media":"","overlay-type":"","overlay-color":"","overlay-opacity":"","overlay-gradient":""}},"_joinchat":{"telephone":"17776015835"}},"product_brand":[],"product_cat":[19,67,149,158,143,146,171],"product_tag":[105,97,250,94,241,93,249],"class_list":{"0":"post-3859","1":"product","2":"type-product","3":"status-publish","4":"has-post-thumbnail","6":"product_cat-vapes","7":"product_cat-30000-puff","8":"product_cat-buy-disposable-vapes-in-austria","9":"product_cat-buy-disposable-vapes-in-spain","10":"product_cat-dual-mesh-disposable-vapes","11":"product_cat-rechargeable-disposable-vapes","12":"product_cat-vapsolo-disposable-vapes","13":"product_tag-digital-disposable-vape","14":"product_tag-hot-sale-disposable-vape","15":"product_tag-puff-30k","16":"product_tag-rechargeable-disposable-vape","17":"product_tag-smart-screen-disposable-vape","18":"product_tag-vape-wholesale","19":"product_tag-vapsolo-galaxy-30000","20":"desktop-align-left","21":"tablet-align-left","22":"mobile-align-left","24":"first","25":"instock","26":"sale","27":"shipping-taxable","28":"purchasable","29":"product-type-simple"},"acf":[],"uagb_featured_image_src":{"full":["https:\/\/vapestornado.com\/wp-content\/uploads\/2025\/03\/Vapsolo-Galaxy-30k-30000-Puffs-Disposable-Vape.webp",800,800,false],"thumbnail":["https:\/\/vapestornado.com\/wp-content\/uploads\/2025\/03\/Vapsolo-Galaxy-30k-30000-Puffs-Disposable-Vape-150x150.webp",150,150,true],"medium":["https:\/\/vapestornado.com\/wp-content\/uploads\/2025\/03\/Vapsolo-Galaxy-30k-30000-Puffs-Disposable-Vape-300x300.webp",300,300,true],"medium_large":["https:\/\/vapestornado.com\/wp-content\/uploads\/2025\/03\/Vapsolo-Galaxy-30k-30000-Puffs-Disposable-Vape-768x768.webp",768,768,true],"large":["https:\/\/vapestornado.com\/wp-content\/uploads\/2025\/03\/Vapsolo-Galaxy-30k-30000-Puffs-Disposable-Vape.webp",800,800,false],"1536x1536":["https:\/\/vapestornado.com\/wp-content\/uploads\/2025\/03\/Vapsolo-Galaxy-30k-30000-Puffs-Disposable-Vape.webp",800,800,false],"2048x2048":["https:\/\/vapestornado.com\/wp-content\/uploads\/2025\/03\/Vapsolo-Galaxy-30k-30000-Puffs-Disposable-Vape.webp",800,800,false],"trp-custom-language-flag":["https:\/\/vapestornado.com\/wp-content\/uploads\/2025\/03\/Vapsolo-Galaxy-30k-30000-Puffs-Disposable-Vape.webp",12,12,false],"woocommerce_thumbnail":["https:\/\/vapestornado.com\/wp-content\/uploads\/2025\/03\/Vapsolo-Galaxy-30k-30000-Puffs-Disposable-Vape-300x300.webp",300,300,true],"woocommerce_single":["https:\/\/vapestornado.com\/wp-content\/uploads\/2025\/03\/Vapsolo-Galaxy-30k-30000-Puffs-Disposable-Vape-600x600.webp",600,600,true],"woocommerce_gallery_thumbnail":["https:\/\/vapestornado.com\/wp-content\/uploads\/2025\/03\/Vapsolo-Galaxy-30k-30000-Puffs-Disposable-Vape-100x100.webp",100,100,true]},"uagb_author_info":{"display_name":"ESAMY","author_link":"https:\/\/vapestornado.com\/lt\/author\/"},"uagb_comment_info":0,"uagb_excerpt":"Original Vapsolo 30000 Puffs Best Screen Vaporizers Vape Factory Wholesale Vapsolo Galaxy Vapers 30K Puff Disposable Vape Vapsolo Galaxy 30000 Puff Smart Disposables Vape Bulk Price Add Amy's whatsapp to get right reply and discount price! WhatsApp: +86 17776015835 &nbsp;","_links":{"self":[{"href":"https:\/\/vapestornado.com\/lt\/wp-json\/wp\/v2\/product\/3859","targetHints":{"allow":["GET"]}}],"collection":[{"href":"https:\/\/vapestornado.com\/lt\/wp-json\/wp\/v2\/product"}],"about":[{"href":"https:\/\/vapestornado.com\/lt\/wp-json\/wp\/v2\/types\/product"}],"replies":[{"embeddable":true,"href":"https:\/\/vapestornado.com\/lt\/wp-json\/wp\/v2\/comments?post=3859"}],"wp:featuredmedia":[{"embeddable":true,"href":"https:\/\/vapestornado.com\/lt\/wp-json\/wp\/v2\/media\/3855"}],"wp:attachment":[{"href":"https:\/\/vapestornado.com\/lt\/wp-json\/wp\/v2\/media?parent=3859"}],"wp:term":[{"taxonomy":"product_brand","embeddable":true,"href":"https:\/\/vapestornado.com\/lt\/wp-json\/wp\/v2\/product_brand?post=3859"},{"taxonomy":"product_cat","embeddable":true,"href":"https:\/\/vapestornado.com\/lt\/wp-json\/wp\/v2\/product_cat?post=3859"},{"taxonomy":"product_tag","embeddable":true,"href":"https:\/\/vapestornado.com\/lt\/wp-json\/wp\/v2\/product_tag?post=3859"}],"curies":[{"name":"wp","href":"https:\/\/api.w.org\/{rel}","templated":true}]}}