{"id":3796,"date":"2025-02-19T07:21:03","date_gmt":"2025-02-19T07:21:03","guid":{"rendered":"https:\/\/vapestornado.com\/?post_type=product&#038;p=3796"},"modified":"2025-08-23T09:18:00","modified_gmt":"2025-08-23T09:18:00","slug":"waspe-12000-digital-box-12k-puff-vapes-disposable-wholesale-price","status":"publish","type":"product","link":"https:\/\/vapestornado.com\/lt\/product\/waspe-12000-digital-box-12k-puff-vapes-disposable-wholesale-price\/","title":{"rendered":"Waspe 12000 Digital Box 12k \u012ftraukim\u0173 vienkartiniai elektroniniai cigare\u010di\u0173 prietaisai, didmenin\u0117 kaina"},"content":{"rendered":"<h1 data-pm-slice=\"1 1 []\">Waspe 12000 Digital Box 12k \u012ftraukim\u0173 vienkartiniai elektroniniai cigare\u010di\u0173 prietaisai, didmenin\u0117 kaina<del><br \/>\n<\/del><\/h1>\n<p data-start=\"235\" data-end=\"489\">\u0160is <strong data-start=\"239\" data-end=\"282\">Vape \u201eWaspe 12000 Digital Box\u201c vienkartinis<\/strong> sujungia talp\u0105, na\u0161um\u0105 ir patogum\u0105 viename eleganti\u0161kame \u012frenginyje. Iki <strong data-start=\"363\" data-end=\"379\">12 000 \u012fkv\u0117pim\u0173<\/strong> ir <strong data-start=\"386\" data-end=\"408\">25 ml e. skys\u010dio talpa<\/strong>, jis u\u017etikrina ilgalaikes sesijas, kurios patinka tiek atsitiktiniams, tiek sunkiems vartotojams.<\/p>\n<p data-start=\"491\" data-end=\"721\">\u012erengtas <strong data-start=\"508\" data-end=\"538\">integruot\u0105 skaitmenin\u012f ekran\u0105<\/strong>, vartotojai gali lengvai steb\u0117ti \u012fkv\u0117pim\u0173 skai\u010di\u0173 ir baterijos veikimo laik\u0105 realiuoju laiku. \u201e <strong data-start=\"611\" data-end=\"642\">650mAh \u012fkraunama baterija<\/strong> su <strong data-start=\"648\" data-end=\"672\">C tipo greit\u0105j\u012f \u012fkrovim\u0105<\/strong> u\u017etikrina efektyv\u0173 naudojim\u0105 be e. skys\u010dio \u0161vaistymo.<\/p>\n<p data-start=\"723\" data-end=\"948\">Naudojant <strong data-start=\"729\" data-end=\"758\">dviguba tinklelio rit\u0117s technologija<\/strong>, \u201eWaspe 12K\u201c u\u017etikrina skland\u0173 gar\u0173 gamyb\u0105 ir sodr\u0173 skon\u012f \u012fvairiuose mi\u0161iniuose. Galima \u012fsigyti su nikotino lygiu <strong data-start=\"890\" data-end=\"908\">0%, 2% ir 5%<\/strong>, jis patenkina visus garinimo pageidavimus.<\/p>\n<p data-start=\"950\" data-end=\"1150\">Didmenininkams ir ma\u017emenininkams <strong data-start=\"985\" data-end=\"1017\">\u201eWaspe 12000 Digital Box Vape\u201c<\/strong> si\u016blo didel\u012f perpardavimo potencial\u0105 d\u0117l didelio \u012fkv\u0117pim\u0173 skai\u010diaus, pa\u017eangi\u0173 funkcij\u0173 ir konkurencing\u0173 didmenini\u0173 kain\u0173 derinio.<\/p>\n<p><strong><span style=\"color: #ff0000;\">Prid\u0117kite Amy whatsapp, gaukite tiesiogin\u012f atsakym\u0105 ir kupon\u0105 veipui!<\/span><\/strong><\/p>\n<p><img fetchpriority=\"high\" decoding=\"async\" class=\"size-full wp-image-2932\" src=\"https:\/\/vapestornado.com\/wp-content\/uploads\/2024\/12\/Vape-Wholesale.jpg\" alt=\"Garintuvai Didmenin\u0117 prekyba\" width=\"229\" height=\"300\" \/><\/p>\n<h3><a href=\"https:\/\/wa.me\/8617776015835\" target=\"_blank\" rel=\"noopener\"><span style=\"color: #ff0000;\"><strong>WhatsApp: +86 17776015835<\/strong><\/span><\/a><\/h3>\n<p>&nbsp;<\/p>\n<h2><strong>Waspe 12000 Digital Box 12k produkto savyb\u0117s<\/strong><\/h2>\n<p>\u012etraukimai: 12000 \u012ftraukim\u0173<br \/>\nDviguba tinklelio rit\u0117 1,0 omo<br \/>\nBaterija: A650mAh<br \/>\nE-sultys: 20 ml<br \/>\nNikotinas: 2%\/5% nikotino<br \/>\n\u012ekraunamas per Type-C<br \/>\nEkrane rodomas aliejaus kiekis ir baterijos lygis<\/p>\n<h2 class=\"product-title\"><strong>Waspe Digital Box 12k skoni\u0173 s\u0105ra\u0161as<\/strong><\/h2>\n<p>1 Arb\u016bzo ledas<strong> <span style=\"color: #ff0000;\">&gt;&gt;&gt;&gt; Kar\u0161ta!<\/span><\/strong><br \/>\n2 M\u0117lyni avie\u010di\u0173 ledai <strong><span style=\"color: #ff0000;\">&gt;&gt;&gt;&gt; Kar\u0161ta!<\/span><\/strong><br \/>\n3 Vynuogi\u0173 ledas<br \/>\n4 Bra\u0161ki\u0173 arb\u016bzas <strong><span style=\"color: #ff0000;\">&gt;&gt;&gt;&gt; Kar\u0161ta!<\/span><\/strong><br \/>\n5 Mi\u0161rios uogos <strong><span style=\"color: #ff0000;\">&gt;&gt;&gt;&gt; Geriausia!<\/span><\/strong><br \/>\n6 Bra\u0161ki\u0173 spurgos<br \/>\n7 M\u0117lyni\u0173 aviet\u0117s <strong><span style=\"color: #ff0000;\">&gt;&gt;&gt;&gt; Kar\u0161ta!<\/span><\/strong><br \/>\n8 Bra\u0161ki\u0173 avie\u010di\u0173 vy\u0161nios <strong><span style=\"color: #ff0000;\">&gt;&gt;&gt;&gt; Kar\u0161ta!<\/span><\/strong><br \/>\n9 Arb\u016bzas mangas persikas<br \/>\n10 Raudonojo vyno kriau\u0161i\u0173 sultys<\/p>\n<article class=\"w-full text-token-text-primary focus-visible:outline-2 focus-visible:outline-offset-[-4px]\" dir=\"auto\" data-testid=\"conversation-turn-32\" data-scroll-anchor=\"false\">\n<div class=\"m-auto text-base py-[18px] px-6\">\n<div class=\"mx-auto flex flex-1 text-base gap-4 md:gap-5 lg:gap-6 md:max-w-3xl lg:max-w-[40rem] xl:max-w-[48rem]\">\n<div class=\"group\/conversation-turn relative flex w-full min-w-0 flex-col @xs\/thread:px-0 @sm\/thread:px-1.5 @md\/thread:px-4\">\n<div class=\"flex-col gap-1 md:gap-3\">\n<div class=\"flex max-w-full flex-col flex-grow\">\n<div class=\"min-h-8 text-message flex w-full flex-col items-end gap-2 whitespace-normal break-words text-start [.text-message+&amp;]:mt-5\" dir=\"auto\" data-message-author-role=\"user\" data-message-id=\"ffac41ca-1db4-431b-873a-32c4052956f1\">\n<div class=\"flex w-full flex-col gap-1 empty:hidden items-end rtl:items-start\">\n<div class=\"relative max-w-[var(--user-chat-width,70%)] rounded-3xl bg-token-message-surface px-5 py-2.5\">\n<div class=\"absolute bottom-0 right-full top-0 -mr-3.5 hidden pr-5 pt-2 [.group\/conversation-turn:hover_&amp;]:flex\">\n<div class=\"flex\">\n<article class=\"w-full text-token-text-primary focus-visible:outline-2 focus-visible:outline-offset-[-4px]\" dir=\"auto\" data-testid=\"conversation-turn-39\" data-scroll-anchor=\"true\">\n<div class=\"m-auto text-base py-[18px] px-6\">\n<div class=\"mx-auto flex flex-1 text-base gap-4 md:gap-5 lg:gap-6 md:max-w-3xl lg:max-w-[40rem] xl:max-w-[48rem]\">\n<div class=\"group\/conversation-turn relative flex w-full min-w-0 flex-col agent-turn @xs\/thread:px-0 @sm\/thread:px-1.5 @md\/thread:px-4\">\n<div class=\"flex-col gap-1 md:gap-3\">\n<div class=\"flex max-w-full flex-col flex-grow\">\n<div class=\"min-h-8 text-message flex w-full flex-col items-end gap-2 whitespace-normal break-words text-start [.text-message+&amp;]:mt-5\" dir=\"auto\" data-message-author-role=\"assistant\" data-message-id=\"55a23854-ec57-48dd-bd4f-6118f43d6241\" data-message-model-slug=\"gpt-4o\">\n<div class=\"flex w-full flex-col gap-1 empty:hidden first:pt-[3px]\">\n<div class=\"markdown prose w-full break-words dark:prose-invert light\">\n<figure id=\"attachment_3816\" aria-describedby=\"caption-attachment-3816\" style=\"width: 800px\" class=\"wp-caption alignnone\"><img decoding=\"async\" class=\"wp-image-3816 size-full\" src=\"https:\/\/vapestornado.com\/wp-content\/uploads\/2025\/03\/Waspe-12k-Puffs-Digital-Box.webp\" alt=\"Waspe 12k \u012ftraukim\u0173 Digital Box\" width=\"800\" height=\"800\" srcset=\"https:\/\/vapestornado.com\/wp-content\/uploads\/2025\/03\/Waspe-12k-Puffs-Digital-Box.webp 800w, https:\/\/vapestornado.com\/wp-content\/uploads\/2025\/03\/Waspe-12k-Puffs-Digital-Box-300x300.webp 300w, https:\/\/vapestornado.com\/wp-content\/uploads\/2025\/03\/Waspe-12k-Puffs-Digital-Box-150x150.webp 150w, https:\/\/vapestornado.com\/wp-content\/uploads\/2025\/03\/Waspe-12k-Puffs-Digital-Box-768x768.webp 768w, https:\/\/vapestornado.com\/wp-content\/uploads\/2025\/03\/Waspe-12k-Puffs-Digital-Box-600x600.webp 600w, https:\/\/vapestornado.com\/wp-content\/uploads\/2025\/03\/Waspe-12k-Puffs-Digital-Box-100x100.webp 100w\" sizes=\"(max-width: 800px) 100vw, 800px\" \/><figcaption id=\"caption-attachment-3816\" class=\"wp-caption-text\">Waspe 12k \u012ftraukim\u0173 Digital Box<\/figcaption><\/figure>\n<\/div>\n<\/div>\n<\/div>\n<\/div>\n<\/div>\n<\/div>\n<\/div>\n<\/div>\n<\/article>\n<\/div>\n<\/div>\n<\/div>\n<\/div>\n<\/div>\n<\/div>\n<\/div>\n<\/div>\n<\/div>\n<\/div>\n<\/article>\n<h3>Kod\u0117l verta rinktis vapestornado didmeninei prekybai vienkartiniais \u201eWaspe Digital Box 12000\u201c p\u016btimais?<\/h3>\n<div class=\"flex-shrink-0 flex flex-col relative items-end\">\n<div class=\"pt-0\">\n<div class=\"gizmo-bot-avatar flex h-8 w-8 items-center justify-center overflow-hidden rounded-full\">\n<div class=\"relative p-1 rounded-sm flex items-center justify-center bg-token-main-surface-primary text-token-text-primary h-8 w-8\">\n<p>Sveiki atvyk\u0119 \u012f \u201evapestornado\u201c, j\u016bs\u0173 patikim\u0105 internetin\u0119 elektronini\u0173 cigare\u010di\u0173 parduotuv\u0119, kurioje rasite auk\u0161\u010diausios kokyb\u0117s vienkartini\u0173 elektronini\u0173 cigare\u010di\u0173. Tur\u0117dami daugiau nei 5 met\u0173 patirt\u012f, si\u016blome jums populiarius vienkartini\u0173 elektronini\u0173 cigare\u010di\u0173 preki\u0173 \u017eenklus, tokius kaip \u201eFumot RandM Vape\u201c, \u201eVapme\u201c, \u201eBang Vape\u201c, \u201eWaspe Vape\u201c ir \u201eWGA Vape\u201c ir kt.<\/p>\n<p>M\u016bs\u0173 asortimente yra populiari\u0173 dvigubo skonio vienkartini\u0173 gar\u0173, toki\u0173 kaip <a href=\"https:\/\/vapestornado.com\/lt\/product\/waspe-fihp-36000-36k-puff-twins-flavor-rechargeable-disposable-vape-bulk-buy-at-wholesale-prices\/\">FIHP 36K \u012etraukim\u0173 Dvyni\u0173 Skonis<\/a>, <a href=\"https:\/\/vapestornado.com\/lt\/product\/waspe-crystal-40000-puffs-40k-double-flavor-rechargeable-disposable-vapes-cheap-price\/\">WASPE Crystal 40k dvigubo skonio<\/a> ir sodraus skonio pasirinkimus, tokius kaip <a href=\"https:\/\/vapestornado.com\/lt\/product\/razzbar-15000-puffs-rechargeable-disposable-vape-bulk-buy-at-cheap-prices\/\">RAZZBAR 15000 \u012fp\u016btim\u0173<\/a>. Kiekvienas produktas yra atrenkamas, akcentuojant kokyb\u0119, vert\u0119 ir \u012fvairov\u0119, u\u017etikrinant, kad rastum\u0117te tobul\u0105 variant\u0105 savo poreikiams. Atraskite i\u0161skirtin\u012f aptarnavim\u0105 ir plat\u0173 auk\u0161\u010diausios kokyb\u0117s produkt\u0173 asortiment\u0105 didmenin\u0117mis kainomis vapestornado svetain\u0117je.<\/p>\n<\/div>\n<h3><\/h3>\n<div class=\"relative p-1 rounded-sm flex items-center justify-center bg-token-main-surface-primary text-token-text-primary h-8 w-8\">\n<h3>DUK apie \u201eWaspe 12000\u201c \u012ftraukim\u0173 vienkartin\u012f garintuv\u0105<\/h3>\n<\/div>\n<\/div>\n<\/div>\n<\/div>\n<div class=\"flex-shrink-0 flex flex-col relative items-end\">\n<div class=\"pt-0\">\n<div class=\"gizmo-bot-avatar flex h-8 w-8 items-center justify-center overflow-hidden rounded-full\">\n<div class=\"relative p-1 rounded-sm flex items-center justify-center bg-token-main-surface-primary text-token-text-primary h-8 w-8\">\n<div class=\"mb-2 flex gap-3 empty:hidden -ml-2\">\n<p data-pm-slice=\"1 1 []\"><strong>1. Kiek ilgai tarnauja \u201eWaspe 12000\u201c?<\/strong><\/p>\n<p data-pm-slice=\"1 1 []\">\u201eWaspe 12000\u201c suteikia <strong>iki 12 000 \u012ftraukim\u0173<\/strong>, tod\u0117l tai yra vienas ilgiausiai veikian\u010di\u0173 vienkartini\u0173 garintuv\u0173 rinkoje. Su savo <strong>\u012fkraunamos baterijos<\/strong>, galite m\u0117gautis nepertraukiamu garinimu ilg\u0105 laik\u0105.<\/p>\n<p><strong>2. Ar \u201eWaspe 12000\u201c turi skaitmenin\u012f ekran\u0105?<\/strong><\/p>\n<p>Taip! Integruotas <strong>skaitmeninis ekranas<\/strong> leid\u017eia steb\u0117ti akumuliatoriaus veikimo laik\u0105 ir \u012ftraukim\u0173 skai\u010di\u0173 realiuoju laiku, si\u016blant skland\u0173 garinimo patirt\u012f.<\/p>\n<p><strong>3. Kokie skoniai yra prieinami \u201eWaspe 12000\u201c?<\/strong><\/p>\n<p>\u0160is garintuvas yra <strong>platus skoni\u0173 pasirinkimas<\/strong>, \u012fskaitant vaisi\u0173, mentolio ir klasikinius tabako variantus. Kiekvienas ras ka\u017ek\u0105 pagal savo skon\u012f!<\/p>\n<p><strong>4. Ar \u201eWaspe 12000\u201c yra \u012fkraunamas?<\/strong><\/p>\n<p>Be jokios abejon\u0117s! \u201eWaspe 12000\u201c turi <strong>C tipo greit\u0105j\u012f \u012fkrovim\u0105<\/strong> prievad\u0105, tod\u0117l galite greitai \u012fkrauti ir toliau garinti be ilgo laukimo.<\/p>\n<p><strong>5. Kur galiu \u012fsigyti \u201eWaspe 12000\u201c didmenin\u0117mis kainomis?<\/strong><\/p>\n<p>Nor\u0117dami gauti geriausius <strong>didmenin\u0117mis kainomis<\/strong>, patikrinkite <strong>internetiniame garintuv\u0173 parduotuv\u0117je \u201eVapestornado\u201c<\/strong>, j\u016bs\u0173 patikimas \u0161altinis <strong>pigias vienkartines elektronines cigaretes<\/strong> ir pirkinius urmu.<\/p>\n<h4>Kaip u\u017esisakyti?<\/h4>\n<p><strong>1. Kokius mok\u0117jimo b\u016bdus priimate?<\/strong><br \/>\nMes priimame IBAN pavedimus ir <span style=\"font-size: 16px;\">Western Union<\/span>\u00a0saugoms ir patogioms operacijoms.<\/p>\n<p><strong>2. Kaip galiu sekti savo u\u017esakym\u0105?<\/strong><br \/>\nKai j\u016bs\u0173 u\u017esakymas bus i\u0161si\u0173stas, <span class=\"selectable-text copyable-text false\">mes nuolat atnaujinsime krovini\u0173 sekim\u0105, kol gausite krovin\u012f<\/span>.<\/p>\n<p><strong>3. Koks yra numatomas pristatymo laikas?<\/strong><\/p>\n<ul>\n<li>Pristatymas i\u0161 <strong>Kinijos sand\u0117li\u0173<\/strong> u\u017etrunka ma\u017edaug <strong>7-14 darbo dien\u0173<\/strong>.<\/li>\n<li>Pristatymas i\u0161 <strong>Europos sand\u0117liai<\/strong> paprastai u\u017etrunka <strong>3-6 darbo dienas<\/strong>.<\/li>\n<\/ul>\n<p><strong>4. Kaip galiu gauti greitesn\u012f pristatym\u0105?<\/strong><br \/>\nNor\u0117dami grei\u010diau pristatyti, rekomenduojame u\u017esisakyti i\u0161 m\u016bs\u0173 <strong>Europos sand\u0117lio<\/strong>, kuris si\u016blo greitesn\u012f pristatymo laik\u0105.<\/p>\n<p><strong>5. Kaip gr\u0105\u017einti prek\u0119?<\/strong><br \/>\nNor\u0117dami gr\u0105\u017einti prek\u0119, susisiekite su m\u016bs\u0173 klient\u0173 aptarnavimo komanda, kad gautum\u0117te i\u0161samias instrukcijas d\u0117l gr\u0105\u017einimo proceso.<\/p>\n<p><strong>6. Ar si\u016blote tarptautin\u012f pristatym\u0105?<\/strong><br \/>\nTaip, mes siun\u010diame \u012f daugum\u0105 \u0161ali\u0173 ir tvarkome <strong>muitin\u0117s formalumus<\/strong> kad pristatymas b\u016bt\u0173 sklandus.<\/p>\n<p><strong>7. K\u0105 daryti, jei gaunu pa\u017eeist\u0105 ar brokuot\u0105 prek\u0119?<\/strong><br \/>\nJei j\u016bs\u0173 prek\u0117 yra pa\u017eeista ar brokuota, susisiekite su klient\u0173 aptarnavimo skyriumi d\u0117l <strong>pakeitimo arba pinig\u0173 gr\u0105\u017einimo<\/strong>.<\/p>\n<p><strong>8. Kaip galiu susisiekti su klient\u0173 aptarnavimo skyriumi?<\/strong><br \/>\nSu mumis galite susisiekti el. <strong>pa\u0161tu, \u201eWhatsApp\u201c arba tiesioginiu pokalbiu<\/strong> m\u016bs\u0173 svetain\u0117je, jei reikia pagalbos.<\/p>\n<\/div>\n<\/div>\n<\/div>\n<\/div>\n<\/div>","protected":false},"excerpt":{"rendered":"<p><strong>Did\u017eiulis 12000 \u012fkv\u0117pim\u0173 skai\u010dius<\/strong> ilgalaikiam naudojimui \u2714 <strong>\u012ekraunamas<\/strong> su <strong>greito \u012fkrovimo Type-C prievadas<\/strong> \u2714 <strong>Skaitmeninis ekranas<\/strong> skirtas akumuliatoriaus steb\u0117jimui realiuoju laiku <strong>Skirtingi skoniai<\/strong> kad atitikt\u0173 visus skonio pageidavimus \u2714 <strong>Auk\u0161tos kokyb\u0117s dviguba tinklelio rit\u0117<\/strong> pagerintam gar\u0173 gamybai \u2714 <strong>\u017demos didmenin\u0117s kainos<\/strong> masiniams pirk\u0117jams<\/p>\n<p>Gaukite geriausius pasi\u016blymus <strong>Waspe 12000 Digital Box 12K Puff Vape<\/strong> jau dabar! <strong>Didmenin\u0117 prekyba vienkartiniais elektroniniais cigare\u010di\u0173 prietaisais<\/strong> dar niekada nebuvo tokia prieinama!<\/p>\n<p><strong>Prid\u0117kite Amy whatsapp, gaukite tiesiogin\u012f atsakym\u0105 ir kupon\u0105 veipui!<\/strong><\/p>\n<p><img fetchpriority=\"high\" decoding=\"async\" class=\"size-full wp-image-2932\" src=\"https:\/\/vapestornado.com\/wp-content\/uploads\/2024\/12\/Vape-Wholesale.jpg\" alt=\"Garintuvai Didmenin\u0117 prekyba\" width=\"229\" height=\"300\" \/><\/p>\n<h3><a href=\"https:\/\/wa.me\/8617776015835\"><span style=\"color: #ff0000;\"><strong>WhatsApp: +86 17776015835<\/strong><\/span><\/a><\/h3>\n<p>&nbsp;<\/p>","protected":false},"featured_media":3815,"comment_status":"open","ping_status":"closed","template":"","meta":{"_acf_changed":false,"_uag_custom_page_level_css":"","_lmt_disableupdate":"no","_lmt_disable":"","_monsterinsights_skip_tracking":false,"_monsterinsights_sitenote_active":false,"_monsterinsights_sitenote_note":"","_monsterinsights_sitenote_category":0,"site-sidebar-layout":"default","site-content-layout":"","ast-site-content-layout":"default","site-content-style":"default","site-sidebar-style":"default","ast-global-header-display":"","ast-banner-title-visibility":"","ast-main-header-display":"","ast-hfb-above-header-display":"","ast-hfb-below-header-display":"","ast-hfb-mobile-header-display":"","site-post-title":"","ast-breadcrumbs-content":"","ast-featured-img":"","footer-sml-layout":"","ast-disable-related-posts":"","theme-transparent-header-meta":"default","adv-header-id-meta":"","stick-header-meta":"","header-above-stick-meta":"","header-main-stick-meta":"","header-below-stick-meta":"","astra-migrate-meta-layouts":"set","ast-page-background-enabled":"default","ast-page-background-meta":{"desktop":{"background-color":"","background-image":"","background-repeat":"repeat","background-position":"center center","background-size":"auto","background-attachment":"scroll","background-type":"","background-media":"","overlay-type":"","overlay-color":"","overlay-opacity":"","overlay-gradient":""},"tablet":{"background-color":"","background-image":"","background-repeat":"repeat","background-position":"center center","background-size":"auto","background-attachment":"scroll","background-type":"","background-media":"","overlay-type":"","overlay-color":"","overlay-opacity":"","overlay-gradient":""},"mobile":{"background-color":"","background-image":"","background-repeat":"repeat","background-position":"center center","background-size":"auto","background-attachment":"scroll","background-type":"","background-media":"","overlay-type":"","overlay-color":"","overlay-opacity":"","overlay-gradient":""}},"ast-content-background-meta":{"desktop":{"background-color":"var(--ast-global-color-5)","background-image":"","background-repeat":"repeat","background-position":"center center","background-size":"auto","background-attachment":"scroll","background-type":"","background-media":"","overlay-type":"","overlay-color":"","overlay-opacity":"","overlay-gradient":""},"tablet":{"background-color":"var(--ast-global-color-5)","background-image":"","background-repeat":"repeat","background-position":"center center","background-size":"auto","background-attachment":"scroll","background-type":"","background-media":"","overlay-type":"","overlay-color":"","overlay-opacity":"","overlay-gradient":""},"mobile":{"background-color":"var(--ast-global-color-5)","background-image":"","background-repeat":"repeat","background-position":"center center","background-size":"auto","background-attachment":"scroll","background-type":"","background-media":"","overlay-type":"","overlay-color":"","overlay-opacity":"","overlay-gradient":""}},"_joinchat":{"telephone":"17776015835"}},"product_brand":[],"product_cat":[19,72,151,155,160,142,146,60],"product_tag":[247,105,97,94,241,93,248],"class_list":{"0":"post-3796","1":"product","2":"type-product","3":"status-publish","4":"has-post-thumbnail","6":"product_cat-vapes","7":"product_cat-12000-puff","8":"product_cat-buy-disposable-vapes-in-france","9":"product_cat-buy-disposable-vapes-in-norway","10":"product_cat-buy-disposable-vapes-in-switzerland","11":"product_cat-digital-box-disposable-vapes","12":"product_cat-rechargeable-disposable-vapes","13":"product_cat-waspe-fihp-vape","14":"product_tag-12k-puff","15":"product_tag-digital-disposable-vape","16":"product_tag-hot-sale-disposable-vape","17":"product_tag-rechargeable-disposable-vape","18":"product_tag-smart-screen-disposable-vape","19":"product_tag-vape-wholesale","20":"product_tag-waspe-12000-digital-box","21":"desktop-align-left","22":"tablet-align-left","23":"mobile-align-left","25":"first","26":"instock","27":"sale","28":"shipping-taxable","29":"purchasable","30":"product-type-simple"},"acf":[],"uagb_featured_image_src":{"full":["https:\/\/vapestornado.com\/wp-content\/uploads\/2025\/03\/WASPE-12k-Puff-Disposable-Vape-Bulk-Buy.webp",800,800,false],"thumbnail":["https:\/\/vapestornado.com\/wp-content\/uploads\/2025\/03\/WASPE-12k-Puff-Disposable-Vape-Bulk-Buy-150x150.webp",150,150,true],"medium":["https:\/\/vapestornado.com\/wp-content\/uploads\/2025\/03\/WASPE-12k-Puff-Disposable-Vape-Bulk-Buy-300x300.webp",300,300,true],"medium_large":["https:\/\/vapestornado.com\/wp-content\/uploads\/2025\/03\/WASPE-12k-Puff-Disposable-Vape-Bulk-Buy-768x768.webp",768,768,true],"large":["https:\/\/vapestornado.com\/wp-content\/uploads\/2025\/03\/WASPE-12k-Puff-Disposable-Vape-Bulk-Buy.webp",800,800,false],"1536x1536":["https:\/\/vapestornado.com\/wp-content\/uploads\/2025\/03\/WASPE-12k-Puff-Disposable-Vape-Bulk-Buy.webp",800,800,false],"2048x2048":["https:\/\/vapestornado.com\/wp-content\/uploads\/2025\/03\/WASPE-12k-Puff-Disposable-Vape-Bulk-Buy.webp",800,800,false],"trp-custom-language-flag":["https:\/\/vapestornado.com\/wp-content\/uploads\/2025\/03\/WASPE-12k-Puff-Disposable-Vape-Bulk-Buy.webp",12,12,false],"woocommerce_thumbnail":["https:\/\/vapestornado.com\/wp-content\/uploads\/2025\/03\/WASPE-12k-Puff-Disposable-Vape-Bulk-Buy-300x300.webp",300,300,true],"woocommerce_single":["https:\/\/vapestornado.com\/wp-content\/uploads\/2025\/03\/WASPE-12k-Puff-Disposable-Vape-Bulk-Buy-600x600.webp",600,600,true],"woocommerce_gallery_thumbnail":["https:\/\/vapestornado.com\/wp-content\/uploads\/2025\/03\/WASPE-12k-Puff-Disposable-Vape-Bulk-Buy-100x100.webp",100,100,true]},"uagb_author_info":{"display_name":"ESAMY","author_link":"https:\/\/vapestornado.com\/lt\/author\/"},"uagb_comment_info":0,"uagb_excerpt":"Massive 12000 puffs for extended usage \u2714 Rechargeable with fast-charging Type-C port \u2714 Digital display for real-time monitoring of battery &amp; puffs \u2714 Variety of flavors to suit all taste preferences \u2714 High-quality dual mesh coil for enhanced vapor production \u2714 Low wholesale prices for bulk buyers Get the best deals on Waspe 12000 Digital&hellip;","_links":{"self":[{"href":"https:\/\/vapestornado.com\/lt\/wp-json\/wp\/v2\/product\/3796","targetHints":{"allow":["GET"]}}],"collection":[{"href":"https:\/\/vapestornado.com\/lt\/wp-json\/wp\/v2\/product"}],"about":[{"href":"https:\/\/vapestornado.com\/lt\/wp-json\/wp\/v2\/types\/product"}],"replies":[{"embeddable":true,"href":"https:\/\/vapestornado.com\/lt\/wp-json\/wp\/v2\/comments?post=3796"}],"wp:featuredmedia":[{"embeddable":true,"href":"https:\/\/vapestornado.com\/lt\/wp-json\/wp\/v2\/media\/3815"}],"wp:attachment":[{"href":"https:\/\/vapestornado.com\/lt\/wp-json\/wp\/v2\/media?parent=3796"}],"wp:term":[{"taxonomy":"product_brand","embeddable":true,"href":"https:\/\/vapestornado.com\/lt\/wp-json\/wp\/v2\/product_brand?post=3796"},{"taxonomy":"product_cat","embeddable":true,"href":"https:\/\/vapestornado.com\/lt\/wp-json\/wp\/v2\/product_cat?post=3796"},{"taxonomy":"product_tag","embeddable":true,"href":"https:\/\/vapestornado.com\/lt\/wp-json\/wp\/v2\/product_tag?post=3796"}],"curies":[{"name":"wp","href":"https:\/\/api.w.org\/{rel}","templated":true}]}}