{"id":3788,"date":"2025-02-18T03:50:57","date_gmt":"2025-02-18T03:50:57","guid":{"rendered":"https:\/\/vapestornado.com\/?post_type=product&#038;p=3788"},"modified":"2025-08-23T09:28:52","modified_gmt":"2025-08-23T09:28:52","slug":"jnr-nicotine-pouches-25mg-15-flavours-shop-online-lower-price","status":"publish","type":"product","link":"https:\/\/vapestornado.com\/lt\/product\/jnr-nicotine-pouches-25mg-15-flavours-shop-online-lower-price\/","title":{"rendered":"JNR nikotino mai\u0161eliai 25mg 15+ skoni\u0173 pirkti internetu pigiau"},"content":{"rendered":"<h1 class=\"product-title\">JNR nikotino mai\u0161eliai 25mg 15+ skoni\u0173 pirkti internetu pigiau<\/h1>\n<p data-start=\"263\" data-end=\"535\">\u0160is <strong data-start=\"267\" data-end=\"296\">JNR nikotino pagalv\u0117l\u0117s 25mg<\/strong> yra skirti vartotojams, kurie nori stiprios ir efektyvios nikotino patirties be r\u016bkymo ar garinimo. Kiekviename mai\u0161elyje yra <strong data-start=\"419\" data-end=\"439\">25 mg nikotino<\/strong>, u\u017etikrinant greit\u0105 ir galing\u0105 i\u0161siskyrim\u0105, idealiai tinkant\u012f patyrusiems vartotojams, ie\u0161kantiems intensyvumo ir susikaupimo.<\/p>\n<p data-start=\"537\" data-end=\"781\">Pagaminta i\u0161 <strong data-start=\"547\" data-end=\"583\">be tabako, augalin\u0117s kilm\u0117s pluo\u0161t\u0173<\/strong>, \u0161ie ploni mai\u0161eliai patogiai priglunda po vir\u0161utine l\u016bpa, nepaliekantys netvarkos, nereikalaujantys spjaudymo ir nepaliekantys ilgalaikio kvapo. D\u0117l diskreti\u0161ko dizaino juos lengva naudoti bet kuriuo metu \u2013 darbe, keliaujant ar socialin\u0117se situacijose.<\/p>\n<p data-start=\"783\" data-end=\"1056\">Galima \u012fsigyti <strong data-start=\"796\" data-end=\"811\">15+ skoni\u0173<\/strong> \u012fskaitant m\u0117t\u0173, citrusini\u0173 vaisi\u0173 ir uog\u0173, tai <strong data-start=\"851\" data-end=\"880\">JNR 25 mg nikotino mai\u0161eliai<\/strong> sujungia stiprum\u0105 su gaiviu skoniu. Jie si\u016blo patogi\u0105, ner\u016bkom\u0105 alternatyv\u0105 visiems, ie\u0161kantiems auk\u0161tos kokyb\u0117s, stipraus nikotino varianto konkurencinga kaina.<\/p>\n<p><strong>Prid\u0117kite Amy's whatsapp, kad gautum\u0117te tinkam\u0105 atsakym\u0105 ir nuolaidos kain\u0105!<\/strong><\/p>\n<p><img fetchpriority=\"high\" decoding=\"async\" class=\"size-full wp-image-2932\" src=\"https:\/\/vapestornado.com\/wp-content\/uploads\/2024\/12\/Vape-Wholesale.jpg\" alt=\"Garintuvai Didmenin\u0117 prekyba\" width=\"229\" height=\"300\" \/><\/p>\n<h3><a href=\"https:\/\/wa.me\/8617776015835\" target=\"_blank\" rel=\"noopener\"><span style=\"color: #ff0000;\"><strong>WhatsApp: +86 17776015835<\/strong><\/span><\/a><\/h3>\n<p>&nbsp;<\/p>\n<h2><strong>JNR nikotino pagalv\u0117l\u0117s 25mg produkto savyb\u0117s<\/strong><\/h2>\n<p>Prekinis \u017eenklas: JNR<br \/>\nNikotino stiprumas: 25 mg vienoje pagalv\u0117l\u0117je<br \/>\nPagalv\u0117li\u0173 skai\u010dius: 20 vnt. vienoje d\u0117\u017eut\u0117je<\/p>\n<figure id=\"attachment_3773\" aria-describedby=\"caption-attachment-3773\" style=\"width: 1000px\" class=\"wp-caption alignnone\"><img decoding=\"async\" class=\"wp-image-3773 size-full\" src=\"https:\/\/vapestornado.com\/wp-content\/uploads\/2025\/02\/Hot-Selling-JNR-Nicotine-Pouches-25mg.webp\" alt=\"Kar\u0161tai parduodamos JNR nikotino pagalv\u0117l\u0117s 25mg\" width=\"1000\" height=\"1000\" srcset=\"https:\/\/vapestornado.com\/wp-content\/uploads\/2025\/02\/Hot-Selling-JNR-Nicotine-Pouches-25mg.webp 1000w, https:\/\/vapestornado.com\/wp-content\/uploads\/2025\/02\/Hot-Selling-JNR-Nicotine-Pouches-25mg-300x300.webp 300w, https:\/\/vapestornado.com\/wp-content\/uploads\/2025\/02\/Hot-Selling-JNR-Nicotine-Pouches-25mg-150x150.webp 150w, https:\/\/vapestornado.com\/wp-content\/uploads\/2025\/02\/Hot-Selling-JNR-Nicotine-Pouches-25mg-768x768.webp 768w, https:\/\/vapestornado.com\/wp-content\/uploads\/2025\/02\/Hot-Selling-JNR-Nicotine-Pouches-25mg-600x600.webp 600w, https:\/\/vapestornado.com\/wp-content\/uploads\/2025\/02\/Hot-Selling-JNR-Nicotine-Pouches-25mg-100x100.webp 100w\" sizes=\"(max-width: 1000px) 100vw, 1000px\" \/><figcaption id=\"caption-attachment-3773\" class=\"wp-caption-text\">Kar\u0161tai parduodamos JNR nikotino pagalv\u0117l\u0117s 25mg<\/figcaption><\/figure>\n<h2 class=\"product-title\"><strong>JNR nikotino pagalv\u0117l\u0117s 25mg skoni\u0173 s\u0105ra\u0161as<\/strong><\/h2>\n<ol data-start=\"59\" data-end=\"318\" data-is-last-node=\"\">\n<li data-start=\"59\" data-end=\"76\">Juodoji vy\u0161nia<\/li>\n<li data-start=\"77\" data-end=\"95\">M\u0117lyni\u0173 avie\u010di\u0173 ledas<\/li>\n<li data-start=\"96\" data-end=\"115\">M\u0117lyni\u0173 m\u0117ta<\/li>\n<li data-start=\"116\" data-end=\"135\">Citrusinis v\u0117sinimas<\/li>\n<li data-start=\"136\" data-end=\"151\">Gazuoja kola<\/li>\n<li data-start=\"152\" data-end=\"163\">\u0160altis<\/li>\n<li data-start=\"164\" data-end=\"177\">Ledinis v\u0117sumas<\/li>\n<li data-start=\"178\" data-end=\"191\">Ledo m\u0117ta<\/li>\n<li data-start=\"192\" data-end=\"210\">Ledo m\u0117ta<\/li>\n<li data-start=\"211\" data-end=\"228\">Mi\u0161rios uogos<\/li>\n<li data-start=\"229\" data-end=\"246\">\u0160velnus karamelinis<\/li>\n<li data-start=\"247\" data-end=\"267\">Bra\u0161ki\u0173 ledas<\/li>\n<li data-start=\"268\" data-end=\"282\">Atogr\u0105\u017e\u0173<\/li>\n<li data-start=\"283\" data-end=\"299\">Dvigubas obuolys<\/li>\n<li data-start=\"300\" data-end=\"318\" data-is-last-node=\"\">Arb\u016bz\u0173 ledas<\/li>\n<\/ol>\n<h3 class=\"product-title\">Ar nikotino mai\u0161eliai yra naudingi?<\/h3>\n<article class=\"w-full text-token-text-primary focus-visible:outline-2 focus-visible:outline-offset-[-4px]\" dir=\"auto\" data-testid=\"conversation-turn-32\" data-scroll-anchor=\"false\">\n<div class=\"m-auto text-base py-[18px] px-6\">\n<div class=\"mx-auto flex flex-1 text-base gap-4 md:gap-5 lg:gap-6 md:max-w-3xl lg:max-w-[40rem] xl:max-w-[48rem]\">\n<div class=\"group\/conversation-turn relative flex w-full min-w-0 flex-col @xs\/thread:px-0 @sm\/thread:px-1.5 @md\/thread:px-4\">\n<div class=\"flex-col gap-1 md:gap-3\">\n<div class=\"flex max-w-full flex-col flex-grow\">\n<div class=\"min-h-8 text-message flex w-full flex-col items-end gap-2 whitespace-normal break-words text-start [.text-message+&amp;]:mt-5\" dir=\"auto\" data-message-author-role=\"user\" data-message-id=\"ffac41ca-1db4-431b-873a-32c4052956f1\">\n<div class=\"flex w-full flex-col gap-1 empty:hidden items-end rtl:items-start\">\n<div class=\"relative max-w-[var(--user-chat-width,70%)] rounded-3xl bg-token-message-surface px-5 py-2.5\">\n<div class=\"absolute bottom-0 right-full top-0 -mr-3.5 hidden pr-5 pt-2 [.group\/conversation-turn:hover_&amp;]:flex\">\n<div class=\"flex\"><\/div>\n<\/div>\n<\/div>\n<\/div>\n<\/div>\n<\/div>\n<\/div>\n<\/div>\n<\/div>\n<\/div>\n<\/article>\n<article class=\"w-full text-token-text-primary focus-visible:outline-2 focus-visible:outline-offset-[-4px]\" dir=\"auto\" data-testid=\"conversation-turn-33\" data-scroll-anchor=\"true\">\n<div class=\"m-auto text-base py-[18px] px-6\">\n<div class=\"mx-auto flex flex-1 text-base gap-4 md:gap-5 lg:gap-6 md:max-w-3xl lg:max-w-[40rem] xl:max-w-[48rem]\">\n<div class=\"group\/conversation-turn relative flex w-full min-w-0 flex-col agent-turn @xs\/thread:px-0 @sm\/thread:px-1.5 @md\/thread:px-4\">\n<div class=\"flex-col gap-1 md:gap-3\">\n<div class=\"flex max-w-full flex-col flex-grow\">\n<div class=\"min-h-8 text-message flex w-full flex-col items-end gap-2 whitespace-normal break-words text-start [.text-message+&amp;]:mt-5\" dir=\"auto\" data-message-author-role=\"assistant\" data-message-id=\"e542e950-e3a5-4b1a-98f8-7584a2f9bc41\" data-message-model-slug=\"gpt-4o\">\n<div class=\"flex w-full flex-col gap-1 empty:hidden first:pt-[3px]\">\n<div class=\"markdown prose w-full break-words dark:prose-invert light\">\n<article class=\"w-full text-token-text-primary focus-visible:outline-2 focus-visible:outline-offset-[-4px]\" dir=\"auto\" data-testid=\"conversation-turn-35\" data-scroll-anchor=\"true\">\n<div class=\"m-auto text-base py-[18px] px-6\">\n<div class=\"mx-auto flex flex-1 text-base gap-4 md:gap-5 lg:gap-6 md:max-w-3xl lg:max-w-[40rem] xl:max-w-[48rem]\">\n<div class=\"group\/conversation-turn relative flex w-full min-w-0 flex-col agent-turn @xs\/thread:px-0 @sm\/thread:px-1.5 @md\/thread:px-4\">\n<div class=\"flex-col gap-1 md:gap-3\">\n<div class=\"flex max-w-full flex-col flex-grow\">\n<div class=\"min-h-8 text-message flex w-full flex-col items-end gap-2 whitespace-normal break-words text-start [.text-message+&amp;]:mt-5\" dir=\"auto\" data-message-author-role=\"assistant\" data-message-id=\"19ad7ab6-95d5-4367-834a-f160e402f0d6\" data-message-model-slug=\"gpt-4o\">\n<div class=\"flex w-full flex-col gap-1 empty:hidden first:pt-[3px]\">\n<div class=\"markdown prose w-full break-words dark:prose-invert light\">\n<p>R\u016bkaliams, bandantiems mesti, nikotino mai\u0161eliai suteikia \u0161varesn\u0119, be tabako alternatyv\u0105. Nors pats nikotinas gali kelti pavoj\u0173 sveikatai, mai\u0161eliai pa\u0161alina kenksming\u0105 r\u016bkymo poveik\u012f, tod\u0117l tai yra sveikesnis pasirinkimas dabartiniams r\u016bkaliams, norintiems suma\u017einti \u017eal\u0105. R\u016bkymas laikomas nesveikiausiu nikotino vartojimo b\u016bdu, tod\u0117l per\u0117jimas prie nikotino mai\u0161eli\u0173 gali b\u016bti teigiamas \u017eingsnis sveikata besir\u016bpinantiems vartotojams.<\/p>\n<\/div>\n<\/div>\n<\/div>\n<\/div>\n<\/div>\n<\/div>\n<\/div>\n<\/div>\n<\/article>\n<\/div>\n<\/div>\n<\/div>\n<\/div>\n<\/div>\n<\/div>\n<\/div>\n<\/div>\n<\/article>\n<h3>Kod\u0117l verta rinktis \u201evapestornado\u201c didmeninei prekybai JNR nikotino mai\u0161eliais?<\/h3>\n<div class=\"flex-shrink-0 flex flex-col relative items-end\">\n<div class=\"pt-0\">\n<div class=\"gizmo-bot-avatar flex h-8 w-8 items-center justify-center overflow-hidden rounded-full\">\n<div class=\"relative p-1 rounded-sm flex items-center justify-center bg-token-main-surface-primary text-token-text-primary h-8 w-8\">\n<p>Sveiki atvyk\u0119 \u012f \u201evapestornado\u201c, j\u016bs\u0173 patikim\u0105 internetin\u0119 elektronini\u0173 cigare\u010di\u0173 parduotuv\u0119, kurioje rasite auk\u0161\u010diausios kokyb\u0117s vienkartini\u0173 elektronini\u0173 cigare\u010di\u0173. Tur\u0117dami daugiau nei 5 met\u0173 patirt\u012f, si\u016blome jums populiarius vienkartini\u0173 elektronini\u0173 cigare\u010di\u0173 preki\u0173 \u017eenklus, tokius kaip \u201eFumot RandM Vape\u201c, \u201eVapme\u201c, \u201eBang Vape\u201c, \u201eWaspe Vape\u201c ir \u201eWGA Vape\u201c ir kt.<\/p>\n<p>M\u016bs\u0173 asortimente yra populiari\u0173 dvigubo skonio vienkartini\u0173 gar\u0173, toki\u0173 kaip <a href=\"https:\/\/vapestornado.com\/lt\/product\/bang-king-35k-35000-puffs-2-in-1-dual-flavour-disposable-vape-wholesale-cheap-price\/\">Bang King 35k 35000 \u012fkv\u0117pim\u0173<\/a>, <a href=\"https:\/\/vapestornado.com\/lt\/product\/waspe-crystal-40000-puffs-40k-double-flavor-rechargeable-disposable-vapes-cheap-price\/\">WASPE Crystal 40k dvigubo skonio<\/a> ir sodraus skonio pasirinkimus, tokius kaip <a href=\"https:\/\/vapestornado.com\/lt\/product\/razzbar-15000-puffs-rechargeable-disposable-vape-bulk-buy-at-cheap-prices\/\">RAZZBAR 15000 \u012ftraukim\u0173<\/a>. Kiekvienas produktas yra atrenkamas, akcentuojant kokyb\u0119, vert\u0119 ir \u012fvairov\u0119, u\u017etikrinant, kad rastum\u0117te tobul\u0105 variant\u0105 savo poreikiams. Atraskite i\u0161skirtin\u012f aptarnavim\u0105 ir plat\u0173 auk\u0161\u010diausios kokyb\u0117s produkt\u0173 asortiment\u0105 didmenin\u0117mis kainomis vapestornado svetain\u0117je.<\/p>\n<\/div>\n<h3><\/h3>\n<div class=\"relative p-1 rounded-sm flex items-center justify-center bg-token-main-surface-primary text-token-text-primary h-8 w-8\">\n<h3>DUK apie JNR nikotino mai\u0161elius<\/h3>\n<\/div>\n<\/div>\n<\/div>\n<\/div>\n<div class=\"flex-shrink-0 flex flex-col relative items-end\">\n<div class=\"pt-0\">\n<div class=\"gizmo-bot-avatar flex h-8 w-8 items-center justify-center overflow-hidden rounded-full\">\n<div class=\"relative p-1 rounded-sm flex items-center justify-center bg-token-main-surface-primary text-token-text-primary h-8 w-8\">\n<div class=\"mb-2 flex gap-3 empty:hidden -ml-2\">\n<p data-start=\"42\" data-end=\"510\"><strong data-start=\"42\" data-end=\"152\">1. Kokie yra pagrindiniai JNR 25 mg nikotino mai\u0161eli\u0173 privalumai, palyginti su tradiciniu r\u016bkymu ar garinimu?<\/strong><br data-start=\"152\" data-end=\"155\" \/>JNR 25 mg nikotino mai\u0161eliai suteikia \u0161varesn\u0119 ir diskreti\u0161kesn\u0119 nikotino patirt\u012f be poreikio r\u016bkyti ar garinti. Pagaminti i\u0161 be tabako ingredient\u0173, jie suteikia galimyb\u0119 vartoti nikotin\u0105 be d\u016bm\u0173 ir kvapo. Ploni ir ne\u0161iojami mai\u0161eliai gali b\u016bti naudojami bet kada ir bet kur, tod\u0117l tai yra patogi alternatyva tradiciniams tabako gaminiams.<\/p>\n<p data-start=\"512\" data-end=\"893\"><strong data-start=\"512\" data-end=\"625\">2. Kiek laiko trunka dilg\u010diojimo poj\u016btis naudojant JNR nikotino mai\u0161el\u012f ir k\u0105 jis rodo?<\/strong><br data-start=\"625\" data-end=\"628\" \/>Kai pad\u0117site JNR 25 mg nikotino mai\u0161el\u012f po l\u016bpa, pajusite dilg\u010diojimo poj\u016bt\u012f, kuris paprastai trunka apie 15 minu\u010di\u0173. \u0160is poj\u016btis rodo nikotino i\u0161siskyrim\u0105 ir yra \u017eenklas, kad mai\u0161elis veikia taip, kaip tik\u0117tasi, suteikdamas stipr\u0173 nikotino poveik\u012f.<\/p>\n<p data-start=\"895\" data-end=\"1290\"><strong data-start=\"895\" data-end=\"995\">3. Ar JNR 25 mg nikotino mai\u0161eliai gali pad\u0117ti r\u016bkaliams mesti, ir kod\u0117l jie yra sveikesn\u0117 alternatyva?<\/strong><br data-start=\"995\" data-end=\"998\" \/>Taip, JNR nikotino mai\u0161eliai gali pad\u0117ti r\u016bkaliams mesti, suteikdami be tabako, be d\u016bm\u0173 nikotino vartojimo galimyb\u0119. Kadangi juose n\u0117ra tabako, jie pa\u0161alina kenksming\u0105 r\u016bkymo poveik\u012f, tod\u0117l tai yra sveikesn\u0117 alternatyva tiems, kurie bando suma\u017einti ar mesti tabako vartojim\u0105.<\/p>\n<p data-start=\"1292\" data-end=\"1826\"><strong data-start=\"1292\" data-end=\"1409\">4. Kokios skoni\u0173 yra JNR 25 mg nikotino mai\u0161eliuose ir kuris i\u0161 j\u0173 suteikia gaiviausi\u0105 patirt\u012f?<\/strong><br data-start=\"1409\" data-end=\"1412\" \/>JNR nikotino mai\u0161eliai yra \u012fvairi\u0173 gaivi\u0173 skoni\u0173, \u012fskaitant juod\u0105j\u0105 vy\u0161ni\u0105, m\u0117lyn\u0105j\u012f avietin\u012f led\u0105, m\u0117lyni\u0173 m\u0117t\u0105, citrusini\u0173 vaisi\u0173 v\u0117sinim\u0105, mi\u0161rias uogas, bra\u0161ki\u0173 led\u0105 ir kt. D\u0117l gaivios patirties daugelis vartotoj\u0173 m\u0117gsta v\u0117sinant\u012f poj\u016bt\u012f, kur\u012f suteikia tokie skoniai kaip \u201eLedo m\u0117ta\u201c, \u201eM\u0117lynasis avietinis ledas\u201c ir \u201eBra\u0161ki\u0173 ledas\u201c.<\/p>\n<p data-start=\"1828\" data-end=\"2274\" data-is-last-node=\"\"><strong data-start=\"1828\" data-end=\"1932\">5. Kaip tinkamai \u012fd\u0117ti JNR nikotino mai\u0161el\u012f, kad jis b\u016bt\u0173 kuo patogesnis ir efektyvesnis?<\/strong><br data-start=\"1932\" data-end=\"1935\" \/>Nor\u0117dami naudoti JNR nikotino mai\u0161el\u012f, tiesiog pad\u0117kite vien\u0105 mai\u0161el\u012f po vir\u0161utine arba apatine l\u016bpa. Ir per kelias minutes pajusite poveik\u012f. Diskreti\u0161kas dizainas leid\u017eia m\u0117gautis nikotino patirtimi be jokios netvarkos ar stipraus kvapo.<\/p>\n<h2>Kaip u\u017esisakyti?<\/h2>\n<p><strong>1. Kokius mok\u0117jimo b\u016bdus priimate?<\/strong><br \/>\nMes priimame IBAN pavedimus ir <span style=\"font-size: 16px;\">Western Union<\/span>\u00a0saugoms ir patogioms operacijoms.<\/p>\n<p><strong>2. Kaip galiu sekti savo u\u017esakym\u0105?<\/strong><br \/>\nKai j\u016bs\u0173 u\u017esakymas bus i\u0161si\u0173stas, <span class=\"selectable-text copyable-text false\">mes nuolat atnaujinsime krovini\u0173 sekim\u0105, kol gausite krovin\u012f<\/span>.<\/p>\n<p><strong>3. Koks yra numatomas pristatymo laikas?<\/strong><\/p>\n<ul>\n<li>Pristatymas i\u0161 <strong>Kinijos sand\u0117li\u0173<\/strong> u\u017etrunka ma\u017edaug <strong>7-14 darbo dien\u0173<\/strong>.<\/li>\n<li>Pristatymas i\u0161 <strong>Europos sand\u0117liai<\/strong> paprastai u\u017etrunka <strong>3-6 darbo dienas<\/strong>.<\/li>\n<\/ul>\n<p><strong>4. Kaip galiu gauti greitesn\u012f pristatym\u0105?<\/strong><br \/>\nNor\u0117dami grei\u010diau pristatyti, rekomenduojame u\u017esisakyti i\u0161 m\u016bs\u0173 <strong>Europos sand\u0117lio<\/strong>, kuris si\u016blo greitesn\u012f pristatymo laik\u0105.<\/p>\n<p><strong>5. Kaip gr\u0105\u017einti prek\u0119?<\/strong><br \/>\nNor\u0117dami gr\u0105\u017einti prek\u0119, susisiekite su m\u016bs\u0173 klient\u0173 aptarnavimo komanda, kad gautum\u0117te i\u0161samias instrukcijas d\u0117l gr\u0105\u017einimo proceso.<\/p>\n<p><strong>6. Ar si\u016blote tarptautin\u012f pristatym\u0105?<\/strong><br \/>\nTaip, mes siun\u010diame \u012f daugum\u0105 \u0161ali\u0173 ir tvarkome <strong>muitin\u0117s formalumus<\/strong> kad pristatymas b\u016bt\u0173 sklandus.<\/p>\n<p><strong>7. K\u0105 daryti, jei gaunu pa\u017eeist\u0105 ar brokuot\u0105 prek\u0119?<\/strong><br \/>\nJei j\u016bs\u0173 prek\u0117 yra pa\u017eeista ar brokuota, susisiekite su klient\u0173 aptarnavimo skyriumi d\u0117l <strong>pakeitimo arba pinig\u0173 gr\u0105\u017einimo<\/strong>.<\/p>\n<p><strong>8. Kaip galiu susisiekti su klient\u0173 aptarnavimo skyriumi?<\/strong><br \/>\nSu mumis galite susisiekti el. <strong>pa\u0161tu, \u201eWhatsApp\u201c arba tiesioginiu pokalbiu<\/strong> m\u016bs\u0173 svetain\u0117je, jei reikia pagalbos.<\/p>\n<\/div>\n<\/div>\n<\/div>\n<\/div>\n<\/div>","protected":false},"excerpt":{"rendered":"<p>JNR nikotino pagalv\u0117l\u0117s 25mg didmenin\u0117 prekyba<br \/>\nKar\u0161tai parduodamos JNR nikotino pagalv\u0117l\u0117s 25mg urmu<br \/>\nGeriausios JNR nikotino pagalv\u0117l\u0117s 25mg pigi kaina<\/p>\n<p><strong>Prid\u0117kite Amy whatsapp, gaukite tiesiogin\u012f atsakym\u0105 ir kupon\u0105 veipui!<\/strong><\/p>\n<p><img fetchpriority=\"high\" decoding=\"async\" class=\"size-full wp-image-2932\" src=\"https:\/\/vapestornado.com\/wp-content\/uploads\/2024\/12\/Vape-Wholesale.jpg\" alt=\"Garintuvai Didmenin\u0117 prekyba\" width=\"229\" height=\"300\" \/><\/p>\n<h3><a href=\"https:\/\/wa.me\/8617776015835\"><span style=\"color: #ff0000;\"><strong>WhatsApp: +86 17776015835<\/strong><\/span><\/a><\/h3>\n<p>&nbsp;<\/p>","protected":false},"featured_media":3777,"comment_status":"open","ping_status":"closed","template":"","meta":{"_acf_changed":false,"_uag_custom_page_level_css":"","_lmt_disableupdate":"no","_lmt_disable":"","_monsterinsights_skip_tracking":false,"_monsterinsights_sitenote_active":false,"_monsterinsights_sitenote_note":"","_monsterinsights_sitenote_category":0,"site-sidebar-layout":"default","site-content-layout":"","ast-site-content-layout":"default","site-content-style":"default","site-sidebar-style":"default","ast-global-header-display":"","ast-banner-title-visibility":"","ast-main-header-display":"","ast-hfb-above-header-display":"","ast-hfb-below-header-display":"","ast-hfb-mobile-header-display":"","site-post-title":"","ast-breadcrumbs-content":"","ast-featured-img":"","footer-sml-layout":"","ast-disable-related-posts":"","theme-transparent-header-meta":"default","adv-header-id-meta":"","stick-header-meta":"","header-above-stick-meta":"","header-main-stick-meta":"","header-below-stick-meta":"","astra-migrate-meta-layouts":"set","ast-page-background-enabled":"default","ast-page-background-meta":{"desktop":{"background-color":"","background-image":"","background-repeat":"repeat","background-position":"center center","background-size":"auto","background-attachment":"scroll","background-type":"","background-media":"","overlay-type":"","overlay-color":"","overlay-opacity":"","overlay-gradient":""},"tablet":{"background-color":"","background-image":"","background-repeat":"repeat","background-position":"center center","background-size":"auto","background-attachment":"scroll","background-type":"","background-media":"","overlay-type":"","overlay-color":"","overlay-opacity":"","overlay-gradient":""},"mobile":{"background-color":"","background-image":"","background-repeat":"repeat","background-position":"center center","background-size":"auto","background-attachment":"scroll","background-type":"","background-media":"","overlay-type":"","overlay-color":"","overlay-opacity":"","overlay-gradient":""}},"ast-content-background-meta":{"desktop":{"background-color":"var(--ast-global-color-5)","background-image":"","background-repeat":"repeat","background-position":"center center","background-size":"auto","background-attachment":"scroll","background-type":"","background-media":"","overlay-type":"","overlay-color":"","overlay-opacity":"","overlay-gradient":""},"tablet":{"background-color":"var(--ast-global-color-5)","background-image":"","background-repeat":"repeat","background-position":"center center","background-size":"auto","background-attachment":"scroll","background-type":"","background-media":"","overlay-type":"","overlay-color":"","overlay-opacity":"","overlay-gradient":""},"mobile":{"background-color":"var(--ast-global-color-5)","background-image":"","background-repeat":"repeat","background-position":"center center","background-size":"auto","background-attachment":"scroll","background-type":"","background-media":"","overlay-type":"","overlay-color":"","overlay-opacity":"","overlay-gradient":""}},"_joinchat":{"telephone":"17776015835"}},"product_brand":[],"product_cat":[19,140,149,150,152,157],"product_tag":[244,242,243],"class_list":{"0":"post-3788","1":"product","2":"type-product","3":"status-publish","4":"has-post-thumbnail","6":"product_cat-vapes","7":"product_cat-big-puffs-disposable-vapes","8":"product_cat-buy-disposable-vapes-in-austria","9":"product_cat-buy-disposable-vapes-in-belgium","10":"product_cat-buy-disposable-vapes-in-cermany","11":"product_cat-buy-disposable-vapes-in-portugal","12":"product_tag-jnr-nicotine-pouches","13":"product_tag-jnr-nicotine-pouches-25mg","14":"product_tag-nicotine-pouches","15":"desktop-align-left","16":"tablet-align-left","17":"mobile-align-left","19":"first","20":"instock","21":"sale","22":"shipping-taxable","23":"purchasable","24":"product-type-simple"},"acf":[],"uagb_featured_image_src":{"full":["https:\/\/vapestornado.com\/wp-content\/uploads\/2025\/02\/JNR-Nicotine-Pouches-Wholesale.webp",1000,1000,false],"thumbnail":["https:\/\/vapestornado.com\/wp-content\/uploads\/2025\/02\/JNR-Nicotine-Pouches-Wholesale-150x150.webp",150,150,true],"medium":["https:\/\/vapestornado.com\/wp-content\/uploads\/2025\/02\/JNR-Nicotine-Pouches-Wholesale-300x300.webp",300,300,true],"medium_large":["https:\/\/vapestornado.com\/wp-content\/uploads\/2025\/02\/JNR-Nicotine-Pouches-Wholesale-768x768.webp",768,768,true],"large":["https:\/\/vapestornado.com\/wp-content\/uploads\/2025\/02\/JNR-Nicotine-Pouches-Wholesale.webp",1000,1000,false],"1536x1536":["https:\/\/vapestornado.com\/wp-content\/uploads\/2025\/02\/JNR-Nicotine-Pouches-Wholesale.webp",1000,1000,false],"2048x2048":["https:\/\/vapestornado.com\/wp-content\/uploads\/2025\/02\/JNR-Nicotine-Pouches-Wholesale.webp",1000,1000,false],"trp-custom-language-flag":["https:\/\/vapestornado.com\/wp-content\/uploads\/2025\/02\/JNR-Nicotine-Pouches-Wholesale.webp",12,12,false],"woocommerce_thumbnail":["https:\/\/vapestornado.com\/wp-content\/uploads\/2025\/02\/JNR-Nicotine-Pouches-Wholesale-300x300.webp",300,300,true],"woocommerce_single":["https:\/\/vapestornado.com\/wp-content\/uploads\/2025\/02\/JNR-Nicotine-Pouches-Wholesale-600x600.webp",600,600,true],"woocommerce_gallery_thumbnail":["https:\/\/vapestornado.com\/wp-content\/uploads\/2025\/02\/JNR-Nicotine-Pouches-Wholesale-100x100.webp",100,100,true]},"uagb_author_info":{"display_name":"ESAMY","author_link":"https:\/\/vapestornado.com\/lt\/author\/"},"uagb_comment_info":0,"uagb_excerpt":"JNR Nicotine Pouches 25mg Wholesale Hot Selling JNR Nicotine Pouches 25mg Bulk Buy Best JNR Nicotine Pouches 25mg Cheap Price Add Amy's whatsapp get right reply and vape vape coupon! WhatsApp: +86 17776015835 &nbsp;","_links":{"self":[{"href":"https:\/\/vapestornado.com\/lt\/wp-json\/wp\/v2\/product\/3788","targetHints":{"allow":["GET"]}}],"collection":[{"href":"https:\/\/vapestornado.com\/lt\/wp-json\/wp\/v2\/product"}],"about":[{"href":"https:\/\/vapestornado.com\/lt\/wp-json\/wp\/v2\/types\/product"}],"replies":[{"embeddable":true,"href":"https:\/\/vapestornado.com\/lt\/wp-json\/wp\/v2\/comments?post=3788"}],"wp:featuredmedia":[{"embeddable":true,"href":"https:\/\/vapestornado.com\/lt\/wp-json\/wp\/v2\/media\/3777"}],"wp:attachment":[{"href":"https:\/\/vapestornado.com\/lt\/wp-json\/wp\/v2\/media?parent=3788"}],"wp:term":[{"taxonomy":"product_brand","embeddable":true,"href":"https:\/\/vapestornado.com\/lt\/wp-json\/wp\/v2\/product_brand?post=3788"},{"taxonomy":"product_cat","embeddable":true,"href":"https:\/\/vapestornado.com\/lt\/wp-json\/wp\/v2\/product_cat?post=3788"},{"taxonomy":"product_tag","embeddable":true,"href":"https:\/\/vapestornado.com\/lt\/wp-json\/wp\/v2\/product_tag?post=3788"}],"curies":[{"name":"wp","href":"https:\/\/api.w.org\/{rel}","templated":true}]}}