{"id":3753,"date":"2025-01-17T08:42:15","date_gmt":"2025-01-17T08:42:15","guid":{"rendered":"https:\/\/vapestornado.com\/?post_type=product&#038;p=3753"},"modified":"2025-08-23T09:30:14","modified_gmt":"2025-08-23T09:30:14","slug":"bang-tornado-40000-puffs-disposable-vape-big-smart-screen-vapor","status":"publish","type":"product","link":"https:\/\/vapestornado.com\/lt\/product\/bang-tornado-40000-puffs-disposable-vape-big-smart-screen-vapor\/","title":{"rendered":"Bang Tornado 40000 \u012ftraukim\u0173 vienkartinis garintuvas su dideliu i\u0161maniuoju ekranu"},"content":{"rendered":"<h1>\u00a0Bang Tornado 40000 \u012ftraukim\u0173 vienkartinis garintuvas su dideliu i\u0161maniuoju ekranu<\/h1>\n<p>&nbsp;<\/p>\n<div role=\"article\" data-tabster=\"{&quot;groupper&quot;:{&quot;tabbability&quot;:2},&quot;focusable&quot;:{}}\" data-content=\"ai-message\" aria-labelledby=\"64JRvXrTnY7mRmPkEQLLT-author 64JRvXrTnY7mRmPkEQLLT-content\">\n<div id=\"64JRvXrTnY7mRmPkEQLLT-content\">\n<p data-start=\"328\" data-end=\"622\">\u0160is <strong data-start=\"332\" data-end=\"376\">Vienkartinis garintuvas Bang Tornado 40000 \u012ftraukim\u0173<\/strong> yra sukurtas talpai ir pa\u017eangiam veikimui, tod\u0117l tai yra puikus pasirinkimas didmeniniams pirk\u0117jams ir garinimo reikmen\u0173 parduotuv\u0117ms. Su <strong data-start=\"495\" data-end=\"528\">40 ml i\u0161 anksto u\u017epildytu e-skys\u010dio baku<\/strong> ir iki <strong data-start=\"539\" data-end=\"555\">40 000 \u012ftraukim\u0173<\/strong>, jis u\u017etikrina ilgalaikes sesijas be da\u017eno keitimo.<\/p>\n<p data-start=\"624\" data-end=\"892\">Veikia su <strong data-start=\"638\" data-end=\"669\">850mAh \u012fkraunama baterija<\/strong> su <strong data-start=\"675\" data-end=\"699\">C tipo greit\u0105j\u012f \u012fkrovim\u0105<\/strong>, Bang Tornado 40K u\u017etikrina nuosekli\u0105 gali\u0105 ilgam naudojimui. Jo <strong data-start=\"770\" data-end=\"795\">0,5 \u03a9 triguba tinklelio rit\u0117<\/strong> pagerina gar\u0173 tank\u012f ir skonio sodrum\u0105, u\u017etikrindama skland\u0173, tolyg\u0173 kaitinim\u0105 kiekvienu \u012ftraukimu.<\/p>\n<p data-start=\"894\" data-end=\"1089\">Sukurtas su <strong data-start=\"910\" data-end=\"940\">didelis i\u0161manusis ekranas<\/strong>, vartotojai gali steb\u0117ti gali\u0105 ir naudojim\u0105 realiuoju laiku. Ergonomi\u0161kas korpusas ir aptakus dizainas daro j\u012f ne\u0161iojamu, patikimu ir patogiu kasdieniam naudojimui.<\/p>\n<p data-start=\"1091\" data-end=\"1294\">Didmenininkams ir platintojams <strong data-start=\"1129\" data-end=\"1162\">Bang Tornado 40000 \u012ftraukim\u0173 garintuvas<\/strong> apjungia didel\u0119 \u012ftraukim\u0173 talp\u0105, \u012fkraunam\u0105 efektyvum\u0105 ir auk\u0161\u010diausios kokyb\u0117s konstrukcij\u0105, si\u016blydamas didel\u012f patrauklum\u0105 rinkoje ir pelningum\u0105.<\/p>\n<p><img fetchpriority=\"high\" decoding=\"async\" class=\"size-medium wp-image-2951\" src=\"https:\/\/vapestornado.com\/wp-content\/uploads\/2024\/12\/Wholesale-Disposable-Vape-265x300.jpg\" alt=\"Didmenin\u0117 prekyba vienkartiniais garintuvais\" width=\"265\" height=\"300\" srcset=\"https:\/\/vapestornado.com\/wp-content\/uploads\/2024\/12\/Wholesale-Disposable-Vape-265x300.jpg 265w, https:\/\/vapestornado.com\/wp-content\/uploads\/2024\/12\/Wholesale-Disposable-Vape-768x871.jpg 768w, https:\/\/vapestornado.com\/wp-content\/uploads\/2024\/12\/Wholesale-Disposable-Vape-600x680.jpg 600w, https:\/\/vapestornado.com\/wp-content\/uploads\/2024\/12\/Wholesale-Disposable-Vape.jpg 823w\" sizes=\"(max-width: 265px) 100vw, 265px\" \/><\/p>\n<h5>Pra\u0161ome susisiekti su Mandy per \u201eWhatsApp\u201c d\u0117l nuolaidos kainos<a href=\"https:\/\/wa.me\/8618077105796\" target=\"_blank\" rel=\"noopener\">+8618077105796<\/a><\/h5>\n<p>&nbsp;<\/p>\n<\/div>\n<\/div>\n<div class=\"mb-2 flex gap-3 empty:hidden -ml-2\">\n<h2 class=\"sr-proMainInfo-baseInfoH1 J-baseInfo-name\">\u00a0\u201eBang 40000 Puffs\u201c \u012fkraunam\u0173 garintuv\u0173 pagrindin\u0117s savyb\u0117s:<\/h2>\n<ul>\n<li><strong>40 ml talpos e. skystis<\/strong> iki <strong>40 000 \u012ftraukim\u0173<\/strong><\/li>\n<li><strong>850mAh \u012fkraunama baterija<\/strong> su <strong>C tipo \u012fkrovimo prievadas<\/strong><\/li>\n<li><strong>0,5 omo triguba tinklelio rit\u0117<\/strong> skland\u017eiam garui ir sustiprintam skoniui<\/li>\n<li><strong>Reguliuojama galia<\/strong> individualiai pritaikytai garinimo patir\u010diai<\/li>\n<li><strong>Ilgai trunkantis<\/strong> ir patogus ilgam naudojimui<\/li>\n<li>Eleganti\u0161kas, <strong>ergonomi\u0161kas dizainas<\/strong> patogiam ne\u0161iojimui<\/li>\n<li>Idealiai tinka tiek atsitiktiniams, tiek patyrusiems garintojams<\/li>\n<\/ul>\n<\/div>\n<h2 class=\"sr-proMainInfo-baseInfoH1 J-baseInfo-name\">Bang Tornado 40000 \u012ftraukim\u0173 didmenin\u0117s prekybos garintuv\u0173 skonis:<\/h2>\n<p>1. Bra\u0161ki\u0173 arb\u016bzas<br \/>\n2. Arb\u016bzas<br \/>\n3. MEIL\u0116 66<br \/>\n4. Energetinis g\u0117rimas<br \/>\n5. Bra\u0161ki\u0173 kivis<br \/>\n6. M\u0117lyni\u0173 citrina<br \/>\n7. M\u0117lyni\u0173 vynuog\u0117s<br \/>\n8. M\u0117lyni\u0173 avie\u010di\u0173<br \/>\n9. Mango persikas<br \/>\n10. Trigubos uogos<br \/>\n11. Dvigubas obuolys<br \/>\n12. Persik\u0173 ledai<\/p>\n<div role=\"article\" data-tabster=\"{&quot;groupper&quot;:{&quot;tabbability&quot;:2},&quot;focusable&quot;:{}}\" data-content=\"ai-message\" aria-labelledby=\"dARUyEWDoEYhnSPXFwx5A-author dARUyEWDoEYhnSPXFwx5A-content\">\n<div id=\"dARUyEWDoEYhnSPXFwx5A-content\">\n<h3><strong>Kod\u0117l pirkti <\/strong>Bang Tornado 40k Puff garintuvas <strong>i\u0161 vapestornado?<\/strong><\/h3>\n<div class=\"flex max-w-full flex-col flex-grow\">\n<div class=\"min-h-8 text-message flex w-full flex-col items-end gap-2 whitespace-normal break-words text-start [.text-message+&amp;]:mt-5\" dir=\"auto\" data-message-author-role=\"assistant\" data-message-id=\"8ec0866b-3616-4b38-8c41-2e75d00fce2d\" data-message-model-slug=\"gpt-4o-mini\">\n<div class=\"flex w-full flex-col gap-1 empty:hidden first:pt-[3px]\">\n<div class=\"markdown prose w-full break-words dark:prose-invert light\">\n<ul>\n<li><strong>Auk\u0161\u010diausia kokyb\u0117<\/strong>: \u201evapestornado\u201c si\u016blo autenti\u0161kus, auk\u0161tos kokyb\u0117s \u201eBang Tornado 40000 Puffs\u201c, u\u017etikrinan\u010dius auk\u0161\u010diausios klas\u0117s garinimo patirt\u012f su \u0161velniais garais ir sodriu skoniu.<\/li>\n<li><strong>Konkurencingos kainos<\/strong>: M\u0117gaukit\u0117s konkurencingomis didmenin\u0117mis kainomis perkant dideliais kiekiais, tod\u0117l tai idealu tiek individualiems vartotojams, tiek \u012fmon\u0117ms.<\/li>\n<li><strong>Greitas pristatymas<\/strong>: \u201evapestornado\u201c u\u017etikrina greit\u0105 ir patikim\u0105 pristatym\u0105, tod\u0117l galite nedelsdami prad\u0117ti m\u0117gautis savo produktu.<\/li>\n<li><strong>Puikus klient\u0173 aptarnavimas<\/strong>: Atsidavusi palaikymo komanda, pasiruo\u0161usi pad\u0117ti i\u0161kilus bet kokiems klausimams ar r\u016bpes\u010diams, u\u017etikrinanti skland\u0173 pirkimo proces\u0105.<\/li>\n<li><strong>Platus pasirinkimas<\/strong>: vapestornado si\u016blo \u012fvairi\u0173 skoni\u0173 ir variant\u0173, leid\u017eian\u010di\u0173 jums pasirinkti tobul\u0105 variant\u0105 pagal j\u016bs\u0173 pageidavimus.<\/li>\n<li><strong>Saugus apsipirkimas<\/strong>: Vapestornado, \u012fsipareigojusi klient\u0173 saugumui, garantuoja saugius mok\u0117jimo b\u016bdus ir operacijas.<\/li>\n<\/ul>\n<\/div>\n<\/div>\n<\/div>\n<\/div>\n<div class=\"mb-2 flex gap-3 empty:hidden -ml-2\">\n<div class=\"items-center justify-start rounded-xl p-1 flex\"><\/div>\n<\/div>\n<\/div>\n<\/div>\n<h3>DUK apie Bang Tornado puff 40000 vienkartinius garintuvus<\/h3>\n<ul>\n<li><strong>Kiek laiko veikia Bang tornado vape 40 000 Puffs?<\/strong><br \/>\nBang Tornado 40 000 Puffs veikia iki 40 000 \u012ftraukim\u0173, priklausomai nuo naudojimo. Su didele 40 ml e-skys\u010dio talpa jis si\u016blo ilgalaik\u012f garinim\u0105 be da\u017eno keitimo.<\/li>\n<li><strong>Kaip \u012fkrauti Bang Tornado 40 000 Puffvapes?<\/strong><br \/>\n\u012erenginyje yra <strong>850mAh \u012fkraunama baterija<\/strong> ir <strong>C tipo \u012fkrovimo prievadas<\/strong>, leid\u017eiantis greitai ir efektyviai \u012fkrauti, kai baterija i\u0161sikrauna.<\/li>\n<li><strong>Kokia yra rit\u0117s var\u017ea Bang vape Tornado 40 000 Puffs?<\/strong><br \/>\n\u012erenginyje naudojamas <strong>0,5 omo triguba tinklelio rit\u0117<\/strong> sklandesniam gar\u0173 gamybai ir sustiprintam skoniui, suteikiant auk\u0161\u010diausios kokyb\u0117s garinimo patirt\u012f.<\/li>\n<li><strong>Kokio stiprumo nikotino yra Cheap Price Bang Tornado 40 000 Puffs?<\/strong><br \/>\nBang Tornado 40 000 Puffs paprastai b\u016bna \u012fvairaus stiprumo nikotino (paprastai 2% arba 5%), kad atitikt\u0173 skirtingus pageidavimus.<\/li>\n<\/ul>","protected":false},"excerpt":{"rendered":"<ul>\n<li><strong>Auk\u0161\u010diausios klas\u0117s vienkartinis garintuvas \u201eBang Tornado 40K Puff\u201c<\/strong><\/li>\n<li><strong>Patvarus \u012fkraunamas garinimo \u012frenginys \u201eBang Tornado 40K Puffs\u201c<\/strong><\/li>\n<li><strong>\u201eBang Tornado 40K Puffs\u201c elektronin\u0117 cigaret\u0117 su pritaikomais ledo skonio kapsul\u0117mis<\/strong><\/li>\n<\/ul>\n<figure id=\"attachment_2951\" aria-describedby=\"caption-attachment-2951\" style=\"width: 265px\" class=\"wp-caption alignnone\"><img fetchpriority=\"high\" decoding=\"async\" class=\"size-medium wp-image-2951\" src=\"https:\/\/vapestornado.com\/wp-content\/uploads\/2024\/12\/Wholesale-Disposable-Vape-265x300.jpg\" alt=\"Didmenin\u0117 prekyba vienkartiniais garintuvais\" width=\"265\" height=\"300\" srcset=\"https:\/\/vapestornado.com\/wp-content\/uploads\/2024\/12\/Wholesale-Disposable-Vape-265x300.jpg 265w, https:\/\/vapestornado.com\/wp-content\/uploads\/2024\/12\/Wholesale-Disposable-Vape-768x871.jpg 768w, https:\/\/vapestornado.com\/wp-content\/uploads\/2024\/12\/Wholesale-Disposable-Vape-600x680.jpg 600w, https:\/\/vapestornado.com\/wp-content\/uploads\/2024\/12\/Wholesale-Disposable-Vape.jpg 823w\" sizes=\"(max-width: 265px) 100vw, 265px\" \/><figcaption id=\"caption-attachment-2951\" class=\"wp-caption-text\">Pra\u0161ome susisiekti su Mandy per \u201eWhatsApp\u201c d\u0117l nuolaidos kainos\u00a0 <a href=\"https:\/\/wa.me\/8618077105796\">+8618077105796<\/a><\/figcaption><\/figure>\n<p>&nbsp;<\/p>","protected":false},"featured_media":3746,"comment_status":"open","ping_status":"closed","template":"","meta":{"_acf_changed":false,"_uag_custom_page_level_css":"","_lmt_disableupdate":"no","_lmt_disable":"","_monsterinsights_skip_tracking":false,"_monsterinsights_sitenote_active":false,"_monsterinsights_sitenote_note":"","_monsterinsights_sitenote_category":0,"site-sidebar-layout":"default","site-content-layout":"","ast-site-content-layout":"default","site-content-style":"default","site-sidebar-style":"default","ast-global-header-display":"","ast-banner-title-visibility":"","ast-main-header-display":"","ast-hfb-above-header-display":"","ast-hfb-below-header-display":"","ast-hfb-mobile-header-display":"","site-post-title":"","ast-breadcrumbs-content":"","ast-featured-img":"","footer-sml-layout":"","ast-disable-related-posts":"","theme-transparent-header-meta":"default","adv-header-id-meta":"","stick-header-meta":"","header-above-stick-meta":"","header-main-stick-meta":"","header-below-stick-meta":"","astra-migrate-meta-layouts":"set","ast-page-background-enabled":"default","ast-page-background-meta":{"desktop":{"background-color":"","background-image":"","background-repeat":"repeat","background-position":"center center","background-size":"auto","background-attachment":"scroll","background-type":"","background-media":"","overlay-type":"","overlay-color":"","overlay-opacity":"","overlay-gradient":""},"tablet":{"background-color":"","background-image":"","background-repeat":"repeat","background-position":"center center","background-size":"auto","background-attachment":"scroll","background-type":"","background-media":"","overlay-type":"","overlay-color":"","overlay-opacity":"","overlay-gradient":""},"mobile":{"background-color":"","background-image":"","background-repeat":"repeat","background-position":"center center","background-size":"auto","background-attachment":"scroll","background-type":"","background-media":"","overlay-type":"","overlay-color":"","overlay-opacity":"","overlay-gradient":""}},"ast-content-background-meta":{"desktop":{"background-color":"var(--ast-global-color-5)","background-image":"","background-repeat":"repeat","background-position":"center center","background-size":"auto","background-attachment":"scroll","background-type":"","background-media":"","overlay-type":"","overlay-color":"","overlay-opacity":"","overlay-gradient":""},"tablet":{"background-color":"var(--ast-global-color-5)","background-image":"","background-repeat":"repeat","background-position":"center center","background-size":"auto","background-attachment":"scroll","background-type":"","background-media":"","overlay-type":"","overlay-color":"","overlay-opacity":"","overlay-gradient":""},"mobile":{"background-color":"var(--ast-global-color-5)","background-image":"","background-repeat":"repeat","background-position":"center center","background-size":"auto","background-attachment":"scroll","background-type":"","background-media":"","overlay-type":"","overlay-color":"","overlay-opacity":"","overlay-gradient":""}},"_joinchat":[]},"product_brand":[],"product_cat":[140,65,62,151,154,159,146,148],"product_tag":[212,97,98],"class_list":{"0":"post-3753","1":"product","2":"type-product","3":"status-publish","4":"has-post-thumbnail","6":"product_cat-big-puffs-disposable-vapes","7":"product_cat-40000-puff","8":"product_cat-bang-vape","9":"product_cat-buy-disposable-vapes-in-france","10":"product_cat-buy-disposable-vapes-in-netherlands","11":"product_cat-buy-disposable-vapes-in-sweden","12":"product_cat-rechargeable-disposable-vapes","13":"product_cat-tornado-disposable-vapes","14":"product_tag-bang-vape-40000","15":"product_tag-hot-sale-disposable-vape","16":"product_tag-wholesale-price-disposable-vape","17":"desktop-align-left","18":"tablet-align-left","19":"mobile-align-left","21":"first","22":"instock","23":"sale","24":"shipping-taxable","25":"purchasable","26":"product-type-simple"},"acf":[],"uagb_featured_image_src":{"full":["https:\/\/vapestornado.com\/wp-content\/uploads\/2025\/01\/Bang-Tornado-40K-Puff-Adjustable-Power-Disposable-Vape.webp",800,800,false],"thumbnail":["https:\/\/vapestornado.com\/wp-content\/uploads\/2025\/01\/Bang-Tornado-40K-Puff-Adjustable-Power-Disposable-Vape-150x150.webp",150,150,true],"medium":["https:\/\/vapestornado.com\/wp-content\/uploads\/2025\/01\/Bang-Tornado-40K-Puff-Adjustable-Power-Disposable-Vape-300x300.webp",300,300,true],"medium_large":["https:\/\/vapestornado.com\/wp-content\/uploads\/2025\/01\/Bang-Tornado-40K-Puff-Adjustable-Power-Disposable-Vape-768x768.webp",768,768,true],"large":["https:\/\/vapestornado.com\/wp-content\/uploads\/2025\/01\/Bang-Tornado-40K-Puff-Adjustable-Power-Disposable-Vape.webp",800,800,false],"1536x1536":["https:\/\/vapestornado.com\/wp-content\/uploads\/2025\/01\/Bang-Tornado-40K-Puff-Adjustable-Power-Disposable-Vape.webp",800,800,false],"2048x2048":["https:\/\/vapestornado.com\/wp-content\/uploads\/2025\/01\/Bang-Tornado-40K-Puff-Adjustable-Power-Disposable-Vape.webp",800,800,false],"trp-custom-language-flag":["https:\/\/vapestornado.com\/wp-content\/uploads\/2025\/01\/Bang-Tornado-40K-Puff-Adjustable-Power-Disposable-Vape.webp",12,12,false],"woocommerce_thumbnail":["https:\/\/vapestornado.com\/wp-content\/uploads\/2025\/01\/Bang-Tornado-40K-Puff-Adjustable-Power-Disposable-Vape-300x300.webp",300,300,true],"woocommerce_single":["https:\/\/vapestornado.com\/wp-content\/uploads\/2025\/01\/Bang-Tornado-40K-Puff-Adjustable-Power-Disposable-Vape-600x600.webp",600,600,true],"woocommerce_gallery_thumbnail":["https:\/\/vapestornado.com\/wp-content\/uploads\/2025\/01\/Bang-Tornado-40K-Puff-Adjustable-Power-Disposable-Vape-100x100.webp",100,100,true]},"uagb_author_info":{"display_name":"ESMANDY","author_link":"https:\/\/vapestornado.com\/lt\/author\/"},"uagb_comment_info":0,"uagb_excerpt":"High-End Bang Tornado 40K Puff Disposable Vape Pen Durable Bang Tornado 40K Puffs Rechargeable Vape Device Bang Tornado 40K Puffs E-Cig with Customizable Ice Flavor Pods [caption id=\"attachment_2951\" align=\"alignnone\" width=\"265\"] Pls Contact Mandy's WhatsApp For Discount Price\u00a0 +8618077105796[\/caption] &nbsp;","_links":{"self":[{"href":"https:\/\/vapestornado.com\/lt\/wp-json\/wp\/v2\/product\/3753","targetHints":{"allow":["GET"]}}],"collection":[{"href":"https:\/\/vapestornado.com\/lt\/wp-json\/wp\/v2\/product"}],"about":[{"href":"https:\/\/vapestornado.com\/lt\/wp-json\/wp\/v2\/types\/product"}],"replies":[{"embeddable":true,"href":"https:\/\/vapestornado.com\/lt\/wp-json\/wp\/v2\/comments?post=3753"}],"wp:featuredmedia":[{"embeddable":true,"href":"https:\/\/vapestornado.com\/lt\/wp-json\/wp\/v2\/media\/3746"}],"wp:attachment":[{"href":"https:\/\/vapestornado.com\/lt\/wp-json\/wp\/v2\/media?parent=3753"}],"wp:term":[{"taxonomy":"product_brand","embeddable":true,"href":"https:\/\/vapestornado.com\/lt\/wp-json\/wp\/v2\/product_brand?post=3753"},{"taxonomy":"product_cat","embeddable":true,"href":"https:\/\/vapestornado.com\/lt\/wp-json\/wp\/v2\/product_cat?post=3753"},{"taxonomy":"product_tag","embeddable":true,"href":"https:\/\/vapestornado.com\/lt\/wp-json\/wp\/v2\/product_tag?post=3753"}],"curies":[{"name":"wp","href":"https:\/\/api.w.org\/{rel}","templated":true}]}}