{"id":3734,"date":"2025-01-13T08:21:51","date_gmt":"2025-01-13T08:21:51","guid":{"rendered":"https:\/\/vapestornado.com\/?post_type=product&#038;p=3734"},"modified":"2025-08-23T09:32:47","modified_gmt":"2025-08-23T09:32:47","slug":"waspe-crystal-40000-puffs-40k-double-flavor-rechargeable-disposable-vapes-cheap-price","status":"publish","type":"product","link":"https:\/\/vapestornado.com\/lt\/product\/waspe-crystal-40000-puffs-40k-double-flavor-rechargeable-disposable-vapes-cheap-price\/","title":{"rendered":"WASPE Crystal 40000 \u012ftraukim\u0173 40k \u012fkraunami vienkartiniai garintuvai su dvigubu skoniu pigia kaina"},"content":{"rendered":"<h1 class=\"product-title\">WASPE Crystal 40000 \u012ftraukim\u0173 40k \u012fkraunami vienkartiniai garintuvai su dvigubu skoniu pigia kaina<\/h1>\n<p>\u0160is <strong>WASPE Crystal 40000 \u012ftraukim\u0173<\/strong> yra auk\u0161\u010diausios klas\u0117s <strong>\u012fkraunamas vienkartinis garintuvas<\/strong> skirtas garintojams, ie\u0161kantiems ilgos, aromatingos ir pritaikomos patirties. Su dideliu \u012ftraukim\u0173 skai\u010diumi, <strong>reguliuojamas oro srautas<\/strong>, ir novatori\u0161ka <strong>2 skoni\u0173 viename<\/strong> technologija, jis i\u0161siskiria tarp <strong>geriausi\u0173 vienkartini\u0173 garintuv\u0173 preki\u0173 \u017eenkl\u0173<\/strong> u\u017e ne\u012ftik\u0117tinai <strong>pigi\u0105 didmenin\u0119 kain\u0105<\/strong>.<\/p>\n<p>Su \u012fsp\u016bdingu <strong>40 000 \u012ftraukim\u0173<\/strong>\u0161is prietaisas si\u016blo vien\u0105 did\u017eiausi\u0173 talp\u0173 vienkartini\u0173 garintuv\u0173 rinkoje, u\u017etikrinant\u012f ilgalaik\u012f malonum\u0105 be da\u017eno keitimo. \u201e <strong>dvigubo skonio technologija<\/strong> sujungia du vienas kit\u0105 papildan\u010dius skonius viename \u012frenginyje, leid\u017eiant\u012f vartotojams be vargo perjungti juos ir m\u0117gautis dinami\u0161ka garinimo patirtimi.<\/p>\n<p data-start=\"598\" data-end=\"841\">\u0160is <strong data-start=\"602\" data-end=\"624\">dviej\u0173 skoni\u0173 sistema<\/strong> leid\u017eia vartotojams perjungti du mi\u0161inius viename \u012frenginyje, u\u017etikrinant \u012fvairov\u0119 ir \u0161vie\u017eum\u0105 kiekvienos sesijos metu. Suporuotas su <strong data-start=\"744\" data-end=\"766\">reguliuojamas oro srautas<\/strong>, jis leid\u017eia garintojams pritaikyti savo traukim\u0105 \u2013 nuo stipri\u0173 sm\u016bgi\u0173 iki sklandesni\u0173 debes\u0173.<\/p>\n<p data-start=\"843\" data-end=\"1081\">\u012erengtas <strong data-start=\"857\" data-end=\"881\">dvigubos 0,9 \u03a9 tinklelio rit\u0117s<\/strong>, WASPE Crystal pagerina skonio pastovum\u0105 ir gar\u0173 tank\u012f. Galima \u012fsigyti <strong data-start=\"961\" data-end=\"998\">0%, 2% ir 5% nikotino stiprumo<\/strong>, jis tinka skirtingiems pageidavimams \u2013 nuo naudojimo be nikotino iki stipresni\u0173 gerkl\u0117s sm\u016bgi\u0173.<\/p>\n<p data-start=\"1083\" data-end=\"1291\">Veikia su <strong data-start=\"1097\" data-end=\"1128\">850mAh \u012fkraunama baterija<\/strong> su <strong data-start=\"1134\" data-end=\"1158\">C tipo greit\u0105j\u012f \u012fkrovim\u0105<\/strong>, \u0161is \u012frenginys suma\u017eina prastov\u0173 laik\u0105. A <strong data-start=\"1194\" data-end=\"1217\">LED skaitmeninis ekranas<\/strong> rodo realaus laiko akumuliatoriaus ir e-skys\u010dio lygius, suteikdamas vartotojams visi\u0161k\u0105 kontrol\u0119.<\/p>\n<p data-start=\"1293\" data-end=\"1484\">Didmenininkams ir ma\u017emenininkams <strong data-start=\"1328\" data-end=\"1354\">WASPE Crystal 40K Vape<\/strong> yra supakuotas efektyviai su <strong data-start=\"1384\" data-end=\"1424\">200 vienet\u0173 d\u0117\u017eut\u0117je ir 10 vienet\u0173 d\u0117\u017eut\u0117je<\/strong>, tod\u0117l tai yra ekonomi\u0161kai efektyvus didmeninis pasirinkimas platinimui.<\/p>\n<p>Tiems, kurie nori <strong>pirkti dideliais kiekiais<\/strong>, WASPE Crystal si\u016blo puikias didmenin\u0117s prekybos galimybes su pakuot\u0117mis po <strong>200 vienet\u0173 d\u0117\u017eut\u0117je ir 10 vienet\u0173 d\u0117\u017eut\u0117je<\/strong>, tod\u0117l puikiai tinka ma\u017emenininkams ir platintojams. Bendrasis bruto svoris \u2013 22,5 kg \u2013 u\u017etikrina efektyv\u0173 ir ekonomi\u0161k\u0105 pristatym\u0105 dideliems pirk\u0117jams.<\/p>\n<p><strong>Prid\u0117kite Amy's Whatsapp, gaukite teising\u0105 atsakym\u0105 ir kupon\u0105 garintuvui!<\/strong><\/p>\n<p><img fetchpriority=\"high\" decoding=\"async\" class=\"size-full wp-image-2932\" src=\"https:\/\/vapestornado.com\/wp-content\/uploads\/2024\/12\/Vape-Wholesale.jpg\" alt=\"Garintuvai Didmenin\u0117 prekyba\" width=\"229\" height=\"300\" \/><\/p>\n<h3><a href=\"https:\/\/wa.me\/8617776015835\" target=\"_blank\" rel=\"noopener\"><span style=\"color: #ff0000;\"><strong>WhatsApp: +86 17776015835<\/strong><\/span><\/a><\/h3>\n<p>&nbsp;<\/p>\n<h2><strong>WASPE Crystal 40000 produkto savyb\u0117s<\/strong><\/h2>\n<ol>\n<li><strong>Maks. \u012ftraukim\u0173<\/strong>: 40000<\/li>\n<li><strong>Dvigubi skoniai<\/strong>: 20000 \u012ftraukim\u0173 + 20000 \u012ftraukim\u0173 = 40000 \u012ftraukim\u0173<\/li>\n<li><strong>Nikotino stiprumas<\/strong>: 0% \/ 2% \/ 3% \/ 5%<\/li>\n<li><strong>I\u0161 anksto pripildyta talpa<\/strong>: 32 ml<\/li>\n<li><strong>Baterijos talpa<\/strong>: 850 mAh<\/li>\n<li><strong>\u012ekrovimo prievadas<\/strong>: USB Type-C<\/li>\n<li><strong>Operacija<\/strong>: \u012ejungimas \u012ftraukimu<\/li>\n<li><strong>0.9ohm dviguba tinklelio rit\u0117<\/strong><\/li>\n<li><strong>LED ekranas<\/strong><\/li>\n<li><strong>Baterijos lygio indikatorius<\/strong><\/li>\n<li><strong>E-skys\u010dio lygio indikatorius<\/strong><\/li>\n<\/ol>\n<h2 class=\"product-title\"><strong>WASPE Crystal 40000 skoni\u0173 s\u0105ra\u0161as<\/strong><\/h2>\n<p>1. Arb\u016bz\u0173 ledas<br \/>\n2. Red Bull ledas<br \/>\n3. Bra\u0161ki\u0173 \u201eRed Bull\u201c<br \/>\n4. M\u0117lyni\u0173 saldainiai<br \/>\n5. Bra\u0161k\u0117s ir kiviai<br \/>\n6. M\u0117lyn\u0117s ir aviet\u0117s<br \/>\n7. Bra\u0161k\u0117s, aviet\u0117s ir vy\u0161nios<br \/>\n8. Persik\u0173 ledas<br \/>\n9. Bra\u0161k\u0117s ir bananai<br \/>\n10. Vynuogi\u0173 ledas<br \/>\n11. Mi\u0161rios uogos<br \/>\n12. M\u0117lyni\u0173 ledas<\/p>\n<h3 class=\"product-title\"><strong>I\u0161sami ap\u017evalga apie WASPE Crystal 40000 \u012fkv\u0117pim\u0173 skoni\u0173 s\u0105ra\u0161\u0105<\/strong><\/h3>\n<ol>\n<li><strong>Arb\u016bz\u0173 ledas<\/strong> \u2013 Gaivinantis v\u0117saus arb\u016bzo mi\u0161inys su a\u0161triu citrin\u0173 ir \u017eali\u0173j\u0173 citrin\u0173 poskoniu.<\/li>\n<li><strong>M\u0117lyni\u0173 ledas<\/strong> \u2013 Sald\u017eios m\u0117lyn\u0117s susitinka su putojan\u010diu vy\u0161ni\u0173 kolos d\u017eiaugsmu ir lediniu poskoniu.<\/li>\n<li><strong>Mi\u0161rios uogos<\/strong> \u2013 Vaisi\u0173 mi\u0161inys i\u0161 \u012fvairi\u0173 uog\u0173 su a\u0161triu avie\u010di\u0173 limonado poskoniu.<\/li>\n<li><strong>Vynuogi\u0173 ledas<\/strong> \u2013 Sultingas vynuogi\u0173 skonis kartu su egzoti\u0161ku juodojo drakono ledo v\u0117sumu.<\/li>\n<li><strong>Bra\u0161ki\u0173 bananas<\/strong> \u2013 Tropinis kreminio banano, sald\u017eios bra\u0161k\u0117s ir ledinio ananas\u0173 kokoso derinys.<\/li>\n<li><strong>Persik\u0173 ledas<\/strong> \u2013 \u0160velnus persik\u0173 ledas, sumai\u0161ytas su sultingu arb\u016bzu ir mango.<\/li>\n<li><strong>Bra\u0161ki\u0173 avie\u010di\u0173 vy\u0161nia<\/strong> \u2013 Sodrus bra\u0161ki\u0173, avie\u010di\u0173, vy\u0161ni\u0173 ir paslaptingo Love 666 skonio mi\u0161inys.<\/li>\n<li><strong>M\u0117lyni\u0173 ir avie\u010di\u0173<\/strong> \u2013 Sald\u017eios m\u0117lyn\u0117s ir aviet\u0117s, sumai\u0161ytos su leduotu persik\u0173 uog\u0173 skoniu.<\/li>\n<li><strong>Bra\u0161ki\u0173 ir kivi<\/strong> \u2013 Nuostabus sald\u017ei\u0173 bra\u0161ki\u0173 su a\u0161triais kiviais ir vy\u0161niomis mi\u0161inys.<\/li>\n<li><strong>M\u0117lyni\u0173 saldainiai<\/strong> \u2013 Saldaini\u0173 tipo m\u0117lyni\u0173 saldumas, derinamas su sultingu bra\u0161ki\u0173 arb\u016bzu.<\/li>\n<li><strong>Bra\u0161ki\u0173 Red Bull<\/strong> \u2013 Unikalus energizuojan\u010dio Red Bull skonio mi\u0161inys su sald\u017eia m\u0117lyni\u0173 vy\u0161nia.<\/li>\n<li><strong>Red Bull ledas<\/strong> \u2013 Gaivinantis Red Bull ledas, derinamas su sald\u017eiu bra\u0161ki\u0173 mango.<\/li>\n<\/ol>\n<h3>Kod\u0117l verta rinktis vapestornado WASPE Crystal 40000 Vape didmeninei prekybai?<\/h3>\n<div class=\"flex-shrink-0 flex flex-col relative items-end\">\n<div class=\"pt-0\">\n<div class=\"gizmo-bot-avatar flex h-8 w-8 items-center justify-center overflow-hidden rounded-full\">\n<div class=\"relative p-1 rounded-sm flex items-center justify-center bg-token-main-surface-primary text-token-text-primary h-8 w-8\">\n<p>Sveiki atvyk\u0119 \u012f vapestornado \u2013 j\u016bs\u0173 patikim\u0105 internetin\u0119 auk\u0161\u010diausios kokyb\u0117s vienkartini\u0173 garinimo priemoni\u0173 parduotuv\u0119. Tur\u0117dami daugiau nei 5 met\u0173 patirt\u012f, si\u016blome populiarius vienkartini\u0173 garinimo priemoni\u0173 prek\u0117s \u017eenklus, tokius kaip Fumot RandM Vape, <a href=\"https:\/\/vapestornado.com\/lt\/product\/vapme-crystal-7000-puffs-rechargeable-disposable-vape-wholesale-cheap-price\/\">Vapme<\/a>, Bang Vape, Waspe Vape, ir WGA Vape ir kt.<\/p>\n<p>M\u016bs\u0173 asortimentas apima populiarias garinimo priemones, tokias kaip <a href=\"https:\/\/vapestornado.com\/lt\/product\/fumot-randm-tornado-15000-puffs-rechargeable-disposable-vape-wholesale\/\">RandM Tornado 15000<\/a>, ir skoni\u0173 turtingus pasirinkimus, tokius kaip <a href=\"https:\/\/vapestornado.com\/lt\/product\/waspe-40000-puffs-double-flavour-led-display-disposable-vape-wholesale\/\">WASPE dvigubo skonio 40000 \u012fkv\u0117pim\u0173<\/a> . Kiekvienas produktas yra atrenkamas, akcentuojant kokyb\u0119, vert\u0119 ir \u012fvairov\u0119, u\u017etikrinant, kad rastum\u0117te tobul\u0105 variant\u0105 savo poreikiams. Atraskite i\u0161skirtin\u012f aptarnavim\u0105 ir plat\u0173 auk\u0161\u010diausios kokyb\u0117s produkt\u0173 asortiment\u0105 didmenin\u0117mis kainomis vapestornado svetain\u0117je.<\/p>\n<\/div>\n<h3><\/h3>\n<div class=\"relative p-1 rounded-sm flex items-center justify-center bg-token-main-surface-primary text-token-text-primary h-8 w-8\">\n<h3>DUK apie WASPE Crystal 40000 vienkartin\u012f garintuv\u0105<\/h3>\n<\/div>\n<\/div>\n<\/div>\n<\/div>\n<div class=\"flex-shrink-0 flex flex-col relative items-end\">\n<div class=\"pt-0\">\n<div class=\"gizmo-bot-avatar flex h-8 w-8 items-center justify-center overflow-hidden rounded-full\">\n<div class=\"relative p-1 rounded-sm flex items-center justify-center bg-token-main-surface-primary text-token-text-primary h-8 w-8\">\n<div class=\"mb-2 flex gap-3 empty:hidden -ml-2\">\n<ol>\n<li><strong>Per kiek laiko visi\u0161kai \u012fkraunamas WASPE Crystal?<\/strong>\n<ul>\n<li>Naudojant C tipo greit\u0105j\u012f \u012fkrovim\u0105, prietaisui visi\u0161kai \u012fkrauti reikia ma\u017edaug 1 valandos.<\/li>\n<\/ul>\n<\/li>\n<li><strong>Kur galiu \u012fsigyti WASPE Crystal didmenine kaina?<\/strong>\n<ul>\n<li>Galite \u012fsigyti didmenin\u0117mis kainomis i\u0161 vapestornado, kuris si\u016blo puikius pasi\u016blymus ir didelius kiekius.<\/li>\n<\/ul>\n<\/li>\n<li><strong>Kaip veikia dviej\u0173 skoni\u0173 sistema?<\/strong>\n<ul>\n<li>Tiesiog sureguliuokite oro srauto nustatymus, kad skland\u017eiai perjungtum\u0117te du skonius.<\/li>\n<\/ul>\n<\/li>\n<li><strong>Ar WASPE Crystal tinka pradedantiesiems?<\/strong>\n<ul>\n<li>Taip, j\u012f lengva naudoti ir si\u016blo 0% nikotino pasirinkim\u0105, tod\u0117l jis puikiai tinka pradedantiesiems.<\/li>\n<\/ul>\n<\/li>\n<li><strong>Kokio tipo \u012fkrovim\u0105 palaiko WASPE Crystal?<\/strong>\n<ul>\n<li>Jis palaiko C tipo \u012fkrovim\u0105, tod\u0117l yra suderinamas su dauguma \u0161iuolaikini\u0173 \u012fkrovikli\u0173.<\/li>\n<\/ul>\n<\/li>\n<\/ol>\n<h2>Kaip u\u017esisakyti?<\/h2>\n<p><strong>1. Kokius mok\u0117jimo b\u016bdus priimate?<\/strong><br \/>\nMes priimame IBAN pavedimus ir <span style=\"font-size: 16px;\">Western Union<\/span>\u00a0saugoms ir patogioms operacijoms.<\/p>\n<p><strong>2. Kaip galiu sekti savo u\u017esakym\u0105?<\/strong><br \/>\nKai j\u016bs\u0173 u\u017esakymas bus i\u0161si\u0173stas, <span class=\"selectable-text copyable-text false\">mes nuolat atnaujinsime krovini\u0173 sekim\u0105, kol gausite krovin\u012f<\/span>.<\/p>\n<p><strong>3. Koks yra numatomas pristatymo laikas?<\/strong><\/p>\n<ul>\n<li>Pristatymas i\u0161 <strong>Kinijos sand\u0117li\u0173<\/strong> u\u017etrunka ma\u017edaug <strong>7-14 darbo dien\u0173<\/strong>.<\/li>\n<li>Pristatymas i\u0161 <strong>Europos sand\u0117liai<\/strong> paprastai u\u017etrunka <strong>3-6 darbo dienas<\/strong>.<\/li>\n<\/ul>\n<p><strong>4. Kaip galiu gauti greitesn\u012f pristatym\u0105?<\/strong><br \/>\nNor\u0117dami grei\u010diau pristatyti, rekomenduojame u\u017esisakyti i\u0161 m\u016bs\u0173 <strong>Europos sand\u0117lio<\/strong>, kuris si\u016blo greitesn\u012f pristatymo laik\u0105.<\/p>\n<p><strong>5. Kaip gr\u0105\u017einti prek\u0119?<\/strong><br \/>\nNor\u0117dami gr\u0105\u017einti prek\u0119, susisiekite su m\u016bs\u0173 klient\u0173 aptarnavimo komanda, kad gautum\u0117te i\u0161samias instrukcijas d\u0117l gr\u0105\u017einimo proceso.<\/p>\n<p><strong>6. Ar si\u016blote tarptautin\u012f pristatym\u0105?<\/strong><br \/>\nTaip, mes siun\u010diame \u012f daugum\u0105 \u0161ali\u0173 ir tvarkome <strong>muitin\u0117s formalumus<\/strong> kad pristatymas b\u016bt\u0173 sklandus.<\/p>\n<p><strong>7. K\u0105 daryti, jei gaunu pa\u017eeist\u0105 ar brokuot\u0105 prek\u0119?<\/strong><br \/>\nJei j\u016bs\u0173 prek\u0117 yra pa\u017eeista ar brokuota, susisiekite su klient\u0173 aptarnavimo skyriumi d\u0117l <strong>pakeitimo arba pinig\u0173 gr\u0105\u017einimo<\/strong>.<\/p>\n<p><strong>8. Kaip galiu susisiekti su klient\u0173 aptarnavimo skyriumi?<\/strong><br \/>\nSu mumis galite susisiekti el. <strong>pa\u0161tu, \u201eWhatsApp\u201c arba tiesioginiu pokalbiu<\/strong> m\u016bs\u0173 svetain\u0117je, jei reikia pagalbos.<\/p>\n<\/div>\n<\/div>\n<\/div>\n<\/div>\n<\/div>","protected":false},"excerpt":{"rendered":"<p>Geriausias \u201eWaspe Crystal Vape\u201c 40000 \u012ftraukim\u0173 dvigubo skonio ma\u017eo nikotino vienkartinis vape didmenin\u0117 prekyba<br \/>\nWASPE Crystal 40000 \u012ftraukim\u0173 dvigubo skonio LED ekranas vienkartinis vape didmeninis pirkimas<br \/>\nWASPE Crystal 40000 \u012ftraukim\u0173 2 viename skonio \u012fkraunami vienkartiniai garintuvai pigia kaina<\/p>\n<p><strong>Prid\u0117kite Amy whatsapp, gaukite tiesiogin\u012f atsakym\u0105 ir kupon\u0105 veipui!<\/strong><\/p>\n<p><img fetchpriority=\"high\" decoding=\"async\" class=\"size-full wp-image-2932\" src=\"https:\/\/vapestornado.com\/wp-content\/uploads\/2024\/12\/Vape-Wholesale.jpg\" alt=\"Garintuvai Didmenin\u0117 prekyba\" width=\"229\" height=\"300\" \/><\/p>\n<h3><a href=\"https:\/\/wa.me\/8617776015835\"><span style=\"color: #ff0000;\"><strong>WhatsApp: +86 17776015835<\/strong><\/span><\/a><\/h3>\n<p>&nbsp;<\/p>","protected":false},"featured_media":3756,"comment_status":"open","ping_status":"closed","template":"","meta":{"_acf_changed":false,"_uag_custom_page_level_css":"","_lmt_disableupdate":"no","_lmt_disable":"","_monsterinsights_skip_tracking":false,"_monsterinsights_sitenote_active":false,"_monsterinsights_sitenote_note":"","_monsterinsights_sitenote_category":0,"site-sidebar-layout":"default","site-content-layout":"","ast-site-content-layout":"default","site-content-style":"default","site-sidebar-style":"default","ast-global-header-display":"","ast-banner-title-visibility":"","ast-main-header-display":"","ast-hfb-above-header-display":"","ast-hfb-below-header-display":"","ast-hfb-mobile-header-display":"","site-post-title":"","ast-breadcrumbs-content":"","ast-featured-img":"","footer-sml-layout":"","ast-disable-related-posts":"","theme-transparent-header-meta":"default","adv-header-id-meta":"","stick-header-meta":"","header-above-stick-meta":"","header-main-stick-meta":"","header-below-stick-meta":"","astra-migrate-meta-layouts":"set","ast-page-background-enabled":"default","ast-page-background-meta":{"desktop":{"background-color":"","background-image":"","background-repeat":"repeat","background-position":"center center","background-size":"auto","background-attachment":"scroll","background-type":"","background-media":"","overlay-type":"","overlay-color":"","overlay-opacity":"","overlay-gradient":""},"tablet":{"background-color":"","background-image":"","background-repeat":"repeat","background-position":"center center","background-size":"auto","background-attachment":"scroll","background-type":"","background-media":"","overlay-type":"","overlay-color":"","overlay-opacity":"","overlay-gradient":""},"mobile":{"background-color":"","background-image":"","background-repeat":"repeat","background-position":"center center","background-size":"auto","background-attachment":"scroll","background-type":"","background-media":"","overlay-type":"","overlay-color":"","overlay-opacity":"","overlay-gradient":""}},"ast-content-background-meta":{"desktop":{"background-color":"var(--ast-global-color-5)","background-image":"","background-repeat":"repeat","background-position":"center center","background-size":"auto","background-attachment":"scroll","background-type":"","background-media":"","overlay-type":"","overlay-color":"","overlay-opacity":"","overlay-gradient":""},"tablet":{"background-color":"var(--ast-global-color-5)","background-image":"","background-repeat":"repeat","background-position":"center center","background-size":"auto","background-attachment":"scroll","background-type":"","background-media":"","overlay-type":"","overlay-color":"","overlay-opacity":"","overlay-gradient":""},"mobile":{"background-color":"var(--ast-global-color-5)","background-image":"","background-repeat":"repeat","background-position":"center center","background-size":"auto","background-attachment":"scroll","background-type":"","background-media":"","overlay-type":"","overlay-color":"","overlay-opacity":"","overlay-gradient":""}},"_joinchat":{"telephone":"+8617776015835"}},"product_brand":[],"product_cat":[19,65,140,153,155,141,142,60],"product_tag":[120,97,94,93,237,163],"class_list":{"0":"post-3734","1":"product","2":"type-product","3":"status-publish","4":"has-post-thumbnail","6":"product_cat-vapes","7":"product_cat-40000-puff","8":"product_cat-big-puffs-disposable-vapes","9":"product_cat-buy-disposable-vapes-in-italy","10":"product_cat-buy-disposable-vapes-in-norway","11":"product_cat-crystal-disposable-vapes","12":"product_cat-digital-box-disposable-vapes","13":"product_cat-waspe-fihp-vape","14":"product_tag-crystal-vape","15":"product_tag-hot-sale-disposable-vape","16":"product_tag-rechargeable-disposable-vape","17":"product_tag-vape-wholesale","18":"product_tag-waspe-crystal-40000","19":"product_tag-waspe-vape","20":"desktop-align-left","21":"tablet-align-left","22":"mobile-align-left","24":"first","25":"instock","26":"sale","27":"shipping-taxable","28":"purchasable","29":"product-type-simple"},"acf":[],"uagb_featured_image_src":{"full":["https:\/\/vapestornado.com\/wp-content\/uploads\/2025\/01\/WASPE-40000-Puffs-Crystal-Disposable-Vape-Wholesale-Price.webp",1000,1000,false],"thumbnail":["https:\/\/vapestornado.com\/wp-content\/uploads\/2025\/01\/WASPE-40000-Puffs-Crystal-Disposable-Vape-Wholesale-Price-150x150.webp",150,150,true],"medium":["https:\/\/vapestornado.com\/wp-content\/uploads\/2025\/01\/WASPE-40000-Puffs-Crystal-Disposable-Vape-Wholesale-Price-300x300.webp",300,300,true],"medium_large":["https:\/\/vapestornado.com\/wp-content\/uploads\/2025\/01\/WASPE-40000-Puffs-Crystal-Disposable-Vape-Wholesale-Price-768x768.webp",768,768,true],"large":["https:\/\/vapestornado.com\/wp-content\/uploads\/2025\/01\/WASPE-40000-Puffs-Crystal-Disposable-Vape-Wholesale-Price.webp",1000,1000,false],"1536x1536":["https:\/\/vapestornado.com\/wp-content\/uploads\/2025\/01\/WASPE-40000-Puffs-Crystal-Disposable-Vape-Wholesale-Price.webp",1000,1000,false],"2048x2048":["https:\/\/vapestornado.com\/wp-content\/uploads\/2025\/01\/WASPE-40000-Puffs-Crystal-Disposable-Vape-Wholesale-Price.webp",1000,1000,false],"trp-custom-language-flag":["https:\/\/vapestornado.com\/wp-content\/uploads\/2025\/01\/WASPE-40000-Puffs-Crystal-Disposable-Vape-Wholesale-Price.webp",12,12,false],"woocommerce_thumbnail":["https:\/\/vapestornado.com\/wp-content\/uploads\/2025\/01\/WASPE-40000-Puffs-Crystal-Disposable-Vape-Wholesale-Price-300x300.webp",300,300,true],"woocommerce_single":["https:\/\/vapestornado.com\/wp-content\/uploads\/2025\/01\/WASPE-40000-Puffs-Crystal-Disposable-Vape-Wholesale-Price-600x600.webp",600,600,true],"woocommerce_gallery_thumbnail":["https:\/\/vapestornado.com\/wp-content\/uploads\/2025\/01\/WASPE-40000-Puffs-Crystal-Disposable-Vape-Wholesale-Price-100x100.webp",100,100,true]},"uagb_author_info":{"display_name":"ESAMY","author_link":"https:\/\/vapestornado.com\/lt\/author\/"},"uagb_comment_info":0,"uagb_excerpt":"Best Waspe Crystal Vape 40000 Puffs Dual Flavors Low Nicotine Disposable Vape Wholesale WASPE Crystal 40000 Puffs Double Flavor LED Display Disposable Vape Bulk Buy WASPE Crystal 40000 Puffs 2 in 1 Flavor Rechargeable Disposable Vapes Cheap Price Add Amy's whatsapp get right reply and vape vape coupon! WhatsApp: +86 17776015835 &nbsp;","_links":{"self":[{"href":"https:\/\/vapestornado.com\/lt\/wp-json\/wp\/v2\/product\/3734","targetHints":{"allow":["GET"]}}],"collection":[{"href":"https:\/\/vapestornado.com\/lt\/wp-json\/wp\/v2\/product"}],"about":[{"href":"https:\/\/vapestornado.com\/lt\/wp-json\/wp\/v2\/types\/product"}],"replies":[{"embeddable":true,"href":"https:\/\/vapestornado.com\/lt\/wp-json\/wp\/v2\/comments?post=3734"}],"wp:featuredmedia":[{"embeddable":true,"href":"https:\/\/vapestornado.com\/lt\/wp-json\/wp\/v2\/media\/3756"}],"wp:attachment":[{"href":"https:\/\/vapestornado.com\/lt\/wp-json\/wp\/v2\/media?parent=3734"}],"wp:term":[{"taxonomy":"product_brand","embeddable":true,"href":"https:\/\/vapestornado.com\/lt\/wp-json\/wp\/v2\/product_brand?post=3734"},{"taxonomy":"product_cat","embeddable":true,"href":"https:\/\/vapestornado.com\/lt\/wp-json\/wp\/v2\/product_cat?post=3734"},{"taxonomy":"product_tag","embeddable":true,"href":"https:\/\/vapestornado.com\/lt\/wp-json\/wp\/v2\/product_tag?post=3734"}],"curies":[{"name":"wp","href":"https:\/\/api.w.org\/{rel}","templated":true}]}}