{"id":3726,"date":"2025-01-13T07:22:44","date_gmt":"2025-01-13T07:22:44","guid":{"rendered":"https:\/\/vapestornado.com\/?post_type=product&#038;p=3726"},"modified":"2025-08-23T12:33:57","modified_gmt":"2025-08-23T12:33:57","slug":"bang-king-35k-35000-puffs-2-in-1-dual-flavour-disposable-vape-wholesale-cheap-price","status":"publish","type":"product","link":"https:\/\/vapestornado.com\/lt\/product\/bang-king-35k-35000-puffs-2-in-1-dual-flavour-disposable-vape-wholesale-cheap-price\/","title":{"rendered":"Bang King 35K 35000 \u012ftraukim\u0173 2 viename dvigubo skonio vienkartinis garintuvas didmenin\u0117 pigi kaina"},"content":{"rendered":"<h1 class=\"product-title\">Bang King 35K 35000 \u012ftraukim\u0173 2 viename dvigubo skonio vienkartinis garintuvas didmenin\u0117 pigi kaina<\/h1>\n<p>&nbsp;<\/p>\n<p>Kod\u0117l <strong>\u201eBang King 35K 35000 Puffs\u201c 2 viename dviej\u0173 skoni\u0173 vienkartinis garintuvas<\/strong> populiar\u0117ja? \u0160is prietaisas sujungia patogum\u0105, skon\u012f ir prieinamum\u0105. Su eleganti\u0161ku skaitmeniniu ekranu, \u012fsp\u016bdingu \u012ftraukim\u0173 skai\u010diumi ir dviem skirtingais skoniais viename \u012frenginyje, \u0161is garintuvas i\u0161 naujo apibr\u0117\u017eia tai, k\u0105 gali pasi\u016blyti vienkartiniai garintuvai.<\/p>\n<p>Atsisveikinkite su da\u017enais pakeitimais! Su stulbinan\u010diu <strong>35 000 \u012ftraukim\u0173<\/strong>\u201eBang King 35K\u201c u\u017etikrina ilgalaik\u012f pasitenkinim\u0105, tod\u0117l jis yra vienas i\u0161 labiausiai <strong>populiari\u0173 vienkartini\u0173 vape<\/strong> rinkoje. Kam tenkintis vienu skoniu, kai galite tur\u0117ti du? M\u0117gaukit\u0117s <strong>2 viename skonio dizainu<\/strong>, leid\u017eian\u010diu perjungti du nuostabius skonius viename \u012frenginyje. M\u0117gaukit\u0117s dvigubai didesniu skoniu viename eleganti\u0161kame pakete. Valdykite naudodami <strong>LED jutiklin\u012f ekran\u0105<\/strong>. Jis rodo akumuliatoriaus \u012fkrovos lyg\u012f, e. skys\u010dio lyg\u012f ir leid\u017eia reguliuoti oro sraut\u0105 bei galios nustatymus, kad patirtis b\u016bt\u0173 pritaikoma.<\/p>\n<p>Su trimis oro srauto re\u017eimais galite lengvai reguliuoti traukim\u0105 pagal savo pageidavimus. Nesvarbu, ar jums labiau patinka \u0161veln\u016bs, ar tvirti sm\u016bgiai, \u0161is garintuvas prisitaiko prie j\u016bs\u0173. The <strong>700 mAh \u012fkraunama baterija<\/strong> ir <strong>Type-C \u012fkrovimu<\/strong> u\u017etikrina greit\u0105 ir efektyv\u0173 \u012fkrovim\u0105, tod\u0117l j\u016bs\u0173 \u012frenginys veikia vis\u0105 dien\u0105. The <strong>35 ml e. skys\u010dio talpa<\/strong> suma\u017eina da\u017eno papildymo poreik\u012f, si\u016blydamas daugiau nepertraukiamo garinimo. Puikiai tinka didmeniniams pirk\u0117jams, <strong>didmenin\u0119 kain\u0105<\/strong> d\u0117l to jis idealiai tinka perpardav\u0117jams ir vape entuziastams, ie\u0161kantiems geriausio pasi\u016blymo.<\/p>\n<p><span style=\"color: #ff0000;\"><strong>Prid\u0117kite Amy's Whatsapp, gaukite teising\u0105 atsakym\u0105 ir kupon\u0105 garintuvui!<\/strong><\/span><\/p>\n<p><img fetchpriority=\"high\" decoding=\"async\" class=\"size-full wp-image-2932\" src=\"https:\/\/vapestornado.com\/wp-content\/uploads\/2024\/12\/Vape-Wholesale.jpg\" alt=\"Garintuvai Didmenin\u0117 prekyba\" width=\"229\" height=\"300\" \/><\/p>\n<h3><a href=\"https:\/\/wa.me\/8617776015835\" target=\"_blank\" rel=\"noopener\"><span style=\"color: #ff0000;\"><strong>WhatsApp: +86 17776015835<\/strong><\/span><\/a><\/h3>\n<p>&nbsp;<\/p>\n<h2 class=\"product-title\"><strong>Bang King 35K produkto savyb\u0117s<\/strong><\/h2>\n<div role=\"article\" data-tabster=\"{&quot;groupper&quot;:{&quot;tabbability&quot;:2},&quot;focusable&quot;:{}}\" data-content=\"ai-message\" aria-labelledby=\"juhNTJ6o7Gk1cgwZMJgv2-author juhNTJ6o7Gk1cgwZMJgv2-content\">\n<div id=\"juhNTJ6o7Gk1cgwZMJgv2-content\">\n<div role=\"article\" data-tabster=\"{&quot;groupper&quot;:{&quot;tabbability&quot;:2},&quot;focusable&quot;:{}}\" data-content=\"ai-message\" aria-labelledby=\"x4EZuCZWrTbh3weWUt7CU-author x4EZuCZWrTbh3weWUt7CU-content\">\n<div id=\"x4EZuCZWrTbh3weWUt7CU-content\">\n<div class=\"flex max-w-full flex-col flex-grow\">\n<div class=\"min-h-8 text-message flex w-full flex-col items-end gap-2 whitespace-normal break-words text-start [.text-message+&amp;]:mt-5\" dir=\"auto\" data-message-author-role=\"assistant\" data-message-id=\"52c6e00a-252f-4104-805d-2f1a84739c71\" data-message-model-slug=\"gpt-4o\">\n<div class=\"flex w-full flex-col gap-1 empty:hidden first:pt-[3px]\">\n<div class=\"markdown prose w-full break-words dark:prose-invert light\">\n<div class=\"flex max-w-full flex-col flex-grow\">\n<div class=\"min-h-8 text-message flex w-full flex-col items-end gap-2 whitespace-normal break-words text-start [.text-message+&amp;]:mt-5\" dir=\"auto\" data-message-author-role=\"assistant\" data-message-id=\"3c321776-aace-4a97-95f3-35c104de1c0a\" data-message-model-slug=\"gpt-4o\">\n<div class=\"flex w-full flex-col gap-1 empty:hidden first:pt-[3px]\">\n<div class=\"markdown prose w-full break-words dark:prose-invert light\">\n<h3><\/h3>\n<ul>\n<li><strong>\u012etraukimai:<\/strong> Iki 35 000<\/li>\n<li><strong>Baterija:<\/strong> 700 mAh \u012fkraunamas su C tipo \u012fkrovimu<\/li>\n<li><strong>Skoniai:<\/strong> Dvigubas skonis viename \u012frenginyje<\/li>\n<li><strong>Oro srautas:<\/strong> Pritaikomas trimis re\u017eimais<\/li>\n<li><strong>E-skys\u010dio talpa:<\/strong> 35 ml<\/li>\n<li><strong>Skaitmeninis ekranas:<\/strong> LED jutiklinis ekranas steb\u0117jimui ir reguliavimui<\/li>\n<li><strong>Ne\u0161iojamumas:<\/strong> Lengvas dizainas, puikiai tinkantis kelion\u0117ms<\/li>\n<\/ul>\n<\/div>\n<\/div>\n<\/div>\n<\/div>\n<\/div>\n<\/div>\n<\/div>\n<\/div>\n<div class=\"mb-2 flex gap-3 empty:hidden -ml-2\">\n<figure id=\"attachment_3733\" aria-describedby=\"caption-attachment-3733\" style=\"width: 800px\" class=\"wp-caption alignnone\"><img decoding=\"async\" class=\"wp-image-3733 size-full\" src=\"https:\/\/vapestornado.com\/wp-content\/uploads\/2025\/01\/Bangking-Vape-36000-Disposable-Vape-Wholesale.webp\" alt=\"Bangking Vape 35000 vienkartini\u0173 vape didmenin\u0117 prekyba\" width=\"800\" height=\"800\" srcset=\"https:\/\/vapestornado.com\/wp-content\/uploads\/2025\/01\/Bangking-Vape-36000-Disposable-Vape-Wholesale.webp 800w, https:\/\/vapestornado.com\/wp-content\/uploads\/2025\/01\/Bangking-Vape-36000-Disposable-Vape-Wholesale-300x300.webp 300w, https:\/\/vapestornado.com\/wp-content\/uploads\/2025\/01\/Bangking-Vape-36000-Disposable-Vape-Wholesale-150x150.webp 150w, https:\/\/vapestornado.com\/wp-content\/uploads\/2025\/01\/Bangking-Vape-36000-Disposable-Vape-Wholesale-768x768.webp 768w, https:\/\/vapestornado.com\/wp-content\/uploads\/2025\/01\/Bangking-Vape-36000-Disposable-Vape-Wholesale-600x600.webp 600w, https:\/\/vapestornado.com\/wp-content\/uploads\/2025\/01\/Bangking-Vape-36000-Disposable-Vape-Wholesale-100x100.webp 100w\" sizes=\"(max-width: 800px) 100vw, 800px\" \/><figcaption id=\"caption-attachment-3733\" class=\"wp-caption-text\">Bangking Vape 35000 vienkartini\u0173 vape didmenin\u0117 prekyba<\/figcaption><\/figure>\n<\/div>\n<\/div>\n<\/div>\n<\/div>\n<\/div>\n<h2 class=\"product-title\"><strong>Populiarus Bang King 35K skonis<\/strong><strong>\u00a0<\/strong><strong>Vienkartiniai garintuvai<\/strong><\/h2>\n<p>Nesvarbu, ar pageidaujate atogr\u0105\u017e\u0173 pab\u0117gimo, ar \u0161erk\u0161no malonumo, <strong>Bangking 35000 \u012ftraukim\u0173 dvigubo skonio vienkartinis vape<\/strong> turi puik\u0173 derin\u012f, kad j\u016bs\u0173 skonio receptoriai b\u016bt\u0173 patenkinti! Koks yra populiarus BANG KING 35000 Vape skonis? Pra\u0161ome su\u017einoti, k\u0105 sako m\u016bs\u0173 klientai.<\/p>\n<p>1. M\u0117lyni\u0173 avie\u010di\u0173 ledas + sulting\u0173 persik\u0173 ledas<br \/>\n2. Bra\u0161ki\u0173 arb\u016bzas + arb\u016bz\u0173 ledas <span style=\"color: #ff0000;\"><strong>&gt;&gt;&gt;&gt; Kar\u0161ta !<\/strong><\/span><br \/>\n3. Bra\u0161ki\u0173 bananas + dvigubas obuolys<br \/>\n4. Trigubos uogos su ledu + atogr\u0105\u017e\u0173 vaisiai<br \/>\n5. Vy\u0161ni\u0173 bomba + vynuogi\u0173 ledas <span style=\"color: #ff0000;\"><strong>&gt;&gt;&gt;&gt; Kar\u0161ta !<\/strong><\/span><br \/>\n6. Persik\u0173 mangas + bra\u0161ki\u0173 mangas<br \/>\n7. Mang\u0173 laimas + v\u0117si m\u0117ta<br \/>\n8. Vy\u0161ni\u0173 pop + ponas Blue<br \/>\n9. Juodasis drakono ledas + bra\u0161ki\u0173 kivis<br \/>\n10. Red Bull + persik\u0173 uogos <span style=\"color: #ff0000;\"><strong>&gt;&gt;&gt;&gt; Kar\u0161ta !<\/strong><\/span><br \/>\n11. Ro\u017einis citrin\u0173 skonis + ponas Blue<br \/>\n12. Kivio pasifloros gvajava + m\u0117lyna vy\u0161nin\u0117 citrina<\/p>\n<div class=\"flex-shrink-0 flex flex-col relative items-end\">\n<div class=\"pt-0\">\n<div class=\"gizmo-bot-avatar flex h-8 w-8 items-center justify-center overflow-hidden rounded-full\">\n<div class=\"relative p-1 rounded-sm flex items-center justify-center bg-token-main-surface-primary text-token-text-primary h-8 w-8\">\n<h3>DUK, skirti \u201eBang King 35K Puffs\u201c \u012fkraunamam prietaisui<strong>\u00a0<\/strong>Vienkartin\u0117 elektronin\u0117 cigaret\u0117<\/h3>\n<h3><\/h3>\n<p><strong>1. Kur Vokietijoje galiu \u012fsigyti \u201eBang King 35K\u201c didmenin\u0117mis kainomis?<\/strong><br \/>\nGalite \u012fsigyti \u201eVapestornado\u201c<strong>\u00a0elektronini\u0173 cigare\u010di\u0173 internetin\u0117je parduotuv\u0117je<\/strong> arba pasiteiraukite vietinio platintojo d\u0117l geriausi\u0173 pasi\u016blym\u0173.<\/p>\n<p><strong>2. Kaip su\u017einoti, kada e. skystis senka?<\/strong><br \/>\n\u0160is <strong>skaitmeninis ekranas<\/strong> rodo e. skys\u010dio lygius, nuolat jus informuodamas.<\/p>\n<p><strong>3. Kaip \u012fkrauti \u201eBang King 35000\u201c?<\/strong><br \/>\nTiesiog naudokite <strong>C tipo \u012fkrovimo prievadas<\/strong> kad \u012fkrovimas b\u016bt\u0173 greitas ir be r\u016bpes\u010di\u0173.<\/p>\n<p><strong>4. Kuo \u0161is \u201eBang King 35k\u201c i\u0161siskiria i\u0161 kit\u0173 vienkartini\u0173 gar\u0173 preki\u0173 \u017eenkl\u0173?<\/strong><br \/>\n\u0160is <strong>dvigubo skonio dizainas<\/strong>, <strong>reguliuojamo oro srauto<\/strong>ir did\u017eiulis <strong>35 000 \u012ftraukim\u0173<\/strong> i\u0161skiria j\u012f, tod\u0117l jis yra vienas i\u0161 <strong>populiariausi\u0173 vienkartini\u0173 gar\u0173<\/strong>.<\/p>\n<p><strong>5. Ar galiu reguliuoti oro sraut\u0105 pagal savo pageidavimus?<\/strong><br \/>\nTaip! Prietaisas si\u016blo <strong>tris oro srauto re\u017eimus<\/strong> kad kiekvien\u0105 kart\u0105 gautum\u0117te tobul\u0105 traukim\u0105.<\/p>\n<p><strong>6. Ar skoniai tinka tiems, kurie m\u0117gsta ma\u017eai nikotino?<\/strong><br \/>\nBe jokios abejon\u0117s. \u201eBang King 35K\u201c si\u016blo <strong>pritaikom\u0173 nikotino lygi\u0173<\/strong> 0%, 2% ir 5%.<\/p>\n<div class=\"flex max-w-full flex-col flex-grow\">\n<div class=\"min-h-8 text-message flex w-full flex-col items-end gap-2 whitespace-normal break-words text-start [.text-message+&amp;]:mt-5\" dir=\"auto\" data-message-author-role=\"assistant\" data-message-id=\"4dc48248-df95-45bd-b800-6dedb43cf7f1\" data-message-model-slug=\"gpt-4o\">\n<div class=\"flex w-full flex-col gap-1 empty:hidden first:pt-[3px]\"><\/div>\n<\/div>\n<\/div>\n<\/div>\n<\/div>\n<\/div>\n<\/div>\n<div class=\"flex-shrink-0 flex flex-col relative items-end\">\n<div class=\"pt-0\">\n<div class=\"gizmo-bot-avatar flex h-8 w-8 items-center justify-center overflow-hidden rounded-full\">\n<div class=\"relative p-1 rounded-sm flex items-center justify-center bg-token-main-surface-primary text-token-text-primary h-8 w-8\">\n<div class=\"mb-2 flex gap-3 empty:hidden -ml-2\">\n<div role=\"article\" data-tabster=\"{&quot;groupper&quot;:{&quot;tabbability&quot;:2},&quot;focusable&quot;:{}}\" data-content=\"ai-message\" aria-labelledby=\"Vdt5ez4X7Tg813x6rFVha-author Vdt5ez4X7Tg813x6rFVha-content\">\n<div id=\"Vdt5ez4X7Tg813x6rFVha-content\">\n<div role=\"article\" data-tabster=\"{&quot;groupper&quot;:{&quot;tabbability&quot;:2},&quot;focusable&quot;:{}}\" data-content=\"ai-message\" aria-labelledby=\"o968oC7CEo2fGHsGdsRYC-author o968oC7CEo2fGHsGdsRYC-content\">\n<div id=\"o968oC7CEo2fGHsGdsRYC-content\">\n<h3>Kod\u0117l verta rinktis \u201evapestornado\u201c \u201eUwin Crystal 20000 Shisha Hookah\u201c vienkartini\u0173 gar\u0173 didmeninei prekybai?<\/h3>\n<div class=\"flex-shrink-0 flex flex-col relative items-end\">\n<div class=\"pt-0\">\n<div class=\"gizmo-bot-avatar flex h-8 w-8 items-center justify-center overflow-hidden rounded-full\">\n<div class=\"relative p-1 rounded-sm flex items-center justify-center bg-token-main-surface-primary text-token-text-primary h-8 w-8\">\n<p>Did\u0117jant konkurencijai vienkartini\u0173 gar\u0173 pramon\u0117je, \u201evapestornado\u201c yra pirmaujanti pasaulin\u0117 platforma, skirta didmeniniams elektronini\u0173 cigare\u010di\u0173 sprendimams, pristat\u0117 novatori\u0161k\u0105 \u201eBang King 35K Puffs\u201c vienkartin\u012f gar\u0105. D\u0117l savo ak\u012f traukian\u010dio kristal\u0173 dizaino ir daugiafunkcini\u0173 savybi\u0173, \u0161iame novatori\u0161kame produkte derinamas stilius ir funkcionalumas. Si\u016blant plat\u0173 vaisi\u0173 skoni\u0173 pasirinkim\u0105, juo siekiama patenkinti \u012fvairius garintuv\u0173 skonius.<\/p>\n<p>\u201evapestornado\u201c yra j\u016bs\u0173 patikima internetin\u0117 gar\u0173 parduotuv\u0117, kurioje rasite auk\u0161tos kokyb\u0117s vienkartini\u0173 gar\u0173. Mes si\u016blome jums populiarius vienkartini\u0173 gar\u0173 preki\u0173 \u017eenklus, tokius kaip \u201eWaspe Vape\u201c ir \u201eWGA Vape\u201c, \u201eFumot RandM Vape\u201c, \u201eVozol Vape\u201c, \u201eBang Vape\u201c ir kt.<\/p>\n<p>M\u016bs\u0173 asortimente yra populiariausi vienkartiniai garai, tokie kaip <a href=\"https:\/\/vapestornado.com\/lt\/product\/randm-tornado-30000-puffs-music-rechargeable-disposable-vape-pen-wholesale\/\">Randm Tornado 30000<\/a>, ir skoni\u0173 turtingus pasirinkimus, tokius kaip <a href=\"https:\/\/vapestornado.com\/lt\/product\/uwin-crystal-20000-shisha-hookah-20k-puffs-disposable-vape-factory-cheap-price\/\"> Uwin Kristalas 20000 R\u016bkal\u0173<\/a> . Kiekvienas produktas yra atrenkamas, akcentuojant kokyb\u0119, vert\u0119 ir \u012fvairov\u0119, u\u017etikrinant, kad rastum\u0117te tobul\u0105 variant\u0105 savo poreikiams. Atraskite i\u0161skirtin\u012f aptarnavim\u0105 ir plat\u0173 auk\u0161\u010diausios kokyb\u0117s produkt\u0173 asortiment\u0105 didmenin\u0117mis kainomis vapestornado svetain\u0117je.<\/p>\n<\/div>\n<p>&nbsp;<\/p>\n<p><strong>Kiti populiar\u016bs vienkartiniai garintuvai<\/strong><\/p>\n<p><a href=\"https:\/\/vapestornado.com\/lt\/product\/fumot-randm-tornado-25000-puffs-touch-disposable-vape-wholesale-online\/\">Fumot 25000 R\u016bkal\u0173 <span style=\"color: #ff0000;\"><strong>&gt;&gt;&gt;&gt; Pirmyn!<\/strong><\/span><\/a><\/p>\n<p><a href=\"https:\/\/vapestornado.com\/lt\/product\/bang-36000-smart-disposable-vape-wholesale-shop-online\/\">Bang 36000 R\u016bkal\u0173<span style=\"color: #ff0000;\"><strong>&gt;&gt;&gt;&gt; Pirmyn!<\/strong><\/span><\/a><\/p>\n<p><a href=\"https:\/\/vapestornado.com\/lt\/product\/randm-tornado-9000-puffs-rechargeable-disposable-vape-wholesale-online\/\">RandM Tornado 9000 <span style=\"color: #ff0000;\"><strong>&gt;&gt;&gt;&gt; Pirmyn!<\/strong><\/span><\/a><\/p>\n<\/div>\n<\/div>\n<\/div>\n<p>&nbsp;<\/p>\n<\/div>\n<\/div>\n<\/div>\n<\/div>\n<\/div>\n<\/div>\n<\/div>\n<\/div>\n<\/div>","protected":false},"excerpt":{"rendered":"<p>Vienkartiniai \u201eBang King 35000 Puffs Smart Screen\u201c didmenin\u0117 prekyba<br \/>\nVienkartiniai \u201eBang King 35000 Puffs\u201c didmenin\u0117 prekyba<br \/>\nVienkartinis garintuvas \u201eBang King Tornado 35000 35K Puffs\u201c<\/p>\n<p><strong>Prid\u0117kite Amy whatsapp, gaukite tiesiogin\u012f atsakym\u0105 ir kupon\u0105 veipui!<\/strong><\/p>\n<p><img fetchpriority=\"high\" decoding=\"async\" class=\"size-full wp-image-2932\" src=\"https:\/\/vapestornado.com\/wp-content\/uploads\/2024\/12\/Vape-Wholesale.jpg\" alt=\"Garintuvai Didmenin\u0117 prekyba\" width=\"229\" height=\"300\" \/><\/p>\n<h3><a href=\"https:\/\/wa.me\/8617776015835\"><span style=\"color: #ff0000;\"><strong>WhatsApp: +86 17776015835<\/strong><\/span><\/a><\/h3>\n<p>&nbsp;<\/p>","protected":false},"featured_media":3731,"comment_status":"open","ping_status":"closed","template":"","meta":{"_acf_changed":false,"_uag_custom_page_level_css":"","_lmt_disableupdate":"no","_lmt_disable":"","_monsterinsights_skip_tracking":false,"_monsterinsights_sitenote_active":false,"_monsterinsights_sitenote_note":"","_monsterinsights_sitenote_category":0,"site-sidebar-layout":"default","site-content-layout":"","ast-site-content-layout":"default","site-content-style":"default","site-sidebar-style":"default","ast-global-header-display":"","ast-banner-title-visibility":"","ast-main-header-display":"","ast-hfb-above-header-display":"","ast-hfb-below-header-display":"","ast-hfb-mobile-header-display":"","site-post-title":"","ast-breadcrumbs-content":"","ast-featured-img":"","footer-sml-layout":"","ast-disable-related-posts":"","theme-transparent-header-meta":"default","adv-header-id-meta":"","stick-header-meta":"","header-above-stick-meta":"","header-main-stick-meta":"","header-below-stick-meta":"","astra-migrate-meta-layouts":"set","ast-page-background-enabled":"default","ast-page-background-meta":{"desktop":{"background-color":"","background-image":"","background-repeat":"repeat","background-position":"center center","background-size":"auto","background-attachment":"scroll","background-type":"","background-media":"","overlay-type":"","overlay-color":"","overlay-opacity":"","overlay-gradient":""},"tablet":{"background-color":"","background-image":"","background-repeat":"repeat","background-position":"center center","background-size":"auto","background-attachment":"scroll","background-type":"","background-media":"","overlay-type":"","overlay-color":"","overlay-opacity":"","overlay-gradient":""},"mobile":{"background-color":"","background-image":"","background-repeat":"repeat","background-position":"center center","background-size":"auto","background-attachment":"scroll","background-type":"","background-media":"","overlay-type":"","overlay-color":"","overlay-opacity":"","overlay-gradient":""}},"ast-content-background-meta":{"desktop":{"background-color":"var(--ast-global-color-5)","background-image":"","background-repeat":"repeat","background-position":"center center","background-size":"auto","background-attachment":"scroll","background-type":"","background-media":"","overlay-type":"","overlay-color":"","overlay-opacity":"","overlay-gradient":""},"tablet":{"background-color":"var(--ast-global-color-5)","background-image":"","background-repeat":"repeat","background-position":"center center","background-size":"auto","background-attachment":"scroll","background-type":"","background-media":"","overlay-type":"","overlay-color":"","overlay-opacity":"","overlay-gradient":""},"mobile":{"background-color":"var(--ast-global-color-5)","background-image":"","background-repeat":"repeat","background-position":"center center","background-size":"auto","background-attachment":"scroll","background-type":"","background-media":"","overlay-type":"","overlay-color":"","overlay-opacity":"","overlay-gradient":""}},"_joinchat":{"telephone":"+8617776015835"}},"product_brand":[],"product_cat":[175,63,153,155,159,143,146],"product_tag":[196,234,165,198,97,166,94],"class_list":{"0":"post-3726","1":"product","2":"type-product","3":"status-publish","4":"has-post-thumbnail","6":"product_cat-35000-puff","7":"product_cat-bangking","8":"product_cat-buy-disposable-vapes-in-italy","9":"product_cat-buy-disposable-vapes-in-norway","10":"product_cat-buy-disposable-vapes-in-sweden","11":"product_cat-dual-mesh-disposable-vapes","12":"product_cat-rechargeable-disposable-vapes","13":"product_tag-bang-vape","14":"product_tag-bangking-35000","15":"product_tag-cheap-vapes","16":"product_tag-double-flavor-disposable-vape","17":"product_tag-hot-sale-disposable-vape","18":"product_tag-low-nicotine-vape","19":"product_tag-rechargeable-disposable-vape","20":"desktop-align-left","21":"tablet-align-left","22":"mobile-align-left","24":"first","25":"instock","26":"sale","27":"shipping-taxable","28":"purchasable","29":"product-type-simple"},"acf":[],"uagb_featured_image_src":{"full":["https:\/\/vapestornado.com\/wp-content\/uploads\/2025\/01\/Bang-Vape-Bangking-36k-Disposable-Vape-Bulk-Price.webp",800,800,false],"thumbnail":["https:\/\/vapestornado.com\/wp-content\/uploads\/2025\/01\/Bang-Vape-Bangking-36k-Disposable-Vape-Bulk-Price-150x150.webp",150,150,true],"medium":["https:\/\/vapestornado.com\/wp-content\/uploads\/2025\/01\/Bang-Vape-Bangking-36k-Disposable-Vape-Bulk-Price-300x300.webp",300,300,true],"medium_large":["https:\/\/vapestornado.com\/wp-content\/uploads\/2025\/01\/Bang-Vape-Bangking-36k-Disposable-Vape-Bulk-Price-768x768.webp",768,768,true],"large":["https:\/\/vapestornado.com\/wp-content\/uploads\/2025\/01\/Bang-Vape-Bangking-36k-Disposable-Vape-Bulk-Price.webp",800,800,false],"1536x1536":["https:\/\/vapestornado.com\/wp-content\/uploads\/2025\/01\/Bang-Vape-Bangking-36k-Disposable-Vape-Bulk-Price.webp",800,800,false],"2048x2048":["https:\/\/vapestornado.com\/wp-content\/uploads\/2025\/01\/Bang-Vape-Bangking-36k-Disposable-Vape-Bulk-Price.webp",800,800,false],"trp-custom-language-flag":["https:\/\/vapestornado.com\/wp-content\/uploads\/2025\/01\/Bang-Vape-Bangking-36k-Disposable-Vape-Bulk-Price.webp",12,12,false],"woocommerce_thumbnail":["https:\/\/vapestornado.com\/wp-content\/uploads\/2025\/01\/Bang-Vape-Bangking-36k-Disposable-Vape-Bulk-Price-300x300.webp",300,300,true],"woocommerce_single":["https:\/\/vapestornado.com\/wp-content\/uploads\/2025\/01\/Bang-Vape-Bangking-36k-Disposable-Vape-Bulk-Price-600x600.webp",600,600,true],"woocommerce_gallery_thumbnail":["https:\/\/vapestornado.com\/wp-content\/uploads\/2025\/01\/Bang-Vape-Bangking-36k-Disposable-Vape-Bulk-Price-100x100.webp",100,100,true]},"uagb_author_info":{"display_name":"ESAMY","author_link":"https:\/\/vapestornado.com\/lt\/author\/"},"uagb_comment_info":0,"uagb_excerpt":"Bang King 35000 Puffs Smart Screen Wholesale Disposable Bang King 35000 Puffs Disposable Vape Bulk Buy Bang King Tornado 35000 35K Puffs Disposable Vape Pen Add Amy's whatsapp get right reply and vape coupon! WhatsApp: +86 17776015835 &nbsp;","_links":{"self":[{"href":"https:\/\/vapestornado.com\/lt\/wp-json\/wp\/v2\/product\/3726","targetHints":{"allow":["GET"]}}],"collection":[{"href":"https:\/\/vapestornado.com\/lt\/wp-json\/wp\/v2\/product"}],"about":[{"href":"https:\/\/vapestornado.com\/lt\/wp-json\/wp\/v2\/types\/product"}],"replies":[{"embeddable":true,"href":"https:\/\/vapestornado.com\/lt\/wp-json\/wp\/v2\/comments?post=3726"}],"wp:featuredmedia":[{"embeddable":true,"href":"https:\/\/vapestornado.com\/lt\/wp-json\/wp\/v2\/media\/3731"}],"wp:attachment":[{"href":"https:\/\/vapestornado.com\/lt\/wp-json\/wp\/v2\/media?parent=3726"}],"wp:term":[{"taxonomy":"product_brand","embeddable":true,"href":"https:\/\/vapestornado.com\/lt\/wp-json\/wp\/v2\/product_brand?post=3726"},{"taxonomy":"product_cat","embeddable":true,"href":"https:\/\/vapestornado.com\/lt\/wp-json\/wp\/v2\/product_cat?post=3726"},{"taxonomy":"product_tag","embeddable":true,"href":"https:\/\/vapestornado.com\/lt\/wp-json\/wp\/v2\/product_tag?post=3726"}],"curies":[{"name":"wp","href":"https:\/\/api.w.org\/{rel}","templated":true}]}}