{"id":3724,"date":"2025-01-11T02:00:22","date_gmt":"2025-01-11T02:00:22","guid":{"rendered":"https:\/\/vapestornado.com\/?post_type=product&#038;p=3724"},"modified":"2025-08-23T12:33:40","modified_gmt":"2025-08-23T12:33:40","slug":"uwin-crystal-20000-shisha-hookah-20k-puffs-disposable-vape-factory-cheap-price","status":"publish","type":"product","link":"https:\/\/vapestornado.com\/lt\/product\/uwin-crystal-20000-shisha-hookah-20k-puffs-disposable-vape-factory-cheap-price\/","title":{"rendered":"Uwin Crystal 20000 Shisha Hookah 20K \u012etraukim\u0173 Vienkartinis Garintuvas Gamyklos \u017dema Kaina"},"content":{"rendered":"<h1 class=\"product-title\">Uwin Crystal 20000 Shisha Hookah 20K \u012etraukim\u0173 Vienkartinis Garintuvas Gamyklos \u017dema Kaina<\/h1>\n<p>\u0160is <strong>Uwin Kristalas 20000<\/strong> \u012fp\u016btim\u0173 yra j\u016bs\u0173 geriausias garinimo sprendimas, si\u016blantis ne\u012ftik\u0117tin\u0105 na\u0161um\u0105, prieinamum\u0105 ir \u012fvairov\u0119. Su eleganti\u0161ku <strong>kristal\u0173 dizainas<\/strong> ir <strong>gamyklos pigi kaina<\/strong>, \u0161is <strong>vienkartinis garintuvas<\/strong> puikiai tinka ie\u0161kantiems auk\u0161\u010diausios kokyb\u0117s u\u017e biud\u017eetin\u0119 kain\u0105. Gaukite <strong>20 000 \u012fkv\u0117pim\u0173<\/strong> \u012frenginyje, u\u017etikrinant ilgalaik\u012f pasitenkinim\u0105 be da\u017en\u0173 keitim\u0173. Idealiai tinka vartotojams, kurie nori maksimalios vert\u0117s ir minimali\u0173 pastang\u0173.<\/p>\n<p>Ie\u0161kote <strong>pigiais garintuvais<\/strong> su auk\u0161\u010diausios klas\u0117s kokybe? Uwin Shisha Hookah 20K yra prieinamas u\u017e <strong>tiesiogin\u0117s gamyklos kainos<\/strong>, tod\u0117l tai puikus pasirinkimas didmenininkams ir individualiems pirk\u0117jams. Pa\u017eangi <strong>0,8\u03a9 tinklelio rit\u0117<\/strong> garantuoja aromating\u0105 ir skland\u0173 garinimo patirt\u012f. Kartu su 12 skoni\u0173 variant\u0173, tai puikiai tinka skoni\u0173 m\u0117g\u0117jams.<\/p>\n<p>Pasirinkite savo ideal\u0173 nikotino stiprum\u0105, Uwin Crystal 20000 turi nikotino parinktis nuo <strong>0%, 2% ir 5%<\/strong>, tod\u0117l \u0161is prietaisas yra universalus bet kuriam garintojui. Jo ne\u0161iojamas ir ergonomi\u0161kas <strong>kristal\u0173 dizainas<\/strong> puikiai tinka vartotojams, kurie vertina ir form\u0105, ir funkcij\u0105, tod\u0117l tai yra vienas i\u0161 <strong>populiariausi\u0173 vienkartini\u0173 gar\u0173<\/strong> \u0161iandien. \u012esigykite <strong>Uwin Crystal 20000 \u012fp\u016btim\u0173 Shisha Hookah <\/strong>\u00a0\u0161iandien ir m\u0117gaukit\u0117s tobulu stiliaus, skonio ir vert\u0117s deriniu!<\/p>\n<p><span style=\"color: #ff0000;\"><strong>Prid\u0117kite Amy's Whatsapp, gaukite teising\u0105 atsakym\u0105 ir kupon\u0105 garintuvui!<\/strong><\/span><\/p>\n<p><img fetchpriority=\"high\" decoding=\"async\" class=\"size-full wp-image-2932\" src=\"https:\/\/vapestornado.com\/wp-content\/uploads\/2024\/12\/Vape-Wholesale.jpg\" alt=\"Garintuvai Didmenin\u0117 prekyba\" width=\"229\" height=\"300\" \/><\/p>\n<h3><a href=\"https:\/\/wa.me\/8617776015835\" target=\"_blank\" rel=\"noopener\"><span style=\"color: #ff0000;\"><strong>WhatsApp: +86 17776015835<\/strong><\/span><\/a><\/h3>\n<p>&nbsp;<\/p>\n<h2 class=\"product-title\"><strong>Uwin Crystal 20000 produkto savyb\u0117s<\/strong><\/h2>\n<div role=\"article\" data-tabster=\"{&quot;groupper&quot;:{&quot;tabbability&quot;:2},&quot;focusable&quot;:{}}\" data-content=\"ai-message\" aria-labelledby=\"juhNTJ6o7Gk1cgwZMJgv2-author juhNTJ6o7Gk1cgwZMJgv2-content\">\n<div id=\"juhNTJ6o7Gk1cgwZMJgv2-content\">\n<div role=\"article\" data-tabster=\"{&quot;groupper&quot;:{&quot;tabbability&quot;:2},&quot;focusable&quot;:{}}\" data-content=\"ai-message\" aria-labelledby=\"x4EZuCZWrTbh3weWUt7CU-author x4EZuCZWrTbh3weWUt7CU-content\">\n<div id=\"x4EZuCZWrTbh3weWUt7CU-content\">\n<div class=\"flex max-w-full flex-col flex-grow\">\n<div class=\"min-h-8 text-message flex w-full flex-col items-end gap-2 whitespace-normal break-words text-start [.text-message+&amp;]:mt-5\" dir=\"auto\" data-message-author-role=\"assistant\" data-message-id=\"52c6e00a-252f-4104-805d-2f1a84739c71\" data-message-model-slug=\"gpt-4o\">\n<div class=\"flex w-full flex-col gap-1 empty:hidden first:pt-[3px]\">\n<div class=\"markdown prose w-full break-words dark:prose-invert light\">\n<div class=\"flex max-w-full flex-col flex-grow\">\n<div class=\"min-h-8 text-message flex w-full flex-col items-end gap-2 whitespace-normal break-words text-start [.text-message+&amp;]:mt-5\" dir=\"auto\" data-message-author-role=\"assistant\" data-message-id=\"3c321776-aace-4a97-95f3-35c104de1c0a\" data-message-model-slug=\"gpt-4o\">\n<div class=\"flex w-full flex-col gap-1 empty:hidden first:pt-[3px]\">\n<div class=\"markdown prose w-full break-words dark:prose-invert light\">\n<h3><\/h3>\n<ol>\n<li><strong>Didelis \u012fp\u016btim\u0173 skai\u010dius<\/strong>: Suteikia iki 20 000 \u012fkv\u0117pim\u0173 ilgalaikiam naudojimui.<\/li>\n<li><strong>Nikotino pasirinkimai<\/strong>: Galimas 0%, 2%, 3% ir 5% nikotino kiekiu.<\/li>\n<li><strong>Kri\u0161tolo dizainas<\/strong>: Stilingas, lengvas ir ne\u0161iojamas, ergonomi\u0161kas korpusas.<\/li>\n<li><strong>Tinklelio rit\u0117s technologija<\/strong>: 0.8\u03a9 tinklelio rit\u0117 u\u017etikrina skland\u017eius garus ir sodr\u0173 skon\u012f.<\/li>\n<li><strong>Skoni\u0173 \u012fvairov\u0117<\/strong>: Si\u016blo 12 unikali\u0173 skoni\u0173, atitinkan\u010di\u0173 \u012fvairius skonius.<\/li>\n<li><strong>Didelis e-skys\u010dio talpa<\/strong>: 22 ml i\u0161 anksto u\u017epildytas e-skystis suma\u017eina da\u017enus papildymus.<\/li>\n<li><strong>\u012ekraunama baterija<\/strong>: 650 mAh kobalto baterija su C tipo greitu \u012fkrovimu.<\/li>\n<li><strong>Didmenin\u0117s kainos<\/strong>: Puikiai tinka dideliems pirkiniams ir puikios vert\u0117s.<\/li>\n<\/ol>\n<\/div>\n<\/div>\n<\/div>\n<\/div>\n<div class=\"mb-2 flex gap-3 empty:hidden -ml-2\">\n<div class=\"items-center justify-start rounded-xl p-1 flex\"><\/div>\n<\/div>\n<\/div>\n<\/div>\n<\/div>\n<\/div>\n<div class=\"mb-2 flex gap-3 empty:hidden -ml-2\">\n<figure id=\"attachment_3719\" aria-describedby=\"caption-attachment-3719\" style=\"width: 800px\" class=\"wp-caption alignnone\"><img decoding=\"async\" class=\"wp-image-3719 size-full\" src=\"https:\/\/vapestornado.com\/wp-content\/uploads\/2025\/01\/Hookah-Shisha-20k-20000-Puffs-E-Disposable-Vape.webp\" alt=\"U\u017edegama \u017eol\u0117 Shisha 20k 20000 P\u016bsl\u0117s E Vienkartinis Vape\" width=\"800\" height=\"800\" srcset=\"https:\/\/vapestornado.com\/wp-content\/uploads\/2025\/01\/Hookah-Shisha-20k-20000-Puffs-E-Disposable-Vape.webp 800w, https:\/\/vapestornado.com\/wp-content\/uploads\/2025\/01\/Hookah-Shisha-20k-20000-Puffs-E-Disposable-Vape-300x300.webp 300w, https:\/\/vapestornado.com\/wp-content\/uploads\/2025\/01\/Hookah-Shisha-20k-20000-Puffs-E-Disposable-Vape-150x150.webp 150w, https:\/\/vapestornado.com\/wp-content\/uploads\/2025\/01\/Hookah-Shisha-20k-20000-Puffs-E-Disposable-Vape-768x768.webp 768w, https:\/\/vapestornado.com\/wp-content\/uploads\/2025\/01\/Hookah-Shisha-20k-20000-Puffs-E-Disposable-Vape-600x600.webp 600w, https:\/\/vapestornado.com\/wp-content\/uploads\/2025\/01\/Hookah-Shisha-20k-20000-Puffs-E-Disposable-Vape-100x100.webp 100w\" sizes=\"(max-width: 800px) 100vw, 800px\" \/><figcaption id=\"caption-attachment-3719\" class=\"wp-caption-text\">U\u017edegama \u017eol\u0117 Shisha 20k 20000 P\u016bsl\u0117s E Vienkartinis Vape<\/figcaption><\/figure>\n<\/div>\n<\/div>\n<\/div>\n<\/div>\n<\/div>\n<h2 class=\"product-title\"><strong>Populiariausi Uwin Crystal 20k skoniai<\/strong><strong>\u00a0<\/strong><strong>Vienkartiniai garintuvai<\/strong><\/h2>\n<p>Uwin Crystal 20000 si\u016blo \u012fsp\u016bding\u0105 12 skirting\u0173 skoni\u0173 pasirinkim\u0105, atitinkant\u012f kiekvieno skon\u012f. Kokie yra populiariausi Uwin Crystal 20k skoniai? Kiekvienas skonis suteikia unikali\u0105 garinimo patirt\u012f, ta\u010diau Mi\u0161rios uogos ir Citrin\u0173 m\u0117t\u0173 nuosekliai patenka tarp geriausi\u0173 pasirinkim\u0173 d\u0117l savo ry\u0161kaus, gerai subalansuoto ir patenkinamo profilio. \u0160ie skoniai daro Uwin Crystal 20000 i\u0161skirtiniu vienkartini\u0173 garintuv\u0173 pasaulyje. I\u0161bandykite visus 12 skoni\u0173 ir raskite savo m\u0117gstamiausi\u0105 jau \u0161iandien!<\/p>\n<ol>\n<li>Arb\u016bzas<\/li>\n<li>\u0160aldytas Mangas<\/li>\n<li>M\u0117lyni\u0173 avie\u010di\u0173 <span style=\"color: #ff0000;\"><strong>&gt;&gt;&gt;&gt; Kar\u0161ta !<\/strong><\/span><\/li>\n<li>Vynuogi\u0173 M\u0117tos<\/li>\n<li>Pasifloras<\/li>\n<li>Bra\u0161ki\u0173 ir kivi\u0173<\/li>\n<li>Dvigubas obuolys<\/li>\n<li>Persik\u0173 ledas<\/li>\n<li>Ananas\u0173 kokosas<\/li>\n<li>Mi\u0161rios uogos<span style=\"color: #ff0000;\"><strong>&gt;&gt;&gt;&gt; Geriausias pasirinkimas!<\/strong><\/span><\/li>\n<li>Citrin\u0173 m\u0117ta <span style=\"color: #ff0000;\"><strong>&gt;&gt;&gt;&gt; Kar\u0161ta !<\/strong><\/span><\/li>\n<li>Apelsin\u0173 sultys<\/li>\n<\/ol>\n<div class=\"flex-shrink-0 flex flex-col relative items-end\">\n<div class=\"pt-0\">\n<div class=\"gizmo-bot-avatar flex h-8 w-8 items-center justify-center overflow-hidden rounded-full\">\n<div class=\"relative p-1 rounded-sm flex items-center justify-center bg-token-main-surface-primary text-token-text-primary h-8 w-8\">\n<h3>DUK apie Uwin Crystal 20000 Shisha Hookah pakraunam\u0105j\u012f<strong>\u00a0<\/strong>Vienkartin\u0117 elektronin\u0117 cigaret\u0117<\/h3>\n<h3><\/h3>\n<h4><strong>1. Kod\u0117l verta rinktis Uwin Shisha Hookah 20K?<\/strong><\/h4>\n<p>Su <strong>20 000 \u012fkv\u0117pim\u0173<\/strong>, pritaikomi nikotino lygiai ir eleganti\u0161kas kristalinis dizainas daro \u0161\u012f \u012frengin\u012f prakti\u0161ku ir stilingu.<\/p>\n<h4><strong>2. Ar \u0161is garintuvas yra pigus?<\/strong><\/h4>\n<p>Taip! Jis parduodamas u\u017e <strong>gamyklines pigias kainas<\/strong>, puikiai tinka tiems, kurie ie\u0161ko <strong>pigiais garintuvais<\/strong> neprarandant kokyb\u0117s.<\/p>\n<h4><strong>3. Kokie skoniai yra prieinami?<\/strong><\/h4>\n<p>Uwin Shisha Hookah 20K si\u016blo 12 unikali\u0173 skoni\u0173, toki\u0173 kaip <strong>\u0160aldytas Mangas<\/strong>, <strong>Persik\u0173 ledas<\/strong>ir <strong>Ro\u017einis limonadas<\/strong>.<\/p>\n<h4><strong>4. Kam skirtas \u0161is \u012frenginys?<\/strong><\/h4>\n<p>Jis puikiai tinka visiems vartotojams, nuo pradedan\u010di\u0173j\u0173 iki patyrusi\u0173 entuziast\u0173, d\u0117l didelio \u012fp\u016btim\u0173 skai\u010diaus, plataus skoni\u0173 pasirinkimo ir prieinamos kainos.<\/p>\n<h4><strong>5. Kur \u012fsigyti vienkartini\u0173 garintuv\u0173, toki\u0173 kaip \u0161is?<\/strong><\/h4>\n<p>Apsipirkite <strong><a href=\"https:\/\/vapestornado.com\/lt\/\" target=\"_new\" rel=\"noopener\">\u201evapestornado\u201c internetin\u0117je gar\u0173 parduotuv\u0117je<\/a><\/strong>, vienoje i\u0161 <strong>populiariausi\u0173 vienkartini\u0173 garintuv\u0173 svetaini\u0173<\/strong>, kad gautum\u0117te geriausius pasi\u016blymus Uwin Shisha Hookah 20K.<\/p>\n<div class=\"flex max-w-full flex-col flex-grow\">\n<div class=\"min-h-8 text-message flex w-full flex-col items-end gap-2 whitespace-normal break-words text-start [.text-message+&amp;]:mt-5\" dir=\"auto\" data-message-author-role=\"assistant\" data-message-id=\"4dc48248-df95-45bd-b800-6dedb43cf7f1\" data-message-model-slug=\"gpt-4o\">\n<div class=\"flex w-full flex-col gap-1 empty:hidden first:pt-[3px]\"><\/div>\n<\/div>\n<\/div>\n<\/div>\n<\/div>\n<\/div>\n<\/div>\n<div class=\"flex-shrink-0 flex flex-col relative items-end\">\n<div class=\"pt-0\">\n<div class=\"gizmo-bot-avatar flex h-8 w-8 items-center justify-center overflow-hidden rounded-full\">\n<div class=\"relative p-1 rounded-sm flex items-center justify-center bg-token-main-surface-primary text-token-text-primary h-8 w-8\">\n<div class=\"mb-2 flex gap-3 empty:hidden -ml-2\">\n<div role=\"article\" data-tabster=\"{&quot;groupper&quot;:{&quot;tabbability&quot;:2},&quot;focusable&quot;:{}}\" data-content=\"ai-message\" aria-labelledby=\"Vdt5ez4X7Tg813x6rFVha-author Vdt5ez4X7Tg813x6rFVha-content\">\n<div id=\"Vdt5ez4X7Tg813x6rFVha-content\">\n<div role=\"article\" data-tabster=\"{&quot;groupper&quot;:{&quot;tabbability&quot;:2},&quot;focusable&quot;:{}}\" data-content=\"ai-message\" aria-labelledby=\"o968oC7CEo2fGHsGdsRYC-author o968oC7CEo2fGHsGdsRYC-content\">\n<div id=\"o968oC7CEo2fGHsGdsRYC-content\">\n<h3>Kod\u0117l verta rinktis \u201evapestornado\u201c \u201eUwin Crystal 20000 Shisha Hookah\u201c vienkartini\u0173 gar\u0173 didmeninei prekybai?<\/h3>\n<div class=\"flex-shrink-0 flex flex-col relative items-end\">\n<div class=\"pt-0\">\n<div class=\"gizmo-bot-avatar flex h-8 w-8 items-center justify-center overflow-hidden rounded-full\">\n<div class=\"relative p-1 rounded-sm flex items-center justify-center bg-token-main-surface-primary text-token-text-primary h-8 w-8\">\n<p>Did\u0117jan\u010dioje konkurencijoje vienkartini\u0173 garintuv\u0173 pramon\u0117je, \u201evapestornado\u201c, pirmaujanti pasaulin\u0117 didmenini\u0173 elektronini\u0173 cigare\u010di\u0173 sprendim\u0173 platforma, pristat\u0117 novatori\u0161k\u0105 \u201eUwin Shisha Hookah Crystal 20000 Puffs\u201c vienkartin\u012f garintuv\u0105. D\u0117l savo ak\u012f traukian\u010dio kristalo dizaino ir daugiafunkcini\u0173 savybi\u0173, \u0161is naujovi\u0161kas produktas skland\u017eiai derina stili\u0173 su funkcionalumu. Si\u016blydamas plat\u0173 vaisi\u0173 skoni\u0173 pasirinkim\u0105, jis siekia patenkinti \u012fvairius garintoj\u0173 skonius.<\/p>\n<p>\u201evapestornado\u201c yra j\u016bs\u0173 patikima internetin\u0117 garintuv\u0173 parduotuv\u0117, skirta auk\u0161tos kokyb\u0117s vienkartiniams garintuvams. Tur\u0117dami daugiau nei 5 met\u0173 patirt\u012f, si\u016blome populiari\u0173 vienkartini\u0173 garintuv\u0173 preki\u0173 \u017eenklus, tokius kaip \u201eWaspe Vape\u201c, \u201eWGA Vape\u201c, \u201eFumot RandM Vape\u201c, \u201eVozol Vape\u201c, \u201eBang Vape\u201c ir kt.<\/p>\n<p>M\u016bs\u0173 asortimente yra populiariausi vienkartiniai garai, tokie kaip <a href=\"https:\/\/vapestornado.com\/lt\/product\/vapsolo-viking-12000-puffs-2-5-low-nicotine-bulk-buy-rechargeable-disposable-vapes-pen-wholesale-price\/\">VapSolo Vikingas 12000<\/a>, ir skoni\u0173 turtingus pasirinkimus, tokius kaip <a href=\"https:\/\/vapestornado.com\/lt\/product\/uwin-crystal-10000-puffs-wholesale-disposable-vape-puff-10k-low-nicotine-rechargeable-vapes-pen-bulk-buy-wholesalepuffs-disposable-vape-wholesale-price-copy\/\"> Uwin Kristalas 10000 P\u016b\u010di\u0173<\/a> . Kiekvienas produktas yra atrenkamas, akcentuojant kokyb\u0119, vert\u0119 ir \u012fvairov\u0119, u\u017etikrinant, kad rastum\u0117te tobul\u0105 variant\u0105 savo poreikiams. Atraskite i\u0161skirtin\u012f aptarnavim\u0105 ir plat\u0173 auk\u0161\u010diausios kokyb\u0117s produkt\u0173 asortiment\u0105 didmenin\u0117mis kainomis vapestornado svetain\u0117je.<\/p>\n<\/div>\n<p>&nbsp;<\/p>\n<p><strong>Kiti populiar\u016bs vienkartiniai garintuvai<\/strong><\/p>\n<p><a href=\"https:\/\/vapestornado.com\/lt\/product\/china-factory-vapsolo-super-15000-puffs-disposable-wholesale-price-disposable-vape-rechargeable-disposable-vapes-pen-bulk-buy-wholesale\/\">Vapsolo Super 15000 \u012ftraukim\u0173 <span style=\"color: #ff0000;\"><strong>&gt;&gt;&gt;&gt; Pirmyn!<\/strong><\/span><\/a><\/p>\n<p><a href=\"https:\/\/vapestornado.com\/lt\/product\/jnr-falcon-x-18000-puffs-disposable-vape-wholesale-price\/\">JNR Falcon X 18000 \u012ftraukim\u0173<span style=\"color: #ff0000;\"><strong>&gt;&gt;&gt;&gt; Pirmyn!<\/strong><\/span><\/a><\/p>\n<p><a href=\"https:\/\/vapestornado.com\/lt\/product\/tornado-vape-uwin-35000-puff-35k-music-wholesale-price\/\">Tornado Vape Uwin 35000 <span style=\"color: #ff0000;\"><strong>&gt;&gt;&gt;&gt; Pirmyn!<\/strong><\/span><\/a><\/p>\n<\/div>\n<\/div>\n<\/div>\n<p>&nbsp;<\/p>\n<\/div>\n<\/div>\n<\/div>\n<\/div>\n<\/div>\n<\/div>\n<\/div>\n<\/div>\n<\/div>","protected":false},"excerpt":{"rendered":"<p>Geriausias Uwin Shisha Hookah Crystal 20000 \u012fp\u016btim\u0173 vienkartinis garintuvas<br \/>\nUwin Crystal 20 t\u016bkst. \u012fp\u016btim\u0173 vienkartinis Shisha Hookah didmenin\u0117 kaina<br \/>\nUwin Crystal 20000 \u012fp\u016btim\u0173 pigi didmenin\u0117 prekyba<\/p>\n<p><strong>Prid\u0117kite Amy whatsapp, gaukite tiesiogin\u012f atsakym\u0105 ir kupon\u0105 veipui!<\/strong><\/p>\n<p><img fetchpriority=\"high\" decoding=\"async\" class=\"size-full wp-image-2932\" src=\"https:\/\/vapestornado.com\/wp-content\/uploads\/2024\/12\/Vape-Wholesale.jpg\" alt=\"Garintuvai Didmenin\u0117 prekyba\" width=\"229\" height=\"300\" \/><\/p>\n<h3><a href=\"https:\/\/wa.me\/8617776015835\"><span style=\"color: #ff0000;\"><strong>WhatsApp: +86 17776015835<\/strong><\/span><\/a><\/h3>\n<p>&nbsp;<\/p>","protected":false},"featured_media":3723,"comment_status":"open","ping_status":"closed","template":"","meta":{"_acf_changed":false,"_uag_custom_page_level_css":"","_lmt_disableupdate":"no","_lmt_disable":"","_monsterinsights_skip_tracking":false,"_monsterinsights_sitenote_active":false,"_monsterinsights_sitenote_note":"","_monsterinsights_sitenote_category":0,"site-sidebar-layout":"default","site-content-layout":"","ast-site-content-layout":"default","site-content-style":"default","site-sidebar-style":"default","ast-global-header-display":"","ast-banner-title-visibility":"","ast-main-header-display":"","ast-hfb-above-header-display":"","ast-hfb-below-header-display":"","ast-hfb-mobile-header-display":"","site-post-title":"","ast-breadcrumbs-content":"","ast-featured-img":"","footer-sml-layout":"","ast-disable-related-posts":"","theme-transparent-header-meta":"default","adv-header-id-meta":"","stick-header-meta":"","header-above-stick-meta":"","header-main-stick-meta":"","header-below-stick-meta":"","astra-migrate-meta-layouts":"set","ast-page-background-enabled":"default","ast-page-background-meta":{"desktop":{"background-color":"","background-image":"","background-repeat":"repeat","background-position":"center center","background-size":"auto","background-attachment":"scroll","background-type":"","background-media":"","overlay-type":"","overlay-color":"","overlay-opacity":"","overlay-gradient":""},"tablet":{"background-color":"","background-image":"","background-repeat":"repeat","background-position":"center center","background-size":"auto","background-attachment":"scroll","background-type":"","background-media":"","overlay-type":"","overlay-color":"","overlay-opacity":"","overlay-gradient":""},"mobile":{"background-color":"","background-image":"","background-repeat":"repeat","background-position":"center center","background-size":"auto","background-attachment":"scroll","background-type":"","background-media":"","overlay-type":"","overlay-color":"","overlay-opacity":"","overlay-gradient":""}},"ast-content-background-meta":{"desktop":{"background-color":"var(--ast-global-color-5)","background-image":"","background-repeat":"repeat","background-position":"center center","background-size":"auto","background-attachment":"scroll","background-type":"","background-media":"","overlay-type":"","overlay-color":"","overlay-opacity":"","overlay-gradient":""},"tablet":{"background-color":"var(--ast-global-color-5)","background-image":"","background-repeat":"repeat","background-position":"center center","background-size":"auto","background-attachment":"scroll","background-type":"","background-media":"","overlay-type":"","overlay-color":"","overlay-opacity":"","overlay-gradient":""},"mobile":{"background-color":"var(--ast-global-color-5)","background-image":"","background-repeat":"repeat","background-position":"center center","background-size":"auto","background-attachment":"scroll","background-type":"","background-media":"","overlay-type":"","overlay-color":"","overlay-opacity":"","overlay-gradient":""}},"_joinchat":{"telephone":"+8617776015835"}},"product_brand":[],"product_cat":[69,157,141,143,147,233],"product_tag":[165,120,97,166,94,232],"class_list":{"0":"post-3724","1":"product","2":"type-product","3":"status-publish","4":"has-post-thumbnail","6":"product_cat-20000-puff","7":"product_cat-buy-disposable-vapes-in-portugal","8":"product_cat-crystal-disposable-vapes","9":"product_cat-dual-mesh-disposable-vapes","10":"product_cat-shisha-hookah-disposable-vapes","11":"product_cat-uwin-vape","12":"product_tag-cheap-vapes","13":"product_tag-crystal-vape","14":"product_tag-hot-sale-disposable-vape","15":"product_tag-low-nicotine-vape","16":"product_tag-rechargeable-disposable-vape","17":"product_tag-uwin-crystal-20000","18":"desktop-align-left","19":"tablet-align-left","20":"mobile-align-left","22":"first","23":"instock","24":"sale","25":"shipping-taxable","26":"purchasable","27":"product-type-simple"},"acf":[],"uagb_featured_image_src":{"full":["https:\/\/vapestornado.com\/wp-content\/uploads\/2025\/01\/Uwin-Shisha-Hookah-Crystal-20000-Puffs-Disposable-Vape.webp",800,800,false],"thumbnail":["https:\/\/vapestornado.com\/wp-content\/uploads\/2025\/01\/Uwin-Shisha-Hookah-Crystal-20000-Puffs-Disposable-Vape-150x150.webp",150,150,true],"medium":["https:\/\/vapestornado.com\/wp-content\/uploads\/2025\/01\/Uwin-Shisha-Hookah-Crystal-20000-Puffs-Disposable-Vape-300x300.webp",300,300,true],"medium_large":["https:\/\/vapestornado.com\/wp-content\/uploads\/2025\/01\/Uwin-Shisha-Hookah-Crystal-20000-Puffs-Disposable-Vape-768x768.webp",768,768,true],"large":["https:\/\/vapestornado.com\/wp-content\/uploads\/2025\/01\/Uwin-Shisha-Hookah-Crystal-20000-Puffs-Disposable-Vape.webp",800,800,false],"1536x1536":["https:\/\/vapestornado.com\/wp-content\/uploads\/2025\/01\/Uwin-Shisha-Hookah-Crystal-20000-Puffs-Disposable-Vape.webp",800,800,false],"2048x2048":["https:\/\/vapestornado.com\/wp-content\/uploads\/2025\/01\/Uwin-Shisha-Hookah-Crystal-20000-Puffs-Disposable-Vape.webp",800,800,false],"trp-custom-language-flag":["https:\/\/vapestornado.com\/wp-content\/uploads\/2025\/01\/Uwin-Shisha-Hookah-Crystal-20000-Puffs-Disposable-Vape.webp",12,12,false],"woocommerce_thumbnail":["https:\/\/vapestornado.com\/wp-content\/uploads\/2025\/01\/Uwin-Shisha-Hookah-Crystal-20000-Puffs-Disposable-Vape-300x300.webp",300,300,true],"woocommerce_single":["https:\/\/vapestornado.com\/wp-content\/uploads\/2025\/01\/Uwin-Shisha-Hookah-Crystal-20000-Puffs-Disposable-Vape-600x600.webp",600,600,true],"woocommerce_gallery_thumbnail":["https:\/\/vapestornado.com\/wp-content\/uploads\/2025\/01\/Uwin-Shisha-Hookah-Crystal-20000-Puffs-Disposable-Vape-100x100.webp",100,100,true]},"uagb_author_info":{"display_name":"ESAMY","author_link":"https:\/\/vapestornado.com\/lt\/author\/"},"uagb_comment_info":0,"uagb_excerpt":"Best Uwin Shisha Hookah Crystal 20000 Puffs Disposable Vape Uwin Crystal 20k Puff Disoisable Shisha Hookah Bulk Price Uwin crystal 20000 Puffs Cheap Price Wholesale Supplier Add Amy's whatsapp get right reply and vape coupon! WhatsApp: +86 17776015835 &nbsp;","_links":{"self":[{"href":"https:\/\/vapestornado.com\/lt\/wp-json\/wp\/v2\/product\/3724","targetHints":{"allow":["GET"]}}],"collection":[{"href":"https:\/\/vapestornado.com\/lt\/wp-json\/wp\/v2\/product"}],"about":[{"href":"https:\/\/vapestornado.com\/lt\/wp-json\/wp\/v2\/types\/product"}],"replies":[{"embeddable":true,"href":"https:\/\/vapestornado.com\/lt\/wp-json\/wp\/v2\/comments?post=3724"}],"wp:featuredmedia":[{"embeddable":true,"href":"https:\/\/vapestornado.com\/lt\/wp-json\/wp\/v2\/media\/3723"}],"wp:attachment":[{"href":"https:\/\/vapestornado.com\/lt\/wp-json\/wp\/v2\/media?parent=3724"}],"wp:term":[{"taxonomy":"product_brand","embeddable":true,"href":"https:\/\/vapestornado.com\/lt\/wp-json\/wp\/v2\/product_brand?post=3724"},{"taxonomy":"product_cat","embeddable":true,"href":"https:\/\/vapestornado.com\/lt\/wp-json\/wp\/v2\/product_cat?post=3724"},{"taxonomy":"product_tag","embeddable":true,"href":"https:\/\/vapestornado.com\/lt\/wp-json\/wp\/v2\/product_tag?post=3724"}],"curies":[{"name":"wp","href":"https:\/\/api.w.org\/{rel}","templated":true}]}}