{"id":3716,"date":"2025-01-08T09:49:40","date_gmt":"2025-01-08T09:49:40","guid":{"rendered":"https:\/\/vapestornado.com\/?post_type=product&#038;p=3716"},"modified":"2025-08-23T09:33:37","modified_gmt":"2025-08-23T09:33:37","slug":"bood-twins-46000-puff-display-disposable-vape-cheap-price","status":"publish","type":"product","link":"https:\/\/vapestornado.com\/lt\/product\/bood-twins-46000-puff-display-disposable-vape-cheap-price\/","title":{"rendered":"Bood Twins 46000 P\u016btim\u0173 Ekranas Vienkartinis Garintuvas Pigi Kaina"},"content":{"rendered":"<h1>Bood Twins 46000 P\u016btim\u0173 Ekranas Vienkartinis Garintuvas Pigi Kaina<\/h1>\n<p>&nbsp;<\/p>\n<div role=\"article\" data-tabster=\"{&quot;groupper&quot;:{&quot;tabbability&quot;:2},&quot;focusable&quot;:{}}\" data-content=\"ai-message\" aria-labelledby=\"64JRvXrTnY7mRmPkEQLLT-author 64JRvXrTnY7mRmPkEQLLT-content\">\n<div id=\"64JRvXrTnY7mRmPkEQLLT-content\">\n<p>\u0160is <strong data-start=\"341\" data-end=\"383\">Bood Twins 46000 \u012ftraukim\u0173 vienkartinis elektroninis cigare\u010di\u0173 \u012frenginys<\/strong> yra sukurtas talpai, na\u0161umui ir universalumui. Iki <strong data-start=\"448\" data-end=\"464\">46 000 \u012ftraukim\u0173<\/strong> ir <strong data-start=\"471\" data-end=\"493\">dviguba skonio sistema<\/strong>, tai leid\u017eia vartotojams perjungti du mi\u0161inius viename \u012frenginyje, suteikiant \u012fvairov\u0119 ir ilgalaik\u012f malonum\u0105<\/p>\n<p>\u012erengtas <strong>pa\u017eangi tinklelio rit\u0117<\/strong>, Bood Twins kiekvienu \u012fp\u016btimu tiekia nuosekl\u0173, skland\u0173 ir aromating\u0105 gar\u0105. Jo <strong>eleganti\u0161kas viso ekrano ekranas<\/strong> prideda rafinuotumo ir suteikia esmin\u0117s naudojimo informacijos, tod\u0117l jis idealiai tinka stili\u0173 vertinantiems garintojams. \u012ekraunama baterija u\u017etikrina, kad prietaisas gali pasiekti vis\u0105 savo \u012fp\u016btim\u0173 talp\u0105 be kompromis\u0173, pa\u0161alindama da\u017eno keitimo poreik\u012f.<\/p>\n<p>\u0160is auk\u0161\u010diausios kokyb\u0117s vienkartinis garintuvas puikiai tinka didmeniniams pirk\u0117jams, norintiems pasi\u016blyti savo klientams pa\u017eangiausius produktus. <strong>Bood Twins 46000 \u012fp\u016btim\u0173 garintuvai <\/strong>jungia novatori\u0161kas technologijas, eleganti\u0161k\u0105 dizain\u0105 ir neprilygstam\u0105 na\u0161um\u0105, tod\u0117l yra geid\u017eiamas pasirinkimas garinimo pramon\u0117je. Geriausiems Bood Twins 46000 \u012fp\u016btim\u0173 didmenin\u0117s prekybos pasi\u016blymams apsilankykite vapestornado<strong>.com<\/strong> ir patobulinkite savo garinimo preki\u0173 asortiment\u0105 jau \u0161iandien!<\/p>\n<\/div>\n<\/div>\n<p><img fetchpriority=\"high\" decoding=\"async\" class=\"alignleft wp-image-2951 size-medium\" src=\"https:\/\/vapestornado.com\/wp-content\/uploads\/2024\/12\/Wholesale-Disposable-Vape-265x300.jpg\" alt=\"Didmenin\u0117 prekyba vienkartiniais garintuvais\" width=\"265\" height=\"300\" srcset=\"https:\/\/vapestornado.com\/wp-content\/uploads\/2024\/12\/Wholesale-Disposable-Vape-265x300.jpg 265w, https:\/\/vapestornado.com\/wp-content\/uploads\/2024\/12\/Wholesale-Disposable-Vape-768x871.jpg 768w, https:\/\/vapestornado.com\/wp-content\/uploads\/2024\/12\/Wholesale-Disposable-Vape-600x680.jpg 600w, https:\/\/vapestornado.com\/wp-content\/uploads\/2024\/12\/Wholesale-Disposable-Vape.jpg 823w\" sizes=\"(max-width: 265px) 100vw, 265px\" \/><\/p>\n<h5>Pra\u0161ome susisiekti su Mandy per \u201eWhatsApp\u201c d\u0117l nuolaidos kainos<a href=\"https:\/\/wa.me\/8618077105796\" target=\"_blank\" rel=\"noopener\">+8618077105796<\/a><\/h5>\n<div class=\"flex max-w-full flex-col flex-grow\">\n<div class=\"min-h-8 text-message flex w-full flex-col items-end gap-2 whitespace-normal break-words text-start [.text-message+&amp;]:mt-5\" dir=\"auto\" data-message-author-role=\"assistant\" data-message-id=\"cdb991c0-f594-4bff-b2d5-fbbdd7ce9e54\" data-message-model-slug=\"gpt-4o-mini\">\n<div class=\"flex w-full flex-col gap-1 empty:hidden first:pt-[3px]\">\n<div class=\"markdown prose w-full break-words dark:prose-invert light\"><\/div>\n<\/div>\n<\/div>\n<\/div>\n<div class=\"mb-2 flex gap-3 empty:hidden -ml-2\">\n<h2 class=\"sr-proMainInfo-baseInfoH1 J-baseInfo-name\">Didmenin\u0117 prekyba Bood Twins 46000 \u012fp\u016btim\u0173 pagrindin\u0117s savyb\u0117s:<\/h2>\n<ul>\n<li><strong>Did\u017eiulis \u012fp\u016btim\u0173 skai\u010dius<\/strong>: M\u0117gaukit\u0117s iki 46 000 \u012fp\u016btim\u0173, puikiai tinkan\u010di\u0173 ilgalaikiam naudojimui.<\/li>\n<li><strong>Dvigubi skoniai<\/strong>: Novatori\u0161kas dvigubo skonio dizainas viename \u012frenginyje, u\u017etikrinantis universali\u0105 garinimo patirt\u012f.<\/li>\n<li><strong>Tinklelio rit\u0117s technologija<\/strong>: U\u017etikrina skland\u0173, nuosekl\u0173 gar\u0173 gamyb\u0105 su patobulintu skonio perdavimu.<\/li>\n<li><strong>Viso ekrano ekranas<\/strong>: Eleganti\u0161kas ir modernus dizainas su lengvai skaitomu ekranu, skirtu esmin\u0117ms informacijoms rodyti.<\/li>\n<li><strong>Didmenin\u0117s prekybos prana\u0161umas<\/strong>: Idealiai tinka dideliems pirkimams, siekiant efektyviai patenkinti klient\u0173 poreikius.<\/li>\n<\/ul>\n<\/div>\n<h2 class=\"sr-proMainInfo-baseInfoH1 J-baseInfo-name\">Bood Twins 46000Puff skonis:<\/h2>\n<p>1.Arb\u016bzas<br \/>\n2.Obuolys<br \/>\n3.Laimas<br \/>\n4.\u017dalias obuolys<br \/>\n5.M\u0117lyni\u0173 r\u016bg\u0161\u010dios aviet\u0117s<br \/>\n6.Juod\u0173j\u0173 serbent\u0173 aviet\u0117s<br \/>\n7.Persik\u0173 mangai<br \/>\n8.Vynuog\u0117s<br \/>\n9.Ro\u017einis limonadas<br \/>\n10.\u017daliosios vynuog\u0117s<\/p>\n<div role=\"article\" data-tabster=\"{&quot;groupper&quot;:{&quot;tabbability&quot;:2},&quot;focusable&quot;:{}}\" data-content=\"ai-message\" aria-labelledby=\"dARUyEWDoEYhnSPXFwx5A-author dARUyEWDoEYhnSPXFwx5A-content\">\n<div id=\"dARUyEWDoEYhnSPXFwx5A-content\">\n<h2><strong>Kod\u0117l pirkti <\/strong>Bood Twins 46000p\u016bstinis garintuvas <strong>i\u0161 vapestornado?<\/strong><\/h2>\n<ul>\n<li><strong>Neprilygstama kokyb\u0117<\/strong>: vapestornado u\u017etikrina, kad kiekvienas \u201eBood Twins 46000 Puff\u201c vienkartinis garintuvas atitikt\u0173 auk\u0161\u010diausius kokyb\u0117s standartus, suteikdamas auk\u0161\u010diausios kokyb\u0117s garinimo patirt\u012f su dvejopais skoniais ir pa\u017eangia tinklin\u0117s rit\u0117s technologija.<\/li>\n<li><strong>Konkurencingos kainos<\/strong>: M\u0117gaukit\u0117s i\u0161skirtin\u0117mis didmenin\u0117mis kainomis dideliems u\u017esakymams, tod\u0117l vapestornado yra idealus pasirinkimas ma\u017emenininkams ir garinimo entuziastams.<\/li>\n<li><strong>Pristatymas visame pasaulyje<\/strong>: vapestornado si\u016blo patikim\u0105 ir efektyv\u0173 tarptautin\u012f pristatym\u0105 visoje Europoje, u\u017etikrindamas savalaik\u012f j\u016bs\u0173 m\u0117gstam\u0173 produkt\u0173 pristatym\u0105.<\/li>\n<li><strong>Autenti\u0161kumas garantuotas<\/strong>: Visi vapestornado parduodami produktai yra 100% autenti\u0161ki ir patikrinta j\u0173 kokyb\u0117, tod\u0117l galite b\u016bti ram\u016bs su kiekvienu pirkiniu.<\/li>\n<li><strong>Paskirtas klient\u0173 aptarnavimas<\/strong>: M\u016bs\u0173 profesionali ir draugi\u0161ka palaikymo komanda yra pasirengusi pad\u0117ti jums su bet kokiais klausimais, u\u017etikrinant skland\u0173 ir patenkinam\u0105 apsipirkimo patirt\u012f.<\/li>\n<\/ul>\n<\/div>\n<\/div>\n<h2>DUK apie Bood Twins 46000 p\u016bstini\u0173 vienkartini\u0173 garintuv\u0173 didmenin\u012f pirkim\u0105 EUR<\/h2>\n<ul>\n<li><strong>Kas yra Bood Twins 46000 P\u016bstini\u0173 vienkartinis garintuvas?<\/strong><br \/>\n\u201eBood Twins 46000 Puffs\u201c yra auk\u0161\u010diausios kokyb\u0117s vienkartinis garintuvas, turintis ne\u012ftik\u0117tin\u0105 46 000 \u012fkv\u0117pim\u0173 talp\u0105, dvejopus skonius viename \u012frenginyje, tinklin\u0119 rit\u0119, u\u017etikrinan\u010di\u0105 puik\u0173 skon\u012f, ir eleganti\u0161k\u0105 viso ekrano ekran\u0105.<\/li>\n<li><strong>Kiek kainuoja didmeninis Bood Twins 46000 P\u016bstini\u0173 pirkimas EUR?<\/strong><br \/>\nDideli\u0173 u\u017esakym\u0173 kainodara priklauso nuo \u012fsigyto kiekio. vapestornado si\u016blo konkurencingus didmenin\u0117s prekybos tarifus EUR, kad suteikt\u0173 geriausi\u0105 vert\u0119 ma\u017emenininkams ir dideliems pirk\u0117jams.<\/li>\n<li><strong>Ar galiu atsiskaityti u\u017e didelius u\u017esakymus EUR?<\/strong><br \/>\nTaip, vapestornado priima mok\u0117jimus EUR u\u017e didelius pirkinius, tod\u0117l tai patogu Europos klientams.<\/li>\n<li><strong>Kokie yra privalumai perkant bood vape 46k puffs vape box dideliais kiekiais?<\/strong><br \/>\nPirkimas dideliais kiekiais u\u017etikrina didel\u012f i\u0161laid\u0173 taupym\u0105, nuolatin\u012f produkt\u0173 prieinamum\u0105 ir geresn\u0119 pelno mar\u017e\u0105 verslui.<\/li>\n<li><strong>Ar vapestornado siun\u010dia \u012f Europos \u0161alis?<\/strong><br \/>\nBe abejo! vapestornado teikia greit\u0105 ir patikim\u0105 pristatym\u0105 visoje Europoje, \u012fskaitant Vokietij\u0105, Pranc\u016bzij\u0105, Ispanij\u0105 ir Nyderlandus.<\/li>\n<li><strong>Ar taikomos nuolaidos dideliems u\u017esakymams?<\/strong><br \/>\nTaip, vapestornado si\u016blo pakopin\u0119 kainodar\u0105 ir nuolaidas didesniems kiekiams, u\u017etikrindama maksimal\u0173 taupym\u0105 dideliems pirk\u0117jams.<\/li>\n<li><strong>Koks yra minimalus u\u017esakymo kiekis didmeninei prekybai?<\/strong><br \/>\nMinimalus u\u017esakymo kiekis yra 50 vnt. Nor\u0117dami gauti daugiau informacijos apie pirkimo dideliais kiekiais reikalavimus, susisiekite su vapestornado klient\u0173 aptarnavimo komanda.<\/li>\n<\/ul>","protected":false},"excerpt":{"rendered":"<p><strong>Bood Twins 46000 \u012fp\u016btim\u0173 vienkartinis garintuvas su LED ekranu<\/strong> nepralenkiamomis kainomis. M\u0117gaukit\u0117s dvigubais skoniais, eleganti\u0161ku viso ekrano ekranu ir pa\u017eangia tinklelio rit\u0117s technologija, u\u017etikrinan\u010dia auk\u0161\u010diausios kokyb\u0117s garinimo patirt\u012f.<\/p>\n<figure id=\"attachment_2951\" aria-describedby=\"caption-attachment-2951\" style=\"width: 265px\" class=\"wp-caption alignnone\"><img decoding=\"async\" class=\"size-medium wp-image-2951\" src=\"https:\/\/vapestornado.com\/wp-content\/uploads\/2024\/12\/Wholesale-Disposable-Vape-265x300.jpg\" alt=\"Didmenin\u0117 prekyba vienkartiniais garintuvais\" width=\"265\" height=\"300\" srcset=\"https:\/\/vapestornado.com\/wp-content\/uploads\/2024\/12\/Wholesale-Disposable-Vape-265x300.jpg 265w, https:\/\/vapestornado.com\/wp-content\/uploads\/2024\/12\/Wholesale-Disposable-Vape-768x871.jpg 768w, https:\/\/vapestornado.com\/wp-content\/uploads\/2024\/12\/Wholesale-Disposable-Vape-600x680.jpg 600w, https:\/\/vapestornado.com\/wp-content\/uploads\/2024\/12\/Wholesale-Disposable-Vape.jpg 823w\" sizes=\"(max-width: 265px) 100vw, 265px\" \/><figcaption id=\"caption-attachment-2951\" class=\"wp-caption-text\">Pra\u0161ome susisiekti su Mandy per \u201eWhatsApp\u201c d\u0117l nuolaidos kainos\u00a0 <a href=\"https:\/\/wa.me\/8618077105796\">+8618077105796<\/a><\/figcaption><\/figure>\n<p>&nbsp;<\/p>","protected":false},"featured_media":3713,"comment_status":"open","ping_status":"closed","template":"","meta":{"_acf_changed":false,"_uag_custom_page_level_css":"","_lmt_disableupdate":"no","_lmt_disable":"","_monsterinsights_skip_tracking":false,"_monsterinsights_sitenote_active":false,"_monsterinsights_sitenote_note":"","_monsterinsights_sitenote_category":0,"site-sidebar-layout":"default","site-content-layout":"","ast-site-content-layout":"default","site-content-style":"default","site-sidebar-style":"default","ast-global-header-display":"","ast-banner-title-visibility":"","ast-main-header-display":"","ast-hfb-above-header-display":"","ast-hfb-below-header-display":"","ast-hfb-mobile-header-display":"","site-post-title":"","ast-breadcrumbs-content":"","ast-featured-img":"","footer-sml-layout":"","ast-disable-related-posts":"","theme-transparent-header-meta":"default","adv-header-id-meta":"","stick-header-meta":"","header-above-stick-meta":"","header-main-stick-meta":"","header-below-stick-meta":"","astra-migrate-meta-layouts":"set","ast-page-background-enabled":"default","ast-page-background-meta":{"desktop":{"background-color":"","background-image":"","background-repeat":"repeat","background-position":"center center","background-size":"auto","background-attachment":"scroll","background-type":"","background-media":"","overlay-type":"","overlay-color":"","overlay-opacity":"","overlay-gradient":""},"tablet":{"background-color":"","background-image":"","background-repeat":"repeat","background-position":"center center","background-size":"auto","background-attachment":"scroll","background-type":"","background-media":"","overlay-type":"","overlay-color":"","overlay-opacity":"","overlay-gradient":""},"mobile":{"background-color":"","background-image":"","background-repeat":"repeat","background-position":"center center","background-size":"auto","background-attachment":"scroll","background-type":"","background-media":"","overlay-type":"","overlay-color":"","overlay-opacity":"","overlay-gradient":""}},"ast-content-background-meta":{"desktop":{"background-color":"var(--ast-global-color-5)","background-image":"","background-repeat":"repeat","background-position":"center center","background-size":"auto","background-attachment":"scroll","background-type":"","background-media":"","overlay-type":"","overlay-color":"","overlay-opacity":"","overlay-gradient":""},"tablet":{"background-color":"var(--ast-global-color-5)","background-image":"","background-repeat":"repeat","background-position":"center center","background-size":"auto","background-attachment":"scroll","background-type":"","background-media":"","overlay-type":"","overlay-color":"","overlay-opacity":"","overlay-gradient":""},"mobile":{"background-color":"var(--ast-global-color-5)","background-image":"","background-repeat":"repeat","background-position":"center center","background-size":"auto","background-attachment":"scroll","background-type":"","background-media":"","overlay-type":"","overlay-color":"","overlay-opacity":"","overlay-gradient":""}},"_joinchat":{"telephone":"+8618077105796"}},"product_brand":[],"product_cat":[230,193,149,160,146],"product_tag":[231,97,98],"class_list":{"0":"post-3716","1":"product","2":"type-product","3":"status-publish","4":"has-post-thumbnail","6":"product_cat-46000-puff","7":"product_cat-bood-disposable-vapes","8":"product_cat-buy-disposable-vapes-in-austria","9":"product_cat-buy-disposable-vapes-in-switzerland","10":"product_cat-rechargeable-disposable-vapes","11":"product_tag-bood-twins-46000-puff","12":"product_tag-hot-sale-disposable-vape","13":"product_tag-wholesale-price-disposable-vape","14":"desktop-align-left","15":"tablet-align-left","16":"mobile-align-left","18":"first","19":"instock","20":"sale","21":"shipping-taxable","22":"purchasable","23":"product-type-simple"},"acf":[],"uagb_featured_image_src":{"full":["https:\/\/vapestornado.com\/wp-content\/uploads\/2025\/01\/Bood-Twins-46000-Puffs-Top-Sale-Vape-In-Poland.webp",800,800,false],"thumbnail":["https:\/\/vapestornado.com\/wp-content\/uploads\/2025\/01\/Bood-Twins-46000-Puffs-Top-Sale-Vape-In-Poland-150x150.webp",150,150,true],"medium":["https:\/\/vapestornado.com\/wp-content\/uploads\/2025\/01\/Bood-Twins-46000-Puffs-Top-Sale-Vape-In-Poland-300x300.webp",300,300,true],"medium_large":["https:\/\/vapestornado.com\/wp-content\/uploads\/2025\/01\/Bood-Twins-46000-Puffs-Top-Sale-Vape-In-Poland-768x768.webp",768,768,true],"large":["https:\/\/vapestornado.com\/wp-content\/uploads\/2025\/01\/Bood-Twins-46000-Puffs-Top-Sale-Vape-In-Poland.webp",800,800,false],"1536x1536":["https:\/\/vapestornado.com\/wp-content\/uploads\/2025\/01\/Bood-Twins-46000-Puffs-Top-Sale-Vape-In-Poland.webp",800,800,false],"2048x2048":["https:\/\/vapestornado.com\/wp-content\/uploads\/2025\/01\/Bood-Twins-46000-Puffs-Top-Sale-Vape-In-Poland.webp",800,800,false],"trp-custom-language-flag":["https:\/\/vapestornado.com\/wp-content\/uploads\/2025\/01\/Bood-Twins-46000-Puffs-Top-Sale-Vape-In-Poland.webp",12,12,false],"woocommerce_thumbnail":["https:\/\/vapestornado.com\/wp-content\/uploads\/2025\/01\/Bood-Twins-46000-Puffs-Top-Sale-Vape-In-Poland-300x300.webp",300,300,true],"woocommerce_single":["https:\/\/vapestornado.com\/wp-content\/uploads\/2025\/01\/Bood-Twins-46000-Puffs-Top-Sale-Vape-In-Poland-600x600.webp",600,600,true],"woocommerce_gallery_thumbnail":["https:\/\/vapestornado.com\/wp-content\/uploads\/2025\/01\/Bood-Twins-46000-Puffs-Top-Sale-Vape-In-Poland-100x100.webp",100,100,true]},"uagb_author_info":{"display_name":"ESMANDY","author_link":"https:\/\/vapestornado.com\/lt\/author\/"},"uagb_comment_info":0,"uagb_excerpt":"Bood Twins 46000 Puffs LED Display Disposable Vape at unbeatable prices. Enjoy dual flavors, a sleek full-screen display, and advanced mesh coil technology for a premium vaping experience. [caption id=\"attachment_2951\" align=\"alignnone\" width=\"265\"] Pls Contact Mandy's WhatsApp For Discount Price\u00a0 +8618077105796[\/caption] &nbsp;","_links":{"self":[{"href":"https:\/\/vapestornado.com\/lt\/wp-json\/wp\/v2\/product\/3716","targetHints":{"allow":["GET"]}}],"collection":[{"href":"https:\/\/vapestornado.com\/lt\/wp-json\/wp\/v2\/product"}],"about":[{"href":"https:\/\/vapestornado.com\/lt\/wp-json\/wp\/v2\/types\/product"}],"replies":[{"embeddable":true,"href":"https:\/\/vapestornado.com\/lt\/wp-json\/wp\/v2\/comments?post=3716"}],"wp:featuredmedia":[{"embeddable":true,"href":"https:\/\/vapestornado.com\/lt\/wp-json\/wp\/v2\/media\/3713"}],"wp:attachment":[{"href":"https:\/\/vapestornado.com\/lt\/wp-json\/wp\/v2\/media?parent=3716"}],"wp:term":[{"taxonomy":"product_brand","embeddable":true,"href":"https:\/\/vapestornado.com\/lt\/wp-json\/wp\/v2\/product_brand?post=3716"},{"taxonomy":"product_cat","embeddable":true,"href":"https:\/\/vapestornado.com\/lt\/wp-json\/wp\/v2\/product_cat?post=3716"},{"taxonomy":"product_tag","embeddable":true,"href":"https:\/\/vapestornado.com\/lt\/wp-json\/wp\/v2\/product_tag?post=3716"}],"curies":[{"name":"wp","href":"https:\/\/api.w.org\/{rel}","templated":true}]}}