{"id":3700,"date":"2025-01-07T09:47:56","date_gmt":"2025-01-07T09:47:56","guid":{"rendered":"https:\/\/vapestornado.com\/?post_type=product&#038;p=3700"},"modified":"2025-08-23T09:34:23","modified_gmt":"2025-08-23T09:34:23","slug":"wholesale-price-bang-king-35000-puffs-tornado-vape","status":"publish","type":"product","link":"https:\/\/vapestornado.com\/lt\/product\/wholesale-price-bang-king-35000-puffs-tornado-vape\/","title":{"rendered":"Didmenin\u0117 kaina Bang King 35000 \u012ftraukim\u0173 Tornado garintuvas"},"content":{"rendered":"<h1>Didmenin\u0117 kaina Bang King 35000 \u012ftraukim\u0173 Tornado garintuvas<\/h1>\n<p>&nbsp;<\/p>\n<div role=\"article\" data-tabster=\"{&quot;groupper&quot;:{&quot;tabbability&quot;:2},&quot;focusable&quot;:{}}\" data-content=\"ai-message\" aria-labelledby=\"64JRvXrTnY7mRmPkEQLLT-author 64JRvXrTnY7mRmPkEQLLT-content\">\n<div id=\"64JRvXrTnY7mRmPkEQLLT-content\">\n<p data-start=\"302\" data-end=\"548\">\u0160is <strong data-start=\"306\" data-end=\"347\">Bang King 35000 Puffs vienkartinis garintuvas<\/strong> u\u017etikrina talp\u0105, na\u0161um\u0105 ir skland\u0173 skon\u012f viename \u012frenginyje. Iki <strong data-start=\"424\" data-end=\"440\">35 000 \u012ftraukim\u0173<\/strong> ir <strong data-start=\"447\" data-end=\"480\">23 ml i\u0161 anksto u\u017epildyto e-skys\u010dio rezervuaro<\/strong>, jis u\u017etikrina ilgalaik\u012f naudojim\u0105 i\u0161laikant pastov\u0173 skon\u012f.<\/p>\n<p data-start=\"550\" data-end=\"829\">\u012erengtas su <strong data-start=\"566\" data-end=\"584\">0,6 \u03a9 tinklelio rit\u0117<\/strong>, Bang King 35K u\u017etikrina sodrius garus ir pastov\u0173 oro sraut\u0105. A <strong data-start=\"645\" data-end=\"677\">1000 mAh \u012fkraunamos baterijos<\/strong> su <strong data-start=\"683\" data-end=\"707\">C tipo greit\u0105j\u012f \u012fkrovim\u0105<\/strong> palaiko nepertraukiamas sesijas, o <strong data-start=\"747\" data-end=\"775\">apsauga nuo sauso degimo<\/strong> apsaugo nuo saus\u0173 sm\u016bgi\u0173, kad b\u016bt\u0173 u\u017etikrinta patikima garinimo patirtis.<\/p>\n<p data-start=\"831\" data-end=\"1092\">Galima \u012fsigyti <strong data-start=\"844\" data-end=\"885\">0%, 2%, 3% ir 5% nikotino stiprumo<\/strong>, jis tinka tiek lengviems, tiek sunkiems naudotojams. Supakuotas <strong data-start=\"933\" data-end=\"972\">10 vnt. d\u0117\u017eut\u0117je ir 200 vnt. d\u0117\u017e\u0117je<\/strong>, Bang King 35000 idealiai tinka didmeninei prekybai ir dideliems pirk\u0117jams, ie\u0161kantiems didel\u0117s paklausos <strong data-start=\"1068\" data-end=\"1089\">35 000 \u012ftraukim\u0173 vape<\/strong><\/p>\n<p>Pirkite dabar <strong>Vapebulkp.com<\/strong> ir patirkite neprilygstam\u0105 Bang King 35 000 Puffs na\u0161um\u0105 ir kokyb\u0119.<\/p>\n<\/div>\n<\/div>\n<p><img fetchpriority=\"high\" decoding=\"async\" class=\"alignleft wp-image-2951 size-medium\" src=\"https:\/\/vapestornado.com\/wp-content\/uploads\/2024\/12\/Wholesale-Disposable-Vape-265x300.jpg\" alt=\"Didmenin\u0117 prekyba vienkartiniais garintuvais\" width=\"265\" height=\"300\" srcset=\"https:\/\/vapestornado.com\/wp-content\/uploads\/2024\/12\/Wholesale-Disposable-Vape-265x300.jpg 265w, https:\/\/vapestornado.com\/wp-content\/uploads\/2024\/12\/Wholesale-Disposable-Vape-768x871.jpg 768w, https:\/\/vapestornado.com\/wp-content\/uploads\/2024\/12\/Wholesale-Disposable-Vape-600x680.jpg 600w, https:\/\/vapestornado.com\/wp-content\/uploads\/2024\/12\/Wholesale-Disposable-Vape.jpg 823w\" sizes=\"(max-width: 265px) 100vw, 265px\" \/><\/p>\n<h5>Pra\u0161ome susisiekti su Mandy per \u201eWhatsApp\u201c d\u0117l nuolaidos kainos<a href=\"https:\/\/wa.me\/8618077105796\" target=\"_blank\" rel=\"noopener\">+8618077105796<\/a><\/h5>\n<div class=\"flex max-w-full flex-col flex-grow\">\n<div class=\"min-h-8 text-message flex w-full flex-col items-end gap-2 whitespace-normal break-words text-start [.text-message+&amp;]:mt-5\" dir=\"auto\" data-message-author-role=\"assistant\" data-message-id=\"cdb991c0-f594-4bff-b2d5-fbbdd7ce9e54\" data-message-model-slug=\"gpt-4o-mini\">\n<div class=\"flex w-full flex-col gap-1 empty:hidden first:pt-[3px]\">\n<div class=\"markdown prose w-full break-words dark:prose-invert light\"><\/div>\n<\/div>\n<\/div>\n<\/div>\n<div class=\"mb-2 flex gap-3 empty:hidden -ml-2\">\n<h2 class=\"sr-proMainInfo-baseInfoH1 J-baseInfo-name\">Didmenin\u0117 i\u0161manioji elektronin\u0117 cigaret\u0117 Bang King 35k Puffs Pagrindin\u0117s savyb\u0117s:<\/h2>\n<ul>\n<li><strong>Neprilygstama \u012fp\u016btim\u0173 talpa<\/strong>: M\u0117gaukit\u0117s <strong>35 000 \u012ftraukim\u0173<\/strong>, puikiai tinka ilgam naudojimui be da\u017eno keitimo.<\/li>\n<li><strong>Didelis e-skys\u010dio kiekis<\/strong>: I\u0161 anksto u\u017epildytas su <strong>23 ml auk\u0161\u010diausios kokyb\u0117s garinimo skys\u010dio<\/strong> pastoviam skoniui.<\/li>\n<li><strong>\u012ekraunama baterija<\/strong>: Maitinamas <strong>1000 mAh baterija<\/strong> su <strong>C tipo greit\u0105j\u012f \u012fkrovim\u0105<\/strong>.<\/li>\n<li><strong>Tinklelio rit\u0117s technologija<\/strong>: Pa\u017eangi <strong>0,6 \u03a9 tinklelio rit\u0117<\/strong> u\u017etikrina sodr\u0173, \u0161veln\u0173 ir tank\u0173 gar\u0105.<\/li>\n<li><strong>Pritaikomi nikotino stiprumai<\/strong>: Galima \u012fsigyti <strong>0%, 2%, 3% ir 5% nikotino druskos<\/strong> kad atitikt\u0173 kiekvien\u0105 skon\u012f.<\/li>\n<li><strong>Apsauga nuo sauso degimo<\/strong>: Apsaugo nuo perkaitimo ir saus\u0173 d\u016bm\u0173, kad garinimo patirtis b\u016bt\u0173 saugesn\u0117 ir sklandesn\u0117.<\/li>\n<li><strong>Didmenin\u0117 pakuot\u0117<\/strong>: Patogiai supakuota kaip <strong>10 vnt. d\u0117\u017eut\u0117je ir 200 vnt. d\u0117\u017e\u0117je<\/strong>, idealiai tinka asmeniniams ir dideliems pirk\u0117jams.<\/li>\n<\/ul>\n<\/div>\n<h2 class=\"sr-proMainInfo-baseInfoH1 J-baseInfo-name\">BANGKING 35000PUFF VAPOR skonis:<\/h2>\n<p>1. bra\u0161ki\u0173 mangai<br \/>\n2. meil\u011766<br \/>\n3. m\u0117lyn\u0173j\u0173 avie\u010di\u0173 ledas<br \/>\n4. bra\u0161ki\u0173 arb\u016bzas<br \/>\n5. citrin\u0173 m\u0117ta<br \/>\n6. dvigubas obuolys<br \/>\n7.energinis g\u0117rimas<br \/>\n8.persik\u0173 ledas<br \/>\n9.bra\u0161ki\u0173 kivis<br \/>\n10.vynuogi\u0173 ledas<br \/>\n11.m\u0117lyni\u0173 ledas<br \/>\n12.arb\u016bzas<\/p>\n<div role=\"article\" data-tabster=\"{&quot;groupper&quot;:{&quot;tabbability&quot;:2},&quot;focusable&quot;:{}}\" data-content=\"ai-message\" aria-labelledby=\"dARUyEWDoEYhnSPXFwx5A-author dARUyEWDoEYhnSPXFwx5A-content\">\n<div id=\"dARUyEWDoEYhnSPXFwx5A-content\">\n<h2><strong>Kod\u0117l verta pirkti Bang King 35000p\u016btim\u0173 garintuvus i\u0161 vapestornado?<\/strong><\/h2>\n<ul>\n<li><strong>Patikima kokyb\u0117<\/strong>: vapestornado yra pirmaujanti platintoja <strong>auk\u0161\u010diausios kokyb\u0117s vienkartini\u0173 garintuv\u0173<\/strong>, u\u017etikrinanti, kad gautum\u0117te autenti\u0161kus, auk\u0161tos kokyb\u0117s produktus.<\/li>\n<li><strong>Konkurencingos kainos<\/strong>: Gaukite geriausius didmeninius pasi\u016blymus ir didmenines kainas Bang King 35 000 \u012fkv\u0117pim\u0173.<\/li>\n<li><strong>Greitas pristatymas<\/strong>: Mes greitai pristatome visoje Europoje, u\u017etikrindami, kad j\u016bs\u0173 produktai atvykt\u0173 laiku.<\/li>\n<li><strong>I\u0161skirtinis klient\u0173 aptarnavimas<\/strong>: M\u016bs\u0173 komanda pasiruo\u0161usi pad\u0117ti su u\u017eklausomis, u\u017etikrindama skland\u017ei\u0105 pirkimo patirt\u012f.<\/li>\n<li><strong>Platus pasirinkimas<\/strong>: Nar\u0161ykite plat\u0173 asortiment\u0105 <strong>auk\u0161\u010diausios klas\u0117s vienkartini\u0173 elektronini\u0173 cigare\u010di\u0173<\/strong> kad patenkintum\u0117te kiekvieno garintojo pageidavimus.<\/li>\n<\/ul>\n<\/div>\n<\/div>\n<h2>DUK apie ilgaam\u017eius vienkartinius elektroninius cigaretes Bang Vape 35 000 \u012fkv\u0117pim\u0173<\/h2>\n<h4><strong>1. Kiek laiko veikia Bang Vape King 35 000 \u012fkv\u0117pim\u0173?<\/strong><\/h4>\n<p>Bang King sukurtas teikti iki <strong>35 000 \u012ftraukim\u0173<\/strong>, tod\u0117l tai yra viena i\u0161 patvariausi\u0173 vienkartini\u0173 garintuv\u0173 rinkoje. Naudojimo laikas priklausys nuo j\u016bs\u0173 garinimo da\u017enumo ir \u012fkv\u0117pimo trukm\u0117s.<\/p>\n<h4><strong>2. Ar galiu \u012fkrauti Hot Sale Vape Bang King 35 000 \u012fkv\u0117pim\u0173?<\/strong><\/h4>\n<p>Taip, \u0161is prietaisas turi <strong>C tipo \u012fkrovimo prievadas<\/strong> ir <strong>1000 mAh \u012fkraunamos baterijos<\/strong>, u\u017etikrinant, kad gal\u0117tum\u0117te m\u0117gautis visais 35 000 \u012fkv\u0117pim\u0173 be pertrauk\u0173.<\/p>\n<h4><strong>3. Kuo Bang 35 000 \u012fkv\u0117pim\u0173 garintuvas skiriasi nuo kit\u0173 vienkartini\u0173 garintuv\u0173?<\/strong><\/h4>\n<p>Jo derinys <strong>35 000 \u012ftraukim\u0173 talpa<\/strong>, <strong>23 ml e-skys\u010dio t\u016brio<\/strong>, <strong>tinklelio rit\u0117s technologija<\/strong>ir <strong>apsauga nuo sauso degimo<\/strong> i\u0161skiria j\u012f kaip auk\u0161\u010diausios klas\u0117s vienkartin\u0119 elektronin\u0119 cigaret\u0119.<\/p>","protected":false},"excerpt":{"rendered":"<p>Ie\u0161kokite didmenini\u0173 kain\u0173 \u201eBang King 35000 Puffs Tornado Vape\u201c svetain\u0117je Vapebulkp.com. Su 35 000 \u012fkv\u0117pim\u0173, 23 ml e-skys\u010dio, 1000 mAh baterija, C tipo \u012fkrovimu ir apsaugos nuo sauso degimo technologija. Idealiai tinka dideliems u\u017esakymams su pritaikomu nikotino kiekiu (0%, 2%, 3%, 5%). \u012esigykite auk\u0161\u010diausios kokyb\u0117s vienkartini\u0173 garintuv\u0173 jau \u0161iandien!<\/p>\n<figure id=\"attachment_2951\" aria-describedby=\"caption-attachment-2951\" style=\"width: 265px\" class=\"wp-caption alignnone\"><img decoding=\"async\" class=\"size-medium wp-image-2951\" src=\"https:\/\/vapestornado.com\/wp-content\/uploads\/2024\/12\/Wholesale-Disposable-Vape-265x300.jpg\" alt=\"Didmenin\u0117 prekyba vienkartiniais garintuvais\" width=\"265\" height=\"300\" srcset=\"https:\/\/vapestornado.com\/wp-content\/uploads\/2024\/12\/Wholesale-Disposable-Vape-265x300.jpg 265w, https:\/\/vapestornado.com\/wp-content\/uploads\/2024\/12\/Wholesale-Disposable-Vape-768x871.jpg 768w, https:\/\/vapestornado.com\/wp-content\/uploads\/2024\/12\/Wholesale-Disposable-Vape-600x680.jpg 600w, https:\/\/vapestornado.com\/wp-content\/uploads\/2024\/12\/Wholesale-Disposable-Vape.jpg 823w\" sizes=\"(max-width: 265px) 100vw, 265px\" \/><figcaption id=\"caption-attachment-2951\" class=\"wp-caption-text\">Pra\u0161ome susisiekti su Mandy per \u201eWhatsApp\u201c d\u0117l nuolaidos kainos\u00a0 <a href=\"https:\/\/wa.me\/8618077105796\">+8618077105796<\/a><\/figcaption><\/figure>\n<p>&nbsp;<\/p>","protected":false},"featured_media":3702,"comment_status":"open","ping_status":"closed","template":"","meta":{"_acf_changed":false,"_uag_custom_page_level_css":"","_lmt_disableupdate":"no","_lmt_disable":"","_monsterinsights_skip_tracking":false,"_monsterinsights_sitenote_active":false,"_monsterinsights_sitenote_note":"","_monsterinsights_sitenote_category":0,"site-sidebar-layout":"default","site-content-layout":"","ast-site-content-layout":"default","site-content-style":"default","site-sidebar-style":"default","ast-global-header-display":"","ast-banner-title-visibility":"","ast-main-header-display":"","ast-hfb-above-header-display":"","ast-hfb-below-header-display":"","ast-hfb-mobile-header-display":"","site-post-title":"","ast-breadcrumbs-content":"","ast-featured-img":"","footer-sml-layout":"","ast-disable-related-posts":"","theme-transparent-header-meta":"default","adv-header-id-meta":"","stick-header-meta":"","header-above-stick-meta":"","header-main-stick-meta":"","header-below-stick-meta":"","astra-migrate-meta-layouts":"set","ast-page-background-enabled":"default","ast-page-background-meta":{"desktop":{"background-color":"","background-image":"","background-repeat":"repeat","background-position":"center center","background-size":"auto","background-attachment":"scroll","background-type":"","background-media":"","overlay-type":"","overlay-color":"","overlay-opacity":"","overlay-gradient":""},"tablet":{"background-color":"","background-image":"","background-repeat":"repeat","background-position":"center center","background-size":"auto","background-attachment":"scroll","background-type":"","background-media":"","overlay-type":"","overlay-color":"","overlay-opacity":"","overlay-gradient":""},"mobile":{"background-color":"","background-image":"","background-repeat":"repeat","background-position":"center center","background-size":"auto","background-attachment":"scroll","background-type":"","background-media":"","overlay-type":"","overlay-color":"","overlay-opacity":"","overlay-gradient":""}},"ast-content-background-meta":{"desktop":{"background-color":"var(--ast-global-color-5)","background-image":"","background-repeat":"repeat","background-position":"center center","background-size":"auto","background-attachment":"scroll","background-type":"","background-media":"","overlay-type":"","overlay-color":"","overlay-opacity":"","overlay-gradient":""},"tablet":{"background-color":"var(--ast-global-color-5)","background-image":"","background-repeat":"repeat","background-position":"center center","background-size":"auto","background-attachment":"scroll","background-type":"","background-media":"","overlay-type":"","overlay-color":"","overlay-opacity":"","overlay-gradient":""},"mobile":{"background-color":"var(--ast-global-color-5)","background-image":"","background-repeat":"repeat","background-position":"center center","background-size":"auto","background-attachment":"scroll","background-type":"","background-media":"","overlay-type":"","overlay-color":"","overlay-opacity":"","overlay-gradient":""}},"_joinchat":{"telephone":"+8618077105796"}},"product_brand":[],"product_cat":[175,63,140,158,159],"product_tag":[223,97,98],"class_list":{"0":"post-3700","1":"product","2":"type-product","3":"status-publish","4":"has-post-thumbnail","6":"product_cat-35000-puff","7":"product_cat-bangking","8":"product_cat-big-puffs-disposable-vapes","9":"product_cat-buy-disposable-vapes-in-spain","10":"product_cat-buy-disposable-vapes-in-sweden","11":"product_tag-bang-king-vape-35000","12":"product_tag-hot-sale-disposable-vape","13":"product_tag-wholesale-price-disposable-vape","14":"desktop-align-left","15":"tablet-align-left","16":"mobile-align-left","18":"first","19":"instock","20":"sale","21":"shipping-taxable","22":"purchasable","23":"product-type-simple"},"acf":[],"uagb_featured_image_src":{"full":["https:\/\/vapestornado.com\/wp-content\/uploads\/2025\/01\/Bang-Vape-35000-Puffs-Disposable-Vape-Hot-Sale-In-Germany.webp",800,800,false],"thumbnail":["https:\/\/vapestornado.com\/wp-content\/uploads\/2025\/01\/Bang-Vape-35000-Puffs-Disposable-Vape-Hot-Sale-In-Germany-150x150.webp",150,150,true],"medium":["https:\/\/vapestornado.com\/wp-content\/uploads\/2025\/01\/Bang-Vape-35000-Puffs-Disposable-Vape-Hot-Sale-In-Germany-300x300.webp",300,300,true],"medium_large":["https:\/\/vapestornado.com\/wp-content\/uploads\/2025\/01\/Bang-Vape-35000-Puffs-Disposable-Vape-Hot-Sale-In-Germany-768x768.webp",768,768,true],"large":["https:\/\/vapestornado.com\/wp-content\/uploads\/2025\/01\/Bang-Vape-35000-Puffs-Disposable-Vape-Hot-Sale-In-Germany.webp",800,800,false],"1536x1536":["https:\/\/vapestornado.com\/wp-content\/uploads\/2025\/01\/Bang-Vape-35000-Puffs-Disposable-Vape-Hot-Sale-In-Germany.webp",800,800,false],"2048x2048":["https:\/\/vapestornado.com\/wp-content\/uploads\/2025\/01\/Bang-Vape-35000-Puffs-Disposable-Vape-Hot-Sale-In-Germany.webp",800,800,false],"trp-custom-language-flag":["https:\/\/vapestornado.com\/wp-content\/uploads\/2025\/01\/Bang-Vape-35000-Puffs-Disposable-Vape-Hot-Sale-In-Germany.webp",12,12,false],"woocommerce_thumbnail":["https:\/\/vapestornado.com\/wp-content\/uploads\/2025\/01\/Bang-Vape-35000-Puffs-Disposable-Vape-Hot-Sale-In-Germany-300x300.webp",300,300,true],"woocommerce_single":["https:\/\/vapestornado.com\/wp-content\/uploads\/2025\/01\/Bang-Vape-35000-Puffs-Disposable-Vape-Hot-Sale-In-Germany-600x600.webp",600,600,true],"woocommerce_gallery_thumbnail":["https:\/\/vapestornado.com\/wp-content\/uploads\/2025\/01\/Bang-Vape-35000-Puffs-Disposable-Vape-Hot-Sale-In-Germany-100x100.webp",100,100,true]},"uagb_author_info":{"display_name":"ESMANDY","author_link":"https:\/\/vapestornado.com\/lt\/author\/"},"uagb_comment_info":0,"uagb_excerpt":"Explore wholesale prices for Bang King 35000 Puffs Tornado Vape at Vapebulkp.com. Featuring 35,000 puffs, 23ml e-liquid, 1000mAh battery, Type-C charging, and anti-dry burn technology. Ideal for bulk orders with customizable nicotine options (0%, 2%, 3%, 5%). Shop premium disposable vapes today! [caption id=\"attachment_2951\" align=\"alignnone\" width=\"265\"] Pls Contact Mandy's WhatsApp For Discount Price\u00a0 +8618077105796[\/caption] &nbsp;","_links":{"self":[{"href":"https:\/\/vapestornado.com\/lt\/wp-json\/wp\/v2\/product\/3700","targetHints":{"allow":["GET"]}}],"collection":[{"href":"https:\/\/vapestornado.com\/lt\/wp-json\/wp\/v2\/product"}],"about":[{"href":"https:\/\/vapestornado.com\/lt\/wp-json\/wp\/v2\/types\/product"}],"replies":[{"embeddable":true,"href":"https:\/\/vapestornado.com\/lt\/wp-json\/wp\/v2\/comments?post=3700"}],"wp:featuredmedia":[{"embeddable":true,"href":"https:\/\/vapestornado.com\/lt\/wp-json\/wp\/v2\/media\/3702"}],"wp:attachment":[{"href":"https:\/\/vapestornado.com\/lt\/wp-json\/wp\/v2\/media?parent=3700"}],"wp:term":[{"taxonomy":"product_brand","embeddable":true,"href":"https:\/\/vapestornado.com\/lt\/wp-json\/wp\/v2\/product_brand?post=3700"},{"taxonomy":"product_cat","embeddable":true,"href":"https:\/\/vapestornado.com\/lt\/wp-json\/wp\/v2\/product_cat?post=3700"},{"taxonomy":"product_tag","embeddable":true,"href":"https:\/\/vapestornado.com\/lt\/wp-json\/wp\/v2\/product_tag?post=3700"}],"curies":[{"name":"wp","href":"https:\/\/api.w.org\/{rel}","templated":true}]}}