{"id":3690,"date":"2025-01-06T09:55:58","date_gmt":"2025-01-06T09:55:58","guid":{"rendered":"https:\/\/vapestornado.com\/?post_type=product&#038;p=3690"},"modified":"2025-08-23T09:35:59","modified_gmt":"2025-08-23T09:35:59","slug":"wholesale-price-bang-beach-20000-puffs-high-quality-vape-pods","status":"publish","type":"product","link":"https:\/\/vapestornado.com\/lt\/product\/wholesale-price-bang-beach-20000-puffs-high-quality-vape-pods\/","title":{"rendered":"Didmenin\u0117 kaina Bang Beach 20000 i\u0161p\u016btim\u0173 Auk\u0161tos kokyb\u0117s garintuvo kapsul\u0117s"},"content":{"rendered":"<h1>Didmenin\u0117 kaina Bang Beach 20000 i\u0161p\u016btim\u0173 Auk\u0161tos kokyb\u0117s garintuvo kapsul\u0117s<\/h1>\n<p>&nbsp;<\/p>\n<div role=\"article\" data-tabster=\"{&quot;groupper&quot;:{&quot;tabbability&quot;:2},&quot;focusable&quot;:{}}\" data-content=\"ai-message\" aria-labelledby=\"64JRvXrTnY7mRmPkEQLLT-author 64JRvXrTnY7mRmPkEQLLT-content\">\n<div id=\"64JRvXrTnY7mRmPkEQLLT-content\">\n<p data-start=\"323\" data-end=\"588\">\u0160is <strong data-start=\"327\" data-end=\"369\">Bang Beach 20000 Puffs Vienkartinis Vape<\/strong> sujungia didel\u0119 talp\u0105, i\u0161mani\u0105sias technologijas ir stiling\u0105 dizain\u0105, kad b\u016bt\u0173 patikimas garinimo pasirinkimas. Su iki <strong data-start=\"473\" data-end=\"489\">20 000 \u012fkv\u0117pim\u0173<\/strong> ir <strong data-start=\"496\" data-end=\"529\">35 ml i\u0161 anksto u\u017epildytu el. skys\u010dio bakeliu<\/strong>, jis u\u017etikrina ilgalaik\u012f naudojim\u0105 be da\u017en\u0173 pakeitim\u0173.<\/p>\n<p data-start=\"590\" data-end=\"854\">Maitinamas <strong data-start=\"603\" data-end=\"634\">650mAh \u012fkraunama baterija<\/strong> su <strong data-start=\"640\" data-end=\"664\">C tipo greit\u0105j\u012f \u012fkrovim\u0105<\/strong>, Bang Beach 20K u\u017etikrina nuolatin\u012f veikim\u0105 vis\u0105 dien\u0105. The <strong data-start=\"740\" data-end=\"767\">integruotas i\u0161manusis ekranas<\/strong> suteikia realiu laiku informacij\u0105 apie baterijos veikimo laik\u0105 ir panaudotus p\u016btimus, leid\u017eiant vartotojams kontroliuoti proces\u0105.<\/p>\n<p data-start=\"856\" data-end=\"1041\">Galima \u012fsigyti <strong data-start=\"869\" data-end=\"910\">0%, 2%, 3% ir 5% nikotino stiprumo<\/strong>, jis atitinka skirtingus pageidavimus, o <strong data-start=\"958\" data-end=\"987\">ergonomi\u0161kas gradientinis dizainas<\/strong> daro j\u012f patraukl\u0173 ir patog\u0173 laikyti.<\/p>\n<p data-start=\"1043\" data-end=\"1235\">Didmenininkams ir ma\u017emenininkams <strong data-start=\"1078\" data-end=\"1109\">Bang Beach 20000 P\u016b\u010di\u0173 Vape<\/strong> si\u016blo stipr\u0173 talpos, dizaino ir didmenin\u0117s vert\u0117s derin\u012f, tod\u0117l yra konkurencingas pasirinkimas vienkartini\u0173 garintuv\u0173 rinkoje.<\/p>\n<figure id=\"attachment_3691\" aria-describedby=\"caption-attachment-3691\" style=\"width: 676px\" class=\"wp-caption alignnone\"><img fetchpriority=\"high\" decoding=\"async\" class=\"wp-image-3691\" src=\"https:\/\/vapestornado.com\/wp-content\/uploads\/2025\/01\/Bang-Beach-20000-puff-vape-best-sale-Germany.jpg\" alt=\"Bang Beach 20000 Puffs garintuvas geriausias pardavimas Lietuvoje\" width=\"676\" height=\"676\" srcset=\"https:\/\/vapestornado.com\/wp-content\/uploads\/2025\/01\/Bang-Beach-20000-puff-vape-best-sale-Germany.jpg 800w, https:\/\/vapestornado.com\/wp-content\/uploads\/2025\/01\/Bang-Beach-20000-puff-vape-best-sale-Germany-300x300.jpg 300w, https:\/\/vapestornado.com\/wp-content\/uploads\/2025\/01\/Bang-Beach-20000-puff-vape-best-sale-Germany-150x150.jpg 150w, https:\/\/vapestornado.com\/wp-content\/uploads\/2025\/01\/Bang-Beach-20000-puff-vape-best-sale-Germany-768x768.jpg 768w, https:\/\/vapestornado.com\/wp-content\/uploads\/2025\/01\/Bang-Beach-20000-puff-vape-best-sale-Germany-600x600.jpg 600w, https:\/\/vapestornado.com\/wp-content\/uploads\/2025\/01\/Bang-Beach-20000-puff-vape-best-sale-Germany-100x100.jpg 100w\" sizes=\"(max-width: 676px) 100vw, 676px\" \/><figcaption id=\"caption-attachment-3691\" class=\"wp-caption-text\">Bang Beach 20000 Puffs garintuvas geriausias pardavimas Lietuvoje<\/figcaption><\/figure>\n<\/div>\n<\/div>\n<p><img decoding=\"async\" class=\"alignleft wp-image-2951 size-medium\" src=\"https:\/\/vapestornado.com\/wp-content\/uploads\/2024\/12\/Wholesale-Disposable-Vape-265x300.jpg\" alt=\"Didmenin\u0117 prekyba vienkartiniais garintuvais\" width=\"265\" height=\"300\" srcset=\"https:\/\/vapestornado.com\/wp-content\/uploads\/2024\/12\/Wholesale-Disposable-Vape-265x300.jpg 265w, https:\/\/vapestornado.com\/wp-content\/uploads\/2024\/12\/Wholesale-Disposable-Vape-768x871.jpg 768w, https:\/\/vapestornado.com\/wp-content\/uploads\/2024\/12\/Wholesale-Disposable-Vape-600x680.jpg 600w, https:\/\/vapestornado.com\/wp-content\/uploads\/2024\/12\/Wholesale-Disposable-Vape.jpg 823w\" sizes=\"(max-width: 265px) 100vw, 265px\" \/><\/p>\n<h5>Pra\u0161ome susisiekti su Mandy per \u201eWhatsApp\u201c d\u0117l nuolaidos kainos<a href=\"https:\/\/wa.me\/8618077105796\" target=\"_blank\" rel=\"noopener\">+8618077105796<\/a><\/h5>\n<div class=\"flex max-w-full flex-col flex-grow\">\n<div class=\"min-h-8 text-message flex w-full flex-col items-end gap-2 whitespace-normal break-words text-start [.text-message+&amp;]:mt-5\" dir=\"auto\" data-message-author-role=\"assistant\" data-message-id=\"cdb991c0-f594-4bff-b2d5-fbbdd7ce9e54\" data-message-model-slug=\"gpt-4o-mini\">\n<div class=\"flex w-full flex-col gap-1 empty:hidden first:pt-[3px]\">\n<div class=\"markdown prose w-full break-words dark:prose-invert light\"><\/div>\n<\/div>\n<\/div>\n<\/div>\n<div class=\"mb-2 flex gap-3 empty:hidden -ml-2\">\n<h2>Bang Beach 20000 Puffs pagrindin\u0117s savyb\u0117s:<\/h2>\n<ul>\n<li>Ilgalaik\u0117s garinimo sesijos su 20 000 \u012fkv\u0117pim\u0173.<\/li>\n<li>Didel\u0117 35 ml e-skys\u010dio talpa, skirta sodriems, ilgalaikiams skoniams.<\/li>\n<li>Reguliuojami nikotino lygiai, skirti asmeniniam pasitenkinimui.<\/li>\n<li>Galinga 650 mAh baterija, skirta ilgalaikiam naudojimui.<\/li>\n<li>I\u0161manusis ekranas, skirtas realaus laiko naudojimo \u012f\u017evalgoms.<\/li>\n<li>Stilingas, ergonomi\u0161kas dizainas su ry\u0161kiomis gradientin\u0117mis spalvomis.<\/li>\n<\/ul>\n<\/div>\n<h2>Bang Beach 20000 Puffs skoniai:<\/h2>\n<p>1) Trigub\u0173 uog\u0173 ledas<br \/>\n2) Ro\u017einis limonadas<br \/>\n3) M\u0117lyni\u0173 avie\u010di\u0173<br \/>\n4) Mi\u0161rios uogos<br \/>\n5) Bra\u0161ki\u0173 arb\u016bzas<br \/>\n6) Bra\u0161ki\u0173 ledas<br \/>\n7) Vynuogi\u0173 ledas<br \/>\n8) Persik\u0173 mangas<br \/>\n9) M\u0117lynas razz ledas<br \/>\n10) R\u016bg\u0161tus obuolys<br \/>\n11) Arb\u016bz\u0173 ledas<br \/>\n12) Persik\u0173 ledas<\/p>\n<h2 data-pm-slice=\"1 1 []\">Kod\u0117l \u201eBang Beach Smart Screen 20000\u201c p\u016btim\u0173 garinimo baras i\u0161siskiria?<\/h2>\n<p>\u0160is <strong>\u201eBang Beach Smart Screen 20000\u201c<\/strong> yra daugiau nei vienkartinis garintuvas; tai didelio na\u0161umo \u012frenginys, skirtas garintojams, ie\u0161kantiems auk\u0161\u010diausios kokyb\u0117s ir patikimumo. Didelis p\u016btim\u0173 skai\u010dius, tvirta baterija ir pritaikomas nikotino stiprumas daro j\u012f universaliu pasirinkimu vis\u0173 garinimo poreikiams. Nesvarbu, ar esate patyr\u0119s naudotojas, ar tik pradedate, i\u0161maniojo ekrano funkcija ir patogus dizainas pagerina j\u016bs\u0173 garinimo patirt\u012f.<\/p>\n<div role=\"article\" data-tabster=\"{&quot;groupper&quot;:{&quot;tabbability&quot;:2},&quot;focusable&quot;:{}}\" data-content=\"ai-message\" aria-labelledby=\"dARUyEWDoEYhnSPXFwx5A-author dARUyEWDoEYhnSPXFwx5A-content\">\n<div id=\"dARUyEWDoEYhnSPXFwx5A-content\">\n<h2>Kod\u0117l verta rinktis \u201eBang Beach Smart Screen 20000\u201c p\u016btim\u0173 garintuv\u0105 \u201evapestornado.com\u201c? <a href=\"https:\/\/vapestornado.com\/lt\/product\/bang-box-35k-puffs-high-capacity-long-lasting-disposable-vape\/\">vapestornado.com?<\/a><\/h2>\n<p>\u201evapestornado.com\u201c yra j\u016bs\u0173 galutin\u0117 vieta auk\u0161\u010diausios kokyb\u0117s garinimo produktams, o <strong>\u201eBang Beach Smart Screen 20000\u201c p\u016btim\u0173<\/strong> n\u0117ra i\u0161imtis. \u0160tai kod\u0117l \u0161is \u012frenginys i\u0161siskiria ir kod\u0117l \u201evapestornado.com\u201c yra geriausia vieta j\u012f \u012fsigyti:<\/p>\n<h4><strong>*Nepralenkiama kokyb\u0117<\/strong><\/h4>\n<p>Svetain\u0117je \u201evapestornado.com\u201c si\u016blome tik autenti\u0161kus ir auk\u0161tos kokyb\u0117s garinimo produktus. \u201eBang Beach Smart Screen 20000\u201c p\u016btim\u0173 garintuvas yra sukurtas atsi\u017evelgiant \u012f ilgaam\u017ei\u0161kum\u0105 ir na\u0161um\u0105, u\u017etikrinant patikim\u0105 ir maloni\u0105 patirt\u012f kiekvien\u0105 kart\u0105 naudojant.<\/p>\n<h4><strong>*Konkurencinga kaina<\/strong><\/h4>\n<p>\u201evapestornado.com\u201c si\u016blo \u201eBang Beach Smart Screen 20000\u201c p\u016btim\u0173 garintuv\u0105 itin konkurencingomis kainomis, u\u017etikrindama puiki\u0105 vert\u0119 u\u017e auk\u0161\u010diausios klas\u0117s produkt\u0105.<\/p>\n<h4><strong>*Greitas<\/strong><\/h4>\n<p>M\u0117gaukit\u0117s greitu, patikimu pristatymu visuose regionuose, kad j\u016bs\u0173 garinimo patirtis niekada neb\u016bt\u0173 atid\u0117ta.<\/p>\n<h4><strong>*\u012e klient\u0105 orientuotas palaikymas<\/strong><\/h4>\n<p>M\u016bs\u0173 atsidavusi palaikymo komanda yra pasiruo\u0161usi jums pad\u0117ti i\u0161kilus bet kokiems klausimams, u\u017etikrindama skland\u0173 apsipirkim\u0105.<\/p>\n<p>Atnaujinkite savo garinimo patirt\u012f jau \u0161iandien su <strong>Bang Beach Vape 20k Puffs daugkartinio \u012fkrovimo garintuvais<\/strong>, galima \u012fsigyti tik vapestornado.com \u2013 j\u016bs\u0173 patikimu partneriu visais garinimo klausimais!<\/p>\n<p>Atnaujinkite savo garinimo patirt\u012f jau \u0161iandien su <strong>Bang Beach 20000 Puffs garinimo kapsul\u0117s<\/strong>, galima \u012fsigyti tik vapestornado.com \u2013 j\u016bs\u0173 patikimu partneriu visais garinimo klausimais!<\/p>\n<\/div>\n<\/div>\n<h2>DUK apie masin\u012f \u201eBang Beach Vape 20000 Puffs\u201c pirkim\u0105<\/h2>\n<p><strong>1. Kaip galiu pateikti masin\u012f \u201eBang Beach Vape 20000 Puffs\u201c u\u017esakym\u0105?<\/strong><br \/>\nApsilankykite pas patikim\u0105 tiek\u0117j\u0105, pvz., vapestornado.com, nar\u0161ykite \u201eBang Beach Vape\u201c produkto puslap\u012f ir pasirinkite masinio kiekio parinkt\u012f. Arba susisiekite su j\u0173 klient\u0173 aptarnavimo komanda, kad gautum\u0117te pagalbos d\u0117l dideli\u0173 u\u017esakym\u0173.<\/p>\n<p><strong>2. Kokios yra dideli\u0173 kieki\u0173 u\u017esakym\u0173 siuntimo parinktys, skirtos \u201ebangvape 20000puff\u201c?<\/strong><br \/>\nDideli kiekiai siun\u010diami saugiai, kad apsaugot\u0173 gamin\u012f gabenimo metu. Daugelis tiek\u0117j\u0173 si\u016blo greitojo pristatymo parinktis ir sekimo paslaugas, kad b\u016bt\u0173 u\u017etikrintas pristatymas laiku.<\/p>\n<p><strong>3. Ar \u201eBang Beach Vape 20000 puffs\u201c yra tinkamas didmeninei prekybai?<\/strong><br \/>\nBe abejon\u0117s. D\u0117l savo pa\u017eangi\u0173 funkcij\u0173, ilgalaikio veikimo ir stilingo dizaino, \u201eBang Beach Vape 20000\u201c yra labai patrauklus vartotojams, tod\u0117l tai puikus pasirinkimas didmeninei prekybai.<\/p>\n<p><strong>4. Kaip \u012fsitikinti, kad perku autenti\u0161kus \u201eBang Beach Vape\u201c gaminius?<\/strong><br \/>\nVisada pirkite i\u0161 patikim\u0173 tiek\u0117j\u0173 ar \u012fgaliot\u0173 platintoj\u0173, pavyzd\u017eiui, vapestornado.com, kad garantuotum\u0117te autenti\u0161kum\u0105 ir kokyb\u0119. Venkite nepatikrint\u0173 pardav\u0117j\u0173, kad i\u0161vengtum\u0117te padirbt\u0173 gamini\u0173.<\/p>","protected":false},"excerpt":{"rendered":"<p>Bang Beach 20000 Puffs si\u016blo iki 20 000 \u012fkv\u0117pim\u0173, 35 ml i\u0161 anksto pripildyto e-skys\u010dio, pritaikomus nikotino lygius (0%, 2%, 3%, 5%), 650 mAh \u012fkraunam\u0105 baterij\u0105 ir i\u0161man\u0173j\u012f ekran\u0105, skirt\u0105 naudojimui steb\u0117ti. Stilingas ir ilgai tarnaujantis garintuvas, puikiai tinkantis kiekvienam garinimo poreikiui.<\/p>\n<figure id=\"attachment_2951\" aria-describedby=\"caption-attachment-2951\" style=\"width: 265px\" class=\"wp-caption alignnone\"><img decoding=\"async\" class=\"size-medium wp-image-2951\" src=\"https:\/\/vapestornado.com\/wp-content\/uploads\/2024\/12\/Wholesale-Disposable-Vape-265x300.jpg\" alt=\"Didmenin\u0117 prekyba vienkartiniais garintuvais\" width=\"265\" height=\"300\" srcset=\"https:\/\/vapestornado.com\/wp-content\/uploads\/2024\/12\/Wholesale-Disposable-Vape-265x300.jpg 265w, https:\/\/vapestornado.com\/wp-content\/uploads\/2024\/12\/Wholesale-Disposable-Vape-768x871.jpg 768w, https:\/\/vapestornado.com\/wp-content\/uploads\/2024\/12\/Wholesale-Disposable-Vape-600x680.jpg 600w, https:\/\/vapestornado.com\/wp-content\/uploads\/2024\/12\/Wholesale-Disposable-Vape.jpg 823w\" sizes=\"(max-width: 265px) 100vw, 265px\" \/><figcaption id=\"caption-attachment-2951\" class=\"wp-caption-text\">Pra\u0161ome susisiekti su Mandy per \u201eWhatsApp\u201c d\u0117l nuolaidos kainos\u00a0 <a href=\"https:\/\/wa.me\/8618077105796\">+8618077105796<\/a><\/figcaption><\/figure>\n<p>&nbsp;<\/p>","protected":false},"featured_media":3693,"comment_status":"open","ping_status":"closed","template":"","meta":{"_acf_changed":false,"_uag_custom_page_level_css":"","_lmt_disableupdate":"no","_lmt_disable":"","_monsterinsights_skip_tracking":false,"_monsterinsights_sitenote_active":false,"_monsterinsights_sitenote_note":"","_monsterinsights_sitenote_category":0,"site-sidebar-layout":"default","site-content-layout":"","ast-site-content-layout":"default","site-content-style":"default","site-sidebar-style":"default","ast-global-header-display":"","ast-banner-title-visibility":"","ast-main-header-display":"","ast-hfb-above-header-display":"","ast-hfb-below-header-display":"","ast-hfb-mobile-header-display":"","site-post-title":"","ast-breadcrumbs-content":"","ast-featured-img":"","footer-sml-layout":"","ast-disable-related-posts":"","theme-transparent-header-meta":"default","adv-header-id-meta":"","stick-header-meta":"","header-above-stick-meta":"","header-main-stick-meta":"","header-below-stick-meta":"","astra-migrate-meta-layouts":"set","ast-page-background-enabled":"default","ast-page-background-meta":{"desktop":{"background-color":"","background-image":"","background-repeat":"repeat","background-position":"center center","background-size":"auto","background-attachment":"scroll","background-type":"","background-media":"","overlay-type":"","overlay-color":"","overlay-opacity":"","overlay-gradient":""},"tablet":{"background-color":"","background-image":"","background-repeat":"repeat","background-position":"center center","background-size":"auto","background-attachment":"scroll","background-type":"","background-media":"","overlay-type":"","overlay-color":"","overlay-opacity":"","overlay-gradient":""},"mobile":{"background-color":"","background-image":"","background-repeat":"repeat","background-position":"center center","background-size":"auto","background-attachment":"scroll","background-type":"","background-media":"","overlay-type":"","overlay-color":"","overlay-opacity":"","overlay-gradient":""}},"ast-content-background-meta":{"desktop":{"background-color":"var(--ast-global-color-5)","background-image":"","background-repeat":"repeat","background-position":"center center","background-size":"auto","background-attachment":"scroll","background-type":"","background-media":"","overlay-type":"","overlay-color":"","overlay-opacity":"","overlay-gradient":""},"tablet":{"background-color":"var(--ast-global-color-5)","background-image":"","background-repeat":"repeat","background-position":"center center","background-size":"auto","background-attachment":"scroll","background-type":"","background-media":"","overlay-type":"","overlay-color":"","overlay-opacity":"","overlay-gradient":""},"mobile":{"background-color":"var(--ast-global-color-5)","background-image":"","background-repeat":"repeat","background-position":"center center","background-size":"auto","background-attachment":"scroll","background-type":"","background-media":"","overlay-type":"","overlay-color":"","overlay-opacity":"","overlay-gradient":""}},"_joinchat":{"telephone":"+8618077105796"}},"product_brand":[],"product_cat":[69,62,151,157],"product_tag":[229,97,98],"class_list":{"0":"post-3690","1":"product","2":"type-product","3":"status-publish","4":"has-post-thumbnail","6":"product_cat-20000-puff","7":"product_cat-bang-vape","8":"product_cat-buy-disposable-vapes-in-france","9":"product_cat-buy-disposable-vapes-in-portugal","10":"product_tag-bang-beach-20000-puffs","11":"product_tag-hot-sale-disposable-vape","12":"product_tag-wholesale-price-disposable-vape","13":"desktop-align-left","14":"tablet-align-left","15":"mobile-align-left","17":"first","18":"instock","19":"sale","20":"shipping-taxable","21":"purchasable","22":"product-type-simple"},"acf":[],"uagb_featured_image_src":{"full":["https:\/\/vapestornado.com\/wp-content\/uploads\/2025\/01\/Bang-Beach-20000-puff-vape-good-sale-Germany.webp",800,800,false],"thumbnail":["https:\/\/vapestornado.com\/wp-content\/uploads\/2025\/01\/Bang-Beach-20000-puff-vape-good-sale-Germany-150x150.webp",150,150,true],"medium":["https:\/\/vapestornado.com\/wp-content\/uploads\/2025\/01\/Bang-Beach-20000-puff-vape-good-sale-Germany-300x300.webp",300,300,true],"medium_large":["https:\/\/vapestornado.com\/wp-content\/uploads\/2025\/01\/Bang-Beach-20000-puff-vape-good-sale-Germany-768x768.webp",768,768,true],"large":["https:\/\/vapestornado.com\/wp-content\/uploads\/2025\/01\/Bang-Beach-20000-puff-vape-good-sale-Germany.webp",800,800,false],"1536x1536":["https:\/\/vapestornado.com\/wp-content\/uploads\/2025\/01\/Bang-Beach-20000-puff-vape-good-sale-Germany.webp",800,800,false],"2048x2048":["https:\/\/vapestornado.com\/wp-content\/uploads\/2025\/01\/Bang-Beach-20000-puff-vape-good-sale-Germany.webp",800,800,false],"trp-custom-language-flag":["https:\/\/vapestornado.com\/wp-content\/uploads\/2025\/01\/Bang-Beach-20000-puff-vape-good-sale-Germany.webp",12,12,false],"woocommerce_thumbnail":["https:\/\/vapestornado.com\/wp-content\/uploads\/2025\/01\/Bang-Beach-20000-puff-vape-good-sale-Germany-300x300.webp",300,300,true],"woocommerce_single":["https:\/\/vapestornado.com\/wp-content\/uploads\/2025\/01\/Bang-Beach-20000-puff-vape-good-sale-Germany-600x600.webp",600,600,true],"woocommerce_gallery_thumbnail":["https:\/\/vapestornado.com\/wp-content\/uploads\/2025\/01\/Bang-Beach-20000-puff-vape-good-sale-Germany-100x100.webp",100,100,true]},"uagb_author_info":{"display_name":"ESMANDY","author_link":"https:\/\/vapestornado.com\/lt\/author\/"},"uagb_comment_info":0,"uagb_excerpt":"Bang Beach 20000 Puffs offers up to 20,000 puffs, a 35ml pre-filled e-liquid, customizable nicotine levels (0%, 2%, 3%, 5%), a 650mAh rechargeable battery, and a smart screen for tracking usage. Stylish and long-lasting vape, perfect for every vaping need. [caption id=\"attachment_2951\" align=\"alignnone\" width=\"265\"] Pls Contact Mandy's WhatsApp For Discount Price\u00a0 +8618077105796[\/caption] &nbsp;","_links":{"self":[{"href":"https:\/\/vapestornado.com\/lt\/wp-json\/wp\/v2\/product\/3690","targetHints":{"allow":["GET"]}}],"collection":[{"href":"https:\/\/vapestornado.com\/lt\/wp-json\/wp\/v2\/product"}],"about":[{"href":"https:\/\/vapestornado.com\/lt\/wp-json\/wp\/v2\/types\/product"}],"replies":[{"embeddable":true,"href":"https:\/\/vapestornado.com\/lt\/wp-json\/wp\/v2\/comments?post=3690"}],"wp:featuredmedia":[{"embeddable":true,"href":"https:\/\/vapestornado.com\/lt\/wp-json\/wp\/v2\/media\/3693"}],"wp:attachment":[{"href":"https:\/\/vapestornado.com\/lt\/wp-json\/wp\/v2\/media?parent=3690"}],"wp:term":[{"taxonomy":"product_brand","embeddable":true,"href":"https:\/\/vapestornado.com\/lt\/wp-json\/wp\/v2\/product_brand?post=3690"},{"taxonomy":"product_cat","embeddable":true,"href":"https:\/\/vapestornado.com\/lt\/wp-json\/wp\/v2\/product_cat?post=3690"},{"taxonomy":"product_tag","embeddable":true,"href":"https:\/\/vapestornado.com\/lt\/wp-json\/wp\/v2\/product_tag?post=3690"}],"curies":[{"name":"wp","href":"https:\/\/api.w.org\/{rel}","templated":true}]}}