{"id":3668,"date":"2025-01-03T09:09:38","date_gmt":"2025-01-03T09:09:38","guid":{"rendered":"https:\/\/vapestornado.com\/?post_type=product&#038;p=3668"},"modified":"2025-08-23T10:46:05","modified_gmt":"2025-08-23T10:46:05","slug":"wholesale-waspe-40000-puffs-dual-flavor-disposable-vape","status":"publish","type":"product","link":"https:\/\/vapestornado.com\/lt\/product\/wholesale-waspe-40000-puffs-dual-flavor-disposable-vape\/","title":{"rendered":"Didmenin\u0117 prekyba Waspe 40000 \u012ftraukim\u0173 vienkartiniu garintuvu su dvigubu skoniu"},"content":{"rendered":"<h1>Didmenin\u0117 prekyba Waspe 40000 \u012ftraukim\u0173 vienkartiniu garintuvu su dvigubu skoniu<\/h1>\n<p data-start=\"276\" data-end=\"565\">\u0160is <strong data-start=\"280\" data-end=\"329\">Waspe 40000 \u012ftraukim\u0173 vienkartin\u0117 elektronin\u0117 cigaret\u0117 su dvigubu skoniu<\/strong> yra sukurta didmenininkams ir ma\u017emenininkams, ie\u0161kantiems didel\u0117s talpos \u012frenginio su unikaliomis savyb\u0117mis. Si\u016blanti iki <strong data-start=\"437\" data-end=\"453\">40 000 \u012ftraukim\u0173<\/strong> ir <strong data-start=\"460\" data-end=\"482\">36 ml e-skys\u010dio talpa<\/strong>, \u0161i elektronin\u0117 cigaret\u0117 u\u017etikrina ilg\u0105 naudojim\u0105, suma\u017eindama poreik\u012f da\u017enai keisti.<\/p>\n<p data-start=\"567\" data-end=\"847\">Jo <strong data-start=\"571\" data-end=\"593\">dviej\u0173 skoni\u0173 sistema<\/strong> leid\u017eia vartotojams perjungti du skirtingus skonius viename \u012frenginyje, padidinant \u012fvairov\u0119 ir patrauklum\u0105 klientams. Apr\u016bpinta <strong data-start=\"721\" data-end=\"752\">850mAh \u012fkraunama baterija<\/strong> ir <strong data-start=\"757\" data-end=\"781\">C tipo greit\u0105j\u012f \u012fkrovim\u0105<\/strong>, Waspe 40K u\u017etikrina patikim\u0105 veikim\u0105 vis\u0105 dien\u0105.<\/p>\n<p data-start=\"849\" data-end=\"1132\">\u0160is <strong data-start=\"853\" data-end=\"874\">LED i\u0161manusis ekranas<\/strong> informuoja vartotojus apie baterijos veikimo laik\u0105 ir e-skys\u010dio lyg\u012f, o <strong data-start=\"946\" data-end=\"965\">0.9\u03a9 tinklelio rit\u0117s<\/strong> u\u017etikrina skland\u0173 gar\u0173 gamyb\u0105 ir ry\u0161k\u0173 skon\u012f. Galima \u012fsigyti <strong data-start=\"1028\" data-end=\"1060\">2% ir 5% nikotino koncentracija<\/strong>, ji tinka tiek lengvesniems vartotojams, tiek tiems, kurie m\u0117gsta stipresn\u012f sm\u016bg\u012f.<\/p>\n<p data-start=\"1134\" data-end=\"1325\">Lietuvos platintojams <strong data-start=\"1165\" data-end=\"1197\">Waspe 40000 dvigubo skonio elektronin\u0117 cigaret\u0117<\/strong> sujungia didel\u0119 talp\u0105, modern\u0173 dizain\u0105 ir <strong data-start=\"1242\" data-end=\"1275\">konkurencingos didmenin\u0117s kainos<\/strong>, tod\u0117l tai yra pelningas pasirinkimas perkant dideliais kiekiais.<\/p>\n<p><img fetchpriority=\"high\" decoding=\"async\" class=\"alignnone size-medium wp-image-4246\" src=\"https:\/\/vapestornado.com\/wp-content\/uploads\/2024\/12\/Waspe-DOUBLE-FLAVOUR-40k-Vape-Discount-Price-300x234.jpg\" alt=\"Waspe Dvigubo skonio 40k Vape nuolaidos kaina\" width=\"300\" height=\"234\" srcset=\"https:\/\/vapestornado.com\/wp-content\/uploads\/2024\/12\/Waspe-DOUBLE-FLAVOUR-40k-Vape-Discount-Price-300x234.jpg 300w, https:\/\/vapestornado.com\/wp-content\/uploads\/2024\/12\/Waspe-DOUBLE-FLAVOUR-40k-Vape-Discount-Price-1024x799.jpg 1024w, https:\/\/vapestornado.com\/wp-content\/uploads\/2024\/12\/Waspe-DOUBLE-FLAVOUR-40k-Vape-Discount-Price-768x600.jpg 768w, https:\/\/vapestornado.com\/wp-content\/uploads\/2024\/12\/Waspe-DOUBLE-FLAVOUR-40k-Vape-Discount-Price-15x12.jpg 15w, https:\/\/vapestornado.com\/wp-content\/uploads\/2024\/12\/Waspe-DOUBLE-FLAVOUR-40k-Vape-Discount-Price-600x468.jpg 600w, https:\/\/vapestornado.com\/wp-content\/uploads\/2024\/12\/Waspe-DOUBLE-FLAVOUR-40k-Vape-Discount-Price.jpg 1500w\" sizes=\"(max-width: 300px) 100vw, 300px\" \/><\/p>\n<h3>Produkto detal\u0117s<\/h3>\n<p>\u012ekv\u0117pimai: 40000 \u012fkv\u0117pim\u0173<br \/>\nDvigubas skonis<br \/>\nTinklelio rit\u0117: 0,9 omo + 0,9 omo<br \/>\nE. skystis: 36 ml<br \/>\nNikotinas: 0%\/2%\/5%<br \/>\nBaterija: 850 mah<br \/>\n\u012ekraunamas: C tipas<br \/>\nLED ekranas<br \/>\nProdukto svoris: 120 g\/vnt. Produkto dydis: 61 * 31 * 115 mm<br \/>\nKiekis: 160 vnt.\/d\u0117\u017e\u0117je, 10 vnt.\/d\u0117\u017eut\u0117je<br \/>\nBendras svoris: 20 kg<\/p>\n<h3><strong>\u201eWaspe 40000 Puffs\u201c dvigubo skonio<\/strong> Savyb\u0117s<\/h3>\n<ol>\n<li><strong>Dvigubo skonio sistema:<\/strong> M\u0117gaukit\u0117s dviem skirtingais skoniais viename \u012frenginyje, kad gautum\u0117te unikali\u0105 garinimo patirt\u012f.<\/li>\n<li><strong>Didelis \u012fkv\u0117pim\u0173 skai\u010dius:<\/strong> Viename \u012frenginyje galima \u012fkv\u0117pti iki 40 000 kart\u0173, kad b\u016bt\u0173 galima ilgiau naudoti.<\/li>\n<li><strong>\u012ekraunama baterija:<\/strong> 850 mAh talpa su C tipo greituoju \u012fkrovimu.<\/li>\n<li><strong>Didel\u0117 e. skys\u010dio talpa:<\/strong> 36 ml e. skys\u010dio u\u017etikrina nepertraukiamas garinimo sesijas.<\/li>\n<li><strong>Tinklelio rit\u0117s technologija:<\/strong> 0,9 omo rit\u0117s, skirtos sustiprintam skoniui ir \u0161velniam gar\u0173 gamybai.<\/li>\n<\/ol>\n<h3>Skoni\u0173 s\u0105ra\u0161as<\/h3>\n<ol start=\"1\" data-spread=\"false\" data-pm-slice=\"3 3 []\">\n<li>Arb\u016bz\u0173 ledas \/ Citrin\u0173 ir \u017eali\u0173j\u0173 citrin\u0173<\/li>\n<li>Gazuotas vy\u0161ni\u0173 ledas \/ M\u0117lyni\u0173 vata<\/li>\n<li>Bra\u0161ki\u0173 arb\u016bzas \/ M\u0117lyni\u0173 avie\u010di\u0173<\/li>\n<li>Red Bull ledas \/ Bra\u0161ki\u0173 mango<\/li>\n<li>Persik\u0173 ledas \/ Ananas\u0173 mango persikas<\/li>\n<li>Vynuogi\u0173 ledas \/ Bra\u0161ki\u0173 kivis<\/li>\n<li>Mi\u0161rios uogos \/ Dvigubas obuoli\u0173 ledas<\/li>\n<li>M\u0117lyni\u0173 avie\u010di\u0173 limonadas \/ Arb\u016bz\u0173 kramtomoji guma<\/li>\n<li>Bra\u0161ki\u0173 avie\u010di\u0173 vy\u0161nios \/ Meil\u0117 666<\/li>\n<li>Bra\u0161ki\u0173 bananas \/ Ananas\u0173 kokoso ledas<\/li>\n<li>Bra\u0161ki\u0173 arb\u016bz\u0173 kramtomoji guma \/ Mi\u0161r\u016bs vaisiai<\/li>\n<li>Vy\u0161ni\u0173 kolos ledas \/ Bra\u0161ki\u0173 avie\u010di\u0173 saldainiai<\/li>\n<li>R\u016bg\u0161\u010di\u0173 obuoli\u0173 avie\u010di\u0173 \/ Bra\u0161ki\u0173 didysis sprogimas<\/li>\n<li>Persik\u0173 uogos \/ Arb\u016bz\u0173 mango persikas<\/li>\n<li>M\u0117lyni\u0173 ledas \/ Juodojo drakono ledas<\/li>\n<li>Bra\u0161ki\u0173 vy\u0161nios \/ Kivi\u0173 pasiflor\u0173 gvajava<\/li>\n<\/ol>\n<h4><strong>5 geriausi skoniai<\/strong><\/h4>\n<ol start=\"1\" data-spread=\"false\">\n<li><strong>Arb\u016bz\u0173 ledas \/ Citrin\u0173 ir \u017eali\u0173j\u0173 citrin\u0173:<\/strong> Gaivinantis vasaros vaisi\u0173 pli\u016bpsnis su citrusiniu prieskoniu.<\/li>\n<li><strong>Gazuo\u010di\u0173 vy\u0161ni\u0173 ledas \/ M\u0117lyni\u0173 vata:<\/strong> Saldus ir putojantis tobulumas desert\u0173 m\u0117g\u0117jams.<\/li>\n<li><strong>Bra\u0161ki\u0173 arb\u016bzas \/ M\u0117lyni\u0173 aviet\u0117s:<\/strong> Vaisi\u0173 mi\u0161inys, kuris yra ir saldus, ir a\u0161trus.<\/li>\n<li><strong>Red Bull ledas \/ Bra\u0161ki\u0173 mangas:<\/strong> Energingas ir atogr\u0105\u017e\u0173, puikiai tinkantis energijai atgauti.<\/li>\n<li><strong>Persik\u0173 ledas \/ Ananas\u0173 mang\u0173 persikas:<\/strong> Atogr\u0105\u017e\u0173 trio su v\u0117sia, ledine apdaila.<\/li>\n<\/ol>\n<h2 data-start=\"135\" data-end=\"179\">WASPE serijos palyginimas (didmenin\u0117s prekybos vadovas)<\/h2>\n<p data-start=\"181\" data-end=\"206\"><strong data-start=\"181\" data-end=\"204\">WASPE Tornado 15000<\/strong><\/p>\n<ul data-start=\"207\" data-end=\"569\">\n<li data-start=\"207\" data-end=\"224\">\n<p data-start=\"209\" data-end=\"224\">\u012etraukimai: 15 000<\/p>\n<\/li>\n<li data-start=\"225\" data-end=\"257\">\n<p data-start=\"227\" data-end=\"257\">Baterija: 850mAh \u012fkraunama<\/p>\n<\/li>\n<li data-start=\"258\" data-end=\"285\">\n<p data-start=\"260\" data-end=\"285\">E-skys\u010dio talpa: 25ml<\/p>\n<\/li>\n<li data-start=\"286\" data-end=\"310\">\n<p data-start=\"288\" data-end=\"310\">Rit\u0117s tipas: Tinklelis 0.8\u03a9<\/p>\n<\/li>\n<li data-start=\"311\" data-end=\"382\">\n<p data-start=\"313\" data-end=\"382\">Pagrindin\u0117s savyb\u0117s: Skaitmeninis ekranas, kompakti\u0161kas dizainas, Type-C greitas \u012fkrovimas<\/p>\n<\/li>\n<li data-start=\"383\" data-end=\"419\">\n<p data-start=\"385\" data-end=\"419\">Nikotino pasirinkimai: 0%, 2%, 3%, 5%<\/p>\n<\/li>\n<li data-start=\"420\" data-end=\"499\">\n<p data-start=\"422\" data-end=\"499\">Tiksliniai klientai: Pradedantieji naudotojai, ma\u017emenininkai, ie\u0161kantys \u012fperkamos produkcijos<\/p>\n<\/li>\n<li data-start=\"500\" data-end=\"569\">\n<p data-start=\"502\" data-end=\"569\">Didmenin\u0117s prekybos rakta\u017eod\u017eiai: Waspe 15K vienkartinis garintuvas, didmenin\u0117 prekyba garinimo ra\u0161ikliais<\/p>\n<\/li>\n<\/ul>\n<hr data-start=\"571\" data-end=\"574\" \/>\n<p data-start=\"576\" data-end=\"601\"><strong data-start=\"576\" data-end=\"599\">WASPE 25000 Skaitmeninis<\/strong><\/p>\n<ul data-start=\"602\" data-end=\"1000\">\n<li data-start=\"602\" data-end=\"619\">\n<p data-start=\"604\" data-end=\"619\">P\u016btimai: 25 000<\/p>\n<\/li>\n<li data-start=\"620\" data-end=\"652\">\n<p data-start=\"622\" data-end=\"652\">Baterija: 850mAh \u012fkraunama<\/p>\n<\/li>\n<li data-start=\"653\" data-end=\"680\">\n<p data-start=\"655\" data-end=\"680\">E-skys\u010dio talpa: 28 ml<\/p>\n<\/li>\n<li data-start=\"681\" data-end=\"705\">\n<p data-start=\"683\" data-end=\"705\">Rit\u0117s tipas: Tinklelis 1.0\u03a9<\/p>\n<\/li>\n<li data-start=\"706\" data-end=\"794\">\n<p data-start=\"708\" data-end=\"794\">Pagrindin\u0117s savyb\u0117s: I\u0161manusis LED ekranas, dviej\u0173 skoni\u0173 jungiklis, ekologi\u0161kas \u012fkraunamas dizainas<\/p>\n<\/li>\n<li data-start=\"795\" data-end=\"831\">\n<p data-start=\"797\" data-end=\"831\">Nikotino pasirinkimai: 0%, 2%, 3%, 5%<\/p>\n<\/li>\n<li data-start=\"832\" data-end=\"919\">\n<p data-start=\"834\" data-end=\"919\">Tiksliniai klientai: Ma\u017emenininkai, orientuoti \u012f vidutin\u0117s klas\u0117s pirk\u0117jus, platintojai Lietuvoje<\/p>\n<\/li>\n<li data-start=\"920\" data-end=\"1000\">\n<p data-start=\"922\" data-end=\"1000\">Didmenin\u0117s prekybos rakta\u017eod\u017eiai: Waspe 25K skaitmeninis garintuvas, dviej\u0173 skoni\u0173 vienkartini\u0173 garintuv\u0173 didmenin\u0117 prekyba<\/p>\n<\/li>\n<\/ul>\n<hr data-start=\"1002\" data-end=\"1005\" \/>\n<p data-start=\"1007\" data-end=\"1042\"><strong data-start=\"1007\" data-end=\"1040\">WASPE FIHP 30000 I\u0161manus ekranas<\/strong><\/p>\n<ul data-start=\"1043\" data-end=\"1431\">\n<li data-start=\"1043\" data-end=\"1060\">\n<p data-start=\"1045\" data-end=\"1060\">P\u016btimai: 30 000<\/p>\n<\/li>\n<li data-start=\"1061\" data-end=\"1093\">\n<p data-start=\"1063\" data-end=\"1093\">Baterija: 850mAh \u012fkraunama<\/p>\n<\/li>\n<li data-start=\"1094\" data-end=\"1121\">\n<p data-start=\"1096\" data-end=\"1121\">E-skys\u010dio talpa: 28 ml<\/p>\n<\/li>\n<li data-start=\"1122\" data-end=\"1158\">\n<p data-start=\"1124\" data-end=\"1158\">Rit\u0117s tipas: Dvigubas tinklelis 1.0\u03a9 + 1.0\u03a9<\/p>\n<\/li>\n<li data-start=\"1159\" data-end=\"1246\">\n<p data-start=\"1161\" data-end=\"1246\">Pagrindin\u0117s savyb\u0117s: I\u0161manusis ekranas, du garinimo re\u017eimai (\u012fprastas<\/p>\n<\/li>\n<li data-start=\"1247\" data-end=\"1275\">\n<p data-start=\"1249\" data-end=\"1275\">Nikotino pasirinkimai: 2%, 5%<\/p>\n<\/li>\n<li data-start=\"1276\" data-end=\"1352\">\n<p data-start=\"1278\" data-end=\"1352\">Tiksliniai klientai: Parduotuv\u0117s, orientuotos \u012f auk\u0161\u010diausios kokyb\u0117s produktus, skonio entuziastai<\/p>\n<\/li>\n<li data-start=\"1353\" data-end=\"1431\">\n<p data-start=\"1355\" data-end=\"1431\">Didmenin\u0117s prekybos rakta\u017eod\u017eiai: Waspe FIHP 30K garintuvas, i\u0161manaus ekrano vienkartini\u0173 garintuv\u0173 didmenin\u0117 prekyba<\/p>\n<\/li>\n<\/ul>\n<hr data-start=\"1433\" data-end=\"1436\" \/>\n<p data-start=\"1438\" data-end=\"1467\"><strong data-start=\"1438\" data-end=\"1465\">WASPE 40000 Dviguba skoni\u0173 \u012fvairov\u0117<\/strong><\/p>\n<ul data-start=\"1468\" data-end=\"1847\">\n<li data-start=\"1468\" data-end=\"1485\">\n<p data-start=\"1470\" data-end=\"1485\">P\u016btimai: 40 000<\/p>\n<\/li>\n<li data-start=\"1486\" data-end=\"1518\">\n<p data-start=\"1488\" data-end=\"1518\">Baterija: 850mAh \u012fkraunama<\/p>\n<\/li>\n<li data-start=\"1519\" data-end=\"1546\">\n<p data-start=\"1521\" data-end=\"1546\">E-skys\u010dio talpa: 36 ml<\/p>\n<\/li>\n<li data-start=\"1547\" data-end=\"1576\">\n<p data-start=\"1549\" data-end=\"1576\">Kitos rit\u0117s tipas: Dviguba tinklelio 0.9\u03a9<\/p>\n<\/li>\n<li data-start=\"1577\" data-end=\"1655\">\n<p data-start=\"1579\" data-end=\"1655\">Pagrindin\u0117s savyb\u0117s: Dvigubo skonio sistema, LED i\u0161manusis ekranas, ilgaam\u017e\u0117 talpa<\/p>\n<\/li>\n<li data-start=\"1656\" data-end=\"1684\">\n<p data-start=\"1658\" data-end=\"1684\">Nikotino pasirinkimai: 2%, 5%<\/p>\n<\/li>\n<li data-start=\"1685\" data-end=\"1762\">\n<p data-start=\"1687\" data-end=\"1762\">Tiksliniai klientai: Da\u017enai naudojantys, platintojai, ie\u0161kantys ilgai veikian\u010di\u0173 prietais\u0173<\/p>\n<\/li>\n<li data-start=\"1763\" data-end=\"1847\">\n<p data-start=\"1765\" data-end=\"1847\">Didmenin\u0117s prekybos rakta\u017eod\u017eiai: Waspe 40K dvigubo skonio vape, didmenin\u0117 prekyba vienkartiniais vape prietaisais Lietuvoje<\/p>\n<\/li>\n<\/ul>\n<h3 data-pm-slice=\"1 3 []\"><strong>DUK<\/strong><\/h3>\n<ol start=\"1\" data-spread=\"true\">\n<li><strong>Kiek laiko tarnauja \u201eWaspe 40000 Puffs\u201c vienkartinis garintuvas?<\/strong> Iki 40 000 \u012ftraukim\u0173, jis gali tarnauti savaites ar net m\u0117nesius, priklausomai nuo naudojimo.<\/li>\n<li><strong>Ar \u201eWaspe 40000 Puffs\u201c vienkartinis garintuvas yra \u012fkraunamas?<\/strong> Taip, jame yra 850 mAh \u012fkraunama baterija su C tipo \u012fkrovimo prievadu.<\/li>\n<li><strong>Kokie yra galimi nikotino lygiai?<\/strong> Pasirinkite 0%, 2% arba 5% nikotino kiek\u012f, kad atitikt\u0173 j\u016bs\u0173 poreikius.<\/li>\n<li><strong>Ar \u012frenginys palaiko dvigubus skonius?<\/strong> Taip, jis tiekiamas su dvigubo skonio sistema, kad pagerint\u0173 garinimo patirt\u012f.<\/li>\n<li><strong>Kuo i\u0161siskiria \u201eWaspe 40000 Puffs\u201c?<\/strong> J\u012f i\u0161skiria didelis \u012ftraukim\u0173 skai\u010dius, dvigubi skoniai, \u012fkraunama baterija ir auk\u0161\u010diausios kokyb\u0117s konstrukcija.<\/li>\n<\/ol>\n<h4>WASPE 40000 Dvigubo skonio vape didmenin\u0117 prekyba Susisiekite ir gaukite nuolaid\u0105 dabar!<a href=\"https:\/\/wa.me\/8618077105750\" target=\"_blank\" rel=\"noopener\">+8618077105750<\/a><\/h4>\n<p><img decoding=\"async\" class=\"size-large wp-image-2921\" src=\"https:\/\/vapestornado.com\/wp-content\/uploads\/2024\/11\/20062b3a285f900e79520aad496b94d-887x1024.jpg\" alt=\"vapestornado Vicky\" width=\"887\" height=\"1024\" srcset=\"https:\/\/vapestornado.com\/wp-content\/uploads\/2024\/11\/20062b3a285f900e79520aad496b94d-887x1024.jpg 887w, https:\/\/vapestornado.com\/wp-content\/uploads\/2024\/11\/20062b3a285f900e79520aad496b94d-260x300.jpg 260w, https:\/\/vapestornado.com\/wp-content\/uploads\/2024\/11\/20062b3a285f900e79520aad496b94d-768x887.jpg 768w, https:\/\/vapestornado.com\/wp-content\/uploads\/2024\/11\/20062b3a285f900e79520aad496b94d-600x693.jpg 600w, https:\/\/vapestornado.com\/wp-content\/uploads\/2024\/11\/20062b3a285f900e79520aad496b94d.jpg 1080w\" sizes=\"(max-width: 887px) 100vw, 887px\" \/><\/p>","protected":false},"excerpt":{"rendered":"<p data-start=\"1365\" data-end=\"1535\">\u0160is <strong data-start=\"1369\" data-end=\"1395\">Waspe 40000 \u012ftraukim\u0173 elektronin\u0117 cigaret\u0117<\/strong> si\u016blo dvigubus skonius, 36 ml talp\u0105 ir i\u0161man\u0173j\u012f LED ekran\u0105. Ilgai veikiantis, \u012fkraunamas pasirinkimas <strong data-start=\"1496\" data-end=\"1532\">didmenin\u0117s prekybos garintuv\u0173 rinkoms Europoje<\/strong>.<\/p>\n<p><strong><span style=\"color: #ff0000;\">(\u012f m\u016bs\u0173 svetain\u0117s kain\u0105 ne\u012fskai\u010diuotas pristatymo mokestis, susisiekite su manimi, kad gautum\u0117te vis\u0105 kain\u0105 ir savo nuolaid\u0105!)<\/span><\/strong><\/p>\n<p><img decoding=\"async\" class=\"size-medium wp-image-2921\" src=\"https:\/\/vapestornado.com\/wp-content\/uploads\/2024\/11\/20062b3a285f900e79520aad496b94d-260x300.jpg\" alt=\"vapestornado Vicky\" width=\"260\" height=\"300\" srcset=\"https:\/\/vapestornado.com\/wp-content\/uploads\/2024\/11\/20062b3a285f900e79520aad496b94d-260x300.jpg 260w, https:\/\/vapestornado.com\/wp-content\/uploads\/2024\/11\/20062b3a285f900e79520aad496b94d-887x1024.jpg 887w, https:\/\/vapestornado.com\/wp-content\/uploads\/2024\/11\/20062b3a285f900e79520aad496b94d-768x887.jpg 768w, https:\/\/vapestornado.com\/wp-content\/uploads\/2024\/11\/20062b3a285f900e79520aad496b94d-600x693.jpg 600w, https:\/\/vapestornado.com\/wp-content\/uploads\/2024\/11\/20062b3a285f900e79520aad496b94d.jpg 1080w\" sizes=\"(max-width: 260px) 100vw, 260px\" \/><\/p>","protected":false},"featured_media":4245,"comment_status":"open","ping_status":"closed","template":"","meta":{"_acf_changed":false,"_uag_custom_page_level_css":"","_lmt_disableupdate":"no","_lmt_disable":"","_monsterinsights_skip_tracking":false,"_monsterinsights_sitenote_active":false,"_monsterinsights_sitenote_note":"","_monsterinsights_sitenote_category":0,"site-sidebar-layout":"default","site-content-layout":"","ast-site-content-layout":"default","site-content-style":"default","site-sidebar-style":"default","ast-global-header-display":"","ast-banner-title-visibility":"","ast-main-header-display":"","ast-hfb-above-header-display":"","ast-hfb-below-header-display":"","ast-hfb-mobile-header-display":"","site-post-title":"","ast-breadcrumbs-content":"","ast-featured-img":"","footer-sml-layout":"","ast-disable-related-posts":"","theme-transparent-header-meta":"default","adv-header-id-meta":"","stick-header-meta":"","header-above-stick-meta":"","header-main-stick-meta":"","header-below-stick-meta":"","astra-migrate-meta-layouts":"set","ast-page-background-enabled":"default","ast-page-background-meta":{"desktop":{"background-color":"","background-image":"","background-repeat":"repeat","background-position":"center center","background-size":"auto","background-attachment":"scroll","background-type":"","background-media":"","overlay-type":"","overlay-color":"","overlay-opacity":"","overlay-gradient":""},"tablet":{"background-color":"","background-image":"","background-repeat":"repeat","background-position":"center center","background-size":"auto","background-attachment":"scroll","background-type":"","background-media":"","overlay-type":"","overlay-color":"","overlay-opacity":"","overlay-gradient":""},"mobile":{"background-color":"","background-image":"","background-repeat":"repeat","background-position":"center center","background-size":"auto","background-attachment":"scroll","background-type":"","background-media":"","overlay-type":"","overlay-color":"","overlay-opacity":"","overlay-gradient":""}},"ast-content-background-meta":{"desktop":{"background-color":"var(--ast-global-color-5)","background-image":"","background-repeat":"repeat","background-position":"center center","background-size":"auto","background-attachment":"scroll","background-type":"","background-media":"","overlay-type":"","overlay-color":"","overlay-opacity":"","overlay-gradient":""},"tablet":{"background-color":"var(--ast-global-color-5)","background-image":"","background-repeat":"repeat","background-position":"center center","background-size":"auto","background-attachment":"scroll","background-type":"","background-media":"","overlay-type":"","overlay-color":"","overlay-opacity":"","overlay-gradient":""},"mobile":{"background-color":"var(--ast-global-color-5)","background-image":"","background-repeat":"repeat","background-position":"center center","background-size":"auto","background-attachment":"scroll","background-type":"","background-media":"","overlay-type":"","overlay-color":"","overlay-opacity":"","overlay-gradient":""}},"_joinchat":{"telephone":"+8618077105750"}},"product_brand":[],"product_cat":[140,65,152,154,155,158,160,143,60],"product_tag":[],"class_list":{"0":"post-3668","1":"product","2":"type-product","3":"status-publish","4":"has-post-thumbnail","6":"product_cat-big-puffs-disposable-vapes","7":"product_cat-40000-puff","8":"product_cat-buy-disposable-vapes-in-cermany","9":"product_cat-buy-disposable-vapes-in-netherlands","10":"product_cat-buy-disposable-vapes-in-norway","11":"product_cat-buy-disposable-vapes-in-spain","12":"product_cat-buy-disposable-vapes-in-switzerland","13":"product_cat-dual-mesh-disposable-vapes","14":"product_cat-waspe-fihp-vape","15":"desktop-align-left","16":"tablet-align-left","17":"mobile-align-left","19":"first","20":"instock","21":"sale","22":"shipping-taxable","23":"purchasable","24":"product-type-simple"},"acf":[],"uagb_featured_image_src":{"full":["https:\/\/vapestornado.com\/wp-content\/uploads\/2024\/12\/Waspe-DOUBLE-FLAVOUR-40k-Vape-Cheap-Price.jpg",1500,1500,false],"thumbnail":["https:\/\/vapestornado.com\/wp-content\/uploads\/2024\/12\/Waspe-DOUBLE-FLAVOUR-40k-Vape-Cheap-Price-150x150.jpg",150,150,true],"medium":["https:\/\/vapestornado.com\/wp-content\/uploads\/2024\/12\/Waspe-DOUBLE-FLAVOUR-40k-Vape-Cheap-Price-300x300.jpg",300,300,true],"medium_large":["https:\/\/vapestornado.com\/wp-content\/uploads\/2024\/12\/Waspe-DOUBLE-FLAVOUR-40k-Vape-Cheap-Price-768x768.jpg",768,768,true],"large":["https:\/\/vapestornado.com\/wp-content\/uploads\/2024\/12\/Waspe-DOUBLE-FLAVOUR-40k-Vape-Cheap-Price-1024x1024.jpg",1024,1024,true],"1536x1536":["https:\/\/vapestornado.com\/wp-content\/uploads\/2024\/12\/Waspe-DOUBLE-FLAVOUR-40k-Vape-Cheap-Price.jpg",1500,1500,false],"2048x2048":["https:\/\/vapestornado.com\/wp-content\/uploads\/2024\/12\/Waspe-DOUBLE-FLAVOUR-40k-Vape-Cheap-Price.jpg",1500,1500,false],"trp-custom-language-flag":["https:\/\/vapestornado.com\/wp-content\/uploads\/2024\/12\/Waspe-DOUBLE-FLAVOUR-40k-Vape-Cheap-Price-12x12.jpg",12,12,true],"woocommerce_thumbnail":["https:\/\/vapestornado.com\/wp-content\/uploads\/2024\/12\/Waspe-DOUBLE-FLAVOUR-40k-Vape-Cheap-Price-300x300.jpg",300,300,true],"woocommerce_single":["https:\/\/vapestornado.com\/wp-content\/uploads\/2024\/12\/Waspe-DOUBLE-FLAVOUR-40k-Vape-Cheap-Price-600x600.jpg",600,600,true],"woocommerce_gallery_thumbnail":["https:\/\/vapestornado.com\/wp-content\/uploads\/2024\/12\/Waspe-DOUBLE-FLAVOUR-40k-Vape-Cheap-Price-100x100.jpg",100,100,true]},"uagb_author_info":{"display_name":"ESvicky","author_link":"https:\/\/vapestornado.com\/lt\/author\/"},"uagb_comment_info":0,"uagb_excerpt":"The Waspe 40000 Puffs Vape offers dual flavors, 36ml capacity, and a smart LED screen. A long-lasting, rechargeable choice for wholesale vape markets in Europe. (our website price not include shipping cost, please contact me to get whole price and your disccount!)","_links":{"self":[{"href":"https:\/\/vapestornado.com\/lt\/wp-json\/wp\/v2\/product\/3668","targetHints":{"allow":["GET"]}}],"collection":[{"href":"https:\/\/vapestornado.com\/lt\/wp-json\/wp\/v2\/product"}],"about":[{"href":"https:\/\/vapestornado.com\/lt\/wp-json\/wp\/v2\/types\/product"}],"replies":[{"embeddable":true,"href":"https:\/\/vapestornado.com\/lt\/wp-json\/wp\/v2\/comments?post=3668"}],"wp:featuredmedia":[{"embeddable":true,"href":"https:\/\/vapestornado.com\/lt\/wp-json\/wp\/v2\/media\/4245"}],"wp:attachment":[{"href":"https:\/\/vapestornado.com\/lt\/wp-json\/wp\/v2\/media?parent=3668"}],"wp:term":[{"taxonomy":"product_brand","embeddable":true,"href":"https:\/\/vapestornado.com\/lt\/wp-json\/wp\/v2\/product_brand?post=3668"},{"taxonomy":"product_cat","embeddable":true,"href":"https:\/\/vapestornado.com\/lt\/wp-json\/wp\/v2\/product_cat?post=3668"},{"taxonomy":"product_tag","embeddable":true,"href":"https:\/\/vapestornado.com\/lt\/wp-json\/wp\/v2\/product_tag?post=3668"}],"curies":[{"name":"wp","href":"https:\/\/api.w.org\/{rel}","templated":true}]}}