{"id":3661,"date":"2025-01-03T08:52:12","date_gmt":"2025-01-03T08:52:12","guid":{"rendered":"https:\/\/vapestornado.com\/?post_type=product&#038;p=3661"},"modified":"2025-08-23T09:37:36","modified_gmt":"2025-08-23T09:37:36","slug":"cheap-price-razz-bar-25000-puffs-wholesale-vape","status":"publish","type":"product","link":"https:\/\/vapestornado.com\/lt\/product\/cheap-price-razz-bar-25000-puffs-wholesale-vape\/","title":{"rendered":"Pigi kaina RAZZ BAR 25000 \u012ftraukim\u0173 didmenin\u0117 prekyba vape"},"content":{"rendered":"<h1>Pigi kaina RAZZ BAR 25000 \u012ftraukim\u0173 didmenin\u0117 prekyba vape<\/h1>\n<div role=\"article\" data-tabster=\"{&quot;groupper&quot;:{&quot;tabbability&quot;:2},&quot;focusable&quot;:{}}\" data-content=\"ai-message\" aria-labelledby=\"64JRvXrTnY7mRmPkEQLLT-author 64JRvXrTnY7mRmPkEQLLT-content\">\n<div id=\"64JRvXrTnY7mRmPkEQLLT-content\">\n<div role=\"article\" data-tabster=\"{&quot;groupper&quot;:{&quot;tabbability&quot;:2},&quot;focusable&quot;:{}}\" data-content=\"ai-message\" aria-labelledby=\"64JRvXrTnY7mRmPkEQLLT-author 64JRvXrTnY7mRmPkEQLLT-content\">\n<div id=\"64JRvXrTnY7mRmPkEQLLT-content\">\n<p>\u0160is <strong>RAZZ BAR 25000 \u012ftraukim\u0173 vienkartinis vape<\/strong> yra esminis dalykas tiek vapinimo entuziastams, tiek didmenininkams. Sukurtas su naujov\u0117mis, \u0161is didel\u0117s talpos \u012frenginys si\u016blo skland\u0173 kokyb\u0117s, stiliaus ir prieinamumo derin\u012f. Su \u012fsp\u016bdingu <strong>25 000 \u012ftraukim\u0173 skai\u010diumi<\/strong>jis garantuoja ilgalaik\u012f malonum\u0105, tod\u0117l puikiai tinka tiems, kurie ie\u0161ko ilgalaik\u0117s vert\u0117s.<\/p>\n<p>Kiekviename \u012frenginyje yra <strong>650mAh \u012fkraunama baterija<\/strong>, papildyta greita ir patikima <strong>C tipo \u012fkrovimo technologija<\/strong>, u\u017etikrinanti, kad b\u016bsite \u012fkrauti, kad ir kur eitum\u0117te. Jo <strong>tinklelio rit\u0117s technologija<\/strong> sustiprina kiekvien\u0105 skon\u012f, suteikdamas \u0161velnius, tankius debesis, kurie padidina j\u016bs\u0173 vapinimo pasitenkinim\u0105.<\/p>\n<p>Galima \u012fsigyti <strong>16 nenugalim\u0173 skoni\u0173<\/strong> ir \u012fdarytas su <strong>2% arba 5% druskos nikotinu<\/strong>, RAZZ BAR patenkina \u012fvairius skonio pageidavimus. D\u0117l lengvo ir ne\u0161iojamo dizaino jis idealiai tinka tiek atsitiktiniams vartotojams, tiek \u012fsipareigojusiems vaperiams.<\/p>\n<p>\u012emon\u0117ms RAZZ BAR yra didmenin\u0117 svajon\u0117, supakuota \u012f <strong>200 vienet\u0173 d\u0117\u017eut\u0117je<\/strong> efektyviam didmeniniam platinimui. D\u0117l konkurencingos kainos ir auk\u0161\u010diausios kokyb\u0117s funkcij\u0173 \u0161is produktas yra b\u016btinas norint i\u0161pl\u0117sti savo inventori\u0173.<\/p>\n<p>Patobulinkite savo vapinimo \u017eaidim\u0105 arba papildykite savo lentynas su <strong>RAZZ BAR 25000 \u012ftraukim\u0173<\/strong>, puikus na\u0161umo ir prieinamumo balansas. Nepraleiskite progos pasi\u016blyti produkt\u0105, kuris i\u0161 naujo apibr\u0117\u017eia vienkartini\u0173 gar\u0173 rink\u0105!<\/p>\n<\/div>\n<\/div>\n<figure id=\"attachment_3686\" aria-describedby=\"caption-attachment-3686\" style=\"width: 531px\" class=\"wp-caption alignnone\"><img fetchpriority=\"high\" decoding=\"async\" class=\"wp-image-3686\" src=\"https:\/\/vapestornado.com\/wp-content\/uploads\/2025\/01\/RAZZ-BAR-25000-Puffs-Lemon-Lime.webp\" alt=\"RAZZ BAR 25000 \u012ftraukim\u0173 Citrina ir \u017ealia citrina\" width=\"531\" height=\"531\" srcset=\"https:\/\/vapestornado.com\/wp-content\/uploads\/2025\/01\/RAZZ-BAR-25000-Puffs-Lemon-Lime.webp 800w, https:\/\/vapestornado.com\/wp-content\/uploads\/2025\/01\/RAZZ-BAR-25000-Puffs-Lemon-Lime-300x300.webp 300w, https:\/\/vapestornado.com\/wp-content\/uploads\/2025\/01\/RAZZ-BAR-25000-Puffs-Lemon-Lime-150x150.webp 150w, https:\/\/vapestornado.com\/wp-content\/uploads\/2025\/01\/RAZZ-BAR-25000-Puffs-Lemon-Lime-768x768.webp 768w, https:\/\/vapestornado.com\/wp-content\/uploads\/2025\/01\/RAZZ-BAR-25000-Puffs-Lemon-Lime-600x600.webp 600w, https:\/\/vapestornado.com\/wp-content\/uploads\/2025\/01\/RAZZ-BAR-25000-Puffs-Lemon-Lime-100x100.webp 100w\" sizes=\"(max-width: 531px) 100vw, 531px\" \/><figcaption id=\"caption-attachment-3686\" class=\"wp-caption-text\">RAZZ BAR 25000 \u012ftraukim\u0173 Citrina ir \u017ealia citrina<\/figcaption><\/figure>\n<\/div>\n<\/div>\n<p><img decoding=\"async\" class=\"alignleft wp-image-2951 size-medium\" src=\"https:\/\/vapestornado.com\/wp-content\/uploads\/2024\/12\/Wholesale-Disposable-Vape-265x300.jpg\" alt=\"Didmenin\u0117 prekyba vienkartiniais garintuvais\" width=\"265\" height=\"300\" srcset=\"https:\/\/vapestornado.com\/wp-content\/uploads\/2024\/12\/Wholesale-Disposable-Vape-265x300.jpg 265w, https:\/\/vapestornado.com\/wp-content\/uploads\/2024\/12\/Wholesale-Disposable-Vape-768x871.jpg 768w, https:\/\/vapestornado.com\/wp-content\/uploads\/2024\/12\/Wholesale-Disposable-Vape-600x680.jpg 600w, https:\/\/vapestornado.com\/wp-content\/uploads\/2024\/12\/Wholesale-Disposable-Vape.jpg 823w\" sizes=\"(max-width: 265px) 100vw, 265px\" \/><\/p>\n<h5>Pra\u0161ome susisiekti su Mandy per \u201eWhatsApp\u201c d\u0117l nuolaidos kainos<a href=\"https:\/\/wa.me\/8618077105796\" target=\"_blank\" rel=\"noopener\">+8618077105796<\/a><\/h5>\n<div class=\"flex max-w-full flex-col flex-grow\">\n<div class=\"min-h-8 text-message flex w-full flex-col items-end gap-2 whitespace-normal break-words text-start [.text-message+&amp;]:mt-5\" dir=\"auto\" data-message-author-role=\"assistant\" data-message-id=\"cdb991c0-f594-4bff-b2d5-fbbdd7ce9e54\" data-message-model-slug=\"gpt-4o-mini\">\n<div class=\"flex w-full flex-col gap-1 empty:hidden first:pt-[3px]\">\n<div class=\"markdown prose w-full break-words dark:prose-invert light\"><\/div>\n<\/div>\n<\/div>\n<\/div>\n<div class=\"mb-2 flex gap-3 empty:hidden -ml-2\">\n<h2>Razz bar 25000 \u012ftraukim\u0173 garintuv\u0173 pagrindin\u0117s savyb\u0117s:<\/h2>\n<ul>\n<li><strong>Nikotino stiprumas:<\/strong> Galima \u012fsigyti su 2% ir 5% druskos nikotinu, kad garinimo patirtis b\u016bt\u0173 pritaikyta individualiems poreikiams.<\/li>\n<li><strong>\u012etraukim\u0173 skai\u010dius:<\/strong> Iki <strong>25 000 \u012fp\u016btim\u0173<\/strong>, u\u017etikrinantis neprilygstam\u0105 ilgaam\u017ei\u0161kum\u0105.<\/li>\n<li><strong>Skoniai:<\/strong> Rinkit\u0117s i\u0161 <strong>16 auk\u0161\u010diausios kokyb\u0117s skoni\u0173<\/strong>, kiekvienas sukurtas maksimaliam pasitenkinimui.<\/li>\n<li><strong>Baterija:<\/strong> <strong>650mAh \u012fkraunama baterija<\/strong> su efektyviu <strong>C tipo greit\u0105j\u012f \u012fkrovim\u0105<\/strong> nepertraukiamam naudojimui.<\/li>\n<li><strong>Technologija:<\/strong> Integruota <strong>tinklelio rit\u0117s technologija<\/strong> u\u017etikrina nuoseklius, \u0161velnius garus ir intensyv\u0173 skon\u012f.<\/li>\n<li><strong>Pakuot\u0117:<\/strong> Patogiai supakuota su <strong>200 vienet\u0173 d\u0117\u017eut\u0117je<\/strong> dideliems u\u017esakymams.<\/li>\n<\/ul>\n<\/div>\n<h2>RAZZBAR 25000 \u012ekv\u0117pim\u0173 Kar\u0161to Pardavimo Vape Pod Skoniai:<\/h2>\n<p>1. Sulting\u0173 persik\u0173 ledas<br \/>\n2. Bra\u0161ki\u0173 bananas<br \/>\n3. Red Bull vynuog\u0117s<br \/>\n4. M\u0117lyni\u0173 ledas<br \/>\n5. Arb\u016bz\u0173 ledas<br \/>\n6. Sodrus ledas<br \/>\n7. Atogr\u0105\u017e\u0173 vaisiai<br \/>\n8. Bra\u0161ki\u0173 kivis<br \/>\n9. Bra\u0161ki\u0173 ledas<br \/>\n10. Mi\u0161rios uogos<br \/>\n11. Bra\u0161ki\u0173, avie\u010di\u0173 ir vy\u0161ni\u0173 ledai<br \/>\n12. Meil\u0117 66<br \/>\n13. Juodojo drakono ledas<br \/>\n14. Citrina ir \u017eali\u0173j\u0173 citrin\u0173<br \/>\n15. M\u0117lyni\u0173 r\u016bg\u0161\u010diosios aviet\u0117s<br \/>\n16. Bra\u0161ki\u0173 arb\u016bz\u0173 kramtomoji guma<\/p>\n<div role=\"article\" data-tabster=\"{&quot;groupper&quot;:{&quot;tabbability&quot;:2},&quot;focusable&quot;:{}}\" data-content=\"ai-message\" aria-labelledby=\"dARUyEWDoEYhnSPXFwx5A-author dARUyEWDoEYhnSPXFwx5A-content\">\n<div id=\"dARUyEWDoEYhnSPXFwx5A-content\">\n<h2>Kod\u0117l verta rinktis RAZZ BAR 25000 \u012ftraukim\u0173? <strong>\u00a0<\/strong>at <a href=\"https:\/\/vapestornado.com\/lt\/product\/bang-box-35k-puffs-high-capacity-long-lasting-disposable-vape\/\">vapestornado.com?<\/a><\/h2>\n<h4><strong>*Neprilygstamas ilgaam\u017ei\u0161kumas<\/strong><\/h4>\n<p>\u0160is <strong>RAZZ BAR 25000 \u012ftraukim\u0173<\/strong> yra sukurtas i\u0161tvermei, u\u017etikrinantis iki <strong>25 000 \u012fp\u016btim\u0173<\/strong> vienam \u012frenginiui. Tai yra geriausias pasirinkimas garintojams, kurie teikia pirmenyb\u0119 ilgalaikiam veikimui be nuolatinio keitimo.<\/p>\n<h4><strong>*Auk\u0161\u010diausia kokyb\u0117 konkurencingomis kainomis<\/strong><\/h4>\n<p>At <strong>vapestornado.com<\/strong>, mes si\u016blome RAZZ BAR neprilygstamomis didmenin\u0117mis kainomis, tod\u0117l tai yra ekonomi\u0161kai efektyvus pasirinkimas tiek ma\u017emenininkams, tiek individualiems pirk\u0117jams. M\u0117gaukit\u0117s auk\u0161\u010diausios kokyb\u0117s garinimo technologija nepa\u017eeisdami banko.<\/p>\n<h4><strong>*\u012evair\u016bs skoni\u0173 pasirinkimai<\/strong><\/h4>\n<p>Su <strong>16 ry\u0161ki\u0173 skoni\u0173<\/strong> yra kiekvienam. Nuo vaisi\u0173 mi\u0161ini\u0173 iki gaivinan\u010dio mentolio \u2013 kiekvienas skonis sukurtas taip, kad suteikt\u0173 sodri\u0105 ir maloni\u0105 patirt\u012f.<\/p>\n<h4><strong>*Pa\u017eangios funkcijos<\/strong><\/h4>\n<p>\u0160is <strong>650mAh \u012fkraunama baterija<\/strong>, kartu su <strong>C tipo greit\u0105j\u012f \u012fkrovim\u0105<\/strong> ir <strong>tinklelio rit\u0117s technologija<\/strong>, u\u017etikrina nuosekl\u0173 veikim\u0105, skland\u0173 gar\u0173 gamyb\u0105 ir ry\u0161k\u0173 skon\u012f kiekvienu \u012ftraukimu.<\/p>\n<h4><strong>*Patikimas didmenin\u0117s prekybos partneris<\/strong><\/h4>\n<p>vapestornado.com yra patikimas tiek\u0117jas garinimo pramon\u0117je, si\u016blantis <strong>saugiomis transakcijomis<\/strong>, <strong>greit\u0105 pristatym\u0105<\/strong>ir specializuot\u0105 klient\u0173 aptarnavim\u0105. Su didel\u0117mis pakuot\u0117mis <strong>200 vienet\u0173 d\u0117\u017eut\u0117je<\/strong>atsarg\u0173 papildymas dar niekada nebuvo toks paprastas.<\/p>\n<h4><strong>*Ekologi\u0161kas dizainas<\/strong><\/h4>\n<p>RAZZ BAR pasi\u017eymi \u012fkraunama technologija, ma\u017einan\u010dia atliek\u0173 kiek\u012f ir palaikan\u010dia tvaresn\u012f garinimo gyvenimo b\u016bd\u0105.<\/p>\n<p>Pasirinkite <strong>RAZZ BAR 25000 \u012ftraukim\u0173<\/strong> at <strong>vapestornado.com<\/strong> auk\u0161\u010diausios kokyb\u0117s garinimo sprendim\u0105, kuris suteikia i\u0161skirtin\u0119 vert\u0119, inovacijas ir skon\u012f kiekviename \u012fkv\u0117pime!<\/p>\n<\/div>\n<\/div>\n<h2>DUK apie RAZZ BAR VAPE 25000 \u012fkv\u0117pim\u0173<\/h2>\n<p><strong>1. Kiek ilgai tarnauja RAZZ BAR 25000 \u012fkv\u0117pim\u0173?<\/strong><br \/>\nRAZZ BAR 25000 \u012fkv\u0117pim\u0173 suteikia iki 25 000 \u012fkv\u0117pim\u0173, tod\u0117l tai yra vienas i\u0161 patvariausi\u0173 vienkartini\u0173 garintuv\u0173. Jo ilgaam\u017ei\u0161kumas priklauso nuo individuali\u0173 naudojimo \u012fpro\u010di\u0173, bet paprastai trunka kelias savaites ar net m\u0117nesius saikingai naudojantiems.<\/p>\n<p><strong>2. Ar galiu \u012fkrauti RAZZ BAR 25000 \u012fkv\u0117pim\u0173 kelis kartus?<\/strong><br \/>\nTaip, RAZZ BAR yra \u012frengtas 650 mAh \u012fkraunama baterija, kuri\u0105 galima \u012fkrauti kelis kartus. Jis sukurtas taip, kad u\u017etikrint\u0173 nuosekl\u0173 veikim\u0105 vis\u0105 jo gyvavimo laikotarp\u012f, tod\u0117l galite j\u012f naudoti tol, kol e-skystis visi\u0161kai pasibaigs.<\/p>\n<p><strong>3. Ar Type-C \u012fkrovimo prievadas yra \u012ftrauktas \u012f RAZZ BAR 25k \u012fkv\u0117pim\u0173?<\/strong><br \/>\nRAZZ BAR yra su integruotu Type-C \u012fkrovimo prievadu, leid\u017eian\u010diu patogiai ir greitai \u012fkrauti. Ta\u010diau \u012f paket\u0105 ne\u012feina \u012fkrovimo laidas, tod\u0117l \u012fkrovimui tur\u0117site naudoti standartin\u012f Type-C laid\u0105.<\/p>\n<p><strong>4. Koks yra geriausias b\u016bdas palaikyti optimal\u0173 RAZZ BAR 25000 \u012fkv\u0117pim\u0173 garintuvo veikim\u0105?<\/strong><br \/>\nKad RAZZ BAR veikt\u0173 geriausiai, reguliariai \u012fkraukite j\u012f naudodami Type-C laid\u0105 ir venkite per daug \u012fkrauti baterij\u0105. Laikykite prietais\u0105 v\u0117sioje, sausoje vietoje, atokiau nuo kar\u0161\u010dio ar tiesiogini\u0173 saul\u0117s spinduli\u0173. U\u017etikrinkite, kad \u012fkrovimo prievadas b\u016bt\u0173 \u0161varus ir be dulki\u0173. Be to, leiskite prietaisui pails\u0117ti tarp ilg\u0173 garinimo sesij\u0173, kad i\u0161vengtum\u0117te perkaitimo.<\/p>","protected":false},"excerpt":{"rendered":"<p><strong>Didmenin\u0117 prekyba RAZZ BAR 25000 \u012ftraukim\u0173 vape<\/strong> nepralenkiamomis kainomis. Si\u016blome 16 auk\u0161\u010diausios kokyb\u0117s skoni\u0173, 650 mAh \u012fkraunam\u0105 baterij\u0105 ir 25 000 \u012ftraukim\u0173 ilgalaikiam pasitenkinimui!<\/p>\n<figure id=\"attachment_2951\" aria-describedby=\"caption-attachment-2951\" style=\"width: 265px\" class=\"wp-caption alignnone\"><img decoding=\"async\" class=\"size-medium wp-image-2951\" src=\"https:\/\/vapestornado.com\/wp-content\/uploads\/2024\/12\/Wholesale-Disposable-Vape-265x300.jpg\" alt=\"Didmenin\u0117 prekyba vienkartiniais garintuvais\" width=\"265\" height=\"300\" srcset=\"https:\/\/vapestornado.com\/wp-content\/uploads\/2024\/12\/Wholesale-Disposable-Vape-265x300.jpg 265w, https:\/\/vapestornado.com\/wp-content\/uploads\/2024\/12\/Wholesale-Disposable-Vape-768x871.jpg 768w, https:\/\/vapestornado.com\/wp-content\/uploads\/2024\/12\/Wholesale-Disposable-Vape-600x680.jpg 600w, https:\/\/vapestornado.com\/wp-content\/uploads\/2024\/12\/Wholesale-Disposable-Vape.jpg 823w\" sizes=\"(max-width: 265px) 100vw, 265px\" \/><figcaption id=\"caption-attachment-2951\" class=\"wp-caption-text\">Pra\u0161ome susisiekti su Mandy per \u201eWhatsApp\u201c d\u0117l nuolaidos kainos\u00a0 <a href=\"https:\/\/wa.me\/8618077105796\">+8618077105796<\/a><\/figcaption><\/figure>\n<p>&nbsp;<\/p>","protected":false},"featured_media":3687,"comment_status":"open","ping_status":"closed","template":"","meta":{"_acf_changed":false,"_uag_custom_page_level_css":"","_lmt_disableupdate":"no","_lmt_disable":"","_monsterinsights_skip_tracking":false,"_monsterinsights_sitenote_active":false,"_monsterinsights_sitenote_note":"","_monsterinsights_sitenote_category":0,"site-sidebar-layout":"default","site-content-layout":"","ast-site-content-layout":"default","site-content-style":"default","site-sidebar-style":"default","ast-global-header-display":"","ast-banner-title-visibility":"","ast-main-header-display":"","ast-hfb-above-header-display":"","ast-hfb-below-header-display":"","ast-hfb-mobile-header-display":"","site-post-title":"","ast-breadcrumbs-content":"","ast-featured-img":"","footer-sml-layout":"","ast-disable-related-posts":"","theme-transparent-header-meta":"default","adv-header-id-meta":"","stick-header-meta":"","header-above-stick-meta":"","header-main-stick-meta":"","header-below-stick-meta":"","astra-migrate-meta-layouts":"set","ast-page-background-enabled":"default","ast-page-background-meta":{"desktop":{"background-color":"","background-image":"","background-repeat":"repeat","background-position":"center center","background-size":"auto","background-attachment":"scroll","background-type":"","background-media":"","overlay-type":"","overlay-color":"","overlay-opacity":"","overlay-gradient":""},"tablet":{"background-color":"","background-image":"","background-repeat":"repeat","background-position":"center center","background-size":"auto","background-attachment":"scroll","background-type":"","background-media":"","overlay-type":"","overlay-color":"","overlay-opacity":"","overlay-gradient":""},"mobile":{"background-color":"","background-image":"","background-repeat":"repeat","background-position":"center center","background-size":"auto","background-attachment":"scroll","background-type":"","background-media":"","overlay-type":"","overlay-color":"","overlay-opacity":"","overlay-gradient":""}},"ast-content-background-meta":{"desktop":{"background-color":"var(--ast-global-color-5)","background-image":"","background-repeat":"repeat","background-position":"center center","background-size":"auto","background-attachment":"scroll","background-type":"","background-media":"","overlay-type":"","overlay-color":"","overlay-opacity":"","overlay-gradient":""},"tablet":{"background-color":"var(--ast-global-color-5)","background-image":"","background-repeat":"repeat","background-position":"center center","background-size":"auto","background-attachment":"scroll","background-type":"","background-media":"","overlay-type":"","overlay-color":"","overlay-opacity":"","overlay-gradient":""},"mobile":{"background-color":"var(--ast-global-color-5)","background-image":"","background-repeat":"repeat","background-position":"center center","background-size":"auto","background-attachment":"scroll","background-type":"","background-media":"","overlay-type":"","overlay-color":"","overlay-opacity":"","overlay-gradient":""}},"_joinchat":{"telephone":"+8618077105796"}},"product_brand":[],"product_cat":[68,149,153,158,146],"product_tag":[97,228],"class_list":{"0":"post-3661","1":"product","2":"type-product","3":"status-publish","4":"has-post-thumbnail","6":"product_cat-25000-puff","7":"product_cat-buy-disposable-vapes-in-austria","8":"product_cat-buy-disposable-vapes-in-italy","9":"product_cat-buy-disposable-vapes-in-spain","10":"product_cat-rechargeable-disposable-vapes","11":"product_tag-hot-sale-disposable-vape","12":"product_tag-razz-bar-25000-puffs","13":"desktop-align-left","14":"tablet-align-left","15":"mobile-align-left","17":"first","18":"instock","19":"sale","20":"shipping-taxable","21":"purchasable","22":"product-type-simple"},"acf":[],"uagb_featured_image_src":{"full":["https:\/\/vapestornado.com\/wp-content\/uploads\/2025\/01\/RAZZ-BAR-25000-Puffs-Black-Dragon-ice-GEEK-BAR.webp",800,800,false],"thumbnail":["https:\/\/vapestornado.com\/wp-content\/uploads\/2025\/01\/RAZZ-BAR-25000-Puffs-Black-Dragon-ice-GEEK-BAR-150x150.webp",150,150,true],"medium":["https:\/\/vapestornado.com\/wp-content\/uploads\/2025\/01\/RAZZ-BAR-25000-Puffs-Black-Dragon-ice-GEEK-BAR-300x300.webp",300,300,true],"medium_large":["https:\/\/vapestornado.com\/wp-content\/uploads\/2025\/01\/RAZZ-BAR-25000-Puffs-Black-Dragon-ice-GEEK-BAR-768x768.webp",768,768,true],"large":["https:\/\/vapestornado.com\/wp-content\/uploads\/2025\/01\/RAZZ-BAR-25000-Puffs-Black-Dragon-ice-GEEK-BAR.webp",800,800,false],"1536x1536":["https:\/\/vapestornado.com\/wp-content\/uploads\/2025\/01\/RAZZ-BAR-25000-Puffs-Black-Dragon-ice-GEEK-BAR.webp",800,800,false],"2048x2048":["https:\/\/vapestornado.com\/wp-content\/uploads\/2025\/01\/RAZZ-BAR-25000-Puffs-Black-Dragon-ice-GEEK-BAR.webp",800,800,false],"trp-custom-language-flag":["https:\/\/vapestornado.com\/wp-content\/uploads\/2025\/01\/RAZZ-BAR-25000-Puffs-Black-Dragon-ice-GEEK-BAR.webp",12,12,false],"woocommerce_thumbnail":["https:\/\/vapestornado.com\/wp-content\/uploads\/2025\/01\/RAZZ-BAR-25000-Puffs-Black-Dragon-ice-GEEK-BAR-300x300.webp",300,300,true],"woocommerce_single":["https:\/\/vapestornado.com\/wp-content\/uploads\/2025\/01\/RAZZ-BAR-25000-Puffs-Black-Dragon-ice-GEEK-BAR-600x600.webp",600,600,true],"woocommerce_gallery_thumbnail":["https:\/\/vapestornado.com\/wp-content\/uploads\/2025\/01\/RAZZ-BAR-25000-Puffs-Black-Dragon-ice-GEEK-BAR-100x100.webp",100,100,true]},"uagb_author_info":{"display_name":"ESMANDY","author_link":"https:\/\/vapestornado.com\/lt\/author\/"},"uagb_comment_info":0,"uagb_excerpt":"RAZZ BAR 25000 Puffs Wholesale Vape at unbeatable prices. Offering 16 premium flavors, 650mAh rechargeable battery, and 25,000 puffs for long-lasting satisfaction! [caption id=\"attachment_2951\" align=\"alignnone\" width=\"265\"] Pls Contact Mandy's WhatsApp For Discount Price\u00a0 +8618077105796[\/caption] &nbsp;","_links":{"self":[{"href":"https:\/\/vapestornado.com\/lt\/wp-json\/wp\/v2\/product\/3661","targetHints":{"allow":["GET"]}}],"collection":[{"href":"https:\/\/vapestornado.com\/lt\/wp-json\/wp\/v2\/product"}],"about":[{"href":"https:\/\/vapestornado.com\/lt\/wp-json\/wp\/v2\/types\/product"}],"replies":[{"embeddable":true,"href":"https:\/\/vapestornado.com\/lt\/wp-json\/wp\/v2\/comments?post=3661"}],"wp:featuredmedia":[{"embeddable":true,"href":"https:\/\/vapestornado.com\/lt\/wp-json\/wp\/v2\/media\/3687"}],"wp:attachment":[{"href":"https:\/\/vapestornado.com\/lt\/wp-json\/wp\/v2\/media?parent=3661"}],"wp:term":[{"taxonomy":"product_brand","embeddable":true,"href":"https:\/\/vapestornado.com\/lt\/wp-json\/wp\/v2\/product_brand?post=3661"},{"taxonomy":"product_cat","embeddable":true,"href":"https:\/\/vapestornado.com\/lt\/wp-json\/wp\/v2\/product_cat?post=3661"},{"taxonomy":"product_tag","embeddable":true,"href":"https:\/\/vapestornado.com\/lt\/wp-json\/wp\/v2\/product_tag?post=3661"}],"curies":[{"name":"wp","href":"https:\/\/api.w.org\/{rel}","templated":true}]}}