{"id":3649,"date":"2025-01-03T07:00:39","date_gmt":"2025-01-03T07:00:39","guid":{"rendered":"https:\/\/vapestornado.com\/?post_type=product&#038;p=3649"},"modified":"2025-08-23T11:20:23","modified_gmt":"2025-08-23T11:20:23","slug":"jnr-mega-shisha-hookah-100000-puffs-disposable-vape-wholesale-price","status":"publish","type":"product","link":"https:\/\/vapestornado.com\/lt\/product\/jnr-mega-shisha-hookah-100000-puffs-disposable-vape-wholesale-price\/","title":{"rendered":"JNR Mega Shisha Hookah 100000 \u012ftraukim\u0173 vienkartinis garintuvas didmenin\u0117 kaina"},"content":{"rendered":"<h1 class=\"product-title\">JNR Mega Shisha Hookah 100000 \u012ftraukim\u0173 vienkartinis garintuvas didmenin\u0117 kaina<\/h1>\n<p data-start=\"194\" data-end=\"561\">\u0160is <strong data-start=\"198\" data-end=\"253\">JNR Mega Shisha Hookah 100000 \u012fp\u016btim\u0173 vienkartinis garintuvas<\/strong> nustato nauj\u0105 didel\u0117s talpos vienkartini\u0173 prietais\u0173 standart\u0105, tod\u0117l yra populiariausias pasirinkimas <strong data-start=\"331\" data-end=\"371\">didmenin\u0117s prekybos platintojams ir ma\u017emenininkams<\/strong> ie\u0161kantiems i\u0161skirtini\u0173 produkt\u0173 Europoje. Su ne\u012ftik\u0117tina <strong data-start=\"428\" data-end=\"453\">100 000 \u012ftraukim\u0173 talpa<\/strong>, \u0161is modelis u\u017etikrina neprilygstam\u0105 i\u0161tverm\u0119, puikiai tinka parduotuv\u0117ms, orientuotoms \u012f daug naudojan\u010dius vartotojus ir vandens pypki\u0173 entuziastus.<\/p>\n<p data-start=\"563\" data-end=\"850\">Maitinamas <strong data-start=\"576\" data-end=\"608\">2200mAh \u012fkraunama baterija<\/strong> ir apr\u016bpintas <strong data-start=\"627\" data-end=\"655\">USB Type-C greituoju \u012fkrovimu<\/strong>, JNR 100K u\u017etikrina minimal\u0173 prastovos laik\u0105 ir maksimal\u0173 naudojim\u0105. A <strong data-start=\"716\" data-end=\"743\">60 ml el. skys\u010dio rezervuaras<\/strong> sujungta su <strong data-start=\"756\" data-end=\"780\">2% nikotino stiprumo<\/strong> u\u017etikrina ilgus, malonius seansus, d\u0117l kuri\u0173 klientai gr\u012f\u017eta.<\/p>\n<p data-start=\"852\" data-end=\"1168\">Integruotas <strong data-start=\"867\" data-end=\"883\">I\u0161manusis ekranas<\/strong> rodo \u012ftraukim\u0173 skai\u010di\u0173, baterijos ir skys\u010dio lyg\u012f, o <strong data-start=\"942\" data-end=\"968\">Kv\u0117puojan\u010dio \u0161viesos dizainas<\/strong> prideda stiling\u0105, ak\u012f traukiant\u012f element\u0105 jaunesnei demografinei grupei. Su <strong data-start=\"1037\" data-end=\"1063\">Tiesioginio \u012f plau\u010dius oro srautas<\/strong> ir reguliuojami nustatymai, jis suteikia tankius garus, stipr\u0173 skonio perdavim\u0105 ir pritaikom\u0105 patirt\u012f.<\/p>\n<p data-start=\"1170\" data-end=\"1361\">Didmenininkams <strong data-start=\"1191\" data-end=\"1215\">JNR Mega \u0160i\u0161a 100K<\/strong> sujungia <strong data-start=\"1225\" data-end=\"1302\">rekordinis \u012ftraukim\u0173 skai\u010dius, auk\u0161\u010diausios klas\u0117s funkcijos ir patrauklios didmenin\u0117s kainos<\/strong>, tod\u0117l tai yra labai pelningas priedas prie bet kokio gar\u0173 inventoriaus.<\/p>\n<p><span style=\"color: #ff0000;\"><strong>Prid\u0117kite Amy's Whatsapp, gaukite teising\u0105 atsakym\u0105 ir kupon\u0105 garintuvui!<\/strong><\/span><\/p>\n<p><img fetchpriority=\"high\" decoding=\"async\" class=\"size-full wp-image-2932\" src=\"https:\/\/vapestornado.com\/wp-content\/uploads\/2024\/12\/Vape-Wholesale.jpg\" alt=\"Garintuvai Didmenin\u0117 prekyba\" width=\"229\" height=\"300\" \/><\/p>\n<h3><a href=\"https:\/\/wa.me\/8617776015835\" target=\"_blank\" rel=\"noopener\"><span style=\"color: #ff0000;\"><strong>WhatsApp: +86 17776015835<\/strong><\/span><\/a><\/h3>\n<p>&nbsp;<\/p>\n<h2 class=\"product-title\"><strong>JNR \u0160i\u0161a Kaljanas 100000 Produkto Savyb\u0117s<\/strong><\/h2>\n<div role=\"article\" data-tabster=\"{&quot;groupper&quot;:{&quot;tabbability&quot;:2},&quot;focusable&quot;:{}}\" data-content=\"ai-message\" aria-labelledby=\"juhNTJ6o7Gk1cgwZMJgv2-author juhNTJ6o7Gk1cgwZMJgv2-content\">\n<div id=\"juhNTJ6o7Gk1cgwZMJgv2-content\">\n<div role=\"article\" data-tabster=\"{&quot;groupper&quot;:{&quot;tabbability&quot;:2},&quot;focusable&quot;:{}}\" data-content=\"ai-message\" aria-labelledby=\"x4EZuCZWrTbh3weWUt7CU-author x4EZuCZWrTbh3weWUt7CU-content\">\n<div id=\"x4EZuCZWrTbh3weWUt7CU-content\">\n<div class=\"flex max-w-full flex-col flex-grow\">\n<div class=\"min-h-8 text-message flex w-full flex-col items-end gap-2 whitespace-normal break-words text-start [.text-message+&amp;]:mt-5\" dir=\"auto\" data-message-author-role=\"assistant\" data-message-id=\"52c6e00a-252f-4104-805d-2f1a84739c71\" data-message-model-slug=\"gpt-4o\">\n<div class=\"flex w-full flex-col gap-1 empty:hidden first:pt-[3px]\">\n<div class=\"markdown prose w-full break-words dark:prose-invert light\">\n<h4><\/h4>\n<ol>\n<li><strong>I\u0161skirtinis ilgaam\u017ei\u0161kumas<\/strong>: M\u0117gaukit\u0117s iki 100 000 \u012fkv\u0117pim\u0173 su vienu \u012frenginiu.<\/li>\n<li><strong>I\u0161manusis Ekranas<\/strong>: B\u016bkite informuoti su realaus laiko duomenimis ir m\u0117gaukit\u0117s ry\u0161kiu, dinami\u0161ku \u0161viesos \u0161ou.<\/li>\n<li><strong>Didel\u0117 e-skys\u010dio talpa<\/strong>: U\u017epildytas su 60 ml ilgalaikiam naudojimui.<\/li>\n<li><strong>Galingas akumuliatorius<\/strong>: \u012ekraunamas 2200mAh akumuliatorius su USB Type-C palaikymu.<\/li>\n<li><strong>Reguliuojamas oro srautas<\/strong>: Pritaikykite savo traukim\u0105 tobulam DTL (Direct-To-Lung) garinimui.<\/li>\n<\/ol>\n<\/div>\n<\/div>\n<\/div>\n<\/div>\n<div class=\"mb-2 flex gap-3 empty:hidden -ml-2\"><\/div>\n<\/div>\n<\/div>\n<\/div>\n<\/div>\n<h2 class=\"product-title\"><strong>Populiarus Skonis <\/strong><strong>Kalaunas \u201eShisha Hookah\u201c<\/strong><strong> 100 t\u016bkst. <\/strong><strong>Vienkartiniai garintuvai<\/strong><\/h2>\n<h2 class=\"product-title\"><\/h2>\n<p>Atraskite skoni\u0173 pasaul\u012f su JNR Mega \u0160i\u0161a Kaljanu. Nuo gaivios m\u0117tos iki vaisini\u0173 skan\u0117st\u0173, platus pasirinkimas u\u017etikrina, kad rasite tobul\u0105 variant\u0105 kiekvienai nuotaikai ir skonio nuostatai. Pra\u0161ome rasti populiariausius skonius pagal m\u016bs\u0173 pardavim\u0173 dat\u0105 ir klient\u0173 atsiliepimus.<\/p>\n<p>1. Du Obuoliai<span style=\"color: #ff0000;\"><strong> &gt;&gt;&gt;&gt; Kar\u0161ta !<\/strong><\/span><br \/>\n2. M\u0117lyn\u0117s su Ledais <span style=\"color: #ff0000;\"><strong>&gt;&gt;&gt;&gt; Kar\u0161ta !<\/strong><\/span><br \/>\n3. Vynuogi\u0173 m\u0117ta<br \/>\n4. Havajai<br \/>\n5. Kiviai pasifloros gvajavos<br \/>\n6. Ponios Killa <span style=\"color: #ff0000;\"><strong>&gt;&gt;&gt;&gt; Geriausias pasirinkimas!<\/strong><\/span><br \/>\n7. Meil\u0117 66<br \/>\n8. Lush Ice<br \/>\n9. Magi\u0161ka Meil\u0117<br \/>\n10. Mi Amor <span style=\"color: #ff0000;\"><strong>&gt;&gt;&gt;&gt; Kar\u0161ta !<\/strong><\/span><br \/>\n11. Persik\u0173 ledas<br \/>\n12. Bra\u0161ki\u0173 pun\u0161as<\/p>\n<p><img decoding=\"async\" class=\"wp-image-3647 size-full\" src=\"https:\/\/vapestornado.com\/wp-content\/uploads\/2025\/01\/Shisha-Hookah-100000-Puffs-Disposable-Vape-JNR.webp\" alt=\"Shisha Hookah 100000 \u012fp\u016btim\u0173 vienkartinis garintuvas JNR\" width=\"800\" height=\"476\" srcset=\"https:\/\/vapestornado.com\/wp-content\/uploads\/2025\/01\/Shisha-Hookah-100000-Puffs-Disposable-Vape-JNR.webp 800w, https:\/\/vapestornado.com\/wp-content\/uploads\/2025\/01\/Shisha-Hookah-100000-Puffs-Disposable-Vape-JNR-300x179.webp 300w, https:\/\/vapestornado.com\/wp-content\/uploads\/2025\/01\/Shisha-Hookah-100000-Puffs-Disposable-Vape-JNR-768x457.webp 768w, https:\/\/vapestornado.com\/wp-content\/uploads\/2025\/01\/Shisha-Hookah-100000-Puffs-Disposable-Vape-JNR-600x357.webp 600w\" sizes=\"(max-width: 800px) 100vw, 800px\" \/><\/p>\n<div class=\"flex-shrink-0 flex flex-col relative items-end\">\n<div class=\"pt-0\">\n<div class=\"gizmo-bot-avatar flex h-8 w-8 items-center justify-center overflow-hidden rounded-full\">\n<div class=\"relative p-1 rounded-sm flex items-center justify-center bg-token-main-surface-primary text-token-text-primary h-8 w-8\">\n<h2>Da\u017enai u\u017eduodami klausimai apie JNR Shisha Hookah 100000 Smart<strong>\u00a0<\/strong>Vienkartin\u0117 elektronin\u0117 cigaret\u0117<\/h2>\n<h4><\/h4>\n<ol>\n<li><strong>Kiek laiko veikia JNR Mega Shisha Hookah 100k?<\/strong><br \/>\nKiekvienas prietaisas si\u016blo \u012fsp\u016bdingus 100 000 \u012fkv\u0117pim\u0173, tod\u0117l puikiai tinka ilgalaikiam naudojimui.<\/li>\n<li><strong>Kaip \u012fkrauti JNR Mega Shisha Hookah prietais\u0105?<\/strong><br \/>\nJis tiekiamas su \u012fmontuota 2200 mAh baterija, kuri palaiko greit\u0105 C tipo USB \u012fkrovim\u0105.<\/li>\n<li><strong>Kokia yra \u201eSmart Screen\u201c funkcija?<\/strong><br \/>\n\u201eSmart Screen\u201c ekrane rodomi svarb\u016bs duomenys, pvz., baterijos veikimo laikas ir skys\u010dio lygis, kartu su stilinga \u201eBreathing Light\u201c lempute, kad b\u016bt\u0173 unikali garinimo patirtis.<\/li>\n<li><strong>Ar galiu j\u012f naudoti su stacionariu kaljanu?<\/strong><br \/>\n\u017dinoma! JNR Mega Shisha Hookah yra visi\u0161kai suderinamas su stacionariais kaljano nustatymais, kad b\u016bt\u0173 u\u017etikrinta universali patirtis.<\/li>\n<li><strong>Kur galiu j\u012f \u012fsigyti didmenine kaina?<\/strong><br \/>\nJNR Mega Shisha Hookah galite \u012fsigyti geriausia didmenine kaina i\u0161 <strong>\u201evapestornado\u201c internetin\u0117je gar\u0173 parduotuv\u0117je<\/strong>.<\/li>\n<\/ol>\n<div class=\"flex max-w-full flex-col flex-grow\">\n<div class=\"min-h-8 text-message flex w-full flex-col items-end gap-2 whitespace-normal break-words text-start [.text-message+&amp;]:mt-5\" dir=\"auto\" data-message-author-role=\"assistant\" data-message-id=\"4dc48248-df95-45bd-b800-6dedb43cf7f1\" data-message-model-slug=\"gpt-4o\">\n<div class=\"flex w-full flex-col gap-1 empty:hidden first:pt-[3px]\"><\/div>\n<\/div>\n<\/div>\n<\/div>\n<\/div>\n<\/div>\n<\/div>\n<div class=\"flex-shrink-0 flex flex-col relative items-end\">\n<div class=\"pt-0\">\n<div class=\"gizmo-bot-avatar flex h-8 w-8 items-center justify-center overflow-hidden rounded-full\">\n<div class=\"relative p-1 rounded-sm flex items-center justify-center bg-token-main-surface-primary text-token-text-primary h-8 w-8\">\n<div class=\"mb-2 flex gap-3 empty:hidden -ml-2\">\n<div role=\"article\" data-tabster=\"{&quot;groupper&quot;:{&quot;tabbability&quot;:2},&quot;focusable&quot;:{}}\" data-content=\"ai-message\" aria-labelledby=\"Vdt5ez4X7Tg813x6rFVha-author Vdt5ez4X7Tg813x6rFVha-content\">\n<div id=\"Vdt5ez4X7Tg813x6rFVha-content\">\n<div role=\"article\" data-tabster=\"{&quot;groupper&quot;:{&quot;tabbability&quot;:2},&quot;focusable&quot;:{}}\" data-content=\"ai-message\" aria-labelledby=\"o968oC7CEo2fGHsGdsRYC-author o968oC7CEo2fGHsGdsRYC-content\">\n<div id=\"o968oC7CEo2fGHsGdsRYC-content\">\n<h2>Kod\u0117l verta rinktis \u201evapestornado\u201c, norint \u012fsigyti \u201eJNR Shisha Hookah 100000 Puffs\u201c vienkartinius garintuvus didmena?<\/h2>\n<div class=\"flex-shrink-0 flex flex-col relative items-end\">\n<div class=\"pt-0\">\n<div class=\"gizmo-bot-avatar flex h-8 w-8 items-center justify-center overflow-hidden rounded-full\">\n<div class=\"relative p-1 rounded-sm flex items-center justify-center bg-token-main-surface-primary text-token-text-primary h-8 w-8\">\n<p>Sveiki atvyk\u0119 \u012f vapestornado \u2013 j\u016bs\u0173 patikim\u0105 internetin\u0119 auk\u0161\u010diausios kokyb\u0117s vienkartini\u0173 garinimo priemoni\u0173 parduotuv\u0119. Tur\u0117dami daugiau nei 5 met\u0173 patirt\u012f, si\u016blome populiarius vienkartini\u0173 garinimo priemoni\u0173 prek\u0117s \u017eenklus, tokius kaip Fumot RandM Vape, <a href=\"https:\/\/vapestornado.com\/lt\/product-category\/vapme-shisha\/\">Vapme<\/a>, Bang Vape, Waspe Vape, ir WGA Vape ir kt.<\/p>\n<p>M\u016bs\u0173 asortimentas apima populiarias garinimo priemones, tokias kaip <a href=\"https:\/\/vapestornado.com\/lt\/product\/randm-12000-puffs-fumot-digital-disposable-vape-wholesale-price\/\">RandM Tornado 12000<\/a>, ir skoni\u0173 turtingus pasirinkimus, tokius kaip <a href=\"https:\/\/vapestornado.com\/lt\/product\/wga-crystal-pro-max-extra-15000-puffs-rechargeable-disposable-vape-wholesale-bulk-buy\/\">\u00a0WGA Crystal 15k \u012etraukim\u0173<\/a> . Kiekvienas produktas yra atrenkamas, akcentuojant kokyb\u0119, vert\u0119 ir \u012fvairov\u0119, u\u017etikrinant, kad rastum\u0117te tobul\u0105 variant\u0105 savo poreikiams. Atraskite i\u0161skirtin\u012f aptarnavim\u0105 ir plat\u0173 auk\u0161\u010diausios kokyb\u0117s produkt\u0173 asortiment\u0105 didmenin\u0117mis kainomis vapestornado svetain\u0117je.<\/p>\n<\/div>\n<p>&nbsp;<\/p>\n<p><strong>Kiti populiar\u016bs vienkartiniai garintuvai<\/strong><\/p>\n<p><a href=\"https:\/\/vapestornado.com\/lt\/product\/vozol-star-20000-puffs-disposable-vape-2-low-nicotine-bulk-buy-wholesale-cheap-price\/\">VOZOL Star 20000 \u012ftraukim\u0173 <span style=\"color: #ff0000;\"><strong>&gt;&gt;&gt;&gt; Pirmyn!<\/strong><\/span><\/a><\/p>\n<p><a href=\"https:\/\/vapestornado.com\/lt\/product\/refillable-disposable-vape-bang-40000-puffs-with-smart-screen-display-wholesale\/\">Bang 40000 \u012ftraukim\u0173<span style=\"color: #ff0000;\"><strong>&gt;&gt;&gt;&gt; Pirmyn!<\/strong><\/span><\/a><\/p>\n<p><a href=\"https:\/\/vapestornado.com\/lt\/product\/bang-king-vape-35000-puff-smart-digital-display-wholesale-disposable-electronic-cigarette-wholesale\/\">Bang King 35000 <span style=\"color: #ff0000;\"><strong>&gt;&gt;&gt;&gt; Pirmyn!<\/strong><\/span><\/a><\/p>\n<\/div>\n<\/div>\n<\/div>\n<p>&nbsp;<\/p>\n<\/div>\n<\/div>\n<\/div>\n<\/div>\n<\/div>\n<\/div>\n<\/div>\n<\/div>\n<\/div>","protected":false},"excerpt":{"rendered":"<p>\u0160is <strong data-start=\"1405\" data-end=\"1436\">JNR Mega \u0160i\u0161a Vamzdis 100K<\/strong> suteikia neprilygstamus 100 000 \u012ftraukim\u0173, i\u0161man\u0173j\u012f ekran\u0105 ir 60 ml el. skys\u010dio bak\u0105. \u012ekraunamas vienkartinis prietaisas sukurtas <strong data-start=\"1548\" data-end=\"1583\">didmeniniams pirk\u0117jams Europoje<\/strong>.<\/p>\n<p><strong>Prid\u0117kite Amy whatsapp, gaukite tiesiogin\u012f atsakym\u0105 ir kupon\u0105 veipui!<\/strong><\/p>\n<p><img fetchpriority=\"high\" decoding=\"async\" class=\"size-full wp-image-2932\" src=\"https:\/\/vapestornado.com\/wp-content\/uploads\/2024\/12\/Vape-Wholesale.jpg\" alt=\"Garintuvai Didmenin\u0117 prekyba\" width=\"229\" height=\"300\" \/><\/p>\n<h3><a href=\"https:\/\/wa.me\/8617776015835\"><span style=\"color: #ff0000;\"><strong>WhatsApp: +86 17776015835<\/strong><\/span><\/a><\/h3>\n<p>&nbsp;<\/p>","protected":false},"featured_media":3648,"comment_status":"open","ping_status":"closed","template":"","meta":{"_acf_changed":false,"_uag_custom_page_level_css":"","_lmt_disableupdate":"no","_lmt_disable":"","_monsterinsights_skip_tracking":false,"_monsterinsights_sitenote_active":false,"_monsterinsights_sitenote_note":"","_monsterinsights_sitenote_category":0,"site-sidebar-layout":"default","site-content-layout":"","ast-site-content-layout":"default","site-content-style":"default","site-sidebar-style":"default","ast-global-header-display":"","ast-banner-title-visibility":"","ast-main-header-display":"","ast-hfb-above-header-display":"","ast-hfb-below-header-display":"","ast-hfb-mobile-header-display":"","site-post-title":"","ast-breadcrumbs-content":"","ast-featured-img":"","footer-sml-layout":"","ast-disable-related-posts":"","theme-transparent-header-meta":"default","adv-header-id-meta":"","stick-header-meta":"","header-above-stick-meta":"","header-main-stick-meta":"","header-below-stick-meta":"","astra-migrate-meta-layouts":"set","ast-page-background-enabled":"default","ast-page-background-meta":{"desktop":{"background-color":"","background-image":"","background-repeat":"repeat","background-position":"center center","background-size":"auto","background-attachment":"scroll","background-type":"","background-media":"","overlay-type":"","overlay-color":"","overlay-opacity":"","overlay-gradient":""},"tablet":{"background-color":"","background-image":"","background-repeat":"repeat","background-position":"center center","background-size":"auto","background-attachment":"scroll","background-type":"","background-media":"","overlay-type":"","overlay-color":"","overlay-opacity":"","overlay-gradient":""},"mobile":{"background-color":"","background-image":"","background-repeat":"repeat","background-position":"center center","background-size":"auto","background-attachment":"scroll","background-type":"","background-media":"","overlay-type":"","overlay-color":"","overlay-opacity":"","overlay-gradient":""}},"ast-content-background-meta":{"desktop":{"background-color":"var(--ast-global-color-5)","background-image":"","background-repeat":"repeat","background-position":"center center","background-size":"auto","background-attachment":"scroll","background-type":"","background-media":"","overlay-type":"","overlay-color":"","overlay-opacity":"","overlay-gradient":""},"tablet":{"background-color":"var(--ast-global-color-5)","background-image":"","background-repeat":"repeat","background-position":"center center","background-size":"auto","background-attachment":"scroll","background-type":"","background-media":"","overlay-type":"","overlay-color":"","overlay-opacity":"","overlay-gradient":""},"mobile":{"background-color":"var(--ast-global-color-5)","background-image":"","background-repeat":"repeat","background-position":"center center","background-size":"auto","background-attachment":"scroll","background-type":"","background-media":"","overlay-type":"","overlay-color":"","overlay-opacity":"","overlay-gradient":""}},"_joinchat":{"telephone":"+8617776015835"}},"product_brand":[],"product_cat":[140,154,142,76,147],"product_tag":[165,105,97,225,166,94,131,226],"class_list":{"0":"post-3649","1":"product","2":"type-product","3":"status-publish","4":"has-post-thumbnail","6":"product_cat-big-puffs-disposable-vapes","7":"product_cat-buy-disposable-vapes-in-netherlands","8":"product_cat-digital-box-disposable-vapes","9":"product_cat-jnr-vape","10":"product_cat-shisha-hookah-disposable-vapes","11":"product_tag-cheap-vapes","12":"product_tag-digital-disposable-vape","13":"product_tag-hot-sale-disposable-vape","14":"product_tag-jnr-shisha-hookah-100000","15":"product_tag-low-nicotine-vape","16":"product_tag-rechargeable-disposable-vape","17":"product_tag-shisha-hookah","18":"product_tag-shisha-hookah-disposable-vapes","19":"desktop-align-left","20":"tablet-align-left","21":"mobile-align-left","23":"first","24":"instock","25":"sale","26":"shipping-taxable","27":"purchasable","28":"product-type-simple"},"acf":[],"uagb_featured_image_src":{"full":["https:\/\/vapestornado.com\/wp-content\/uploads\/2025\/01\/Shisha-Hookah-Disposable-Vape-100000-JNR.jpg",800,800,false],"thumbnail":["https:\/\/vapestornado.com\/wp-content\/uploads\/2025\/01\/Shisha-Hookah-Disposable-Vape-100000-JNR-150x150.jpg",150,150,true],"medium":["https:\/\/vapestornado.com\/wp-content\/uploads\/2025\/01\/Shisha-Hookah-Disposable-Vape-100000-JNR-300x300.jpg",300,300,true],"medium_large":["https:\/\/vapestornado.com\/wp-content\/uploads\/2025\/01\/Shisha-Hookah-Disposable-Vape-100000-JNR-768x768.jpg",768,768,true],"large":["https:\/\/vapestornado.com\/wp-content\/uploads\/2025\/01\/Shisha-Hookah-Disposable-Vape-100000-JNR.jpg",800,800,false],"1536x1536":["https:\/\/vapestornado.com\/wp-content\/uploads\/2025\/01\/Shisha-Hookah-Disposable-Vape-100000-JNR.jpg",800,800,false],"2048x2048":["https:\/\/vapestornado.com\/wp-content\/uploads\/2025\/01\/Shisha-Hookah-Disposable-Vape-100000-JNR.jpg",800,800,false],"trp-custom-language-flag":["https:\/\/vapestornado.com\/wp-content\/uploads\/2025\/01\/Shisha-Hookah-Disposable-Vape-100000-JNR.jpg",12,12,false],"woocommerce_thumbnail":["https:\/\/vapestornado.com\/wp-content\/uploads\/2025\/01\/Shisha-Hookah-Disposable-Vape-100000-JNR-300x300.jpg",300,300,true],"woocommerce_single":["https:\/\/vapestornado.com\/wp-content\/uploads\/2025\/01\/Shisha-Hookah-Disposable-Vape-100000-JNR-600x600.jpg",600,600,true],"woocommerce_gallery_thumbnail":["https:\/\/vapestornado.com\/wp-content\/uploads\/2025\/01\/Shisha-Hookah-Disposable-Vape-100000-JNR-100x100.jpg",100,100,true]},"uagb_author_info":{"display_name":"ESAMY","author_link":"https:\/\/vapestornado.com\/lt\/author\/"},"uagb_comment_info":0,"uagb_excerpt":"The JNR Mega Shisha Hookah 100K delivers an unmatched 100,000 puffs, smart screen, and 60ml e-liquid tank. A rechargeable disposable built for wholesale bulk buyers in Europe. Add Amy's whatsapp get right reply and vape coupon! WhatsApp: +86 17776015835 &nbsp;","_links":{"self":[{"href":"https:\/\/vapestornado.com\/lt\/wp-json\/wp\/v2\/product\/3649","targetHints":{"allow":["GET"]}}],"collection":[{"href":"https:\/\/vapestornado.com\/lt\/wp-json\/wp\/v2\/product"}],"about":[{"href":"https:\/\/vapestornado.com\/lt\/wp-json\/wp\/v2\/types\/product"}],"replies":[{"embeddable":true,"href":"https:\/\/vapestornado.com\/lt\/wp-json\/wp\/v2\/comments?post=3649"}],"wp:featuredmedia":[{"embeddable":true,"href":"https:\/\/vapestornado.com\/lt\/wp-json\/wp\/v2\/media\/3648"}],"wp:attachment":[{"href":"https:\/\/vapestornado.com\/lt\/wp-json\/wp\/v2\/media?parent=3649"}],"wp:term":[{"taxonomy":"product_brand","embeddable":true,"href":"https:\/\/vapestornado.com\/lt\/wp-json\/wp\/v2\/product_brand?post=3649"},{"taxonomy":"product_cat","embeddable":true,"href":"https:\/\/vapestornado.com\/lt\/wp-json\/wp\/v2\/product_cat?post=3649"},{"taxonomy":"product_tag","embeddable":true,"href":"https:\/\/vapestornado.com\/lt\/wp-json\/wp\/v2\/product_tag?post=3649"}],"curies":[{"name":"wp","href":"https:\/\/api.w.org\/{rel}","templated":true}]}}