{"id":3639,"date":"2025-01-03T01:54:34","date_gmt":"2025-01-03T01:54:34","guid":{"rendered":"https:\/\/vapestornado.com\/?post_type=product&#038;p=3639"},"modified":"2025-08-28T07:39:36","modified_gmt":"2025-08-28T07:39:36","slug":"bang-king-vape-35000-puff-smart-digital-display-wholesale-disposable-electronic-cigarette-wholesale","status":"publish","type":"product","link":"https:\/\/vapestornado.com\/lt\/product\/bang-king-vape-35000-puff-smart-digital-display-wholesale-disposable-electronic-cigarette-wholesale\/","title":{"rendered":"Bang King Vape 35000 P\u016btim\u0173 I\u0161manusis Skaitmeninis Ekranas Didmenin\u0117 Prekyba Vienkartin\u0117mis Elektronin\u0117mis Cigare\u010di\u0173 Didmenin\u0117 Prekyba"},"content":{"rendered":"<h1 class=\"product-title\">Bang King Vape 35000 P\u016btim\u0173 I\u0161manusis Skaitmeninis Ekranas Didmenin\u0117 Prekyba Vienkartin\u0117mis Elektronin\u0117mis Cigare\u010di\u0173 Didmenin\u0117 Prekyba<\/h1>\n<p data-start=\"389\" data-end=\"758\">Jei ie\u0161kote vienkartinio garintuvo, kuris suderint\u0173 ilgalaik\u012f veikim\u0105, modernias funkcijas ir ry\u0161kius skonius, tai <strong data-start=\"517\" data-end=\"546\">Bang King Vape 35000 P\u016bk\u0173<\/strong> yra sukurtas \u012fsp\u016bd\u017eiui. Sukurtas su <strong data-start=\"584\" data-end=\"609\">i\u0161manusis skaitmeninis ekranas<\/strong> ir maitinamas <strong data-start=\"627\" data-end=\"659\">1000 mAh \u012fkraunamos baterijos<\/strong>, \u0161is \u012frenginys perkelia garinimo patogum\u0105 \u012f kit\u0105 lyg\u012f, i\u0161likdamas aptakus ir patogus ne\u0161iotis ki\u0161en\u0117je.<\/p>\n<h4 data-start=\"760\" data-end=\"797\">35 000 \u012fkv\u0117pim\u0173 gryno malonumo<\/h4>\n<p data-start=\"798\" data-end=\"1171\">Su savo <strong data-start=\"807\" data-end=\"829\">23 ml e. skys\u010dio talpa<\/strong> ir pa\u017eangus <strong data-start=\"843\" data-end=\"863\">tinklelio rit\u0117s sistema<\/strong>, Bang King Vape garantuoja pastovum\u0105 nuo pirmo iki paskutinio \u012fkv\u0117pimo. Kiekvienas \u012fkv\u0117pimas suteikia \u0161velnius garus ir sodr\u0173 skon\u012f be saus\u0173 sm\u016bgi\u0173, nuo kuri\u0173 ken\u010dia daugelis kit\u0173 vienkartini\u0173 garintuv\u0173. Si\u016blantis iki <strong data-start=\"1060\" data-end=\"1076\">35 000 \u012ftraukim\u0173<\/strong>, tai puikus pasirinkimas vyrams, kurie vertina patvarum\u0105 ir auk\u0161\u010diausios kokyb\u0117s veikim\u0105 viename \u012frenginyje.<\/p>\n<h4 data-start=\"1173\" data-end=\"1204\">Lanks\u010dios nikotino parinktys<\/h4>\n<p data-start=\"1205\" data-end=\"1495\">Atsi\u017evelgiant \u012f skirtingus pageidavimus, \u0161is vienkartinis garintuvas tiekiamas su <strong data-start=\"1272\" data-end=\"1312\">0%, 2%, 3% ir 5% nikotino stiprumo<\/strong>. Nesvarbu, ar palaipsniui ma\u017einate, ar pageidaujate stipresnio sm\u016bgio, Bang King Vape prisitaiko prie j\u016bs\u0173 poreiki\u0173, tod\u0117l tai puikus didmenin\u0117s prekybos pasirinkimas \u012fvairioms rinkoms visoje Europoje.<\/p>\n<h4 data-start=\"1497\" data-end=\"1542\">I\u0161manusis skaitmeninis ekranas, skirtas visi\u0161kai valdyti<\/h4>\n<p data-start=\"1543\" data-end=\"1881\">Daugiau joki\u0173 sp\u0117lioni\u0173. Integruotas ekranas rodo j\u016bs\u0173 <strong data-start=\"1593\" data-end=\"1632\">baterijos lyg\u012f ir e. skys\u010dio talp\u0105<\/strong> realiuoju laiku, tod\u0117l visada \u017einote, kada reikia \u012fkrauti arba perjungti. \u0160i funkcija i\u0161skiria j\u012f i\u0161 tradicini\u0173 vienkartini\u0173 garintuv\u0173 ir priskiria jam t\u0105 pa\u010di\u0105 auk\u0161\u010diausios kokyb\u0117s klas\u0119 kaip ir populiariems modeliams, tokiems kaip <strong data-start=\"1830\" data-end=\"1878\">Elf Bar GH23000 Nikotino Vienkartinis Vape Podas<\/strong>.<\/p>\n<h4 data-start=\"1883\" data-end=\"1915\">Greitas \u012fkrovimas naudojant C tipo jungt\u012f<\/h4>\n<p data-start=\"1916\" data-end=\"2180\">\u012erengtas <strong data-start=\"1930\" data-end=\"1953\">USB-C greit\u0105j\u012f \u012fkrovim\u0105<\/strong>, 1000 mAh baterija yra paruo\u0161ta naudoti per trump\u0105 laik\u0105. D\u0117l to jis ypa\u010d patrauklus didmeniniams pirk\u0117jams, ie\u0161kantiems vienkartinio garintuvo, kuris sujungt\u0173 pakartotinio naudojimo patogum\u0105 su i\u0161 anksto u\u017epildyt\u0173 kapsuli\u0173 paprastumu.<\/p>\n<p>&nbsp;<\/p>\n<p><span style=\"color: #ff0000;\"><strong>Prid\u0117kite Amy's Whatsapp, gaukite teising\u0105 atsakym\u0105 ir kupon\u0105 garintuvui!<\/strong><\/span><\/p>\n<p><img fetchpriority=\"high\" decoding=\"async\" class=\"size-full wp-image-2932\" src=\"https:\/\/vapestornado.com\/wp-content\/uploads\/2024\/12\/Vape-Wholesale.jpg\" alt=\"Garintuvai Didmenin\u0117 prekyba\" width=\"229\" height=\"300\" \/><\/p>\n<h3><a href=\"https:\/\/wa.me\/8617776015835\" target=\"_blank\" rel=\"noopener\"><span style=\"color: #ff0000;\"><strong>WhatsApp: +86 17776015835<\/strong><\/span><\/a><\/h3>\n<p>&nbsp;<\/p>\n<h2 class=\"product-title\"><strong>Bang King Vape 35000 produkto savyb\u0117s<\/strong><\/h2>\n<div role=\"article\" data-tabster=\"{&quot;groupper&quot;:{&quot;tabbability&quot;:2},&quot;focusable&quot;:{}}\" data-content=\"ai-message\" aria-labelledby=\"juhNTJ6o7Gk1cgwZMJgv2-author juhNTJ6o7Gk1cgwZMJgv2-content\">\n<div id=\"juhNTJ6o7Gk1cgwZMJgv2-content\">\n<div role=\"article\" data-tabster=\"{&quot;groupper&quot;:{&quot;tabbability&quot;:2},&quot;focusable&quot;:{}}\" data-content=\"ai-message\" aria-labelledby=\"x4EZuCZWrTbh3weWUt7CU-author x4EZuCZWrTbh3weWUt7CU-content\">\n<div id=\"x4EZuCZWrTbh3weWUt7CU-content\">\n<div class=\"flex max-w-full flex-col flex-grow\">\n<div class=\"min-h-8 text-message flex w-full flex-col items-end gap-2 whitespace-normal break-words text-start [.text-message+&amp;]:mt-5\" dir=\"auto\" data-message-author-role=\"assistant\" data-message-id=\"52c6e00a-252f-4104-805d-2f1a84739c71\" data-message-model-slug=\"gpt-4o\">\n<div class=\"flex w-full flex-col gap-1 empty:hidden first:pt-[3px]\">\n<div class=\"markdown prose w-full break-words dark:prose-invert light\">\n<ol>\n<li><strong>35 000 \u012ftraukim\u0173<\/strong>: I\u0161skirtinis \u012ftraukim\u0173 skai\u010dius ilgalaikiam pasitenkinimui.<\/li>\n<li><strong>I\u0161manusis skaitmeninis ekranas<\/strong>: Rodo baterijos ir e-skys\u010dio lygius, kad b\u016bt\u0173 lengva naudoti.<\/li>\n<li><strong>23 ml e-skys\u010dio talpa<\/strong>: Didel\u0117 talpa ilgesn\u0117ms garinimo sesijoms.<\/li>\n<li><strong>Tinklelio rit\u0117s technologija<\/strong>: Pagerina skon\u012f ir u\u017etikrina nuosekl\u0173 veikim\u0105.<\/li>\n<li><strong>1000 mAh \u012fkraunama baterija<\/strong>: Patikima galia su greitu USB-C \u012fkrovimu.<\/li>\n<li><strong>Apsauga nuo pridegimo<\/strong>: Garantuoja skland\u017eius ir malonius \u012ftraukimus.<\/li>\n<\/ol>\n<\/div>\n<\/div>\n<\/div>\n<\/div>\n<div class=\"mb-2 flex gap-3 empty:hidden -ml-2\"><img decoding=\"async\" class=\"wp-image-3635 size-full\" src=\"https:\/\/vapestornado.com\/wp-content\/uploads\/2025\/01\/Bang-King-35000-Puffs-Disposable-Vapes-Wholesale.jpg\" alt=\"Bang King 35000 \u012ftraukim\u0173 vienkartiniai garintuvai didmenin\u0117 prekyba\" width=\"800\" height=\"800\" srcset=\"https:\/\/vapestornado.com\/wp-content\/uploads\/2025\/01\/Bang-King-35000-Puffs-Disposable-Vapes-Wholesale.jpg 800w, https:\/\/vapestornado.com\/wp-content\/uploads\/2025\/01\/Bang-King-35000-Puffs-Disposable-Vapes-Wholesale-300x300.jpg 300w, https:\/\/vapestornado.com\/wp-content\/uploads\/2025\/01\/Bang-King-35000-Puffs-Disposable-Vapes-Wholesale-150x150.jpg 150w, https:\/\/vapestornado.com\/wp-content\/uploads\/2025\/01\/Bang-King-35000-Puffs-Disposable-Vapes-Wholesale-768x768.jpg 768w, https:\/\/vapestornado.com\/wp-content\/uploads\/2025\/01\/Bang-King-35000-Puffs-Disposable-Vapes-Wholesale-600x600.jpg 600w, https:\/\/vapestornado.com\/wp-content\/uploads\/2025\/01\/Bang-King-35000-Puffs-Disposable-Vapes-Wholesale-100x100.jpg 100w\" sizes=\"(max-width: 800px) 100vw, 800px\" \/><\/div>\n<\/div>\n<\/div>\n<\/div>\n<\/div>\n<h2 class=\"product-title\"><strong>Populiarus skonis Bang King Vape 35000<\/strong><strong>\u00a0<\/strong><strong>Vienkartiniai garintuvai<\/strong><\/h2>\n<p>Bang King Vape 35000 si\u016blo \u012fvair\u0173 ir \u012fdom\u0173 pasirinkim\u0105 j\u016bs\u0173 produkt\u0173 linijai, patenkinant\u012f \u012fvairius skonius! Pra\u0161ome rasti populiar\u0173 skon\u012f pagal m\u016bs\u0173 pardavim\u0173 duomenis ir klient\u0173 atsiliepimus.<\/p>\n<p>1. Bra\u0161ki\u0173 Mango <strong><span style=\"color: #ff0000;\">&gt;&gt;&gt; Kar\u0161ta!<\/span><\/strong><br \/>\n2. Love66<br \/>\n3. M\u0117lyni\u0173 avie\u010di\u0173 ledas <strong><span style=\"color: #ff0000;\">&gt;&gt;&gt; Kar\u0161ta!<\/span><\/strong><br \/>\n4. Bra\u0161ki\u0173 arb\u016bzas<br \/>\n5. Citrin\u0173 m\u0117ta<br \/>\n6. Dvigubas obuolys<br \/>\n7. Energetinis g\u0117rimas<br \/>\n8. Persik\u0173 ledas<br \/>\n9. Bra\u0161ki\u0173 kivis <strong><span style=\"color: #ff0000;\">&gt;&gt;&gt; Geriausias!<\/span><\/strong><br \/>\n10. Vynuogi\u0173 ledas<br \/>\n11. M\u0117lyni\u0173 ledai <strong><span style=\"color: #ff0000;\">&gt;&gt;&gt; Kar\u0161ta!<\/span><\/strong><br \/>\n12. Arb\u016bzas<\/p>\n<div class=\"flex-shrink-0 flex flex-col relative items-end\">\n<div class=\"pt-0\">\n<div class=\"gizmo-bot-avatar flex h-8 w-8 items-center justify-center overflow-hidden rounded-full\">\n<div class=\"relative p-1 rounded-sm flex items-center justify-center bg-token-main-surface-primary text-token-text-primary h-8 w-8\">\n<h2>DUK apie \u201eBangKing Vape 35000 Smart\u201c<strong>\u00a0<\/strong>Vienkartin\u0117 elektronin\u0117 cigaret\u0117<\/h2>\n<h3><\/h3>\n<ol>\n<li><strong>Kiek \u012ftraukim\u0173 suteikia \u201eBang King 35000\u201c?<\/strong><br \/>\n\u0160is <strong>Bang King 35000<\/strong> si\u016blo stulbinant\u012f <strong>35 000 \u012ftraukim\u0173<\/strong>, tod\u0117l tai yra vienas i\u0161 ilgiausiai tarnaujan\u010di\u0173 vienkartini\u0173 garintuv\u0173 rinkoje.<\/li>\n<li><strong>Koks yra \u201eBang King 35000 Vape\u201c e. skys\u010dio talpa?<\/strong><br \/>\nJame yra <strong>23 ml e-skys\u010dio talp\u0105<\/strong>, u\u017etikrinantis ilgalaik\u012f naudojim\u0105 be da\u017eno papildymo.<\/li>\n<li><strong>Ar \u201eBangKing 35000\u201c turi \u012fkraunam\u0105 akumuliatori\u0173?<\/strong><br \/>\nTaip, jame yra <strong>1000 mAh \u012fkraunamos baterijos<\/strong> su <strong>USB-C \u012fkrovimu<\/strong>, si\u016blantis tvar\u0173 ir patog\u0173 naudojim\u0105.<\/li>\n<li><strong>Kuo unikalus i\u0161manusis skaitmeninis ekranas?<\/strong><br \/>\n\u0160is <strong>skaitmeninis ekranas<\/strong> rodo svarbias detales, tokias kaip <strong>baterijos procent\u0105<\/strong> ir <strong>e-skys\u010dio lygius<\/strong>, tod\u0117l lengva steb\u0117ti savo naudojim\u0105.<\/li>\n<li><strong>Kur galiu \u012fsigyti \u201eBang King Vape 35000 Puff\u201c didmenin\u0117mis kainomis?<\/strong><br \/>\nNor\u0117dami gauti geriausius <strong>didmenin\u0117mis kainomis<\/strong>, apsilankykite <strong>\u201evapestornado Online Vape Shop\u201c<\/strong>, si\u016blanti puikius pasi\u016blymus ir plat\u0173 produkt\u0173 asortiment\u0105.<\/li>\n<\/ol>\n<div class=\"flex max-w-full flex-col flex-grow\">\n<div class=\"min-h-8 text-message flex w-full flex-col items-end gap-2 whitespace-normal break-words text-start [.text-message+&amp;]:mt-5\" dir=\"auto\" data-message-author-role=\"assistant\" data-message-id=\"4dc48248-df95-45bd-b800-6dedb43cf7f1\" data-message-model-slug=\"gpt-4o\">\n<div class=\"flex w-full flex-col gap-1 empty:hidden first:pt-[3px]\"><\/div>\n<\/div>\n<\/div>\n<\/div>\n<\/div>\n<\/div>\n<\/div>\n<div class=\"flex-shrink-0 flex flex-col relative items-end\">\n<div class=\"pt-0\">\n<div class=\"gizmo-bot-avatar flex h-8 w-8 items-center justify-center overflow-hidden rounded-full\">\n<div class=\"relative p-1 rounded-sm flex items-center justify-center bg-token-main-surface-primary text-token-text-primary h-8 w-8\">\n<div class=\"mb-2 flex gap-3 empty:hidden -ml-2\">\n<div role=\"article\" data-tabster=\"{&quot;groupper&quot;:{&quot;tabbability&quot;:2},&quot;focusable&quot;:{}}\" data-content=\"ai-message\" aria-labelledby=\"Vdt5ez4X7Tg813x6rFVha-author Vdt5ez4X7Tg813x6rFVha-content\">\n<div id=\"Vdt5ez4X7Tg813x6rFVha-content\">\n<div role=\"article\" data-tabster=\"{&quot;groupper&quot;:{&quot;tabbability&quot;:2},&quot;focusable&quot;:{}}\" data-content=\"ai-message\" aria-labelledby=\"o968oC7CEo2fGHsGdsRYC-author o968oC7CEo2fGHsGdsRYC-content\">\n<div id=\"o968oC7CEo2fGHsGdsRYC-content\">\n<h2>Kod\u0117l verta rinktis \u201evapestornado\u201c \u201eBang King Vape 35k Puff Vape\u201c didmeninei prekybai?<\/h2>\n<div class=\"flex-shrink-0 flex flex-col relative items-end\">\n<div class=\"pt-0\">\n<div class=\"gizmo-bot-avatar flex h-8 w-8 items-center justify-center overflow-hidden rounded-full\">\n<div class=\"relative p-1 rounded-sm flex items-center justify-center bg-token-main-surface-primary text-token-text-primary h-8 w-8\">\n<p>Sveiki atvyk\u0119 \u012f vapestornado \u2013 j\u016bs\u0173 patikim\u0105 internetin\u0119 auk\u0161\u010diausios kokyb\u0117s vienkartini\u0173 garinimo priemoni\u0173 parduotuv\u0119. Tur\u0117dami daugiau nei 5 met\u0173 patirt\u012f, si\u016blome populiarius vienkartini\u0173 garinimo priemoni\u0173 prek\u0117s \u017eenklus, tokius kaip Fumot RandM Vape, <a href=\"https:\/\/vapestornado.com\/lt\/product-category\/vapme-shisha\/\">Vapme<\/a>, Bang Vape, Waspe Vape, ir WGA Vape ir kt.<\/p>\n<p>M\u016bs\u0173 asortimentas apima populiarias garinimo priemones, tokias kaip <a href=\"https:\/\/vapestornado.com\/lt\/product\/randm-12000-puffs-fumot-digital-disposable-vape-wholesale-price\/\">RandM Tornado 12000<\/a>, ir skoni\u0173 turtingus pasirinkimus, tokius kaip <a href=\"https:\/\/vapestornado.com\/lt\/product\/wga-crystal-pro-max-extra-15000-puffs-rechargeable-disposable-vape-wholesale-bulk-buy\/\">\u00a0WGA Crystal 15k \u012etraukim\u0173<\/a> . Kiekvienas produktas yra atrenkamas, akcentuojant kokyb\u0119, vert\u0119 ir \u012fvairov\u0119, u\u017etikrinant, kad rastum\u0117te tobul\u0105 variant\u0105 savo poreikiams. Atraskite i\u0161skirtin\u012f aptarnavim\u0105 ir plat\u0173 auk\u0161\u010diausios kokyb\u0117s produkt\u0173 asortiment\u0105 didmenin\u0117mis kainomis vapestornado svetain\u0117je.<\/p>\n<\/div>\n<p>&nbsp;<\/p>\n<p><strong>Kiti populiar\u016bs vienkartiniai garintuvai<\/strong><\/p>\n<p><a href=\"https:\/\/vapestornado.com\/lt\/product\/vozol-star-20000-puffs-disposable-vape-2-low-nicotine-bulk-buy-wholesale-cheap-price\/\">VOZOL Star 20000 \u012ftraukim\u0173 <span style=\"color: #ff0000;\"><strong>&gt;&gt;&gt;&gt; Pirmyn!<\/strong><\/span><\/a><\/p>\n<p><a href=\"https:\/\/vapestornado.com\/lt\/product\/refillable-disposable-vape-bang-40000-puffs-with-smart-screen-display-wholesale\/\">Bang 40000 \u012ftraukim\u0173<span style=\"color: #ff0000;\"><strong>&gt;&gt;&gt;&gt; Pirmyn!<\/strong><\/span><\/a><\/p>\n<p><a href=\"https:\/\/vapestornado.com\/lt\/product\/puff-25k-bang-king-25000-puffs-rechargeable-disposable-vape-wholesale-bulk-buy\/\">Bang King 25000 <span style=\"color: #ff0000;\"><strong>&gt;&gt;&gt;&gt; Pirmyn!<\/strong><\/span><\/a><\/p>\n<\/div>\n<\/div>\n<\/div>\n<p>&nbsp;<\/p>\n<\/div>\n<\/div>\n<\/div>\n<\/div>\n<\/div>\n<\/div>\n<\/div>\n<\/div>\n<\/div>","protected":false},"excerpt":{"rendered":"<p>BangKing Vape 35000 \u012etraukim\u0173 2% Ma\u017eo Nikotino Vienkartinis Vape Didmenin\u0117 Prekyba<br \/>\nBang King 35000 \u012etraukim\u0173 Skaitmeninis Ekranas Vienkartinis Vape Didmenin\u0117 Prekyba<br \/>\nBang King Vape 35k \u012ekraunamas Vienkartinis Vape U\u017e Pigi\u0105 Kain\u0105<\/p>\n<p><strong>Prid\u0117kite Amy whatsapp, gaukite tiesiogin\u012f atsakym\u0105 ir kupon\u0105 veipui!<\/strong><\/p>\n<p><img fetchpriority=\"high\" decoding=\"async\" class=\"size-full wp-image-2932\" src=\"https:\/\/vapestornado.com\/wp-content\/uploads\/2024\/12\/Vape-Wholesale.jpg\" alt=\"Garintuvai Didmenin\u0117 prekyba\" width=\"229\" height=\"300\" \/><\/p>\n<h3><a href=\"https:\/\/wa.me\/8617776015835\"><span style=\"color: #ff0000;\"><strong>WhatsApp: +86 17776015835<\/strong><\/span><\/a><\/h3>\n<p>&nbsp;<\/p>","protected":false},"featured_media":3636,"comment_status":"open","ping_status":"closed","template":"","meta":{"_acf_changed":false,"_uag_custom_page_level_css":"","_lmt_disableupdate":"no","_lmt_disable":"","_monsterinsights_skip_tracking":false,"_monsterinsights_sitenote_active":false,"_monsterinsights_sitenote_note":"","_monsterinsights_sitenote_category":0,"site-sidebar-layout":"default","site-content-layout":"","ast-site-content-layout":"default","site-content-style":"default","site-sidebar-style":"default","ast-global-header-display":"","ast-banner-title-visibility":"","ast-main-header-display":"","ast-hfb-above-header-display":"","ast-hfb-below-header-display":"","ast-hfb-mobile-header-display":"","site-post-title":"","ast-breadcrumbs-content":"","ast-featured-img":"","footer-sml-layout":"","ast-disable-related-posts":"","theme-transparent-header-meta":"default","adv-header-id-meta":"","stick-header-meta":"","header-above-stick-meta":"","header-main-stick-meta":"","header-below-stick-meta":"","astra-migrate-meta-layouts":"set","ast-page-background-enabled":"default","ast-page-background-meta":{"desktop":{"background-color":"","background-image":"","background-repeat":"repeat","background-position":"center center","background-size":"auto","background-attachment":"scroll","background-type":"","background-media":"","overlay-type":"","overlay-color":"","overlay-opacity":"","overlay-gradient":""},"tablet":{"background-color":"","background-image":"","background-repeat":"repeat","background-position":"center center","background-size":"auto","background-attachment":"scroll","background-type":"","background-media":"","overlay-type":"","overlay-color":"","overlay-opacity":"","overlay-gradient":""},"mobile":{"background-color":"","background-image":"","background-repeat":"repeat","background-position":"center center","background-size":"auto","background-attachment":"scroll","background-type":"","background-media":"","overlay-type":"","overlay-color":"","overlay-opacity":"","overlay-gradient":""}},"ast-content-background-meta":{"desktop":{"background-color":"var(--ast-global-color-5)","background-image":"","background-repeat":"repeat","background-position":"center center","background-size":"auto","background-attachment":"scroll","background-type":"","background-media":"","overlay-type":"","overlay-color":"","overlay-opacity":"","overlay-gradient":""},"tablet":{"background-color":"var(--ast-global-color-5)","background-image":"","background-repeat":"repeat","background-position":"center center","background-size":"auto","background-attachment":"scroll","background-type":"","background-media":"","overlay-type":"","overlay-color":"","overlay-opacity":"","overlay-gradient":""},"mobile":{"background-color":"var(--ast-global-color-5)","background-image":"","background-repeat":"repeat","background-position":"center center","background-size":"auto","background-attachment":"scroll","background-type":"","background-media":"","overlay-type":"","overlay-color":"","overlay-opacity":"","overlay-gradient":""}},"_joinchat":{"telephone":"+8617776015835"}},"product_brand":[],"product_cat":[175,63,152,157,160,143,144],"product_tag":[224,223,165,105,97,166,94],"class_list":{"0":"post-3639","1":"product","2":"type-product","3":"status-publish","4":"has-post-thumbnail","6":"product_cat-35000-puff","7":"product_cat-bangking","8":"product_cat-buy-disposable-vapes-in-cermany","9":"product_cat-buy-disposable-vapes-in-portugal","10":"product_cat-buy-disposable-vapes-in-switzerland","11":"product_cat-dual-mesh-disposable-vapes","12":"product_cat-low-nicotine-disposable-vapes","13":"product_tag-bang-king-35000","14":"product_tag-bang-king-vape-35000","15":"product_tag-cheap-vapes","16":"product_tag-digital-disposable-vape","17":"product_tag-hot-sale-disposable-vape","18":"product_tag-low-nicotine-vape","19":"product_tag-rechargeable-disposable-vape","20":"desktop-align-left","21":"tablet-align-left","22":"mobile-align-left","24":"first","25":"instock","26":"sale","27":"shipping-taxable","28":"purchasable","29":"product-type-simple"},"acf":[],"uagb_featured_image_src":{"full":["https:\/\/vapestornado.com\/wp-content\/uploads\/2025\/01\/Bang-King-Vape-35000-Puffs-Wholesale.webp",800,800,false],"thumbnail":["https:\/\/vapestornado.com\/wp-content\/uploads\/2025\/01\/Bang-King-Vape-35000-Puffs-Wholesale-150x150.webp",150,150,true],"medium":["https:\/\/vapestornado.com\/wp-content\/uploads\/2025\/01\/Bang-King-Vape-35000-Puffs-Wholesale-300x300.webp",300,300,true],"medium_large":["https:\/\/vapestornado.com\/wp-content\/uploads\/2025\/01\/Bang-King-Vape-35000-Puffs-Wholesale-768x768.webp",768,768,true],"large":["https:\/\/vapestornado.com\/wp-content\/uploads\/2025\/01\/Bang-King-Vape-35000-Puffs-Wholesale.webp",800,800,false],"1536x1536":["https:\/\/vapestornado.com\/wp-content\/uploads\/2025\/01\/Bang-King-Vape-35000-Puffs-Wholesale.webp",800,800,false],"2048x2048":["https:\/\/vapestornado.com\/wp-content\/uploads\/2025\/01\/Bang-King-Vape-35000-Puffs-Wholesale.webp",800,800,false],"trp-custom-language-flag":["https:\/\/vapestornado.com\/wp-content\/uploads\/2025\/01\/Bang-King-Vape-35000-Puffs-Wholesale.webp",12,12,false],"woocommerce_thumbnail":["https:\/\/vapestornado.com\/wp-content\/uploads\/2025\/01\/Bang-King-Vape-35000-Puffs-Wholesale-300x300.webp",300,300,true],"woocommerce_single":["https:\/\/vapestornado.com\/wp-content\/uploads\/2025\/01\/Bang-King-Vape-35000-Puffs-Wholesale-600x600.webp",600,600,true],"woocommerce_gallery_thumbnail":["https:\/\/vapestornado.com\/wp-content\/uploads\/2025\/01\/Bang-King-Vape-35000-Puffs-Wholesale-100x100.webp",100,100,true]},"uagb_author_info":{"display_name":"ESAMY","author_link":"https:\/\/vapestornado.com\/lt\/author\/"},"uagb_comment_info":0,"uagb_excerpt":"BangKing Vape 35000 Puffs 2% Low Nicotine Disposable Vape Wholesale Bang King 35000 Puff \u00a0Digital Display Disposable Vape Bulk Buy Bang King Vape 35k Rechargeable Disposable Vape Cheap Price Add Amy's whatsapp get right reply and vape coupon! WhatsApp: +86 17776015835 &nbsp;","_links":{"self":[{"href":"https:\/\/vapestornado.com\/lt\/wp-json\/wp\/v2\/product\/3639","targetHints":{"allow":["GET"]}}],"collection":[{"href":"https:\/\/vapestornado.com\/lt\/wp-json\/wp\/v2\/product"}],"about":[{"href":"https:\/\/vapestornado.com\/lt\/wp-json\/wp\/v2\/types\/product"}],"replies":[{"embeddable":true,"href":"https:\/\/vapestornado.com\/lt\/wp-json\/wp\/v2\/comments?post=3639"}],"wp:featuredmedia":[{"embeddable":true,"href":"https:\/\/vapestornado.com\/lt\/wp-json\/wp\/v2\/media\/3636"}],"wp:attachment":[{"href":"https:\/\/vapestornado.com\/lt\/wp-json\/wp\/v2\/media?parent=3639"}],"wp:term":[{"taxonomy":"product_brand","embeddable":true,"href":"https:\/\/vapestornado.com\/lt\/wp-json\/wp\/v2\/product_brand?post=3639"},{"taxonomy":"product_cat","embeddable":true,"href":"https:\/\/vapestornado.com\/lt\/wp-json\/wp\/v2\/product_cat?post=3639"},{"taxonomy":"product_tag","embeddable":true,"href":"https:\/\/vapestornado.com\/lt\/wp-json\/wp\/v2\/product_tag?post=3639"}],"curies":[{"name":"wp","href":"https:\/\/api.w.org\/{rel}","templated":true}]}}