{"id":3631,"date":"2025-01-02T09:26:09","date_gmt":"2025-01-02T09:26:09","guid":{"rendered":"https:\/\/vapestornado.com\/?post_type=product&#038;p=3631"},"modified":"2025-08-23T09:38:46","modified_gmt":"2025-08-23T09:38:46","slug":"uwin-tornado-vape-music-35000-puffs-wholesale-price","status":"publish","type":"product","link":"https:\/\/vapestornado.com\/lt\/product\/uwin-tornado-vape-music-35000-puffs-wholesale-price\/","title":{"rendered":"UWIN Tornado Vape Music 35000 Puffs didmenin\u0117 kaina"},"content":{"rendered":"<h1>UWIN Tornado Vape Music 35000 Puffs didmenin\u0117 kaina<\/h1>\n<p>&nbsp;<\/p>\n<div role=\"article\" data-tabster=\"{&quot;groupper&quot;:{&quot;tabbability&quot;:2},&quot;focusable&quot;:{}}\" data-content=\"ai-message\" aria-labelledby=\"64JRvXrTnY7mRmPkEQLLT-author 64JRvXrTnY7mRmPkEQLLT-content\">\n<div id=\"64JRvXrTnY7mRmPkEQLLT-content\">\n<p data-start=\"318\" data-end=\"611\">\u0160is <strong data-start=\"322\" data-end=\"377\">UWIN Tornado Vape Music 35000 \u012ftraukim\u0173 vienkartinis garintuvas<\/strong> apjungia didel\u0119 talp\u0105, na\u0161um\u0105 ir unikal\u0173 dizain\u0105 tiek individualiems vartotojams, tiek didmeniniams pirk\u0117jams. Su iki <strong data-start=\"492\" data-end=\"508\">35 000 \u012ftraukim\u0173<\/strong> ir <strong data-start=\"513\" data-end=\"535\">16 auk\u0161\u010diausios kokyb\u0117s skoni\u0173<\/strong>\u012ftraukim\u0173, jis u\u017etikrina ilgalaik\u012f naudojim\u0105 ir \u012fvairov\u0119, atitinkan\u010di\u0105 skirtingus pageidavimus.<\/p>\n<p data-start=\"613\" data-end=\"882\">Galima \u012fsigyti <strong data-start=\"626\" data-end=\"667\">0%, 2%, 3% ir 5% nikotino stiprumo<\/strong>\u012ftraukim\u0173, \u0161is garintuvas skirtas pla\u010diai auditorijai. \u201e <strong data-start=\"710\" data-end=\"728\">1.0\u03a9 tinklelio rit\u0117<\/strong> u\u017etikrina skland\u0173 gar\u0173 gamyb\u0105, o <strong data-start=\"772\" data-end=\"803\">650mAh \u012fkraunama baterija<\/strong> su <strong data-start=\"809\" data-end=\"833\">C tipo greit\u0105j\u012f \u012fkrovim\u0105<\/strong> u\u017etikrina patikim\u0105 energij\u0105 ilgoms sesijoms.<\/p>\n<p data-start=\"884\" data-end=\"1179\">Jo i\u0161skirtinis <strong data-start=\"897\" data-end=\"920\">RGB ap\u0161vietimo sistema<\/strong> sinchronizuojasi su muzikos ritmais, si\u016blydama interaktyvi\u0105 patirt\u012f kartu su nuosekliu skoniu ir na\u0161umu. Supakuotas \u012f <strong data-start=\"1037\" data-end=\"1058\">160 vienet\u0173 d\u0117\u017ees<\/strong> (21 kg vienoje d\u0117\u017e\u0117je), <strong data-start=\"1082\" data-end=\"1102\">UWIN Tornado 35K<\/strong> yra skirtas efektyviam didmeniniam platinimui ir didelei ma\u017emeninei paklausai.<\/p>\n<figure id=\"attachment_3652\" aria-describedby=\"caption-attachment-3652\" style=\"width: 669px\" class=\"wp-caption alignnone\"><img fetchpriority=\"high\" decoding=\"async\" class=\"wp-image-3652\" src=\"https:\/\/vapestornado.com\/wp-content\/uploads\/2025\/01\/Cheap-Price-Uwin-Tornado-35k-Puffs-Vape.jpg\" alt=\"Pigi kaina Uwin Tornado 35k \u012fkv\u0117pim\u0173 Vape\" width=\"669\" height=\"669\" srcset=\"https:\/\/vapestornado.com\/wp-content\/uploads\/2025\/01\/Cheap-Price-Uwin-Tornado-35k-Puffs-Vape.jpg 800w, https:\/\/vapestornado.com\/wp-content\/uploads\/2025\/01\/Cheap-Price-Uwin-Tornado-35k-Puffs-Vape-300x300.jpg 300w, https:\/\/vapestornado.com\/wp-content\/uploads\/2025\/01\/Cheap-Price-Uwin-Tornado-35k-Puffs-Vape-150x150.jpg 150w, https:\/\/vapestornado.com\/wp-content\/uploads\/2025\/01\/Cheap-Price-Uwin-Tornado-35k-Puffs-Vape-768x768.jpg 768w, https:\/\/vapestornado.com\/wp-content\/uploads\/2025\/01\/Cheap-Price-Uwin-Tornado-35k-Puffs-Vape-600x600.jpg 600w, https:\/\/vapestornado.com\/wp-content\/uploads\/2025\/01\/Cheap-Price-Uwin-Tornado-35k-Puffs-Vape-100x100.jpg 100w\" sizes=\"(max-width: 669px) 100vw, 669px\" \/><figcaption id=\"caption-attachment-3652\" class=\"wp-caption-text\">Pigi kaina Uwin Tornado 35k \u012fkv\u0117pim\u0173 Vape<\/figcaption><\/figure>\n<\/div>\n<\/div>\n<p><img decoding=\"async\" class=\"alignleft wp-image-2951 size-medium\" src=\"https:\/\/vapestornado.com\/wp-content\/uploads\/2024\/12\/Wholesale-Disposable-Vape-265x300.jpg\" alt=\"Didmenin\u0117 prekyba vienkartiniais garintuvais\" width=\"265\" height=\"300\" srcset=\"https:\/\/vapestornado.com\/wp-content\/uploads\/2024\/12\/Wholesale-Disposable-Vape-265x300.jpg 265w, https:\/\/vapestornado.com\/wp-content\/uploads\/2024\/12\/Wholesale-Disposable-Vape-768x871.jpg 768w, https:\/\/vapestornado.com\/wp-content\/uploads\/2024\/12\/Wholesale-Disposable-Vape-600x680.jpg 600w, https:\/\/vapestornado.com\/wp-content\/uploads\/2024\/12\/Wholesale-Disposable-Vape.jpg 823w\" sizes=\"(max-width: 265px) 100vw, 265px\" \/><\/p>\n<h5>Pra\u0161ome susisiekti su Mandy per \u201eWhatsApp\u201c d\u0117l nuolaidos kainos<a href=\"https:\/\/wa.me\/8618077105796\" target=\"_blank\" rel=\"noopener\">+8618077105796<\/a><\/h5>\n<div class=\"flex max-w-full flex-col flex-grow\">\n<div class=\"min-h-8 text-message flex w-full flex-col items-end gap-2 whitespace-normal break-words text-start [.text-message+&amp;]:mt-5\" dir=\"auto\" data-message-author-role=\"assistant\" data-message-id=\"cdb991c0-f594-4bff-b2d5-fbbdd7ce9e54\" data-message-model-slug=\"gpt-4o-mini\">\n<div class=\"flex w-full flex-col gap-1 empty:hidden first:pt-[3px]\">\n<div class=\"markdown prose w-full break-words dark:prose-invert light\"><\/div>\n<\/div>\n<\/div>\n<\/div>\n<div class=\"mb-2 flex gap-3 empty:hidden -ml-2\">\n<h2>UWIN Tornado Vape Music 35000 \u012fkv\u0117pim\u0173 pagrindin\u0117s savyb\u0117s:<\/h2>\n<ul>\n<li><strong>Nikotino pasirinkimai<\/strong>: 0%, 2%, 3%, 5% \u2013 pritaikytas \u012fvairiems pageidavimams patenkinti.<\/li>\n<li><strong>\u012ekv\u0117pimai<\/strong>: 35 000 \u2013 i\u0161skirtinis ilgaam\u017ei\u0161kumas nepertraukiamai garinimo patir\u010diai.<\/li>\n<li><strong>D\u0117\u017eut\u0117s kiekis<\/strong>: 160 vnt. \u2013 idealiai tinka didmeninei ir didelio masto prekybai.<\/li>\n<li><strong>Skoniai<\/strong>: 16 \u2013 platus pasirinkimas, atitinkantis kiekvien\u0105 skon\u012f.<\/li>\n<li><strong>Baterija<\/strong>: 650 mAh \u012fkraunama su C tipo prievadu \u2013 patikima galia su greitu \u012fkrovimu.<\/li>\n<li><strong>Rit\u0117<\/strong>: 1,0 omo tinklelio rit\u0117 \u2013 u\u017etikrina skland\u0173 ir nuosekl\u0173 gar\u0173 gamyb\u0105.<\/li>\n<li><strong>D\u0117\u017eut\u0117s svoris<\/strong>: 21 kg \u2013 tvirta pakuot\u0117, kad b\u016bt\u0173 lengva tvarkyti.<\/li>\n<li><strong>D\u0117\u017eut\u0117s matmenys<\/strong>: Kompakti\u0161ki ir optimizuoti efektyviam sand\u0117liavimui ir gabenimui.<\/li>\n<li><strong>RGB lemput\u0117s<\/strong>: Ry\u0161kus ap\u0161vietimas \u0161iuolaikinei estetikai.<\/li>\n<li><strong>Dinaminis ap\u0161vietimas<\/strong>: Lemput\u0117s pulsuoja pagal muzik\u0105, sukurdamos \u012ftraukian\u010di\u0105 garinimo patirt\u012f.<\/li>\n<\/ul>\n<\/div>\n<h2>UWIN Tornado Music 35000 \u012ftraukim\u0173 vienkartini\u0173 garintuv\u0173 skonis:<\/h2>\n<p>1. M\u0117lyni\u0173 avie\u010di\u0173<br \/>\n2. Vynuogi\u0173 ledas<br \/>\n3. Bra\u0161ki\u0173 arb\u016bzas<br \/>\n4. M\u0117lyni\u0173 su ledu<br \/>\n5. Arb\u016bz\u0173 ledas<br \/>\n6. Vy\u0161ni\u0173 ledas<br \/>\n7. Bra\u0161ki\u0173, avie\u010di\u0173 ir vy\u0161ni\u0173 ledas<br \/>\n8. Kivi\u0173, pasiflor\u0173 ir gvajav\u0173<br \/>\n9. Bra\u0161ki\u0173 ledas<br \/>\n10. Persik\u0173, mang\u0173 ir ananas\u0173<br \/>\n11. M\u0117lyni\u0173, vy\u0161ni\u0173 ir spanguoli\u0173<br \/>\n12. Persik\u0173 ir uog\u0173<br \/>\n13. Vy\u0161ni\u0173 kola<br \/>\n14. Mi\u0161rios uogos<br \/>\n15. Ponas M\u0117lynasis<br \/>\n16. Vasari\u0161kas persik\u0173 ledas<\/p>\n<div role=\"article\" data-tabster=\"{&quot;groupper&quot;:{&quot;tabbability&quot;:2},&quot;focusable&quot;:{}}\" data-content=\"ai-message\" aria-labelledby=\"dARUyEWDoEYhnSPXFwx5A-author dARUyEWDoEYhnSPXFwx5A-content\">\n<div id=\"dARUyEWDoEYhnSPXFwx5A-content\">\n<h2>Kod\u0117l verta rinktis \u201eUWIN Tornado Vapes Music 35000\u201c \u012ftraukim\u0173? <strong>\u00a0<\/strong>at <a href=\"https:\/\/vapestornado.com\/lt\/product\/bang-box-35k-puffs-high-capacity-long-lasting-disposable-vape\/\">vapestornado.com?<\/a><\/h2>\n<ul>\n<li><strong>Neprilygstamas \u012ftraukim\u0173 skai\u010dius<\/strong>: 35 000 \u012ftraukim\u0173 viename \u012frenginyje u\u017etikrina i\u0161skirtin\u0119 vert\u0119 ir ilgaam\u017ei\u0161kum\u0105, pritraukiant daugiau klient\u0173.<\/li>\n<li><strong>Inovatyvus dizainas<\/strong>: \u012erengtas RGB ap\u0161vietimas, kuris sinchronizuojasi su muzika, suteikdamas unikali\u0105 ir \u012ftraukian\u010di\u0105 garinimo patirt\u012f, kuri i\u0161siskiria rinkoje.<\/li>\n<li><strong>Auk\u0161tos kokyb\u0117s komponentai<\/strong>: Turi 650 mAh \u012fkraunam\u0105 baterij\u0105, C tipo prievad\u0105 ir 1,0 omo tinklin\u0119 rit\u0119, u\u017etikrinan\u010di\u0105 nuosekl\u0173 ir patikim\u0105 veikim\u0105.<\/li>\n<li><strong>Skoni\u0173 \u012fvairov\u0117<\/strong>: Su 16 skirting\u0173 skoni\u0173 klientai gali tyrin\u0117ti plat\u0173 skoni\u0173 asortiment\u0105, u\u017etikrinant\u012f pakartotin\u012f versl\u0105.<\/li>\n<li><strong>Didmenin\u0117 pakuot\u0117<\/strong>: Kiekvienoje d\u0117\u017eut\u0117je yra 160 vienet\u0173, tod\u0117l ji puikiai tinka didmeninei ir ma\u017emeninei prekybai.<\/li>\n<li><strong>Konkurencingos kainos<\/strong>: vapestornado.com si\u016blo pirmaujan\u010dias didmenines kainas, kad maksimaliai padidintum\u0117te savo pelno mar\u017eas.<\/li>\n<li><strong>Patikimas tiek\u0117jas<\/strong>: vapestornado.com yra \u012fsipareigojusi kokybei ir patikimam pristatymui, tod\u0117l galite pasitik\u0117ti \u0161iuo partneriu, nor\u0117dami pl\u0117sti savo versl\u0105.<\/li>\n<\/ul>\n<\/div>\n<\/div>\n<h2>DUK apie UWIN Tornado Vape Music 35000 \u012ftraukim\u0173 Vape Pod<\/h2>\n<ul>\n<li><strong>Kuo UWIN 35k \u012ftraukim\u0173 Tornado Vape Music yra unikalus?<\/strong><br \/>\nUWIN Tornado i\u0161siskiria savo <strong>35 000 \u012ftraukim\u0173 talpa<\/strong>, RGB \u0161viesomis, kurios sinchronizuojasi su muzika, ir pla\u010diu asortimentu <strong>16 auk\u0161\u010diausios kokyb\u0117s skoni\u0173<\/strong>, si\u016blydama stiling\u0105 ir \u012ftraukiant\u012f garinimo patirt\u012f.<\/li>\n<li><strong>Koki\u0105 rit\u0119 naudoja UWIN Tornado Vape Music 35k \u012ftraukim\u0173?<\/strong><br \/>\nUWIN Tornado turi <strong>1,0 omo tinklelio rit\u0117<\/strong>, u\u017etikrinan\u010di\u0105 skland\u0173, aromating\u0105 ir nuosekl\u0173 gar\u0173 gamyb\u0105 kiekvienam \u012ftraukimui.<\/li>\n<li><strong>Kaip veikia RGB \u0161viesos?<\/strong><br \/>\n\u012erenginio RGB \u0161viesos yra dinami\u0161kos ir pulsuoja pagal muzik\u0105, sukurdamos vizualiai patraukli\u0105 patirt\u012f, kuri papildo jo modern\u0173 dizain\u0105.<\/li>\n<li><strong>Kod\u0117l tur\u0117\u010diau rinktis UWIN Tornado Vapes 35000 \u012ftraukim\u0173, o ne kitus vienkartinius garintuvus?<\/strong><br \/>\nUWIN Tornado sujungia auk\u0161\u010diausi\u0105 kokyb\u0119, novatori\u0161kas funkcijas ir neprilygstam\u0105 \u012ftraukim\u0173 talp\u0105, tod\u0117l tai yra auk\u0161\u010diausios klas\u0117s pasirinkimas auk\u0161\u010diausios klas\u0117s garinimo rinkoje.<\/li>\n<\/ul>","protected":false},"excerpt":{"rendered":"<p><strong>UWIN Tornado Vape Music 35000 \u012ftraukim\u0173<\/strong>, tai revoliucinis vienkartinis garintuvas. Su dinami\u0161komis muzikos sinchronizuotomis LED lemput\u0117mis, didele 35 000 \u012ftraukim\u0173 talpa ir \u012fkraunamu Type-C dizainu, \u0161is garintuvas sujungia inovacijas su stiliumi. Puikiai tinka didmenininkams, ie\u0161kantiems auk\u0161\u010diausios kokyb\u0117s, didelio na\u0161umo \u012frengini\u0173 konkurencingomis kainomis.<\/p>\n<figure id=\"attachment_2951\" aria-describedby=\"caption-attachment-2951\" style=\"width: 265px\" class=\"wp-caption alignnone\"><img decoding=\"async\" class=\"size-medium wp-image-2951\" src=\"https:\/\/vapestornado.com\/wp-content\/uploads\/2024\/12\/Wholesale-Disposable-Vape-265x300.jpg\" alt=\"Didmenin\u0117 prekyba vienkartiniais garintuvais\" width=\"265\" height=\"300\" srcset=\"https:\/\/vapestornado.com\/wp-content\/uploads\/2024\/12\/Wholesale-Disposable-Vape-265x300.jpg 265w, https:\/\/vapestornado.com\/wp-content\/uploads\/2024\/12\/Wholesale-Disposable-Vape-768x871.jpg 768w, https:\/\/vapestornado.com\/wp-content\/uploads\/2024\/12\/Wholesale-Disposable-Vape-600x680.jpg 600w, https:\/\/vapestornado.com\/wp-content\/uploads\/2024\/12\/Wholesale-Disposable-Vape.jpg 823w\" sizes=\"(max-width: 265px) 100vw, 265px\" \/><figcaption id=\"caption-attachment-2951\" class=\"wp-caption-text\">Pra\u0161ome susisiekti su Mandy per \u201eWhatsApp\u201c d\u0117l nuolaidos kainos\u00a0 <a href=\"https:\/\/wa.me\/8618077105796\">+8618077105796<\/a><\/figcaption><\/figure>\n<p>&nbsp;<\/p>","protected":false},"featured_media":3654,"comment_status":"open","ping_status":"closed","template":"","meta":{"_acf_changed":false,"_uag_custom_page_level_css":"","_lmt_disableupdate":"no","_lmt_disable":"","_monsterinsights_skip_tracking":false,"_monsterinsights_sitenote_active":false,"_monsterinsights_sitenote_note":"","_monsterinsights_sitenote_category":0,"site-sidebar-layout":"default","site-content-layout":"","ast-site-content-layout":"default","site-content-style":"default","site-sidebar-style":"default","ast-global-header-display":"","ast-banner-title-visibility":"","ast-main-header-display":"","ast-hfb-above-header-display":"","ast-hfb-below-header-display":"","ast-hfb-mobile-header-display":"","site-post-title":"","ast-breadcrumbs-content":"","ast-featured-img":"","footer-sml-layout":"","ast-disable-related-posts":"","theme-transparent-header-meta":"default","adv-header-id-meta":"","stick-header-meta":"","header-above-stick-meta":"","header-main-stick-meta":"","header-below-stick-meta":"","astra-migrate-meta-layouts":"set","ast-page-background-enabled":"default","ast-page-background-meta":{"desktop":{"background-color":"","background-image":"","background-repeat":"repeat","background-position":"center center","background-size":"auto","background-attachment":"scroll","background-type":"","background-media":"","overlay-type":"","overlay-color":"","overlay-opacity":"","overlay-gradient":""},"tablet":{"background-color":"","background-image":"","background-repeat":"repeat","background-position":"center center","background-size":"auto","background-attachment":"scroll","background-type":"","background-media":"","overlay-type":"","overlay-color":"","overlay-opacity":"","overlay-gradient":""},"mobile":{"background-color":"","background-image":"","background-repeat":"repeat","background-position":"center center","background-size":"auto","background-attachment":"scroll","background-type":"","background-media":"","overlay-type":"","overlay-color":"","overlay-opacity":"","overlay-gradient":""}},"ast-content-background-meta":{"desktop":{"background-color":"var(--ast-global-color-5)","background-image":"","background-repeat":"repeat","background-position":"center center","background-size":"auto","background-attachment":"scroll","background-type":"","background-media":"","overlay-type":"","overlay-color":"","overlay-opacity":"","overlay-gradient":""},"tablet":{"background-color":"var(--ast-global-color-5)","background-image":"","background-repeat":"repeat","background-position":"center center","background-size":"auto","background-attachment":"scroll","background-type":"","background-media":"","overlay-type":"","overlay-color":"","overlay-opacity":"","overlay-gradient":""},"mobile":{"background-color":"var(--ast-global-color-5)","background-image":"","background-repeat":"repeat","background-position":"center center","background-size":"auto","background-attachment":"scroll","background-type":"","background-media":"","overlay-type":"","overlay-color":"","overlay-opacity":"","overlay-gradient":""}},"_joinchat":{"telephone":"+8618077105796"}},"product_brand":[],"product_cat":[175,140,150,157,233],"product_tag":[97,133],"class_list":{"0":"post-3631","1":"product","2":"type-product","3":"status-publish","4":"has-post-thumbnail","6":"product_cat-35000-puff","7":"product_cat-big-puffs-disposable-vapes","8":"product_cat-buy-disposable-vapes-in-belgium","9":"product_cat-buy-disposable-vapes-in-portugal","10":"product_cat-uwin-vape","11":"product_tag-hot-sale-disposable-vape","12":"product_tag-uwin-tornado-35000","13":"desktop-align-left","14":"tablet-align-left","15":"mobile-align-left","17":"first","18":"instock","19":"sale","20":"shipping-taxable","21":"purchasable","22":"product-type-simple"},"acf":[],"uagb_featured_image_src":{"full":["https:\/\/vapestornado.com\/wp-content\/uploads\/2025\/01\/Good-Sale-Uwin-Tornado-35k-Puffs-Disposable-Vape.jpg",800,800,false],"thumbnail":["https:\/\/vapestornado.com\/wp-content\/uploads\/2025\/01\/Good-Sale-Uwin-Tornado-35k-Puffs-Disposable-Vape-150x150.jpg",150,150,true],"medium":["https:\/\/vapestornado.com\/wp-content\/uploads\/2025\/01\/Good-Sale-Uwin-Tornado-35k-Puffs-Disposable-Vape-300x300.jpg",300,300,true],"medium_large":["https:\/\/vapestornado.com\/wp-content\/uploads\/2025\/01\/Good-Sale-Uwin-Tornado-35k-Puffs-Disposable-Vape-768x768.jpg",768,768,true],"large":["https:\/\/vapestornado.com\/wp-content\/uploads\/2025\/01\/Good-Sale-Uwin-Tornado-35k-Puffs-Disposable-Vape.jpg",800,800,false],"1536x1536":["https:\/\/vapestornado.com\/wp-content\/uploads\/2025\/01\/Good-Sale-Uwin-Tornado-35k-Puffs-Disposable-Vape.jpg",800,800,false],"2048x2048":["https:\/\/vapestornado.com\/wp-content\/uploads\/2025\/01\/Good-Sale-Uwin-Tornado-35k-Puffs-Disposable-Vape.jpg",800,800,false],"trp-custom-language-flag":["https:\/\/vapestornado.com\/wp-content\/uploads\/2025\/01\/Good-Sale-Uwin-Tornado-35k-Puffs-Disposable-Vape.jpg",12,12,false],"woocommerce_thumbnail":["https:\/\/vapestornado.com\/wp-content\/uploads\/2025\/01\/Good-Sale-Uwin-Tornado-35k-Puffs-Disposable-Vape-300x300.jpg",300,300,true],"woocommerce_single":["https:\/\/vapestornado.com\/wp-content\/uploads\/2025\/01\/Good-Sale-Uwin-Tornado-35k-Puffs-Disposable-Vape-600x600.jpg",600,600,true],"woocommerce_gallery_thumbnail":["https:\/\/vapestornado.com\/wp-content\/uploads\/2025\/01\/Good-Sale-Uwin-Tornado-35k-Puffs-Disposable-Vape-100x100.jpg",100,100,true]},"uagb_author_info":{"display_name":"ESMANDY","author_link":"https:\/\/vapestornado.com\/lt\/author\/"},"uagb_comment_info":0,"uagb_excerpt":"UWIN Tornado Vape Music 35000 Puffs, a game-changer in disposable vaping. With its dynamic music-synced LED lights, massive 35,000 puffs capacity, and rechargeable Type-C design, this vape blends innovation with style. Perfect for wholesalers seeking premium, high-performance devices at competitive prices. [caption id=\"attachment_2951\" align=\"alignnone\" width=\"265\"] Pls Contact Mandy's WhatsApp For Discount Price\u00a0 +8618077105796[\/caption] &nbsp;","_links":{"self":[{"href":"https:\/\/vapestornado.com\/lt\/wp-json\/wp\/v2\/product\/3631","targetHints":{"allow":["GET"]}}],"collection":[{"href":"https:\/\/vapestornado.com\/lt\/wp-json\/wp\/v2\/product"}],"about":[{"href":"https:\/\/vapestornado.com\/lt\/wp-json\/wp\/v2\/types\/product"}],"replies":[{"embeddable":true,"href":"https:\/\/vapestornado.com\/lt\/wp-json\/wp\/v2\/comments?post=3631"}],"wp:featuredmedia":[{"embeddable":true,"href":"https:\/\/vapestornado.com\/lt\/wp-json\/wp\/v2\/media\/3654"}],"wp:attachment":[{"href":"https:\/\/vapestornado.com\/lt\/wp-json\/wp\/v2\/media?parent=3631"}],"wp:term":[{"taxonomy":"product_brand","embeddable":true,"href":"https:\/\/vapestornado.com\/lt\/wp-json\/wp\/v2\/product_brand?post=3631"},{"taxonomy":"product_cat","embeddable":true,"href":"https:\/\/vapestornado.com\/lt\/wp-json\/wp\/v2\/product_cat?post=3631"},{"taxonomy":"product_tag","embeddable":true,"href":"https:\/\/vapestornado.com\/lt\/wp-json\/wp\/v2\/product_tag?post=3631"}],"curies":[{"name":"wp","href":"https:\/\/api.w.org\/{rel}","templated":true}]}}