{"id":3624,"date":"2025-01-02T07:15:34","date_gmt":"2025-01-02T07:15:34","guid":{"rendered":"https:\/\/vapestornado.com\/?post_type=product&#038;p=3624"},"modified":"2025-08-23T11:39:50","modified_gmt":"2025-08-23T11:39:50","slug":"vozol-star-20000-puffs-disposable-vape-2-low-nicotine-bulk-buy-wholesale-cheap-price","status":"publish","type":"product","link":"https:\/\/vapestornado.com\/lt\/product\/vozol-star-20000-puffs-disposable-vape-2-low-nicotine-bulk-buy-wholesale-cheap-price\/","title":{"rendered":"VOZOL Star 20000 \u012etraukim\u0173 Vienkartinis Garintuvas 2% Ma\u017eas Nikotino Kiekis Didmenin\u0117 Prekyba \u017dema Kaina"},"content":{"rendered":"<h1 class=\"product-title\">VOZOL Star 20000 \u012etraukim\u0173 Vienkartinis Garintuvas 2% Ma\u017eas Nikotino Kiekis Didmenin\u0117 Prekyba \u017dema Kaina<\/h1>\n<p data-start=\"197\" data-end=\"530\">\u0160is <strong data-start=\"201\" data-end=\"243\">VOZOL Star 20000 P\u016btim\u0173 Vienkartinis Garintuvas<\/strong> yra novatori\u0161kas prietaisas, sukurtas garintojams ir <strong data-start=\"289\" data-end=\"315\">didmeniniams platintojams,<\/strong> kurie nori ka\u017eko unikalaus lentynoje. Tai pirmasis pasaulyje vienkartinis prietaisas su <strong data-start=\"395\" data-end=\"421\">2,2 colio HD veidrodiniu ekranu<\/strong>, kuris pasi\u017eymi futuristiniu dizainu ir prakti\u0161ku funkcionalumu, tod\u0117l i\u0161siskiria bet kurioje ma\u017emenin\u0117s prekybos linijoje.<\/p>\n<p data-start=\"532\" data-end=\"840\">Su iki <strong data-start=\"543\" data-end=\"559\">20 000 \u012fkv\u0117pim\u0173<\/strong>, \u201eStar\u201c maitinamas <strong data-start=\"586\" data-end=\"617\">650mAh \u012fkraunama baterija<\/strong> ir <strong data-start=\"624\" data-end=\"657\">24 ml i\u0161 anksto u\u017epildytu e. skys\u010dio baku<\/strong>, u\u017etikrinan\u010diu ilgalaik\u012f veikim\u0105. <strong data-start=\"694\" data-end=\"719\">dviguba tinklelio rit\u0117s sistema<\/strong> suteikia sodr\u0173 skon\u012f ir tir\u0161tus debesis, o reguliuojami nustatymai leid\u017eia vartotojams suasmeninti savo garinimo seansus.<\/p>\n<p data-start=\"842\" data-end=\"1136\">\u0160is <strong data-start=\"846\" data-end=\"874\">interaktyvus spalvotas ekranas<\/strong> realiuoju laiku rodo \u012ftraukim\u0173 skai\u010di\u0173, baterijos lyg\u012f ir likus\u012f e. skys\u010dio kiek\u012f, suteikdamas klientams visi\u0161k\u0105 patirt\u012f. D\u0117l savo aptakios ir modernios apdailos jis ypa\u010d patrauklus jaunesnei demografinei grupei visoje Vokietijoje, Pranc\u016bzijoje, Ispanijoje ir kitose ES rinkose.<\/p>\n<p data-start=\"1138\" data-end=\"1324\">Didmenininkams <strong data-start=\"1159\" data-end=\"1177\">VOZOL Star 20K<\/strong> sujungia pa\u017eangias funkcijas, ilgalaik\u012f naudojim\u0105 ir konkurencingas didmenines kainas, tod\u0117l tai yra gerai parduodamas vienkartinis garintuvas, skirtas platinti Lietuvoje.<\/p>\n<p><strong>U\u017esisakykite VOZOL Star 20000 vienkartin\u012f garintuv\u0105<\/strong> internetu i\u0161 <strong>\u201evapestornado\u201c internetin\u0117s garintuv\u0173 parduotuv\u0117s<\/strong>\u00a0ir m\u0117gaukit\u0117s unikaliomis pristatymo paslaugomis visoje <strong>Vokietija<\/strong>, <strong>Nyderlandai<\/strong>, <strong>Pranc\u016bzija<\/strong>, <strong>Italija<\/strong>, <strong>Ispanija<\/strong>, <strong>Lietuva<\/strong>, <strong>\u0160vedija<\/strong>, <strong>Lenkija<\/strong>, <strong>Belgija<\/strong>, <strong>Austrija<\/strong>, <strong>Lietuva<\/strong>, <strong>Danija<\/strong>, <strong>Suomija<\/strong>, <strong>Portugalija<\/strong>, <strong>Vengrija<\/strong>, ir daugiau.<\/p>\n<p>&nbsp;<\/p>\n<p><span style=\"color: #ff0000;\"><strong>Prid\u0117kite Amy's Whatsapp, gaukite teising\u0105 atsakym\u0105 ir kupon\u0105 garintuvui!<\/strong><\/span><\/p>\n<p><img fetchpriority=\"high\" decoding=\"async\" class=\"size-full wp-image-2932\" src=\"https:\/\/vapestornado.com\/wp-content\/uploads\/2024\/12\/Vape-Wholesale.jpg\" alt=\"Garintuvai Didmenin\u0117 prekyba\" width=\"229\" height=\"300\" \/><\/p>\n<h3><a href=\"https:\/\/wa.me\/8617776015835\" target=\"_blank\" rel=\"noopener\"><span style=\"color: #ff0000;\"><strong>WhatsApp: +86 17776015835<\/strong><\/span><\/a><\/h3>\n<p>&nbsp;<\/p>\n<h2 class=\"product-title\"><strong>VOZOL Star 20000 produkto savyb\u0117s<\/strong><\/h2>\n<div role=\"article\" data-tabster=\"{&quot;groupper&quot;:{&quot;tabbability&quot;:2},&quot;focusable&quot;:{}}\" data-content=\"ai-message\" aria-labelledby=\"juhNTJ6o7Gk1cgwZMJgv2-author juhNTJ6o7Gk1cgwZMJgv2-content\">\n<div id=\"juhNTJ6o7Gk1cgwZMJgv2-content\">\n<div role=\"article\" data-tabster=\"{&quot;groupper&quot;:{&quot;tabbability&quot;:2},&quot;focusable&quot;:{}}\" data-content=\"ai-message\" aria-labelledby=\"x4EZuCZWrTbh3weWUt7CU-author x4EZuCZWrTbh3weWUt7CU-content\">\n<div id=\"x4EZuCZWrTbh3weWUt7CU-content\">\n<div class=\"flex max-w-full flex-col flex-grow\">\n<div class=\"min-h-8 text-message flex w-full flex-col items-end gap-2 whitespace-normal break-words text-start [.text-message+&amp;]:mt-5\" dir=\"auto\" data-message-author-role=\"assistant\" data-message-id=\"52c6e00a-252f-4104-805d-2f1a84739c71\" data-message-model-slug=\"gpt-4o\">\n<div class=\"flex w-full flex-col gap-1 empty:hidden first:pt-[3px]\">\n<div class=\"markdown prose w-full break-words dark:prose-invert light\">\n<p>&nbsp;<\/p>\n<ol>\n<li><strong>2.2\u2033 HD veidrodinis ekranas<\/strong>: Ai\u0161kus, interaktyvus ekranas, leid\u017eiantis lengvai sekti garinimo statistik\u0105.<\/li>\n<li><strong>Dvigubos tinklelio rit\u0117s technologija<\/strong>: Padidina skonio intensyvum\u0105 ir u\u017etikrina nuosekl\u0173 gar\u0173 susidarym\u0105.<\/li>\n<li><strong>Iki 20 000 \u012fkv\u0117pim\u0173<\/strong>: Ilgai trunkantis garinimo patyrimas su pritaikomu na\u0161umu.<\/li>\n<li><strong>650 mAh \u012fkraunama baterija<\/strong>: Greitas \u012fkrovimas, leid\u017eiantis ilgiau naudotis su minimaliomis prastovomis.<\/li>\n<li><strong>24 ml e-skys\u010dio talpa<\/strong>: Suteikia pakankamai e-skys\u010dio ilgesn\u0117ms sesijoms be da\u017eno papildymo.<\/li>\n<li><strong>Skaidrus dizainas<\/strong>: Per\u017ei\u016br\u0117kite likus\u012f e-skyst\u012f, kad b\u016bt\u0173 dar patogiau ir lengviau naudoti.<\/li>\n<\/ol>\n<figure id=\"attachment_3630\" aria-describedby=\"caption-attachment-3630\" style=\"width: 800px\" class=\"wp-caption alignnone\"><img decoding=\"async\" class=\"wp-image-3630 size-full\" src=\"https:\/\/vapestornado.com\/wp-content\/uploads\/2025\/01\/Vozol-Star-20000-Puff-Rechargeable-Disposable-Vape.webp\" alt=\"Vozol Star 20000 \u012fkv\u0117pim\u0173 \u012fkraunamas vienkartinis garintuvas\" width=\"800\" height=\"800\" srcset=\"https:\/\/vapestornado.com\/wp-content\/uploads\/2025\/01\/Vozol-Star-20000-Puff-Rechargeable-Disposable-Vape.webp 800w, https:\/\/vapestornado.com\/wp-content\/uploads\/2025\/01\/Vozol-Star-20000-Puff-Rechargeable-Disposable-Vape-300x300.webp 300w, https:\/\/vapestornado.com\/wp-content\/uploads\/2025\/01\/Vozol-Star-20000-Puff-Rechargeable-Disposable-Vape-150x150.webp 150w, https:\/\/vapestornado.com\/wp-content\/uploads\/2025\/01\/Vozol-Star-20000-Puff-Rechargeable-Disposable-Vape-768x768.webp 768w, https:\/\/vapestornado.com\/wp-content\/uploads\/2025\/01\/Vozol-Star-20000-Puff-Rechargeable-Disposable-Vape-600x600.webp 600w, https:\/\/vapestornado.com\/wp-content\/uploads\/2025\/01\/Vozol-Star-20000-Puff-Rechargeable-Disposable-Vape-100x100.webp 100w\" sizes=\"(max-width: 800px) 100vw, 800px\" \/><figcaption id=\"caption-attachment-3630\" class=\"wp-caption-text\">Vozol Star 20000 \u012fkv\u0117pim\u0173 \u012fkraunamas vienkartinis garintuvas<\/figcaption><\/figure>\n<\/div>\n<\/div>\n<\/div>\n<\/div>\n<div class=\"mb-2 flex gap-3 empty:hidden -ml-2\"><\/div>\n<\/div>\n<\/div>\n<\/div>\n<\/div>\n<h2 class=\"product-title\"><strong>Populiariausias skonis VOZOL Star 20000<\/strong><strong>\u00a0<\/strong><strong>Vienkartiniai garintuvai<\/strong><\/h2>\n<p>Vozol Vista 20000 si\u016blo \u012fvair\u0173 ir \u012fdom\u0173 pasirinkim\u0105 j\u016bs\u0173 produkt\u0173 linijai, patenkinant\u012f \u012fvairius skonio pageidavimus! Pra\u0161ome rasti populiar\u0173 skon\u012f pagal m\u016bs\u0173 pardavim\u0173 dat\u0105 ir klient\u0173 atsiliepimus.<\/p>\n<p>1. Citrin\u0173 m\u0117ta<br \/>\n2. Mi\u0161rios uogos<span style=\"color: #ff0000;\"> <strong>&gt;&gt;&gt; Kar\u0161ta!<\/strong><\/span><br \/>\n3. Bra\u0161ki\u0173 mango<br \/>\n4. Mango ledas<br \/>\n5. Mango ananas\u0173 greipfrutas<br \/>\n6. Vynuogi\u0173 ledas<span style=\"color: #ff0000;\"><strong>&gt;&gt;&gt; Kar\u0161ta!<\/strong><\/span><br \/>\n7. Persik\u0173 ledas<br \/>\n8. Citrin\u0173 laimas<br \/>\n9. Arb\u016bzo ledas <span style=\"color: #ff0000;\"><strong>&gt;&gt;&gt; Kar\u0161ta!<\/strong><\/span><br \/>\n10. Drakono vaisi\u0173 banan\u0173 vy\u0161nia<br \/>\n11. Dvigubas obuoli\u0173 ledas<br \/>\n12. Vy\u0161ni\u0173 limonadas<br \/>\n13. Bra\u0161ki\u0173 arb\u016bzas<br \/>\n14. M\u0117lyni\u0173 avie\u010di\u0173 ledas <span style=\"color: #ff0000;\"><strong>&gt;&gt;&gt; Kar\u0161ta!<\/strong><\/span><br \/>\n15. M\u0117lyni\u0173 audra<br \/>\n16. M\u0117lynasis Mojito <span style=\"color: #ff0000;\"><strong>&gt;&gt;&gt; Geriausias!<\/strong><\/span><br \/>\n17. Avie\u010di\u0173 arb\u016bzas<br \/>\n18. Lavafire<\/p>\n<p>&nbsp;<\/p>\n<div class=\"flex-shrink-0 flex flex-col relative items-end\">\n<div class=\"pt-0\">\n<div class=\"gizmo-bot-avatar flex h-8 w-8 items-center justify-center overflow-hidden rounded-full\">\n<div class=\"relative p-1 rounded-sm flex items-center justify-center bg-token-main-surface-primary text-token-text-primary h-8 w-8\">\n<h2>DUK apie VOZOL Star 20k<strong>\u00a0<\/strong>Vienkartin\u0117 elektronin\u0117 cigaret\u0117<\/h2>\n<p>&nbsp;<\/p>\n<ol>\n<li><strong>Kiek laiko veikia VOZOL Star 20000?<\/strong><br \/>\nVOZOL Star suteikia iki <strong>20 000 \u012fkv\u0117pim\u0173<\/strong>, suteikiant ilgalaik\u0119 patirt\u012f daug garinan\u010diams asmenims.<\/li>\n<li><strong>Kokia yra 2,2 colio HD veidrodinio ekrano paskirtis?<\/strong><br \/>\n\u0160is <strong>2,2 colio HD veidrodiniu ekranu<\/strong> rodo svarbi\u0105 informacij\u0105, toki\u0105 kaip d\u016bm\u0173 skai\u010dius, baterijos veikimo laikas ir e-skys\u010dio lygis, kad patirtis b\u016bt\u0173 interaktyvi ir patogi vartotojui.<\/li>\n<li><strong>Kaip dviguba tinklelio rit\u0117s technologija pagerina garinimo patirt\u012f?<\/strong><br \/>\n\u0160is <strong>dvigubo tinklelio kaitinimo elemento technologija<\/strong> padidina skonio intensyvum\u0105 ir u\u017etikrina pastovi\u0105 gar\u0173 gamyb\u0105, suteikdama vartotojams sklandesn\u0119, sodresn\u0119 patirt\u012f.<\/li>\n<li><strong>Ar VOZOL Star yra pakraunamas?<\/strong><br \/>\nTaip, prietaisas turi <strong>650mAh \u012fkraunama baterija<\/strong> ir gali b\u016bti greitai \u012fkrautas, kad b\u016bt\u0173 kuo ma\u017eiau prastov\u0173.<\/li>\n<li><strong>Kiek elektroninio skys\u010dio telpa VOZOL Star?<\/strong><br \/>\n\u0160is <strong>VOZOL \u017dvaig\u017ed\u0117<\/strong> turi <strong>24 ml e-skys\u010dio talpa<\/strong>, o tai idealiai tinka ilgesn\u0117ms garinimo sesijoms.<\/li>\n<li><strong>Kur galiu nusipirkti VOZOL Star 20000 Puffs?<\/strong><br \/>\n\u0160is <strong>VOZOL Star 20000 \u012ftraukim\u0173<\/strong> galima \u012fsigyti internetu <strong>vapestornado<\/strong>, su pristatymo paslaugomis \u012fvairiose Europos \u0161alyse, \u012fskaitant <strong>Vokietija<\/strong>, <strong>Pranc\u016bzija<\/strong>, <strong>Italija<\/strong>, ir daugiau.<\/li>\n<\/ol>\n<div class=\"flex max-w-full flex-col flex-grow\"><\/div>\n<\/div>\n<\/div>\n<\/div>\n<\/div>\n<div class=\"flex-shrink-0 flex flex-col relative items-end\">\n<div class=\"pt-0\">\n<div class=\"gizmo-bot-avatar flex h-8 w-8 items-center justify-center overflow-hidden rounded-full\">\n<div class=\"relative p-1 rounded-sm flex items-center justify-center bg-token-main-surface-primary text-token-text-primary h-8 w-8\">\n<div class=\"mb-2 flex gap-3 empty:hidden -ml-2\">\n<div role=\"article\" data-tabster=\"{&quot;groupper&quot;:{&quot;tabbability&quot;:2},&quot;focusable&quot;:{}}\" data-content=\"ai-message\" aria-labelledby=\"Vdt5ez4X7Tg813x6rFVha-author Vdt5ez4X7Tg813x6rFVha-content\">\n<div id=\"Vdt5ez4X7Tg813x6rFVha-content\">\n<div role=\"article\" data-tabster=\"{&quot;groupper&quot;:{&quot;tabbability&quot;:2},&quot;focusable&quot;:{}}\" data-content=\"ai-message\" aria-labelledby=\"o968oC7CEo2fGHsGdsRYC-author o968oC7CEo2fGHsGdsRYC-content\">\n<div id=\"o968oC7CEo2fGHsGdsRYC-content\">\n<h2>Kod\u0117l verta rinktis \"vapestornado\" didmeninei prekybai VOZOL Star 20k Puffs Vapais?<\/h2>\n<div class=\"flex-shrink-0 flex flex-col relative items-end\">\n<div class=\"pt-0\">\n<div class=\"gizmo-bot-avatar flex h-8 w-8 items-center justify-center overflow-hidden rounded-full\">\n<div class=\"relative p-1 rounded-sm flex items-center justify-center bg-token-main-surface-primary text-token-text-primary h-8 w-8\">\n<p>Sveiki atvyk\u0119 \u012f vapestornado \u2013 j\u016bs\u0173 patikim\u0105 internetin\u0119 auk\u0161\u010diausios kokyb\u0117s vienkartini\u0173 garinimo priemoni\u0173 parduotuv\u0119. Tur\u0117dami daugiau nei 5 met\u0173 patirt\u012f, si\u016blome populiarius vienkartini\u0173 garinimo priemoni\u0173 prek\u0117s \u017eenklus, tokius kaip Fumot RandM Vape, <a href=\"https:\/\/vapestornado.com\/lt\/product-category\/vapme-shisha\/\">Vapme<\/a>, Bang Vape, Waspe Vape, ir WGA Vape ir kt.<\/p>\n<p>M\u016bs\u0173 asortimentas apima populiarias garinimo priemones, tokias kaip <a href=\"https:\/\/vapestornado.com\/lt\/product\/randm-12000-puffs-fumot-digital-disposable-vape-wholesale-price\/\">RandM Tornado 12000<\/a>, ir skoni\u0173 turtingus pasirinkimus, tokius kaip <a href=\"https:\/\/vapestornado.com\/lt\/product\/wga-crystal-pro-max-extra-15000-puffs-rechargeable-disposable-vape-wholesale-bulk-buy\/\">\u00a0WGA Crystal 15k \u012etraukim\u0173<\/a> . Kiekvienas produktas yra atrenkamas, akcentuojant kokyb\u0119, vert\u0119 ir \u012fvairov\u0119, u\u017etikrinant, kad rastum\u0117te tobul\u0105 variant\u0105 savo poreikiams. Atraskite i\u0161skirtin\u012f aptarnavim\u0105 ir plat\u0173 auk\u0161\u010diausios kokyb\u0117s produkt\u0173 asortiment\u0105 didmenin\u0117mis kainomis vapestornado svetain\u0117je.<\/p>\n<\/div>\n<p>&nbsp;<\/p>\n<p><strong>Kiti populiar\u016bs vienkartiniai garintuvai<\/strong><\/p>\n<p><a href=\"https:\/\/vapestornado.com\/lt\/product\/vozol-vista-20000-vape-rechargeable-disposable-vape-wholesale-cheap-price\/\">VOZOL VISTA 20000 \u012etraukim\u0173 <span style=\"color: #ff0000;\"><strong>&gt;&gt;&gt;&gt; Pirmyn!<\/strong><\/span><\/a><\/p>\n<p><a href=\"https:\/\/vapestornado.com\/lt\/product\/vozol-gear-power-20k-20000-puffs-vape-rechargeable-disposable-box-bulk-buy-cheap-price\/\">VOZOL \u017dvaig\u017ed\u0117 20000<span style=\"color: #ff0000;\"><strong>&gt;&gt;&gt;&gt; Pirmyn!<\/strong><\/span><\/a><\/p>\n<p><a href=\"https:\/\/vapestornado.com\/lt\/product\/puff-25k-bang-king-25000-puffs-rechargeable-disposable-vape-wholesale-bulk-buy\/\">Bang King 25000 <span style=\"color: #ff0000;\"><strong>&gt;&gt;&gt;&gt; Pirmyn!<\/strong><\/span><\/a><\/p>\n<\/div>\n<\/div>\n<\/div>\n<p>&nbsp;<\/p>\n<\/div>\n<\/div>\n<\/div>\n<\/div>\n<\/div>\n<\/div>\n<\/div>\n<\/div>\n<\/div>","protected":false},"excerpt":{"rendered":"<p>VOZOL Star 20000 P\u016btim\u0173 \u017demo Nikotino Vienkartinis Garintuvas Didmenin\u0117 Prekyba<br \/>\nVOZOL Star 20000 P\u016btim\u0173 Skaitmeninis Ekranas Vienkartinis Garintuvas Pirkimas Urmu<br \/>\nVOZOL Star 20k \u012ekraunamas Vienkartinis Garintuvas Pigia Kaina<\/p>\n<p><strong>Prid\u0117kite Amy whatsapp, gaukite tiesiogin\u012f atsakym\u0105 ir kupon\u0105 veipui!<\/strong><\/p>\n<p><img fetchpriority=\"high\" decoding=\"async\" class=\"size-full wp-image-2932\" src=\"https:\/\/vapestornado.com\/wp-content\/uploads\/2024\/12\/Vape-Wholesale.jpg\" alt=\"Garintuvai Didmenin\u0117 prekyba\" width=\"229\" height=\"300\" \/><\/p>\n<h3><a href=\"https:\/\/wa.me\/8617776015835\"><span style=\"color: #ff0000;\"><strong>WhatsApp: +86 17776015835<\/strong><\/span><\/a><\/h3>\n<p>&nbsp;<\/p>","protected":false},"featured_media":3625,"comment_status":"open","ping_status":"closed","template":"","meta":{"_acf_changed":false,"_uag_custom_page_level_css":"","_lmt_disableupdate":"no","_lmt_disable":"","_monsterinsights_skip_tracking":false,"_monsterinsights_sitenote_active":false,"_monsterinsights_sitenote_note":"","_monsterinsights_sitenote_category":0,"site-sidebar-layout":"default","site-content-layout":"","ast-site-content-layout":"default","site-content-style":"default","site-sidebar-style":"default","ast-global-header-display":"","ast-banner-title-visibility":"","ast-main-header-display":"","ast-hfb-above-header-display":"","ast-hfb-below-header-display":"","ast-hfb-mobile-header-display":"","site-post-title":"","ast-breadcrumbs-content":"","ast-featured-img":"","footer-sml-layout":"","ast-disable-related-posts":"","theme-transparent-header-meta":"default","adv-header-id-meta":"","stick-header-meta":"","header-above-stick-meta":"","header-main-stick-meta":"","header-below-stick-meta":"","astra-migrate-meta-layouts":"set","ast-page-background-enabled":"default","ast-page-background-meta":{"desktop":{"background-color":"","background-image":"","background-repeat":"repeat","background-position":"center center","background-size":"auto","background-attachment":"scroll","background-type":"","background-media":"","overlay-type":"","overlay-color":"","overlay-opacity":"","overlay-gradient":""},"tablet":{"background-color":"","background-image":"","background-repeat":"repeat","background-position":"center center","background-size":"auto","background-attachment":"scroll","background-type":"","background-media":"","overlay-type":"","overlay-color":"","overlay-opacity":"","overlay-gradient":""},"mobile":{"background-color":"","background-image":"","background-repeat":"repeat","background-position":"center center","background-size":"auto","background-attachment":"scroll","background-type":"","background-media":"","overlay-type":"","overlay-color":"","overlay-opacity":"","overlay-gradient":""}},"ast-content-background-meta":{"desktop":{"background-color":"var(--ast-global-color-5)","background-image":"","background-repeat":"repeat","background-position":"center center","background-size":"auto","background-attachment":"scroll","background-type":"","background-media":"","overlay-type":"","overlay-color":"","overlay-opacity":"","overlay-gradient":""},"tablet":{"background-color":"var(--ast-global-color-5)","background-image":"","background-repeat":"repeat","background-position":"center center","background-size":"auto","background-attachment":"scroll","background-type":"","background-media":"","overlay-type":"","overlay-color":"","overlay-opacity":"","overlay-gradient":""},"mobile":{"background-color":"var(--ast-global-color-5)","background-image":"","background-repeat":"repeat","background-position":"center center","background-size":"auto","background-attachment":"scroll","background-type":"","background-media":"","overlay-type":"","overlay-color":"","overlay-opacity":"","overlay-gradient":""}},"_joinchat":{"telephone":"+8617776015835"}},"product_brand":[],"product_cat":[69,154,155,157,160,142,146,57],"product_tag":[165,105,97,166,94,222,221,220],"class_list":{"0":"post-3624","1":"product","2":"type-product","3":"status-publish","4":"has-post-thumbnail","6":"product_cat-20000-puff","7":"product_cat-buy-disposable-vapes-in-netherlands","8":"product_cat-buy-disposable-vapes-in-norway","9":"product_cat-buy-disposable-vapes-in-portugal","10":"product_cat-buy-disposable-vapes-in-switzerland","11":"product_cat-digital-box-disposable-vapes","12":"product_cat-rechargeable-disposable-vapes","13":"product_cat-vozol-vape","14":"product_tag-cheap-vapes","15":"product_tag-digital-disposable-vape","16":"product_tag-hot-sale-disposable-vape","17":"product_tag-low-nicotine-vape","18":"product_tag-rechargeable-disposable-vape","19":"product_tag-vozol-gear-power-20000","20":"product_tag-vozol-gear-power-20k","21":"product_tag-vozol-vape","22":"desktop-align-left","23":"tablet-align-left","24":"mobile-align-left","26":"first","27":"instock","28":"sale","29":"shipping-taxable","30":"purchasable","31":"product-type-simple"},"acf":[],"uagb_featured_image_src":{"full":["https:\/\/vapestornado.com\/wp-content\/uploads\/2025\/01\/Vozol-Star-20000-Puff-Disposable-Vape-Love-777-Flavor.webp",800,800,false],"thumbnail":["https:\/\/vapestornado.com\/wp-content\/uploads\/2025\/01\/Vozol-Star-20000-Puff-Disposable-Vape-Love-777-Flavor-150x150.webp",150,150,true],"medium":["https:\/\/vapestornado.com\/wp-content\/uploads\/2025\/01\/Vozol-Star-20000-Puff-Disposable-Vape-Love-777-Flavor-300x300.webp",300,300,true],"medium_large":["https:\/\/vapestornado.com\/wp-content\/uploads\/2025\/01\/Vozol-Star-20000-Puff-Disposable-Vape-Love-777-Flavor-768x768.webp",768,768,true],"large":["https:\/\/vapestornado.com\/wp-content\/uploads\/2025\/01\/Vozol-Star-20000-Puff-Disposable-Vape-Love-777-Flavor.webp",800,800,false],"1536x1536":["https:\/\/vapestornado.com\/wp-content\/uploads\/2025\/01\/Vozol-Star-20000-Puff-Disposable-Vape-Love-777-Flavor.webp",800,800,false],"2048x2048":["https:\/\/vapestornado.com\/wp-content\/uploads\/2025\/01\/Vozol-Star-20000-Puff-Disposable-Vape-Love-777-Flavor.webp",800,800,false],"trp-custom-language-flag":["https:\/\/vapestornado.com\/wp-content\/uploads\/2025\/01\/Vozol-Star-20000-Puff-Disposable-Vape-Love-777-Flavor.webp",12,12,false],"woocommerce_thumbnail":["https:\/\/vapestornado.com\/wp-content\/uploads\/2025\/01\/Vozol-Star-20000-Puff-Disposable-Vape-Love-777-Flavor-300x300.webp",300,300,true],"woocommerce_single":["https:\/\/vapestornado.com\/wp-content\/uploads\/2025\/01\/Vozol-Star-20000-Puff-Disposable-Vape-Love-777-Flavor-600x600.webp",600,600,true],"woocommerce_gallery_thumbnail":["https:\/\/vapestornado.com\/wp-content\/uploads\/2025\/01\/Vozol-Star-20000-Puff-Disposable-Vape-Love-777-Flavor-100x100.webp",100,100,true]},"uagb_author_info":{"display_name":"ESAMY","author_link":"https:\/\/vapestornado.com\/lt\/author\/"},"uagb_comment_info":0,"uagb_excerpt":"VOZOL Star 20000 Puffs 2% Low Nicotine Disposable Vape Wholesale VOZOL Star 20000 Puff \u00a0Digital Display Disposable Vape Bulk Buy VOZOL Star 20k Rechargeable Disposable Vape Cheap Price Add Amy's whatsapp get right reply and vape coupon! WhatsApp: +86 17776015835 &nbsp;","_links":{"self":[{"href":"https:\/\/vapestornado.com\/lt\/wp-json\/wp\/v2\/product\/3624","targetHints":{"allow":["GET"]}}],"collection":[{"href":"https:\/\/vapestornado.com\/lt\/wp-json\/wp\/v2\/product"}],"about":[{"href":"https:\/\/vapestornado.com\/lt\/wp-json\/wp\/v2\/types\/product"}],"replies":[{"embeddable":true,"href":"https:\/\/vapestornado.com\/lt\/wp-json\/wp\/v2\/comments?post=3624"}],"wp:featuredmedia":[{"embeddable":true,"href":"https:\/\/vapestornado.com\/lt\/wp-json\/wp\/v2\/media\/3625"}],"wp:attachment":[{"href":"https:\/\/vapestornado.com\/lt\/wp-json\/wp\/v2\/media?parent=3624"}],"wp:term":[{"taxonomy":"product_brand","embeddable":true,"href":"https:\/\/vapestornado.com\/lt\/wp-json\/wp\/v2\/product_brand?post=3624"},{"taxonomy":"product_cat","embeddable":true,"href":"https:\/\/vapestornado.com\/lt\/wp-json\/wp\/v2\/product_cat?post=3624"},{"taxonomy":"product_tag","embeddable":true,"href":"https:\/\/vapestornado.com\/lt\/wp-json\/wp\/v2\/product_tag?post=3624"}],"curies":[{"name":"wp","href":"https:\/\/api.w.org\/{rel}","templated":true}]}}