{"id":3614,"date":"2025-01-02T03:10:17","date_gmt":"2025-01-02T03:10:17","guid":{"rendered":"https:\/\/vapestornado.com\/?post_type=product&#038;p=3614"},"modified":"2025-08-23T12:23:25","modified_gmt":"2025-08-23T12:23:25","slug":"vozol-gear-power-20k-20000-puffs-vape-rechargeable-disposable-box-bulk-buy-cheap-price","status":"publish","type":"product","link":"https:\/\/vapestornado.com\/lt\/product\/vozol-gear-power-20k-20000-puffs-vape-rechargeable-disposable-box-bulk-buy-cheap-price\/","title":{"rendered":"VOZOL Gear Power 20K 20000 \u012etraukim\u0173 Garintuvas \u012ekraunama Vienkartin\u0117 D\u0117\u017eut\u0117 Didmenin\u0117 Prekyba \u017dema Kaina"},"content":{"rendered":"<h1 class=\"product-title\">VOZOL Gear Power 20K 20000 \u012etraukim\u0173 Garintuvas \u012ekraunama Vienkartin\u0117 D\u0117\u017eut\u0117 Didmenin\u0117 Prekyba \u017dema Kaina<\/h1>\n<p>VOZOL GEAR POWER 20k yra i\u0161 anksto u\u017epildytas \u012fsp\u016bdingu <strong>20 ml e-skys\u010dio<\/strong>, tod\u0117l jis idealiai tinka net ir did\u017eiausiems vartotojams, tarnauja ilgiau nei savait\u0119. Jis si\u016blo <strong>tris nikotino stiprumo pasirinkimus<\/strong>\u20140 mg, 20 mg ir 50 mg\u2014ir yra prieinamas <strong>20 unikali\u0173 skoni\u0173<\/strong>, patenkinan\u010di\u0173 plat\u0173 pageidavim\u0173 spektr\u0105.<\/p>\n<p>\u012erenginyje yra <strong>650 mAh \u012fkraunama baterija<\/strong>, u\u017etikrinanti nuosekl\u0173 veikim\u0105. Jis greitai \u012fkraunamas per USB-C ir apima <strong>tinklelio dvigubas rites su S.i.L.C (Smooth, Identical, Long-lasting, Clean) technologija<\/strong>, u\u017etikrinan\u010dia skland\u0173 ir nuosekl\u0173 garinimo patirt\u012f su sustiprintu skoniu ir gar\u0173 gamyba.<\/p>\n<p>Sukurtas universalumui, GEAR POWER si\u016blo du galios re\u017eimus. <strong>ECO re\u017eimas<\/strong> pristato iki <strong>20 000 \u012fkv\u0117pim\u0173<\/strong>, idealus ilgalaikiam naudojimui, o <strong>POWER re\u017eimas<\/strong> teikia pirmenyb\u0119 sodresniam skoniui ir tankesniems garams, suteikdamas apie <strong>12 000 \u012fkv\u0117pim\u0173<\/strong>.<\/p>\n<p>Patogus naudoti <strong>LED ekranas<\/strong> rodo dabartin\u012f re\u017eim\u0105, likus\u012f baterijos procent\u0105 ir e-skys\u010dio lyg\u012f, tod\u0117l lengva steb\u0117ti naudojim\u0105. Siekiant didesn\u0117s higienos, prietaisas tiekiamas su <strong>silikoniniu dangteliu<\/strong> apsaugoti kandikl\u012f, kai nenaudojamas.<\/p>\n<p>Derindamas i\u0161skirtin\u012f na\u0161um\u0105, patogum\u0105 ir stiling\u0105 dizain\u0105, VOZOL GEAR POWER yra puikus pasirinkimas garintojams, ie\u0161kantiems patikimo ir auk\u0161tos kokyb\u0117s vienkartinio prietaiso.<\/p>\n<p>&nbsp;<\/p>\n<p><span style=\"color: #ff0000;\"><strong>Prid\u0117kite Amy's Whatsapp, gaukite teising\u0105 atsakym\u0105 ir kupon\u0105 garintuvui!<\/strong><\/span><\/p>\n<p><img fetchpriority=\"high\" decoding=\"async\" class=\"size-full wp-image-2932\" src=\"https:\/\/vapestornado.com\/wp-content\/uploads\/2024\/12\/Vape-Wholesale.jpg\" alt=\"Garintuvai Didmenin\u0117 prekyba\" width=\"229\" height=\"300\" \/><\/p>\n<h3><a href=\"https:\/\/wa.me\/8617776015835\" target=\"_blank\" rel=\"noopener\"><span style=\"color: #ff0000;\"><strong>WhatsApp: +86 17776015835<\/strong><\/span><\/a><\/h3>\n<p>&nbsp;<\/p>\n<h2 class=\"product-title\"><strong>VOZOL Gear Power 20K produkto savyb\u0117s<\/strong><\/h2>\n<div role=\"article\" data-tabster=\"{&quot;groupper&quot;:{&quot;tabbability&quot;:2},&quot;focusable&quot;:{}}\" data-content=\"ai-message\" aria-labelledby=\"juhNTJ6o7Gk1cgwZMJgv2-author juhNTJ6o7Gk1cgwZMJgv2-content\">\n<div id=\"juhNTJ6o7Gk1cgwZMJgv2-content\">\n<div role=\"article\" data-tabster=\"{&quot;groupper&quot;:{&quot;tabbability&quot;:2},&quot;focusable&quot;:{}}\" data-content=\"ai-message\" aria-labelledby=\"x4EZuCZWrTbh3weWUt7CU-author x4EZuCZWrTbh3weWUt7CU-content\">\n<div id=\"x4EZuCZWrTbh3weWUt7CU-content\">\n<div class=\"flex max-w-full flex-col flex-grow\">\n<div class=\"min-h-8 text-message flex w-full flex-col items-end gap-2 whitespace-normal break-words text-start [.text-message+&amp;]:mt-5\" dir=\"auto\" data-message-author-role=\"assistant\" data-message-id=\"52c6e00a-252f-4104-805d-2f1a84739c71\" data-message-model-slug=\"gpt-4o\">\n<div class=\"flex w-full flex-col gap-1 empty:hidden first:pt-[3px]\">\n<div class=\"markdown prose w-full break-words dark:prose-invert light\">\n<p>&nbsp;<\/p>\n<ul>\n<li><strong>Didel\u0117 e-skys\u010dio talpa<\/strong>: U\u017epildytas 20 ml e-skys\u010dio, jo u\u017etenka ilgiau nei savaitei, net ir daug naudojantiems.<\/li>\n<li><strong>Nikotino pasirinkimai<\/strong>: Galima \u012fsigyti <strong>0, 20 ir 50 mg<\/strong> stiprumo su 20 unikali\u0173 skoni\u0173.<\/li>\n<li><strong>\u012ekraunama baterija<\/strong>: Turi 650 mAh baterij\u0105, \u012fkraunam\u0105 per USB-C.<\/li>\n<li><strong>Pa\u017eangios rit\u0117s<\/strong>: Tinklelio dvigubos rit\u0117s su <strong>S.i.L.C technologija<\/strong> u\u017etikrina skland\u017eius, nuoseklius patraukimus.<\/li>\n<\/ul>\n<p><strong>Dvigubi galios re\u017eimai universalumui<\/strong><\/p>\n<ul>\n<li><strong>ECO re\u017eimas<\/strong>: Si\u016blo iki <strong>20 000 \u012fkv\u0117pim\u0173<\/strong> ilgalaikiam naudojimui.<\/li>\n<li><strong>POWER re\u017eimas<\/strong>: Suteikia sodresn\u012f skon\u012f ir tir\u0161tesnius garus, su ma\u017edaug <strong>12 000 \u012fkv\u0117pim\u0173<\/strong>.<\/li>\n<\/ul>\n<\/div>\n<\/div>\n<\/div>\n<\/div>\n<div class=\"mb-2 flex gap-3 empty:hidden -ml-2\">\n<figure id=\"attachment_3610\" aria-describedby=\"caption-attachment-3610\" style=\"width: 1000px\" class=\"wp-caption alignnone\"><img decoding=\"async\" class=\"wp-image-3610 size-full\" src=\"https:\/\/vapestornado.com\/wp-content\/uploads\/2025\/01\/VOZOL-Gear-Power-20000-Disposable-Bulk-Buy.jpg\" alt=\"VOZOL Gear Power 20000 vienkartini\u0173 elektronini\u0173 cigare\u010di\u0173 didmenin\u0117 prekyba\" width=\"1000\" height=\"1000\" srcset=\"https:\/\/vapestornado.com\/wp-content\/uploads\/2025\/01\/VOZOL-Gear-Power-20000-Disposable-Bulk-Buy.jpg 1000w, https:\/\/vapestornado.com\/wp-content\/uploads\/2025\/01\/VOZOL-Gear-Power-20000-Disposable-Bulk-Buy-300x300.jpg 300w, https:\/\/vapestornado.com\/wp-content\/uploads\/2025\/01\/VOZOL-Gear-Power-20000-Disposable-Bulk-Buy-150x150.jpg 150w, https:\/\/vapestornado.com\/wp-content\/uploads\/2025\/01\/VOZOL-Gear-Power-20000-Disposable-Bulk-Buy-768x768.jpg 768w, https:\/\/vapestornado.com\/wp-content\/uploads\/2025\/01\/VOZOL-Gear-Power-20000-Disposable-Bulk-Buy-600x600.jpg 600w, https:\/\/vapestornado.com\/wp-content\/uploads\/2025\/01\/VOZOL-Gear-Power-20000-Disposable-Bulk-Buy-100x100.jpg 100w\" sizes=\"(max-width: 1000px) 100vw, 1000px\" \/><figcaption id=\"caption-attachment-3610\" class=\"wp-caption-text\">VOZOL Gear Power 20000 vienkartini\u0173 elektronini\u0173 cigare\u010di\u0173 didmenin\u0117 prekyba<\/figcaption><\/figure>\n<\/div>\n<\/div>\n<\/div>\n<\/div>\n<\/div>\n<h2 class=\"product-title\"><strong>Populiarus VOZOL Gear Power 20000 skonis<\/strong><strong>\u00a0<\/strong><strong>Vienkartiniai garintuvai<\/strong><\/h2>\n<p>Vozol Vista 20000 si\u016blo \u012fvair\u0173 ir \u012fdom\u0173 pasirinkim\u0105 j\u016bs\u0173 produkt\u0173 linijai, patenkinant\u012f \u012fvairius skonio pageidavimus! Pra\u0161ome rasti populiar\u0173 skon\u012f pagal m\u016bs\u0173 pardavim\u0173 dat\u0105 ir klient\u0173 atsiliepimus.<\/p>\n<p>1. Citrin\u0173 m\u0117ta<br \/>\n2. Mi\u0161rios uogos <span style=\"color: #ff0000;\"><strong>&gt;&gt;&gt; Kar\u0161ta!<\/strong><\/span><br \/>\n3. Bra\u0161ki\u0173 mango<br \/>\n4. Mango ledas<br \/>\n5. Mango ananas\u0173 greipfrutas<br \/>\n6. Vynuogi\u0173 ledas<span style=\"color: #ff0000;\"><strong>&gt;&gt;&gt; Kar\u0161ta!<\/strong><\/span><br \/>\n7. Persik\u0173 ledas<br \/>\n8. Citrin\u0173 laimas<br \/>\n9. Arb\u016bzo ledas<br \/>\n10. Drakono vaisi\u0173 banan\u0173 vy\u0161nia <span style=\"color: #ff0000;\"><strong>&gt;&gt;&gt; Kar\u0161ta!<\/strong><\/span><br \/>\n11. Dvigubas obuoli\u0173 ledas<br \/>\n12. Vy\u0161ni\u0173 limonadas<br \/>\n13. Bra\u0161ki\u0173 arb\u016bzas<br \/>\n14. M\u0117lyni\u0173 avie\u010di\u0173 ledas <span style=\"color: #ff0000;\"><strong>&gt;&gt;&gt; Geriausias!<\/strong><\/span><br \/>\n15. M\u0117lyni\u0173 audra<br \/>\n16. M\u0117lynasis Mojito <span style=\"color: #ff0000;\"><strong>&gt;&gt;&gt; Kar\u0161ta!<\/strong><\/span><br \/>\n17. Avie\u010di\u0173 arb\u016bzas<br \/>\n18. Lavafire<\/p>\n<div class=\"flex-shrink-0 flex flex-col relative items-end\">\n<div class=\"pt-0\">\n<div class=\"gizmo-bot-avatar flex h-8 w-8 items-center justify-center overflow-hidden rounded-full\">\n<div class=\"relative p-1 rounded-sm flex items-center justify-center bg-token-main-surface-primary text-token-text-primary h-8 w-8\">\n<h2>DUK apie VOZOL Gear Power 20K<strong>\u00a0<\/strong>Vienkartin\u0117 elektronin\u0117 cigaret\u0117<\/h2>\n<p>&nbsp;<\/p>\n<div class=\"flex max-w-full flex-col flex-grow\">\n<div class=\"min-h-8 text-message flex w-full flex-col items-end gap-2 whitespace-normal break-words text-start [.text-message+&amp;]:mt-5\" dir=\"auto\" data-message-author-role=\"assistant\" data-message-id=\"4dc48248-df95-45bd-b800-6dedb43cf7f1\" data-message-model-slug=\"gpt-4o\">\n<div class=\"flex w-full flex-col gap-1 empty:hidden first:pt-[3px]\">\n<div class=\"markdown prose w-full break-words dark:prose-invert light\">\n<ol>\n<li><strong>Kiek laiko veikia VOZOL GEAR POWER?<\/strong><br \/>\nVOZOL GEAR POWER si\u016blo iki <strong>20 000 \u012fkv\u0117pim\u0173<\/strong> ECO re\u017eimu ir apie <strong>12 000 \u012fkv\u0117pim\u0173<\/strong> POWER re\u017eimu, priklausomai nuo naudojimo \u012fpro\u010di\u0173. Su 20 ml e-sul\u010di\u0173 talpa, jis gali tarnauti ilgiau nei savait\u0119 intensyviai naudojantiems.<\/li>\n<li><strong>Kokio stiprumo nikotino yra VOZOL GEAR POWER 20k?<\/strong><br \/>\nGEAR POWER 20k yra <strong>0 mg, 20 mg ir 50 mg nikotino stiprumo<\/strong>, tod\u0117l tinka \u012fvairiems pageidavimams ir nikotino poreikiams.<\/li>\n<li><strong>Ar galiu \u012fkrauti GEAR POWER ir kaip tai padaryti?<\/strong><br \/>\nTaip, \u012frenginyje yra <strong>650 mAh \u012fkraunama baterija<\/strong>. J\u012f galima lengvai \u012fkrauti naudojant <strong>USB-C laid\u0105<\/strong>, u\u017etikrinant nepertraukiam\u0105 naudojim\u0105.<\/li>\n<li><strong>Kokie skoniai yra VOZOL GEAR POWER 20000?<\/strong><br \/>\nGEAR POWER yra <strong>20 unikali\u0173 skoni\u0173<\/strong>, nuo vaisi\u0173 ir sald\u017ei\u0173 iki klasikini\u0173 ir ry\u0161ki\u0173, patenkinan\u010di\u0173 \u012fvairius skonio pageidavimus.<\/li>\n<li><strong>Kaip VOZL 20000 u\u017etikrina pastov\u0173 skon\u012f ir gar\u0173 gamyb\u0105?<\/strong><br \/>\n\u012erenginyje yra <strong>tinklelio dvigubos rit\u0117s ir S.i.L.C (skland\u017eios, identi\u0161kos, ilgalaik\u0117s, \u0161varios) technologija<\/strong>, u\u017etikrinanti skland\u017eius, nuoseklius \u012ftraukimus su sustiprintu skoniu ir gar\u0173 gamyba.<\/li>\n<li><strong>Kokie bruo\u017eai daro GEAR POWER patog\u0173 naudoti?<\/strong><br \/>\nGEAR POWER apima <strong>ry\u0161k\u0173 LED ekran\u0105<\/strong> rodant\u012f galios re\u017eim\u0105, baterijos procent\u0105 ir e-skys\u010dio lyg\u012f. Jis taip pat pateikiamas su <strong>silikoniniu dangteliu<\/strong> kad kandiklis b\u016bt\u0173 \u0161varus, kai nenaudojamas, pridedant patogumo ir higienos.<\/li>\n<\/ol>\n<\/div>\n<\/div>\n<\/div>\n<\/div>\n<\/div>\n<\/div>\n<\/div>\n<\/div>\n<div class=\"flex-shrink-0 flex flex-col relative items-end\">\n<div class=\"pt-0\">\n<div class=\"gizmo-bot-avatar flex h-8 w-8 items-center justify-center overflow-hidden rounded-full\">\n<div class=\"relative p-1 rounded-sm flex items-center justify-center bg-token-main-surface-primary text-token-text-primary h-8 w-8\">\n<div class=\"mb-2 flex gap-3 empty:hidden -ml-2\">\n<div role=\"article\" data-tabster=\"{&quot;groupper&quot;:{&quot;tabbability&quot;:2},&quot;focusable&quot;:{}}\" data-content=\"ai-message\" aria-labelledby=\"Vdt5ez4X7Tg813x6rFVha-author Vdt5ez4X7Tg813x6rFVha-content\">\n<div id=\"Vdt5ez4X7Tg813x6rFVha-content\">\n<div role=\"article\" data-tabster=\"{&quot;groupper&quot;:{&quot;tabbability&quot;:2},&quot;focusable&quot;:{}}\" data-content=\"ai-message\" aria-labelledby=\"o968oC7CEo2fGHsGdsRYC-author o968oC7CEo2fGHsGdsRYC-content\">\n<div id=\"o968oC7CEo2fGHsGdsRYC-content\">\n<h2>Kod\u0117l verta rinktis \u201evapestornado\u201c VOZOL 20K \u012ftraukim\u0173 vape didmeninei prekybai?<\/h2>\n<div class=\"flex-shrink-0 flex flex-col relative items-end\">\n<div class=\"pt-0\">\n<div class=\"gizmo-bot-avatar flex h-8 w-8 items-center justify-center overflow-hidden rounded-full\">\n<div class=\"relative p-1 rounded-sm flex items-center justify-center bg-token-main-surface-primary text-token-text-primary h-8 w-8\">\n<p>Sveiki atvyk\u0119 \u012f vapestornado \u2013 j\u016bs\u0173 patikim\u0105 internetin\u0119 auk\u0161\u010diausios kokyb\u0117s vienkartini\u0173 garinimo priemoni\u0173 parduotuv\u0119. Tur\u0117dami daugiau nei 5 met\u0173 patirt\u012f, si\u016blome populiarius vienkartini\u0173 garinimo priemoni\u0173 prek\u0117s \u017eenklus, tokius kaip Fumot RandM Vape, <a href=\"https:\/\/vapestornado.com\/lt\/product-category\/vapme-shisha\/\">Vapme<\/a>, Bang Vape, Waspe Vape, ir WGA Vape ir kt.<\/p>\n<p>M\u016bs\u0173 asortimentas apima populiarias garinimo priemones, tokias kaip <a href=\"https:\/\/vapestornado.com\/lt\/product\/randm-12000-puffs-fumot-digital-disposable-vape-wholesale-price\/\">RandM Tornado 12000<\/a>, ir skoni\u0173 turtingus pasirinkimus, tokius kaip <a href=\"https:\/\/vapestornado.com\/lt\/product\/wga-crystal-pro-max-extra-15000-puffs-rechargeable-disposable-vape-wholesale-bulk-buy\/\">\u00a0WGA Crystal 15k \u012etraukim\u0173<\/a> . Kiekvienas produktas yra atrenkamas, akcentuojant kokyb\u0119, vert\u0119 ir \u012fvairov\u0119, u\u017etikrinant, kad rastum\u0117te tobul\u0105 variant\u0105 savo poreikiams. Atraskite i\u0161skirtin\u012f aptarnavim\u0105 ir plat\u0173 auk\u0161\u010diausios kokyb\u0117s produkt\u0173 asortiment\u0105 didmenin\u0117mis kainomis vapestornado svetain\u0117je.<\/p>\n<\/div>\n<p>&nbsp;<\/p>\n<p><strong>Kiti populiar\u016bs vienkartiniai garintuvai<\/strong><\/p>\n<p><a href=\"https:\/\/vapestornado.com\/lt\/product\/vozol-vista-20000-vape-rechargeable-disposable-vape-wholesale-cheap-price\/\">VOZOL VISTA 20000 \u012etraukim\u0173 <span style=\"color: #ff0000;\"><strong>&gt;&gt;&gt;&gt; Pirmyn!<\/strong><\/span><\/a><\/p>\n<p><a href=\"https:\/\/vapestornado.com\/lt\/product\/vopk-ultra-40000-puffs-2-in-1-digital-screen-rechargeable-disposable-vape\/\">VOPK 40000 Dvigubas skonis<span style=\"color: #ff0000;\"><strong>&gt;&gt;&gt;&gt; Pirmyn!<\/strong><\/span><\/a><\/p>\n<p><a href=\"https:\/\/vapestornado.com\/lt\/product\/puff-25k-bang-king-25000-puffs-rechargeable-disposable-vape-wholesale-bulk-buy\/\">Bang King 25000 <span style=\"color: #ff0000;\"><strong>&gt;&gt;&gt;&gt; Pirmyn!<\/strong><\/span><\/a><\/p>\n<\/div>\n<\/div>\n<\/div>\n<p>&nbsp;<\/p>\n<\/div>\n<\/div>\n<\/div>\n<\/div>\n<\/div>\n<\/div>\n<\/div>\n<\/div>\n<\/div>","protected":false},"excerpt":{"rendered":"<p>VOZOL Gear Power 20K \u012ftraukim\u0173 2% ma\u017eo nikotino vienkartini\u0173 elektronini\u0173 cigare\u010di\u0173 didmenin\u0117 prekyba<br \/>\nVOZOL Gear Power 20000 \u012ftraukim\u0173 skaitmeninis ekranas vienkartini\u0173 elektronini\u0173 cigare\u010di\u0173 didmenin\u0117 prekyba<br \/>\nVOZOL Gear Power 20k \u012fkraunamos vienkartin\u0117s elektronin\u0117s cigaret\u0117s pigi kaina<\/p>\n<p><strong>Prid\u0117kite Amy whatsapp, gaukite tiesiogin\u012f atsakym\u0105 ir kupon\u0105 veipui!<\/strong><\/p>\n<p><img fetchpriority=\"high\" decoding=\"async\" class=\"size-full wp-image-2932\" src=\"https:\/\/vapestornado.com\/wp-content\/uploads\/2024\/12\/Vape-Wholesale.jpg\" alt=\"Garintuvai Didmenin\u0117 prekyba\" width=\"229\" height=\"300\" \/><\/p>\n<h3><a href=\"https:\/\/wa.me\/8617776015835\"><span style=\"color: #ff0000;\"><strong>WhatsApp: +86 17776015835<\/strong><\/span><\/a><\/h3>\n<p>&nbsp;<\/p>","protected":false},"featured_media":3611,"comment_status":"open","ping_status":"closed","template":"","meta":{"_acf_changed":false,"_uag_custom_page_level_css":"","_lmt_disableupdate":"no","_lmt_disable":"","_monsterinsights_skip_tracking":false,"_monsterinsights_sitenote_active":false,"_monsterinsights_sitenote_note":"","_monsterinsights_sitenote_category":0,"site-sidebar-layout":"default","site-content-layout":"","ast-site-content-layout":"default","site-content-style":"default","site-sidebar-style":"default","ast-global-header-display":"","ast-banner-title-visibility":"","ast-main-header-display":"","ast-hfb-above-header-display":"","ast-hfb-below-header-display":"","ast-hfb-mobile-header-display":"","site-post-title":"","ast-breadcrumbs-content":"","ast-featured-img":"","footer-sml-layout":"","ast-disable-related-posts":"","theme-transparent-header-meta":"default","adv-header-id-meta":"","stick-header-meta":"","header-above-stick-meta":"","header-main-stick-meta":"","header-below-stick-meta":"","astra-migrate-meta-layouts":"set","ast-page-background-enabled":"default","ast-page-background-meta":{"desktop":{"background-color":"","background-image":"","background-repeat":"repeat","background-position":"center center","background-size":"auto","background-attachment":"scroll","background-type":"","background-media":"","overlay-type":"","overlay-color":"","overlay-opacity":"","overlay-gradient":""},"tablet":{"background-color":"","background-image":"","background-repeat":"repeat","background-position":"center center","background-size":"auto","background-attachment":"scroll","background-type":"","background-media":"","overlay-type":"","overlay-color":"","overlay-opacity":"","overlay-gradient":""},"mobile":{"background-color":"","background-image":"","background-repeat":"repeat","background-position":"center center","background-size":"auto","background-attachment":"scroll","background-type":"","background-media":"","overlay-type":"","overlay-color":"","overlay-opacity":"","overlay-gradient":""}},"ast-content-background-meta":{"desktop":{"background-color":"var(--ast-global-color-5)","background-image":"","background-repeat":"repeat","background-position":"center center","background-size":"auto","background-attachment":"scroll","background-type":"","background-media":"","overlay-type":"","overlay-color":"","overlay-opacity":"","overlay-gradient":""},"tablet":{"background-color":"var(--ast-global-color-5)","background-image":"","background-repeat":"repeat","background-position":"center center","background-size":"auto","background-attachment":"scroll","background-type":"","background-media":"","overlay-type":"","overlay-color":"","overlay-opacity":"","overlay-gradient":""},"mobile":{"background-color":"var(--ast-global-color-5)","background-image":"","background-repeat":"repeat","background-position":"center center","background-size":"auto","background-attachment":"scroll","background-type":"","background-media":"","overlay-type":"","overlay-color":"","overlay-opacity":"","overlay-gradient":""}},"_joinchat":{"telephone":"+8617776015835"}},"product_brand":[],"product_cat":[69,140,150,154,158,143,144,146,57],"product_tag":[165,105,97,166,94,222,221,220],"class_list":{"0":"post-3614","1":"product","2":"type-product","3":"status-publish","4":"has-post-thumbnail","6":"product_cat-20000-puff","7":"product_cat-big-puffs-disposable-vapes","8":"product_cat-buy-disposable-vapes-in-belgium","9":"product_cat-buy-disposable-vapes-in-netherlands","10":"product_cat-buy-disposable-vapes-in-spain","11":"product_cat-dual-mesh-disposable-vapes","12":"product_cat-low-nicotine-disposable-vapes","13":"product_cat-rechargeable-disposable-vapes","14":"product_cat-vozol-vape","15":"product_tag-cheap-vapes","16":"product_tag-digital-disposable-vape","17":"product_tag-hot-sale-disposable-vape","18":"product_tag-low-nicotine-vape","19":"product_tag-rechargeable-disposable-vape","20":"product_tag-vozol-gear-power-20000","21":"product_tag-vozol-gear-power-20k","22":"product_tag-vozol-vape","23":"desktop-align-left","24":"tablet-align-left","25":"mobile-align-left","27":"first","28":"instock","29":"sale","30":"shipping-taxable","31":"purchasable","32":"product-type-simple"},"acf":[],"uagb_featured_image_src":{"full":["https:\/\/vapestornado.com\/wp-content\/uploads\/2025\/01\/VOZOL-Gear-Power-20000-Disposable-Wholesale-Price.jpg",1000,1000,false],"thumbnail":["https:\/\/vapestornado.com\/wp-content\/uploads\/2025\/01\/VOZOL-Gear-Power-20000-Disposable-Wholesale-Price-150x150.jpg",150,150,true],"medium":["https:\/\/vapestornado.com\/wp-content\/uploads\/2025\/01\/VOZOL-Gear-Power-20000-Disposable-Wholesale-Price-300x300.jpg",300,300,true],"medium_large":["https:\/\/vapestornado.com\/wp-content\/uploads\/2025\/01\/VOZOL-Gear-Power-20000-Disposable-Wholesale-Price-768x768.jpg",768,768,true],"large":["https:\/\/vapestornado.com\/wp-content\/uploads\/2025\/01\/VOZOL-Gear-Power-20000-Disposable-Wholesale-Price.jpg",1000,1000,false],"1536x1536":["https:\/\/vapestornado.com\/wp-content\/uploads\/2025\/01\/VOZOL-Gear-Power-20000-Disposable-Wholesale-Price.jpg",1000,1000,false],"2048x2048":["https:\/\/vapestornado.com\/wp-content\/uploads\/2025\/01\/VOZOL-Gear-Power-20000-Disposable-Wholesale-Price.jpg",1000,1000,false],"trp-custom-language-flag":["https:\/\/vapestornado.com\/wp-content\/uploads\/2025\/01\/VOZOL-Gear-Power-20000-Disposable-Wholesale-Price.jpg",12,12,false],"woocommerce_thumbnail":["https:\/\/vapestornado.com\/wp-content\/uploads\/2025\/01\/VOZOL-Gear-Power-20000-Disposable-Wholesale-Price-300x300.jpg",300,300,true],"woocommerce_single":["https:\/\/vapestornado.com\/wp-content\/uploads\/2025\/01\/VOZOL-Gear-Power-20000-Disposable-Wholesale-Price-600x600.jpg",600,600,true],"woocommerce_gallery_thumbnail":["https:\/\/vapestornado.com\/wp-content\/uploads\/2025\/01\/VOZOL-Gear-Power-20000-Disposable-Wholesale-Price-100x100.jpg",100,100,true]},"uagb_author_info":{"display_name":"ESAMY","author_link":"https:\/\/vapestornado.com\/lt\/author\/"},"uagb_comment_info":0,"uagb_excerpt":"VOZOL Gear Power 20K\u00a0 Puffs 2% Low Nicotine Disposable Vape Wholesale VOZOL Gear Power 20000 Puff \u00a0Digital Display Disposable Vape Bulk Buy VOZOL Gear Power 20k Rechargeable Disposable Vape Cheap Price Add Amy's whatsapp get right reply and vape coupon! WhatsApp: +86 17776015835 &nbsp;","_links":{"self":[{"href":"https:\/\/vapestornado.com\/lt\/wp-json\/wp\/v2\/product\/3614","targetHints":{"allow":["GET"]}}],"collection":[{"href":"https:\/\/vapestornado.com\/lt\/wp-json\/wp\/v2\/product"}],"about":[{"href":"https:\/\/vapestornado.com\/lt\/wp-json\/wp\/v2\/types\/product"}],"replies":[{"embeddable":true,"href":"https:\/\/vapestornado.com\/lt\/wp-json\/wp\/v2\/comments?post=3614"}],"wp:featuredmedia":[{"embeddable":true,"href":"https:\/\/vapestornado.com\/lt\/wp-json\/wp\/v2\/media\/3611"}],"wp:attachment":[{"href":"https:\/\/vapestornado.com\/lt\/wp-json\/wp\/v2\/media?parent=3614"}],"wp:term":[{"taxonomy":"product_brand","embeddable":true,"href":"https:\/\/vapestornado.com\/lt\/wp-json\/wp\/v2\/product_brand?post=3614"},{"taxonomy":"product_cat","embeddable":true,"href":"https:\/\/vapestornado.com\/lt\/wp-json\/wp\/v2\/product_cat?post=3614"},{"taxonomy":"product_tag","embeddable":true,"href":"https:\/\/vapestornado.com\/lt\/wp-json\/wp\/v2\/product_tag?post=3614"}],"curies":[{"name":"wp","href":"https:\/\/api.w.org\/{rel}","templated":true}]}}