{"id":3599,"date":"2024-12-31T09:42:44","date_gmt":"2024-12-31T09:42:44","guid":{"rendered":"https:\/\/vapestornado.com\/?post_type=product&#038;p=3599"},"modified":"2025-08-23T09:39:43","modified_gmt":"2025-08-23T09:39:43","slug":"hayati-pro-ultra-bang-box-30k-puffs-dual-flavor-vape","status":"publish","type":"product","link":"https:\/\/vapestornado.com\/lt\/product\/hayati-pro-ultra-bang-box-30k-puffs-dual-flavor-vape\/","title":{"rendered":"Hayati Pro ULTRA Bang Box 30k \u012fp\u016btim\u0173 dvigubo skonio garintuvas"},"content":{"rendered":"<h1>Kas yra \u201eHayati Pro ULTRA Bang Box 30000 Puffs Dual Flavor\u201c?<\/h1>\n<p data-start=\"398\" data-end=\"668\">\u0160is <strong data-start=\"402\" data-end=\"454\">Bang Box 30000 \u012fkv\u0117pim\u0173 dviej\u0173 skoni\u0173 vienkartinis garintuvas<\/strong> yra sukurtas talpai, \u012fvairovei ir nuosekliam veikimui. Su <strong data-start=\"522\" data-end=\"549\">35 ml e. skys\u010dio talpa<\/strong> ir <strong data-start=\"557\" data-end=\"595\">850 mAh \u012fkraunama kobalto baterija<\/strong>, jis suteikia daugiau nei <strong data-start=\"614\" data-end=\"630\">30 000 \u012ftraukim\u0173<\/strong>\u2014gerokai vir\u0161ija standartinius vienkartinius garintuvus.<\/p>\n<p data-start=\"670\" data-end=\"960\">Jo <strong data-start=\"674\" data-end=\"696\">dviej\u0173 skoni\u0173 sistema<\/strong> leid\u017eia vartotojams perjungti du skonio variantus viename \u012frenginyje, si\u016blant lankstum\u0105 ir gaivum\u0105 nene\u0161iojant keli\u0173 garintuv\u0173. The <strong data-start=\"828\" data-end=\"846\">0,8\u03a9 tinklelio rit\u0117<\/strong> pagerina gar\u0173 gamyb\u0105 ir skonio intensyvum\u0105, o <strong data-start=\"905\" data-end=\"929\">C tipo greit\u0105j\u012f \u012fkrovim\u0105<\/strong> suma\u017eina prastovas iki minimumo.<\/p>\n<p data-start=\"962\" data-end=\"1207\">Kompakti\u0161kas ir paprastas naudoti <strong data-start=\"991\" data-end=\"1012\">Bang Box 30K garintuvas<\/strong> sujungia ilgalaik\u012f veikim\u0105 su auk\u0161\u010diausios kokyb\u0117s funkcijomis, tod\u0117l tai yra puikus pasirinkimas didmenininkams, ma\u017emenininkams ir kasdieniams vartotojams, ie\u0161kantiems dviej\u0173 skoni\u0173 patogumo didel\u0117s talpos vienkartiniame \u012frenginyje.<\/p>\n<figure id=\"attachment_3601\" aria-describedby=\"caption-attachment-3601\" style=\"width: 1024px\" class=\"wp-caption alignnone\"><img fetchpriority=\"high\" decoding=\"async\" class=\"size-large wp-image-3601\" src=\"https:\/\/vapestornado.com\/wp-content\/uploads\/2024\/12\/Bang-Box-30000-Puffs-Dual-Flavor-Cheap-Price-Dual-Flavor-Satisfaction-at-an-Affordable-1024x576.jpg\" alt=\"\u201eBang Box 30000 Puffs Dual Flavor\u201c pigi kaina Dvigubo skonio pasitenkinimas u\u017e prieinam\u0105 kain\u0105\" width=\"1024\" height=\"576\" srcset=\"https:\/\/vapestornado.com\/wp-content\/uploads\/2024\/12\/Bang-Box-30000-Puffs-Dual-Flavor-Cheap-Price-Dual-Flavor-Satisfaction-at-an-Affordable-1024x576.jpg 1024w, https:\/\/vapestornado.com\/wp-content\/uploads\/2024\/12\/Bang-Box-30000-Puffs-Dual-Flavor-Cheap-Price-Dual-Flavor-Satisfaction-at-an-Affordable-300x169.jpg 300w, https:\/\/vapestornado.com\/wp-content\/uploads\/2024\/12\/Bang-Box-30000-Puffs-Dual-Flavor-Cheap-Price-Dual-Flavor-Satisfaction-at-an-Affordable-768x432.jpg 768w, https:\/\/vapestornado.com\/wp-content\/uploads\/2024\/12\/Bang-Box-30000-Puffs-Dual-Flavor-Cheap-Price-Dual-Flavor-Satisfaction-at-an-Affordable-1536x864.jpg 1536w, https:\/\/vapestornado.com\/wp-content\/uploads\/2024\/12\/Bang-Box-30000-Puffs-Dual-Flavor-Cheap-Price-Dual-Flavor-Satisfaction-at-an-Affordable-2048x1152.jpg 2048w, https:\/\/vapestornado.com\/wp-content\/uploads\/2024\/12\/Bang-Box-30000-Puffs-Dual-Flavor-Cheap-Price-Dual-Flavor-Satisfaction-at-an-Affordable-600x338.jpg 600w\" sizes=\"(max-width: 1024px) 100vw, 1024px\" \/><figcaption id=\"caption-attachment-3601\" class=\"wp-caption-text\">\u201eBang Box 30000 Puffs Dual Flavor\u201c pigi kaina Dvigubo skonio pasitenkinimas u\u017e prieinam\u0105 kain\u0105<\/figcaption><\/figure>\n<p>&nbsp;<\/p>\n<h3>Produkto savyb\u0117s<\/h3>\n<ol>\n<li>Did\u017eiulis 30 000 ir daugiau \u012fkv\u0117pim\u0173 su dvigubo skonio funkcija, u\u017etikrinan\u010dia did\u017eiausi\u0105 \u012fvairov\u0119.<\/li>\n<li>35 ml e. skys\u010dio talpa ilgam naudojimui be da\u017eno keitimo.<\/li>\n<li>850 mAh \u012fkraunamas akumuliatorius su C tipo greituoju \u012fkrovimu.<\/li>\n<li>Pa\u017eangi 0,8 \u03a9 tinklelio rit\u0117 intensyviems skoniams ir skland\u017eiam gar\u0173 gamybai.<\/li>\n<li>Eleganti\u0161kas, ne\u0161iojamas dizainas, puikiai tinkantis garinimui keliaujant.<\/li>\n<\/ol>\n<h3>Skoni\u0173 s\u0105ra\u0161as<\/h3>\n<ol>\n<li>Bra\u0161ki\u0173 kivis \/ Arb\u016bz\u0173 ledas<\/li>\n<li>Bra\u0161ki\u0173 kivis \/ Bra\u0161ki\u0173 arb\u016bzas<\/li>\n<li>Persik\u0173 sultys \/ M\u0117lyni\u0173 ledas<\/li>\n<li>M\u0117lyni\u0173 ledas \/ Kivi\u0173 pasiflor\u0173 gvajava<\/li>\n<li>M\u0117lyni\u0173 r\u016bg\u0161\u010di\u0173j\u0173 avie\u010di\u0173 ledas \/ Mi\u0161r\u016bs vaisiai<\/li>\n<li>Trij\u0173 uog\u0173 ledas \/ Bra\u0161ki\u0173 mangas<\/li>\n<li>Arb\u016bz\u0173 kramtomoji guma \/ Bra\u0161ki\u0173 arb\u016bzas<\/li>\n<li>M\u0117lyni\u0173 ledas \/ Arb\u016bz\u0173 ledas<\/li>\n<li>Bra\u0161ki\u0173 arb\u016bzas \/ Kivi\u0173 pasiflor\u0173 gvajava<\/li>\n<li>Juodasis drakonas ledas \/ Mango persik\u0173 arb\u016bzas<\/li>\n<li>M\u0117lyni\u0173 avie\u010di\u0173 ledas \/ Dvigubos vynuog\u0117s<\/li>\n<li>M\u0117lyni\u0173 avie\u010di\u0173 ledas \/ Bra\u0161ki\u0173 mango<\/li>\n<li><\/li>\n<\/ol>\n<h4><strong>Bang box 30k 5 geriausi skoniai<\/strong><\/h4>\n<ol>\n<li><strong>Bra\u0161ki\u0173 kivis \/ Arb\u016bz\u0173 ledas<\/strong>: Gaivinantis tropini\u0173 vaisi\u0173 ir ledinio saldumo mi\u0161inys.<\/li>\n<li><strong>Persik\u0173 sultys \/ M\u0117lyni\u0173 ledas<\/strong>: Saldus persikas susitinka su v\u0117sinan\u010dia m\u0117lyne, kad sukurt\u0173 subalansuot\u0105 gar\u0105.<\/li>\n<li><strong>M\u0117lyni\u0173 r\u016bg\u0161\u010di\u0173j\u0173 avie\u010di\u0173 ledas \/ Mi\u0161r\u016bs vaisiai<\/strong>: A\u0161trus, saldus ir ledinis kiekviename \u012fkv\u0117pime.<\/li>\n<li><strong>Trij\u0173 uog\u0173 ledas \/ Bra\u0161ki\u0173 mangas<\/strong>: Uogos ir mango susimai\u0161o, sukurdami vaisi\u0173 sprogim\u0105.<\/li>\n<li><strong>M\u0117lyni\u0173 avie\u010di\u0173 ledas \/ Dvigubos vynuog\u0117s<\/strong>: Ry\u0161kus vynuogi\u0173 skonis kartu su ledin\u0117mis m\u0117lynosiomis aviet\u0117mis.<\/li>\n<\/ol>\n<h4><strong>Kod\u0117l verta rinktis Bang Box 30k \u012fkv\u0117pim\u0173 dvigub\u0105 skon\u012f?<\/strong><\/h4>\n<p>Bang Box 30000 \u012fkv\u0117pim\u0173 dvigubas skonis si\u016blo i\u0161skirtin\u0119 vert\u0119 ir universalum\u0105 garintojams. Jo dvigubo skonio sistema leid\u017eia vartotojams perjungti du unikalius skonius viename \u012frenginyje, u\u017etikrinant maloni\u0105 ir \u012fvairi\u0105 garinimo patirt\u012f. Su didele talpa \u2013 35 ml garinimo sul\u010di\u0173 ir 850 mAh \u012fkraunama baterija, \u0161is \u012frenginys sukurtas ilgaam\u017ei\u0161kumui, tod\u0117l puikiai tinka daug garinantiems arba tiems, kurie nem\u0117gsta da\u017enai keisti. Pa\u017eangi 0,8 \u03a9 tinklelio rit\u0117s technologija garantuoja skland\u017eius, aromatingus ir tankius gar\u0173 debesis, pagerinan\u010dius j\u016bs\u0173 garinimo sesijas. Be to, stilingas dizainas ir kompakti\u0161kas dydis leid\u017eia patogiai ne\u0161iotis bet kur, o C tipo \u012fkrovimo prievadas u\u017etikrina greit\u0105 \u012fkrovim\u0105. Nesvarbu, ar esate skonio entuziastas, ar ie\u0161kote patvarumo, \u0161is produktas pateisina visus l\u016bkes\u010dius.<\/p>\n<h2><strong>Bang Box 30k \u012fkv\u0117pim\u0173 dvigubo skonio DUK<\/strong><\/h2>\n<ol>\n<li><strong>Kiek \u012fkv\u0117pim\u0173 suteikia Bang Box 30000 \u012fkv\u0117pim\u0173 dvigubas skonis?<\/strong><br \/>\nJis suteikia daugiau nei 30 000 \u012fkv\u0117pim\u0173 su dvigubo skonio funkcionalumu.<\/li>\n<li><strong>Ar Bang Box 30000 \u012fkv\u0117pim\u0173 dvigubas skonis yra \u012fkraunamas?<\/strong><br \/>\nTaip, jame yra 850 mAh \u012fkraunama baterija su C tipo \u012fkrovimo prievadu.<\/li>\n<li><strong>Kuo unikali dvigubo skonio sistema?<\/strong><br \/>\n\u012erenginys leid\u017eia skland\u017eiai perjungti du skonius, si\u016blant \u012fvairov\u0119 viename gare.<\/li>\n<li><strong>Koki\u0105 rit\u0117s technologij\u0105 naudoja \u0161is \u012frenginys?<\/strong><br \/>\nJis naudoja 0,8 \u03a9 tinklelio rit\u0119, kad pagerint\u0173 skon\u012f ir gar\u0173 gamyb\u0105.<\/li>\n<li><strong>Kiek yra skoni\u0173 derini\u0173?<\/strong><br \/>\nGalima rinktis i\u0161 12 \u012fdomi\u0173 dviej\u0173 skoni\u0173 derini\u0173.<\/li>\n<\/ol>\n<h4>Bang Box Dual Flavor 30000 vienet\u0173 didmenin\u0117 prekyba vape. Susisiekite ir gaukite nuolaid\u0105 dabar!<a href=\"https:\/\/wa.me\/8618077105750\" target=\"_blank\" rel=\"noopener\">+8618077105750<\/a><\/h4>\n<p><img decoding=\"async\" class=\"size-large wp-image-2921\" src=\"https:\/\/vapestornado.com\/wp-content\/uploads\/2024\/11\/20062b3a285f900e79520aad496b94d-887x1024.jpg\" alt=\"vapestornado Vicky\" width=\"887\" height=\"1024\" srcset=\"https:\/\/vapestornado.com\/wp-content\/uploads\/2024\/11\/20062b3a285f900e79520aad496b94d-887x1024.jpg 887w, https:\/\/vapestornado.com\/wp-content\/uploads\/2024\/11\/20062b3a285f900e79520aad496b94d-260x300.jpg 260w, https:\/\/vapestornado.com\/wp-content\/uploads\/2024\/11\/20062b3a285f900e79520aad496b94d-768x887.jpg 768w, https:\/\/vapestornado.com\/wp-content\/uploads\/2024\/11\/20062b3a285f900e79520aad496b94d-600x693.jpg 600w, https:\/\/vapestornado.com\/wp-content\/uploads\/2024\/11\/20062b3a285f900e79520aad496b94d.jpg 1080w\" sizes=\"(max-width: 887px) 100vw, 887px\" \/><\/p>","protected":false},"excerpt":{"rendered":"<p>\u201eBang Box 30000 Puffs Dual Flavor\u201c suteikia daugiau nei 30 000 \u012fkv\u0117pim\u0173, dvigub\u0105 skon\u012f, \u012fkraunam\u0105 akumuliatori\u0173 ir 0,8 \u03a9 tinklelio rit\u0119 intensyviam skoniui.<\/p>\n<p><strong><span style=\"color: #ff0000;\">(\u012f m\u016bs\u0173 svetain\u0117s kain\u0105 ne\u012fskai\u010diuotas pristatymo mokestis, susisiekite su manimi, kad gautum\u0117te vis\u0105 kain\u0105 ir savo nuolaid\u0105!)<\/span><\/strong><\/p>\n<p><img decoding=\"async\" class=\"size-medium wp-image-2921\" src=\"https:\/\/vapestornado.com\/wp-content\/uploads\/2024\/11\/20062b3a285f900e79520aad496b94d-260x300.jpg\" alt=\"vapestornado Vicky\" width=\"260\" height=\"300\" srcset=\"https:\/\/vapestornado.com\/wp-content\/uploads\/2024\/11\/20062b3a285f900e79520aad496b94d-260x300.jpg 260w, https:\/\/vapestornado.com\/wp-content\/uploads\/2024\/11\/20062b3a285f900e79520aad496b94d-887x1024.jpg 887w, https:\/\/vapestornado.com\/wp-content\/uploads\/2024\/11\/20062b3a285f900e79520aad496b94d-768x887.jpg 768w, https:\/\/vapestornado.com\/wp-content\/uploads\/2024\/11\/20062b3a285f900e79520aad496b94d-600x693.jpg 600w, https:\/\/vapestornado.com\/wp-content\/uploads\/2024\/11\/20062b3a285f900e79520aad496b94d.jpg 1080w\" sizes=\"(max-width: 260px) 100vw, 260px\" \/><\/p>","protected":false},"featured_media":3605,"comment_status":"open","ping_status":"closed","template":"","meta":{"_acf_changed":false,"_uag_custom_page_level_css":"","_lmt_disableupdate":"no","_lmt_disable":"","_monsterinsights_skip_tracking":false,"_monsterinsights_sitenote_active":false,"_monsterinsights_sitenote_note":"","_monsterinsights_sitenote_category":0,"site-sidebar-layout":"default","site-content-layout":"","ast-site-content-layout":"default","site-content-style":"default","site-sidebar-style":"default","ast-global-header-display":"","ast-banner-title-visibility":"","ast-main-header-display":"","ast-hfb-above-header-display":"","ast-hfb-below-header-display":"","ast-hfb-mobile-header-display":"","site-post-title":"","ast-breadcrumbs-content":"","ast-featured-img":"","footer-sml-layout":"","ast-disable-related-posts":"","theme-transparent-header-meta":"default","adv-header-id-meta":"","stick-header-meta":"","header-above-stick-meta":"","header-main-stick-meta":"","header-below-stick-meta":"","astra-migrate-meta-layouts":"set","ast-page-background-enabled":"default","ast-page-background-meta":{"desktop":{"background-color":"","background-image":"","background-repeat":"repeat","background-position":"center center","background-size":"auto","background-attachment":"scroll","background-type":"","background-media":"","overlay-type":"","overlay-color":"","overlay-opacity":"","overlay-gradient":""},"tablet":{"background-color":"","background-image":"","background-repeat":"repeat","background-position":"center center","background-size":"auto","background-attachment":"scroll","background-type":"","background-media":"","overlay-type":"","overlay-color":"","overlay-opacity":"","overlay-gradient":""},"mobile":{"background-color":"","background-image":"","background-repeat":"repeat","background-position":"center center","background-size":"auto","background-attachment":"scroll","background-type":"","background-media":"","overlay-type":"","overlay-color":"","overlay-opacity":"","overlay-gradient":""}},"ast-content-background-meta":{"desktop":{"background-color":"var(--ast-global-color-5)","background-image":"","background-repeat":"repeat","background-position":"center center","background-size":"auto","background-attachment":"scroll","background-type":"","background-media":"","overlay-type":"","overlay-color":"","overlay-opacity":"","overlay-gradient":""},"tablet":{"background-color":"var(--ast-global-color-5)","background-image":"","background-repeat":"repeat","background-position":"center center","background-size":"auto","background-attachment":"scroll","background-type":"","background-media":"","overlay-type":"","overlay-color":"","overlay-opacity":"","overlay-gradient":""},"mobile":{"background-color":"var(--ast-global-color-5)","background-image":"","background-repeat":"repeat","background-position":"center center","background-size":"auto","background-attachment":"scroll","background-type":"","background-media":"","overlay-type":"","overlay-color":"","overlay-opacity":"","overlay-gradient":""}},"_joinchat":{"telephone":"+8618077105750"}},"product_brand":[],"product_cat":[67,64,153,154,159,143,144,146],"product_tag":[],"class_list":{"0":"post-3599","1":"product","2":"type-product","3":"status-publish","4":"has-post-thumbnail","6":"product_cat-30000-puff","7":"product_cat-bangbox-vape","8":"product_cat-buy-disposable-vapes-in-italy","9":"product_cat-buy-disposable-vapes-in-netherlands","10":"product_cat-buy-disposable-vapes-in-sweden","11":"product_cat-dual-mesh-disposable-vapes","12":"product_cat-low-nicotine-disposable-vapes","13":"product_cat-rechargeable-disposable-vapes","14":"desktop-align-left","15":"tablet-align-left","16":"mobile-align-left","18":"first","19":"instock","20":"sale","21":"shipping-taxable","22":"purchasable","23":"product-type-simple"},"acf":[],"uagb_featured_image_src":{"full":["https:\/\/vapestornado.com\/wp-content\/uploads\/2024\/12\/Bang-Box-30000-Puffs-Dual-Flavor-Review-Explore-Its-Unique-Dual-Flavor-Technology.jpg",939,935,false],"thumbnail":["https:\/\/vapestornado.com\/wp-content\/uploads\/2024\/12\/Bang-Box-30000-Puffs-Dual-Flavor-Review-Explore-Its-Unique-Dual-Flavor-Technology-150x150.jpg",150,150,true],"medium":["https:\/\/vapestornado.com\/wp-content\/uploads\/2024\/12\/Bang-Box-30000-Puffs-Dual-Flavor-Review-Explore-Its-Unique-Dual-Flavor-Technology-300x300.jpg",300,300,true],"medium_large":["https:\/\/vapestornado.com\/wp-content\/uploads\/2024\/12\/Bang-Box-30000-Puffs-Dual-Flavor-Review-Explore-Its-Unique-Dual-Flavor-Technology-768x765.jpg",768,765,true],"large":["https:\/\/vapestornado.com\/wp-content\/uploads\/2024\/12\/Bang-Box-30000-Puffs-Dual-Flavor-Review-Explore-Its-Unique-Dual-Flavor-Technology.jpg",939,935,false],"1536x1536":["https:\/\/vapestornado.com\/wp-content\/uploads\/2024\/12\/Bang-Box-30000-Puffs-Dual-Flavor-Review-Explore-Its-Unique-Dual-Flavor-Technology.jpg",939,935,false],"2048x2048":["https:\/\/vapestornado.com\/wp-content\/uploads\/2024\/12\/Bang-Box-30000-Puffs-Dual-Flavor-Review-Explore-Its-Unique-Dual-Flavor-Technology.jpg",939,935,false],"trp-custom-language-flag":["https:\/\/vapestornado.com\/wp-content\/uploads\/2024\/12\/Bang-Box-30000-Puffs-Dual-Flavor-Review-Explore-Its-Unique-Dual-Flavor-Technology.jpg",12,12,false],"woocommerce_thumbnail":["https:\/\/vapestornado.com\/wp-content\/uploads\/2024\/12\/Bang-Box-30000-Puffs-Dual-Flavor-Review-Explore-Its-Unique-Dual-Flavor-Technology-300x300.jpg",300,300,true],"woocommerce_single":["https:\/\/vapestornado.com\/wp-content\/uploads\/2024\/12\/Bang-Box-30000-Puffs-Dual-Flavor-Review-Explore-Its-Unique-Dual-Flavor-Technology-600x597.jpg",600,597,true],"woocommerce_gallery_thumbnail":["https:\/\/vapestornado.com\/wp-content\/uploads\/2024\/12\/Bang-Box-30000-Puffs-Dual-Flavor-Review-Explore-Its-Unique-Dual-Flavor-Technology-100x100.jpg",100,100,true]},"uagb_author_info":{"display_name":"ESvicky","author_link":"https:\/\/vapestornado.com\/lt\/author\/"},"uagb_comment_info":0,"uagb_excerpt":"Bang Box 30000 Puffs Dual Flavor delivers 30,000+ puffs, dual flavors, rechargeable battery, and 0.8\u03a9 mesh coil for intense flavor. (our website price not include shipping cost, please contact me to get whole price and your disccount!)","_links":{"self":[{"href":"https:\/\/vapestornado.com\/lt\/wp-json\/wp\/v2\/product\/3599","targetHints":{"allow":["GET"]}}],"collection":[{"href":"https:\/\/vapestornado.com\/lt\/wp-json\/wp\/v2\/product"}],"about":[{"href":"https:\/\/vapestornado.com\/lt\/wp-json\/wp\/v2\/types\/product"}],"replies":[{"embeddable":true,"href":"https:\/\/vapestornado.com\/lt\/wp-json\/wp\/v2\/comments?post=3599"}],"wp:featuredmedia":[{"embeddable":true,"href":"https:\/\/vapestornado.com\/lt\/wp-json\/wp\/v2\/media\/3605"}],"wp:attachment":[{"href":"https:\/\/vapestornado.com\/lt\/wp-json\/wp\/v2\/media?parent=3599"}],"wp:term":[{"taxonomy":"product_brand","embeddable":true,"href":"https:\/\/vapestornado.com\/lt\/wp-json\/wp\/v2\/product_brand?post=3599"},{"taxonomy":"product_cat","embeddable":true,"href":"https:\/\/vapestornado.com\/lt\/wp-json\/wp\/v2\/product_cat?post=3599"},{"taxonomy":"product_tag","embeddable":true,"href":"https:\/\/vapestornado.com\/lt\/wp-json\/wp\/v2\/product_tag?post=3599"}],"curies":[{"name":"wp","href":"https:\/\/api.w.org\/{rel}","templated":true}]}}