{"id":3598,"date":"2024-12-31T09:02:37","date_gmt":"2024-12-31T09:02:37","guid":{"rendered":"https:\/\/vapestornado.com\/?post_type=product&#038;p=3598"},"modified":"2025-08-23T12:23:15","modified_gmt":"2025-08-23T12:23:15","slug":"vozol-vista-20000-vape-rechargeable-disposable-vape-wholesale-cheap-price","status":"publish","type":"product","link":"https:\/\/vapestornado.com\/lt\/product\/vozol-vista-20000-vape-rechargeable-disposable-vape-wholesale-cheap-price\/","title":{"rendered":"Vozol Vista 20000 daugkartinis vienkartinis garintuvas, didmenin\u0117 prekyba \u017eema kaina"},"content":{"rendered":"<h1 class=\"product-title\">Vozol Vista 20000 \u012ftraukim\u0173 \u012fkraunamas vienkartinis garintuvas didmenine kaina<\/h1>\n<p>\u0160is <strong data-start=\"324\" data-end=\"374\">Vozol Vista 20000 \u012fkraunamas vienkartinis garintuvas<\/strong> u\u017etikrina auk\u0161\u010diausios kokyb\u0117s veikim\u0105 su pa\u017eangiomis technologijomis ir stilingu dizainu, tod\u0117l tai yra b\u016btinas pirkinys didmeniniams pirk\u0117jams visoje Europoje. Si\u016blo iki <strong data-start=\"522\" data-end=\"538\">20 000 \u012fkv\u0117pim\u0173<\/strong>, \u0161is prietaisas sukurtas su <strong data-start=\"568\" data-end=\"599\">650mAh \u012fkraunama baterija<\/strong> ir <strong data-start=\"604\" data-end=\"628\">C tipo greit\u0105j\u012f \u012fkrovim\u0105<\/strong>, u\u017etikrinan\u010diu nepertraukiamas sesijas ir minimalias prastovas.<\/p>\n<p>Su <strong data-start=\"703\" data-end=\"732\">dviguba tinklelio rit\u0117s technologija<\/strong>, kiekvienas \u012fkv\u0117pimas yra \u0161velnus, aromatingas ir pastovus. The <strong data-start=\"787\" data-end=\"814\">6 lygi\u0173 galios valdymu<\/strong> ir <strong data-start=\"819\" data-end=\"848\">reguliuojama oro srauto sistema<\/strong> leid\u017eia vartotojams pritaikyti gar\u0173 i\u0161vest\u012f, nuo stipri\u0173 debes\u0173 iki \u0161velnesnio traukimo. Modernus <strong data-start=\"934\" data-end=\"958\">spalvotas ekranas<\/strong> realiuoju laiku rodo baterijos veikimo laik\u0105 ir galios nustatymus, suteikdamas vartotojams visi\u0161k\u0105 vapingo patirties kontrol\u0119.<\/p>\n<p>Kompakti\u0161kas, ne\u0161iojamas ir vizualiai patrauklus Vozol Vista 20K sukurtas patogumui ir stiliui. Galimas \u012fvairi\u0173 skoni\u0173 ir nikotino variant\u0173, jis patenkina \u012fvairius pageidavimus i\u0161laikant auk\u0161\u010diausi\u0105 kokyb\u0119. Su <strong data-start=\"1305\" data-end=\"1337\">pigios gar\u0173 didmenin\u0117s kainos<\/strong>, jis puikiai tinka perpardav\u0117jams, platintojams ir gar\u0173 parduotuvi\u0173 savininkams, norintiems pasi\u016blyti klientams geriausi\u0105 na\u0161umo, dizaino ir vert\u0117s derin\u012f.<\/p>\n<p><span style=\"color: #ff0000;\"><strong>Prid\u0117kite Amy's Whatsapp, gaukite teising\u0105 atsakym\u0105 ir kupon\u0105 garintuvui!<\/strong><\/span><\/p>\n<p><img fetchpriority=\"high\" decoding=\"async\" class=\"size-full wp-image-2932\" src=\"https:\/\/vapestornado.com\/wp-content\/uploads\/2024\/12\/Vape-Wholesale.jpg\" alt=\"Garintuvai Didmenin\u0117 prekyba\" width=\"229\" height=\"300\" \/><\/p>\n<h3><a href=\"https:\/\/wa.me\/8617776015835\" target=\"_blank\" rel=\"noopener\"><span style=\"color: #ff0000;\"><strong>WhatsApp: +86 17776015835<\/strong><\/span><\/a><\/h3>\n<p>&nbsp;<\/p>\n<h2 class=\"product-title\"><strong>\u201eVozol Vista 20000\u201c produkto savyb\u0117s<\/strong><\/h2>\n<div role=\"article\" data-tabster=\"{&quot;groupper&quot;:{&quot;tabbability&quot;:2},&quot;focusable&quot;:{}}\" data-content=\"ai-message\" aria-labelledby=\"juhNTJ6o7Gk1cgwZMJgv2-author juhNTJ6o7Gk1cgwZMJgv2-content\">\n<div id=\"juhNTJ6o7Gk1cgwZMJgv2-content\">\n<div role=\"article\" data-tabster=\"{&quot;groupper&quot;:{&quot;tabbability&quot;:2},&quot;focusable&quot;:{}}\" data-content=\"ai-message\" aria-labelledby=\"x4EZuCZWrTbh3weWUt7CU-author x4EZuCZWrTbh3weWUt7CU-content\">\n<div id=\"x4EZuCZWrTbh3weWUt7CU-content\">\n<div class=\"flex max-w-full flex-col flex-grow\">\n<div class=\"min-h-8 text-message flex w-full flex-col items-end gap-2 whitespace-normal break-words text-start [.text-message+&amp;]:mt-5\" dir=\"auto\" data-message-author-role=\"assistant\" data-message-id=\"52c6e00a-252f-4104-805d-2f1a84739c71\" data-message-model-slug=\"gpt-4o\">\n<div class=\"flex w-full flex-col gap-1 empty:hidden first:pt-[3px]\">\n<div class=\"markdown prose w-full break-words dark:prose-invert light\">\n<h4><\/h4>\n<ul>\n<li><strong>Didelis \u012fp\u016btim\u0173 skai\u010dius<\/strong>: M\u0117gaukit\u0117s iki <strong>14,000<\/strong> ir <strong>20 000 \u012fkv\u0117pim\u0173<\/strong> ilgalaikiam naudojimui.<\/li>\n<li><strong>6 lygi\u0173 galios valdymas<\/strong>: Pritaikykite savo garinimo patirt\u012f reguliuodami gali\u0105.<\/li>\n<li><strong>Skland\u016bs \u012ftraukimai<\/strong>: Pa\u017eangi oro srauto technologija garantuoja skland\u0173 ir nuosekl\u0173 \u012ftraukim\u0105.<\/li>\n<li><strong>Ne\u0161iojamas<\/strong>: Kompakti\u0161kas, aptakus dizainas, kur\u012f lengva ne\u0161iotis ir kuris puikiai tinka keliaujant.<\/li>\n<li><strong>Dviguba tinklelio rit\u0117<\/strong>: Patirkite sustiprint\u0105 skon\u012f ir puik\u0173 gar\u0173 gamyb\u0105.<\/li>\n<li><strong>Spalvotas ekranas<\/strong>: Lengvai \u012fskaitomas ekranas u\u017etikrina optimali\u0105 vartotojo patirt\u012f.<\/li>\n<\/ul>\n<\/div>\n<\/div>\n<\/div>\n<\/div>\n<div class=\"mb-2 flex gap-3 empty:hidden -ml-2\">\n<p>&nbsp;<\/p>\n<\/div>\n<\/div>\n<\/div>\n<\/div>\n<\/div>\n<h2 class=\"product-title\"><strong>Populiarus \u201eVozol Vista 20000\u201c skonis<\/strong><strong>\u00a0<\/strong><strong>Vienkartiniai garintuvai<\/strong><\/h2>\n<p>Vozol Vista 20000 si\u016blo \u012fvair\u0173 ir \u012fdom\u0173 pasirinkim\u0105 j\u016bs\u0173 produkt\u0173 linijai, patenkinant\u012f \u012fvairius skonio pageidavimus! Pra\u0161ome rasti populiar\u0173 skon\u012f pagal m\u016bs\u0173 pardavim\u0173 dat\u0105 ir klient\u0173 atsiliepimus.<\/p>\n<ol>\n<li><strong>Vy\u0161ni\u0173 kola<\/strong><br \/>\nPuikus klasikinio vy\u0161ni\u0173 skonio ir gaivios kolos mi\u0161inys, si\u016blantis sald\u0173, bet ne per daug sald\u0173 skon\u012f, kuris suteikia nostalgi\u0161k\u0105 g\u0117rimo nuotaik\u0105.<\/li>\n<li><strong>Persik\u0173 ledas <span style=\"color: #ff0000;\">&gt;&gt;&gt;&gt; Kar\u0161ta !<\/span><\/strong><br \/>\nSaldus, sultingas prinokusi\u0173 persik\u0173 skonis kartu su v\u0117sinan\u010diu ledo poj\u016b\u010diu sukuria skland\u0173, gaivinant\u012f potyr\u012f, puikiai tinkant\u012f kar\u0161toms dienoms.<\/li>\n<li><strong>R\u016bg\u0161tus obuoli\u0173 ledas<\/strong><br \/>\nR\u016bg\u0161tus \u017ealiojo obuolio skonis kartu su v\u0117sinan\u010diu ledo efektu suteikia tra\u0161ki\u0105, r\u016bg\u0161\u010diai sald\u017ei\u0105 pusiausvyr\u0105, kuri gaivina kiekvienu \u012fp\u016btimu.<\/li>\n<li><strong>Majamio m\u0117ta<\/strong><br \/>\nV\u0117sus, gaivinantis m\u0117t\u0173 skonis, suteikiantis gaiv\u0173 briz\u0105, tarsi vandenyno oras Lietuvoje, puikiai tinkantis gaivinan\u010diam ir energizuojan\u010diam garinimui.<\/li>\n<li><strong>Vynuogi\u0173 ledas<\/strong><br \/>\nSodrus, saldus vynuogi\u0173 skonis su ledo prisilietimu, suteikiantis sodr\u0173 skon\u012f, kuris yra ir aromatingas, ir gaivus, idealiai tinkantis m\u0117gstantiems vaisi\u0173 garinimo patirt\u012f.<\/li>\n<li><strong>Arb\u016bz\u0173 ledas <span style=\"color: #ff0000;\">&gt;&gt;&gt;&gt; Kar\u0161ta !<\/span><\/strong><br \/>\nSultingas arb\u016bzo skonis kartu su at\u0161aldan\u010diu ledo efektu, suteikiantis sald\u0173 ir gaivinant\u012f vasaros poj\u016bt\u012f su kiekvienu \u012fkv\u0117pimu.<\/li>\n<li><strong>M\u0117lyni\u0173 avie\u010di\u0173 ledas <span style=\"color: #ff0000;\">&gt;&gt;&gt;&gt; Geriausias pasirinkimas!<\/span><\/strong><br \/>\nSald\u017ei\u0173 m\u0117lyni\u0173 ir r\u016bg\u0161\u010di\u0173 avie\u010di\u0173 mi\u0161inys su v\u0117sinan\u010diu ledo efektu, suteikiantis gaivinant\u012f ir gyvybing\u0105 uog\u0173 skon\u012f, kuris yra ir saldus, ir a\u0161trus.<\/li>\n<li><strong>Persik\u0173 mang\u0173 arb\u016bzas<\/strong><br \/>\nAtogr\u0105\u017e\u0173 prinokusi\u0173 persik\u0173, sulting\u0173 mang\u0173 ir gaivinan\u010dio arb\u016bzo trio, si\u016blantis sluoksniuot\u0105, sald\u0173 ir vaisi\u0173 skon\u012f, kuris puikiai tinka vaisi\u0173 m\u0117g\u0117jams.<\/li>\n<li><strong>Bra\u0161ki\u0173 mango<\/strong><br \/>\nNat\u016bralus prinokusi\u0173 bra\u0161ki\u0173 saldumas derinamas su egzoti\u0161ku mang\u0173 sodrumu, suteikiantis \u0161veln\u0173, subalansuot\u0105 vaisi\u0173 poj\u016bt\u012f.<\/li>\n<li><strong>Avie\u010di\u0173 arb\u016bzas<\/strong><br \/>\nGaivinantis r\u016bg\u0161\u010di\u0173 avie\u010di\u0173 ir saldaus, sultingo arb\u016bzo derinys, sukuriantis vaisi\u0173 ir dr\u0117kinan\u010di\u0105 garinimo patirt\u012f su puikiu skoni\u0173 balansu.<\/li>\n<li><strong>VZBulius <span style=\"color: #ff0000;\">&gt;&gt;&gt;&gt; Kar\u0161ta !<\/span><\/strong><br \/>\nRy\u0161kus, energini\u0173 g\u0117rim\u0173 \u012fkv\u0117ptas skonis, kuris yra saldus su nedideliu a\u0161trumu, si\u016blantis gaivinant\u012f ir energizuojant\u012f klasikinio energinio g\u0117rimo skon\u012f.<\/li>\n<li><strong>Arb\u016bzin\u0117 kramtomoji guma<\/strong><br \/>\nNostalgi\u0161kas sultingo arb\u016bzo ir sald\u017eios kramtomosios gumos mi\u0161inys, suteikiantis \u017eaisming\u0105, saldaini\u0173 skon\u012f, kuris yra ir vaisinis, ir linksmas.<\/li>\n<li><strong>Mi\u0161rios uogos <span style=\"color: #ff0000;\">&gt;&gt;&gt;&gt; Kar\u0161ta !<\/span><\/strong><br \/>\n\u012evairi\u0173 uog\u0173 mi\u0161inys, suteikiantis sodr\u0173, r\u016bg\u0161t\u0173 ir sald\u0173 vaisi\u0173 skon\u012f su skonio sluoksniais, kurie puikiai tinka m\u0117gstantiems uog\u0173 mi\u0161inius.<\/li>\n<li><strong>Citrina ir \u017eali\u0173j\u0173 citrin\u0173<\/strong><br \/>\nA\u0161trus ir a\u0161trus citrinos ir \u017ealiosios citrinos mi\u0161inys, si\u016blantis gaivinant\u012f, citrusin\u012f gar\u0105, kuris yra ir a\u0161trus, ir v\u0117sinantis \u2013 puikiai tinka citrusini\u0173 vaisi\u0173 m\u0117g\u0117jams.<\/li>\n<li><strong>Bra\u0161ki\u0173 avie\u010di\u0173 vy\u0161ni\u0173 mango ledas<\/strong><br \/>\nSud\u0117tingas bra\u0161ki\u0173, avie\u010di\u0173, vy\u0161ni\u0173 ir mango mi\u0161inys su v\u0117sinan\u010diu ledo efektu, suteikiantis vaisi\u0161k\u0105, sald\u0173 ir gaivinant\u012f poj\u016bt\u012f su kiekvienu \u012fkv\u0117pimu.<\/li>\n<li><strong>Drakono vaisi\u0173 bananas vy\u0161nia<\/strong><br \/>\nUnikalus drakono vaisi\u0173, banan\u0173 ir vy\u0161ni\u0173 derinys, si\u016blantis atogr\u0105\u017e\u0173, egzoti\u0161k\u0105 skon\u012f, kuris yra saldus, \u0161velnus ir kreminis su trupu\u010diu a\u0161trumo.<\/li>\n<li><strong>\u0160eivamed\u017eio \u017eied\u0173 greipfrutas<\/strong><br \/>\nSubtilus \u0161eivamed\u017eio \u017eied\u0173 skonis, suderintas su greipfruto r\u016bg\u0161tumu, sukuriantis gaivinant\u012f, g\u0117li\u0173 ir citrusin\u012f skon\u012f, kuris yra ir unikalus, ir raminantis.<\/li>\n<li><strong>LavosUgnis<\/strong><br \/>\nUgninis ir dr\u0105sus skonis su nedideliu a\u0161triu prieskoniu, si\u016blantis kar\u0161\u010diu alsuojant\u012f, intensyv\u0173 garinimo poj\u016bt\u012f, kuris puikiai tinka m\u0117gstantiems dr\u0105sius ir nuotyki\u0173 kupinus skonius.<\/li>\n<\/ol>\n<figure id=\"attachment_3586\" aria-describedby=\"caption-attachment-3586\" style=\"width: 1024px\" class=\"wp-caption alignnone\"><img decoding=\"async\" class=\"wp-image-3586 size-large\" src=\"https:\/\/vapestornado.com\/wp-content\/uploads\/2024\/12\/Vozol-Vista-20000-Disposable-Pod-Device-1024x1024.jpg\" alt=\"Vozol Vista 20000 vienkartinis kapsuli\u0173 \u012frenginys\" width=\"1024\" height=\"1024\" srcset=\"https:\/\/vapestornado.com\/wp-content\/uploads\/2024\/12\/Vozol-Vista-20000-Disposable-Pod-Device-1024x1024.jpg 1024w, https:\/\/vapestornado.com\/wp-content\/uploads\/2024\/12\/Vozol-Vista-20000-Disposable-Pod-Device-300x300.jpg 300w, https:\/\/vapestornado.com\/wp-content\/uploads\/2024\/12\/Vozol-Vista-20000-Disposable-Pod-Device-150x150.jpg 150w, https:\/\/vapestornado.com\/wp-content\/uploads\/2024\/12\/Vozol-Vista-20000-Disposable-Pod-Device-768x768.jpg 768w, https:\/\/vapestornado.com\/wp-content\/uploads\/2024\/12\/Vozol-Vista-20000-Disposable-Pod-Device-600x600.jpg 600w, https:\/\/vapestornado.com\/wp-content\/uploads\/2024\/12\/Vozol-Vista-20000-Disposable-Pod-Device-100x100.jpg 100w, https:\/\/vapestornado.com\/wp-content\/uploads\/2024\/12\/Vozol-Vista-20000-Disposable-Pod-Device.jpg 1126w\" sizes=\"(max-width: 1024px) 100vw, 1024px\" \/><figcaption id=\"caption-attachment-3586\" class=\"wp-caption-text\">Vozol Vista 20000 vienkartinis kapsuli\u0173 \u012frenginys<\/figcaption><\/figure>\n<div class=\"flex-shrink-0 flex flex-col relative items-end\">\n<div class=\"pt-0\">\n<div class=\"gizmo-bot-avatar flex h-8 w-8 items-center justify-center overflow-hidden rounded-full\">\n<div class=\"relative p-1 rounded-sm flex items-center justify-center bg-token-main-surface-primary text-token-text-primary h-8 w-8\">\n<h2>DUK apie Vozol Vista 20000<strong>\u00a0<\/strong>Vienkartin\u0117 elektronin\u0117 cigaret\u0117<\/h2>\n<div class=\"flex max-w-full flex-col flex-grow\">\n<div class=\"min-h-8 text-message flex w-full flex-col items-end gap-2 whitespace-normal break-words text-start [.text-message+&amp;]:mt-5\" dir=\"auto\" data-message-author-role=\"assistant\" data-message-id=\"4dc48248-df95-45bd-b800-6dedb43cf7f1\" data-message-model-slug=\"gpt-4o\">\n<div class=\"flex w-full flex-col gap-1 empty:hidden first:pt-[3px]\">\n<div class=\"markdown prose w-full break-words dark:prose-invert light\">\n<p><strong>1. Kuo Vozol Vista 20000 serija skiriasi nuo kit\u0173 vienkartini\u0173 garintuv\u0173?<\/strong><br \/>\nVozol Vista serija i\u0161siskiria dideliu \u012fkv\u0117pim\u0173 skai\u010diumi (iki 14 000\u201320 000 \u012fkv\u0117pim\u0173), 6 lygi\u0173 galios valdymu ir dviguba tinklelio rit\u0117s technologija, u\u017etikrinan\u010dia sklandesn\u012f, nuoseklesn\u012f \u012fkv\u0117pim\u0105 su geresniu skoniu ir gar\u0173 gamyba. Be to, d\u0117l aptakaus ir ne\u0161iojamo dizaino jis idealiai tinka garinti keliaujant.<\/p>\n<p><strong>2. Kiek laiko tarnauja Vozol Vista 20k serijos \u012frenginiai?<\/strong><br \/>\nPriklausomai nuo pasirinkto modelio, Vozol Vista \u012frenginiai si\u016blo \u012fsp\u016bdingus 14 000\u201320 000 \u012fkv\u0117pim\u0173, u\u017etikrinan\u010di\u0173 ilgalaik\u012f naudojim\u0105. Tai rei\u0161kia, kad galite m\u0117gautis savo \u012frenginiu ilg\u0105 laik\u0105, kol reik\u0117s j\u012f pakeisti.<\/p>\n<p><strong>3. Ar galiu pritaikyti garinimo patirt\u012f su Vozol Vista 20k?<\/strong><br \/>\nTaip! Vozol Vista serijoje yra 6 lygi\u0173 galios valdymas, leid\u017eiantis reguliuoti galios nustatymus, kad jie atitikt\u0173 j\u016bs\u0173 pageidaujam\u0105 garinimo stili\u0173. Nesvarbu, ar pageidaujate sklandesnio, lengvesnio \u012fkv\u0117pimo, ar intensyvesnio, aromatingesnio sm\u016bgio.<\/p>\n<p><strong>4. Kokie skoniai yra Vozol Vista 20000?<\/strong><br \/>\n\u201eVozol Vista\u201c serija si\u016blo plat\u0173 \u012fdomi\u0173 skoni\u0173 asortiment\u0105, \u012fskaitant tokius variantus kaip vy\u0161ni\u0173 kola, persik\u0173 ledai, r\u016bg\u0161\u010di\u0173 obuoli\u0173 ledai, mi\u0161rios uogos, arb\u016bzin\u0117 kramtomoji guma ir daugelis kit\u0173. Nesvarbu, ar jums patinka vaisi\u0173, m\u0117t\u0173 ar net energini\u0173 g\u0117rim\u0173 \u012fkv\u0117pti skoniai, kiekvienas ras ka\u017ek\u0105 sau.<\/p>\n<p><strong>5. Ar \u201eVozol Vista\u201c \u012frenginiai yra ne\u0161iojami ir lengvai naudojami?<\/strong><br \/>\nBe jokios abejon\u0117s! \u201eVozol Vista\u201c serija pasi\u017eymi aptakiu ir ne\u0161iojamu dizainu, tod\u0117l j\u0105 lengva ne\u0161iotis visur, kur tik einate. Be to, su spalvotu ekranu, kad b\u016bt\u0173 lengva skaityti ekranus, \u012frenginys si\u016blo intuityvi\u0105 vartotojo patirt\u012f, tod\u0117l jis idealiai tinka tiek pradedantiesiems, tiek patyrusiems garintojams.<\/p>\n<\/div>\n<\/div>\n<\/div>\n<\/div>\n<\/div>\n<\/div>\n<\/div>\n<\/div>\n<div class=\"flex-shrink-0 flex flex-col relative items-end\">\n<div class=\"pt-0\">\n<div class=\"gizmo-bot-avatar flex h-8 w-8 items-center justify-center overflow-hidden rounded-full\">\n<div class=\"relative p-1 rounded-sm flex items-center justify-center bg-token-main-surface-primary text-token-text-primary h-8 w-8\">\n<div class=\"mb-2 flex gap-3 empty:hidden -ml-2\">\n<div role=\"article\" data-tabster=\"{&quot;groupper&quot;:{&quot;tabbability&quot;:2},&quot;focusable&quot;:{}}\" data-content=\"ai-message\" aria-labelledby=\"Vdt5ez4X7Tg813x6rFVha-author Vdt5ez4X7Tg813x6rFVha-content\">\n<div id=\"Vdt5ez4X7Tg813x6rFVha-content\">\n<div role=\"article\" data-tabster=\"{&quot;groupper&quot;:{&quot;tabbability&quot;:2},&quot;focusable&quot;:{}}\" data-content=\"ai-message\" aria-labelledby=\"o968oC7CEo2fGHsGdsRYC-author o968oC7CEo2fGHsGdsRYC-content\">\n<div id=\"o968oC7CEo2fGHsGdsRYC-content\">\n<p>&nbsp;<\/p>\n<h2>Kod\u0117l verta rinktis \u201evapestornado\u201c didmeninei prekybai FIHP 15000 puffs vape?<\/h2>\n<div class=\"flex-shrink-0 flex flex-col relative items-end\">\n<div class=\"pt-0\">\n<div class=\"gizmo-bot-avatar flex h-8 w-8 items-center justify-center overflow-hidden rounded-full\">\n<div class=\"relative p-1 rounded-sm flex items-center justify-center bg-token-main-surface-primary text-token-text-primary h-8 w-8\">\n<p>Sveiki atvyk\u0119 \u012f vapestornado \u2013 j\u016bs\u0173 patikim\u0105 internetin\u0119 auk\u0161\u010diausios kokyb\u0117s vienkartini\u0173 garinimo priemoni\u0173 parduotuv\u0119. Tur\u0117dami daugiau nei 5 met\u0173 patirt\u012f, si\u016blome populiarius vienkartini\u0173 garinimo priemoni\u0173 prek\u0117s \u017eenklus, tokius kaip Fumot RandM Vape, <a href=\"https:\/\/vapestornado.com\/lt\/product-category\/vapme-shisha\/\">Vapme<\/a>, Bang Vape, Waspe Vape, ir WGA Vape ir kt.<\/p>\n<p>M\u016bs\u0173 asortimentas apima populiarias garinimo priemones, tokias kaip <a href=\"https:\/\/vapestornado.com\/lt\/product\/randm-12000-puffs-fumot-digital-disposable-vape-wholesale-price\/\">RandM Tornado 12000<\/a>, ir skoni\u0173 turtingus pasirinkimus, tokius kaip <a href=\"https:\/\/vapestornado.com\/lt\/product\/wga-crystal-pro-max-extra-15000-puffs-rechargeable-disposable-vape-wholesale-bulk-buy\/\">\u00a0WGA Crystal 15k \u012etraukim\u0173<\/a> . Kiekvienas produktas yra atrenkamas, akcentuojant kokyb\u0119, vert\u0119 ir \u012fvairov\u0119, u\u017etikrinant, kad rastum\u0117te tobul\u0105 variant\u0105 savo poreikiams. Atraskite i\u0161skirtin\u012f aptarnavim\u0105 ir plat\u0173 auk\u0161\u010diausios kokyb\u0117s produkt\u0173 asortiment\u0105 didmenin\u0117mis kainomis vapestornado svetain\u0117je.<\/p>\n<\/div>\n<p>&nbsp;<\/p>\n<p><strong>Kiti populiar\u016bs vienkartiniai garintuvai<\/strong><\/p>\n<p><a href=\"https:\/\/vapestornado.com\/lt\/product\/bang-vape-35000-puffs-low-nicotine-bulk-buy-rechargeable-disposable-vapes-box-wholesale-price\/\">\u201eBang Vape\u201c 40000 \u012ftraukim\u0173 <span style=\"color: #ff0000;\"><strong>&gt;&gt;&gt;&gt; Pirmyn!<\/strong><\/span><\/a><\/p>\n<p><a href=\"https:\/\/vapestornado.com\/lt\/product\/vopk-ultra-40000-puffs-2-in-1-digital-screen-rechargeable-disposable-vape\/\">VOPK 40000 Dvigubas skonis<span style=\"color: #ff0000;\"><strong>&gt;&gt;&gt;&gt; Pirmyn!<\/strong><\/span><\/a><\/p>\n<p><a href=\"https:\/\/vapestornado.com\/lt\/product\/puff-25k-bang-king-25000-puffs-rechargeable-disposable-vape-wholesale-bulk-buy\/\">Bang King 25000 <span style=\"color: #ff0000;\"><strong>&gt;&gt;&gt;&gt; Pirmyn!<\/strong><\/span><\/a><\/p>\n<\/div>\n<\/div>\n<\/div>\n<p>&nbsp;<\/p>\n<\/div>\n<\/div>\n<\/div>\n<\/div>\n<\/div>\n<\/div>\n<\/div>\n<\/div>\n<\/div>","protected":false},"excerpt":{"rendered":"<p>Vozol Vista 20000 \u012ftraukim\u0173 vienkartini\u0173 garintuv\u0173 didmenin\u0117 prekyba<br \/>\nVozol Vista 20000 \u012ftraukim\u0173 \u012fkraunamas vienkartinis garintuvas<br \/>\nVozol Vista 20000 \u012ftraukim\u0173 vienkartinis kapsuli\u0173 \u012frenginys dideliais kiekiais<\/p>\n<p><strong>Prid\u0117kite Amy whatsapp, gaukite tiesiogin\u012f atsakym\u0105 ir kupon\u0105 veipui!<\/strong><\/p>\n<p><img fetchpriority=\"high\" decoding=\"async\" class=\"size-full wp-image-2932\" src=\"https:\/\/vapestornado.com\/wp-content\/uploads\/2024\/12\/Vape-Wholesale.jpg\" alt=\"Garintuvai Didmenin\u0117 prekyba\" width=\"229\" height=\"300\" \/><\/p>\n<h3><a href=\"https:\/\/wa.me\/8617776015835\"><span style=\"color: #ff0000;\"><strong>WhatsApp: +86 17776015835<\/strong><\/span><\/a><\/h3>\n<p>&nbsp;<\/p>","protected":false},"featured_media":3588,"comment_status":"open","ping_status":"closed","template":"","meta":{"_acf_changed":false,"_uag_custom_page_level_css":"","_lmt_disableupdate":"no","_lmt_disable":"","_monsterinsights_skip_tracking":false,"_monsterinsights_sitenote_active":false,"_monsterinsights_sitenote_note":"","_monsterinsights_sitenote_category":0,"site-sidebar-layout":"default","site-content-layout":"","ast-site-content-layout":"default","site-content-style":"default","site-sidebar-style":"default","ast-global-header-display":"","ast-banner-title-visibility":"","ast-main-header-display":"","ast-hfb-above-header-display":"","ast-hfb-below-header-display":"","ast-hfb-mobile-header-display":"","site-post-title":"","ast-breadcrumbs-content":"","ast-featured-img":"","footer-sml-layout":"","ast-disable-related-posts":"","theme-transparent-header-meta":"default","adv-header-id-meta":"","stick-header-meta":"","header-above-stick-meta":"","header-main-stick-meta":"","header-below-stick-meta":"","astra-migrate-meta-layouts":"set","ast-page-background-enabled":"default","ast-page-background-meta":{"desktop":{"background-color":"","background-image":"","background-repeat":"repeat","background-position":"center center","background-size":"auto","background-attachment":"scroll","background-type":"","background-media":"","overlay-type":"","overlay-color":"","overlay-opacity":"","overlay-gradient":""},"tablet":{"background-color":"","background-image":"","background-repeat":"repeat","background-position":"center center","background-size":"auto","background-attachment":"scroll","background-type":"","background-media":"","overlay-type":"","overlay-color":"","overlay-opacity":"","overlay-gradient":""},"mobile":{"background-color":"","background-image":"","background-repeat":"repeat","background-position":"center center","background-size":"auto","background-attachment":"scroll","background-type":"","background-media":"","overlay-type":"","overlay-color":"","overlay-opacity":"","overlay-gradient":""}},"ast-content-background-meta":{"desktop":{"background-color":"var(--ast-global-color-5)","background-image":"","background-repeat":"repeat","background-position":"center center","background-size":"auto","background-attachment":"scroll","background-type":"","background-media":"","overlay-type":"","overlay-color":"","overlay-opacity":"","overlay-gradient":""},"tablet":{"background-color":"var(--ast-global-color-5)","background-image":"","background-repeat":"repeat","background-position":"center center","background-size":"auto","background-attachment":"scroll","background-type":"","background-media":"","overlay-type":"","overlay-color":"","overlay-opacity":"","overlay-gradient":""},"mobile":{"background-color":"var(--ast-global-color-5)","background-image":"","background-repeat":"repeat","background-position":"center center","background-size":"auto","background-attachment":"scroll","background-type":"","background-media":"","overlay-type":"","overlay-color":"","overlay-opacity":"","overlay-gradient":""}},"_joinchat":{"telephone":"+8617776015835"}},"product_brand":[],"product_cat":[69,152,153,143,144,57],"product_tag":[165,105,97,166,94,220,219],"class_list":{"0":"post-3598","1":"product","2":"type-product","3":"status-publish","4":"has-post-thumbnail","6":"product_cat-20000-puff","7":"product_cat-buy-disposable-vapes-in-cermany","8":"product_cat-buy-disposable-vapes-in-italy","9":"product_cat-dual-mesh-disposable-vapes","10":"product_cat-low-nicotine-disposable-vapes","11":"product_cat-vozol-vape","12":"product_tag-cheap-vapes","13":"product_tag-digital-disposable-vape","14":"product_tag-hot-sale-disposable-vape","15":"product_tag-low-nicotine-vape","16":"product_tag-rechargeable-disposable-vape","17":"product_tag-vozol-vape","18":"product_tag-vozol-vista-20000","19":"desktop-align-left","20":"tablet-align-left","21":"mobile-align-left","23":"first","24":"instock","25":"sale","26":"shipping-taxable","27":"purchasable","28":"product-type-simple"},"acf":[],"uagb_featured_image_src":{"full":["https:\/\/vapestornado.com\/wp-content\/uploads\/2024\/12\/Vozol-Vista-20000-Disposable-Vape-Wholesale.jpg",1126,1126,false],"thumbnail":["https:\/\/vapestornado.com\/wp-content\/uploads\/2024\/12\/Vozol-Vista-20000-Disposable-Vape-Wholesale-150x150.jpg",150,150,true],"medium":["https:\/\/vapestornado.com\/wp-content\/uploads\/2024\/12\/Vozol-Vista-20000-Disposable-Vape-Wholesale-300x300.jpg",300,300,true],"medium_large":["https:\/\/vapestornado.com\/wp-content\/uploads\/2024\/12\/Vozol-Vista-20000-Disposable-Vape-Wholesale-768x768.jpg",768,768,true],"large":["https:\/\/vapestornado.com\/wp-content\/uploads\/2024\/12\/Vozol-Vista-20000-Disposable-Vape-Wholesale-1024x1024.jpg",1024,1024,true],"1536x1536":["https:\/\/vapestornado.com\/wp-content\/uploads\/2024\/12\/Vozol-Vista-20000-Disposable-Vape-Wholesale.jpg",1126,1126,false],"2048x2048":["https:\/\/vapestornado.com\/wp-content\/uploads\/2024\/12\/Vozol-Vista-20000-Disposable-Vape-Wholesale.jpg",1126,1126,false],"trp-custom-language-flag":["https:\/\/vapestornado.com\/wp-content\/uploads\/2024\/12\/Vozol-Vista-20000-Disposable-Vape-Wholesale.jpg",12,12,false],"woocommerce_thumbnail":["https:\/\/vapestornado.com\/wp-content\/uploads\/2024\/12\/Vozol-Vista-20000-Disposable-Vape-Wholesale-300x300.jpg",300,300,true],"woocommerce_single":["https:\/\/vapestornado.com\/wp-content\/uploads\/2024\/12\/Vozol-Vista-20000-Disposable-Vape-Wholesale-600x600.jpg",600,600,true],"woocommerce_gallery_thumbnail":["https:\/\/vapestornado.com\/wp-content\/uploads\/2024\/12\/Vozol-Vista-20000-Disposable-Vape-Wholesale-100x100.jpg",100,100,true]},"uagb_author_info":{"display_name":"ESAMY","author_link":"https:\/\/vapestornado.com\/lt\/author\/"},"uagb_comment_info":0,"uagb_excerpt":"Vozol Vista 20000 Puffs Disposable Vape Wholesale Vozol Vista 20000 Vape Rechargeable Disposable Vape Vozol Vista 20000 Puffs Disposable Pod Device Bulk Buy Add Amy's whatsapp get right reply and vape coupon! WhatsApp: +86 17776015835 &nbsp;","_links":{"self":[{"href":"https:\/\/vapestornado.com\/lt\/wp-json\/wp\/v2\/product\/3598","targetHints":{"allow":["GET"]}}],"collection":[{"href":"https:\/\/vapestornado.com\/lt\/wp-json\/wp\/v2\/product"}],"about":[{"href":"https:\/\/vapestornado.com\/lt\/wp-json\/wp\/v2\/types\/product"}],"replies":[{"embeddable":true,"href":"https:\/\/vapestornado.com\/lt\/wp-json\/wp\/v2\/comments?post=3598"}],"wp:featuredmedia":[{"embeddable":true,"href":"https:\/\/vapestornado.com\/lt\/wp-json\/wp\/v2\/media\/3588"}],"wp:attachment":[{"href":"https:\/\/vapestornado.com\/lt\/wp-json\/wp\/v2\/media?parent=3598"}],"wp:term":[{"taxonomy":"product_brand","embeddable":true,"href":"https:\/\/vapestornado.com\/lt\/wp-json\/wp\/v2\/product_brand?post=3598"},{"taxonomy":"product_cat","embeddable":true,"href":"https:\/\/vapestornado.com\/lt\/wp-json\/wp\/v2\/product_cat?post=3598"},{"taxonomy":"product_tag","embeddable":true,"href":"https:\/\/vapestornado.com\/lt\/wp-json\/wp\/v2\/product_tag?post=3598"}],"curies":[{"name":"wp","href":"https:\/\/api.w.org\/{rel}","templated":true}]}}