{"id":3568,"date":"2024-12-31T08:17:50","date_gmt":"2024-12-31T08:17:50","guid":{"rendered":"https:\/\/vapestornado.com\/?post_type=product&#038;p=3568"},"modified":"2025-08-23T09:40:26","modified_gmt":"2025-08-23T09:40:26","slug":"vookbar-cyber-pro-3000-puffs-wholesale-e-cigarette-hookah-vape","status":"publish","type":"product","link":"https:\/\/vapestornado.com\/lt\/product\/vookbar-cyber-pro-3000-puffs-wholesale-e-cigarette-hookah-vape\/","title":{"rendered":"\u201eVookbar Cyber PRO 30000 Puffs\u201c didmenin\u0117 prekyba elektronin\u0117mis cigaret\u0117mis, kaljan\u0173 garintuvas"},"content":{"rendered":"<h1>Vookbar Cyber PRO 3000 Puffs didmenin\u0117 elektronin\u0117 cigaret\u0117<\/h1>\n<p>&nbsp;<\/p>\n<div role=\"article\" data-tabster=\"{&quot;groupper&quot;:{&quot;tabbability&quot;:2},&quot;focusable&quot;:{}}\" data-content=\"ai-message\" aria-labelledby=\"64JRvXrTnY7mRmPkEQLLT-author 64JRvXrTnY7mRmPkEQLLT-content\">\n<div id=\"64JRvXrTnY7mRmPkEQLLT-content\">\n<p data-start=\"513\" data-end=\"779\">\u0160is <strong data-start=\"517\" data-end=\"565\">Vookbar Cyber PRO 3000 Puffs Vienkartinis Vape<\/strong> sukurtas skland\u017eiam veikimui, stilingam dizainui ir didmeninei vertei. Su iki <strong data-start=\"650\" data-end=\"665\">3000 p\u016btim\u0173<\/strong> vienam \u012frenginiui, jis suteikia patikim\u0105 pasirinkim\u0105 garintojams, norintiems patogumo ir kokyb\u0117s kompakti\u0161kame formate.<\/p>\n<p data-start=\"781\" data-end=\"1194\">\u012erengtas <strong data-start=\"798\" data-end=\"829\">850mAh \u012fkraunama baterija<\/strong> ir <strong data-start=\"834\" data-end=\"858\">C tipo greit\u0105j\u012f \u012fkrovim\u0105<\/strong>, Cyber PRO u\u017etikrina nuolatin\u0119 gali\u0105. Jo <strong data-start=\"904\" data-end=\"932\">22 ml i\u0161 anksto u\u017epildyto e. skys\u010dio la\u0161u<\/strong> su <strong data-start=\"938\" data-end=\"962\">26 ml auk\u0161\u010diausios kokyb\u0117s e-skys\u010dio<\/strong> suteikia pasitenkinim\u0105 teikian\u010dius tiesiai \u012f plau\u010dius (DTL) d\u016bmius ir ry\u0161k\u0173 skonio intensyvum\u0105. Pagamintas i\u0161 auk\u0161\u010diausios kokyb\u0117s ingredient\u0173, \u012fskaitant augalin\u012f glicerin\u0105, propilenglikol\u012f ir nat\u016bralius kvapiuosius elementus, jis garantuoja sodrius, \u0161velnius garus nuo prad\u017eios iki pabaigos.<\/p>\n<p data-start=\"1196\" data-end=\"1407\">Sujungiantis eleganti\u0161k\u0105 estetik\u0105 su pa\u017eangiomis spiral\u0117s technologijomis, <strong data-start=\"1258\" data-end=\"1290\">Vookbar Cyber PRO 3000 R\u016bkali\u0173<\/strong> idealiai tinka vape parduotuv\u0117ms, platintojams ir vartotojams, ie\u0161kantiems kompakti\u0161ko, bet galingo <strong data-start=\"1379\" data-end=\"1404\">didmeninio kaljano vape<\/strong>.<\/p>\n<figure id=\"attachment_3596\" aria-describedby=\"caption-attachment-3596\" style=\"width: 572px\" class=\"wp-caption alignnone\"><img fetchpriority=\"high\" decoding=\"async\" class=\"wp-image-3596\" src=\"https:\/\/vapestornado.com\/wp-content\/uploads\/2024\/12\/Vookbar-3000-Puffs-Hot-Sale-Disposable-Vapes-Germany.jpg\" alt=\"Vookbar 3000 Puffs populiariausios vienkartin\u0117s elektronin\u0117s cigaret\u0117s Lietuva\" width=\"572\" height=\"572\" srcset=\"https:\/\/vapestornado.com\/wp-content\/uploads\/2024\/12\/Vookbar-3000-Puffs-Hot-Sale-Disposable-Vapes-Germany.jpg 800w, https:\/\/vapestornado.com\/wp-content\/uploads\/2024\/12\/Vookbar-3000-Puffs-Hot-Sale-Disposable-Vapes-Germany-300x300.jpg 300w, https:\/\/vapestornado.com\/wp-content\/uploads\/2024\/12\/Vookbar-3000-Puffs-Hot-Sale-Disposable-Vapes-Germany-150x150.jpg 150w, https:\/\/vapestornado.com\/wp-content\/uploads\/2024\/12\/Vookbar-3000-Puffs-Hot-Sale-Disposable-Vapes-Germany-768x768.jpg 768w, https:\/\/vapestornado.com\/wp-content\/uploads\/2024\/12\/Vookbar-3000-Puffs-Hot-Sale-Disposable-Vapes-Germany-600x600.jpg 600w, https:\/\/vapestornado.com\/wp-content\/uploads\/2024\/12\/Vookbar-3000-Puffs-Hot-Sale-Disposable-Vapes-Germany-100x100.jpg 100w\" sizes=\"(max-width: 572px) 100vw, 572px\" \/><figcaption id=\"caption-attachment-3596\" class=\"wp-caption-text\">Vookbar 3000 Puffs populiariausios vienkartin\u0117s elektronin\u0117s cigaret\u0117s Lietuva<\/figcaption><\/figure>\n<\/div>\n<\/div>\n<p><img decoding=\"async\" class=\"alignleft wp-image-2951 size-medium\" src=\"https:\/\/vapestornado.com\/wp-content\/uploads\/2024\/12\/Wholesale-Disposable-Vape-265x300.jpg\" alt=\"Didmenin\u0117 prekyba vienkartiniais garintuvais\" width=\"265\" height=\"300\" srcset=\"https:\/\/vapestornado.com\/wp-content\/uploads\/2024\/12\/Wholesale-Disposable-Vape-265x300.jpg 265w, https:\/\/vapestornado.com\/wp-content\/uploads\/2024\/12\/Wholesale-Disposable-Vape-768x871.jpg 768w, https:\/\/vapestornado.com\/wp-content\/uploads\/2024\/12\/Wholesale-Disposable-Vape-600x680.jpg 600w, https:\/\/vapestornado.com\/wp-content\/uploads\/2024\/12\/Wholesale-Disposable-Vape.jpg 823w\" sizes=\"(max-width: 265px) 100vw, 265px\" \/><\/p>\n<h6>Pra\u0161ome susisiekti su Mandy per \u201eWhatsApp\u201c d\u0117l nuolaidos kainos<a href=\"https:\/\/wa.me\/8618077105796\" target=\"_blank\" rel=\"noopener\">+8618077105796<\/a><\/h6>\n<div class=\"flex max-w-full flex-col flex-grow\">\n<div class=\"min-h-8 text-message flex w-full flex-col items-end gap-2 whitespace-normal break-words text-start [.text-message+&amp;]:mt-5\" dir=\"auto\" data-message-author-role=\"assistant\" data-message-id=\"cdb991c0-f594-4bff-b2d5-fbbdd7ce9e54\" data-message-model-slug=\"gpt-4o-mini\">\n<div class=\"flex w-full flex-col gap-1 empty:hidden first:pt-[3px]\">\n<div class=\"markdown prose w-full break-words dark:prose-invert light\"><\/div>\n<\/div>\n<\/div>\n<\/div>\n<div class=\"mb-2 flex gap-3 empty:hidden -ml-2\">\n<h2><strong>Vookbar Cyber PRO 30000 R\u016bkali\u0173 <\/strong>I\u0161skirtin\u0117s savyb\u0117s:<\/h2>\n<ul>\n<li><strong>\u012esp\u016bdingas d\u016bmo kiekis<\/strong>: Iki 30 000 d\u016bm\u0173 per prietais\u0105 ilgesn\u0117ms garinimo sesijoms.<\/li>\n<li><strong>Baterija<\/strong>: 850mAh \u012fkraunama baterija u\u017etikrina pastov\u0173 na\u0161um\u0105.<\/li>\n<li><strong>E-skys\u010dio talpa<\/strong>: 22 ml auk\u0161\u010diausios kokyb\u0117s elektroninio skys\u010dio.<\/li>\n<li><strong>Nikotino stiprumas<\/strong>: 2% nikotino, kad d\u016bmas b\u016bt\u0173 \u0161velnus ir malonus.<\/li>\n<li><strong>Auk\u0161\u010diausios kokyb\u0117s ingredientai<\/strong>: Sud\u0117tyje yra augalinis glicerinas, propileno glikolis, nikotinas ir nat\u016bralios kvapiosios med\u017eiagos.<\/li>\n<li><strong>Garintuvo stilius<\/strong>: Skirta tiesioginio \u012f plau\u010dius (DTL) \u012fkv\u0117pimo entuziastams, ie\u0161kantiems gausi\u0173 d\u016bm\u0173 ir intensyvaus skonio.<\/li>\n<li><strong>Patogus dizainas<\/strong>: Kompakti\u0161kas, eleganti\u0161kas ir paruo\u0161tas naudoti i\u0161 karto i\u0161 d\u0117\u017eut\u0117s.<\/li>\n<\/ul>\n<\/div>\n<h2>Vookbar Cyber PRO 3000 Puffs skoni\u0173 s\u0105ra\u0161as:<\/h2>\n<p>1. M\u0117lyni\u0173 avie\u010di\u0173 ledas<br \/>\n2. Persik\u0173 ledas<br \/>\n3. Vynuogi\u0173 ledas<br \/>\n4. Bra\u0161ki\u0173 arb\u016bzas<br \/>\n5. Bra\u0161ki\u0173 bananas<br \/>\n6. Vy\u0161ni\u0173 arb\u016bzas<br \/>\n7. Arb\u016bz\u0173 ledas<br \/>\n8. Persik\u0173 mango<br \/>\n9. Bra\u0161ki\u0173 kivis<br \/>\n10. Balt\u0173 bra\u0161ki\u0173 ledas<br \/>\n11. Balt\u0173 guminuk\u0173 ledas<br \/>\n12. \u0160aldyta pinakolada<br \/>\n13. Fcking fab<br \/>\n14. Mojito uog\u0173 mi\u0161inys<\/p>\n<div role=\"article\" data-tabster=\"{&quot;groupper&quot;:{&quot;tabbability&quot;:2},&quot;focusable&quot;:{}}\" data-content=\"ai-message\" aria-labelledby=\"dARUyEWDoEYhnSPXFwx5A-author dARUyEWDoEYhnSPXFwx5A-content\">\n<div id=\"dARUyEWDoEYhnSPXFwx5A-content\">\n<h2>Kod\u0117l verta rinktis Vookbar Cyber PRO 3000 Puffs <strong>\u00a0<\/strong>at <a href=\"https:\/\/vapestornado.com\/lt\/product\/bang-box-35k-puffs-high-capacity-long-lasting-disposable-vape\/\">vapestornado.com?<\/a><\/h2>\n<ul>\n<li><strong>Didelis \u012fp\u016btim\u0173 skai\u010dius<\/strong>: Su i\u0161skirtiniu <strong>30 000 \u012ftraukim\u0173<\/strong>, \u201eVookbar Cyber PRO 30000 Puffs\u201c u\u017etikrina ilgalaik\u012f naudojim\u0105, tod\u0117l tai populiarus pasirinkimas tarp klient\u0173, ie\u0161kan\u010di\u0173 vert\u0117s ir patogumo.<\/li>\n<li><strong>Auk\u0161\u010diausia kokyb\u0117<\/strong>: Turintis <strong>22 ml e. skys\u010dio talpa<\/strong> ir 2<strong>% nikotino kiek\u012f<\/strong>, \u0161is prietaisas suteikia sodr\u0173 skon\u012f ir malonius potyrius, pagamintas i\u0161 auk\u0161tos kokyb\u0117s ingredient\u0173, toki\u0173 kaip <strong>augalinis glicerinas, propileno glikolis ir nat\u016bralios kvapiosios med\u017eiagos<\/strong>.<\/li>\n<li><strong>Pa\u017eangi technologija<\/strong>: Varomas <strong>850mAh \u012fkraunama baterija<\/strong>, \u0161is garintuvas garantuoja nuosekl\u0173 veikim\u0105 ir palaiko ilgesnes garinimo sesijas, puikiai tinka tiesioginio \u012f plau\u010dius (DTL) \u012fkv\u0117pimo entuziastams.<\/li>\n<li><strong>Eleganti\u0161kas ir kompakti\u0161kas dizainas<\/strong>: \u201eVookbar Cyber PRO\u201c sujungia moderni\u0105 estetik\u0105 su patogia funkcionalumu, tod\u0117l yra patrauklus pla\u010diam klient\u0173 ratui.<\/li>\n<li><strong>Patraukli didmeninei prekybai<\/strong>: prieinama konkurencingomis kainomis <strong>vapestornado.com<\/strong>, \u0161is gaminys puikiai tinka perkant urmu, u\u017etikrinant puik\u0173 peln\u0105 j\u016bs\u0173 verslui.<\/li>\n<li><strong>Rinkos paklausa<\/strong>: su savo auk\u0161\u010diausios kokyb\u0117s funkcijomis ir dideliu d\u016bm\u0173 kiekiu, \"Vookbar Cyber PRO\" atitinka augan\u010di\u0105 auk\u0161\u010diausios klas\u0117s garintuv\u0173 vartotoj\u0173 rink\u0105, didindama j\u016bs\u0173 verslo patrauklum\u0105.<\/li>\n<\/ul>\n<\/div>\n<\/div>\n<h2>Da\u017eniausiai u\u017eduodami klausimai apie \u201eVookbar Cyber PRO 30000 Puffs\u201c garintuvus<\/h2>\n<p><strong>1. Kiek \u012fkv\u0117pim\u0173 suteikia \u201eVookbar Cyber PRO 30000\u201c?<\/strong><br \/>\n\u201eVookbar Cyber PRO\u201c si\u016blo \u012fsp\u016bding\u0105 <strong>30 000 \u012ftraukim\u0173<\/strong>, tod\u0117l tai yra vienas ilgiausiai veikian\u010di\u0173 vienkartini\u0173 garintuv\u0173 rinkoje.<\/p>\n<p><strong>2. Kokia yra \u0161io prietaiso e-skys\u010dio talpa?<\/strong><br \/>\nKiekvienoje \u201eVookbar Cyber PRO\u201c kapsul\u0117je yra <strong>22 ml el. skys\u010dio<\/strong>, u\u017etikrinantis nuosekl\u0173 ir sodr\u0173 skon\u012f per vis\u0105 jo gyvavimo laik\u0105.<\/p>\n<p><strong>3. Koks nikotino stiprumas \u201eVookbar Vape Cyber PRO 30k PUFFS\u201c?<\/strong><br \/>\n\u012erenginyje yra <strong>26 ml auk\u0161\u010diausios kokyb\u0117s e-skys\u010dio<\/strong>, idealiai tinka garintojams, ie\u0161kantiems sklandaus ir malonaus paspaudimo.<\/p>\n<p><strong>4. Ar \u201eVookbar Cyber PRO\u201c yra \u012fkraunamas?<\/strong><br \/>\nTaip, jis maitinamas <strong>850mAh \u012fkraunama baterija<\/strong> su nuosekliu veikimu ilgesniam garinimo seansui.<\/p>\n<p><strong>5. Kiek ne\u0161iojamas yra \u201eVookbar Cyber PRO\u201c?<\/strong><br \/>\nEleganti\u0161kas ir kompakti\u0161kas dizainas leid\u017eia j\u012f puikiai naudoti kelyje, derinant patogum\u0105 su auk\u0161\u010diausios kokyb\u0117s na\u0161umu.<\/p>","protected":false},"excerpt":{"rendered":"<p>Vookbar Cyber PRO 3000 Puffs yra auk\u0161\u010diausios kokyb\u0117s didmenin\u0117 elektronin\u0117 cigaret\u0117, si\u016blanti ilgalaik\u012f d\u016bmo kiek\u012f, \u0161veln\u0173 skon\u012f ir eleganti\u0161k\u0105 dizain\u0105. Puikiai tinka dideliems u\u017esakymams.<\/p>\n<figure id=\"attachment_2951\" aria-describedby=\"caption-attachment-2951\" style=\"width: 265px\" class=\"wp-caption alignnone\"><img decoding=\"async\" class=\"size-medium wp-image-2951\" src=\"https:\/\/vapestornado.com\/wp-content\/uploads\/2024\/12\/Wholesale-Disposable-Vape-265x300.jpg\" alt=\"Didmenin\u0117 prekyba vienkartiniais garintuvais\" width=\"265\" height=\"300\" srcset=\"https:\/\/vapestornado.com\/wp-content\/uploads\/2024\/12\/Wholesale-Disposable-Vape-265x300.jpg 265w, https:\/\/vapestornado.com\/wp-content\/uploads\/2024\/12\/Wholesale-Disposable-Vape-768x871.jpg 768w, https:\/\/vapestornado.com\/wp-content\/uploads\/2024\/12\/Wholesale-Disposable-Vape-600x680.jpg 600w, https:\/\/vapestornado.com\/wp-content\/uploads\/2024\/12\/Wholesale-Disposable-Vape.jpg 823w\" sizes=\"(max-width: 265px) 100vw, 265px\" \/><figcaption id=\"caption-attachment-2951\" class=\"wp-caption-text\">Pra\u0161ome susisiekti su Mandy per \u201eWhatsApp\u201c d\u0117l nuolaidos kainos\u00a0 <a href=\"https:\/\/wa.me\/8618077105796\">+8618077105796<\/a><\/figcaption><\/figure>\n<p>&nbsp;<\/p>","protected":false},"featured_media":3592,"comment_status":"open","ping_status":"closed","template":"","meta":{"_acf_changed":false,"_uag_custom_page_level_css":"","_lmt_disableupdate":"no","_lmt_disable":"","_monsterinsights_skip_tracking":false,"_monsterinsights_sitenote_active":false,"_monsterinsights_sitenote_note":"","_monsterinsights_sitenote_category":0,"site-sidebar-layout":"default","site-content-layout":"","ast-site-content-layout":"default","site-content-style":"default","site-sidebar-style":"default","ast-global-header-display":"","ast-banner-title-visibility":"","ast-main-header-display":"","ast-hfb-above-header-display":"","ast-hfb-below-header-display":"","ast-hfb-mobile-header-display":"","site-post-title":"","ast-breadcrumbs-content":"","ast-featured-img":"","footer-sml-layout":"","ast-disable-related-posts":"","theme-transparent-header-meta":"default","adv-header-id-meta":"","stick-header-meta":"","header-above-stick-meta":"","header-main-stick-meta":"","header-below-stick-meta":"","astra-migrate-meta-layouts":"set","ast-page-background-enabled":"default","ast-page-background-meta":{"desktop":{"background-color":"","background-image":"","background-repeat":"repeat","background-position":"center center","background-size":"auto","background-attachment":"scroll","background-type":"","background-media":"","overlay-type":"","overlay-color":"","overlay-opacity":"","overlay-gradient":""},"tablet":{"background-color":"","background-image":"","background-repeat":"repeat","background-position":"center center","background-size":"auto","background-attachment":"scroll","background-type":"","background-media":"","overlay-type":"","overlay-color":"","overlay-opacity":"","overlay-gradient":""},"mobile":{"background-color":"","background-image":"","background-repeat":"repeat","background-position":"center center","background-size":"auto","background-attachment":"scroll","background-type":"","background-media":"","overlay-type":"","overlay-color":"","overlay-opacity":"","overlay-gradient":""}},"ast-content-background-meta":{"desktop":{"background-color":"var(--ast-global-color-5)","background-image":"","background-repeat":"repeat","background-position":"center center","background-size":"auto","background-attachment":"scroll","background-type":"","background-media":"","overlay-type":"","overlay-color":"","overlay-opacity":"","overlay-gradient":""},"tablet":{"background-color":"var(--ast-global-color-5)","background-image":"","background-repeat":"repeat","background-position":"center center","background-size":"auto","background-attachment":"scroll","background-type":"","background-media":"","overlay-type":"","overlay-color":"","overlay-opacity":"","overlay-gradient":""},"mobile":{"background-color":"var(--ast-global-color-5)","background-image":"","background-repeat":"repeat","background-position":"center center","background-size":"auto","background-attachment":"scroll","background-type":"","background-media":"","overlay-type":"","overlay-color":"","overlay-opacity":"","overlay-gradient":""}},"_joinchat":{"telephone":"+8618077105796"}},"product_brand":[],"product_cat":[67,140,153,157],"product_tag":[97,188],"class_list":{"0":"post-3568","1":"product","2":"type-product","3":"status-publish","4":"has-post-thumbnail","6":"product_cat-30000-puff","7":"product_cat-big-puffs-disposable-vapes","8":"product_cat-buy-disposable-vapes-in-italy","9":"product_cat-buy-disposable-vapes-in-portugal","10":"product_tag-hot-sale-disposable-vape","11":"product_tag-vookbar-cyber-pro-30000-puffs","12":"desktop-align-left","13":"tablet-align-left","14":"mobile-align-left","16":"first","17":"instock","18":"sale","19":"shipping-taxable","20":"purchasable","21":"product-type-simple"},"acf":[],"uagb_featured_image_src":{"full":["https:\/\/vapestornado.com\/wp-content\/uploads\/2024\/12\/Vookbar-3000-Puff-Vapes-Cheap-Price.jpg",800,800,false],"thumbnail":["https:\/\/vapestornado.com\/wp-content\/uploads\/2024\/12\/Vookbar-3000-Puff-Vapes-Cheap-Price-150x150.jpg",150,150,true],"medium":["https:\/\/vapestornado.com\/wp-content\/uploads\/2024\/12\/Vookbar-3000-Puff-Vapes-Cheap-Price-300x300.jpg",300,300,true],"medium_large":["https:\/\/vapestornado.com\/wp-content\/uploads\/2024\/12\/Vookbar-3000-Puff-Vapes-Cheap-Price-768x768.jpg",768,768,true],"large":["https:\/\/vapestornado.com\/wp-content\/uploads\/2024\/12\/Vookbar-3000-Puff-Vapes-Cheap-Price.jpg",800,800,false],"1536x1536":["https:\/\/vapestornado.com\/wp-content\/uploads\/2024\/12\/Vookbar-3000-Puff-Vapes-Cheap-Price.jpg",800,800,false],"2048x2048":["https:\/\/vapestornado.com\/wp-content\/uploads\/2024\/12\/Vookbar-3000-Puff-Vapes-Cheap-Price.jpg",800,800,false],"trp-custom-language-flag":["https:\/\/vapestornado.com\/wp-content\/uploads\/2024\/12\/Vookbar-3000-Puff-Vapes-Cheap-Price.jpg",12,12,false],"woocommerce_thumbnail":["https:\/\/vapestornado.com\/wp-content\/uploads\/2024\/12\/Vookbar-3000-Puff-Vapes-Cheap-Price-300x300.jpg",300,300,true],"woocommerce_single":["https:\/\/vapestornado.com\/wp-content\/uploads\/2024\/12\/Vookbar-3000-Puff-Vapes-Cheap-Price-600x600.jpg",600,600,true],"woocommerce_gallery_thumbnail":["https:\/\/vapestornado.com\/wp-content\/uploads\/2024\/12\/Vookbar-3000-Puff-Vapes-Cheap-Price-100x100.jpg",100,100,true]},"uagb_author_info":{"display_name":"ESMANDY","author_link":"https:\/\/vapestornado.com\/lt\/author\/"},"uagb_comment_info":0,"uagb_excerpt":"Vookbar Cyber PRO 3000 Puffs is a premium wholesale e-cigarette hookah vape, offering long-lasting puffs, smooth flavor, and a sleek design. Ideal for bulk purchases. [caption id=\"attachment_2951\" align=\"alignnone\" width=\"265\"] Pls Contact Mandy's WhatsApp For Discount Price\u00a0 +8618077105796[\/caption] &nbsp;","_links":{"self":[{"href":"https:\/\/vapestornado.com\/lt\/wp-json\/wp\/v2\/product\/3568","targetHints":{"allow":["GET"]}}],"collection":[{"href":"https:\/\/vapestornado.com\/lt\/wp-json\/wp\/v2\/product"}],"about":[{"href":"https:\/\/vapestornado.com\/lt\/wp-json\/wp\/v2\/types\/product"}],"replies":[{"embeddable":true,"href":"https:\/\/vapestornado.com\/lt\/wp-json\/wp\/v2\/comments?post=3568"}],"wp:featuredmedia":[{"embeddable":true,"href":"https:\/\/vapestornado.com\/lt\/wp-json\/wp\/v2\/media\/3592"}],"wp:attachment":[{"href":"https:\/\/vapestornado.com\/lt\/wp-json\/wp\/v2\/media?parent=3568"}],"wp:term":[{"taxonomy":"product_brand","embeddable":true,"href":"https:\/\/vapestornado.com\/lt\/wp-json\/wp\/v2\/product_brand?post=3568"},{"taxonomy":"product_cat","embeddable":true,"href":"https:\/\/vapestornado.com\/lt\/wp-json\/wp\/v2\/product_cat?post=3568"},{"taxonomy":"product_tag","embeddable":true,"href":"https:\/\/vapestornado.com\/lt\/wp-json\/wp\/v2\/product_tag?post=3568"}],"curies":[{"name":"wp","href":"https:\/\/api.w.org\/{rel}","templated":true}]}}