{"id":3567,"date":"2024-12-31T08:11:45","date_gmt":"2024-12-31T08:11:45","guid":{"rendered":"https:\/\/vapestornado.com\/?post_type=product&#038;p=3567"},"modified":"2025-08-23T09:41:24","modified_gmt":"2025-08-23T09:41:24","slug":"vapme-crystal-7000-puffs-disposable-vape","status":"publish","type":"product","link":"https:\/\/vapestornado.com\/lt\/product\/vapme-crystal-7000-puffs-disposable-vape\/","title":{"rendered":"Vapme Crystal 7000 \u012ftraukim\u0173 vienkartinis garintuvas RGB \u0161viesa"},"content":{"rendered":"<h1>Vapme Crystal 7000 \u012ftraukim\u0173 vienkartinis garintuvas RGB \u0161viesa<\/h1>\n<p data-start=\"359\" data-end=\"637\">\u0160is <strong data-start=\"363\" data-end=\"407\">Vapme Crystal 7000 \u012ftraukim\u0173 vienkartinis garintuvas<\/strong> apjungia talp\u0105, na\u0161um\u0105 ir stili\u0173 kompakti\u0161kame \u012frenginyje. Su <strong data-start=\"478\" data-end=\"500\">14 ml e. skys\u010dio talpa<\/strong> ir iki <strong data-start=\"511\" data-end=\"526\">7 000 \u012fkv\u0117pim\u0173<\/strong>, jis u\u017etikrina ilgalaik\u012f naudojim\u0105, tod\u0117l yra prakti\u0161kas pasirinkimas tiek kasdieniams garintojams, tiek didmeniniams pirk\u0117jams.<\/p>\n<p data-start=\"639\" data-end=\"892\">Maitinamas <strong data-start=\"652\" data-end=\"683\">650mAh \u012fkraunama baterija<\/strong> su <strong data-start=\"689\" data-end=\"713\">C tipo greit\u0105j\u012f \u012fkrovim\u0105<\/strong>, Vapme Crystal 7K suma\u017eina prastovas ir u\u017etikrina nuosekl\u0173 veikim\u0105. Jo <strong data-start=\"795\" data-end=\"813\">1.0\u03a9 tinklelio rit\u0117<\/strong> pagerina skon\u012f ir gar\u0173 gamyb\u0105, suteikdamas skland\u017eius ir patenkinamus \u012ftraukimus.<\/p>\n<p data-start=\"894\" data-end=\"1237\">\u012erenginyje taip pat yra <strong data-start=\"919\" data-end=\"935\">RGB ap\u0161vietimas<\/strong>, suteikiant stiling\u0105 akcent\u0105 kri\u0161tolo skaidrumo korpusui. Su <strong data-start=\"992\" data-end=\"1013\">30 skoni\u0173 pasirinkim\u0173<\/strong>\u2014nuo vaisi\u0173 ir ledini\u0173 iki saldaini\u0173 \u012fkv\u0117pt\u0173 profili\u0173\u2014 <strong data-start=\"1073\" data-end=\"1106\">Vapme Crystal 7000 \u012ftraukim\u0173 garintuvas<\/strong> si\u016blo ka\u017ek\u0105 kiekvienam skoniui. Kompakti\u0161kas, lengvai naudojamas ir patikimas, jis idealiai tinka tiek pradedantiesiems, tiek patyrusiems garintojams.<\/p>\n<p><img fetchpriority=\"high\" decoding=\"async\" class=\"size-full wp-image-3585\" src=\"https:\/\/vapestornado.com\/wp-content\/uploads\/2024\/12\/Vapme-Crystal-7000-Puffs-Wholesale-Supplier-Affordable-Bulk-Vape-Solutions.jpg\" alt=\"Vapme Crystal 7000 Puffs didmeninis tiek\u0117jas Prieinami dideli\u0173 gabarit\u0173 garintuv\u0173 sprendimai\" width=\"1000\" height=\"666\" srcset=\"https:\/\/vapestornado.com\/wp-content\/uploads\/2024\/12\/Vapme-Crystal-7000-Puffs-Wholesale-Supplier-Affordable-Bulk-Vape-Solutions.jpg 1000w, https:\/\/vapestornado.com\/wp-content\/uploads\/2024\/12\/Vapme-Crystal-7000-Puffs-Wholesale-Supplier-Affordable-Bulk-Vape-Solutions-300x200.jpg 300w, https:\/\/vapestornado.com\/wp-content\/uploads\/2024\/12\/Vapme-Crystal-7000-Puffs-Wholesale-Supplier-Affordable-Bulk-Vape-Solutions-768x511.jpg 768w, https:\/\/vapestornado.com\/wp-content\/uploads\/2024\/12\/Vapme-Crystal-7000-Puffs-Wholesale-Supplier-Affordable-Bulk-Vape-Solutions-600x400.jpg 600w\" sizes=\"(max-width: 1000px) 100vw, 1000px\" \/><\/p>\n<h3>Produkto savyb\u0117s<\/h3>\n<ol>\n<li>Ilgalaikiai 7 000+ \u012fkv\u0117pimai su 14 ml e-skys\u010dio talpa.<\/li>\n<li>\u012ekraunama 650 mAh baterija su greitu C tipo \u012fkrovimu.<\/li>\n<li>1,0\u03a9 tinklelio rit\u0117 sodriam skoniui ir tankiems garams.<\/li>\n<li>Stilingas RGB ap\u0161vietimas auk\u0161\u010diausios kokyb\u0117s garinimo patir\u010diai.<\/li>\n<li>Galima \u012fsigyti 30 unikali\u0173 ir gard\u017ei\u0173 skoni\u0173.<\/li>\n<\/ol>\n<h3>Skoni\u0173 s\u0105ra\u0161as<\/h3>\n<ol>\n<li>M\u0117lyni\u0173 avie\u010di\u0173<\/li>\n<li>Vynuogi\u0173 uoga<\/li>\n<li>Bra\u0161ki\u0173 arb\u016bzo burbulin\u0117 guma<\/li>\n<li>Bra\u0161ki\u0173 avie\u010di\u0173 saldainiai<\/li>\n<li>Bra\u0161ki\u0173 bananas<\/li>\n<li>Bra\u0161ki\u0173 mango<\/li>\n<li>Persik\u0173, mang\u0173 ir ananas\u0173<\/li>\n<li>Arb\u016bz\u0173 ledas<\/li>\n<li>Trigubas Mangas<\/li>\n<li>Vy\u0161ni\u0173 ledas<\/li>\n<li>Pasifloros meliono ledas<\/li>\n<li>Kivio pasifloros gvajava<\/li>\n<li>Bra\u0161ki\u0173 ledas<\/li>\n<li>Persik\u0173 ledas<\/li>\n<li>M\u0117lyni\u0173 avie\u010di\u0173 limonadas<\/li>\n<li>Bra\u0161ki\u0173 ir kivi\u0173<\/li>\n<li>Energinis g\u0117rimas<\/li>\n<li>Vy\u0161ni\u0173 kola<\/li>\n<li>Mi\u0161rios uogos su ledu<\/li>\n<li>Citrina<\/li>\n<li>Bra\u0161ki\u0173 vynuog\u0117s<\/li>\n<li>Juod\u0173j\u0173 serbent\u0173 ledas<\/li>\n<li>M\u0117lyni\u0173 spanguoli\u0173 vy\u0161ni\u0173<\/li>\n<li>Arb\u016bzo kivio ledas<\/li>\n<li>Vy\u0161ni\u0173 uogos<\/li>\n<li>M\u0117ta<\/li>\n<li>Tropini\u0173 vaisi\u0173 pun\u0161as<\/li>\n<li>Ponas M\u0117lynasis<\/li>\n<li>Dvigubas obuolys<\/li>\n<li>Banan\u0173 ledai<\/li>\n<\/ol>\n<h4><strong>Populiariausi Vapme 7000 Puffs skoniai<\/strong><\/h4>\n<ol>\n<li><strong>M\u0117lyni\u0173 avie\u010di\u0173<\/strong>: Puikiai subalansuotas sald\u017ei\u0173 m\u0117lyni\u0173 ir aitri\u0173 avie\u010di\u0173 mi\u0161inys.<\/li>\n<li><strong>Vynuogi\u0173 uoga<\/strong>: Ry\u0161kus vynuogi\u0173 skonis, sumai\u0161ytas su sultingomis uogomis, kad b\u016bt\u0173 gaivus garinimas.<\/li>\n<li><strong>Bra\u0161ki\u0173 arb\u016bzo burbulin\u0117 guma<\/strong>: Sultingos bra\u0161k\u0117s ir arb\u016bzas, derinami su nostalgi\u0161ku kramtomosios gumos saldumu.<\/li>\n<li><strong>Persik\u0173, mang\u0173 ir ananas\u0173<\/strong>: Tropinis sald\u017ei\u0173 persik\u0173, mang\u0173 ir aitri\u0173 ananas\u0173 mi\u0161inys.<\/li>\n<li><strong>Arb\u016bz\u0173 ledas<\/strong>: Saldus, gaivus arb\u016bzas su v\u0117siu mentolio pos\u016bkiu.<\/li>\n<\/ol>\n<h4><strong>Kod\u0117l verta rinktis Vapme Crystal 7000 Puffs?<\/strong><\/h4>\n<p>Vapme Crystal 7000 Puffs i\u0161siskiria i\u0161skirtiniu na\u0161umu, eleganti\u0161ku dizainu ir pla\u010diu skoni\u0173 pasirinkimu. D\u0117l did\u017eiul\u0117s 7000+ \u012fp\u016btim\u0173 talpos jis tarnauja ilgiau nei dauguma vienkartini\u0173 garintuv\u0173, tod\u0117l yra ekonomi\u0161kas pasirinkimas daug vartojantiems. \u012ekraunama 650 mAh baterija ir C tipo \u012fkrovimas u\u017etikrina patogum\u0105 ir suma\u017eina atliek\u0173 kiek\u012f, palyginti su vienkartiniais \u012frenginiais. Su pa\u017eangia 1,0 \u03a9 tinklelio rit\u0117s technologija, \u0161is garintuvas suteikia neprilygstam\u0105 skonio intensyvum\u0105 ir skland\u0173 gar\u0173 gamyb\u0105. Jo lengvas, kompakti\u0161kas dizainas ir RGB ap\u0161vietimas yra puikus kompanionas garinant kelyje. Nesvarbu, ar esate skonio entuziastas, ar ie\u0161kote patvarumo ir stiliaus, Vapme Crystal 7000 Puffs yra geriausias pasirinkimas.<\/p>\n<h3><strong>DUK<\/strong><\/h3>\n<ol>\n<li><strong>Kiek \u012fp\u016btim\u0173 suteikia Vapme Crystal 7k Puff?<\/strong><br \/>\nJis si\u016blo daugiau nei 7 000 \u012fp\u016btim\u0173, u\u017etikrinan\u010di\u0173 ilgalaik\u012f naudojim\u0105.<\/li>\n<li><strong>Ar Vapme Crystal 7000 Puffs yra \u012fkraunamas?<\/strong><br \/>\nTaip, jame yra 650 mAh \u012fkraunama baterija su C tipo prievadu.<\/li>\n<li><strong>Koki\u0173 skoni\u0173 yra Vapme Crystal 7k garintuvuose?<\/strong><br \/>\nYra 30 unikali\u0173 skoni\u0173, \u012fskaitant vaisi\u0173, ledinius ir saldaini\u0173 \u012fkv\u0117ptus variantus.<\/li>\n<li><strong>Koki\u0105 rit\u0117s technologij\u0105 naudoja \u0161is Vapme vape 7k crystal?<\/strong><br \/>\nJame yra 1,0 \u03a9 tinklelio rit\u0117, skirta geresniam skoniui ir gar\u0173 gamybai.<\/li>\n<li><strong>Ar Vapme Crystal 7k Puffs turi RGB ap\u0161vietim\u0105?<\/strong><br \/>\nTaip, jame yra stilingas RGB ap\u0161vietimas, u\u017etikrinantis geresn\u0119 garinimo patirt\u012f.<\/li>\n<\/ol>\n<h4>Vapme Crystal 7k vape didmenin\u0117 prekyba Susisiekite ir gaukite nuolaid\u0105 dabar!<a href=\"https:\/\/wa.me\/8618077105750\" target=\"_blank\" rel=\"noopener\">+8618077105750<\/a><\/h4>\n<p><img decoding=\"async\" class=\"size-large wp-image-2921\" src=\"https:\/\/vapestornado.com\/wp-content\/uploads\/2024\/11\/20062b3a285f900e79520aad496b94d-887x1024.jpg\" alt=\"vapestornado Vicky\" width=\"887\" height=\"1024\" srcset=\"https:\/\/vapestornado.com\/wp-content\/uploads\/2024\/11\/20062b3a285f900e79520aad496b94d-887x1024.jpg 887w, https:\/\/vapestornado.com\/wp-content\/uploads\/2024\/11\/20062b3a285f900e79520aad496b94d-260x300.jpg 260w, https:\/\/vapestornado.com\/wp-content\/uploads\/2024\/11\/20062b3a285f900e79520aad496b94d-768x887.jpg 768w, https:\/\/vapestornado.com\/wp-content\/uploads\/2024\/11\/20062b3a285f900e79520aad496b94d-600x693.jpg 600w, https:\/\/vapestornado.com\/wp-content\/uploads\/2024\/11\/20062b3a285f900e79520aad496b94d.jpg 1080w\" sizes=\"(max-width: 887px) 100vw, 887px\" \/><\/p>","protected":false},"excerpt":{"rendered":"<p>Vapme Crystal 7000 Puffs si\u016blo 7 000+ \u012fkv\u0117pim\u0173, 30 skoni\u0173, \u012fkraunam\u0105 baterij\u0105 ir 1,0\u03a9 tinklelio rit\u0119, u\u017etikrinan\u010di\u0105 puik\u0173 skon\u012f.<\/p>\n<p><strong><span style=\"color: #ff0000;\">(\u012f m\u016bs\u0173 svetain\u0117s kain\u0105 ne\u012fskai\u010diuotas pristatymo mokestis, susisiekite su manimi, kad gautum\u0117te vis\u0105 kain\u0105 ir savo nuolaid\u0105!)<\/span><\/strong><\/p>\n<p><img decoding=\"async\" class=\"size-medium wp-image-2921\" src=\"https:\/\/vapestornado.com\/wp-content\/uploads\/2024\/11\/20062b3a285f900e79520aad496b94d-260x300.jpg\" alt=\"vapestornado Vicky\" width=\"260\" height=\"300\" srcset=\"https:\/\/vapestornado.com\/wp-content\/uploads\/2024\/11\/20062b3a285f900e79520aad496b94d-260x300.jpg 260w, https:\/\/vapestornado.com\/wp-content\/uploads\/2024\/11\/20062b3a285f900e79520aad496b94d-887x1024.jpg 887w, https:\/\/vapestornado.com\/wp-content\/uploads\/2024\/11\/20062b3a285f900e79520aad496b94d-768x887.jpg 768w, https:\/\/vapestornado.com\/wp-content\/uploads\/2024\/11\/20062b3a285f900e79520aad496b94d-600x693.jpg 600w, https:\/\/vapestornado.com\/wp-content\/uploads\/2024\/11\/20062b3a285f900e79520aad496b94d.jpg 1080w\" sizes=\"(max-width: 260px) 100vw, 260px\" \/><\/p>","protected":false},"featured_media":3579,"comment_status":"open","ping_status":"closed","template":"","meta":{"_acf_changed":false,"_uag_custom_page_level_css":"","_lmt_disableupdate":"no","_lmt_disable":"","_monsterinsights_skip_tracking":false,"_monsterinsights_sitenote_active":false,"_monsterinsights_sitenote_note":"","_monsterinsights_sitenote_category":0,"site-sidebar-layout":"default","site-content-layout":"","ast-site-content-layout":"default","site-content-style":"default","site-sidebar-style":"default","ast-global-header-display":"","ast-banner-title-visibility":"","ast-main-header-display":"","ast-hfb-above-header-display":"","ast-hfb-below-header-display":"","ast-hfb-mobile-header-display":"","site-post-title":"","ast-breadcrumbs-content":"","ast-featured-img":"","footer-sml-layout":"","ast-disable-related-posts":"","theme-transparent-header-meta":"default","adv-header-id-meta":"","stick-header-meta":"","header-above-stick-meta":"","header-main-stick-meta":"","header-below-stick-meta":"","astra-migrate-meta-layouts":"set","ast-page-background-enabled":"default","ast-page-background-meta":{"desktop":{"background-color":"","background-image":"","background-repeat":"repeat","background-position":"center center","background-size":"auto","background-attachment":"scroll","background-type":"","background-media":"","overlay-type":"","overlay-color":"","overlay-opacity":"","overlay-gradient":""},"tablet":{"background-color":"","background-image":"","background-repeat":"repeat","background-position":"center center","background-size":"auto","background-attachment":"scroll","background-type":"","background-media":"","overlay-type":"","overlay-color":"","overlay-opacity":"","overlay-gradient":""},"mobile":{"background-color":"","background-image":"","background-repeat":"repeat","background-position":"center center","background-size":"auto","background-attachment":"scroll","background-type":"","background-media":"","overlay-type":"","overlay-color":"","overlay-opacity":"","overlay-gradient":""}},"ast-content-background-meta":{"desktop":{"background-color":"var(--ast-global-color-5)","background-image":"","background-repeat":"repeat","background-position":"center center","background-size":"auto","background-attachment":"scroll","background-type":"","background-media":"","overlay-type":"","overlay-color":"","overlay-opacity":"","overlay-gradient":""},"tablet":{"background-color":"var(--ast-global-color-5)","background-image":"","background-repeat":"repeat","background-position":"center center","background-size":"auto","background-attachment":"scroll","background-type":"","background-media":"","overlay-type":"","overlay-color":"","overlay-opacity":"","overlay-gradient":""},"mobile":{"background-color":"var(--ast-global-color-5)","background-image":"","background-repeat":"repeat","background-position":"center center","background-size":"auto","background-attachment":"scroll","background-type":"","background-media":"","overlay-type":"","overlay-color":"","overlay-opacity":"","overlay-gradient":""}},"_joinchat":{"telephone":"+8618077105750"}},"product_brand":[],"product_cat":[74,154,159,143,144,61],"product_tag":[],"class_list":{"0":"post-3567","1":"product","2":"type-product","3":"status-publish","4":"has-post-thumbnail","6":"product_cat-7000-puff","7":"product_cat-buy-disposable-vapes-in-netherlands","8":"product_cat-buy-disposable-vapes-in-sweden","9":"product_cat-dual-mesh-disposable-vapes","10":"product_cat-low-nicotine-disposable-vapes","11":"product_cat-vapme-shisha","12":"desktop-align-left","13":"tablet-align-left","14":"mobile-align-left","16":"first","17":"instock","18":"sale","19":"shipping-taxable","20":"purchasable","21":"product-type-simple"},"acf":[],"uagb_featured_image_src":{"full":["https:\/\/vapestornado.com\/wp-content\/uploads\/2024\/12\/Vapme-Crystal-7000-Puffs-Price-Best-Value-for-High-Performance-Disposable-Vapes.jpg",1000,1000,false],"thumbnail":["https:\/\/vapestornado.com\/wp-content\/uploads\/2024\/12\/Vapme-Crystal-7000-Puffs-Price-Best-Value-for-High-Performance-Disposable-Vapes-150x150.jpg",150,150,true],"medium":["https:\/\/vapestornado.com\/wp-content\/uploads\/2024\/12\/Vapme-Crystal-7000-Puffs-Price-Best-Value-for-High-Performance-Disposable-Vapes-300x300.jpg",300,300,true],"medium_large":["https:\/\/vapestornado.com\/wp-content\/uploads\/2024\/12\/Vapme-Crystal-7000-Puffs-Price-Best-Value-for-High-Performance-Disposable-Vapes-768x768.jpg",768,768,true],"large":["https:\/\/vapestornado.com\/wp-content\/uploads\/2024\/12\/Vapme-Crystal-7000-Puffs-Price-Best-Value-for-High-Performance-Disposable-Vapes.jpg",1000,1000,false],"1536x1536":["https:\/\/vapestornado.com\/wp-content\/uploads\/2024\/12\/Vapme-Crystal-7000-Puffs-Price-Best-Value-for-High-Performance-Disposable-Vapes.jpg",1000,1000,false],"2048x2048":["https:\/\/vapestornado.com\/wp-content\/uploads\/2024\/12\/Vapme-Crystal-7000-Puffs-Price-Best-Value-for-High-Performance-Disposable-Vapes.jpg",1000,1000,false],"trp-custom-language-flag":["https:\/\/vapestornado.com\/wp-content\/uploads\/2024\/12\/Vapme-Crystal-7000-Puffs-Price-Best-Value-for-High-Performance-Disposable-Vapes.jpg",12,12,false],"woocommerce_thumbnail":["https:\/\/vapestornado.com\/wp-content\/uploads\/2024\/12\/Vapme-Crystal-7000-Puffs-Price-Best-Value-for-High-Performance-Disposable-Vapes-300x300.jpg",300,300,true],"woocommerce_single":["https:\/\/vapestornado.com\/wp-content\/uploads\/2024\/12\/Vapme-Crystal-7000-Puffs-Price-Best-Value-for-High-Performance-Disposable-Vapes-600x600.jpg",600,600,true],"woocommerce_gallery_thumbnail":["https:\/\/vapestornado.com\/wp-content\/uploads\/2024\/12\/Vapme-Crystal-7000-Puffs-Price-Best-Value-for-High-Performance-Disposable-Vapes-100x100.jpg",100,100,true]},"uagb_author_info":{"display_name":"ESvicky","author_link":"https:\/\/vapestornado.com\/lt\/author\/"},"uagb_comment_info":0,"uagb_excerpt":"Vapme Crystal 7000 Puffs offers 7,000+ puffs, 30 flavors, rechargeable battery, and 1.0\u03a9 mesh coil for superior flavor. (our website price not include shipping cost, please contact me to get whole price and your disccount!)","_links":{"self":[{"href":"https:\/\/vapestornado.com\/lt\/wp-json\/wp\/v2\/product\/3567","targetHints":{"allow":["GET"]}}],"collection":[{"href":"https:\/\/vapestornado.com\/lt\/wp-json\/wp\/v2\/product"}],"about":[{"href":"https:\/\/vapestornado.com\/lt\/wp-json\/wp\/v2\/types\/product"}],"replies":[{"embeddable":true,"href":"https:\/\/vapestornado.com\/lt\/wp-json\/wp\/v2\/comments?post=3567"}],"wp:featuredmedia":[{"embeddable":true,"href":"https:\/\/vapestornado.com\/lt\/wp-json\/wp\/v2\/media\/3579"}],"wp:attachment":[{"href":"https:\/\/vapestornado.com\/lt\/wp-json\/wp\/v2\/media?parent=3567"}],"wp:term":[{"taxonomy":"product_brand","embeddable":true,"href":"https:\/\/vapestornado.com\/lt\/wp-json\/wp\/v2\/product_brand?post=3567"},{"taxonomy":"product_cat","embeddable":true,"href":"https:\/\/vapestornado.com\/lt\/wp-json\/wp\/v2\/product_cat?post=3567"},{"taxonomy":"product_tag","embeddable":true,"href":"https:\/\/vapestornado.com\/lt\/wp-json\/wp\/v2\/product_tag?post=3567"}],"curies":[{"name":"wp","href":"https:\/\/api.w.org\/{rel}","templated":true}]}}