{"id":3515,"date":"2024-12-28T08:19:21","date_gmt":"2024-12-28T08:19:21","guid":{"rendered":"https:\/\/vapestornado.com\/?post_type=product&#038;p=3515"},"modified":"2025-08-23T12:19:13","modified_gmt":"2025-08-23T12:19:13","slug":"uwin-shisha-hookah-crystal-20000-puffs-new-vape-bulk-price","status":"publish","type":"product","link":"https:\/\/vapestornado.com\/lt\/product\/uwin-shisha-hookah-crystal-20000-puffs-new-vape-bulk-price\/","title":{"rendered":"Uwin SHISHA HOOKAH Crystal 20000 \u012etraukim\u0173 Naujas Garintuvas Didmenin\u0117 Kaina"},"content":{"rendered":"<h1>Uwin SHISHA HOOKAH Crystal 20000 \u012etraukim\u0173 Naujas Garintuvas Didmenin\u0117 Kaina<\/h1>\n<p>\u0160is <strong data-start=\"291\" data-end=\"333\">Uwin Shisha Hookah Crystal 20000 \u012etraukim\u0173<\/strong> yra auk\u0161\u010diausios kokyb\u0117s vienkartinis garintuvas, skirtas ma\u017emenininkams ir platintojams, ie\u0161kantiems <strong data-start=\"415\" data-end=\"438\">didmenini\u0173 garinimo sprendim\u0173<\/strong> su didele paklausa visoje Europoje. Kiekvienas \u012frenginys suteikia iki <strong data-start=\"500\" data-end=\"523\">20 000 skland\u017ei\u0173 \u012ftraukim\u0173<\/strong>, i\u0161 anksto u\u017epildytas <strong data-start=\"541\" data-end=\"561\">25 ml e. skys\u010dio<\/strong> ir maitinamas <strong data-start=\"580\" data-end=\"618\">850 mAh \u012fkraunama kobalto baterija<\/strong> su greitu <strong data-start=\"629\" data-end=\"648\">Type-C \u012fkrovimu<\/strong>.<\/p>\n<p>Galima \u012fsigyti <strong data-start=\"672\" data-end=\"713\">0%, 2%, 3% ir 5% nikotino stiprumo<\/strong>, jis si\u016blo lankstum\u0105 kiekvienam klient\u0173 tipui. The <strong data-start=\"769\" data-end=\"793\">tinklelio rit\u0117s technologija<\/strong> u\u017etikrina sodr\u0173 skon\u012f ir tankius debesis, o <strong data-start=\"842\" data-end=\"867\">kristalinio shisha dizainas<\/strong> suteikia modernaus, stilingo patrauklumo.<\/p>\n<p>Su <strong data-start=\"913\" data-end=\"940\">12 geriausiai parduodam\u0173 skoni\u0173<\/strong> ir prakti\u0161ka didmenin\u0117 pakuot\u0117 (<strong data-start=\"976\" data-end=\"1019\">10 vnt.\/d\u0117\u017eut\u0117, 200 vnt.\/d\u0117\u017e\u0117, 20,3 kg\/d\u0117\u017e\u0117<\/strong>), Uwin Crystal 20K sukurtas tiek <strong data-start=\"1061\" data-end=\"1109\">ma\u017emenin\u0117s prekybos lentynoms, tiek dideliems platinimo u\u017esakymams<\/strong>. Kompakti\u0161kas, bet galingas, jis sujungia <strong data-start=\"1145\" data-end=\"1192\">patikimum\u0105, na\u0161um\u0105 ir prieinamum\u0105<\/strong>, tod\u0117l tai yra vienas konkurencingiausi\u0173 didmenini\u0173 garintuv\u0173 20 t\u016bkst. \u012ftraukim\u0173 kategorijoje.<img fetchpriority=\"high\" decoding=\"async\" class=\"wp-image-3531\" style=\"font-style: inherit; font-weight: 600;\" src=\"https:\/\/vapestornado.com\/wp-content\/uploads\/2024\/12\/UWIN-VAPES-HOOKAH-Crystal-20000-Puffs-Grape-ice.jpg\" alt=\"UWIN VAPES HOOKAH Crystal 20000 Puffs Vynuogi\u0173 ledas\" width=\"473\" height=\"473\" srcset=\"https:\/\/vapestornado.com\/wp-content\/uploads\/2024\/12\/UWIN-VAPES-HOOKAH-Crystal-20000-Puffs-Grape-ice.jpg 800w, https:\/\/vapestornado.com\/wp-content\/uploads\/2024\/12\/UWIN-VAPES-HOOKAH-Crystal-20000-Puffs-Grape-ice-300x300.jpg 300w, https:\/\/vapestornado.com\/wp-content\/uploads\/2024\/12\/UWIN-VAPES-HOOKAH-Crystal-20000-Puffs-Grape-ice-150x150.jpg 150w, https:\/\/vapestornado.com\/wp-content\/uploads\/2024\/12\/UWIN-VAPES-HOOKAH-Crystal-20000-Puffs-Grape-ice-768x768.jpg 768w, https:\/\/vapestornado.com\/wp-content\/uploads\/2024\/12\/UWIN-VAPES-HOOKAH-Crystal-20000-Puffs-Grape-ice-600x600.jpg 600w, https:\/\/vapestornado.com\/wp-content\/uploads\/2024\/12\/UWIN-VAPES-HOOKAH-Crystal-20000-Puffs-Grape-ice-100x100.jpg 100w\" sizes=\"(max-width: 473px) 100vw, 473px\" \/><\/p>\n<div role=\"article\" data-tabster=\"{&quot;groupper&quot;:{&quot;tabbability&quot;:2},&quot;focusable&quot;:{}}\" data-content=\"ai-message\" aria-labelledby=\"64JRvXrTnY7mRmPkEQLLT-author 64JRvXrTnY7mRmPkEQLLT-content\">\n<div id=\"64JRvXrTnY7mRmPkEQLLT-content\">UWIN VAPES HOOKAH Crystal 20000 Puffs Vynuogi\u0173 ledas<\/div>\n<\/div>\n<p><img decoding=\"async\" class=\"alignleft wp-image-2951 size-medium\" src=\"https:\/\/vapestornado.com\/wp-content\/uploads\/2024\/12\/Wholesale-Disposable-Vape-265x300.jpg\" alt=\"Didmenin\u0117 prekyba vienkartiniais garintuvais\" width=\"265\" height=\"300\" srcset=\"https:\/\/vapestornado.com\/wp-content\/uploads\/2024\/12\/Wholesale-Disposable-Vape-265x300.jpg 265w, https:\/\/vapestornado.com\/wp-content\/uploads\/2024\/12\/Wholesale-Disposable-Vape-768x871.jpg 768w, https:\/\/vapestornado.com\/wp-content\/uploads\/2024\/12\/Wholesale-Disposable-Vape-600x680.jpg 600w, https:\/\/vapestornado.com\/wp-content\/uploads\/2024\/12\/Wholesale-Disposable-Vape.jpg 823w\" sizes=\"(max-width: 265px) 100vw, 265px\" \/><\/p>\n<h6>Pra\u0161ome susisiekti su Mandy per \u201eWhatsApp\u201c d\u0117l nuolaidos kainos<a href=\"https:\/\/wa.me\/8618077105796\" target=\"_blank\" rel=\"noopener\">+8618077105796<\/a><\/h6>\n<div class=\"flex max-w-full flex-col flex-grow\">\n<div class=\"min-h-8 text-message flex w-full flex-col items-end gap-2 whitespace-normal break-words text-start [.text-message+&amp;]:mt-5\" dir=\"auto\" data-message-author-role=\"assistant\" data-message-id=\"cdb991c0-f594-4bff-b2d5-fbbdd7ce9e54\" data-message-model-slug=\"gpt-4o-mini\">\n<div class=\"flex w-full flex-col gap-1 empty:hidden first:pt-[3px]\">\n<div class=\"markdown prose w-full break-words dark:prose-invert light\"><\/div>\n<\/div>\n<\/div>\n<\/div>\n<div class=\"mb-2 flex gap-3 empty:hidden -ml-2\">\n<h2><strong>Uwin SHISHA VAPE Kristalas 20000 P\u016b\u010di\u0173 <\/strong>I\u0161skirtin\u0117s savyb\u0117s:<\/h2>\n<ul>\n<li><strong>Nikotino kiekis<\/strong>: 0%, 2%, 3%, 5%<\/li>\n<li><strong>\u012ekv\u0117pimai<\/strong>: Iki 20 000<\/li>\n<li><strong>E-skystis<\/strong>: 25 ml talpa<\/li>\n<li><strong>Baterija<\/strong>: 850 mAh \u012fkraunama, C tipo prievadas<\/li>\n<li><strong>Rit\u0117<\/strong>: Tinklelio rit\u0117 sodriam skoniui<\/li>\n<li><strong>Skoniai<\/strong>: 12 variant\u0173<\/li>\n<li><strong>Pakuot\u0117<\/strong>: 10 vnt\/d\u0117\u017eut\u0117, 200 vnt\/d\u0117\u017e\u0117<\/li>\n<li><strong>D\u0117\u017e\u0117s specifikacijos<\/strong>: 20,3 kg, 39,5 \u00d7 39 \u00d7 30,5 cm<\/li>\n<li><strong>Garintuvo stilius<\/strong>: Tiesioginis \u012f plau\u010dius (DTL)<\/li>\n<\/ul>\n<\/div>\n<h2><strong>Uwin SHISHA HOOKAH Kristal\u0173 VAPAI 20k P\u016b\u010di\u0173<\/strong> Skoni\u0173 s\u0105ra\u0161as:<\/h2>\n<p>1. M\u0117lyn\u0117 su ledu<br \/>\n2. Kiviai, pasifloros ir gvajavos<br \/>\n3. Bra\u0161k\u0117s ir kiviai<br \/>\n4. Uog\u0173 mi\u0161inys<br \/>\n5. Bra\u0161k\u0117s ir arb\u016bzas<br \/>\n6. Vynuogi\u0173 ledas<br \/>\n7. Arb\u016bz\u0173 ledas<br \/>\n8. Vy\u0161ni\u0173 ledas<br \/>\n9. Bra\u0161ki\u0173 ledas<br \/>\n10. Persik\u0173 ledas<br \/>\n11.M\u0117lyni\u0173 avie\u010di\u0173<br \/>\n12. Meil\u0117 66<\/p>\n<div role=\"article\" data-tabster=\"{&quot;groupper&quot;:{&quot;tabbability&quot;:2},&quot;focusable&quot;:{}}\" data-content=\"ai-message\" aria-labelledby=\"dARUyEWDoEYhnSPXFwx5A-author dARUyEWDoEYhnSPXFwx5A-content\">\n<div id=\"dARUyEWDoEYhnSPXFwx5A-content\">\n<h2>Kod\u0117l verta rinktis <strong>Uwin SHISHA HOOKAH Crystal 20000 d\u016bm\u0173 <\/strong>at <a href=\"https:\/\/vapestornado.com\/lt\/product\/bang-box-35k-puffs-high-capacity-long-lasting-disposable-vape\/\">vapestornado.com?<\/a><\/h2>\n<p>Jei ie\u0161kote auk\u0161\u010diausios kokyb\u0117s vienkartini\u0173 garintuv\u0173 u\u017e konkurencing\u0105 kain\u0105, vapestornado.com yra patikimas \u0161altinis, si\u016blantis <strong>Uwin Shisha Crystal 20000 \u012ftraukim\u0173<\/strong>. \u0160tai kod\u0117l \u0161is produktas ir platforma i\u0161siskiria:<\/p>\n<ul>\n<li><strong>I\u0161skirtinis ilgaam\u017ei\u0161kumas<\/strong><br \/>\nUwin Shisha Hookah Crystal suteikia iki <strong>20 000 \u012fkv\u0117pim\u0173<\/strong>, tod\u0117l tai yra vienas i\u0161 ilgiausiai veikian\u010di\u0173 vienkartini\u0173 garintuv\u0173 rinkoje. Puikiai tinka aistringiems garintojams ir tiems, kurie ie\u0161ko ilgesnio naudojimo.<\/li>\n<li><strong>\u012evairios nikotino parinktys<\/strong><br \/>\nPritaikytas visiems pageidavimams, \u0161is garintuvas yra prieinamas <strong>0%, 2%, 3% ir 5% nikotino stiprumo<\/strong>, tod\u0117l jis idealiai tinka tiek atsitiktiniams, tiek reguliariems naudotojams.<\/li>\n<li><strong>Skoni\u0173 \u012fvairov\u0117<\/strong><br \/>\nRinkit\u0117s i\u0161 <strong>12 auk\u0161\u010diausios kokyb\u0117s skoni\u0173<\/strong>, kruop\u0161\u010diai sukurtas, kad patenkint\u0173 \u012fvairius skonius, nuo vaisi\u0173 m\u0117gstam\u0173 iki v\u0117si\u0173 mentolio mi\u0161ini\u0173.<\/li>\n<li><strong>Pa\u017eangi technologija<\/strong><br \/>\n\u012erengtas su <strong>tinklelio rit\u0117<\/strong> ir <strong>850 mAh \u012fkraunama kobalto baterija<\/strong>, prietaisas si\u016blo skland\u0173 gar\u0105, sodr\u0173 skon\u012f ir greit\u0105, patog\u0173 \u012fkrovim\u0105 per <strong>Type-C prievad\u0105<\/strong>.<\/li>\n<li><strong>Didmenin\u0117 prekyba<\/strong><br \/>\nvapestornado.com, m\u0117gaukit\u0117s dideli\u0173 pakuo\u010di\u0173 galimyb\u0117mis su <strong>10 vienet\u0173 d\u0117\u017eut\u0117je<\/strong> ir <strong>200 vienet\u0173 d\u0117\u017eut\u0117je<\/strong>, puikiai tinkan\u010diomis ma\u017emenininkams ir platintojams.<\/li>\n<li><strong>Patikimas tiek\u0117jas<\/strong><br \/>\nvapestornado.com yra \u017einomas d\u0117l savo patikimos paslaugos, autenti\u0161k\u0173 produkt\u0173 ir konkurencing\u0173 kain\u0173, tod\u0117l tai yra puiki platforma auk\u0161tos kokyb\u0117s garintuvams.<\/li>\n<\/ul>\n<\/div>\n<\/div>\n<h2>DUK apie <strong>Uwin SHISHA HOOKAH Crystal 20000 d\u016bm\u0173 <\/strong>Garintuv\u0173 kapsul\u0117s<\/h2>\n<p>&nbsp;<\/p>\n<p><strong>1. Kiek \u012fkv\u0117pim\u0173 galiu gauti i\u0161 Uwin Shisha Hookah Vapes 20k \u012fkv\u0117pim\u0173?<\/strong><br \/>\nKiekviena kapsul\u0117 si\u016blo iki <strong>20 000 \u012fkv\u0117pim\u0173<\/strong>, tod\u0117l tai yra ilgalaikis pasirinkimas reguliariam garinimui.<\/p>\n<p><strong>2. Kokie nikotino stiprumai yra prieinami Uwin Crystal 20000 \u012fkv\u0117pim\u0173?<\/strong><br \/>\nUwin Shisha Hookah Crystal yra su <strong>0%, 2%, 3% ir 5% nikotino<\/strong> variant\u0173, atitinkan\u010di\u0173 skirtingus pageidavimus.<\/p>\n<p><strong>3. Kiek e-skys\u010dio yra Uwin Crystal Vapes 20k \u012fkv\u0117pim\u0173?<\/strong><br \/>\nKiekviena kapsul\u0117 yra i\u0161 anksto u\u017epildyta su <strong>25 ml auk\u0161\u010diausios kokyb\u0117s e-skys\u010dio<\/strong> ilgesniam naudojimui.<\/p>\n<p><strong>4. Kiek laiko u\u017etrunka pristatyti Uwin Shisha Hookah Crystal 20000 \u012fkv\u0117pim\u0173 garintuv\u0173 kapsules \u012f mano \u0161al\u012f?<\/strong><br \/>\nPristatymo laikas skiriasi priklausomai nuo j\u016bs\u0173 vietos ir pasirinkto siuntimo b\u016bdo. Europos \u0161alyse standartinis pristatymas paprastai trunka 10<strong>\u201315 darbo dien\u0173.<\/strong> Jei bus \u0161ventini\u0173 dien\u0173, siuntos pristatymo laikas bus atid\u0117tas.<\/p>\n<p><strong>5. Kaip sekti savo u\u017esakym\u0105?<\/strong><br \/>\nKai j\u016bs\u0173 u\u017esakymas bus i\u0161si\u0173stas, gausite sekimo numer\u012f i\u0161 tiek\u0117jo ar ma\u017emenininko. Naudokite j\u012f, kad gal\u0117tum\u0117te steb\u0117ti pristatymo eig\u0105.<\/p>","protected":false},"excerpt":{"rendered":"<p>Uwin Shisha Hookah Crystal 20000 Puffs Vape, didmenin\u0117s kainos, auk\u0161\u010diausios kokyb\u0117s skoniai, pakraunamas, 2%\u20135% nikotinas, nekenksmingas aplinkai. Puikiai tinka didmeniniams pirk\u0117jams Europoje.<\/p>\n<figure id=\"attachment_2951\" aria-describedby=\"caption-attachment-2951\" style=\"width: 265px\" class=\"wp-caption alignnone\"><img decoding=\"async\" class=\"size-medium wp-image-2951\" src=\"https:\/\/vapestornado.com\/wp-content\/uploads\/2024\/12\/Wholesale-Disposable-Vape-265x300.jpg\" alt=\"Didmenin\u0117 prekyba vienkartiniais garintuvais\" width=\"265\" height=\"300\" srcset=\"https:\/\/vapestornado.com\/wp-content\/uploads\/2024\/12\/Wholesale-Disposable-Vape-265x300.jpg 265w, https:\/\/vapestornado.com\/wp-content\/uploads\/2024\/12\/Wholesale-Disposable-Vape-768x871.jpg 768w, https:\/\/vapestornado.com\/wp-content\/uploads\/2024\/12\/Wholesale-Disposable-Vape-600x680.jpg 600w, https:\/\/vapestornado.com\/wp-content\/uploads\/2024\/12\/Wholesale-Disposable-Vape.jpg 823w\" sizes=\"(max-width: 265px) 100vw, 265px\" \/><figcaption id=\"caption-attachment-2951\" class=\"wp-caption-text\">Pra\u0161ome susisiekti su Mandy per \u201eWhatsApp\u201c d\u0117l nuolaidos kainos\u00a0 <a href=\"https:\/\/wa.me\/8618077105796\">+8618077105796<\/a><\/figcaption><\/figure>\n<p>&nbsp;<\/p>","protected":false},"featured_media":3520,"comment_status":"open","ping_status":"closed","template":"","meta":{"_acf_changed":false,"_uag_custom_page_level_css":"","_lmt_disableupdate":"no","_lmt_disable":"","_monsterinsights_skip_tracking":false,"_monsterinsights_sitenote_active":false,"_monsterinsights_sitenote_note":"","_monsterinsights_sitenote_category":0,"site-sidebar-layout":"default","site-content-layout":"","ast-site-content-layout":"default","site-content-style":"default","site-sidebar-style":"default","ast-global-header-display":"","ast-banner-title-visibility":"","ast-main-header-display":"","ast-hfb-above-header-display":"","ast-hfb-below-header-display":"","ast-hfb-mobile-header-display":"","site-post-title":"","ast-breadcrumbs-content":"","ast-featured-img":"","footer-sml-layout":"","ast-disable-related-posts":"","theme-transparent-header-meta":"default","adv-header-id-meta":"","stick-header-meta":"","header-above-stick-meta":"","header-main-stick-meta":"","header-below-stick-meta":"","astra-migrate-meta-layouts":"set","ast-page-background-enabled":"default","ast-page-background-meta":{"desktop":{"background-color":"","background-image":"","background-repeat":"repeat","background-position":"center center","background-size":"auto","background-attachment":"scroll","background-type":"","background-media":"","overlay-type":"","overlay-color":"","overlay-opacity":"","overlay-gradient":""},"tablet":{"background-color":"","background-image":"","background-repeat":"repeat","background-position":"center center","background-size":"auto","background-attachment":"scroll","background-type":"","background-media":"","overlay-type":"","overlay-color":"","overlay-opacity":"","overlay-gradient":""},"mobile":{"background-color":"","background-image":"","background-repeat":"repeat","background-position":"center center","background-size":"auto","background-attachment":"scroll","background-type":"","background-media":"","overlay-type":"","overlay-color":"","overlay-opacity":"","overlay-gradient":""}},"ast-content-background-meta":{"desktop":{"background-color":"var(--ast-global-color-5)","background-image":"","background-repeat":"repeat","background-position":"center center","background-size":"auto","background-attachment":"scroll","background-type":"","background-media":"","overlay-type":"","overlay-color":"","overlay-opacity":"","overlay-gradient":""},"tablet":{"background-color":"var(--ast-global-color-5)","background-image":"","background-repeat":"repeat","background-position":"center center","background-size":"auto","background-attachment":"scroll","background-type":"","background-media":"","overlay-type":"","overlay-color":"","overlay-opacity":"","overlay-gradient":""},"mobile":{"background-color":"var(--ast-global-color-5)","background-image":"","background-repeat":"repeat","background-position":"center center","background-size":"auto","background-attachment":"scroll","background-type":"","background-media":"","overlay-type":"","overlay-color":"","overlay-opacity":"","overlay-gradient":""}},"_joinchat":{"telephone":"+8618077105796"}},"product_brand":[],"product_cat":[69,150,151,153,157,141],"product_tag":[97,217],"class_list":{"0":"post-3515","1":"product","2":"type-product","3":"status-publish","4":"has-post-thumbnail","6":"product_cat-20000-puff","7":"product_cat-buy-disposable-vapes-in-belgium","8":"product_cat-buy-disposable-vapes-in-france","9":"product_cat-buy-disposable-vapes-in-italy","10":"product_cat-buy-disposable-vapes-in-portugal","11":"product_cat-crystal-disposable-vapes","12":"product_tag-hot-sale-disposable-vape","13":"product_tag-uwin-shisha-hookah-crystal-20000-puffs","14":"desktop-align-left","15":"tablet-align-left","16":"mobile-align-left","18":"first","19":"instock","20":"sale","21":"shipping-taxable","22":"purchasable","23":"product-type-simple"},"acf":[],"uagb_featured_image_src":{"full":["https:\/\/vapestornado.com\/wp-content\/uploads\/2024\/12\/Good-Sale-UWIN-HOOKAH-Crystal-20000-Puffs-Watermelon-ice.jpg",800,800,false],"thumbnail":["https:\/\/vapestornado.com\/wp-content\/uploads\/2024\/12\/Good-Sale-UWIN-HOOKAH-Crystal-20000-Puffs-Watermelon-ice-150x150.jpg",150,150,true],"medium":["https:\/\/vapestornado.com\/wp-content\/uploads\/2024\/12\/Good-Sale-UWIN-HOOKAH-Crystal-20000-Puffs-Watermelon-ice-300x300.jpg",300,300,true],"medium_large":["https:\/\/vapestornado.com\/wp-content\/uploads\/2024\/12\/Good-Sale-UWIN-HOOKAH-Crystal-20000-Puffs-Watermelon-ice-768x768.jpg",768,768,true],"large":["https:\/\/vapestornado.com\/wp-content\/uploads\/2024\/12\/Good-Sale-UWIN-HOOKAH-Crystal-20000-Puffs-Watermelon-ice.jpg",800,800,false],"1536x1536":["https:\/\/vapestornado.com\/wp-content\/uploads\/2024\/12\/Good-Sale-UWIN-HOOKAH-Crystal-20000-Puffs-Watermelon-ice.jpg",800,800,false],"2048x2048":["https:\/\/vapestornado.com\/wp-content\/uploads\/2024\/12\/Good-Sale-UWIN-HOOKAH-Crystal-20000-Puffs-Watermelon-ice.jpg",800,800,false],"trp-custom-language-flag":["https:\/\/vapestornado.com\/wp-content\/uploads\/2024\/12\/Good-Sale-UWIN-HOOKAH-Crystal-20000-Puffs-Watermelon-ice.jpg",12,12,false],"woocommerce_thumbnail":["https:\/\/vapestornado.com\/wp-content\/uploads\/2024\/12\/Good-Sale-UWIN-HOOKAH-Crystal-20000-Puffs-Watermelon-ice-300x300.jpg",300,300,true],"woocommerce_single":["https:\/\/vapestornado.com\/wp-content\/uploads\/2024\/12\/Good-Sale-UWIN-HOOKAH-Crystal-20000-Puffs-Watermelon-ice-600x600.jpg",600,600,true],"woocommerce_gallery_thumbnail":["https:\/\/vapestornado.com\/wp-content\/uploads\/2024\/12\/Good-Sale-UWIN-HOOKAH-Crystal-20000-Puffs-Watermelon-ice-100x100.jpg",100,100,true]},"uagb_author_info":{"display_name":"ESMANDY","author_link":"https:\/\/vapestornado.com\/lt\/author\/"},"uagb_comment_info":0,"uagb_excerpt":"Uwin Shisha Hookah Crystal 20000 Puffs Vape, bulk prices, premium flavors, rechargeable, 2%5% nicotine, eco-friendly. Perfect for wholesale buyers in Europe. [caption id=\"attachment_2951\" align=\"alignnone\" width=\"265\"] Pls Contact Mandy's WhatsApp For Discount Price\u00a0 +8618077105796[\/caption] &nbsp;","_links":{"self":[{"href":"https:\/\/vapestornado.com\/lt\/wp-json\/wp\/v2\/product\/3515","targetHints":{"allow":["GET"]}}],"collection":[{"href":"https:\/\/vapestornado.com\/lt\/wp-json\/wp\/v2\/product"}],"about":[{"href":"https:\/\/vapestornado.com\/lt\/wp-json\/wp\/v2\/types\/product"}],"replies":[{"embeddable":true,"href":"https:\/\/vapestornado.com\/lt\/wp-json\/wp\/v2\/comments?post=3515"}],"wp:featuredmedia":[{"embeddable":true,"href":"https:\/\/vapestornado.com\/lt\/wp-json\/wp\/v2\/media\/3520"}],"wp:attachment":[{"href":"https:\/\/vapestornado.com\/lt\/wp-json\/wp\/v2\/media?parent=3515"}],"wp:term":[{"taxonomy":"product_brand","embeddable":true,"href":"https:\/\/vapestornado.com\/lt\/wp-json\/wp\/v2\/product_brand?post=3515"},{"taxonomy":"product_cat","embeddable":true,"href":"https:\/\/vapestornado.com\/lt\/wp-json\/wp\/v2\/product_cat?post=3515"},{"taxonomy":"product_tag","embeddable":true,"href":"https:\/\/vapestornado.com\/lt\/wp-json\/wp\/v2\/product_tag?post=3515"}],"curies":[{"name":"wp","href":"https:\/\/api.w.org\/{rel}","templated":true}]}}