{"id":3450,"date":"2024-12-27T09:35:12","date_gmt":"2024-12-27T09:35:12","guid":{"rendered":"https:\/\/vapestornado.com\/?post_type=product&#038;p=3450"},"modified":"2025-08-23T11:18:02","modified_gmt":"2025-08-23T11:18:02","slug":"fumot-randm-tornado-7000-puffs-disposable-vape","status":"publish","type":"product","link":"https:\/\/vapestornado.com\/lt\/product\/fumot-randm-tornado-7000-puffs-disposable-vape\/","title":{"rendered":"Fumot RandM Tornado 7000 \u012ftraukim\u0173 vienkartinis garintuvas"},"content":{"rendered":"<h1>Fumot RandM Tornado 7000 \u012ftraukim\u0173 vienkartinis garintuvas<\/h1>\n<p data-start=\"181\" data-end=\"479\">\u0160is <strong data-start=\"185\" data-end=\"235\">Fumot RandM Tornado 7000 \u012ftraukim\u0173 vienkartinis garintuvas<\/strong> yra kompakti\u0161kas, bet galingas \u012frenginys, skirtas ma\u017emenininkams, platintojams ir didmeniniams pirk\u0117jams, ie\u0161kantiems didel\u0117s paklausos modelio. Iki <strong data-start=\"367\" data-end=\"391\">7 000 \u012ftraukim\u0173 viename \u012frenginyje<\/strong>, jis u\u017etikrina nuosekl\u0173 veikim\u0105 ir puiki\u0105 vert\u0119 tiek parduotuv\u0117ms, tiek galutiniams vartotojams.<\/p>\n<p data-start=\"481\" data-end=\"761\">\u0160is modelis pasi\u017eymi <strong data-start=\"503\" data-end=\"540\">14 ml i\u0161 anksto u\u017epildyta e-skys\u010dio talpa<\/strong> ir yra <strong data-start=\"554\" data-end=\"586\">2% ir 5% nikotino koncentracija<\/strong>, atitinkan\u010di\u0173 skirtingus klient\u0173 pageidavimus. The <strong data-start=\"636\" data-end=\"667\">850mAh \u012fkraunama baterija<\/strong> sujungta su <strong data-start=\"680\" data-end=\"704\">C tipo greit\u0105j\u012f \u012fkrovim\u0105<\/strong> u\u017etikrina minimali\u0105 prastov\u0105 ir ekologi\u0161k\u0105 pakartotin\u012f naudojim\u0105.<\/p>\n<p data-start=\"763\" data-end=\"1036\">\u0160is <strong data-start=\"767\" data-end=\"796\">reguliuojama oro srauto sistema<\/strong> leid\u017eia vartotojams pasirinkti tarp grie\u017etesnio MTL traukimo arba atviresnio \u012fkv\u0117pimo, tod\u0117l jis yra universalus skirtingiems garinimo stiliams. Jo <strong data-start=\"918\" data-end=\"941\">RGB ap\u0161vietimo dizainas<\/strong> suteikia jam moderni\u0105, ak\u012f traukian\u010di\u0105 i\u0161vaizd\u0105, kuri pritraukia jaunesnius demografinius segmentus Europos rinkose.<\/p>\n<p data-start=\"1038\" data-end=\"1262\">Didmenininkams <strong data-start=\"1059\" data-end=\"1085\">Fumot RandM Tornado 7K<\/strong> si\u016blo stipr\u0173 \u012ftraukim\u0173 talpos, stilingo dizaino ir patikimos technologijos balans\u0105, tod\u0117l tai yra pelningas pasirinkimas dideliems u\u017esakymams visoje Vokietijoje, Lenkijoje ir platesniuose ES regionuose.<\/p>\n<figure id=\"attachment_3451\" aria-describedby=\"caption-attachment-3451\" style=\"width: 1000px\" class=\"wp-caption alignnone\"><img fetchpriority=\"high\" decoding=\"async\" class=\"size-full wp-image-3451\" src=\"https:\/\/vapestornado.com\/wp-content\/uploads\/2024\/12\/All-Flavors-of-Fumot-RandM-Tornado-7000-Puffs-Vape-\u2013-Wholesale-Prices.jpg\" alt=\"Visi Fumot RandM Tornado 7000 Puffs Vape skoniai \u2013 Didmenin\u0117s kainos\" width=\"1000\" height=\"736\" srcset=\"https:\/\/vapestornado.com\/wp-content\/uploads\/2024\/12\/All-Flavors-of-Fumot-RandM-Tornado-7000-Puffs-Vape-\u2013-Wholesale-Prices.jpg 1000w, https:\/\/vapestornado.com\/wp-content\/uploads\/2024\/12\/All-Flavors-of-Fumot-RandM-Tornado-7000-Puffs-Vape-\u2013-Wholesale-Prices-300x221.jpg 300w, https:\/\/vapestornado.com\/wp-content\/uploads\/2024\/12\/All-Flavors-of-Fumot-RandM-Tornado-7000-Puffs-Vape-\u2013-Wholesale-Prices-768x565.jpg 768w, https:\/\/vapestornado.com\/wp-content\/uploads\/2024\/12\/All-Flavors-of-Fumot-RandM-Tornado-7000-Puffs-Vape-\u2013-Wholesale-Prices-600x442.jpg 600w\" sizes=\"(max-width: 1000px) 100vw, 1000px\" \/><figcaption id=\"caption-attachment-3451\" class=\"wp-caption-text\">Visi Fumot RandM Tornado 7000 Puffs Vape skoniai \u2013 Didmenin\u0117s kainos<\/figcaption><\/figure>\n<h2>Produkto savyb\u0117s<\/h2>\n<ol>\n<li><strong>Didel\u0117 P\u016btim\u0173 Talpa:<\/strong> Iki 7000 \u012ftraukim\u0173 ilgalaikiam malonumui.<\/li>\n<li><strong>Pritaikomas oro srautas:<\/strong> Reguliuojami nustatymai, pritaikyti garinimo patir\u010diai.<\/li>\n<li><strong>\u012ekraunama baterija:<\/strong> 850 mAh baterija su greitu C tipo \u012fkrovimu.<\/li>\n<li><strong>Tinklelio rit\u0117s technologija:<\/strong> Suteikia \u0161velnius garus ir sodrius skonio profilius.<\/li>\n<li><strong>Platus skoni\u0173 pasirinkimas:<\/strong> Rinkit\u0117s i\u0161 56 unikali\u0173 skoni\u0173, atitinkan\u010di\u0173 kiekvieno skon\u012f.<\/li>\n<\/ol>\n<h2>RandM Tornado 7000 skoni\u0173 s\u0105ra\u0161as<\/h2>\n<ol>\n<li>1 V\u0117si m\u0117ta<br \/>\n2 Sodrus ledas<br \/>\n3 Mandarin\u0173 ledas<br \/>\n4 Bra\u0161kin\u0117 spurgos<br \/>\n5 Guminukai<br \/>\n6 M\u0117lyn\u0117s ant ledo<br \/>\n7 Mangai ant ledo<br \/>\n8 Persik\u0173 ledas<br \/>\n9 Banan\u0173 ledas<br \/>\n10 Vynuogi\u0173 ledas<br \/>\n11 Ro\u017einis limonadas<br \/>\n12 Pina Colada romas<br \/>\n13 Mi\u0161rios uogos<br \/>\n14 Banan\u0173 pieno kokteilis<br \/>\n15 Bra\u0161ki\u0173 arb\u016bzas<br \/>\n16 Raudonasis obuolys ir citrina<br \/>\n17 Ananas\u0173 ledas<br \/>\n18 Cukraus vata<br \/>\n19 Bra\u0161k\u0117 ir bananas<br \/>\n20 Bra\u0161ki\u0173 ledas<br \/>\n21 Bra\u0161k\u0117 ir kivis<br \/>\n22 Raudon\u0173j\u0173 energini\u0173 g\u0117rim\u0173 ledas<br \/>\n23 M\u0117lyni\u0173 ir avie\u010di\u0173 limonadas<br \/>\n24 Raudon\u0173j\u0173 obuoli\u0173 ledas<br \/>\n25 Uog\u0173 limonadas<br \/>\n26. M\u0117lyni\u0173 kramtomoji guma<br \/>\n27. R\u016bg\u0161\u010dioji m\u0117lynoji aviet\u0117<br \/>\n28. Daktaras M\u0117lynasis<br \/>\n29. Obuoli\u0173 persik\u0173 kriau\u0161\u0117<br \/>\n30. M\u0117lyni\u0173 granatas<br \/>\n31. Vimto<br \/>\n32. Kivio pasifloros gvajava<br \/>\n33. Colaice<br \/>\n34. R\u016bg\u0161tus obuolys<br \/>\n35. Juod\u0173j\u0173 serbent\u0173 mentolis<br \/>\n36. Tigro kraujas<br \/>\n37. Persik\u0173 m\u0117lyni\u0173 saldainiai<br \/>\n38. Persik\u0173 mangas<br \/>\n39. Bra\u0161ki\u0173 Red Bull<br \/>\n40. Juod\u0173j\u0173 serbent\u0173 ledas<br \/>\n41. Bra\u0161ki\u0173 arb\u016bz\u0173 limonadas<br \/>\n42. Vy\u0161nia<br \/>\n43. M\u0117lyna avie\u010di\u0173 vy\u0161nia<br \/>\n44. Skittles<br \/>\n45. M\u0117lyni\u0173 aviet\u0117<br \/>\n46. Bra\u0161ki\u0173 vynuog\u0117s<br \/>\n47. M\u0117lyni\u0173 vy\u0161ni\u0173 spanguol\u0117s<br \/>\n48. Obuoli\u0173 uog\u0173 sprogimas<br \/>\n49. Vy\u0161ni\u0173 kola<br \/>\n50. Citrina<br \/>\n51. Ro\u017einis sprogimas<br \/>\n52. Ramiojo vandenyno au\u0161intuvas<br \/>\n53. Led\u0173 porcija<br \/>\n54. Bingo sutriu\u0161kinimas<br \/>\n55. Vimto sutriu\u0161kinimas<br \/>\n56. Tabakas<\/li>\n<\/ol>\n<h3>RandM Tornado 7000 10 geriausi\u0173 skoni\u0173<\/h3>\n<ol>\n<li><strong>V\u0117si m\u0117ta:<\/strong> Gaivus ledin\u0117s m\u0117tos sprogimas.<\/li>\n<li><strong>Sultingas ledas:<\/strong> Saldus arb\u016bzas su v\u0117sinan\u010dia mentolio pabaiga.<\/li>\n<li><strong>Mandarino ledas:<\/strong> Sultingas mandarinas su \u0161altu pos\u016bkiu.<\/li>\n<li><strong>Bra\u0161kin\u0117 spurga:<\/strong> Sald\u017eios bra\u0161k\u0117s su glaz\u016bruotos te\u0161los u\u017euomina.<\/li>\n<li><strong>Guminis me\u0161kiukas:<\/strong> Nostalgijos kupinas saldaini\u0173 \u012fkv\u0117ptas skan\u0117stas.<\/li>\n<li><strong>M\u0117lyn\u0117 su ledu:<\/strong> Prinokusios m\u0117lyn\u0117s su gaiviu mentolio poskoniu.<\/li>\n<li><strong>Mangas su ledu:<\/strong> Atogr\u0105\u017e\u0173 mangas, persmelktas v\u0117saus mentolio dvelksmo.<\/li>\n<li><strong>Persikas su ledu:<\/strong> Saldus persikas su lediniu prieskoniu.<\/li>\n<li><strong>Banan\u0173 ledas:<\/strong> Kreminis banan\u0173 skonis su mentolio v\u0117sa.<\/li>\n<li><strong>Vynuogi\u0173 ledas:<\/strong> Sultingos vynuog\u0117s su gaiviu lediniu poskoniu.<\/li>\n<\/ol>\n<h2>Kod\u0117l verta rinktis \"Fumot RandM Tornado 7000 Puffs\"?<\/h2>\n<p><strong>Fumot RandM Tornado 7000 P\u016bki\u0173<\/strong> puikiai tinka tiems, kurie ie\u0161ko paprasto ir didelio na\u0161umo garinimo prietaiso. Jis i\u0161siskiria dideliu \u012fp\u016btim\u0173 skai\u010diumi, gausiu skoni\u0173 pasirinkimu ir \u012fkraunama baterija. Su reguliuojama oro srauto sistema ir eleganti\u0161ku RGB ap\u0161vietimu, jis si\u016blo auk\u0161\u010diausios kokyb\u0117s patirt\u012f, pritaikyt\u0105 j\u016bs\u0173 pageidavimams.<\/p>\n<h2>DUK<\/h2>\n<ol>\n<li><strong>Kiek ilgai veikia baterija?<\/strong><br \/>\nRandM 7k \u012fkraunama 850 mAh baterija veikia vis\u0105 e-skys\u010dio cikl\u0105, o C tipo \u012fkrovimas u\u017etikrina greit\u0105 \u012fkrovim\u0105.<\/li>\n<li><strong>Kokio nikotino stiprumo yra RandM 7k?<\/strong><br \/>\nPasirinkite tarp 2% arba 5% nikotino druskos individualiam stiprumui.<\/li>\n<li><strong>Kiek skoni\u0173 yra RandM vape 7k?<\/strong><br \/>\nPrietaisas si\u016blo 56 unikalius skonius, atitinkan\u010dius kiekvieno skon\u012f.<\/li>\n<li><strong>Ar Fumot 7k garintuvo oro srautas reguliuojamas?<\/strong><br \/>\nTaip, reguliuojama oro srauto funkcija leid\u017eia kontroliuoti garinimo intensyvum\u0105.<\/li>\n<li><strong>Kokia yra 7k RandM garintuvo e-skys\u010dio talpa?<\/strong><br \/>\nKiekviename RandM 7k garintuve yra 14 ml e-skys\u010dio, u\u017etikrinan\u010dio ilgalaik\u012f naudojim\u0105.<\/li>\n<\/ol>\n<h4>Fumot Vape 12k didmenin\u0117 prekyba Susisiekite ir gaukite nuolaid\u0105 dabar!<\/h4>\n<p><img decoding=\"async\" class=\"size-large wp-image-2921\" src=\"https:\/\/vapestornado.com\/wp-content\/uploads\/2024\/11\/20062b3a285f900e79520aad496b94d-887x1024.jpg\" alt=\"vapestornado Vicky\" width=\"887\" height=\"1024\" srcset=\"https:\/\/vapestornado.com\/wp-content\/uploads\/2024\/11\/20062b3a285f900e79520aad496b94d-887x1024.jpg 887w, https:\/\/vapestornado.com\/wp-content\/uploads\/2024\/11\/20062b3a285f900e79520aad496b94d-260x300.jpg 260w, https:\/\/vapestornado.com\/wp-content\/uploads\/2024\/11\/20062b3a285f900e79520aad496b94d-768x887.jpg 768w, https:\/\/vapestornado.com\/wp-content\/uploads\/2024\/11\/20062b3a285f900e79520aad496b94d-600x693.jpg 600w, https:\/\/vapestornado.com\/wp-content\/uploads\/2024\/11\/20062b3a285f900e79520aad496b94d.jpg 1080w\" sizes=\"(max-width: 887px) 100vw, 887px\" \/><\/p>","protected":false},"excerpt":{"rendered":"<p>\u0160is <strong data-start=\"1306\" data-end=\"1344\">Fumot RandM Tornado 7000 \u012ftraukim\u0173 vienkartinis garintuvas<\/strong> apjungia RGB dizain\u0105, \u012fkraunam\u0105 akumuliatori\u0173 ir reguliuojam\u0105 oro sraut\u0105. Kompakti\u0161kas 7K \u012ftraukim\u0173 vienkartinis \u012frenginys, sukurtas <strong data-start=\"1451\" data-end=\"1486\">didmeniniams masiniams u\u017esakymams Europoje<\/strong>.<\/p>\n<p><strong><span style=\"color: #ff0000;\">(\u012f m\u016bs\u0173 svetain\u0117s kain\u0105 ne\u012fskai\u010diuotas pristatymo mokestis, susisiekite su manimi, kad gautum\u0117te vis\u0105 kain\u0105 ir savo nuolaid\u0105!)<\/span><\/strong><\/p>\n<p><img decoding=\"async\" class=\"size-medium wp-image-2921\" src=\"https:\/\/vapestornado.com\/wp-content\/uploads\/2024\/11\/20062b3a285f900e79520aad496b94d-260x300.jpg\" alt=\"vapestornado Vicky\" width=\"260\" height=\"300\" srcset=\"https:\/\/vapestornado.com\/wp-content\/uploads\/2024\/11\/20062b3a285f900e79520aad496b94d-260x300.jpg 260w, https:\/\/vapestornado.com\/wp-content\/uploads\/2024\/11\/20062b3a285f900e79520aad496b94d-887x1024.jpg 887w, https:\/\/vapestornado.com\/wp-content\/uploads\/2024\/11\/20062b3a285f900e79520aad496b94d-768x887.jpg 768w, https:\/\/vapestornado.com\/wp-content\/uploads\/2024\/11\/20062b3a285f900e79520aad496b94d-600x693.jpg 600w, https:\/\/vapestornado.com\/wp-content\/uploads\/2024\/11\/20062b3a285f900e79520aad496b94d.jpg 1080w\" sizes=\"(max-width: 260px) 100vw, 260px\" \/><\/p>","protected":false},"featured_media":3457,"comment_status":"open","ping_status":"closed","template":"","meta":{"_acf_changed":false,"_uag_custom_page_level_css":"","_lmt_disableupdate":"no","_lmt_disable":"","_monsterinsights_skip_tracking":false,"_monsterinsights_sitenote_active":false,"_monsterinsights_sitenote_note":"","_monsterinsights_sitenote_category":0,"site-sidebar-layout":"default","site-content-layout":"","ast-site-content-layout":"default","site-content-style":"default","site-sidebar-style":"default","ast-global-header-display":"","ast-banner-title-visibility":"","ast-main-header-display":"","ast-hfb-above-header-display":"","ast-hfb-below-header-display":"","ast-hfb-mobile-header-display":"","site-post-title":"","ast-breadcrumbs-content":"","ast-featured-img":"","footer-sml-layout":"","ast-disable-related-posts":"","theme-transparent-header-meta":"default","adv-header-id-meta":"","stick-header-meta":"","header-above-stick-meta":"","header-main-stick-meta":"","header-below-stick-meta":"","astra-migrate-meta-layouts":"set","ast-page-background-enabled":"default","ast-page-background-meta":{"desktop":{"background-color":"","background-image":"","background-repeat":"repeat","background-position":"center center","background-size":"auto","background-attachment":"scroll","background-type":"","background-media":"","overlay-type":"","overlay-color":"","overlay-opacity":"","overlay-gradient":""},"tablet":{"background-color":"","background-image":"","background-repeat":"repeat","background-position":"center center","background-size":"auto","background-attachment":"scroll","background-type":"","background-media":"","overlay-type":"","overlay-color":"","overlay-opacity":"","overlay-gradient":""},"mobile":{"background-color":"","background-image":"","background-repeat":"repeat","background-position":"center center","background-size":"auto","background-attachment":"scroll","background-type":"","background-media":"","overlay-type":"","overlay-color":"","overlay-opacity":"","overlay-gradient":""}},"ast-content-background-meta":{"desktop":{"background-color":"var(--ast-global-color-5)","background-image":"","background-repeat":"repeat","background-position":"center center","background-size":"auto","background-attachment":"scroll","background-type":"","background-media":"","overlay-type":"","overlay-color":"","overlay-opacity":"","overlay-gradient":""},"tablet":{"background-color":"var(--ast-global-color-5)","background-image":"","background-repeat":"repeat","background-position":"center center","background-size":"auto","background-attachment":"scroll","background-type":"","background-media":"","overlay-type":"","overlay-color":"","overlay-opacity":"","overlay-gradient":""},"mobile":{"background-color":"var(--ast-global-color-5)","background-image":"","background-repeat":"repeat","background-position":"center center","background-size":"auto","background-attachment":"scroll","background-type":"","background-media":"","overlay-type":"","overlay-color":"","overlay-opacity":"","overlay-gradient":""}},"_joinchat":{"telephone":"+8618077105750"}},"product_brand":[],"product_cat":[74,149,156,157,143,58,148],"product_tag":[],"class_list":{"0":"post-3450","1":"product","2":"type-product","3":"status-publish","4":"has-post-thumbnail","6":"product_cat-7000-puff","7":"product_cat-buy-disposable-vapes-in-austria","8":"product_cat-buy-disposable-vapes-in-poland","9":"product_cat-buy-disposable-vapes-in-portugal","10":"product_cat-dual-mesh-disposable-vapes","11":"product_cat-fumot-vape","12":"product_cat-tornado-disposable-vapes","13":"desktop-align-left","14":"tablet-align-left","15":"mobile-align-left","17":"first","18":"instock","19":"sale","20":"shipping-taxable","21":"purchasable","22":"product-type-simple"},"acf":[],"uagb_featured_image_src":{"full":["https:\/\/vapestornado.com\/wp-content\/uploads\/2024\/12\/Fumot-RandM-Tornado-7000-Puffs-Review-with-Real-Pictures.png",1000,678,false],"thumbnail":["https:\/\/vapestornado.com\/wp-content\/uploads\/2024\/12\/Fumot-RandM-Tornado-7000-Puffs-Review-with-Real-Pictures-150x150.png",150,150,true],"medium":["https:\/\/vapestornado.com\/wp-content\/uploads\/2024\/12\/Fumot-RandM-Tornado-7000-Puffs-Review-with-Real-Pictures-300x203.png",300,203,true],"medium_large":["https:\/\/vapestornado.com\/wp-content\/uploads\/2024\/12\/Fumot-RandM-Tornado-7000-Puffs-Review-with-Real-Pictures-768x521.png",768,521,true],"large":["https:\/\/vapestornado.com\/wp-content\/uploads\/2024\/12\/Fumot-RandM-Tornado-7000-Puffs-Review-with-Real-Pictures.png",1000,678,false],"1536x1536":["https:\/\/vapestornado.com\/wp-content\/uploads\/2024\/12\/Fumot-RandM-Tornado-7000-Puffs-Review-with-Real-Pictures.png",1000,678,false],"2048x2048":["https:\/\/vapestornado.com\/wp-content\/uploads\/2024\/12\/Fumot-RandM-Tornado-7000-Puffs-Review-with-Real-Pictures.png",1000,678,false],"trp-custom-language-flag":["https:\/\/vapestornado.com\/wp-content\/uploads\/2024\/12\/Fumot-RandM-Tornado-7000-Puffs-Review-with-Real-Pictures.png",18,12,false],"woocommerce_thumbnail":["https:\/\/vapestornado.com\/wp-content\/uploads\/2024\/12\/Fumot-RandM-Tornado-7000-Puffs-Review-with-Real-Pictures-300x300.png",300,300,true],"woocommerce_single":["https:\/\/vapestornado.com\/wp-content\/uploads\/2024\/12\/Fumot-RandM-Tornado-7000-Puffs-Review-with-Real-Pictures-600x407.png",600,407,true],"woocommerce_gallery_thumbnail":["https:\/\/vapestornado.com\/wp-content\/uploads\/2024\/12\/Fumot-RandM-Tornado-7000-Puffs-Review-with-Real-Pictures-100x100.png",100,100,true]},"uagb_author_info":{"display_name":"ESvicky","author_link":"https:\/\/vapestornado.com\/lt\/author\/"},"uagb_comment_info":0,"uagb_excerpt":"The Fumot RandM Tornado 7000 Puff Vape combines RGB design, rechargeable battery, and adjustable airflow. A compact 7K puff disposable built for wholesale bulk orders in Europe. (our website price not include shipping cost, please contact me to get whole price and your disccount!)","_links":{"self":[{"href":"https:\/\/vapestornado.com\/lt\/wp-json\/wp\/v2\/product\/3450","targetHints":{"allow":["GET"]}}],"collection":[{"href":"https:\/\/vapestornado.com\/lt\/wp-json\/wp\/v2\/product"}],"about":[{"href":"https:\/\/vapestornado.com\/lt\/wp-json\/wp\/v2\/types\/product"}],"replies":[{"embeddable":true,"href":"https:\/\/vapestornado.com\/lt\/wp-json\/wp\/v2\/comments?post=3450"}],"wp:featuredmedia":[{"embeddable":true,"href":"https:\/\/vapestornado.com\/lt\/wp-json\/wp\/v2\/media\/3457"}],"wp:attachment":[{"href":"https:\/\/vapestornado.com\/lt\/wp-json\/wp\/v2\/media?parent=3450"}],"wp:term":[{"taxonomy":"product_brand","embeddable":true,"href":"https:\/\/vapestornado.com\/lt\/wp-json\/wp\/v2\/product_brand?post=3450"},{"taxonomy":"product_cat","embeddable":true,"href":"https:\/\/vapestornado.com\/lt\/wp-json\/wp\/v2\/product_cat?post=3450"},{"taxonomy":"product_tag","embeddable":true,"href":"https:\/\/vapestornado.com\/lt\/wp-json\/wp\/v2\/product_tag?post=3450"}],"curies":[{"name":"wp","href":"https:\/\/api.w.org\/{rel}","templated":true}]}}