{"id":3429,"date":"2024-12-27T08:28:48","date_gmt":"2024-12-27T08:28:48","guid":{"rendered":"https:\/\/vapestornado.com\/?post_type=product&#038;p=3429"},"modified":"2025-08-23T12:20:11","modified_gmt":"2025-08-23T12:20:11","slug":"fumot-randm-tornado-9000-puffs-disposable-vape","status":"publish","type":"product","link":"https:\/\/vapestornado.com\/lt\/product\/fumot-randm-tornado-9000-puffs-disposable-vape\/","title":{"rendered":"Fumot RandM Tornado 9000 \u012ftraukim\u0173 vienkartinis garintuvas"},"content":{"rendered":"<h1>Fumot RandM Tornado 9000 \u012ftraukim\u0173 vienkartinis garintuvas<\/h1>\n<p>\u0160is <strong data-start=\"312\" data-end=\"362\">Fumot RandM Tornado 9000 \u012ftraukim\u0173 vienkartinis garintuvas<\/strong> yra sukurtas garintojams, kurie nori patikimumo ir sodraus skonio stilingame dizaine. Maitinamas <strong data-start=\"459\" data-end=\"490\">600 mAh \u012fkraunama baterija<\/strong> su <strong data-start=\"496\" data-end=\"520\">C tipo greit\u0105j\u012f \u012fkrovim\u0105<\/strong>, \u0161is \u012frenginys palaiko <strong data-start=\"543\" data-end=\"563\">iki 9000 \u012ftraukim\u0173<\/strong> i\u0161 savo <strong data-start=\"573\" data-end=\"610\">18 ml i\u0161 anksto u\u017epildytos e. skys\u010dio talpos<\/strong>.<\/p>\n<p>\u012erengtas su <strong data-start=\"637\" data-end=\"655\">0,8\u03a9 tinklelio rit\u0117<\/strong>, jis u\u017etikrina skland\u0173 traukim\u0105, nuosekl\u0173 gar\u0173 gamyb\u0105 ir sustiprint\u0105 skonio intensyvum\u0105. Su <strong data-start=\"748\" data-end=\"786\">nikotino druskos pasirinkimais 2% ir 5%<\/strong>, jis tinka tiek lengviems, tiek sunkiems vartotojams.<\/p>\n<p>\u0160is <strong data-start=\"838\" data-end=\"861\">RGB ap\u0161vietimo efektas<\/strong> prideda smagumo ir modernumo, tod\u0117l jis yra populiarus pasirinkimas tarp jaunesni\u0173 Europos klient\u0173. Su \u012fsp\u016bdingu <strong data-start=\"968\" data-end=\"982\">43 skoniais<\/strong> \u2013 nuo vaisi\u0173 mi\u0161ini\u0173 iki ledinio mentolio \u2013 RandM Tornado 9K u\u017etikrina plat\u0173 patrauklum\u0105. Kompakti\u0161kas, ne\u0161iojamas ir vizualiai patrauklus, tai b\u016btinas dalykas <strong data-start=\"1132\" data-end=\"1182\">didmeniniams vape tiek\u0117jams ir dideliems platintojams<\/strong> ie\u0161kantiems didel\u0117s paklausos produkt\u0173.<\/p>\n<figure id=\"attachment_3443\" aria-describedby=\"caption-attachment-3443\" style=\"width: 1000px\" class=\"wp-caption alignnone\"><img fetchpriority=\"high\" decoding=\"async\" class=\"size-full wp-image-3443\" src=\"https:\/\/vapestornado.com\/wp-content\/uploads\/2024\/12\/Mesh-Coil-Disposable-Vape-9000-Puffs.jpg\" alt=\"Tinklelio rit\u0117 vienkartiniam garintuvui 9000 \u012fkv\u0117pim\u0173\" width=\"1000\" height=\"520\" srcset=\"https:\/\/vapestornado.com\/wp-content\/uploads\/2024\/12\/Mesh-Coil-Disposable-Vape-9000-Puffs.jpg 1000w, https:\/\/vapestornado.com\/wp-content\/uploads\/2024\/12\/Mesh-Coil-Disposable-Vape-9000-Puffs-300x156.jpg 300w, https:\/\/vapestornado.com\/wp-content\/uploads\/2024\/12\/Mesh-Coil-Disposable-Vape-9000-Puffs-768x399.jpg 768w, https:\/\/vapestornado.com\/wp-content\/uploads\/2024\/12\/Mesh-Coil-Disposable-Vape-9000-Puffs-600x312.jpg 600w\" sizes=\"(max-width: 1000px) 100vw, 1000px\" \/><figcaption id=\"caption-attachment-3443\" class=\"wp-caption-text\">Tinklelio rit\u0117 vienkartiniam garintuvui 9000 \u012fkv\u0117pim\u0173<\/figcaption><\/figure>\n<h3>Produkto savyb\u0117s<\/h3>\n<ol>\n<li><strong>Ilgalaikis naudojimas<\/strong>: 9000 \u012fkv\u0117pim\u0173 su 18 ml e. skys\u010diu ilgalaikiam veikimui.<\/li>\n<li><strong>\u012ekraunama baterija<\/strong>: 600 mAh baterija su C tipo greitojo \u012fkrovimo palaikymu.<\/li>\n<li><strong>Tinklelio rit\u0117<\/strong>: 0,8 omo rit\u0117 nuosekliam skoniui ir tankiems garams.<\/li>\n<li><strong>RGB \u0161viesa<\/strong>: Stilingas ap\u0161vietimas, kuris pagerina garinimo patirt\u012f.<\/li>\n<li><strong>Yra 43 skoniai<\/strong>: Platus \u012fdomi\u0173 skoni\u0173 pasirinkimas.<\/li>\n<\/ol>\n<h3>Skoni\u0173 s\u0105ra\u0161as<\/h3>\n<ol>\n<li>M\u0117lyni\u0173 avie\u010di\u0173<\/li>\n<li>Ponas M\u0117lynas<\/li>\n<li>Bra\u0161ki\u0173 arb\u016bzas<\/li>\n<li>Apelsin\u0173 soda<\/li>\n<li>Arb\u016bzin\u0117 kramtomoji guma<\/li>\n<li>Vaivoryk\u0161tinis saldainis<\/li>\n<li>Ro\u017einis limonadas<\/li>\n<li>Persik\u0173, mang\u0173 ir ananas\u0173<\/li>\n<li>Bra\u0161ki\u0173 bananas<\/li>\n<li>Ve\u0161l\u016bs ledai<\/li>\n<li>Juodojo drakono ledas<\/li>\n<li>Alavijo vynuog\u0117<\/li>\n<li>M\u0117lyni\u0173 avie\u010di\u0173 ledas<\/li>\n<li>Kivi\u0173, pasiflor\u0173 ir gvajav\u0173<\/li>\n<li>Guminis me\u0161kiukas<\/li>\n<li>Mi\u0161rios uogos<\/li>\n<li>V\u0117si m\u0117ta<\/li>\n<li>Avie\u010di\u0173 arb\u016bzas<\/li>\n<li>Persik\u0173 limonadas<\/li>\n<li>Gvajavos ledas<\/li>\n<li>Bra\u0161ki\u0173 limonadas<\/li>\n<li>Arb\u016bz\u0173 Brazz ledas<\/li>\n<li>Banan\u0173 kremas<\/li>\n<li>Persik\u0173 Uogos<\/li>\n<li>\u017demuogi\u0173 kremas<\/li>\n<li>R\u016bg\u0161tus saldainis<\/li>\n<li>Citrina<\/li>\n<li>Vy\u0161nia<\/li>\n<li>\u0160nyp\u0161\u010dianti vy\u0161nia<\/li>\n<li>M\u0117lyni\u0173 vy\u0161ni\u0173 spanguoli\u0173<\/li>\n<li>Vimto<\/li>\n<li>Skittles<\/li>\n<li>Juodi ledai<\/li>\n<li>Vynuog\u0117<\/li>\n<li>M\u0117lynasis ledas<\/li>\n<li>Bra\u0161ki\u0173 ledas<\/li>\n<li>M\u0117lyni\u0173 Razz Kush<\/li>\n<li>Ledo ledinukas<\/li>\n<li>\u0160ilauogi\u0173 r\u016bg\u0161ti aviet\u0117<\/li>\n<li>Ananasas<\/li>\n<li>Vy\u0161ni\u0173 persik\u0173 limonadas<\/li>\n<li>Bra\u0161k\u0117 Aviet\u0117 Vy\u0161nia<\/li>\n<li>Trigubas Mangas<\/li>\n<\/ol>\n<h3>RandM Tornado 9000 Puffs 5 geriausi skoniai<\/h3>\n<ol>\n<li><strong>M\u0117lyni\u0173 avie\u010di\u0173 ledas<\/strong>: Saldus ir a\u0161trus m\u0117lyn\u0173j\u0173 avie\u010di\u0173 su v\u0117siu poskoniu.<\/li>\n<li><strong>Persik\u0173, mang\u0173 ir ananas\u0173<\/strong>: Atogr\u0105\u017e\u0173 trio, tryk\u0161tantis sultingu saldumu.<\/li>\n<li><strong>Arb\u016bzin\u0117 kramtomoji guma<\/strong>: Klasikinis kramtomosios gumos skonis su gaiviu arb\u016bz\u0173 poskoniu.<\/li>\n<li><strong>Vaivoryk\u0161tinis saldainis<\/strong>: Vaisi\u0173 saldaini\u0173 mi\u0161inys nostalgi\u0161kam skan\u0117stui.<\/li>\n<li><strong>Juodojo drakono ledas<\/strong>: Ry\u0161k\u016bs juodieji serbentai su lediniu mentolio sm\u016bgiu.<\/li>\n<\/ol>\n<h3>Kod\u0117l verta rinktis Fumot RandM Tornado 9000 Puffs?<\/h3>\n<ul>\n<li><strong>Didelis \u012fp\u016btim\u0173 skai\u010dius<\/strong>: M\u0117gaukit\u0117s iki 9000 \u012fkv\u0117pim\u0173 su 18 ml e-skys\u010dio.<\/li>\n<li><strong>Auk\u0161\u010diausia kokyb\u0117<\/strong>: Tinklelio rit\u0117 ir \u012fkraunama baterija u\u017etikrina nuosekl\u0173 skon\u012f ir patogum\u0105.<\/li>\n<li><strong>Stilingas dizainas<\/strong>: RGB ap\u0161vietimas suteikia modernumo ir smagumo.<\/li>\n<li><strong>Platus skoni\u0173 pasirinkimas<\/strong>: 43 \u012fdom\u016bs skoniai patenkins kiekvieno skon\u012f.<\/li>\n<li><strong>Ne\u0161iojamas ir ilgaam\u017eis<\/strong>: Kompakti\u0161kas, ta\u010diau galingas, puikiai tinka kasdieniam garinimui.<\/li>\n<\/ul>\n<h3>DUK<\/h3>\n<p><strong>K1: Kiek laiko veikia 600 mAh baterija po vieno \u012fkrovimo?<\/strong><br \/>\n600 mAh \u012fkraunama baterija leid\u017eia garinti i\u0161tisas valandas ir gali b\u016bti \u012fkrauta per C tipo laid\u0105.<\/p>\n<p><strong>Q2: Ar visi 43 skoniai yra prieinami dideliems kiekiams?<\/strong><br \/>\nTaip, visi 43 skoniai yra prieinami didmeninei ir dideli\u0173 kieki\u0173 prekybai.<\/p>\n<p><strong>Q3: Kokio stiprumo nikotino yra?<\/strong><br \/>\nFumot RandM Tornado 9000 Puffs b\u016bna su 2% ir 5% nikotino druskos opcijomis.<\/p>\n<p><strong>Q4: Kokia yra tinklelio rit\u0117s nauda?<\/strong><br \/>\n0,8ohm tinklelio rit\u0117 u\u017etikrina sklandesn\u012f gar\u0173 gaminim\u0105 ir geresn\u012f skonio perdavim\u0105.<\/p>\n<p><strong>Q5: Ar \u201eRandM Vape 9k\u201c komplekte yra \u012fkrovimo laidas?<\/strong><br \/>\nTaip, \u201eRandM 9k\u201c yra suderinamas su C tipo \u012fkrovimo laidais, nors laidas parduodamas atskirai.<\/p>\n<h4>Fumot Vape 12k didmenin\u0117 prekyba Susisiekite ir gaukite nuolaid\u0105 dabar!<\/h4>\n<p><img decoding=\"async\" class=\"size-large wp-image-2921\" src=\"https:\/\/vapestornado.com\/wp-content\/uploads\/2024\/11\/20062b3a285f900e79520aad496b94d-887x1024.jpg\" alt=\"vapestornado Vicky\" width=\"887\" height=\"1024\" srcset=\"https:\/\/vapestornado.com\/wp-content\/uploads\/2024\/11\/20062b3a285f900e79520aad496b94d-887x1024.jpg 887w, https:\/\/vapestornado.com\/wp-content\/uploads\/2024\/11\/20062b3a285f900e79520aad496b94d-260x300.jpg 260w, https:\/\/vapestornado.com\/wp-content\/uploads\/2024\/11\/20062b3a285f900e79520aad496b94d-768x887.jpg 768w, https:\/\/vapestornado.com\/wp-content\/uploads\/2024\/11\/20062b3a285f900e79520aad496b94d-600x693.jpg 600w, https:\/\/vapestornado.com\/wp-content\/uploads\/2024\/11\/20062b3a285f900e79520aad496b94d.jpg 1080w\" sizes=\"(max-width: 887px) 100vw, 887px\" \/><\/p>","protected":false},"excerpt":{"rendered":"<p><strong>\u201eRandM Tornado 9000 Puffs\u201c vienkartinis garintuvas<\/strong> si\u016blo 9000 \u012fkv\u0117pim\u0173, 600 mAh baterij\u0105, RGB ap\u0161vietim\u0105, tinklelio rit\u0119 ir 43 ry\u0161kius skonius i\u0161skirtinei garinimo patir\u010diai.<\/p>\n<p><strong><span style=\"color: #ff0000;\">(\u012f m\u016bs\u0173 svetain\u0117s kain\u0105 ne\u012fskai\u010diuotas pristatymo mokestis, susisiekite su manimi, kad gautum\u0117te vis\u0105 kain\u0105 ir savo nuolaid\u0105!)<\/span><\/strong><\/p>\n<p><img decoding=\"async\" class=\"size-medium wp-image-2921\" src=\"https:\/\/vapestornado.com\/wp-content\/uploads\/2024\/11\/20062b3a285f900e79520aad496b94d-260x300.jpg\" alt=\"vapestornado Vicky\" width=\"260\" height=\"300\" srcset=\"https:\/\/vapestornado.com\/wp-content\/uploads\/2024\/11\/20062b3a285f900e79520aad496b94d-260x300.jpg 260w, https:\/\/vapestornado.com\/wp-content\/uploads\/2024\/11\/20062b3a285f900e79520aad496b94d-887x1024.jpg 887w, https:\/\/vapestornado.com\/wp-content\/uploads\/2024\/11\/20062b3a285f900e79520aad496b94d-768x887.jpg 768w, https:\/\/vapestornado.com\/wp-content\/uploads\/2024\/11\/20062b3a285f900e79520aad496b94d-600x693.jpg 600w, https:\/\/vapestornado.com\/wp-content\/uploads\/2024\/11\/20062b3a285f900e79520aad496b94d.jpg 1080w\" sizes=\"(max-width: 260px) 100vw, 260px\" \/><\/p>","protected":false},"featured_media":3439,"comment_status":"open","ping_status":"closed","template":"","meta":{"_acf_changed":false,"_uag_custom_page_level_css":"","_lmt_disableupdate":"no","_lmt_disable":"","_monsterinsights_skip_tracking":false,"_monsterinsights_sitenote_active":false,"_monsterinsights_sitenote_note":"","_monsterinsights_sitenote_category":0,"site-sidebar-layout":"default","site-content-layout":"","ast-site-content-layout":"default","site-content-style":"default","site-sidebar-style":"default","ast-global-header-display":"","ast-banner-title-visibility":"","ast-main-header-display":"","ast-hfb-above-header-display":"","ast-hfb-below-header-display":"","ast-hfb-mobile-header-display":"","site-post-title":"","ast-breadcrumbs-content":"","ast-featured-img":"","footer-sml-layout":"","ast-disable-related-posts":"","theme-transparent-header-meta":"default","adv-header-id-meta":"","stick-header-meta":"","header-above-stick-meta":"","header-main-stick-meta":"","header-below-stick-meta":"","astra-migrate-meta-layouts":"set","ast-page-background-enabled":"default","ast-page-background-meta":{"desktop":{"background-color":"","background-image":"","background-repeat":"repeat","background-position":"center center","background-size":"auto","background-attachment":"scroll","background-type":"","background-media":"","overlay-type":"","overlay-color":"","overlay-opacity":"","overlay-gradient":""},"tablet":{"background-color":"","background-image":"","background-repeat":"repeat","background-position":"center center","background-size":"auto","background-attachment":"scroll","background-type":"","background-media":"","overlay-type":"","overlay-color":"","overlay-opacity":"","overlay-gradient":""},"mobile":{"background-color":"","background-image":"","background-repeat":"repeat","background-position":"center center","background-size":"auto","background-attachment":"scroll","background-type":"","background-media":"","overlay-type":"","overlay-color":"","overlay-opacity":"","overlay-gradient":""}},"ast-content-background-meta":{"desktop":{"background-color":"var(--ast-global-color-5)","background-image":"","background-repeat":"repeat","background-position":"center center","background-size":"auto","background-attachment":"scroll","background-type":"","background-media":"","overlay-type":"","overlay-color":"","overlay-opacity":"","overlay-gradient":""},"tablet":{"background-color":"var(--ast-global-color-5)","background-image":"","background-repeat":"repeat","background-position":"center center","background-size":"auto","background-attachment":"scroll","background-type":"","background-media":"","overlay-type":"","overlay-color":"","overlay-opacity":"","overlay-gradient":""},"mobile":{"background-color":"var(--ast-global-color-5)","background-image":"","background-repeat":"repeat","background-position":"center center","background-size":"auto","background-attachment":"scroll","background-type":"","background-media":"","overlay-type":"","overlay-color":"","overlay-opacity":"","overlay-gradient":""}},"_joinchat":{"telephone":"+8618077105750"}},"product_brand":[],"product_cat":[73,151,152,157,58,144,148],"product_tag":[112],"class_list":{"0":"post-3429","1":"product","2":"type-product","3":"status-publish","4":"has-post-thumbnail","6":"product_cat-9000-puff","7":"product_cat-buy-disposable-vapes-in-france","8":"product_cat-buy-disposable-vapes-in-cermany","9":"product_cat-buy-disposable-vapes-in-portugal","10":"product_cat-fumot-vape","11":"product_cat-low-nicotine-disposable-vapes","12":"product_cat-tornado-disposable-vapes","13":"product_tag-randm-tornado-9000","14":"desktop-align-left","15":"tablet-align-left","16":"mobile-align-left","18":"first","19":"instock","20":"sale","21":"shipping-taxable","22":"purchasable","23":"product-type-simple"},"acf":[],"uagb_featured_image_src":{"full":["https:\/\/vapestornado.com\/wp-content\/uploads\/2024\/12\/Fumot-RandM-Tornado-9000-Puffs-Real-Pictures.jpg",1000,1000,false],"thumbnail":["https:\/\/vapestornado.com\/wp-content\/uploads\/2024\/12\/Fumot-RandM-Tornado-9000-Puffs-Real-Pictures-150x150.jpg",150,150,true],"medium":["https:\/\/vapestornado.com\/wp-content\/uploads\/2024\/12\/Fumot-RandM-Tornado-9000-Puffs-Real-Pictures-300x300.jpg",300,300,true],"medium_large":["https:\/\/vapestornado.com\/wp-content\/uploads\/2024\/12\/Fumot-RandM-Tornado-9000-Puffs-Real-Pictures-768x768.jpg",768,768,true],"large":["https:\/\/vapestornado.com\/wp-content\/uploads\/2024\/12\/Fumot-RandM-Tornado-9000-Puffs-Real-Pictures.jpg",1000,1000,false],"1536x1536":["https:\/\/vapestornado.com\/wp-content\/uploads\/2024\/12\/Fumot-RandM-Tornado-9000-Puffs-Real-Pictures.jpg",1000,1000,false],"2048x2048":["https:\/\/vapestornado.com\/wp-content\/uploads\/2024\/12\/Fumot-RandM-Tornado-9000-Puffs-Real-Pictures.jpg",1000,1000,false],"trp-custom-language-flag":["https:\/\/vapestornado.com\/wp-content\/uploads\/2024\/12\/Fumot-RandM-Tornado-9000-Puffs-Real-Pictures.jpg",12,12,false],"woocommerce_thumbnail":["https:\/\/vapestornado.com\/wp-content\/uploads\/2024\/12\/Fumot-RandM-Tornado-9000-Puffs-Real-Pictures-300x300.jpg",300,300,true],"woocommerce_single":["https:\/\/vapestornado.com\/wp-content\/uploads\/2024\/12\/Fumot-RandM-Tornado-9000-Puffs-Real-Pictures-600x600.jpg",600,600,true],"woocommerce_gallery_thumbnail":["https:\/\/vapestornado.com\/wp-content\/uploads\/2024\/12\/Fumot-RandM-Tornado-9000-Puffs-Real-Pictures-100x100.jpg",100,100,true]},"uagb_author_info":{"display_name":"ESvicky","author_link":"https:\/\/vapestornado.com\/lt\/author\/"},"uagb_comment_info":0,"uagb_excerpt":"RandM Tornado 9000 Puffs Disposable Vape offers 9000 puffs, 600mAh battery, RGB lighting, mesh coil, and 43 vibrant flavors for an exceptional vaping experience. (our website price not include shipping cost, please contact me to get whole price and your disccount!)","_links":{"self":[{"href":"https:\/\/vapestornado.com\/lt\/wp-json\/wp\/v2\/product\/3429","targetHints":{"allow":["GET"]}}],"collection":[{"href":"https:\/\/vapestornado.com\/lt\/wp-json\/wp\/v2\/product"}],"about":[{"href":"https:\/\/vapestornado.com\/lt\/wp-json\/wp\/v2\/types\/product"}],"replies":[{"embeddable":true,"href":"https:\/\/vapestornado.com\/lt\/wp-json\/wp\/v2\/comments?post=3429"}],"wp:featuredmedia":[{"embeddable":true,"href":"https:\/\/vapestornado.com\/lt\/wp-json\/wp\/v2\/media\/3439"}],"wp:attachment":[{"href":"https:\/\/vapestornado.com\/lt\/wp-json\/wp\/v2\/media?parent=3429"}],"wp:term":[{"taxonomy":"product_brand","embeddable":true,"href":"https:\/\/vapestornado.com\/lt\/wp-json\/wp\/v2\/product_brand?post=3429"},{"taxonomy":"product_cat","embeddable":true,"href":"https:\/\/vapestornado.com\/lt\/wp-json\/wp\/v2\/product_cat?post=3429"},{"taxonomy":"product_tag","embeddable":true,"href":"https:\/\/vapestornado.com\/lt\/wp-json\/wp\/v2\/product_tag?post=3429"}],"curies":[{"name":"wp","href":"https:\/\/api.w.org\/{rel}","templated":true}]}}