{"id":3421,"date":"2024-12-27T07:57:48","date_gmt":"2024-12-27T07:57:48","guid":{"rendered":"https:\/\/vapestornado.com\/?post_type=product&#038;p=3421"},"modified":"2025-08-23T12:05:35","modified_gmt":"2025-08-23T12:05:35","slug":"fumot-randm-tornado-15000-puffs-disposable-vape","status":"publish","type":"product","link":"https:\/\/vapestornado.com\/lt\/product\/fumot-randm-tornado-15000-puffs-disposable-vape\/","title":{"rendered":"Fumot RandM Tornado 15000 \u012ftraukim\u0173 vienkartinis garintuvas"},"content":{"rendered":"<h1>Fumot RandM Tornado 15000 \u012ftraukim\u0173 vienkartinis garintuvas<\/h1>\n<p>\u0160is <strong data-start=\"332\" data-end=\"383\">Fumot RandM Tornado 15000 \u012ftraukim\u0173 vienkartinis garintuvas<\/strong> yra skirtas ma\u017emenininkams ir platintojams, norintiems pasi\u016blyti didel\u0117s talpos, daug funkcij\u0173 turint\u012f \u012frengin\u012f konkurencingomis didmenin\u0117mis kainomis. Pristatantis iki <strong data-start=\"534\" data-end=\"550\">15 000 \u012ftraukim\u0173<\/strong>, \u0161is garintuvas sujungia <strong data-start=\"571\" data-end=\"599\">25 ml i\u0161 anksto u\u017epildyto e-skys\u010dio<\/strong> su <strong data-start=\"605\" data-end=\"634\">dviguba tinklelio rit\u0117s technologija<\/strong>, u\u017etikrinant\u012f skland\u0173 gar\u0105 ir pastov\u0173 skon\u012f kiekvien\u0105 kart\u0105.<\/p>\n<p>Maitinamas <strong data-start=\"714\" data-end=\"752\">patvari 850 mAh \u012fkraunama baterija<\/strong> ir apr\u016bpintas <strong data-start=\"771\" data-end=\"795\">C tipo greit\u0105j\u012f \u012fkrovim\u0105<\/strong>, Tornado 15K garantuoja minimali\u0105 prastov\u0105 ir patikim\u0105 veikim\u0105. Jo <strong data-start=\"871\" data-end=\"894\">LED skaitmeninis ekranas<\/strong> leid\u017eia vartotojams akimirksniu patikrinti \u012ftraukim\u0173 skai\u010di\u0173 ir baterijos veikimo laik\u0105, suteikiant modernumo ir patogumo naudoti.<\/p>\n<p>Galima \u012fsigyti <strong data-start=\"1016\" data-end=\"1037\">51 unikal\u0173 skon\u012f<\/strong> ir nikotino stiprumo <strong data-start=\"1064\" data-end=\"1076\">2% arba 5%<\/strong>, RandM Tornado 15000 si\u016blo \u012fvairov\u0119 ir pasitenkinim\u0105 pla\u010diam klient\u0173 ratui. Stilingas, patvarus ir efektyvus \u2013 tai puikus pasirinkimas didmeniniams pirk\u0117jams ir parduotuv\u0117ms, norin\u010dioms i\u0161pl\u0117sti savo vienkartini\u0173 garintuv\u0173 pasirinkim\u0105 su patikrintu bestseleriu.<\/p>\n<p><img fetchpriority=\"high\" decoding=\"async\" class=\"alignnone size-large wp-image-3428\" src=\"https:\/\/vapestornado.com\/wp-content\/uploads\/2024\/12\/LED-Screen-Disposable-Vape-RandM-Tornado-15000-Puffs-1024x657.jpg\" alt=\"LED Ekranas Vienkartinis Vape RandM Tornado 15000 D\u016bm\u0173\" width=\"1024\" height=\"657\" srcset=\"https:\/\/vapestornado.com\/wp-content\/uploads\/2024\/12\/LED-Screen-Disposable-Vape-RandM-Tornado-15000-Puffs-1024x657.jpg 1024w, https:\/\/vapestornado.com\/wp-content\/uploads\/2024\/12\/LED-Screen-Disposable-Vape-RandM-Tornado-15000-Puffs-300x192.jpg 300w, https:\/\/vapestornado.com\/wp-content\/uploads\/2024\/12\/LED-Screen-Disposable-Vape-RandM-Tornado-15000-Puffs-768x492.jpg 768w, https:\/\/vapestornado.com\/wp-content\/uploads\/2024\/12\/LED-Screen-Disposable-Vape-RandM-Tornado-15000-Puffs-1536x985.jpg 1536w, https:\/\/vapestornado.com\/wp-content\/uploads\/2024\/12\/LED-Screen-Disposable-Vape-RandM-Tornado-15000-Puffs-600x385.jpg 600w, https:\/\/vapestornado.com\/wp-content\/uploads\/2024\/12\/LED-Screen-Disposable-Vape-RandM-Tornado-15000-Puffs.jpg 2048w\" sizes=\"(max-width: 1024px) 100vw, 1024px\" \/><\/p>\n<hr \/>\n<h3>Produkto savyb\u0117s<\/h3>\n<ol>\n<li><strong>Ilgalaikis naudojimas<\/strong>: <strong>15,000<\/strong> p\u016bkim\u0173 su <strong>25ml<\/strong> e-skys\u010dio ilgalaikiam veikimui.<\/li>\n<li><strong>\u012ekraunama baterija<\/strong>: Integruota <strong>850 mAh<\/strong> baterija su <strong>C tipo<\/strong> greituoju \u012fkrovimu.<\/li>\n<li><strong>Dviguba tinklelio rit\u0117<\/strong>: Sustiprinta gar\u0173 gamyba ir skonio perdavimas.<\/li>\n<li><strong>LED ekranas<\/strong>: Realaus laiko p\u016bkim\u0173 ir baterijos steb\u0117jimas.<\/li>\n<li><strong>Galimi 41 skoniai<\/strong>: Platus \u012fdomi\u0173 parink\u010di\u0173 pasirinkimas kiekvienam skoniui.<\/li>\n<\/ol>\n<hr \/>\n<h3>Skoni\u0173 s\u0105ra\u0161as<\/h3>\n<ol>\n<li>M\u0117lyni\u0173 avie\u010di\u0173 limonadas<\/li>\n<li>Persik\u0173 ledas<\/li>\n<li>R\u016bg\u0161tus Obuolys<\/li>\n<li>Arb\u016bz\u0173 ledas<\/li>\n<li>M\u0117lyn\u0117s su ledu<\/li>\n<li>M\u0117lyni\u0173 avie\u010di\u0173<\/li>\n<li>Ananas\u0173 ledas<\/li>\n<li>Vy\u0161nia<\/li>\n<li>Bra\u0161ki\u0173 ledas<\/li>\n<li>Vimto<\/li>\n<li>Vynuogi\u0173 ledas<\/li>\n<li>Cola Ledas<\/li>\n<li>Bra\u0161ki\u0173 arb\u016bzas<\/li>\n<li>Ro\u017einis limonadas<\/li>\n<li>Mi\u0161rios uogos<\/li>\n<li>Persik\u0173 mango<\/li>\n<li>Drakono Vaisius<\/li>\n<li>Bra\u0161ki\u0173 vynuog\u0117s<\/li>\n<li>Ponas M\u0117lynas<\/li>\n<li>Ve\u0161l\u016bs ledai<\/li>\n<li>Ledo ledinukas<\/li>\n<li>Bra\u0161ki\u0173 ir kivi\u0173<\/li>\n<li>Kivi\u0173, pasiflor\u0173 ir gvajav\u0173<\/li>\n<li>Triguba Uoga<\/li>\n<li>Banan\u0173 ledai<\/li>\n<li>Persik\u0173 M\u0117lyni\u0173 Saldainiai<\/li>\n<li>Obuolys Persikas Kriau\u0161\u0117<\/li>\n<li>Uog\u0173 Limonadas<\/li>\n<li>M\u0117lyni\u0173 ir vy\u0161ni\u0173 uogien\u0117<\/li>\n<li>M\u0117lyni\u0173 ir burbulin\u0117s gumos skonio<\/li>\n<li>M\u0117lyni\u0173 vy\u0161ni\u0173 spanguoli\u0173<\/li>\n<li>M\u0117lyni\u0173 ir granat\u0173 skonio<\/li>\n<li>M\u0117lyni\u0173 ir r\u016bg\u0161\u010di\u0173 avie\u010di\u0173 skonio<\/li>\n<li>Vy\u0161ni\u0173 kola<\/li>\n<li>Guminis me\u0161kiukas<\/li>\n<li>Citrina<\/li>\n<li>Mangai su ledu<\/li>\n<li>Raudonas energijos g\u0117rimas su ledu<\/li>\n<li>Bra\u0161ki\u0173 bananas<\/li>\n<li>Bra\u0161kinis Red Bull<\/li>\n<li>Bra\u0161ki\u0173, arb\u016bz\u0173 ir limonado skonio<\/li>\n<\/ol>\n<hr \/>\n<h3>RandM Tornado 15000 d\u016bm\u0173: 5 populiariausi skoniai<\/h3>\n<ol>\n<li><strong>M\u0117lyni\u0173 avie\u010di\u0173 limonadas<\/strong>: gaivios m\u0117lyn\u0117s su a\u0161triu limonadu.<\/li>\n<li><strong>Persik\u0173 mango<\/strong>: sald\u016bs persikai, sumai\u0161yti su atogr\u0105\u017e\u0173 mangais.<\/li>\n<li><strong>Ve\u0161l\u016bs ledai<\/strong>: arb\u016bzas su lediniu, mentolio skoniu.<\/li>\n<li><strong>Guminis me\u0161kiukas<\/strong>: nostalgi\u0161kas saldaini\u0173 skonis su vaisi\u0173 prieskoniu.<\/li>\n<li><strong>Bra\u0161ki\u0173 ir kivi\u0173<\/strong>: sultingos bra\u0161k\u0117s su a\u0161triais kiviais.<\/li>\n<\/ol>\n<hr \/>\n<h3>Kod\u0117l verta rinktis RandM Tornado 15000 d\u016bm\u0173?<\/h3>\n<ul>\n<li><strong>Did\u017eiulis \u012fp\u016btim\u0173 skai\u010dius<\/strong>: 15 000 d\u016bm\u0173 ilgalaikiam pasitenkinimui.<\/li>\n<li><strong>Auk\u0161\u010diausios kokyb\u0117s skonis<\/strong>: Dviguba tinklelio rit\u0117 u\u017etikrina pastov\u0173, sodr\u0173 skon\u012f.<\/li>\n<li><strong>Patogus dizainas<\/strong>: \u012ekraunamas su C tipo prievadu ir LED ekranu sekimui.<\/li>\n<li><strong>Neprilygstama \u012fvairov\u0117<\/strong>: 41 skoniai, atitinkantys kiekvieno skonio preferencijas.<\/li>\n<li><strong>Ne\u0161iojamas ir stilingas<\/strong>: Kompakti\u0161kas dizainas su eleganti\u0161ku LED ekranu.<\/li>\n<\/ul>\n<hr \/>\n<h3>DUK<\/h3>\n<p><strong>K1: Kiek laiko veikia baterija po vieno \u012fkrovimo?<\/strong><br \/>\nRandM 15000 puffs vienkartiniame vape yra 850mAh \u012fkraunama baterija, kuri suteikia valand\u0173 nepertraukiamo garinimo ir gali b\u016bti lengvai \u012fkraunama su Type-C laidu.<\/p>\n<p><strong>K2: Ar visi 41 skoniai yra prieinami visuose regionuose?<\/strong><br \/>\nTaip, visas 41 skoni\u0173 asortimentas yra prieinamas visame pasaulyje, tod\u0117l rasite savo m\u0117gstamiausi\u0105, kad ir kur b\u016btum\u0117te.<\/p>\n<p><strong>K3: Koks nikotino stiprumas yra prieinamas?<\/strong><br \/>\nFumot RandM Tornado 15000 Puffs yra su 2% ir 5% nikotino druskos galimyb\u0117mis.<\/p>\n<h4>Fumot Vape 12k didmenin\u0117 prekyba Susisiekite ir gaukite nuolaid\u0105 dabar!<\/h4>\n<p><img decoding=\"async\" class=\"size-large wp-image-2921\" src=\"https:\/\/vapestornado.com\/wp-content\/uploads\/2024\/11\/20062b3a285f900e79520aad496b94d-887x1024.jpg\" alt=\"vapestornado Vicky\" width=\"887\" height=\"1024\" srcset=\"https:\/\/vapestornado.com\/wp-content\/uploads\/2024\/11\/20062b3a285f900e79520aad496b94d-887x1024.jpg 887w, https:\/\/vapestornado.com\/wp-content\/uploads\/2024\/11\/20062b3a285f900e79520aad496b94d-260x300.jpg 260w, https:\/\/vapestornado.com\/wp-content\/uploads\/2024\/11\/20062b3a285f900e79520aad496b94d-768x887.jpg 768w, https:\/\/vapestornado.com\/wp-content\/uploads\/2024\/11\/20062b3a285f900e79520aad496b94d-600x693.jpg 600w, https:\/\/vapestornado.com\/wp-content\/uploads\/2024\/11\/20062b3a285f900e79520aad496b94d.jpg 1080w\" sizes=\"(max-width: 887px) 100vw, 887px\" \/><\/p>","protected":false},"excerpt":{"rendered":"<p><strong>RandM Tornado 15000 P\u016bkim\u0173 Vienkartinis Vapingas<\/strong> pasi\u017eymi 51 skoniu, 850 mAh \u012fkraunama baterija, LED ekranu, dviguba tinklelio spirale ir 15 000 \u012ftraukim\u0173 ilgam malonumui.<\/p>\n<p><strong><span style=\"color: #ff0000;\">(\u012f m\u016bs\u0173 svetain\u0117s kain\u0105 ne\u012fskai\u010diuotas pristatymo mokestis, susisiekite su manimi, kad gautum\u0117te vis\u0105 kain\u0105 ir savo nuolaid\u0105!)<\/span><\/strong><\/p>\n<p><img decoding=\"async\" class=\"size-medium wp-image-2921\" src=\"https:\/\/vapestornado.com\/wp-content\/uploads\/2024\/11\/20062b3a285f900e79520aad496b94d-260x300.jpg\" alt=\"vapestornado Vicky\" width=\"260\" height=\"300\" srcset=\"https:\/\/vapestornado.com\/wp-content\/uploads\/2024\/11\/20062b3a285f900e79520aad496b94d-260x300.jpg 260w, https:\/\/vapestornado.com\/wp-content\/uploads\/2024\/11\/20062b3a285f900e79520aad496b94d-887x1024.jpg 887w, https:\/\/vapestornado.com\/wp-content\/uploads\/2024\/11\/20062b3a285f900e79520aad496b94d-768x887.jpg 768w, https:\/\/vapestornado.com\/wp-content\/uploads\/2024\/11\/20062b3a285f900e79520aad496b94d-600x693.jpg 600w, https:\/\/vapestornado.com\/wp-content\/uploads\/2024\/11\/20062b3a285f900e79520aad496b94d.jpg 1080w\" sizes=\"(max-width: 260px) 100vw, 260px\" \/><\/p>","protected":false},"featured_media":3425,"comment_status":"open","ping_status":"closed","template":"","meta":{"_acf_changed":false,"_uag_custom_page_level_css":"","_lmt_disableupdate":"no","_lmt_disable":"","_monsterinsights_skip_tracking":false,"_monsterinsights_sitenote_active":false,"_monsterinsights_sitenote_note":"","_monsterinsights_sitenote_category":0,"site-sidebar-layout":"default","site-content-layout":"","ast-site-content-layout":"default","site-content-style":"default","site-sidebar-style":"default","ast-global-header-display":"","ast-banner-title-visibility":"","ast-main-header-display":"","ast-hfb-above-header-display":"","ast-hfb-below-header-display":"","ast-hfb-mobile-header-display":"","site-post-title":"","ast-breadcrumbs-content":"","ast-featured-img":"","footer-sml-layout":"","ast-disable-related-posts":"","theme-transparent-header-meta":"default","adv-header-id-meta":"","stick-header-meta":"","header-above-stick-meta":"","header-main-stick-meta":"","header-below-stick-meta":"","astra-migrate-meta-layouts":"set","ast-page-background-enabled":"default","ast-page-background-meta":{"desktop":{"background-color":"","background-image":"","background-repeat":"repeat","background-position":"center center","background-size":"auto","background-attachment":"scroll","background-type":"","background-media":"","overlay-type":"","overlay-color":"","overlay-opacity":"","overlay-gradient":""},"tablet":{"background-color":"","background-image":"","background-repeat":"repeat","background-position":"center center","background-size":"auto","background-attachment":"scroll","background-type":"","background-media":"","overlay-type":"","overlay-color":"","overlay-opacity":"","overlay-gradient":""},"mobile":{"background-color":"","background-image":"","background-repeat":"repeat","background-position":"center center","background-size":"auto","background-attachment":"scroll","background-type":"","background-media":"","overlay-type":"","overlay-color":"","overlay-opacity":"","overlay-gradient":""}},"ast-content-background-meta":{"desktop":{"background-color":"var(--ast-global-color-5)","background-image":"","background-repeat":"repeat","background-position":"center center","background-size":"auto","background-attachment":"scroll","background-type":"","background-media":"","overlay-type":"","overlay-color":"","overlay-opacity":"","overlay-gradient":""},"tablet":{"background-color":"var(--ast-global-color-5)","background-image":"","background-repeat":"repeat","background-position":"center center","background-size":"auto","background-attachment":"scroll","background-type":"","background-media":"","overlay-type":"","overlay-color":"","overlay-opacity":"","overlay-gradient":""},"mobile":{"background-color":"var(--ast-global-color-5)","background-image":"","background-repeat":"repeat","background-position":"center center","background-size":"auto","background-attachment":"scroll","background-type":"","background-media":"","overlay-type":"","overlay-color":"","overlay-opacity":"","overlay-gradient":""}},"_joinchat":{"telephone":"+8618077105750"}},"product_brand":[],"product_cat":[71,150,152,159,142,58,144,148,19],"product_tag":[],"class_list":{"0":"post-3421","1":"product","2":"type-product","3":"status-publish","4":"has-post-thumbnail","6":"product_cat-15000-puff","7":"product_cat-buy-disposable-vapes-in-belgium","8":"product_cat-buy-disposable-vapes-in-cermany","9":"product_cat-buy-disposable-vapes-in-sweden","10":"product_cat-digital-box-disposable-vapes","11":"product_cat-fumot-vape","12":"product_cat-low-nicotine-disposable-vapes","13":"product_cat-tornado-disposable-vapes","14":"product_cat-vapes","15":"desktop-align-left","16":"tablet-align-left","17":"mobile-align-left","19":"first","20":"instock","21":"sale","22":"shipping-taxable","23":"purchasable","24":"product-type-simple"},"acf":[],"uagb_featured_image_src":{"full":["https:\/\/vapestornado.com\/wp-content\/uploads\/2024\/12\/Fumot-RandM-Tornado-15000-Puffs-Review.jpg",1080,1350,false],"thumbnail":["https:\/\/vapestornado.com\/wp-content\/uploads\/2024\/12\/Fumot-RandM-Tornado-15000-Puffs-Review-150x150.jpg",150,150,true],"medium":["https:\/\/vapestornado.com\/wp-content\/uploads\/2024\/12\/Fumot-RandM-Tornado-15000-Puffs-Review-240x300.jpg",240,300,true],"medium_large":["https:\/\/vapestornado.com\/wp-content\/uploads\/2024\/12\/Fumot-RandM-Tornado-15000-Puffs-Review-768x960.jpg",768,960,true],"large":["https:\/\/vapestornado.com\/wp-content\/uploads\/2024\/12\/Fumot-RandM-Tornado-15000-Puffs-Review-819x1024.jpg",819,1024,true],"1536x1536":["https:\/\/vapestornado.com\/wp-content\/uploads\/2024\/12\/Fumot-RandM-Tornado-15000-Puffs-Review.jpg",1080,1350,false],"2048x2048":["https:\/\/vapestornado.com\/wp-content\/uploads\/2024\/12\/Fumot-RandM-Tornado-15000-Puffs-Review.jpg",1080,1350,false],"trp-custom-language-flag":["https:\/\/vapestornado.com\/wp-content\/uploads\/2024\/12\/Fumot-RandM-Tornado-15000-Puffs-Review.jpg",10,12,false],"woocommerce_thumbnail":["https:\/\/vapestornado.com\/wp-content\/uploads\/2024\/12\/Fumot-RandM-Tornado-15000-Puffs-Review-300x300.jpg",300,300,true],"woocommerce_single":["https:\/\/vapestornado.com\/wp-content\/uploads\/2024\/12\/Fumot-RandM-Tornado-15000-Puffs-Review-600x750.jpg",600,750,true],"woocommerce_gallery_thumbnail":["https:\/\/vapestornado.com\/wp-content\/uploads\/2024\/12\/Fumot-RandM-Tornado-15000-Puffs-Review-100x100.jpg",100,100,true]},"uagb_author_info":{"display_name":"ESvicky","author_link":"https:\/\/vapestornado.com\/lt\/author\/"},"uagb_comment_info":0,"uagb_excerpt":"RandM Tornado 15000 Puffs Disposable Vape features 51 flavors, 850mAh rechargeable battery, LED display, dual mesh coil, and 15,000 puffs for extended enjoyment. (our website price not include shipping cost, please contact me to get whole price and your disccount!)","_links":{"self":[{"href":"https:\/\/vapestornado.com\/lt\/wp-json\/wp\/v2\/product\/3421","targetHints":{"allow":["GET"]}}],"collection":[{"href":"https:\/\/vapestornado.com\/lt\/wp-json\/wp\/v2\/product"}],"about":[{"href":"https:\/\/vapestornado.com\/lt\/wp-json\/wp\/v2\/types\/product"}],"replies":[{"embeddable":true,"href":"https:\/\/vapestornado.com\/lt\/wp-json\/wp\/v2\/comments?post=3421"}],"wp:featuredmedia":[{"embeddable":true,"href":"https:\/\/vapestornado.com\/lt\/wp-json\/wp\/v2\/media\/3425"}],"wp:attachment":[{"href":"https:\/\/vapestornado.com\/lt\/wp-json\/wp\/v2\/media?parent=3421"}],"wp:term":[{"taxonomy":"product_brand","embeddable":true,"href":"https:\/\/vapestornado.com\/lt\/wp-json\/wp\/v2\/product_brand?post=3421"},{"taxonomy":"product_cat","embeddable":true,"href":"https:\/\/vapestornado.com\/lt\/wp-json\/wp\/v2\/product_cat?post=3421"},{"taxonomy":"product_tag","embeddable":true,"href":"https:\/\/vapestornado.com\/lt\/wp-json\/wp\/v2\/product_tag?post=3421"}],"curies":[{"name":"wp","href":"https:\/\/api.w.org\/{rel}","templated":true}]}}