{"id":3394,"date":"2024-12-26T07:40:36","date_gmt":"2024-12-26T07:40:36","guid":{"rendered":"https:\/\/vapestornado.com\/?post_type=product&#038;p=3394"},"modified":"2025-08-23T12:25:34","modified_gmt":"2025-08-23T12:25:34","slug":"vookbar-cyber-pro-30000-puffs-touch-screen-2-low-nicotine-rechargeable-disposable-vapes-pen-bulk-buy-wholesale","status":"publish","type":"product","link":"https:\/\/vapestornado.com\/lt\/product\/vookbar-cyber-pro-30000-puffs-touch-screen-2-low-nicotine-rechargeable-disposable-vapes-pen-bulk-buy-wholesale\/","title":{"rendered":"Vookbar Cyber Pro 30000 \u012fkv\u0117pim\u0173 lietimui jautrus ekranas, 2% ma\u017eai nikotino turin\u010dios pakraunamos vienkartin\u0117s garinimo priemon\u0117s, didmeninis pirkimas"},"content":{"rendered":"<h1 class=\"product-title\">Vookbar Cyber Pro 30000 \u012fkv\u0117pim\u0173 lietimui jautrus ekranas, 2% ma\u017eai nikotino turin\u010dios pakraunamos vienkartin\u0117s garinimo priemon\u0117s, didmeninis pirkimas<\/h1>\n<p>\u0160is <strong>Vookbar Cyber Pro 30000 \u012ftraukim\u0173<\/strong> yra \u010dia, kad i\u0161 naujo apibr\u0117\u017et\u0173 vienkartin\u012f vaping\u0105. D\u0117l savo aptakaus dizaino, pa\u017eangi\u0173 technologij\u0173 ir patogi\u0173 funkcij\u0173 \u0161is vape puikiai tinka tiek atsitiktiniams vartotojams, tiek patyrusiems vaperiams, ie\u0161kantiems auk\u0161\u010diausios kokyb\u0117s patirties.<\/p>\n<h4><strong>Neprilygstamas ilgaam\u017ei\u0161kumas<\/strong><\/h4>\n<p>Apr\u016bpintas ne\u012ftik\u0117tinu <strong>30 000 \u012ftraukim\u0173<\/strong> talpa, Vookbar Cyber Pro pa\u0161alina poreik\u012f da\u017enai keisti, u\u017etikrinant ilgalaik\u012f pasitenkinim\u0105. The <strong>22 ml e-skys\u010dio rezervuaras<\/strong> leid\u017eia m\u0117gautis nepertraukiamu vapingu su m\u0117gstamais skoniais.<\/p>\n<h4><strong>Galingas ir \u012fkraunamas<\/strong><\/h4>\n<p>Maitinamas <strong>650mAh \u012fkraunama baterija<\/strong>, Vookbar Cyber Pro leid\u017eia jums t\u0119sti vis\u0105 dien\u0105. The <strong>C tipo greito \u012fkrovimo prievadas<\/strong> u\u017etikrina, kad gal\u0117site greitai \u012fkrauti ir gr\u012f\u017eti prie vapingo nedelsiant.<\/p>\n<h4><strong>Patobulintas skonis ir garai<\/strong><\/h4>\n<p>Su <strong>dviguba tinklelio rit\u0117s sistema<\/strong>\u0161is prietaisas suteikia sodrius, pastovius skonius ir \u012fsp\u016bding\u0105 gar\u0173 gamyb\u0105. Reguliuojamas oro srauto dizainas suteikia jums galimyb\u0119 valdyti intensyvum\u0105, pritaikant tiek skland\u017eius, tiek dr\u0105sius vapingo pageidavimus.<\/p>\n<h4><strong>I\u0161manioji jutiklinio ekrano technologija<\/strong><\/h4>\n<p>Vookbar Cyber Pro i\u0161siskiria savo <strong>2,1 colio jutikliniu ekranu<\/strong>, kuris leid\u017eia skland\u017eiai nar\u0161yti po jo funkcijas. Naudodami Bluetooth ry\u0161\u012f, galite susieti j\u012f su Wearinos program\u0117le, kad suasmenintum\u0117te savo patirt\u012f \u2013 koreguokite nustatymus, nustatykite pasirinktinius fono paveiksl\u0117lius ir netgi pasiekite unikalias parinktis, tokias kaip nuotolin\u0117s asmenuk\u0117s ir prane\u0161imai.<\/p>\n<h4><strong>Saugumas ir patogumas<\/strong><\/h4>\n<p>Vookbar Cyber Pro turi <strong>apsaugos nuo vaik\u0173 funkcij\u0105<\/strong>, tod\u0117l tai yra saugesnis pasirinkimas nam\u0173 \u016bkiams. Jis skirtas vartotojams, vartojantiems ma\u017eai nikotino, kuri\u0173 stiprumas yra <strong>0%, 2%, 3% ir 5%<\/strong>, atitinkantis \u012fvairius pageidavimus.<\/p>\n<h4><strong>Daugiau nei garinimas<\/strong><\/h4>\n<p>Pakelkite savo patirt\u012f \u012f kit\u0105 lyg\u012f naudodami papildomas funkcijas, tokias kaip mini \u017eaidimai ir socialin\u0117s \u017einiasklaidos \u012fsp\u0117jimai, skland\u017eiai integruodami garinim\u0105 \u012f savo gyvenimo b\u016bd\u0105. Tai daugiau nei tik elektronin\u0117 cigaret\u0117 \u2013 tai i\u0161manusis \u012frenginys \u0161iuolaikiniam vartotojui.<\/p>\n<h3><strong>Patobulinkite savo garinimo patirt\u012f<\/strong><\/h3>\n<p>Nesvarbu, ar perkate dideliais kiekiais didmeninei prekybai, ar ie\u0161kote i\u0161skirtinio vienkartinio garinimo prietaiso, tai <strong>Vookbar Cyber Pro 30000 \u012ftraukim\u0173<\/strong> si\u016blo puik\u0173 naujovi\u0173, na\u0161umo ir stiliaus derin\u012f. Patirkite garinimo ateit\u012f jau \u0161iandien!<\/p>\n<p><span style=\"color: #ff0000;\"><strong>Prid\u0117kite Amy's Whatsapp, gaukite teising\u0105 atsakym\u0105 ir kupon\u0105 garintuvui!<\/strong><\/span><\/p>\n<p><img fetchpriority=\"high\" decoding=\"async\" class=\"size-full wp-image-2932\" src=\"https:\/\/vapestornado.com\/wp-content\/uploads\/2024\/12\/Vape-Wholesale.jpg\" alt=\"Garintuvai Didmenin\u0117 prekyba\" width=\"229\" height=\"300\" \/><\/p>\n<h3><a href=\"https:\/\/wa.me\/8617776015835\" target=\"_blank\" rel=\"noopener\"><span style=\"color: #ff0000;\"><strong>WhatsApp: +86 17776015835<\/strong><\/span><\/a><\/h3>\n<p>&nbsp;<\/p>\n<h2 class=\"product-title\">Vookbar Cyber Pro 30000 vienkartin\u0117 elektronin\u0117 cigaret\u0117<strong> Produkto savyb\u0117s<\/strong><\/h2>\n<div role=\"article\" data-tabster=\"{&quot;groupper&quot;:{&quot;tabbability&quot;:2},&quot;focusable&quot;:{}}\" data-content=\"ai-message\" aria-labelledby=\"juhNTJ6o7Gk1cgwZMJgv2-author juhNTJ6o7Gk1cgwZMJgv2-content\">\n<div id=\"juhNTJ6o7Gk1cgwZMJgv2-content\">\n<div role=\"article\" data-tabster=\"{&quot;groupper&quot;:{&quot;tabbability&quot;:2},&quot;focusable&quot;:{}}\" data-content=\"ai-message\" aria-labelledby=\"x4EZuCZWrTbh3weWUt7CU-author x4EZuCZWrTbh3weWUt7CU-content\">\n<div id=\"x4EZuCZWrTbh3weWUt7CU-content\">\n<div class=\"flex max-w-full flex-col flex-grow\">\n<div class=\"min-h-8 text-message flex w-full flex-col items-end gap-2 whitespace-normal break-words text-start [.text-message+&amp;]:mt-5\" dir=\"auto\" data-message-author-role=\"assistant\" data-message-id=\"52c6e00a-252f-4104-805d-2f1a84739c71\" data-message-model-slug=\"gpt-4o\">\n<div class=\"flex w-full flex-col gap-1 empty:hidden first:pt-[3px]\">\n<div class=\"markdown prose w-full break-words dark:prose-invert light\">\n<div class=\"flex max-w-full flex-col flex-grow\">\n<div class=\"min-h-8 text-message flex w-full flex-col items-end gap-2 whitespace-normal break-words text-start [.text-message+&amp;]:mt-5\" dir=\"auto\" data-message-author-role=\"assistant\" data-message-id=\"d3382d71-de90-4719-8ad8-700b383ac952\" data-message-model-slug=\"gpt-4o\">\n<div class=\"flex w-full flex-col gap-1 empty:hidden first:pt-[3px]\">\n<div class=\"markdown prose w-full break-words dark:prose-invert light\">\n<h3><\/h3>\n<ol>\n<li><strong>Didelis \u012fp\u016btim\u0173 skai\u010dius<\/strong>: 30 000 \u012fp\u016btim\u0173 ilgam naudojimui be keitimo.<\/li>\n<li><strong>Didelis e. skys\u010dio t\u016bris<\/strong>: 22 ml talpa ilgalaikiam skonio m\u0117gavimuisi.<\/li>\n<li><strong>Galingas akumuliatorius<\/strong>: 650 mAh \u012fkraunamas akumuliatorius su C tipo greituoju \u012fkrovimu.<\/li>\n<li><strong>Dviguba tinklelio rit\u0117<\/strong>: U\u017etikrina tankius garus ir \u0161velnius, aromatingus \u012fkv\u0117pimus.<\/li>\n<li><strong>I\u0161manusis jutiklinis ekranas<\/strong>: 2,1 colio jutiklinis ekranas su Bluetooth ry\u0161iu ir pritaikomais nustatymais.<\/li>\n<li><strong>Daugiafunkcinis \u012frenginys<\/strong>: Palaiko mini \u017eaidimus, socialin\u0117s \u017einiasklaidos prane\u0161imus ir kt.<\/li>\n<li><strong>Nikotino \u012fvairov\u0117<\/strong>: Galima \u012fsigyti 0%, 2%, 3% ir 5% nikotino stiprumo.<\/li>\n<li><strong>Saugos funkcijos<\/strong>: \u012emontuota apsauga nuo vaik\u0173 patikimai apsaugai.<\/li>\n<\/ol>\n<\/div>\n<\/div>\n<\/div>\n<\/div>\n<div class=\"mb-2 flex gap-3 empty:hidden -ml-2\">\n<div class=\"items-center justify-start rounded-xl p-1 flex\"><\/div>\n<\/div>\n<\/div>\n<\/div>\n<\/div>\n<\/div>\n<\/div>\n<\/div>\n<\/div>\n<\/div>\n<h2 class=\"product-title\"><strong>Populiarus Vookbar Cyber Pro 30000 vienkartini\u0173 garintuv\u0173 skonis<\/strong><\/h2>\n<p>Kolekcijoje yra \u012fvairi\u0173 skoni\u0173, derinant klasikinius vaisius, atogr\u0105\u017e\u0173 malonumus ir ledines apdailas. Nuo sald\u017ei\u0173 ir a\u0161tri\u0173 derini\u0173, toki\u0173 kaip <strong>Persik\u0173 mango<\/strong> ir <strong>Bra\u0161ki\u0173 ir kivi\u0173<\/strong> iki gaivinan\u010di\u0173 mentolio pos\u016bki\u0173, toki\u0173 kaip <strong>Arb\u016bz\u0173 ledas<\/strong> ir <strong>M\u0117lyni\u0173 avie\u010di\u0173 ledas<\/strong>, kiekvienas ras ka\u017ek\u0105 sau.<\/p>\n<p>1. M\u0117lyni\u0173 avie\u010di\u0173 ledas <span style=\"color: #ff0000;\"><strong>&gt;&gt;&gt;&gt; Kar\u0161ta !<\/strong><\/span><br \/>\n2. Persik\u0173 ledas<br \/>\n3. Vynuogi\u0173 ledas<br \/>\n4. Bra\u0161ki\u0173 arb\u016bzas <span style=\"color: #ff0000;\"><strong>&gt;&gt;&gt;&gt; Kar\u0161ta !<\/strong><\/span><br \/>\n5. Bra\u0161ki\u0173 bananas<br \/>\n6. Vy\u0161ni\u0173 arb\u016bzas<br \/>\n7. Arb\u016bz\u0173 ledas<br \/>\n8. Persik\u0173 mango<br \/>\n9. Bra\u0161ki\u0173 kivis<br \/>\n10. Balt\u0173 bra\u0161ki\u0173 ledas<br \/>\n11. Balt\u0173 guminuk\u0173 ledas<br \/>\n12. \u0160aldyta pinakolada<br \/>\n13. Fcking fab<br \/>\n14. Mojito uog\u0173 mi\u0161inys <span style=\"color: #ff0000;\"><strong>&gt;&gt;&gt;&gt; Geriausias pasirinkimas!<\/strong><\/span><\/p>\n<figure id=\"attachment_3554\" aria-describedby=\"caption-attachment-3554\" style=\"width: 1000px\" class=\"wp-caption alignnone\"><img decoding=\"async\" class=\"wp-image-3554 size-full\" src=\"https:\/\/vapestornado.com\/wp-content\/uploads\/2024\/12\/Bluetooth-Vape-Vookbar-Cyber-\u200b\u200bPro-30000-Puffs-Disposable-Vape-Wholesale.webp\" alt=\"Didmenin\u0117 prekyba \u201eBluetooth Vape Vookbar Cyber \u200b\u200bPro 30000 Puffs\u201c vienkartiniais garais\" width=\"1000\" height=\"1000\" srcset=\"https:\/\/vapestornado.com\/wp-content\/uploads\/2024\/12\/Bluetooth-Vape-Vookbar-Cyber-\u200b\u200bPro-30000-Puffs-Disposable-Vape-Wholesale.webp 1000w, https:\/\/vapestornado.com\/wp-content\/uploads\/2024\/12\/Bluetooth-Vape-Vookbar-Cyber-\u200b\u200bPro-30000-Puffs-Disposable-Vape-Wholesale-300x300.webp 300w, https:\/\/vapestornado.com\/wp-content\/uploads\/2024\/12\/Bluetooth-Vape-Vookbar-Cyber-\u200b\u200bPro-30000-Puffs-Disposable-Vape-Wholesale-150x150.webp 150w, https:\/\/vapestornado.com\/wp-content\/uploads\/2024\/12\/Bluetooth-Vape-Vookbar-Cyber-\u200b\u200bPro-30000-Puffs-Disposable-Vape-Wholesale-768x768.webp 768w, https:\/\/vapestornado.com\/wp-content\/uploads\/2024\/12\/Bluetooth-Vape-Vookbar-Cyber-\u200b\u200bPro-30000-Puffs-Disposable-Vape-Wholesale-600x600.webp 600w, https:\/\/vapestornado.com\/wp-content\/uploads\/2024\/12\/Bluetooth-Vape-Vookbar-Cyber-\u200b\u200bPro-30000-Puffs-Disposable-Vape-Wholesale-100x100.webp 100w\" sizes=\"(max-width: 1000px) 100vw, 1000px\" \/><figcaption id=\"caption-attachment-3554\" class=\"wp-caption-text\">Didmenin\u0117 prekyba \u201eBluetooth Vape Vookbar Cyber \u200b\u200bPro 30000 Puffs\u201c vienkartiniais garais<\/figcaption><\/figure>\n<div class=\"flex-shrink-0 flex flex-col relative items-end\">\n<div class=\"pt-0\">\n<div class=\"gizmo-bot-avatar flex h-8 w-8 items-center justify-center overflow-hidden rounded-full\">\n<div class=\"relative p-1 rounded-sm flex items-center justify-center bg-token-main-surface-primary text-token-text-primary h-8 w-8\">\n<h3>DUK apie \u201eVookbar Cyber Pro 30000\u201c vienkartinius garus<\/h3>\n<div class=\"flex max-w-full flex-col flex-grow\">\n<div class=\"min-h-8 text-message flex w-full flex-col items-end gap-2 whitespace-normal break-words text-start [.text-message+&amp;]:mt-5\" dir=\"auto\" data-message-author-role=\"assistant\" data-message-id=\"4dc48248-df95-45bd-b800-6dedb43cf7f1\" data-message-model-slug=\"gpt-4o\">\n<div class=\"flex w-full flex-col gap-1 empty:hidden first:pt-[3px]\">\n<div class=\"markdown prose w-full break-words dark:prose-invert light\">\n<ol>\n<li><strong>Kiek ilgai veikia \u201eVookbar Cyber Pro 30000 Puffs\u201c?<\/strong><br \/>\n\u012erenginys si\u016blo iki 30 000 \u012fkv\u0117pim\u0173, u\u017etikrinant ilgalaik\u012f naudojim\u0105 be da\u017eno keitimo.<\/li>\n<li><strong>Ar galiu reguliuoti oro sraut\u0105 ant \u201eVookbar 30000\u201c vienkartinio garintuvo?<\/strong><br \/>\nTaip, reguliuojamo oro srauto funkcija leid\u017eia pritaikyti \u012fkv\u0117pim\u0105 asmeninei garinimo patir\u010diai.<\/li>\n<li><strong>Ar \u201eVookbar Cyber Pro 30k Touch\u201c vienkartinis garintuvas palaiko greit\u0105 \u012fkrovim\u0105?<\/strong><br \/>\nBe jokios abejon\u0117s! Jame yra C tipo \u012fkrovimo prievadas, skirtas greitam ir efektyviam \u012fjungimui.<\/li>\n<li><strong>Kokio stiprumo nikotino yra \u201eVookbar 30000\u201c \u012fkraunamame vape?<\/strong><br \/>\n\u012erenginys yra 0%, 2%, 3% ir 5% nikotino koncentracijos, atitinkan\u010dios \u012fvairius pageidavimus.<\/li>\n<li><strong>Kokias papildomas funkcijas suteikia jutiklinis ekranas?<\/strong><br \/>\n2,1 colio jutiklinis ekranas leid\u017eia steb\u0117ti nustatymus, prisijungti per \u201eBluetooth\u201c, tinkinti fono paveiksl\u0117lius ir net nuotoliniu b\u016bdu valdyti asmenukes.<\/li>\n<\/ol>\n<\/div>\n<\/div>\n<\/div>\n<\/div>\n<\/div>\n<\/div>\n<\/div>\n<\/div>\n<div class=\"flex-shrink-0 flex flex-col relative items-end\">\n<div class=\"pt-0\">\n<div class=\"gizmo-bot-avatar flex h-8 w-8 items-center justify-center overflow-hidden rounded-full\">\n<div class=\"relative p-1 rounded-sm flex items-center justify-center bg-token-main-surface-primary text-token-text-primary h-8 w-8\">\n<div class=\"mb-2 flex gap-3 empty:hidden -ml-2\">\n<div role=\"article\" data-tabster=\"{&quot;groupper&quot;:{&quot;tabbability&quot;:2},&quot;focusable&quot;:{}}\" data-content=\"ai-message\" aria-labelledby=\"Vdt5ez4X7Tg813x6rFVha-author Vdt5ez4X7Tg813x6rFVha-content\">\n<div id=\"Vdt5ez4X7Tg813x6rFVha-content\">\n<div role=\"article\" data-tabster=\"{&quot;groupper&quot;:{&quot;tabbability&quot;:2},&quot;focusable&quot;:{}}\" data-content=\"ai-message\" aria-labelledby=\"o968oC7CEo2fGHsGdsRYC-author o968oC7CEo2fGHsGdsRYC-content\">\n<div id=\"o968oC7CEo2fGHsGdsRYC-content\">\n<h3>Kod\u0117l verta rinktis \u201evapestornado\u201c didmeninei prekybai \u201eVookbar 30000 Touch\u201c vienkartiniais garais?<\/h3>\n<div class=\"flex-shrink-0 flex flex-col relative items-end\">\n<div class=\"pt-0\">\n<div class=\"gizmo-bot-avatar flex h-8 w-8 items-center justify-center overflow-hidden rounded-full\">\n<div class=\"relative p-1 rounded-sm flex items-center justify-center bg-token-main-surface-primary text-token-text-primary h-8 w-8\">\n<p>Sveiki atvyk\u0119 \u012f vapestornado \u2013 j\u016bs\u0173 patikim\u0105 internetin\u0119 auk\u0161\u010diausios kokyb\u0117s vienkartini\u0173 garinimo priemoni\u0173 parduotuv\u0119. Tur\u0117dami daugiau nei 5 met\u0173 patirt\u012f, si\u016blome populiarius vienkartini\u0173 garinimo priemoni\u0173 prek\u0117s \u017eenklus, tokius kaip Fumot RandM Vape, <a href=\"https:\/\/vapestornado.com\/lt\/product-category\/vapme-shisha\/\">Vapme<\/a>, Bang Vape, Waspe Vape, ir WGA Vape ir kt.<\/p>\n<p>M\u016bs\u0173 asortimentas apima populiarias garinimo priemones, tokias kaip <a href=\"https:\/\/vapestornado.com\/lt\/product\/randm-12000-puffs-fumot-digital-disposable-vape-wholesale-price\/\">RandM Tornado 12000<\/a>, ir skoni\u0173 turtingus pasirinkimus, tokius kaip <a href=\"https:\/\/vapestornado.com\/lt\/product\/wga-crystal-pro-max-extra-15000-puffs-rechargeable-disposable-vape-wholesale-bulk-buy\/\">\u00a0WGA Crystal 15k \u012etraukim\u0173<\/a> . Kiekvienas produktas yra atrenkamas, akcentuojant kokyb\u0119, vert\u0119 ir \u012fvairov\u0119, u\u017etikrinant, kad rastum\u0117te tobul\u0105 variant\u0105 savo poreikiams. Atraskite i\u0161skirtin\u012f aptarnavim\u0105 ir plat\u0173 auk\u0161\u010diausios kokyb\u0117s produkt\u0173 asortiment\u0105 didmenin\u0117mis kainomis vapestornado svetain\u0117je.<\/p>\n<\/div>\n<p>&nbsp;<\/p>\n<p><strong>Kiti populiar\u016bs vienkartiniai garintuvai<\/strong><\/p>\n<p><a href=\"https:\/\/vapestornado.com\/lt\/product\/bang-vape-35000-puffs-low-nicotine-bulk-buy-rechargeable-disposable-vapes-box-wholesale-price\/\">Bang Vape 35000 \u012fkv\u0117pim\u0173 <span style=\"color: #ff0000;\"><strong>&gt;&gt;&gt;&gt; Pirmyn!<\/strong><\/span><\/a><\/p>\n<p><a href=\"https:\/\/vapestornado.com\/lt\/product\/vopk-ultra-40000-puffs-2-in-1-digital-screen-rechargeable-disposable-vape\/\">VOPK 40000 Dvigubas skonis<span style=\"color: #ff0000;\"><strong>&gt;&gt;&gt;&gt; Pirmyn!<\/strong><\/span><\/a><\/p>\n<p><a href=\"https:\/\/vapestornado.com\/lt\/product\/bood-twins-46000-puff-double-flavour-low-nicotine-disposable-vape-wholesale-bulk-buy-price\/\">Bood Dvyniai 46000<span style=\"color: #ff0000;\"><strong>&gt;&gt;&gt;&gt; Pirmyn!<\/strong><\/span><\/a><\/p>\n<\/div>\n<\/div>\n<\/div>\n<p>&nbsp;<\/p>\n<\/div>\n<\/div>\n<\/div>\n<\/div>\n<\/div>\n<\/div>\n<\/div>\n<\/div>\n<\/div>","protected":false},"excerpt":{"rendered":"<p>Kar\u0161tas Vookbar Cyber Pro 30000 \u012ftraukim\u0173 2% vienkartinis vape su ma\u017eu nikotino kiekiu<br \/>\nVookbar Vape Cyber Pro 30000 \u012ftraukim\u0173 vienkartinis vape su skaitmeniniu ekranu dideliais kiekiais<br \/>\nVookbar Cyber Pro 30k jutiklinis \u012fkraunamas vienkartinis vape didmenin\u0117 prekyba<\/p>\n<p><strong>Prid\u0117kite Amy whatsapp, gaukite tiesiogin\u012f atsakym\u0105 ir kupon\u0105 veipui!<\/strong><\/p>\n<p><img fetchpriority=\"high\" decoding=\"async\" class=\"size-full wp-image-2932\" src=\"https:\/\/vapestornado.com\/wp-content\/uploads\/2024\/12\/Vape-Wholesale.jpg\" alt=\"Garintuvai Didmenin\u0117 prekyba\" width=\"229\" height=\"300\" \/><\/p>\n<h3><a href=\"https:\/\/wa.me\/8617776015835\"><span style=\"color: #ff0000;\"><strong>WhatsApp: +86 17776015835<\/strong><\/span><\/a><\/h3>\n<p>&nbsp;<\/p>","protected":false},"featured_media":3388,"comment_status":"open","ping_status":"closed","template":"","meta":{"_acf_changed":false,"_uag_custom_page_level_css":"","_lmt_disableupdate":"no","_lmt_disable":"","_monsterinsights_skip_tracking":false,"_monsterinsights_sitenote_active":false,"_monsterinsights_sitenote_note":"","_monsterinsights_sitenote_category":0,"site-sidebar-layout":"default","site-content-layout":"","ast-site-content-layout":"default","site-content-style":"default","site-sidebar-style":"default","ast-global-header-display":"","ast-banner-title-visibility":"","ast-main-header-display":"","ast-hfb-above-header-display":"","ast-hfb-below-header-display":"","ast-hfb-mobile-header-display":"","site-post-title":"","ast-breadcrumbs-content":"","ast-featured-img":"","footer-sml-layout":"","ast-disable-related-posts":"","theme-transparent-header-meta":"default","adv-header-id-meta":"","stick-header-meta":"","header-above-stick-meta":"","header-main-stick-meta":"","header-below-stick-meta":"","astra-migrate-meta-layouts":"set","ast-page-background-enabled":"default","ast-page-background-meta":{"desktop":{"background-color":"","background-image":"","background-repeat":"repeat","background-position":"center center","background-size":"auto","background-attachment":"scroll","background-type":"","background-media":"","overlay-type":"","overlay-color":"","overlay-opacity":"","overlay-gradient":""},"tablet":{"background-color":"","background-image":"","background-repeat":"repeat","background-position":"center center","background-size":"auto","background-attachment":"scroll","background-type":"","background-media":"","overlay-type":"","overlay-color":"","overlay-opacity":"","overlay-gradient":""},"mobile":{"background-color":"","background-image":"","background-repeat":"repeat","background-position":"center center","background-size":"auto","background-attachment":"scroll","background-type":"","background-media":"","overlay-type":"","overlay-color":"","overlay-opacity":"","overlay-gradient":""}},"ast-content-background-meta":{"desktop":{"background-color":"var(--ast-global-color-5)","background-image":"","background-repeat":"repeat","background-position":"center center","background-size":"auto","background-attachment":"scroll","background-type":"","background-media":"","overlay-type":"","overlay-color":"","overlay-opacity":"","overlay-gradient":""},"tablet":{"background-color":"var(--ast-global-color-5)","background-image":"","background-repeat":"repeat","background-position":"center center","background-size":"auto","background-attachment":"scroll","background-type":"","background-media":"","overlay-type":"","overlay-color":"","overlay-opacity":"","overlay-gradient":""},"mobile":{"background-color":"var(--ast-global-color-5)","background-image":"","background-repeat":"repeat","background-position":"center center","background-size":"auto","background-attachment":"scroll","background-type":"","background-media":"","overlay-type":"","overlay-color":"","overlay-opacity":"","overlay-gradient":""}},"_joinchat":{"telephone":"+8617776015835"}},"product_brand":[],"product_cat":[140,67,150,154,160,142,146],"product_tag":[165,105,97,166,94,207,208],"class_list":{"0":"post-3394","1":"product","2":"type-product","3":"status-publish","4":"has-post-thumbnail","6":"product_cat-big-puffs-disposable-vapes","7":"product_cat-30000-puff","8":"product_cat-buy-disposable-vapes-in-belgium","9":"product_cat-buy-disposable-vapes-in-netherlands","10":"product_cat-buy-disposable-vapes-in-switzerland","11":"product_cat-digital-box-disposable-vapes","12":"product_cat-rechargeable-disposable-vapes","13":"product_tag-cheap-vapes","14":"product_tag-digital-disposable-vape","15":"product_tag-hot-sale-disposable-vape","16":"product_tag-low-nicotine-vape","17":"product_tag-rechargeable-disposable-vape","18":"product_tag-vookbar-cyber-pro-30000","19":"product_tag-vookbar-vape","20":"desktop-align-left","21":"tablet-align-left","22":"mobile-align-left","24":"first","25":"instock","26":"sale","27":"shipping-taxable","28":"purchasable","29":"product-type-simple"},"acf":[],"uagb_featured_image_src":{"full":["https:\/\/vapestornado.com\/wp-content\/uploads\/2024\/12\/Vookbar-Cyber-\u200b\u200bPro-30k-Vape-Wholesale.jpg",1000,1000,false],"thumbnail":["https:\/\/vapestornado.com\/wp-content\/uploads\/2024\/12\/Vookbar-Cyber-\u200b\u200bPro-30k-Vape-Wholesale-150x150.jpg",150,150,true],"medium":["https:\/\/vapestornado.com\/wp-content\/uploads\/2024\/12\/Vookbar-Cyber-\u200b\u200bPro-30k-Vape-Wholesale-300x300.jpg",300,300,true],"medium_large":["https:\/\/vapestornado.com\/wp-content\/uploads\/2024\/12\/Vookbar-Cyber-\u200b\u200bPro-30k-Vape-Wholesale-768x768.jpg",768,768,true],"large":["https:\/\/vapestornado.com\/wp-content\/uploads\/2024\/12\/Vookbar-Cyber-\u200b\u200bPro-30k-Vape-Wholesale.jpg",1000,1000,false],"1536x1536":["https:\/\/vapestornado.com\/wp-content\/uploads\/2024\/12\/Vookbar-Cyber-\u200b\u200bPro-30k-Vape-Wholesale.jpg",1000,1000,false],"2048x2048":["https:\/\/vapestornado.com\/wp-content\/uploads\/2024\/12\/Vookbar-Cyber-\u200b\u200bPro-30k-Vape-Wholesale.jpg",1000,1000,false],"trp-custom-language-flag":["https:\/\/vapestornado.com\/wp-content\/uploads\/2024\/12\/Vookbar-Cyber-\u200b\u200bPro-30k-Vape-Wholesale.jpg",12,12,false],"woocommerce_thumbnail":["https:\/\/vapestornado.com\/wp-content\/uploads\/2024\/12\/Vookbar-Cyber-\u200b\u200bPro-30k-Vape-Wholesale-300x300.jpg",300,300,true],"woocommerce_single":["https:\/\/vapestornado.com\/wp-content\/uploads\/2024\/12\/Vookbar-Cyber-\u200b\u200bPro-30k-Vape-Wholesale-600x600.jpg",600,600,true],"woocommerce_gallery_thumbnail":["https:\/\/vapestornado.com\/wp-content\/uploads\/2024\/12\/Vookbar-Cyber-\u200b\u200bPro-30k-Vape-Wholesale-100x100.jpg",100,100,true]},"uagb_author_info":{"display_name":"ESAMY","author_link":"https:\/\/vapestornado.com\/lt\/author\/"},"uagb_comment_info":0,"uagb_excerpt":"Hot Vookbar Cyber Pro 30000 Puffs 2% Low Nicotine Disposable Vape Vookbar Vape Cyber Pro 30000 Puffs Digital Display Disposable Vape Bulk Buy Vookbar Cyber Pro 30k Touch Rechargeable Disposable Vape Wholesale Add Amy's whatsapp get right reply and vape coupon! WhatsApp: +86 17776015835 &nbsp;","_links":{"self":[{"href":"https:\/\/vapestornado.com\/lt\/wp-json\/wp\/v2\/product\/3394","targetHints":{"allow":["GET"]}}],"collection":[{"href":"https:\/\/vapestornado.com\/lt\/wp-json\/wp\/v2\/product"}],"about":[{"href":"https:\/\/vapestornado.com\/lt\/wp-json\/wp\/v2\/types\/product"}],"replies":[{"embeddable":true,"href":"https:\/\/vapestornado.com\/lt\/wp-json\/wp\/v2\/comments?post=3394"}],"wp:featuredmedia":[{"embeddable":true,"href":"https:\/\/vapestornado.com\/lt\/wp-json\/wp\/v2\/media\/3388"}],"wp:attachment":[{"href":"https:\/\/vapestornado.com\/lt\/wp-json\/wp\/v2\/media?parent=3394"}],"wp:term":[{"taxonomy":"product_brand","embeddable":true,"href":"https:\/\/vapestornado.com\/lt\/wp-json\/wp\/v2\/product_brand?post=3394"},{"taxonomy":"product_cat","embeddable":true,"href":"https:\/\/vapestornado.com\/lt\/wp-json\/wp\/v2\/product_cat?post=3394"},{"taxonomy":"product_tag","embeddable":true,"href":"https:\/\/vapestornado.com\/lt\/wp-json\/wp\/v2\/product_tag?post=3394"}],"curies":[{"name":"wp","href":"https:\/\/api.w.org\/{rel}","templated":true}]}}