{"id":3386,"date":"2024-12-26T06:35:55","date_gmt":"2024-12-26T06:35:55","guid":{"rendered":"https:\/\/vapestornado.com\/?post_type=product&#038;p=3386"},"modified":"2025-08-23T08:57:06","modified_gmt":"2025-08-23T08:57:06","slug":"bood-30k-puffs-geek-bar-cheap-price-rechargeable-vape","status":"publish","type":"product","link":"https:\/\/vapestornado.com\/lt\/product\/bood-30k-puffs-geek-bar-cheap-price-rechargeable-vape\/","title":{"rendered":"BOOD 30k \u012ftraukim\u0173 Geek Bar pigi kaina \u012fkraunamas garintuvas"},"content":{"rendered":"<h1>BOOD INFINITY 30k Puffs Geek Bar Pigios kainos pakraunamas garintuvas<\/h1>\n<p>&nbsp;<\/p>\n<div role=\"article\" data-tabster=\"{&quot;groupper&quot;:{&quot;tabbability&quot;:2},&quot;focusable&quot;:{}}\" data-content=\"ai-message\" aria-labelledby=\"64JRvXrTnY7mRmPkEQLLT-author 64JRvXrTnY7mRmPkEQLLT-content\">\n<div id=\"64JRvXrTnY7mRmPkEQLLT-content\">\n<p data-start=\"300\" data-end=\"543\">\u0160is <strong data-start=\"304\" data-end=\"358\">BOOD INFINITY 30000 \u012ftraukim\u0173 \u201eGeek Bar\u201c vienkartinis garintuvas<\/strong> apjungia talp\u0105, stili\u0173 ir na\u0161um\u0105 viename galingame \u012frenginyje. Iki <strong data-start=\"436\" data-end=\"452\">30 000 \u012ftraukim\u0173<\/strong> ir <strong data-start=\"459\" data-end=\"490\">650mAh \u012fkraunama baterija<\/strong>\u012ftraukim\u0173, jis u\u017etikrina ilgalaik\u012f naudojim\u0105 ir suma\u017eina atliek\u0173 kiek\u012f.<\/p>\n<p data-start=\"545\" data-end=\"844\">\u012erengtas <strong data-start=\"562\" data-end=\"600\">E-skystis<\/strong>vartotojai gali realiu laiku patikrinti akumuliatoriaus ir e-skys\u010dio lygius, kad patirtis b\u016bt\u0173 be r\u016bpes\u010di\u0173. \u201eThe <strong data-start=\"693\" data-end=\"718\">dviguba tinklelio rit\u0117s sistema<\/strong> pagerina gar\u0173 tank\u012f ir skon\u012f, o <strong data-start=\"776\" data-end=\"798\">reguliuojamas oro srautas<\/strong> leid\u017eia kiekvienam vartotojui individualizuoti savo \u012ftraukim\u0105.<\/p>\n<p data-start=\"846\" data-end=\"1065\">Kompakti\u0161kas ir patvarus <strong data-start=\"871\" data-end=\"908\">BOOD INFINITY 30K vienkartinis garintuvas<\/strong> suteikia \u0161velnius debesis ir sodr\u0173 skon\u012f, tod\u0117l tai yra prakti\u0161kas pasirinkimas didmenininkams, ma\u017emenininkams ir individualiems vartotojams, ie\u0161kantiems patikim\u0173 didel\u0117s talpos garintuv\u0173.<\/p>\n<\/div>\n<\/div>\n<p><img fetchpriority=\"high\" decoding=\"async\" class=\"alignleft wp-image-2951 size-medium\" src=\"https:\/\/vapestornado.com\/wp-content\/uploads\/2024\/12\/Wholesale-Disposable-Vape-265x300.jpg\" alt=\"Didmenin\u0117 prekyba vienkartiniais garintuvais\" width=\"265\" height=\"300\" srcset=\"https:\/\/vapestornado.com\/wp-content\/uploads\/2024\/12\/Wholesale-Disposable-Vape-265x300.jpg 265w, https:\/\/vapestornado.com\/wp-content\/uploads\/2024\/12\/Wholesale-Disposable-Vape-768x871.jpg 768w, https:\/\/vapestornado.com\/wp-content\/uploads\/2024\/12\/Wholesale-Disposable-Vape-600x680.jpg 600w, https:\/\/vapestornado.com\/wp-content\/uploads\/2024\/12\/Wholesale-Disposable-Vape.jpg 823w\" sizes=\"(max-width: 265px) 100vw, 265px\" \/><\/p>\n<h6>Pra\u0161ome susisiekti su Mandy per \u201eWhatsApp\u201c d\u0117l nuolaidos kainos<a href=\"https:\/\/wa.me\/8618077105796\" target=\"_blank\" rel=\"noopener\">+8618077105796<\/a><\/h6>\n<div class=\"flex max-w-full flex-col flex-grow\">\n<div class=\"min-h-8 text-message flex w-full flex-col items-end gap-2 whitespace-normal break-words text-start [.text-message+&amp;]:mt-5\" dir=\"auto\" data-message-author-role=\"assistant\" data-message-id=\"cdb991c0-f594-4bff-b2d5-fbbdd7ce9e54\" data-message-model-slug=\"gpt-4o-mini\">\n<div class=\"flex w-full flex-col gap-1 empty:hidden first:pt-[3px]\">\n<div class=\"markdown prose w-full break-words dark:prose-invert light\"><\/div>\n<\/div>\n<\/div>\n<\/div>\n<div class=\"mb-2 flex gap-3 empty:hidden -ml-2\">\n<h2><strong>Kar\u0161to BOOD INFINITY 30K PUFF Garintuv\u0173 specifikacijos<\/strong><\/h2>\n<ul>\n<li><strong>Did\u017eiul\u0117 30K \u012fkv\u0117pim\u0173 talpa<\/strong>: Sukurtas ilgoms garinimo sesijoms, si\u016blantis iki 30 000 \u012fkv\u0117pim\u0173 tikrai ilgalaikei patir\u010diai.<\/li>\n<li><strong>E-skystis<\/strong>: Turi integruot\u0105 ekran\u0105, skirt\u0105 sekti e-skys\u010dio lygius ir baterijos gyvavimo laik\u0105, u\u017etikrinant skland\u0173 naudojim\u0105 be pertr\u016bki\u0173.<\/li>\n<li><strong>Pa\u017eangi dvigubo tinklelio rit\u0117s technologija<\/strong>: Suteikia sustiprint\u0105 skonio intensyvum\u0105, skland\u0173 gar\u0173 gamyb\u0105 ir malon\u0173 gerkl\u0117s sm\u016bg\u012f su kiekvienu \u012fkv\u0117pimu.<\/li>\n<li><strong>Pakraunamas dizainas su USB suderinamumu<\/strong>: Sukurtas su aplinkai nekenksminga pakraunama sistema, pa\u0161alinant poreik\u012f da\u017enai keisti.<\/li>\n<li><strong>Didel\u0117s talpos 650mAh baterija<\/strong>: Si\u016blo patikim\u0105 ir nuosekli\u0105 gali\u0105, kartu su greitu \u012fkrovimu maksimaliam patogumui.<\/li>\n<\/ul>\n<\/div>\n<h2>Perkamos urmu vape bood 30k Puffs skoni\u0173 s\u0105ra\u0161as:<\/h2>\n<p>1 BRA\u0160K\u0116S ARB\u016aZAS<br \/>\n2 PERSIK\u0172 MANG\u0172 ANANASAS<br \/>\n3 SODRUS LEDAS<br \/>\n4 UOG\u0172 SPROGIMAS<br \/>\n5 \u017dEMUOG\u0116S KIVIS<br \/>\n6 HAVAIJAI<br \/>\n7 M\u0116LYN\u0172J\u0172 RASPBERRY LEDAS<br \/>\n8 M\u0116LYNI\u0172 LIMONADAS<br \/>\n9 JUODAS LEDAS<br \/>\n10 TIFFANY<\/p>\n<div role=\"article\" data-tabster=\"{&quot;groupper&quot;:{&quot;tabbability&quot;:2},&quot;focusable&quot;:{}}\" data-content=\"ai-message\" aria-labelledby=\"dARUyEWDoEYhnSPXFwx5A-author dARUyEWDoEYhnSPXFwx5A-content\">\n<div id=\"dARUyEWDoEYhnSPXFwx5A-content\">\n<h3>Kod\u0117l verta rinktis BOOD INFINITY 30K Puffs i\u0161 vapestornado.com?<\/h3>\n<p>BOOD INFINITY 30K Puffs yra tikras \u017eaidimo keit\u0117jas garinimo pasaulyje, o vapestornado.com yra j\u016bs\u0173 vieta, kur galite pasinaudoti visu jo potencialu. \u0160tai kod\u0117l:<\/p>\n<ol>\n<li><strong>Didel\u0117 p\u016btimo talpa:<\/strong> Su ne\u012ftik\u0117tinu <strong>30 000 \u012fkv\u0117pim\u0173 gyvenimo ciklu<\/strong>, BOOD INFINITY yra sukurtas ilgam naudojimui, suma\u017einant poreik\u012f da\u017enai keisti ir si\u016blant i\u0161skirtin\u0119 vert\u0119.<\/li>\n<li><strong>Pa\u017eangi technologija:<\/strong> Su <strong>Dviguba tinklelio rit\u0117<\/strong>, \u0161is prietaisas u\u017etikrina tank\u0173 gar\u0173 susidarym\u0105 ir sodrius, nuoseklius skonius, pagerindamas kiekvien\u0105 \u012fkv\u0117pim\u0105, kad garinimo patirtis b\u016bt\u0173 auk\u0161\u010diausios kokyb\u0117s.<\/li>\n<li><strong>I\u0161manusis steb\u0117jimas:<\/strong> \u0160is <strong>E-skys\u010dio<\/strong> pateikia realaus laiko atnaujinimus apie e-skys\u010dio lygius ir baterijos b\u016bkl\u0119, u\u017etikrinant, kad visada kontroliuotum\u0117te savo garinimo proces\u0105.<\/li>\n<li><strong>Pritaikoma patirtis:<\/strong> Su <strong>reguliuojama oro srauto sistema<\/strong>, galite pritaikyti savo garinimo stili\u0173 pagal savo pageidavimus, ar jums labiau patinka grie\u017etesnis \u012ftraukimas ar labiau atviras oro srautas.<\/li>\n<li><strong>Ekologi\u0161kas dizainas:<\/strong> \u012erengtas su <strong>\u012fkraunama 650 mAh baterija<\/strong>, BOOD INFINITY palaiko tvarias garinimo praktikas, suma\u017eindamas atliek\u0173 kiek\u012f.<\/li>\n<li><strong>Konkurencinga kaina:<\/strong> svetain\u0117je vapestornado.com mes si\u016blome \u0161\u012f auk\u0161tos kokyb\u0117s \u012frengin\u012f u\u017e <strong>gera kaina<\/strong>, u\u017etikrindami, kad gausite auk\u0161\u010diausios kokyb\u0117s produkt\u0105, neapkraunant biud\u017eeto.<\/li>\n<li><strong>Greitas ir patikimas pristatymas:<\/strong> Visi u\u017esakymai i\u0161siun\u010diami greitai ir saugiai, su pristatymo galimyb\u0117mis, atitinkan\u010diomis j\u016bs\u0173 poreikius.<\/li>\n<\/ol>\n<p>vapestornado.com yra \u012fsipareigojusi teikti auk\u0161\u010diausios kokyb\u0117s garinimo produktus ir i\u0161skirtin\u012f klient\u0173 aptarnavim\u0105. Apsipirkite \u0161iandien ir su\u017einokite, kod\u0117l BOOD INFINITY 30K Puffs yra puikus pasirinkimas ilgalaikei, funkcijomis gausiai ir prieinamai garinimo patir\u010diai!<\/p>\n<\/div>\n<\/div>\n<h3>Da\u017eniausiai u\u017eduodami klausimai apie BOOD INFINITY 30k Puffs<\/h3>\n<p><strong>1. Kiek laiko veikia BOOD INFINITY 30K Puffs?<\/strong><br \/>\nBOOD INFINITY yra sukurtas taip, kad u\u017etikrint\u0173 iki 30 000 \u012fkv\u0117pim\u0173, tod\u0117l jis yra puikus pasirinkimas ilgalaikiam naudojimui be da\u017eno keitimo. Tikrasis naudojimo laikas gali skirtis priklausomai nuo individuali\u0173 garinimo \u012fpro\u010di\u0173.<\/p>\n<p><strong>2. Ar \u201ebood vapes 30000 puffs\u201c reikia \u012fkrauti?<\/strong><br \/>\nTaip, BOOD INFINITY turi \u012fkraunam\u0105 <strong>650mAh baterij\u0105<\/strong> kad u\u017etikrint\u0173 pastov\u0173 veikim\u0105. Tiesiog naudokite suderinam\u0105 \u012fkrovimo laid\u0105, kad prireikus \u012fkrautum\u0117te prietais\u0105.<\/p>\n<p><strong>3. Kuo BOOD INFINITY 30k Puffs yra unikalus, palyginti su kitais vienkartiniais garintuvais?<\/strong><br \/>\n\u0160is garintuvas i\u0161siskiria <strong>E-skys\u010dio<\/strong>, kuri leid\u017eia vartotojams lengvai steb\u0117ti e-skys\u010dio lygius ir baterijos veikimo laik\u0105. Be to, jo <strong>dvigubo tinklinio ritinio technologija<\/strong> u\u017etikrina lygesnius garus ir sodresnius skonius su kiekvienu \u012fkv\u0117pimu.<\/p>\n<p>4.<strong>Kiek laiko u\u017etrunka gauti u\u017esakym\u0105 ir i\u0161 kur jis siun\u010diamas?<\/strong><br \/>\nBOOD INFINITY gamyba reikalauja <strong>3\u20135 darbo dienas<\/strong>, o po i\u0161siuntimo, tai u\u017etrunka <strong>10\u201315 darbo dien\u0173<\/strong> kol paketas atvyksta. Visi produktai siun\u010diami tiesiogiai i\u0161 <strong>Kinijos<\/strong>.<\/p>\n<p>kiti garintuvai, kurie jums gali patikti:<a href=\"https:\/\/vapestornado.com\/lt\/product-category\/bood-disposable-vapes\/\">BOOD VIENKARTINIS GARINTUVAS<\/a>\u00a0 \u00a0<a href=\"https:\/\/vapestornado.com\/lt\/product-category\/30000-puff\/\">30000 \u012ftraukim\u0173 kar\u0161tai parduodamas garintuvas\u00a0<\/a><\/p>","protected":false},"excerpt":{"rendered":"<p>BOOD 30k Puffs Geek Bar Vape: pakraunamas, prieinamos kainos garintuvas su 30 000 \u012fkv\u0117pim\u0173. \u012esigykite dabar auk\u0161\u010diausios kokyb\u0117s u\u017e geriausi\u0105 kain\u0105!<\/p>\n<figure id=\"attachment_2951\" aria-describedby=\"caption-attachment-2951\" style=\"width: 265px\" class=\"wp-caption alignnone\"><img decoding=\"async\" class=\"size-medium wp-image-2951\" src=\"https:\/\/vapestornado.com\/wp-content\/uploads\/2024\/12\/Wholesale-Disposable-Vape-265x300.jpg\" alt=\"Didmenin\u0117 prekyba vienkartiniais garintuvais\" width=\"265\" height=\"300\" srcset=\"https:\/\/vapestornado.com\/wp-content\/uploads\/2024\/12\/Wholesale-Disposable-Vape-265x300.jpg 265w, https:\/\/vapestornado.com\/wp-content\/uploads\/2024\/12\/Wholesale-Disposable-Vape-768x871.jpg 768w, https:\/\/vapestornado.com\/wp-content\/uploads\/2024\/12\/Wholesale-Disposable-Vape-600x680.jpg 600w, https:\/\/vapestornado.com\/wp-content\/uploads\/2024\/12\/Wholesale-Disposable-Vape.jpg 823w\" sizes=\"(max-width: 265px) 100vw, 265px\" \/><figcaption id=\"caption-attachment-2951\" class=\"wp-caption-text\">Pra\u0161ome susisiekti su Mandy per \u201eWhatsApp\u201c d\u0117l nuolaidos kainos\u00a0 <a href=\"https:\/\/wa.me\/8618077105796\">+8618077105796<\/a><\/figcaption><\/figure>\n<p>&nbsp;<\/p>","protected":false},"featured_media":3495,"comment_status":"open","ping_status":"closed","template":"","meta":{"_acf_changed":false,"_uag_custom_page_level_css":"","_lmt_disableupdate":"no","_lmt_disable":"","_monsterinsights_skip_tracking":false,"_monsterinsights_sitenote_active":false,"_monsterinsights_sitenote_note":"","_monsterinsights_sitenote_category":0,"site-sidebar-layout":"default","site-content-layout":"","ast-site-content-layout":"default","site-content-style":"default","site-sidebar-style":"default","ast-global-header-display":"","ast-banner-title-visibility":"","ast-main-header-display":"","ast-hfb-above-header-display":"","ast-hfb-below-header-display":"","ast-hfb-mobile-header-display":"","site-post-title":"","ast-breadcrumbs-content":"","ast-featured-img":"","footer-sml-layout":"","ast-disable-related-posts":"","theme-transparent-header-meta":"default","adv-header-id-meta":"","stick-header-meta":"","header-above-stick-meta":"","header-main-stick-meta":"","header-below-stick-meta":"","astra-migrate-meta-layouts":"set","ast-page-background-enabled":"default","ast-page-background-meta":{"desktop":{"background-color":"","background-image":"","background-repeat":"repeat","background-position":"center center","background-size":"auto","background-attachment":"scroll","background-type":"","background-media":"","overlay-type":"","overlay-color":"","overlay-opacity":"","overlay-gradient":""},"tablet":{"background-color":"","background-image":"","background-repeat":"repeat","background-position":"center center","background-size":"auto","background-attachment":"scroll","background-type":"","background-media":"","overlay-type":"","overlay-color":"","overlay-opacity":"","overlay-gradient":""},"mobile":{"background-color":"","background-image":"","background-repeat":"repeat","background-position":"center center","background-size":"auto","background-attachment":"scroll","background-type":"","background-media":"","overlay-type":"","overlay-color":"","overlay-opacity":"","overlay-gradient":""}},"ast-content-background-meta":{"desktop":{"background-color":"var(--ast-global-color-5)","background-image":"","background-repeat":"repeat","background-position":"center center","background-size":"auto","background-attachment":"scroll","background-type":"","background-media":"","overlay-type":"","overlay-color":"","overlay-opacity":"","overlay-gradient":""},"tablet":{"background-color":"var(--ast-global-color-5)","background-image":"","background-repeat":"repeat","background-position":"center center","background-size":"auto","background-attachment":"scroll","background-type":"","background-media":"","overlay-type":"","overlay-color":"","overlay-opacity":"","overlay-gradient":""},"mobile":{"background-color":"var(--ast-global-color-5)","background-image":"","background-repeat":"repeat","background-position":"center center","background-size":"auto","background-attachment":"scroll","background-type":"","background-media":"","overlay-type":"","overlay-color":"","overlay-opacity":"","overlay-gradient":""}},"_joinchat":{"telephone":"+8618077105796"}},"product_brand":[],"product_cat":[67,64,140,193,149,150,151,152,153,154,155,156,157,158,58],"product_tag":[209,97],"class_list":{"0":"post-3386","1":"product","2":"type-product","3":"status-publish","4":"has-post-thumbnail","6":"product_cat-30000-puff","7":"product_cat-bangbox-vape","8":"product_cat-big-puffs-disposable-vapes","9":"product_cat-bood-disposable-vapes","10":"product_cat-buy-disposable-vapes-in-austria","11":"product_cat-buy-disposable-vapes-in-belgium","12":"product_cat-buy-disposable-vapes-in-france","13":"product_cat-buy-disposable-vapes-in-cermany","14":"product_cat-buy-disposable-vapes-in-italy","15":"product_cat-buy-disposable-vapes-in-netherlands","16":"product_cat-buy-disposable-vapes-in-norway","17":"product_cat-buy-disposable-vapes-in-poland","18":"product_cat-buy-disposable-vapes-in-portugal","19":"product_cat-buy-disposable-vapes-in-spain","20":"product_cat-fumot-vape","21":"product_tag-bood-infinity-30k-puffs","22":"product_tag-hot-sale-disposable-vape","23":"desktop-align-left","24":"tablet-align-left","25":"mobile-align-left","27":"first","28":"instock","29":"sale","30":"shipping-taxable","31":"purchasable","32":"product-type-simple"},"acf":[],"uagb_featured_image_src":{"full":["https:\/\/vapestornado.com\/wp-content\/uploads\/2024\/12\/bood-infinity-30k-blue-razz-ice-cheap-price.jpg",800,800,false],"thumbnail":["https:\/\/vapestornado.com\/wp-content\/uploads\/2024\/12\/bood-infinity-30k-blue-razz-ice-cheap-price-150x150.jpg",150,150,true],"medium":["https:\/\/vapestornado.com\/wp-content\/uploads\/2024\/12\/bood-infinity-30k-blue-razz-ice-cheap-price-300x300.jpg",300,300,true],"medium_large":["https:\/\/vapestornado.com\/wp-content\/uploads\/2024\/12\/bood-infinity-30k-blue-razz-ice-cheap-price-768x768.jpg",768,768,true],"large":["https:\/\/vapestornado.com\/wp-content\/uploads\/2024\/12\/bood-infinity-30k-blue-razz-ice-cheap-price.jpg",800,800,false],"1536x1536":["https:\/\/vapestornado.com\/wp-content\/uploads\/2024\/12\/bood-infinity-30k-blue-razz-ice-cheap-price.jpg",800,800,false],"2048x2048":["https:\/\/vapestornado.com\/wp-content\/uploads\/2024\/12\/bood-infinity-30k-blue-razz-ice-cheap-price.jpg",800,800,false],"trp-custom-language-flag":["https:\/\/vapestornado.com\/wp-content\/uploads\/2024\/12\/bood-infinity-30k-blue-razz-ice-cheap-price.jpg",12,12,false],"woocommerce_thumbnail":["https:\/\/vapestornado.com\/wp-content\/uploads\/2024\/12\/bood-infinity-30k-blue-razz-ice-cheap-price-300x300.jpg",300,300,true],"woocommerce_single":["https:\/\/vapestornado.com\/wp-content\/uploads\/2024\/12\/bood-infinity-30k-blue-razz-ice-cheap-price-600x600.jpg",600,600,true],"woocommerce_gallery_thumbnail":["https:\/\/vapestornado.com\/wp-content\/uploads\/2024\/12\/bood-infinity-30k-blue-razz-ice-cheap-price-100x100.jpg",100,100,true]},"uagb_author_info":{"display_name":"ESMANDY","author_link":"https:\/\/vapestornado.com\/lt\/author\/"},"uagb_comment_info":0,"uagb_excerpt":"BOOD 30k Puffs Geek Bar Vape: Rechargeable, affordable vape with 30,000 puffs. Shop now for premium quality at the best price! [caption id=\"attachment_2951\" align=\"alignnone\" width=\"265\"] Pls Contact Mandy's WhatsApp For Discount Price\u00a0 +8618077105796[\/caption] &nbsp;","_links":{"self":[{"href":"https:\/\/vapestornado.com\/lt\/wp-json\/wp\/v2\/product\/3386","targetHints":{"allow":["GET"]}}],"collection":[{"href":"https:\/\/vapestornado.com\/lt\/wp-json\/wp\/v2\/product"}],"about":[{"href":"https:\/\/vapestornado.com\/lt\/wp-json\/wp\/v2\/types\/product"}],"replies":[{"embeddable":true,"href":"https:\/\/vapestornado.com\/lt\/wp-json\/wp\/v2\/comments?post=3386"}],"wp:featuredmedia":[{"embeddable":true,"href":"https:\/\/vapestornado.com\/lt\/wp-json\/wp\/v2\/media\/3495"}],"wp:attachment":[{"href":"https:\/\/vapestornado.com\/lt\/wp-json\/wp\/v2\/media?parent=3386"}],"wp:term":[{"taxonomy":"product_brand","embeddable":true,"href":"https:\/\/vapestornado.com\/lt\/wp-json\/wp\/v2\/product_brand?post=3386"},{"taxonomy":"product_cat","embeddable":true,"href":"https:\/\/vapestornado.com\/lt\/wp-json\/wp\/v2\/product_cat?post=3386"},{"taxonomy":"product_tag","embeddable":true,"href":"https:\/\/vapestornado.com\/lt\/wp-json\/wp\/v2\/product_tag?post=3386"}],"curies":[{"name":"wp","href":"https:\/\/api.w.org\/{rel}","templated":true}]}}