{"id":3385,"date":"2024-12-26T03:09:17","date_gmt":"2024-12-26T03:09:17","guid":{"rendered":"https:\/\/vapestornado.com\/?post_type=product&#038;p=3385"},"modified":"2025-08-23T11:12:32","modified_gmt":"2025-08-23T11:12:32","slug":"wga-crystal-plus-20000-puff-vape-2-in-1-rechargeable-disposable-vape-wholesale-bulk-buy","status":"publish","type":"product","link":"https:\/\/vapestornado.com\/lt\/product\/wga-crystal-plus-20000-puff-vape-2-in-1-rechargeable-disposable-vape-wholesale-bulk-buy\/","title":{"rendered":"WGA Crystal Plus 20000 d\u016b\u017ei\u0173 garintuvas 2 viename \u012fkraunamas vienkartinis garintuvas didmenin\u0117 prekyba"},"content":{"rendered":"<h1 class=\"product-title\">WGA Crystal Plus 20000 d\u016b\u017ei\u0173 garintuvas 2 viename \u012fkraunamas vienkartinis garintuvas didmenin\u0117 prekyba<\/h1>\n<p data-start=\"239\" data-end=\"582\">\u0160is <strong data-start=\"243\" data-end=\"275\">\u201eWGA Crystal Plus 20000\u201c \u012ftraukim\u0173<\/strong> yra prakti\u0161kas 2 viename variantas <strong data-start=\"309\" data-end=\"360\">ES ma\u017emenininkams, platintojams ir B2B didmeniniams pirk\u0117jams<\/strong> kurie nori \u012fvairov\u0117s nelaikydami papildom\u0173 SKU. Kiekvienas \u012frenginys suteikia iki <strong data-start=\"433\" data-end=\"449\">20 000 \u012fkv\u0117pim\u0173<\/strong> ir leid\u017eia klientams <strong data-start=\"469\" data-end=\"511\">akimirksniu perjungti du i\u0161 anksto u\u017epildytus skonius<\/strong> \u2014idealiai tinka parduotuv\u0117ms, kuriose viename produkte patiekiami \u012fvair\u016bs skoniai.<\/p>\n<p data-start=\"584\" data-end=\"988\">A <strong data-start=\"586\" data-end=\"616\">\u012fkraunamas Type-C dizainas<\/strong> padeda u\u017etikrinti, kad kapsul\u0117 b\u016bt\u0173 visi\u0161kai i\u0161naudota, suma\u017einant e. skys\u010dio atliekas ir gr\u0105\u017einimus. Kri\u0161tolo korpusas yra kompakti\u0161kas, skirtas prekystali\u0173 ekranams ir ne\u0161iojimui ki\u0161en\u0117je, o \u0161varus skonio i\u0161gavimas palaiko pasikartojan\u010dius pardavimus patogumo ir vape specializuotuose kanaluose. <strong data-start=\"850\" data-end=\"881\">Keli nikotino stiprumai<\/strong> (prieinamumas priklauso nuo rinkos) daro linij\u0105 tinkam\u0105 tiek lengviems vartotojams, tiek nuolatiniams vartotojams visoje Europoje.<\/p>\n<p data-start=\"990\" data-end=\"1021\"><strong data-start=\"990\" data-end=\"1021\">Kod\u0117l tai tinka didmeninei prekybai:<\/strong><\/p>\n<ul data-start=\"1022\" data-end=\"1325\">\n<li data-start=\"1022\" data-end=\"1079\">\n<p data-start=\"1024\" data-end=\"1079\"><strong data-start=\"1024\" data-end=\"1037\">20 t\u016bkst. \u012fkv\u0117pim\u0173<\/strong> vienam \u012frenginiui ilgesniems pardavimo ciklams<\/p>\n<\/li>\n<li data-start=\"1080\" data-end=\"1157\">\n<p data-start=\"1082\" data-end=\"1157\"><strong data-start=\"1082\" data-end=\"1105\">2 viename dviej\u0173 skoni\u0173<\/strong> perjungimas = platesnis patrauklumas, ma\u017eiau variant\u0173 sand\u0117lyje<\/p>\n<\/li>\n<li data-start=\"1158\" data-end=\"1238\">\n<p data-start=\"1160\" data-end=\"1238\"><strong data-start=\"1160\" data-end=\"1187\">\u012ekraunamas per Type-C<\/strong> geresniam panaudojimui ir klient\u0173 pasitenkinimui<\/p>\n<\/li>\n<li data-start=\"1239\" data-end=\"1325\">\n<p data-start=\"1241\" data-end=\"1325\"><strong data-start=\"1241\" data-end=\"1284\">Dideliems kiekiams pritaikyta pakuot\u0117<\/strong>, skirta ES ma\u017emenininkams ir platintojams<\/p>\n<\/li>\n<\/ul>\n<p><span style=\"color: #ff0000;\"><strong>Prid\u0117kite Amy's Whatsapp, gaukite teising\u0105 atsakym\u0105 ir kupon\u0105 garintuvui!<\/strong><\/span><\/p>\n<p><img fetchpriority=\"high\" decoding=\"async\" class=\"size-full wp-image-2932\" src=\"https:\/\/vapestornado.com\/wp-content\/uploads\/2024\/12\/Vape-Wholesale.jpg\" alt=\"Garintuvai Didmenin\u0117 prekyba\" width=\"229\" height=\"300\" \/><\/p>\n<h3><a href=\"https:\/\/wa.me\/8617776015835\" target=\"_blank\" rel=\"noopener\"><span style=\"color: #ff0000;\"><strong>WhatsApp: +86 17776015835<\/strong><\/span><\/a><\/h3>\n<p>&nbsp;<\/p>\n<h2 class=\"product-title\">WGA Crystal Plus 20000 vienkartin\u0117 elektronin\u0117 cigaret\u0117<strong> Produkto savyb\u0117s<\/strong><\/h2>\n<div role=\"article\" data-tabster=\"{&quot;groupper&quot;:{&quot;tabbability&quot;:2},&quot;focusable&quot;:{}}\" data-content=\"ai-message\" aria-labelledby=\"juhNTJ6o7Gk1cgwZMJgv2-author juhNTJ6o7Gk1cgwZMJgv2-content\">\n<div id=\"juhNTJ6o7Gk1cgwZMJgv2-content\">\n<div role=\"article\" data-tabster=\"{&quot;groupper&quot;:{&quot;tabbability&quot;:2},&quot;focusable&quot;:{}}\" data-content=\"ai-message\" aria-labelledby=\"x4EZuCZWrTbh3weWUt7CU-author x4EZuCZWrTbh3weWUt7CU-content\">\n<div id=\"x4EZuCZWrTbh3weWUt7CU-content\">\n<div class=\"flex max-w-full flex-col flex-grow\">\n<div class=\"min-h-8 text-message flex w-full flex-col items-end gap-2 whitespace-normal break-words text-start [.text-message+&amp;]:mt-5\" dir=\"auto\" data-message-author-role=\"assistant\" data-message-id=\"52c6e00a-252f-4104-805d-2f1a84739c71\" data-message-model-slug=\"gpt-4o\">\n<div class=\"flex w-full flex-col gap-1 empty:hidden first:pt-[3px]\">\n<div class=\"markdown prose w-full break-words dark:prose-invert light\">\n<h4><\/h4>\n<h4><strong>Neprilygstama \u012ftraukim\u0173 talpa<\/strong><\/h4>\n<p>Su <strong>20 000 \u012fkv\u0117pim\u0173<\/strong>, Crystal Plus u\u017etikrina ilgalaik\u012f naudojim\u0105, tod\u0117l tai yra patikimas kompanionas ilgoms elektronini\u0173 cigare\u010di\u0173 sesijoms.<\/p>\n<h4><strong>Ai\u0161kus LCD ekranas<\/strong><\/h4>\n<p>\u012erenginyje yra <strong>kri\u0161tolo skaidrumo LCD ekranas<\/strong> kuris nuolat informuoja apie akumuliatoriaus b\u016bkl\u0119 ir e. skys\u010dio lyg\u012f, pa\u0161alindamas sp\u0117liones.<\/p>\n<h4><strong>\u012ekraunama 650 mAh baterija<\/strong><\/h4>\n<p>Maitinamas <strong>650mAh \u012fkraunama baterija<\/strong>, \u0161is garintuvas sukurtas ilgaam\u017ei\u0161kumui ir patogumui. The <strong>USB Type-C \u012fkrovimo prievadas<\/strong> u\u017etikrina greit\u0105 ir efektyv\u0173 \u012fkrovim\u0105, tod\u0117l galite daugiau laiko praleisti garindami ir ma\u017eiau laukti.<\/p>\n<h4><strong>Dviguba tinklelio rit\u0117s technologija<\/strong><\/h4>\n<p>\u012erengtas pa\u017eangus <strong>dvigubomis tinklelio spiral\u0117mis<\/strong>, Crystal Plus u\u017etikrina skland\u017eius, pastovius garus ir sodr\u0173 skon\u012f kiekvienu \u012fkv\u0117pimu. \u0160i technologija pagerina e. skys\u010dio efektyvum\u0105 ir u\u017etikrina patenkinam\u0105 garinimo patirt\u012f i\u0161 burnos \u012f plau\u010dius (MTL).<\/p>\n<h4><strong>18 i\u0161skirtini\u0173 skoni\u0173<\/strong><\/h4>\n<p>Rinkit\u0117s i\u0161 \u012fvairi\u0173 <strong>18 kruop\u0161\u010diai sukurt\u0173 skoni\u0173<\/strong>, kuri\u0173 kiekvienas sukurtas, kad prad\u017eiugint\u0173 j\u016bs\u0173 skonio receptorius. Nuo vaisi\u0173 iki m\u0117t\u0173 ir dar daugiau \u2013 kiekvienas ras ka\u017ek\u0105 sau.<\/p>\n<h4><strong>Supakuota patogumui<\/strong><\/h4>\n<p>Galima \u012fsigyti <strong>10 vienet\u0173 didmenin\u0117 pakuot\u0117<\/strong>, WGA Crystal Plus yra puikus pasirinkimas didmenininkams, ma\u017emenininkams ar visiems, norintiems apsir\u016bpinti didelio na\u0161umo vienkartiniais garintuvais.<\/p>\n<\/div>\n<\/div>\n<\/div>\n<\/div>\n<div class=\"mb-2 flex gap-3 empty:hidden -ml-2\">\n<p>&nbsp;<\/p>\n<\/div>\n<\/div>\n<\/div>\n<\/div>\n<\/div>\n<h2 class=\"product-title\"><strong>Populiarus WGA Crystal Plus 20000 \u012fp\u016btim\u0173 vienkartini\u0173 garintuv\u0173 skonis<\/strong><\/h2>\n<p>1. M\u0116LYNA AVIET\u0116 SU VY\u0160NIOMIS \/ GAZIRUOTA VY\u0160NIA<br \/>\n2. M\u0116LYN\u0172J\u0172 AVIE\u010cI\u0172 GUMINUKAI \/ M\u0116LYNOSIOS AV\u0116S\u00a0 <span style=\"color: #ff0000;\"><strong>&gt;&gt;&gt;&gt; Kar\u0161ta !<\/strong><\/span><br \/>\n3. M\u0116LYN\u0172J\u0172 AVIE\u010cI\u0172 LIMONADAS \/ COLA SU CITRINA<br \/>\n4. \u0160VIE\u017dIA M\u0116TA \/ DVIGUBAS MENTOLIS<br \/>\n5. GUMINUKAS \/ SKITTLES <span style=\"color: #ff0000;\"><strong>&gt;&gt;&gt;&gt; Geriausias pasirinkimas!<\/strong><\/span><br \/>\n6. HEISENBERGAS \/ RO\u017dINIS \u017dMOGUS<br \/>\n7. CITRINA<br \/>\n8. ANANAS\u0172 LEDAS \/ ANANAS\u0172, PERSIK\u0172 IR MANG\u0172<br \/>\n9. ANANAS\u0172 CITRINA \/ VYNUOGI\u0172 LEDAS<br \/>\n10. VASAROS SVAJON\u0116 \/ VY\u0160NI\u0172 COLA SU LEDU<br \/>\n11. BRA\u0160KI\u0172 LEDAI \/ BRA\u0160KI\u0172 BANANAI<br \/>\n12. BRA\u0160KI\u0172 AVIE\u010cI\u0172 LEDAS \/ M\u0116LYNI\u0172 VY\u0160NI\u0172 SPANGUOLI\u0172 <span style=\"color: #ff0000;\"><strong>&gt;&gt;&gt;&gt; Kar\u0161ta !<\/strong><\/span><br \/>\n13. TRIGUBAS MANGAS \/ KIVI\u0172 PASIFRUIST\u0172 GUAVA<br \/>\n14. ARB\u016aZ\u0172 LEDAS \/ DVIGUBAS OBUOLYS<br \/>\n15. ARB\u016aZ\u0172 HUBBA BUBBA \/ M\u0116LYNI\u0172 HUBBA BUBBA<br \/>\n16. BANAN\u0172 LEDAS \/ GUAVOS LEDAS<br \/>\n17. M\u0116LYNI\u0172 LEDAS \/ BRA\u0160KI\u0172 LEDAS <span style=\"color: #ff0000;\"><strong>&gt;&gt;&gt;&gt; Kar\u0161ta !<\/strong><\/span><br \/>\n18. M\u0116LYNI\u0172 LED\u0172 LEDINUKAS \/ BRA\u0160KI\u0172 LED\u0172 LEDINUKAS<br \/>\n19. VY\u0160NI\u0172 LEDAS \/ APELSIN\u0172 LEDAS<br \/>\n20. SULTINGAS PERS\u0130KAS \/ PERS\u0130K\u0172 OBUOLI\u0172 LEDAS <span style=\"color: #ff0000;\"><strong>&gt;&gt;&gt;&gt; Kar\u0161ta !<\/strong><\/span><\/p>\n<div class=\"flex-shrink-0 flex flex-col relative items-end\">\n<div class=\"pt-0\">\n<div class=\"gizmo-bot-avatar flex h-8 w-8 items-center justify-center overflow-hidden rounded-full\">\n<div class=\"relative p-1 rounded-sm flex items-center justify-center bg-token-main-surface-primary text-token-text-primary h-8 w-8\">\n<figure id=\"attachment_3374\" aria-describedby=\"caption-attachment-3374\" style=\"width: 1000px\" class=\"wp-caption alignnone\"><img decoding=\"async\" class=\"wp-image-3374 size-full\" src=\"https:\/\/vapestornado.com\/wp-content\/uploads\/2024\/12\/WGA-Crystal-20K-Puffs-Disposable-Vape-Bulk-Buy.jpg\" alt=\"Didmenin\u0117 prekyba vienkartiniais elektroniniais cigare\u010di\u0173 \u012frenginiais \u201eWGA Crystal\u201c 20 000 \u012ftraukim\u0173\" width=\"1000\" height=\"520\" srcset=\"https:\/\/vapestornado.com\/wp-content\/uploads\/2024\/12\/WGA-Crystal-20K-Puffs-Disposable-Vape-Bulk-Buy.jpg 1000w, https:\/\/vapestornado.com\/wp-content\/uploads\/2024\/12\/WGA-Crystal-20K-Puffs-Disposable-Vape-Bulk-Buy-300x156.jpg 300w, https:\/\/vapestornado.com\/wp-content\/uploads\/2024\/12\/WGA-Crystal-20K-Puffs-Disposable-Vape-Bulk-Buy-768x399.jpg 768w, https:\/\/vapestornado.com\/wp-content\/uploads\/2024\/12\/WGA-Crystal-20K-Puffs-Disposable-Vape-Bulk-Buy-600x312.jpg 600w\" sizes=\"(max-width: 1000px) 100vw, 1000px\" \/><figcaption id=\"caption-attachment-3374\" class=\"wp-caption-text\">Didmenin\u0117 prekyba vienkartiniais elektroniniais cigare\u010di\u0173 \u012frenginiais \u201eWGA Crystal\u201c 20 000 \u012ftraukim\u0173<\/figcaption><\/figure>\n<h2>DUK apie vienkartin\u012f elektronin\u012f cigare\u010di\u0173 \u012frengin\u012f \u201eWGA Crystal Plus 20000\u201c<\/h2>\n<div class=\"flex max-w-full flex-col flex-grow\">\n<div class=\"min-h-8 text-message flex w-full flex-col items-end gap-2 whitespace-normal break-words text-start [.text-message+&amp;]:mt-5\" dir=\"auto\" data-message-author-role=\"assistant\" data-message-id=\"4dc48248-df95-45bd-b800-6dedb43cf7f1\" data-message-model-slug=\"gpt-4o\">\n<div class=\"flex w-full flex-col gap-1 empty:hidden first:pt-[3px]\">\n<div class=\"markdown prose w-full break-words dark:prose-invert light\">\n<h3><\/h3>\n<ol>\n<li><strong>Kuo ypatingas \u201eWGA Crystal Plus 20000\u201c \u012ftraukim\u0173 \u012frenginys?<\/strong><br \/>\n\u0160is <strong>\u201eWGA Crystal Plus 20000\u201c \u012ftraukim\u0173<\/strong> turi <strong>dviej\u0173 skoni\u0173 sistema<\/strong>, leid\u017eianti perjungti du i\u0161 anksto u\u017epildytus skonius viename \u012frenginyje, si\u016blanti neprilygstam\u0105 universalum\u0105 ir patogum\u0105.<\/li>\n<li><strong>Kaip patikrinti \u201eWGA Crystal Plus 20k\u201c akumuliatoriaus ir e. skys\u010dio lygius?<\/strong><br \/>\n\u0160iame \u012frenginyje yra <strong>kri\u0161tolo skaidrumo LCD ekranas<\/strong>, kuriame rodomas tiek akumuliatoriaus \u012fkrovos lygis, tiek e. skys\u010dio lygis, u\u017etikrinantis, kad visada b\u016bsite informuoti apie savo elektronin\u0117s cigaret\u0117s b\u016bkl\u0119.<\/li>\n<li><strong>Kokie skoniai yra galimi WGA Crystal 20000 dviej\u0173 skoni\u0173 vape?<\/strong><br \/>\nYra <strong>18 \u012fdomi\u0173 skoni\u0173 derini\u0173<\/strong>, toki\u0173 kaip <strong>M\u0117lyni\u0173 avie\u010di\u0173 vy\u0161nia<\/strong> ir <strong>Arb\u016bz\u0173 ledas<\/strong>, atitinkan\u010di\u0173 \u012fvairius skonio pageidavimus.<\/li>\n<li><strong>Ar galiu \u012fkrauti WGA Crystal 20k Puff vienkartin\u012f vape?<\/strong><br \/>\nTaip, jis tiekiamas su <strong>\u012fkraunama 650 mAh baterija<\/strong> ir <strong>C tipo \u012fkrovimo prievadas<\/strong>, leid\u017eian\u010dia greitai ir patogiai \u012fkrauti, kad b\u016bt\u0173 galima naudoti ilgiau.<\/li>\n<li><strong>Ar WGA Crystal Plus 20000 tinka garinimui i\u0161 burnos \u012f plau\u010dius (MTL)?<\/strong><br \/>\nBe jokios abejon\u0117s! Jo <strong>dviguba tinklelio rit\u0117s technologija<\/strong> u\u017etikrina skland\u0173 gar\u0173 gamyb\u0105, tod\u0117l jis idealiai tinka MTL garintojams, kurie m\u0117gaujasi kontroliuojamais, aromatingais sm\u016bgiais.<\/li>\n<\/ol>\n<\/div>\n<\/div>\n<\/div>\n<\/div>\n<div class=\"mb-2 flex gap-3 empty:hidden -ml-2\">\n<div class=\"items-center justify-start rounded-xl p-1 flex\"><\/div>\n<\/div>\n<\/div>\n<\/div>\n<\/div>\n<\/div>\n<div class=\"flex-shrink-0 flex flex-col relative items-end\">\n<div class=\"pt-0\">\n<div class=\"gizmo-bot-avatar flex h-8 w-8 items-center justify-center overflow-hidden rounded-full\">\n<div class=\"relative p-1 rounded-sm flex items-center justify-center bg-token-main-surface-primary text-token-text-primary h-8 w-8\">\n<div class=\"mb-2 flex gap-3 empty:hidden -ml-2\">\n<div role=\"article\" data-tabster=\"{&quot;groupper&quot;:{&quot;tabbability&quot;:2},&quot;focusable&quot;:{}}\" data-content=\"ai-message\" aria-labelledby=\"Vdt5ez4X7Tg813x6rFVha-author Vdt5ez4X7Tg813x6rFVha-content\">\n<div id=\"Vdt5ez4X7Tg813x6rFVha-content\">\n<div role=\"article\" data-tabster=\"{&quot;groupper&quot;:{&quot;tabbability&quot;:2},&quot;focusable&quot;:{}}\" data-content=\"ai-message\" aria-labelledby=\"o968oC7CEo2fGHsGdsRYC-author o968oC7CEo2fGHsGdsRYC-content\">\n<div id=\"o968oC7CEo2fGHsGdsRYC-content\">\n<p>&nbsp;<\/p>\n<h2>Kod\u0117l verta rinktis vapestornado WGA Crystal 15000 Puffs Vape didmeninei prekybai?<\/h2>\n<div class=\"flex-shrink-0 flex flex-col relative items-end\">\n<div class=\"pt-0\">\n<div class=\"gizmo-bot-avatar flex h-8 w-8 items-center justify-center overflow-hidden rounded-full\">\n<div class=\"relative p-1 rounded-sm flex items-center justify-center bg-token-main-surface-primary text-token-text-primary h-8 w-8\">\n<p>Sveiki atvyk\u0119 \u012f vapestornado \u2013 j\u016bs\u0173 patikim\u0105 internetin\u0119 auk\u0161\u010diausios kokyb\u0117s vienkartini\u0173 garinimo priemoni\u0173 parduotuv\u0119. Tur\u0117dami daugiau nei 5 met\u0173 patirt\u012f, si\u016blome populiarius vienkartini\u0173 garinimo priemoni\u0173 prek\u0117s \u017eenklus, tokius kaip Fumot RandM Vape, <a href=\"https:\/\/vapestornado.com\/lt\/product-category\/vapme-shisha\/\">Vapme<\/a>, Bang Vape, Waspe Vape, ir WGA Vape ir kt.<\/p>\n<p>M\u016bs\u0173 asortimentas apima populiarias garinimo priemones, tokias kaip <a href=\"https:\/\/vapestornado.com\/lt\/product\/randm-12000-puffs-fumot-digital-disposable-vape-wholesale-price\/\">RandM Tornado 12000<\/a>, ir skoni\u0173 turtingus pasirinkimus, tokius kaip <a href=\"https:\/\/vapestornado.com\/lt\/product\/wga-crystal-pro-max-extra-15000-puffs-rechargeable-disposable-vape-wholesale-bulk-buy\/\">\u00a0WGA Crystal 15k \u012etraukim\u0173<\/a> . Kiekvienas produktas yra atrenkamas, akcentuojant kokyb\u0119, vert\u0119 ir \u012fvairov\u0119, u\u017etikrinant, kad rastum\u0117te tobul\u0105 variant\u0105 savo poreikiams. Atraskite i\u0161skirtin\u012f aptarnavim\u0105 ir plat\u0173 auk\u0161\u010diausios kokyb\u0117s produkt\u0173 asortiment\u0105 didmenin\u0117mis kainomis vapestornado svetain\u0117je.<\/p>\n<\/div>\n<p>&nbsp;<\/p>\n<p><strong>Kiti populiar\u016bs vienkartiniai garintuvai<\/strong><\/p>\n<p><a href=\"https:\/\/vapestornado.com\/lt\/product\/bang-vape-35000-puffs-low-nicotine-bulk-buy-rechargeable-disposable-vapes-box-wholesale-price\/\">Bang Vape 35000 \u012fkv\u0117pim\u0173 <span style=\"color: #ff0000;\"><strong>&gt;&gt;&gt;&gt; Pirmyn!<\/strong><\/span><\/a><\/p>\n<p><a href=\"https:\/\/vapestornado.com\/lt\/product\/vopk-ultra-40000-puffs-2-in-1-digital-screen-rechargeable-disposable-vape\/\">VOPK 40000 Dvigubas skonis<span style=\"color: #ff0000;\"><strong>&gt;&gt;&gt;&gt; Pirmyn!<\/strong><\/span><\/a><\/p>\n<p><a href=\"https:\/\/vapestornado.com\/lt\/product\/bood-twins-46000-puff-double-flavour-low-nicotine-disposable-vape-wholesale-bulk-buy-price\/\">Bood Dvyniai 46000<span style=\"color: #ff0000;\"><strong>&gt;&gt;&gt;&gt; Pirmyn!<\/strong><\/span><\/a><\/p>\n<\/div>\n<\/div>\n<\/div>\n<p>&nbsp;<\/p>\n<\/div>\n<\/div>\n<\/div>\n<\/div>\n<\/div>\n<\/div>\n<\/div>\n<\/div>\n<\/div>","protected":false},"excerpt":{"rendered":"<p><strong data-start=\"1473\" data-end=\"1505\">\u201eWGA Crystal Plus 20000\u201c \u012ftraukim\u0173<\/strong>\u2014a <strong data-start=\"1508\" data-end=\"1552\">2 viename dviej\u0173 skoni\u0173, \u012fkraunamas per Type-C<\/strong> vienkartinis, sukurtas <strong data-start=\"1574\" data-end=\"1606\">didmeninei prekybai ir dideliems u\u017esakymams ES<\/strong>. Didel\u0117 talpa, paprastas skonio keitimas ir ma\u017emenininkams patogi pakuot\u0117 u\u017etikrina stiprius, pasikartojan\u010dius pardavimus.<\/p>\n<p><strong>Prid\u0117kite Amy whatsapp, gaukite tiesiogin\u012f atsakym\u0105 ir kupon\u0105 veipui!<\/strong><\/p>\n<p><img fetchpriority=\"high\" decoding=\"async\" class=\"size-full wp-image-2932\" src=\"https:\/\/vapestornado.com\/wp-content\/uploads\/2024\/12\/Vape-Wholesale.jpg\" alt=\"Garintuvai Didmenin\u0117 prekyba\" width=\"229\" height=\"300\" \/><\/p>\n<h3><a href=\"https:\/\/wa.me\/8617776015835\"><span style=\"color: #ff0000;\"><strong>WhatsApp: +86 17776015835<\/strong><\/span><\/a><\/h3>\n<p>&nbsp;<\/p>","protected":false},"featured_media":3370,"comment_status":"open","ping_status":"closed","template":"","meta":{"_acf_changed":false,"_uag_custom_page_level_css":"","_lmt_disableupdate":"no","_lmt_disable":"","_monsterinsights_skip_tracking":false,"_monsterinsights_sitenote_active":false,"_monsterinsights_sitenote_note":"","_monsterinsights_sitenote_category":0,"site-sidebar-layout":"default","site-content-layout":"","ast-site-content-layout":"default","site-content-style":"default","site-sidebar-style":"default","ast-global-header-display":"","ast-banner-title-visibility":"","ast-main-header-display":"","ast-hfb-above-header-display":"","ast-hfb-below-header-display":"","ast-hfb-mobile-header-display":"","site-post-title":"","ast-breadcrumbs-content":"","ast-featured-img":"","footer-sml-layout":"","ast-disable-related-posts":"","theme-transparent-header-meta":"default","adv-header-id-meta":"","stick-header-meta":"","header-above-stick-meta":"","header-main-stick-meta":"","header-below-stick-meta":"","astra-migrate-meta-layouts":"set","ast-page-background-enabled":"default","ast-page-background-meta":{"desktop":{"background-color":"","background-image":"","background-repeat":"repeat","background-position":"center center","background-size":"auto","background-attachment":"scroll","background-type":"","background-media":"","overlay-type":"","overlay-color":"","overlay-opacity":"","overlay-gradient":""},"tablet":{"background-color":"","background-image":"","background-repeat":"repeat","background-position":"center center","background-size":"auto","background-attachment":"scroll","background-type":"","background-media":"","overlay-type":"","overlay-color":"","overlay-opacity":"","overlay-gradient":""},"mobile":{"background-color":"","background-image":"","background-repeat":"repeat","background-position":"center center","background-size":"auto","background-attachment":"scroll","background-type":"","background-media":"","overlay-type":"","overlay-color":"","overlay-opacity":"","overlay-gradient":""}},"ast-content-background-meta":{"desktop":{"background-color":"var(--ast-global-color-5)","background-image":"","background-repeat":"repeat","background-position":"center center","background-size":"auto","background-attachment":"scroll","background-type":"","background-media":"","overlay-type":"","overlay-color":"","overlay-opacity":"","overlay-gradient":""},"tablet":{"background-color":"var(--ast-global-color-5)","background-image":"","background-repeat":"repeat","background-position":"center center","background-size":"auto","background-attachment":"scroll","background-type":"","background-media":"","overlay-type":"","overlay-color":"","overlay-opacity":"","overlay-gradient":""},"mobile":{"background-color":"var(--ast-global-color-5)","background-image":"","background-repeat":"repeat","background-position":"center center","background-size":"auto","background-attachment":"scroll","background-type":"","background-media":"","overlay-type":"","overlay-color":"","overlay-opacity":"","overlay-gradient":""}},"_joinchat":{"telephone":"+8617776015835"}},"product_brand":[],"product_cat":[69,151,155,142,146,59],"product_tag":[165,105,97,166,94,205,206,204],"class_list":{"0":"post-3385","1":"product","2":"type-product","3":"status-publish","4":"has-post-thumbnail","6":"product_cat-20000-puff","7":"product_cat-buy-disposable-vapes-in-france","8":"product_cat-buy-disposable-vapes-in-norway","9":"product_cat-digital-box-disposable-vapes","10":"product_cat-rechargeable-disposable-vapes","11":"product_cat-wga-crystal-vape","12":"product_tag-cheap-vapes","13":"product_tag-digital-disposable-vape","14":"product_tag-hot-sale-disposable-vape","15":"product_tag-low-nicotine-vape","16":"product_tag-rechargeable-disposable-vape","17":"product_tag-wga-crystal-20k","18":"product_tag-wga-crystal-plus-20000","19":"product_tag-wga-vape","20":"desktop-align-left","21":"tablet-align-left","22":"mobile-align-left","24":"first","25":"instock","26":"sale","27":"shipping-taxable","28":"purchasable","29":"product-type-simple"},"acf":[],"uagb_featured_image_src":{"full":["https:\/\/vapestornado.com\/wp-content\/uploads\/2024\/12\/WGA-Crystal-Plus-20000-Disposable-Vape-Wholesale.jpg",1000,992,false],"thumbnail":["https:\/\/vapestornado.com\/wp-content\/uploads\/2024\/12\/WGA-Crystal-Plus-20000-Disposable-Vape-Wholesale-150x150.jpg",150,150,true],"medium":["https:\/\/vapestornado.com\/wp-content\/uploads\/2024\/12\/WGA-Crystal-Plus-20000-Disposable-Vape-Wholesale-300x298.jpg",300,298,true],"medium_large":["https:\/\/vapestornado.com\/wp-content\/uploads\/2024\/12\/WGA-Crystal-Plus-20000-Disposable-Vape-Wholesale-768x762.jpg",768,762,true],"large":["https:\/\/vapestornado.com\/wp-content\/uploads\/2024\/12\/WGA-Crystal-Plus-20000-Disposable-Vape-Wholesale.jpg",1000,992,false],"1536x1536":["https:\/\/vapestornado.com\/wp-content\/uploads\/2024\/12\/WGA-Crystal-Plus-20000-Disposable-Vape-Wholesale.jpg",1000,992,false],"2048x2048":["https:\/\/vapestornado.com\/wp-content\/uploads\/2024\/12\/WGA-Crystal-Plus-20000-Disposable-Vape-Wholesale.jpg",1000,992,false],"trp-custom-language-flag":["https:\/\/vapestornado.com\/wp-content\/uploads\/2024\/12\/WGA-Crystal-Plus-20000-Disposable-Vape-Wholesale.jpg",12,12,false],"woocommerce_thumbnail":["https:\/\/vapestornado.com\/wp-content\/uploads\/2024\/12\/WGA-Crystal-Plus-20000-Disposable-Vape-Wholesale-300x300.jpg",300,300,true],"woocommerce_single":["https:\/\/vapestornado.com\/wp-content\/uploads\/2024\/12\/WGA-Crystal-Plus-20000-Disposable-Vape-Wholesale-600x595.jpg",600,595,true],"woocommerce_gallery_thumbnail":["https:\/\/vapestornado.com\/wp-content\/uploads\/2024\/12\/WGA-Crystal-Plus-20000-Disposable-Vape-Wholesale-100x100.jpg",100,100,true]},"uagb_author_info":{"display_name":"ESAMY","author_link":"https:\/\/vapestornado.com\/lt\/author\/"},"uagb_comment_info":0,"uagb_excerpt":"WGA Crystal Plus 20000 Puffs\u2014a 2\u2011in\u20111 dual\u2011flavour, Type\u2011C rechargeable disposable built for EU wholesale and bulk orders. High capacity, easy flavour switch, and retailer\u2011friendly packaging for strong, repeatable sales. Add Amy's whatsapp get right reply and vape coupon! WhatsApp: +86 17776015835 &nbsp;","_links":{"self":[{"href":"https:\/\/vapestornado.com\/lt\/wp-json\/wp\/v2\/product\/3385","targetHints":{"allow":["GET"]}}],"collection":[{"href":"https:\/\/vapestornado.com\/lt\/wp-json\/wp\/v2\/product"}],"about":[{"href":"https:\/\/vapestornado.com\/lt\/wp-json\/wp\/v2\/types\/product"}],"replies":[{"embeddable":true,"href":"https:\/\/vapestornado.com\/lt\/wp-json\/wp\/v2\/comments?post=3385"}],"wp:featuredmedia":[{"embeddable":true,"href":"https:\/\/vapestornado.com\/lt\/wp-json\/wp\/v2\/media\/3370"}],"wp:attachment":[{"href":"https:\/\/vapestornado.com\/lt\/wp-json\/wp\/v2\/media?parent=3385"}],"wp:term":[{"taxonomy":"product_brand","embeddable":true,"href":"https:\/\/vapestornado.com\/lt\/wp-json\/wp\/v2\/product_brand?post=3385"},{"taxonomy":"product_cat","embeddable":true,"href":"https:\/\/vapestornado.com\/lt\/wp-json\/wp\/v2\/product_cat?post=3385"},{"taxonomy":"product_tag","embeddable":true,"href":"https:\/\/vapestornado.com\/lt\/wp-json\/wp\/v2\/product_tag?post=3385"}],"curies":[{"name":"wp","href":"https:\/\/api.w.org\/{rel}","templated":true}]}}