{"id":3367,"date":"2024-12-25T07:28:34","date_gmt":"2024-12-25T07:28:34","guid":{"rendered":"https:\/\/vapestornado.com\/?post_type=product&#038;p=3367"},"modified":"2025-08-23T12:20:25","modified_gmt":"2025-08-23T12:20:25","slug":"bang-box-20000-puffs-0-2-5-low-nicotine-rechargeable-digital-display-disposable-vape-pen-wholesale-bulk-buy","status":"publish","type":"product","link":"https:\/\/vapestornado.com\/lt\/product\/bang-box-20000-puffs-0-2-5-low-nicotine-rechargeable-digital-display-disposable-vape-pen-wholesale-bulk-buy\/","title":{"rendered":"\u201eBang Box 20000 Puffs\u201c 0% 2% 5% ma\u017eai nikotino turintis \u012fkraunamas skaitmeninis vienkartinis veipo ra\u0161iklis didmenine dideliu kiekiu"},"content":{"rendered":"<h1 class=\"product-title\">\u201eBang Box 20000 Puffs\u201c 0% 2% 5% ma\u017eai nikotino turintis \u012fkraunamas skaitmeninis vienkartinis veipo ra\u0161iklis didmenine dideliu kiekiu<\/h1>\n<p>\u0160is <strong>Bang Box 20000 \u012ftraukim\u0173 vienkartinis garintuvas<\/strong>, dabar galima \u012fsigyti <strong>vapestornado<\/strong>\u2014j\u016bs\u0173 patikimas partneris auk\u0161\u010diausios kokyb\u0117s garinimo sprendim\u0173 srityje. \u0160is pa\u017eangiausias \u012frenginys sukurtas patenkinti tiek atsitiktini\u0173 vartotoj\u0173, tiek patyrusi\u0173 garintoj\u0173 poreikius, suteikiant i\u0161skirtin\u0119 patirt\u012f per pa\u017eangias funkcijas ir neprilygstam\u0105 na\u0161um\u0105. Su \u012fsp\u016bdingu <strong>20 000 \u012ftraukim\u0173 vienam vienetui<\/strong>, Bang Box u\u017etikrina ilgalaik\u012f malonum\u0105 be da\u017eno keitimo nepatogum\u0173.<\/p>\n<p>Galima \u012fsigyti su nikotino stiprumu <strong>0%, 2% ir 5%<\/strong>, \u0161is garinimo prietaisas puikiai tinka tiems, kurie ie\u0161ko ma\u017eo arba visai be nikotino variant\u0173. Nesvarbu, ar esate lengvas vartotojas, ar da\u017enas garintojas, Bang Box si\u016blo pasitenkinim\u0105, pritaikyt\u0105 j\u016bs\u0173 pageidavimams.<\/p>\n<h4><strong>Inovatyvios funkcijos auk\u0161tesniam garinimui<\/strong><\/h4>\n<p>\u0160is <strong>Bang Box 20000 \u012ftraukim\u0173<\/strong> gali pasigirti daugybe i\u0161skirtini\u0173 savybi\u0173, kurios i\u0161kelia j\u012f vir\u0161 standartini\u0173 vienkartini\u0173 garinimo prietais\u0173. Jame yra didelis <strong>35 ml e-skys\u010dio talpa<\/strong>, suma\u017einanti da\u017eno papildymo poreik\u012f. Maitinamas <strong>850mAh \u012fkraunama baterija<\/strong>, \u0161is \u012frenginys u\u017etikrina nuosekl\u0173 veikim\u0105 per ilgesnes garinimo sesijas.<\/p>\n<p>A <strong>moderni Type-C \u012fkrovimo jungtis<\/strong> leid\u017eia greitai ir efektyviai \u012fkrauti, u\u017etikrinant, kad visada b\u016bsite pasiruo\u0161\u0119 garinti. The <strong>skaitmeninis ekranas<\/strong> suteikia patogumo, leid\u017eiant vartotojams lengvai steb\u0117ti baterijos veikimo laik\u0105 ir \u012ftraukim\u0173 skai\u010di\u0173.<\/p>\n<p>\u0160is <strong>0,8 \u03a9 tinklelio rit\u0117s var\u017ea<\/strong> garantuoja skland\u0173 gar\u0173 gamyb\u0105 ir sodr\u0173 skon\u012f, tod\u0117l kiekvienas \u012ftraukimas yra malonus. Be to, <strong>vapestornado<\/strong> si\u016blo OEM\/ODM pritaikymo parinktis, puikiai tinkan\u010dias preki\u0173 \u017eenklams, norintiems suasmeninti pakuot\u0119 arba patenkinti konkre\u010dius rinkos poreikius.<\/p>\n<h4><strong>Kod\u0117l verta rinktis \u201eBang Box 20000 Puffs\u201c?<\/strong><\/h4>\n<p>\u0160is \u012frenginys i\u0161siskiria savo patvarumu, skoni\u0173 pasirinkimu ir universalumu. D\u0117l aptakaus, ne\u0161iojamo dizaino jis idealiai tinka vartotojams, keliaujantiems kelyje, o didel\u0117s talpos e. skys\u010dio rezervuaras ir \u012fkraunama baterija suteikia patogumo reguliariai garinantiems. \u201eBang Box\u201c galima \u012fsigyti urmu, tod\u0117l tai yra populiarus pasirinkimas didmenininkams ir ma\u017emenininkams, ie\u0161kantiems patikim\u0173, didel\u0117s paklausos produkt\u0173.<\/p>\n<p>&nbsp;<\/p>\n<p><span style=\"color: #ff0000;\"><strong>Prid\u0117kite Amy's Whatsapp, gaukite teising\u0105 atsakym\u0105 ir kupon\u0105 garintuvui!<\/strong><\/span><\/p>\n<p><img fetchpriority=\"high\" decoding=\"async\" class=\"size-full wp-image-2932\" src=\"https:\/\/vapestornado.com\/wp-content\/uploads\/2024\/12\/Vape-Wholesale.jpg\" alt=\"Garintuvai Didmenin\u0117 prekyba\" width=\"229\" height=\"300\" \/><\/p>\n<h3><a href=\"https:\/\/wa.me\/8617776015835\" target=\"_blank\" rel=\"noopener\"><span style=\"color: #ff0000;\"><strong>WhatsApp: +86 17776015835<\/strong><\/span><\/a><\/h3>\n<p>&nbsp;<\/p>\n<h2 class=\"product-title\">\u201eBang Box 30000\u201c vienkartinis garintuvas<strong> Produkto savyb\u0117s<\/strong><\/h2>\n<div role=\"article\" data-tabster=\"{&quot;groupper&quot;:{&quot;tabbability&quot;:2},&quot;focusable&quot;:{}}\" data-content=\"ai-message\" aria-labelledby=\"juhNTJ6o7Gk1cgwZMJgv2-author juhNTJ6o7Gk1cgwZMJgv2-content\">\n<div id=\"juhNTJ6o7Gk1cgwZMJgv2-content\">\n<div role=\"article\" data-tabster=\"{&quot;groupper&quot;:{&quot;tabbability&quot;:2},&quot;focusable&quot;:{}}\" data-content=\"ai-message\" aria-labelledby=\"x4EZuCZWrTbh3weWUt7CU-author x4EZuCZWrTbh3weWUt7CU-content\">\n<div id=\"x4EZuCZWrTbh3weWUt7CU-content\">\n<div class=\"flex max-w-full flex-col flex-grow\">\n<div class=\"min-h-8 text-message flex w-full flex-col items-end gap-2 whitespace-normal break-words text-start [.text-message+&amp;]:mt-5\" dir=\"auto\" data-message-author-role=\"assistant\" data-message-id=\"52c6e00a-252f-4104-805d-2f1a84739c71\" data-message-model-slug=\"gpt-4o\">\n<div class=\"flex w-full flex-col gap-1 empty:hidden first:pt-[3px]\">\n<div class=\"markdown prose w-full break-words dark:prose-invert light\"><\/div>\n<\/div>\n<\/div>\n<\/div>\n<div class=\"mb-2 flex gap-3 empty:hidden -ml-2\">\n<h3><\/h3>\n<ol>\n<li><strong>Ilgalaikis naudojimas: <\/strong>Suteikia iki 20 000 \u012ftraukim\u0173, suma\u017einant poreik\u012f keisti.<\/li>\n<li><strong>Ma\u017eo nikotino parinktys: <\/strong>Galima \u012fsigyti 0%, 2% ir 5% nikotino stiprumo, atsi\u017evelgiant \u012f \u012fvairius pageidavimus.<\/li>\n<li><strong>Didel\u0117 e. skys\u010dio talpa: <\/strong>35 ml e. skys\u010dio talpykla suma\u017eina papildymo da\u017enum\u0105, idealiai tinka ilgam naudojimui.<\/li>\n<li><strong>\u012ekraunama baterija: <\/strong>850 mAh baterija su C tipo \u012fkrovimu u\u017etikrina nuosekl\u0173 veikim\u0105.<\/li>\n<li><strong>Skaitmeninis ekranas: <\/strong>Stebi baterijos veikimo laik\u0105 ir \u012ftraukim\u0173 skai\u010di\u0173, kad b\u016bt\u0173 patogiau.<\/li>\n<li><strong>Sklandus gar\u0173 gamyba: <\/strong>0,8 \u03a9 tinklelio rit\u0117 kiekvien\u0105 kart\u0105 suteikia sodr\u0173, patenkinant\u012f skon\u012f.<\/li>\n<\/ol>\n<\/div>\n<\/div>\n<\/div>\n<\/div>\n<\/div>\n<h2 class=\"product-title\"><strong>Populiarus \u201eBang Box 30k Puffs\u201c vienkartini\u0173 garintuv\u0173 skonis<\/strong><\/h2>\n<p>&nbsp;<\/p>\n<p>1. Bra\u0161ki\u0173 ir kivi\u0173<br \/>\n2. Kivi\u0173, pasiflor\u0173 ir gvajav\u0173<br \/>\n3. Bra\u0161ki\u0173 arb\u016bzas <strong><span style=\"color: #ff0000;\">&gt;&gt;&gt;&gt; Kar\u0161ta!<\/span><\/strong><br \/>\n4. Avie\u010di\u0173 ir arb\u016bz\u0173<br \/>\n5. M\u0117lyni\u0173 ir r\u016bg\u0161\u010di\u0173 avie\u010di\u0173 ledas <strong><span style=\"color: #ff0000;\">&gt;&gt;&gt;&gt; Kar\u0161ta!<\/span><\/strong><br \/>\n6. Arb\u016bz\u0173 ledas<br \/>\n7. Banan\u0173 ledas<br \/>\n8. Mang\u0173 ir persik\u0173<br \/>\n9. M\u0117lyni\u0173 avie\u010di\u0173 ledas <strong><span style=\"color: #ff0000;\">&gt;&gt;&gt;&gt; Geriausia!<\/span><\/strong><br \/>\n10. Ponas m\u0117lynasis<br \/>\n11. vynuogi\u0173 ledas<br \/>\n12. mango su ledu<\/p>\n<figure id=\"attachment_3344\" aria-describedby=\"caption-attachment-3344\" style=\"width: 1126px\" class=\"wp-caption alignnone\"><img decoding=\"async\" class=\"wp-image-3344 size-full\" src=\"https:\/\/vapestornado.com\/wp-content\/uploads\/2024\/12\/Bang-Box-Vape-Disposable-20000-Puffs-20k-Wholesale.jpg\" alt=\"Bang Box Vape vienkartinis 20000 \u012ftraukim\u0173 20k didmenin\u0117 prekyba\" width=\"1126\" height=\"1126\" srcset=\"https:\/\/vapestornado.com\/wp-content\/uploads\/2024\/12\/Bang-Box-Vape-Disposable-20000-Puffs-20k-Wholesale.jpg 1126w, https:\/\/vapestornado.com\/wp-content\/uploads\/2024\/12\/Bang-Box-Vape-Disposable-20000-Puffs-20k-Wholesale-300x300.jpg 300w, https:\/\/vapestornado.com\/wp-content\/uploads\/2024\/12\/Bang-Box-Vape-Disposable-20000-Puffs-20k-Wholesale-1024x1024.jpg 1024w, https:\/\/vapestornado.com\/wp-content\/uploads\/2024\/12\/Bang-Box-Vape-Disposable-20000-Puffs-20k-Wholesale-150x150.jpg 150w, https:\/\/vapestornado.com\/wp-content\/uploads\/2024\/12\/Bang-Box-Vape-Disposable-20000-Puffs-20k-Wholesale-768x768.jpg 768w, https:\/\/vapestornado.com\/wp-content\/uploads\/2024\/12\/Bang-Box-Vape-Disposable-20000-Puffs-20k-Wholesale-600x600.jpg 600w, https:\/\/vapestornado.com\/wp-content\/uploads\/2024\/12\/Bang-Box-Vape-Disposable-20000-Puffs-20k-Wholesale-100x100.jpg 100w\" sizes=\"(max-width: 1126px) 100vw, 1126px\" \/><figcaption id=\"caption-attachment-3344\" class=\"wp-caption-text\">Bang Box Vape vienkartinis 20000 \u012ftraukim\u0173 20k didmenin\u0117 prekyba<\/figcaption><\/figure>\n<div class=\"flex-shrink-0 flex flex-col relative items-end\">\n<div class=\"pt-0\">\n<div class=\"gizmo-bot-avatar flex h-8 w-8 items-center justify-center overflow-hidden rounded-full\">\n<div class=\"relative p-1 rounded-sm flex items-center justify-center bg-token-main-surface-primary text-token-text-primary h-8 w-8\">\n<h3>DUK apie Bang Box 20000 vienkartin\u012f garintuv\u0105<\/h3>\n<h3><\/h3>\n<h4>1. <strong>Ar galima \u012fsine\u0161ti vienkartinius garintuvus \u012f l\u0117ktuv\u0105?<\/strong><\/h4>\n<p>Taip, vienkartinius garintuvus, tokius kaip Bang Box, galima ne\u0161tis rankiniame baga\u017ee, ta\u010diau \u012fsitikinkite, kad prietaisas yra i\u0161jungtas ir laikykit\u0117s oro linij\u0173 taisykli\u0173 d\u0117l baterij\u0173 ir e-skys\u010di\u0173.<\/p>\n<h4>2. <strong>Kaip \u012fkrauti Bang Box 20000 \u012ftraukim\u0173?<\/strong><\/h4>\n<p>\u012ekraukite prietais\u0105 naudodami pridedam\u0105 Type-C \u012fkrovimo prievad\u0105. Prijunkite j\u012f prie suderinamo \u012fkroviklio ir steb\u0117kite akumuliatoriaus b\u016bsen\u0105 skaitmeniniame ekrane.<\/p>\n<h4>3. <strong>Kaip su\u017einoti, kada Bang Box yra tu\u0161\u010dias?<\/strong><\/h4>\n<p>Skaitmeniniame Bang Box ekrane rodomas lik\u0119s \u012ftraukim\u0173 skai\u010dius. Be to, silpnas skonis arba gar\u0173 gamyba gali reik\u0161ti, kad prietaise baig\u0117si e-skystis.<\/p>\n<h4>4. <strong>Kaip skaitmeninis ekranas pagerina garinimo patirt\u012f?<\/strong><\/h4>\n<p>Ekranas padeda vartotojams steb\u0117ti akumuliatoriaus veikimo laik\u0105 ir \u012ftraukim\u0173 skai\u010di\u0173, u\u017etikrinant, kad jie visada \u017einot\u0173 apie prietaiso b\u016bsen\u0105, kad patirtis b\u016bt\u0173 sklandi.<\/p>\n<h4>5. <strong>Kokie yra OEM\/ODM paslaug\u0173 prana\u0161umai Bang Box?<\/strong><\/h4>\n<p>vapestornado OEM\/ODM parinktys leid\u017eia \u012fmon\u0117ms pritaikyti prek\u0117s \u017eenkl\u0105, pakuot\u0119 ir produkto dizain\u0105, kad geriau atitikt\u0173 rinkos poreikius, sukuriant unikal\u0173 pasi\u016blym\u0105 klientams.<\/p>\n<\/div>\n<\/div>\n<\/div>\n<\/div>\n<div class=\"flex-shrink-0 flex flex-col relative items-end\">\n<div class=\"pt-0\">\n<div class=\"gizmo-bot-avatar flex h-8 w-8 items-center justify-center overflow-hidden rounded-full\">\n<div class=\"relative p-1 rounded-sm flex items-center justify-center bg-token-main-surface-primary text-token-text-primary h-8 w-8\">\n<div class=\"mb-2 flex gap-3 empty:hidden -ml-2\">\n<div role=\"article\" data-tabster=\"{&quot;groupper&quot;:{&quot;tabbability&quot;:2},&quot;focusable&quot;:{}}\" data-content=\"ai-message\" aria-labelledby=\"Vdt5ez4X7Tg813x6rFVha-author Vdt5ez4X7Tg813x6rFVha-content\">\n<div id=\"Vdt5ez4X7Tg813x6rFVha-content\">\n<div role=\"article\" data-tabster=\"{&quot;groupper&quot;:{&quot;tabbability&quot;:2},&quot;focusable&quot;:{}}\" data-content=\"ai-message\" aria-labelledby=\"o968oC7CEo2fGHsGdsRYC-author o968oC7CEo2fGHsGdsRYC-content\">\n<div id=\"o968oC7CEo2fGHsGdsRYC-content\">\n<p>&nbsp;<\/p>\n<h3>Kod\u0117l verta rinktis vapestornado Bang Box 20000 \u012ftraukim\u0173 garintuv\u0173 didmeninei prekybai?<\/h3>\n<div class=\"flex-shrink-0 flex flex-col relative items-end\">\n<div class=\"pt-0\">\n<div class=\"gizmo-bot-avatar flex h-8 w-8 items-center justify-center overflow-hidden rounded-full\">\n<div class=\"relative p-1 rounded-sm flex items-center justify-center bg-token-main-surface-primary text-token-text-primary h-8 w-8\">\n<p>Sveiki atvyk\u0119 \u012f vapestornado \u2013 j\u016bs\u0173 patikim\u0105 internetin\u0119 auk\u0161\u010diausios kokyb\u0117s vienkartini\u0173 garinimo priemoni\u0173 parduotuv\u0119. Tur\u0117dami daugiau nei 5 met\u0173 patirt\u012f, si\u016blome populiarius vienkartini\u0173 garinimo priemoni\u0173 prek\u0117s \u017eenklus, tokius kaip Fumot RandM Vape, <a href=\"https:\/\/vapestornado.com\/lt\/product\/vapme-crystal-7000-puffs-rechargeable-disposable-vape-wholesale-cheap-price\/\">Vapme<\/a>, Bang Vape, Waspe Vape, ir WGA Vape ir kt.<\/p>\n<p>M\u016bs\u0173 asortimentas apima populiarias garinimo priemones, tokias kaip <a href=\"https:\/\/vapestornado.com\/lt\/product\/fumot-randm-tornado-15000-puffs-rechargeable-disposable-vape-wholesale\/\">RandM Tornado 15000<\/a>, ir skoni\u0173 turtingus pasirinkimus, tokius kaip <a href=\"https:\/\/vapestornado.com\/lt\/product\/vapsolo-dg-18000-puffs-smart-screen-wholesale-disposable-cheap-vapes\/\">\u00a0Vapsalo DG18000 P\u016bsl\u0117s<\/a> . Kiekvienas produktas yra atrenkamas, akcentuojant kokyb\u0119, vert\u0119 ir \u012fvairov\u0119, u\u017etikrinant, kad rastum\u0117te tobul\u0105 variant\u0105 savo poreikiams. Atraskite i\u0161skirtin\u012f aptarnavim\u0105 ir plat\u0173 auk\u0161\u010diausios kokyb\u0117s produkt\u0173 asortiment\u0105 didmenin\u0117mis kainomis vapestornado svetain\u0117je.<\/p>\n<\/div>\n<p>&nbsp;<\/p>\n<p><strong>Kiti populiar\u016bs vienkartiniai garintuvai<\/strong><\/p>\n<p><a href=\"https:\/\/vapestornado.com\/lt\/product\/aivono-flash-35000-puffs-rechargeable-disposable-vape-bulk-buy\/\">Aivono Flash 35000 \u012ftraukim\u0173 <span style=\"color: #ff0000;\"><strong>&gt;&gt;&gt;&gt; Pirmyn!<\/strong><\/span><\/a><\/p>\n<p><a href=\"https:\/\/vapestornado.com\/lt\/product\/vapme-crystal-7000-puffs-rechargeable-disposable-vape-wholesale-cheap-price\/\">Vape Kristalas 7000 <span style=\"color: #ff0000;\"><strong>&gt;&gt;&gt;&gt; Pirmyn!<\/strong><\/span><\/a><\/p>\n<p><a href=\"https:\/\/vapestornado.com\/lt\/product\/bood-twins-46000-puff-double-flavour-low-nicotine-disposable-vape-wholesale-bulk-buy-price\/\">Bood Dvyniai 46000<span style=\"color: #ff0000;\"><strong>&gt;&gt;&gt;&gt; Pirmyn!<\/strong><\/span><\/a><\/p>\n<\/div>\n<\/div>\n<\/div>\n<p>&nbsp;<\/p>\n<\/div>\n<\/div>\n<\/div>\n<\/div>\n<\/div>\n<\/div>\n<\/div>\n<\/div>\n<\/div>","protected":false},"excerpt":{"rendered":"<p>Original\u016bs Bang Box 20000 \u012ftraukim\u0173 vienkartiniai garintuvai Puff 20K Vape Pen<br \/>\nBang Box 20K 20000 \u012ftraukim\u0173 \u012fkraunamas vienkartinis garintuvas u\u017e ger\u0105 kain\u0105<br \/>\nBang Box 20K 20000 \u012ftraukim\u0173 vienkartinis garintuvas su i\u0161maniuoju ekranu ir skaitmeniniu ekranu<\/p>\n<p><strong>Prid\u0117kite Amy whatsapp, gaukite tiesiogin\u012f atsakym\u0105 ir kupon\u0105 veipui!<\/strong><\/p>\n<p><img fetchpriority=\"high\" decoding=\"async\" class=\"size-full wp-image-2932\" src=\"https:\/\/vapestornado.com\/wp-content\/uploads\/2024\/12\/Vape-Wholesale.jpg\" alt=\"Garintuvai Didmenin\u0117 prekyba\" width=\"229\" height=\"300\" \/><\/p>\n<h3><a href=\"https:\/\/wa.me\/8617776015835\"><span style=\"color: #ff0000;\"><strong>WhatsApp: +86 17776015835<\/strong><\/span><\/a><\/h3>\n<p>&nbsp;<\/p>","protected":false},"featured_media":3346,"comment_status":"open","ping_status":"closed","template":"","meta":{"_acf_changed":false,"_uag_custom_page_level_css":"","_lmt_disableupdate":"no","_lmt_disable":"","_monsterinsights_skip_tracking":false,"_monsterinsights_sitenote_active":false,"_monsterinsights_sitenote_note":"","_monsterinsights_sitenote_category":0,"site-sidebar-layout":"default","site-content-layout":"","ast-site-content-layout":"default","site-content-style":"default","site-sidebar-style":"default","ast-global-header-display":"","ast-banner-title-visibility":"","ast-main-header-display":"","ast-hfb-above-header-display":"","ast-hfb-below-header-display":"","ast-hfb-mobile-header-display":"","site-post-title":"","ast-breadcrumbs-content":"","ast-featured-img":"","footer-sml-layout":"","ast-disable-related-posts":"","theme-transparent-header-meta":"default","adv-header-id-meta":"","stick-header-meta":"","header-above-stick-meta":"","header-main-stick-meta":"","header-below-stick-meta":"","astra-migrate-meta-layouts":"set","ast-page-background-enabled":"default","ast-page-background-meta":{"desktop":{"background-color":"","background-image":"","background-repeat":"repeat","background-position":"center center","background-size":"auto","background-attachment":"scroll","background-type":"","background-media":"","overlay-type":"","overlay-color":"","overlay-opacity":"","overlay-gradient":""},"tablet":{"background-color":"","background-image":"","background-repeat":"repeat","background-position":"center center","background-size":"auto","background-attachment":"scroll","background-type":"","background-media":"","overlay-type":"","overlay-color":"","overlay-opacity":"","overlay-gradient":""},"mobile":{"background-color":"","background-image":"","background-repeat":"repeat","background-position":"center center","background-size":"auto","background-attachment":"scroll","background-type":"","background-media":"","overlay-type":"","overlay-color":"","overlay-opacity":"","overlay-gradient":""}},"ast-content-background-meta":{"desktop":{"background-color":"var(--ast-global-color-5)","background-image":"","background-repeat":"repeat","background-position":"center center","background-size":"auto","background-attachment":"scroll","background-type":"","background-media":"","overlay-type":"","overlay-color":"","overlay-opacity":"","overlay-gradient":""},"tablet":{"background-color":"var(--ast-global-color-5)","background-image":"","background-repeat":"repeat","background-position":"center center","background-size":"auto","background-attachment":"scroll","background-type":"","background-media":"","overlay-type":"","overlay-color":"","overlay-opacity":"","overlay-gradient":""},"mobile":{"background-color":"var(--ast-global-color-5)","background-image":"","background-repeat":"repeat","background-position":"center center","background-size":"auto","background-attachment":"scroll","background-type":"","background-media":"","overlay-type":"","overlay-color":"","overlay-opacity":"","overlay-gradient":""}},"_joinchat":{"telephone":"+8617776015835"}},"product_brand":[],"product_cat":[69,64,152,156,160,142,144,19],"product_tag":[200,201,196,165,105,97,166,94],"class_list":{"0":"post-3367","1":"product","2":"type-product","3":"status-publish","4":"has-post-thumbnail","6":"product_cat-20000-puff","7":"product_cat-bangbox-vape","8":"product_cat-buy-disposable-vapes-in-cermany","9":"product_cat-buy-disposable-vapes-in-poland","10":"product_cat-buy-disposable-vapes-in-switzerland","11":"product_cat-digital-box-disposable-vapes","12":"product_cat-low-nicotine-disposable-vapes","13":"product_cat-vapes","14":"product_tag-bang-box-20000","15":"product_tag-bang-box-20k","16":"product_tag-bang-vape","17":"product_tag-cheap-vapes","18":"product_tag-digital-disposable-vape","19":"product_tag-hot-sale-disposable-vape","20":"product_tag-low-nicotine-vape","21":"product_tag-rechargeable-disposable-vape","22":"desktop-align-left","23":"tablet-align-left","24":"mobile-align-left","26":"first","27":"instock","28":"sale","29":"shipping-taxable","30":"purchasable","31":"product-type-simple"},"acf":[],"uagb_featured_image_src":{"full":["https:\/\/vapestornado.com\/wp-content\/uploads\/2024\/12\/Bang-Box-Vape-Disposable-Wholesale-20000-Puffs.jpg",1126,1126,false],"thumbnail":["https:\/\/vapestornado.com\/wp-content\/uploads\/2024\/12\/Bang-Box-Vape-Disposable-Wholesale-20000-Puffs-150x150.jpg",150,150,true],"medium":["https:\/\/vapestornado.com\/wp-content\/uploads\/2024\/12\/Bang-Box-Vape-Disposable-Wholesale-20000-Puffs-300x300.jpg",300,300,true],"medium_large":["https:\/\/vapestornado.com\/wp-content\/uploads\/2024\/12\/Bang-Box-Vape-Disposable-Wholesale-20000-Puffs-768x768.jpg",768,768,true],"large":["https:\/\/vapestornado.com\/wp-content\/uploads\/2024\/12\/Bang-Box-Vape-Disposable-Wholesale-20000-Puffs-1024x1024.jpg",1024,1024,true],"1536x1536":["https:\/\/vapestornado.com\/wp-content\/uploads\/2024\/12\/Bang-Box-Vape-Disposable-Wholesale-20000-Puffs.jpg",1126,1126,false],"2048x2048":["https:\/\/vapestornado.com\/wp-content\/uploads\/2024\/12\/Bang-Box-Vape-Disposable-Wholesale-20000-Puffs.jpg",1126,1126,false],"trp-custom-language-flag":["https:\/\/vapestornado.com\/wp-content\/uploads\/2024\/12\/Bang-Box-Vape-Disposable-Wholesale-20000-Puffs.jpg",12,12,false],"woocommerce_thumbnail":["https:\/\/vapestornado.com\/wp-content\/uploads\/2024\/12\/Bang-Box-Vape-Disposable-Wholesale-20000-Puffs-300x300.jpg",300,300,true],"woocommerce_single":["https:\/\/vapestornado.com\/wp-content\/uploads\/2024\/12\/Bang-Box-Vape-Disposable-Wholesale-20000-Puffs-600x600.jpg",600,600,true],"woocommerce_gallery_thumbnail":["https:\/\/vapestornado.com\/wp-content\/uploads\/2024\/12\/Bang-Box-Vape-Disposable-Wholesale-20000-Puffs-100x100.jpg",100,100,true]},"uagb_author_info":{"display_name":"ESAMY","author_link":"https:\/\/vapestornado.com\/lt\/author\/"},"uagb_comment_info":0,"uagb_excerpt":"Original Bang Box 20000 Puffs Disposable Vapes Puff 20K Vape Pen Bang Box 20K 20000 Puff Rechargeable Disposable Vape Cheap Price Bang Box 20K 20000 Puff Disposable Vape with Smart Screen Digital Display Add Amy's whatsapp get right reply and vape coupon! WhatsApp: +86 17776015835 &nbsp;","_links":{"self":[{"href":"https:\/\/vapestornado.com\/lt\/wp-json\/wp\/v2\/product\/3367","targetHints":{"allow":["GET"]}}],"collection":[{"href":"https:\/\/vapestornado.com\/lt\/wp-json\/wp\/v2\/product"}],"about":[{"href":"https:\/\/vapestornado.com\/lt\/wp-json\/wp\/v2\/types\/product"}],"replies":[{"embeddable":true,"href":"https:\/\/vapestornado.com\/lt\/wp-json\/wp\/v2\/comments?post=3367"}],"wp:featuredmedia":[{"embeddable":true,"href":"https:\/\/vapestornado.com\/lt\/wp-json\/wp\/v2\/media\/3346"}],"wp:attachment":[{"href":"https:\/\/vapestornado.com\/lt\/wp-json\/wp\/v2\/media?parent=3367"}],"wp:term":[{"taxonomy":"product_brand","embeddable":true,"href":"https:\/\/vapestornado.com\/lt\/wp-json\/wp\/v2\/product_brand?post=3367"},{"taxonomy":"product_cat","embeddable":true,"href":"https:\/\/vapestornado.com\/lt\/wp-json\/wp\/v2\/product_cat?post=3367"},{"taxonomy":"product_tag","embeddable":true,"href":"https:\/\/vapestornado.com\/lt\/wp-json\/wp\/v2\/product_tag?post=3367"}],"curies":[{"name":"wp","href":"https:\/\/api.w.org\/{rel}","templated":true}]}}