{"id":3365,"date":"2024-12-24T09:50:29","date_gmt":"2024-12-24T09:50:29","guid":{"rendered":"https:\/\/vapestornado.com\/?post_type=product&#038;p=3365"},"modified":"2025-12-09T08:52:33","modified_gmt":"2025-12-09T08:52:33","slug":"bang-box-30000-puffs-double-flavour-0-2-5-low-nicotine-bulk-buy-rechargeable-disposable-vapes-pen-wholesale","status":"publish","type":"product","link":"https:\/\/vapestornado.com\/lt\/product\/bang-box-30000-puffs-double-flavour-0-2-5-low-nicotine-bulk-buy-rechargeable-disposable-vapes-pen-wholesale\/","title":{"rendered":"Bang Box 30000 Puffs Dvigubo skonio 0% 2% 5% Ma\u017eai nikotino didmenin\u0117 prekyba \u012fkraunami vienkartiniai garintuvai Ra\u0161iklis Didmenin\u0117 prekyba"},"content":{"rendered":"<h1 class=\"product-title\">Bang Box 30000 Puffs Dvigubo skonio 0% 2% 5% Ma\u017eai nikotino didmenin\u0117 prekyba \u012fkraunami vienkartiniai garintuvai Ra\u0161iklis Didmenin\u0117 prekyba<\/h1>\n<p>Bang Box 30000 Puf\u0173 vienkartinis vape yra 35ml, 30 000 puf\u0173 \u012fkraunamas vienkartinis \u012frenginys su dvigubu skoniu ir 0.8\u03a9 tinklelio rit\u0117, u\u017etikrinanti ilgalaik\u012f, pastov\u0173 skon\u012f ir greit\u0105 Type-C \u012fkrovim\u0105 viename lengvame \u012frenginyje.<\/p>\n<p data-start=\"907\" data-end=\"1146\"><strong data-start=\"907\" data-end=\"953\">Ilgas veikimo laikas su tikru talpos rodymu.<\/strong> \u0160is <strong data-start=\"958\" data-end=\"998\">Bang Box 30000 Puf\u0173 vienkartinis vape<\/strong> sujungia <strong data-start=\"1010\" data-end=\"1029\">30 t\u016bkst. puf\u0173 \u012fvertinim\u0105<\/strong> su <strong data-start=\"1037\" data-end=\"1064\">35 ml e. skys\u010dio talpa<\/strong>, tod\u0117l reguliariai naudotojai kei\u010dia \u012frenginius daug re\u010diau ir gauna patikim\u0105 keli\u0173 savai\u010di\u0173 naudojim\u0105.<\/p>\n<p data-start=\"1150\" data-end=\"1371\"><strong data-start=\"1150\" data-end=\"1196\">Dvigubas skonis i\u0161laiko \u012frengin\u012f \u012fdom\u0173.<\/strong> Tai <strong data-start=\"1201\" data-end=\"1241\">Bang Box 30K dvigubo skonio vape ra\u0161iklis<\/strong> leid\u017eia bet kada perjungti tarp dviej\u0173 profili\u0173, kas svarbu, kai naudojate vien\u0105 \u012frengin\u012f ilg\u0105 laik\u0105, o ne savaitgaliui.<\/p>\n<p data-start=\"1375\" data-end=\"1581\"><strong data-start=\"1375\" data-end=\"1412\">Tinklelio rit\u0117s stabilumas, kur\u012f galite jausti.<\/strong> A <strong data-start=\"1415\" data-end=\"1449\">0.8\u03a9 tinklelio rit\u0117s vienkartinis vape<\/strong> \u012franga u\u017etikrina tolyg\u0173 \u0161ildym\u0105, tankius debesis ir ma\u017eiau a\u0161tri\u0173 v\u0117lyv\u0173 bakelio \u012fkv\u0117pim\u0173, i\u0161laikant skon\u012f nuosekl\u0173 iki 35ml tiekimo galo.<\/p>\n<p data-start=\"1585\" data-end=\"1798\"><strong data-start=\"1585\" data-end=\"1636\">Type-C \u012fkrovimo galimyb\u0117 apsaugo nuo ankstyvo i\u0161metimo.<\/strong> \u0160is <strong data-start=\"1641\" data-end=\"1683\">Bang Box 30000 \u012fkraunamas vienkartinis<\/strong> naudoja <strong data-start=\"1692\" data-end=\"1734\">850mAh baterij\u0105 su Type-C greitu \u012fkrovimu<\/strong>, tod\u0117l, kai galia suma\u017e\u0117ja, papildote ir t\u0119siate \u2014 be i\u0161\u0161vaistytos skys\u010dio.<\/p>\n<p data-start=\"1802\" data-end=\"1994\"><strong data-start=\"1802\" data-end=\"1834\">Ne\u0161iojamas kasdieniam naudojimui.<\/strong> At <strong data-start=\"1838\" data-end=\"1846\">129g<\/strong>, <strong data-start=\"1852\" data-end=\"1892\">Bang Box 30K ma\u017eo nikotino vienkartinis<\/strong> patogiai laikosi rankoje ar ki\u0161en\u0117je, tinka kelion\u0117ms, darbo dienoms ir ilgiems pamainoms be papildomo svorio.<\/p>\n<p>&nbsp;<\/p>\n<p><strong>Prid\u0117kite Amy's Whatsapp, gaukite teising\u0105 atsakym\u0105 ir kupon\u0105 garintuvui!<\/strong><\/p>\n<p><img fetchpriority=\"high\" decoding=\"async\" class=\"size-full wp-image-2932\" src=\"https:\/\/vapestornado.com\/wp-content\/uploads\/2024\/12\/Vape-Wholesale.jpg\" alt=\"Garintuvai Didmenin\u0117 prekyba\" width=\"229\" height=\"300\" \/><\/p>\n<h3><a href=\"https:\/\/wa.me\/8617776015835\" target=\"_blank\" rel=\"noopener\"><span style=\"color: #ff0000;\"><strong>WhatsApp: +86 17776015835<\/strong><\/span><\/a><\/h3>\n<p>&nbsp;<\/p>\n<h2 class=\"product-title\">Bang Box 30000 Dvigubo Skonio Garintuvas<strong> Produkto savyb\u0117s<\/strong><\/h2>\n<div role=\"article\" data-tabster=\"{&quot;groupper&quot;:{&quot;tabbability&quot;:2},&quot;focusable&quot;:{}}\" data-content=\"ai-message\" aria-labelledby=\"juhNTJ6o7Gk1cgwZMJgv2-author juhNTJ6o7Gk1cgwZMJgv2-content\">\n<div id=\"juhNTJ6o7Gk1cgwZMJgv2-content\">\n<div role=\"article\" data-tabster=\"{&quot;groupper&quot;:{&quot;tabbability&quot;:2},&quot;focusable&quot;:{}}\" data-content=\"ai-message\" aria-labelledby=\"x4EZuCZWrTbh3weWUt7CU-author x4EZuCZWrTbh3weWUt7CU-content\">\n<div id=\"x4EZuCZWrTbh3weWUt7CU-content\">\n<div class=\"flex max-w-full flex-col flex-grow\">\n<div class=\"min-h-8 text-message flex w-full flex-col items-end gap-2 whitespace-normal break-words text-start [.text-message+&amp;]:mt-5\" dir=\"auto\" data-message-author-role=\"assistant\" data-message-id=\"52c6e00a-252f-4104-805d-2f1a84739c71\" data-message-model-slug=\"gpt-4o\">\n<div class=\"flex w-full flex-col gap-1 empty:hidden first:pt-[3px]\">\n<div class=\"markdown prose w-full break-words dark:prose-invert light\">\n<table>\n<thead>\n<tr>\n<th>Funkcija<\/th>\n<th>Specifikacija<\/th>\n<th>Detal\u0117s<\/th>\n<\/tr>\n<\/thead>\n<tbody>\n<tr>\n<td>Produkto pavadinimas<\/td>\n<td>Bang Box 30000 P\u016btim\u0173 Dviguba Skoni\u0173<\/td>\n<td>Didel\u0117s talpos \u012fkraunamas vienkartinis vape ra\u0161iklis.<\/td>\n<\/tr>\n<tr>\n<td>\u012ep\u016btim\u0173 talpa<\/td>\n<td>Iki 30 000 p\u016btim\u0173<\/td>\n<td>Ilgesn\u0117 tarnavimo trukm\u0117 skirta reguliariems ES vartotojams.<\/td>\n<\/tr>\n<tr>\n<td>E-skys\u010dio t\u016bris<\/td>\n<td>35ml i\u0161 anksto u\u017epildyta<\/td>\n<td>Didelis rezervuaras palaiko ilgus seansus be papildymo.<\/td>\n<\/tr>\n<tr>\n<td>Rit\u0117s tipas<\/td>\n<td>0,8\u03a9 tinklelio rit\u0117<\/td>\n<td>Vienodas \u0161ildymas skland\u017eiam garui, turtingam skoniui ir pastoviam i\u0161\u0117jimui.<\/td>\n<\/tr>\n<tr>\n<td>Skoni\u0173 sistema<\/td>\n<td>Dvigubo skonio jungiklis<\/td>\n<td>Du skonio profiliai viename \u012frenginyje; keisk bet kada.<\/td>\n<\/tr>\n<tr>\n<td>Baterija<\/td>\n<td>850mAh \u012fkraunamas<\/td>\n<td>\u012ekrauk, kad sunaudotum vis\u0105 skyst\u012f, o ne anksti i\u0161mesk.<\/td>\n<\/tr>\n<tr>\n<td>\u012ekrovimas<\/td>\n<td>Type-C greitas \u012fkrovimas<\/td>\n<td>Greiti papildymai su moderniais ES standarto kabeliais.<\/td>\n<\/tr>\n<tr>\n<td>Nikotino stiprumai<\/td>\n<td>0% \/ 2% \/ 5% druskos nikotinas<\/td>\n<td>Be nikotino, su ma\u017eo ir stipraus nikotino pasirinkimais skirtingiems \u012fpro\u010diams.<\/td>\n<\/tr>\n<tr>\n<td>Svoris<\/td>\n<td>129g<\/td>\n<td>Lengvas, skirtas 30K klas\u0117s \u012frenginiui; patogus kasdieniam ne\u0161iojimui.<\/td>\n<\/tr>\n<tr>\n<td>Pozicionavimas<\/td>\n<td>Didmenin\u0117 + ma\u017emenin\u0117 bestseleris<\/td>\n<td>Stiprus poreikis ES didmenin\u0117se kanal\u0173 d\u0117l talpos + dvigubo skonio.<\/td>\n<\/tr>\n<\/tbody>\n<\/table>\n<\/div>\n<\/div>\n<\/div>\n<\/div>\n<div class=\"mb-2 flex gap-3 empty:hidden -ml-2\"><\/div>\n<\/div>\n<\/div>\n<\/div>\n<\/div>\n<h2 class=\"product-title\"><strong>Populiariausias skonis tarp Bang Box 30000 Puffs vienkartini\u0173 garintuv\u0173<\/strong><\/h2>\n<p>1. Bra\u0161k\u0117 ir kivis\/Arb\u016bzo ledas <strong><span style=\"color: #ff0000;\">&gt;&gt;&gt;&gt; Kar\u0161ta!<\/span><\/strong><br \/>\n2. Bra\u0161k\u0117 ir kivis\/Bra\u0161k\u0117 ir arb\u016bzas<br \/>\n3. Persik\u0173 sultys\/M\u0117lyni\u0173 ledas<br \/>\n4. M\u0117lyni\u0173 ledas\/Kivis, pasifloros vaisius ir gvajava<br \/>\n5. R\u016bg\u0161\u010di\u0173 m\u0117lyni\u0173 ir avie\u010di\u0173 ledas\/Mi\u0161r\u016bs vaisiai <strong><span style=\"color: #ff0000;\">&gt;&gt;&gt;&gt; Geriausia!<\/span><\/strong><br \/>\n6. Triguba uoga\/Bra\u0161k\u0117 ir mangas<br \/>\n7. Arb\u016bzo kramtomoji guma\/Bra\u0161k\u0117 ir arb\u016bzas<br \/>\n8. M\u0117lyni\u0173 ledas\/Arb\u016bzo ledas<br \/>\n9. Bra\u0161k\u0117 ir arb\u016bzas\/Kivis, pasifloros vaisius ir gvajava<br \/>\n10. Juodojo drakono ledas\/Mangas, persikas ir arb\u016bzas<br \/>\n11. M\u0117lyn\u0173j\u0173 razin\u0173 ledas\/Dviguba vynuog\u0117 <strong><span style=\"color: #ff0000;\">&gt;&gt;&gt;&gt; Kar\u0161ta!<\/span><\/strong><br \/>\n12. M\u0117lyn\u0173j\u0173 razin\u0173 ledas\/Bra\u0161k\u0117 ir mangas<\/p>\n<div class=\"flex-shrink-0 flex flex-col relative items-end\">\n<div class=\"pt-0\">\n<div class=\"gizmo-bot-avatar flex h-8 w-8 items-center justify-center overflow-hidden rounded-full\">\n<figure id=\"attachment_3358\" aria-describedby=\"caption-attachment-3358\" style=\"width: 1241px\" class=\"wp-caption alignnone\"><img decoding=\"async\" class=\"wp-image-3358 size-full\" src=\"https:\/\/vapestornado.com\/wp-content\/uploads\/2024\/12\/Bang-Box-30k-Puffs-Factory-Price.jpg\" alt=\"Bang Box 30k Puffs gamyklos kaina\" width=\"1241\" height=\"2038\" srcset=\"https:\/\/vapestornado.com\/wp-content\/uploads\/2024\/12\/Bang-Box-30k-Puffs-Factory-Price.jpg 1241w, https:\/\/vapestornado.com\/wp-content\/uploads\/2024\/12\/Bang-Box-30k-Puffs-Factory-Price-183x300.jpg 183w, https:\/\/vapestornado.com\/wp-content\/uploads\/2024\/12\/Bang-Box-30k-Puffs-Factory-Price-624x1024.jpg 624w, https:\/\/vapestornado.com\/wp-content\/uploads\/2024\/12\/Bang-Box-30k-Puffs-Factory-Price-768x1261.jpg 768w, https:\/\/vapestornado.com\/wp-content\/uploads\/2024\/12\/Bang-Box-30k-Puffs-Factory-Price-935x1536.jpg 935w, https:\/\/vapestornado.com\/wp-content\/uploads\/2024\/12\/Bang-Box-30k-Puffs-Factory-Price-600x985.jpg 600w\" sizes=\"(max-width: 1241px) 100vw, 1241px\" \/><figcaption id=\"caption-attachment-3358\" class=\"wp-caption-text\">Bang Box 30k Puffs gamyklos kaina<\/figcaption><\/figure>\n<div class=\"relative p-1 rounded-sm flex items-center justify-center bg-token-main-surface-primary text-token-text-primary h-8 w-8\">\n<h3>DUK apie Bang Box 30000 Puffs vienkartin\u012f garintuv\u0105<\/h3>\n<ol data-start=\"3057\" data-end=\"4297\">\n<li data-start=\"3057\" data-end=\"3310\">\n<p data-start=\"3060\" data-end=\"3310\"><strong data-start=\"3060\" data-end=\"3166\">Kaip Bang Box 30000 Puffs dvigubo skonio vienkartinis vape \u012frenginys u\u017etikrina ilgalaik\u012f skonio nuoseklum\u0105?<\/strong><br data-start=\"3166\" data-end=\"3169\" \/>Dvigubo skonio sistema suteikia \u012fvairov\u0119 naudojimo savait\u0117mis, ir <strong data-start=\"3234\" data-end=\"3252\">0,8\u03a9 tinklelio rit\u0117<\/strong> padeda i\u0161laikyti kiekvieno skonio stabilum\u0105 vietoj greito i\u0161blukimo.<\/p>\n<\/li>\n<li data-start=\"3312\" data-end=\"3578\">\n<p data-start=\"3315\" data-end=\"3578\"><strong data-start=\"3315\" data-end=\"3418\">Ar Bang Box 30K \u012fkraunamas vienkartinis vape i\u0161 tikr\u0173j\u0173 trunka arti 30 000 \u012fkv\u0117pim\u0173 realiame naudojime?<\/strong><br data-start=\"3418\" data-end=\"3421\" \/>\u0160is <strong data-start=\"3425\" data-end=\"3438\">35 ml bakelis<\/strong> palaiko didel\u012f \u012fkv\u0117pim\u0173 skai\u010di\u0173. Tikrieji rezultatai priklauso nuo \u012fkv\u0117pimo ilgumo ir oro srauto stiliaus, ta\u010diau skys\u010dio talpa yra pritaikyta atitinkamai \u012fvertinimui.<\/p>\n<\/li>\n<li data-start=\"3580\" data-end=\"3817\">\n<p data-start=\"3583\" data-end=\"3817\"><strong data-start=\"3583\" data-end=\"3670\">Kokia yra prana\u0161umas naudojant 0,8\u03a9 tinklelio rit\u0119 Bang Box 30000 vienkartiniame vape ra\u0161iklyje?<\/strong><br data-start=\"3670\" data-end=\"3673\" \/>Ma\u017eesnio pasiprie\u0161inimo tinklelio rit\u0117s \u0161ildosi tolygiai ir sukuria <strong data-start=\"3725\" data-end=\"3768\">tankesn\u012f gar\u0105 su \u0161velnesniu gerkl\u0117s poj\u016b\u010diu<\/strong>, ypa\u010d pastebima didel\u0117s talpos \u012frenginiuose.<\/p>\n<\/li>\n<li data-start=\"3819\" data-end=\"4055\">\n<p data-start=\"3822\" data-end=\"4055\"><strong data-start=\"3822\" data-end=\"3912\">Ar Bang Box 30000 Type-C \u012fkraunamas vienkartinis vape u\u017ebaigs vis\u0105 35 ml bakel\u012f?<\/strong><br data-start=\"3912\" data-end=\"3915\" \/>Taip \u2014 <strong data-start=\"3925\" data-end=\"3956\">850mAh \u012fkraunama baterija<\/strong> yra, kad gal\u0117tum\u0117te papildyti gali\u0105 ir naudoti vis\u0105 skyst\u012f, i\u0161vengiant problemos \u201ebaterija baig\u0117si pirmiausia\u201c.<\/p>\n<\/li>\n<li data-start=\"4057\" data-end=\"4297\">\n<p data-start=\"4060\" data-end=\"4297\"><strong data-start=\"4060\" data-end=\"4158\">Koks nikotino lygis tinka skirtingiems naudotojams Bang Box 30000 ma\u017eo nikotino vienkartiniame vape?<\/strong><br data-start=\"4158\" data-end=\"4161\" \/><strong data-start=\"4161\" data-end=\"4167\">0%<\/strong> tinka tik skonio naudojimui, <strong data-start=\"4196\" data-end=\"4202\">2%<\/strong> atitinka lengvas ir vidutinio intensyvumo kasdien\u012f naudojim\u0105, ir <strong data-start=\"4246\" data-end=\"4252\">5%<\/strong> tinka sunkesniems naudotojams, kurie nori stipresnio poveikio.<\/p>\n<\/li>\n<\/ol>\n<\/div>\n<\/div>\n<\/div>\n<\/div>\n<div class=\"flex-shrink-0 flex flex-col relative items-end\">\n<div class=\"pt-0\">\n<div class=\"gizmo-bot-avatar flex h-8 w-8 items-center justify-center overflow-hidden rounded-full\">\n<div class=\"relative p-1 rounded-sm flex items-center justify-center bg-token-main-surface-primary text-token-text-primary h-8 w-8\">\n<div class=\"mb-2 flex gap-3 empty:hidden -ml-2\">\n<div role=\"article\" data-tabster=\"{&quot;groupper&quot;:{&quot;tabbability&quot;:2},&quot;focusable&quot;:{}}\" data-content=\"ai-message\" aria-labelledby=\"Vdt5ez4X7Tg813x6rFVha-author Vdt5ez4X7Tg813x6rFVha-content\">\n<div id=\"Vdt5ez4X7Tg813x6rFVha-content\">\n<div role=\"article\" data-tabster=\"{&quot;groupper&quot;:{&quot;tabbability&quot;:2},&quot;focusable&quot;:{}}\" data-content=\"ai-message\" aria-labelledby=\"o968oC7CEo2fGHsGdsRYC-author o968oC7CEo2fGHsGdsRYC-content\">\n<div id=\"o968oC7CEo2fGHsGdsRYC-content\">\n<h3>Kod\u0117l verta rinktis vapestornado Bang Box 20000 \u012ftraukim\u0173 garintuv\u0173 didmeninei prekybai?<\/h3>\n<div class=\"flex-shrink-0 flex flex-col relative items-end\">\n<div class=\"pt-0\">\n<div class=\"gizmo-bot-avatar flex h-8 w-8 items-center justify-center overflow-hidden rounded-full\">\n<div class=\"relative p-1 rounded-sm flex items-center justify-center bg-token-main-surface-primary text-token-text-primary h-8 w-8\">\n<p>Sveiki atvyk\u0119 \u012f vapestornado \u2013 j\u016bs\u0173 patikim\u0105 internetin\u0119 auk\u0161\u010diausios kokyb\u0117s vienkartini\u0173 garinimo priemoni\u0173 parduotuv\u0119. Tur\u0117dami daugiau nei 5 met\u0173 patirt\u012f, si\u016blome populiarius vienkartini\u0173 garinimo priemoni\u0173 prek\u0117s \u017eenklus, tokius kaip Fumot RandM Vape, <a href=\"https:\/\/vapestornado.com\/lt\/product\/vapme-crystal-7000-puffs-rechargeable-disposable-vape-wholesale-cheap-price\/\">Vapme<\/a>, Bang Vape, Waspe Vape, ir WGA Vape ir kt.<\/p>\n<p>M\u016bs\u0173 asortimentas apima populiarias garinimo priemones, tokias kaip <a href=\"https:\/\/vapestornado.com\/lt\/product\/fumot-randm-tornado-15000-puffs-rechargeable-disposable-vape-wholesale\/\">RandM Tornado 15000<\/a>, ir skoni\u0173 turtingus pasirinkimus, tokius kaip <a href=\"https:\/\/vapestornado.com\/lt\/product\/vapsolo-dg-18000-puffs-smart-screen-wholesale-disposable-cheap-vapes\/\">\u00a0Vapsalo DG18000 P\u016bsl\u0117s<\/a> . Kiekvienas produktas yra atrenkamas, akcentuojant kokyb\u0119, vert\u0119 ir \u012fvairov\u0119, u\u017etikrinant, kad rastum\u0117te tobul\u0105 variant\u0105 savo poreikiams. Atraskite i\u0161skirtin\u012f aptarnavim\u0105 ir plat\u0173 auk\u0161\u010diausios kokyb\u0117s produkt\u0173 asortiment\u0105 didmenin\u0117mis kainomis vapestornado svetain\u0117je.<\/p>\n<\/div>\n<\/div>\n<\/div>\n<\/div>\n<p>&nbsp;<\/p>\n<\/div>\n<\/div>\n<\/div>\n<\/div>\n<\/div>\n<\/div>\n<\/div>\n<\/div>\n<\/div>","protected":false},"excerpt":{"rendered":"<p>Bang Box 30000 Puf\u0173 dvigubo skonio vienkartinis vape ra\u0161iklis su 35ml i\u0161 anksto pripildyto e-skys\u010dio, 0.8\u03a9 tinklelio rit\u0117, 850mAh Type-C \u012fkraunama baterija ir 0%\/2%\/5% nikotino variantai. Lengvas 129g dizainas ir dvigubo skonio perjungimas ilgam, stabiliam ir vertingam vapingui.<\/p>\n<p><strong>Prid\u0117kite Amy whatsapp, gaukite tiesiogin\u012f atsakym\u0105 ir kupon\u0105 veipui!<\/strong><\/p>\n<p><img fetchpriority=\"high\" decoding=\"async\" class=\"size-full wp-image-2932\" src=\"https:\/\/vapestornado.com\/wp-content\/uploads\/2024\/12\/Vape-Wholesale.jpg\" alt=\"Garintuvai Didmenin\u0117 prekyba\" width=\"229\" height=\"300\" \/><\/p>\n<h3><a href=\"https:\/\/wa.me\/8617776015835\"><span style=\"color: #ff0000;\"><strong>WhatsApp: +86 17776015835<\/strong><\/span><\/a><\/h3>\n<p>&nbsp;<\/p>","protected":false},"featured_media":3362,"comment_status":"open","ping_status":"closed","template":"","meta":{"_acf_changed":false,"_uag_custom_page_level_css":"","_lmt_disableupdate":"no","_lmt_disable":"","_monsterinsights_skip_tracking":false,"_monsterinsights_sitenote_active":false,"_monsterinsights_sitenote_note":"","_monsterinsights_sitenote_category":0,"site-sidebar-layout":"default","site-content-layout":"","ast-site-content-layout":"default","site-content-style":"default","site-sidebar-style":"default","ast-global-header-display":"","ast-banner-title-visibility":"","ast-main-header-display":"","ast-hfb-above-header-display":"","ast-hfb-below-header-display":"","ast-hfb-mobile-header-display":"","site-post-title":"","ast-breadcrumbs-content":"","ast-featured-img":"","footer-sml-layout":"","ast-disable-related-posts":"","theme-transparent-header-meta":"default","adv-header-id-meta":"","stick-header-meta":"","header-above-stick-meta":"","header-main-stick-meta":"","header-below-stick-meta":"","astra-migrate-meta-layouts":"set","ast-page-background-enabled":"default","ast-page-background-meta":{"desktop":{"background-color":"","background-image":"","background-repeat":"repeat","background-position":"center center","background-size":"auto","background-attachment":"scroll","background-type":"","background-media":"","overlay-type":"","overlay-color":"","overlay-opacity":"","overlay-gradient":""},"tablet":{"background-color":"","background-image":"","background-repeat":"repeat","background-position":"center center","background-size":"auto","background-attachment":"scroll","background-type":"","background-media":"","overlay-type":"","overlay-color":"","overlay-opacity":"","overlay-gradient":""},"mobile":{"background-color":"","background-image":"","background-repeat":"repeat","background-position":"center center","background-size":"auto","background-attachment":"scroll","background-type":"","background-media":"","overlay-type":"","overlay-color":"","overlay-opacity":"","overlay-gradient":""}},"ast-content-background-meta":{"desktop":{"background-color":"var(--ast-global-color-5)","background-image":"","background-repeat":"repeat","background-position":"center center","background-size":"auto","background-attachment":"scroll","background-type":"","background-media":"","overlay-type":"","overlay-color":"","overlay-opacity":"","overlay-gradient":""},"tablet":{"background-color":"var(--ast-global-color-5)","background-image":"","background-repeat":"repeat","background-position":"center center","background-size":"auto","background-attachment":"scroll","background-type":"","background-media":"","overlay-type":"","overlay-color":"","overlay-opacity":"","overlay-gradient":""},"mobile":{"background-color":"var(--ast-global-color-5)","background-image":"","background-repeat":"repeat","background-position":"center center","background-size":"auto","background-attachment":"scroll","background-type":"","background-media":"","overlay-type":"","overlay-color":"","overlay-opacity":"","overlay-gradient":""}},"_joinchat":{"telephone":"+8617776015835"}},"product_brand":[],"product_cat":[67,64,154,157,143,357,144],"product_tag":[484,197,196,165,198,199,97,166,94],"class_list":{"0":"post-3365","1":"product","2":"type-product","3":"status-publish","4":"has-post-thumbnail","6":"product_cat-30000-puff","7":"product_cat-bangbox-vape","8":"product_cat-buy-disposable-vapes-in-netherlands","9":"product_cat-buy-disposable-vapes-in-portugal","10":"product_cat-dual-mesh-disposable-vapes","11":"product_cat-flavor-adjustable-vape","12":"product_cat-low-nicotine-disposable-vapes","13":"product_tag-2-in-1-disposable-vape","14":"product_tag-bang-30000","15":"product_tag-bang-vape","16":"product_tag-cheap-vapes","17":"product_tag-double-flavor-disposable-vape","18":"product_tag-dual-flavour-disposable-vape","19":"product_tag-hot-sale-disposable-vape","20":"product_tag-low-nicotine-vape","21":"product_tag-rechargeable-disposable-vape","22":"desktop-align-left","23":"tablet-align-left","24":"mobile-align-left","26":"first","27":"instock","28":"sale","29":"shipping-taxable","30":"purchasable","31":"product-type-simple"},"acf":[],"uagb_featured_image_src":{"full":["https:\/\/vapestornado.com\/wp-content\/uploads\/2024\/12\/Bang-Box-Dispsoable-Vape-30000-Puffs-Wholesale.jpg",1126,1126,false],"thumbnail":["https:\/\/vapestornado.com\/wp-content\/uploads\/2024\/12\/Bang-Box-Dispsoable-Vape-30000-Puffs-Wholesale-150x150.jpg",150,150,true],"medium":["https:\/\/vapestornado.com\/wp-content\/uploads\/2024\/12\/Bang-Box-Dispsoable-Vape-30000-Puffs-Wholesale-300x300.jpg",300,300,true],"medium_large":["https:\/\/vapestornado.com\/wp-content\/uploads\/2024\/12\/Bang-Box-Dispsoable-Vape-30000-Puffs-Wholesale-768x768.jpg",768,768,true],"large":["https:\/\/vapestornado.com\/wp-content\/uploads\/2024\/12\/Bang-Box-Dispsoable-Vape-30000-Puffs-Wholesale-1024x1024.jpg",1024,1024,true],"1536x1536":["https:\/\/vapestornado.com\/wp-content\/uploads\/2024\/12\/Bang-Box-Dispsoable-Vape-30000-Puffs-Wholesale.jpg",1126,1126,false],"2048x2048":["https:\/\/vapestornado.com\/wp-content\/uploads\/2024\/12\/Bang-Box-Dispsoable-Vape-30000-Puffs-Wholesale.jpg",1126,1126,false],"trp-custom-language-flag":["https:\/\/vapestornado.com\/wp-content\/uploads\/2024\/12\/Bang-Box-Dispsoable-Vape-30000-Puffs-Wholesale.jpg",12,12,false],"woocommerce_thumbnail":["https:\/\/vapestornado.com\/wp-content\/uploads\/2024\/12\/Bang-Box-Dispsoable-Vape-30000-Puffs-Wholesale-300x300.jpg",300,300,true],"woocommerce_single":["https:\/\/vapestornado.com\/wp-content\/uploads\/2024\/12\/Bang-Box-Dispsoable-Vape-30000-Puffs-Wholesale-600x600.jpg",600,600,true],"woocommerce_gallery_thumbnail":["https:\/\/vapestornado.com\/wp-content\/uploads\/2024\/12\/Bang-Box-Dispsoable-Vape-30000-Puffs-Wholesale-100x100.jpg",100,100,true]},"uagb_author_info":{"display_name":"ESAMY","author_link":"https:\/\/vapestornado.com\/lt\/author\/"},"uagb_comment_info":1,"uagb_excerpt":"Bang Box 30000 Puffs double flavour disposable vape pen with 35ml pre-filled e-liquid, 0.8\u03a9 mesh coil, 850mAh Type-C rechargeable battery, and 0%\/2%\/5% nicotine options. Lightweight 129g design and dual-flavour switching for long, stable, high-value vaping. Add Amy's whatsapp get right reply and vape coupon! WhatsApp: +86 17776015835 &nbsp;","_links":{"self":[{"href":"https:\/\/vapestornado.com\/lt\/wp-json\/wp\/v2\/product\/3365","targetHints":{"allow":["GET"]}}],"collection":[{"href":"https:\/\/vapestornado.com\/lt\/wp-json\/wp\/v2\/product"}],"about":[{"href":"https:\/\/vapestornado.com\/lt\/wp-json\/wp\/v2\/types\/product"}],"replies":[{"embeddable":true,"href":"https:\/\/vapestornado.com\/lt\/wp-json\/wp\/v2\/comments?post=3365"}],"wp:featuredmedia":[{"embeddable":true,"href":"https:\/\/vapestornado.com\/lt\/wp-json\/wp\/v2\/media\/3362"}],"wp:attachment":[{"href":"https:\/\/vapestornado.com\/lt\/wp-json\/wp\/v2\/media?parent=3365"}],"wp:term":[{"taxonomy":"product_brand","embeddable":true,"href":"https:\/\/vapestornado.com\/lt\/wp-json\/wp\/v2\/product_brand?post=3365"},{"taxonomy":"product_cat","embeddable":true,"href":"https:\/\/vapestornado.com\/lt\/wp-json\/wp\/v2\/product_cat?post=3365"},{"taxonomy":"product_tag","embeddable":true,"href":"https:\/\/vapestornado.com\/lt\/wp-json\/wp\/v2\/product_tag?post=3365"}],"curies":[{"name":"wp","href":"https:\/\/api.w.org\/{rel}","templated":true}]}}