{"id":3338,"date":"2024-12-23T09:49:23","date_gmt":"2024-12-23T09:49:23","guid":{"rendered":"https:\/\/vapestornado.com\/?post_type=product&#038;p=3338"},"modified":"2025-12-08T09:54:00","modified_gmt":"2025-12-08T09:54:00","slug":"bood-twins-46000-puff-double-flavour-low-nicotine-disposable-vape-wholesale-bulk-buy-price","status":"publish","type":"product","link":"https:\/\/vapestornado.com\/lt\/product\/bood-twins-46000-puff-double-flavour-low-nicotine-disposable-vape-wholesale-bulk-buy-price\/","title":{"rendered":"Bood Twins 46000 \u012ftraukim\u0173 dvigubo skonio ma\u017eo nikotino vienkartinis garintuvas didmenin\u0117 prekyba urmu kaina"},"content":{"rendered":"<h2 class=\"product-title\">Bood Twins 46000 P\u016bsl\u0117s dviej\u0173 skoni\u0173 vienkartinis vape pod su dviej\u0173 skoni\u0173 perjungimu ir i\u0161maniu LED ekranu<\/h2>\n<p data-start=\"1069\" data-end=\"1289\">\u0160is <strong data-start=\"113\" data-end=\"138\">Bood Twins 46000 Puffs<\/strong> yra didel\u0117s talpos vienkartinis vape podas, skirtas vartotojams, kurie nori dviej\u0173 skoni\u0173 viename \u012frenginyje ir ilgaam\u017ei\u0161kumo, kuris nei\u0161senka po keli\u0173 dien\u0173. Jis suteikia <strong data-start=\"286\" data-end=\"308\">iki 46 000 \u012fkv\u0117pim\u0173<\/strong>, veikia su <strong data-start=\"320\" data-end=\"344\">30 ml i\u0161 anksto u\u017epildyta talpa<\/strong>, ir prideda <strong data-start=\"357\" data-end=\"380\">dviej\u0173 skoni\u0173 perjungimo funkcij\u0105<\/strong> taip, kad gal\u0117tum\u0117te keisti skon\u012f nesikeisdami \u012frenginio. <strong data-start=\"433\" data-end=\"485\">650mAh \u012fkraunama baterija su Type-C \u012fkrovimu<\/strong> laikiklis <strong data-start=\"541\" data-end=\"561\">LED i\u0161manus ekranas<\/strong> laikosi gyvas iki skys\u010dio pabaigos, o<\/p>\n<h3 data-start=\"862\" data-end=\"937\">rodo \u012fkv\u0117pim\u0173 skai\u010di\u0173, baterijos lyg\u012f ir skys\u010dio b\u016bsen\u0105 realiu laiku.<\/h3>\n<ul data-start=\"939\" data-end=\"1937\">\n<li data-start=\"939\" data-end=\"1160\">\n<p data-start=\"941\" data-end=\"1160\"><strong data-start=\"941\" data-end=\"978\">Kod\u0117l verta pirkti \u0161\u012f Bood Twins 46000 \u012fkv\u0117pim\u0173 model\u012f?<\/strong> Talpa, paremta tikru aparatu. <strong data-start=\"1045\" data-end=\"1065\">30 ml e-skys\u010dio<\/strong> 46K \u012fvertinimas n\u0117ra tik skai\u010dius ant d\u0117\u017eut\u0117s \u2014 jis yra paremta<\/p>\n<\/li>\n<li data-start=\"1162\" data-end=\"1385\">\n<p data-start=\"1164\" data-end=\"1385\"><strong data-start=\"1164\" data-end=\"1200\">ir \u012fkraunama baterija, tod\u0117l \u012frenginys gali ilgai veikti be ankstyvo i\u0161sekimo.<\/strong> \u0160is <strong data-start=\"1205\" data-end=\"1230\">Dvi skoni\u0173 galimyb\u0117s be papildomo svorio.<\/strong> dviej\u0173 skoni\u0173 sistema<\/p>\n<\/li>\n<li data-start=\"1387\" data-end=\"1562\">\n<p data-start=\"1389\" data-end=\"1562\"><strong data-start=\"1389\" data-end=\"1450\">yra prakti\u0161ka kasdieniam naudojimui: perjunkite profilius, kai kei\u010diasi j\u016bs\u0173 skonis, vietoje dviej\u0173 vienkartini\u0173 ar likti su vienu skoniu savaites.<\/strong> Su <strong data-start=\"1456\" data-end=\"1489\">\u012ekraunama galia pa\u0161alina \u012fprast\u0105 vienkartinio \u012frenginio silpnyb\u0119.<\/strong>650mAh + Type-C greitas \u012fkrovimas<\/p>\n<\/li>\n<li data-start=\"1564\" data-end=\"1753\">\n<p data-start=\"1566\" data-end=\"1753\"><strong data-start=\"1566\" data-end=\"1593\">Ai\u0161kios informacijos per\u017ei\u016bra vienu \u017evilgsniu.<\/strong> \u0160is <strong data-start=\"1598\" data-end=\"1618\">LED i\u0161manus ekranas<\/strong> teikia realaus laiko p\u016btimo skai\u010di\u0173, akumuliatoriaus ir skys\u010dio b\u016bsen\u0105. Tai rei\u0161kia ma\u017eiau netik\u0117tum\u0173 ir geresn\u012f kontrol\u0119, kada \u012fkrauti ar pakeisti.<\/p>\n<\/li>\n<li data-start=\"1755\" data-end=\"1937\">\n<p data-start=\"1757\" data-end=\"1937\"><strong data-start=\"1757\" data-end=\"1806\">Nikotino pasirinkimai lieka paprasti ir ES draugi\u0161ki.<\/strong> <strong data-start=\"1807\" data-end=\"1825\">0%, 2% ir 5%<\/strong> apima nikotino neturin\u010dio naudojimo galimybes, lengvesnes kasdienes \u012fpro\u010dius ir stipresnius \u012fkv\u0117pimus \u2014 ne\u012fpareigojant vieno intensyvumo visiems naudotojams.<\/p>\n<\/li>\n<\/ul>\n<p><strong>Prid\u0117kite Amy's Whatsapp, gaukite teising\u0105 atsakym\u0105 ir kupon\u0105 garintuvui!<\/strong><\/p>\n<p><img fetchpriority=\"high\" decoding=\"async\" class=\"size-full wp-image-2932\" src=\"https:\/\/vapestornado.com\/wp-content\/uploads\/2024\/12\/Vape-Wholesale.jpg\" alt=\"Garintuvai Didmenin\u0117 prekyba\" width=\"229\" height=\"300\" \/><\/p>\n<h3><a href=\"https:\/\/wa.me\/8617776015835\" target=\"_blank\" rel=\"noopener\"><span style=\"color: #ff0000;\"><strong>WhatsApp: +86 17776015835<\/strong><\/span><\/a><\/h3>\n<p>&nbsp;<\/p>\n<h2><span style=\"font-size: 1.5em; font-weight: bold;\">Bood Twins 46000 pagrindin\u0117s gaminio savyb\u0117s\u00a0<\/span><\/h2>\n<div role=\"article\" data-tabster=\"{&quot;groupper&quot;:{&quot;tabbability&quot;:2},&quot;focusable&quot;:{}}\" data-content=\"ai-message\" aria-labelledby=\"juhNTJ6o7Gk1cgwZMJgv2-author juhNTJ6o7Gk1cgwZMJgv2-content\">\n<div id=\"juhNTJ6o7Gk1cgwZMJgv2-content\">\n<div role=\"article\" data-tabster=\"{&quot;groupper&quot;:{&quot;tabbability&quot;:2},&quot;focusable&quot;:{}}\" data-content=\"ai-message\" aria-labelledby=\"x4EZuCZWrTbh3weWUt7CU-author x4EZuCZWrTbh3weWUt7CU-content\">\n<div id=\"x4EZuCZWrTbh3weWUt7CU-content\">\n<table>\n<thead>\n<tr>\n<th>Funkcija<\/th>\n<th>Specifikacija<\/th>\n<th>Detal\u0117s<\/th>\n<\/tr>\n<\/thead>\n<tbody>\n<tr>\n<td>\u012ep\u016btim\u0173 talpa<\/td>\n<td>Iki 46 000 p\u016btim\u0173<\/td>\n<td>Auk\u0161tos trukm\u0117s vienkartinis \u012frenginys, skirtas ilgalaikiam kasdieniam naudojimui.<\/td>\n<\/tr>\n<tr>\n<td>Skoni\u0173 sistema<\/td>\n<td>Dvigubo skonio (dvigubo skonio jungiklis)<\/td>\n<td>Du skonio profiliai viename \u012frenginyje; keiskite bet kada.<\/td>\n<\/tr>\n<tr>\n<td>E-skys\u010dio t\u016bris<\/td>\n<td>30 ml i\u0161 anksto u\u017epildyta<\/td>\n<td>Didelis rezervuaras palaiko ilgus seansus ir stabil\u0173 i\u0161\u0117jim\u0105.<\/td>\n<\/tr>\n<tr>\n<td>Baterija<\/td>\n<td>650mAh \u012fkraunamas<\/td>\n<td>\u012ekraukite, kad naudotum\u0117te vis\u0105 skys\u010dio talp\u0105, o ne anksti i\u0161mesti.<\/td>\n<\/tr>\n<tr>\n<td>\u012ekrovimas<\/td>\n<td>Type-C greitas \u012fkrovimas<\/td>\n<td>Greiti papildymai su standartiniais ES kabeliais.<\/td>\n<\/tr>\n<tr>\n<td>Ekranas<\/td>\n<td>LED i\u0161manus ekranas<\/td>\n<td>Rodo p\u016btim\u0173 skai\u010di\u0173, akumuliatoriaus lyg\u012f ir skys\u010dio b\u016bsen\u0105 realiu laiku.<\/td>\n<\/tr>\n<tr>\n<td>Nikotino stiprumai<\/td>\n<td>0% \/ 2% \/ 5% druskos nikotinas<\/td>\n<td>Tinka nikotino neturintiems naudotojams, lengvesniems \u012fpro\u010diams ir sunkesniems naudotojams.<\/td>\n<\/tr>\n<tr>\n<td>Paskirtis<\/td>\n<td>Vienkartinis, didel\u0117s talpos<\/td>\n<td>Paprasta naudoti su ilgu veikimo laiku.<\/td>\n<\/tr>\n<\/tbody>\n<\/table>\n<\/div>\n<\/div>\n<\/div>\n<\/div>\n<h2 class=\"product-title\"><strong>Populiariausi skoniai, skirti \"Bood Twins 46000 Puffs\"<\/strong><\/h2>\n<p>1.Arb\u016bzas <strong><span style=\"color: #ff0000;\">&gt;&gt;&gt;&gt;&gt; Kar\u0161ta !<\/span><\/strong><br \/>\n2.Obuolys<br \/>\n3.Laimas<br \/>\n4.\u017dalias obuolys<br \/>\n5.M\u0117lyni\u0173 r\u016bg\u0161\u010dios aviet\u0117s <strong><span style=\"color: #ff0000;\">&gt;&gt;&gt;&gt; Geriausias pasirinkimas!<\/span><\/strong><br \/>\n6.Juod\u0173j\u0173 serbent\u0173 aviet\u0117s<br \/>\n7.Persik\u0173 mangai<br \/>\n8.Vynuog\u0117s <strong><span style=\"color: #ff0000;\">&gt;&gt;&gt;&gt;&gt; Kar\u0161ta !<\/span><\/strong><br \/>\n9.Ro\u017einis limonadas<br \/>\n10.\u017daliosios vynuog\u0117s<\/p>\n<h2>Kod\u0117l verta rinktis \"vapestornado\" didmeninei prekybai \"Bood Twins 46000 Puffs Vape\"?<\/h2>\n<div class=\"flex-shrink-0 flex flex-col relative items-end\">\n<div class=\"pt-0\">\n<div class=\"gizmo-bot-avatar flex h-8 w-8 items-center justify-center overflow-hidden rounded-full\">\n<div class=\"relative p-1 rounded-sm flex items-center justify-center bg-token-main-surface-primary text-token-text-primary h-8 w-8\">\n<p>Sveiki atvyk\u0119 \u012f vapestornado \u2013 j\u016bs\u0173 patikim\u0105 internetin\u0119 auk\u0161\u010diausios kokyb\u0117s vienkartini\u0173 garinimo priemoni\u0173 parduotuv\u0119. Tur\u0117dami daugiau nei 5 met\u0173 patirt\u012f, si\u016blome populiarius vienkartini\u0173 garinimo priemoni\u0173 prek\u0117s \u017eenklus, tokius kaip Fumot RandM Vape, <a href=\"https:\/\/vapestornado.com\/lt\/product\/vapme-crystal-7000-puffs-rechargeable-disposable-vape-wholesale-cheap-price\/\">Vapme<\/a>, Bang Vape, Waspe Vape, ir WGA Vape ir kt.<\/p>\n<p>M\u016bs\u0173 asortimentas apima populiarias garinimo priemones, tokias kaip <a href=\"https:\/\/vapestornado.com\/lt\/product\/fumot-randm-tornado-15000-puffs-rechargeable-disposable-vape-wholesale\/\">RandM Tornado 15000<\/a>, ir skoni\u0173 turtingus pasirinkimus, tokius kaip <a href=\"https:\/\/vapestornado.com\/lt\/product\/vapsolo-dg-18000-puffs-smart-screen-wholesale-disposable-cheap-vapes\/\">\u00a0Vapsalo DG18000 P\u016bsl\u0117s<\/a> . Kiekvienas produktas yra atrenkamas, akcentuojant kokyb\u0119, vert\u0119 ir \u012fvairov\u0119, u\u017etikrinant, kad rastum\u0117te tobul\u0105 variant\u0105 savo poreikiams. Atraskite i\u0161skirtin\u012f aptarnavim\u0105 ir plat\u0173 auk\u0161\u010diausios kokyb\u0117s produkt\u0173 asortiment\u0105 didmenin\u0117mis kainomis vapestornado svetain\u0117je.<\/p>\n<\/div>\n<figure id=\"attachment_3305\" aria-describedby=\"caption-attachment-3305\" style=\"width: 1126px\" class=\"wp-caption alignnone\"><img decoding=\"async\" class=\"wp-image-3305 size-full\" src=\"https:\/\/vapestornado.com\/wp-content\/uploads\/2024\/12\/Best-Bood-Twins-46000-Puff-Disposable-Vape.jpg\" alt=\"Geriausias &quot;Bood Twins 46000 Puff&quot; vienkartinis veipas\" width=\"1126\" height=\"1126\" srcset=\"https:\/\/vapestornado.com\/wp-content\/uploads\/2024\/12\/Best-Bood-Twins-46000-Puff-Disposable-Vape.jpg 1126w, https:\/\/vapestornado.com\/wp-content\/uploads\/2024\/12\/Best-Bood-Twins-46000-Puff-Disposable-Vape-300x300.jpg 300w, https:\/\/vapestornado.com\/wp-content\/uploads\/2024\/12\/Best-Bood-Twins-46000-Puff-Disposable-Vape-1024x1024.jpg 1024w, https:\/\/vapestornado.com\/wp-content\/uploads\/2024\/12\/Best-Bood-Twins-46000-Puff-Disposable-Vape-150x150.jpg 150w, https:\/\/vapestornado.com\/wp-content\/uploads\/2024\/12\/Best-Bood-Twins-46000-Puff-Disposable-Vape-768x768.jpg 768w, https:\/\/vapestornado.com\/wp-content\/uploads\/2024\/12\/Best-Bood-Twins-46000-Puff-Disposable-Vape-600x600.jpg 600w, https:\/\/vapestornado.com\/wp-content\/uploads\/2024\/12\/Best-Bood-Twins-46000-Puff-Disposable-Vape-100x100.jpg 100w\" sizes=\"(max-width: 1126px) 100vw, 1126px\" \/><figcaption id=\"caption-attachment-3305\" class=\"wp-caption-text\">Geriausias \"Bood Twins 46000 Puff\" vienkartinis veipas<\/figcaption><\/figure>\n<div class=\"relative p-1 rounded-sm flex items-center justify-center bg-token-main-surface-primary text-token-text-primary h-8 w-8\">\n<h2>DUK apie \"Bood Twins 46k\" vienkartin\u012f veip\u0105<\/h2>\n<\/div>\n<\/div>\n<\/div>\n<\/div>\n<div class=\"flex-shrink-0 flex flex-col relative items-end\">\n<div class=\"pt-0\">\n<div class=\"gizmo-bot-avatar flex h-8 w-8 items-center justify-center overflow-hidden rounded-full\">\n<div class=\"relative p-1 rounded-sm flex items-center justify-center bg-token-main-surface-primary text-token-text-primary h-8 w-8\">\n<div class=\"mb-2 flex gap-3 empty:hidden -ml-2\">\n<div role=\"article\" data-tabster=\"{&quot;groupper&quot;:{&quot;tabbability&quot;:2},&quot;focusable&quot;:{}}\" data-content=\"ai-message\" aria-labelledby=\"Vdt5ez4X7Tg813x6rFVha-author Vdt5ez4X7Tg813x6rFVha-content\">\n<div id=\"Vdt5ez4X7Tg813x6rFVha-content\">\n<div role=\"article\" data-tabster=\"{&quot;groupper&quot;:{&quot;tabbability&quot;:2},&quot;focusable&quot;:{}}\" data-content=\"ai-message\" aria-labelledby=\"o968oC7CEo2fGHsGdsRYC-author o968oC7CEo2fGHsGdsRYC-content\">\n<div id=\"o968oC7CEo2fGHsGdsRYC-content\">\n<div class=\"flex max-w-full flex-col flex-grow\">\n<div class=\"min-h-8 text-message flex w-full flex-col items-end gap-2 whitespace-normal break-words text-start [.text-message+&amp;]:mt-5\" dir=\"auto\" data-message-author-role=\"assistant\" data-message-id=\"b080906d-586a-45a5-bbed-ade28bd7e809\" data-message-model-slug=\"gpt-4o\">\n<div class=\"flex w-full flex-col gap-1 empty:hidden first:pt-[3px]\">\n<div class=\"markdown prose w-full break-words dark:prose-invert light\">\n<ol data-start=\"3606\" data-end=\"4787\">\n<li data-start=\"3606\" data-end=\"3867\">\n<p data-start=\"3609\" data-end=\"3867\"><strong data-start=\"3609\" data-end=\"3725\">Kaip Bood Twins 46000 P\u016btim\u0173 dvigubo skonio vienkartinis vape i\u0161laiko nuoseklum\u0105 tokio didelio p\u016btim\u0173 skai\u010diaus?<\/strong><br data-start=\"3725\" data-end=\"3728\" \/>Derinys i\u0161 <strong data-start=\"3749\" data-end=\"3762\">30ml talpa<\/strong> ir \u012fkraunamos galios palaiko ilgalaik\u012f naudojim\u0105 be ry\u0161kaus nuosmukio, kur\u012f da\u017enai rodo ma\u017eesni vienkartiniai \u012frenginiai.<\/p>\n<\/li>\n<li data-start=\"3869\" data-end=\"4092\">\n<p data-start=\"3872\" data-end=\"4092\"><strong data-start=\"3872\" data-end=\"3970\">Koks praktinis Bood Twins 46K dvigubo skonio jungiklio prana\u0161umas kasdieniniame vaping'e?<\/strong><br data-start=\"3970\" data-end=\"3973\" \/>Jis leid\u017eia keisti skon\u012f pagal poreik\u012f, kas i\u0161laiko patirt\u012f \u0161vie\u017ei\u0105 savai\u010di\u0173 naudojimo metu be reikalo naudoti antr\u0105 \u012frengin\u012f.<\/p>\n<\/li>\n<li data-start=\"4094\" data-end=\"4311\">\n<p data-start=\"4097\" data-end=\"4311\"><strong data-start=\"4097\" data-end=\"4193\">Ar Bood Twins 46000 P\u016btim\u0173 Type-C \u012fkraunamas vienkartinis \u012frenginys su pilnu 30 ml skys\u010dio kiekiu?<\/strong><br data-start=\"4193\" data-end=\"4196\" \/>\u012ekraunamumas yra sukurtas tam tikslui \u2014 jei baterija i\u0161sikrauna anks\u010diau nei skystis, Type-C \u012fkrovimas j\u0105 palaiko.<\/p>\n<\/li>\n<li data-start=\"4313\" data-end=\"4542\">\n<p data-start=\"4316\" data-end=\"4542\"><strong data-start=\"4316\" data-end=\"4405\">Kiek patikimas yra LED i\u0161manusis ekranas ant Bood Twins 46000 Purk\u0161tuk\u0173 didel\u0117s talpos vape?<\/strong><br data-start=\"4405\" data-end=\"4408\" \/>Ekranas rodo <strong data-start=\"4425\" data-end=\"4466\">p\u016btim\u0173 skai\u010dius, baterija ir skys\u010dio b\u016bkl\u0117<\/strong>, suteikiant ai\u0161ki\u0105, realiu laiku sekam\u0105 informacij\u0105, kad gal\u0117tum\u0117te planuoti \u012fkrovim\u0105 ir keitim\u0105.<\/p>\n<\/li>\n<li data-start=\"4544\" data-end=\"4787\">\n<p data-start=\"4547\" data-end=\"4787\"><strong data-start=\"4547\" data-end=\"4650\">Kokia nikotino stiprumo r\u016b\u0161is tinka skirtingiems naudotojams ant Bood Twins 46000 Purk\u0161tuk\u0173 ma\u017eo nikotino vienkartinio?<\/strong><br data-start=\"4650\" data-end=\"4653\" \/><strong data-start=\"4653\" data-end=\"4659\">0%<\/strong> tinka tik skonio naudojimui, <strong data-start=\"4688\" data-end=\"4694\">2%<\/strong> tinka lengviems iki vidutiniams kasdieniams \u012fpro\u010diams, ir <strong data-start=\"4736\" data-end=\"4742\">5%<\/strong> yra skirta naudotojams, kurie nori stipresnio pasitenkinimo.<\/p>\n<\/li>\n<\/ol>\n<\/div>\n<\/div>\n<\/div>\n<\/div>\n<\/div>\n<\/div>\n<\/div>\n<\/div>\n<\/div>\n<\/div>\n<\/div>\n<\/div>\n<\/div>","protected":false},"excerpt":{"rendered":"<p data-start=\"1329\" data-end=\"1500\">Bood Twins 46000 P\u016bsl\u0117s dviej\u0173 skoni\u0173 vienkartinis vape su 30ml i\u0161 anksto pripildyto e-skys\u010dio, dviej\u0173 skoni\u0173 perjungimu, i\u0161maniu LED ekranu ir 650mAh Type-C \u012fkraunama baterija. Iki 46 000 \u012fkv\u0117pim\u0173 su 0%, 2% arba 5% nikotino, skirto ilgalaikiam, kontroliuojamam, skoni\u0173 \u012fvairov\u0117s naudojimui. <strong data-start=\"1456\" data-end=\"1497\">didmeniniams u\u017esakymams pigiomis kainomis<\/strong>.<\/p>\n<p><strong>Prid\u0117kite Amy whatsapp, gaukite tiesiogin\u012f atsakym\u0105 ir kupon\u0105 veipui!<\/strong><\/p>\n<p><img fetchpriority=\"high\" decoding=\"async\" class=\"size-full wp-image-2932\" src=\"https:\/\/vapestornado.com\/wp-content\/uploads\/2024\/12\/Vape-Wholesale.jpg\" alt=\"Garintuvai Didmenin\u0117 prekyba\" width=\"229\" height=\"300\" \/><\/p>\n<h3><a href=\"https:\/\/wa.me\/8617776015835\"><span style=\"color: #ff0000;\"><strong>WhatsApp: +86 17776015835<\/strong><\/span><\/a><\/h3>\n<p>&nbsp;<\/p>","protected":false},"featured_media":3307,"comment_status":"open","ping_status":"closed","template":"","meta":{"_acf_changed":false,"_uag_custom_page_level_css":"","_lmt_disableupdate":"no","_lmt_disable":"","_monsterinsights_skip_tracking":false,"_monsterinsights_sitenote_active":false,"_monsterinsights_sitenote_note":"","_monsterinsights_sitenote_category":0,"site-sidebar-layout":"default","site-content-layout":"","ast-site-content-layout":"default","site-content-style":"default","site-sidebar-style":"default","ast-global-header-display":"","ast-banner-title-visibility":"","ast-main-header-display":"","ast-hfb-above-header-display":"","ast-hfb-below-header-display":"","ast-hfb-mobile-header-display":"","site-post-title":"","ast-breadcrumbs-content":"","ast-featured-img":"","footer-sml-layout":"","ast-disable-related-posts":"","theme-transparent-header-meta":"default","adv-header-id-meta":"","stick-header-meta":"","header-above-stick-meta":"","header-main-stick-meta":"","header-below-stick-meta":"","astra-migrate-meta-layouts":"set","ast-page-background-enabled":"default","ast-page-background-meta":{"desktop":{"background-color":"","background-image":"","background-repeat":"repeat","background-position":"center center","background-size":"auto","background-attachment":"scroll","background-type":"","background-media":"","overlay-type":"","overlay-color":"","overlay-opacity":"","overlay-gradient":""},"tablet":{"background-color":"","background-image":"","background-repeat":"repeat","background-position":"center center","background-size":"auto","background-attachment":"scroll","background-type":"","background-media":"","overlay-type":"","overlay-color":"","overlay-opacity":"","overlay-gradient":""},"mobile":{"background-color":"","background-image":"","background-repeat":"repeat","background-position":"center center","background-size":"auto","background-attachment":"scroll","background-type":"","background-media":"","overlay-type":"","overlay-color":"","overlay-opacity":"","overlay-gradient":""}},"ast-content-background-meta":{"desktop":{"background-color":"var(--ast-global-color-5)","background-image":"","background-repeat":"repeat","background-position":"center center","background-size":"auto","background-attachment":"scroll","background-type":"","background-media":"","overlay-type":"","overlay-color":"","overlay-opacity":"","overlay-gradient":""},"tablet":{"background-color":"var(--ast-global-color-5)","background-image":"","background-repeat":"repeat","background-position":"center center","background-size":"auto","background-attachment":"scroll","background-type":"","background-media":"","overlay-type":"","overlay-color":"","overlay-opacity":"","overlay-gradient":""},"mobile":{"background-color":"var(--ast-global-color-5)","background-image":"","background-repeat":"repeat","background-position":"center center","background-size":"auto","background-attachment":"scroll","background-type":"","background-media":"","overlay-type":"","overlay-color":"","overlay-opacity":"","overlay-gradient":""}},"_joinchat":{"telephone":"+8617776015835"}},"product_brand":[],"product_cat":[140,230,193,149,158,144,146],"product_tag":[194,165,91,195,97,166,189,191,94],"class_list":{"0":"post-3338","1":"product","2":"type-product","3":"status-publish","4":"has-post-thumbnail","6":"product_cat-big-puffs-disposable-vapes","7":"product_cat-46000-puff","8":"product_cat-bood-disposable-vapes","9":"product_cat-buy-disposable-vapes-in-austria","10":"product_cat-buy-disposable-vapes-in-spain","11":"product_cat-low-nicotine-disposable-vapes","12":"product_cat-rechargeable-disposable-vapes","13":"product_tag-bood-twins-46000","14":"product_tag-cheap-vapes","15":"product_tag-double-flavour","16":"product_tag-dual-flavor-disposable-vape","17":"product_tag-hot-sale-disposable-vape","18":"product_tag-low-nicotine-vape","19":"product_tag-puff-50k","20":"product_tag-pulse-disposable-vape","21":"product_tag-rechargeable-disposable-vape","22":"desktop-align-left","23":"tablet-align-left","24":"mobile-align-left","26":"first","27":"instock","28":"sale","29":"shipping-taxable","30":"purchasable","31":"product-type-simple"},"acf":[],"uagb_featured_image_src":{"full":["https:\/\/vapestornado.com\/wp-content\/uploads\/2024\/12\/Bood-Twins-46000-Disposable-Vape-Wholesale.jpg",1126,1126,false],"thumbnail":["https:\/\/vapestornado.com\/wp-content\/uploads\/2024\/12\/Bood-Twins-46000-Disposable-Vape-Wholesale-150x150.jpg",150,150,true],"medium":["https:\/\/vapestornado.com\/wp-content\/uploads\/2024\/12\/Bood-Twins-46000-Disposable-Vape-Wholesale-300x300.jpg",300,300,true],"medium_large":["https:\/\/vapestornado.com\/wp-content\/uploads\/2024\/12\/Bood-Twins-46000-Disposable-Vape-Wholesale-768x768.jpg",768,768,true],"large":["https:\/\/vapestornado.com\/wp-content\/uploads\/2024\/12\/Bood-Twins-46000-Disposable-Vape-Wholesale-1024x1024.jpg",1024,1024,true],"1536x1536":["https:\/\/vapestornado.com\/wp-content\/uploads\/2024\/12\/Bood-Twins-46000-Disposable-Vape-Wholesale.jpg",1126,1126,false],"2048x2048":["https:\/\/vapestornado.com\/wp-content\/uploads\/2024\/12\/Bood-Twins-46000-Disposable-Vape-Wholesale.jpg",1126,1126,false],"trp-custom-language-flag":["https:\/\/vapestornado.com\/wp-content\/uploads\/2024\/12\/Bood-Twins-46000-Disposable-Vape-Wholesale.jpg",12,12,false],"woocommerce_thumbnail":["https:\/\/vapestornado.com\/wp-content\/uploads\/2024\/12\/Bood-Twins-46000-Disposable-Vape-Wholesale-300x300.jpg",300,300,true],"woocommerce_single":["https:\/\/vapestornado.com\/wp-content\/uploads\/2024\/12\/Bood-Twins-46000-Disposable-Vape-Wholesale-600x600.jpg",600,600,true],"woocommerce_gallery_thumbnail":["https:\/\/vapestornado.com\/wp-content\/uploads\/2024\/12\/Bood-Twins-46000-Disposable-Vape-Wholesale-100x100.jpg",100,100,true]},"uagb_author_info":{"display_name":"ESAMY","author_link":"https:\/\/vapestornado.com\/lt\/author\/"},"uagb_comment_info":0,"uagb_excerpt":"Bood Twins 46000 Puff double-flavour disposable vape with 30ml pre-filled e-liquid, dual-flavour switching, smart LED screen, and 650mAh Type-C rechargeable battery. Up to 46,000 puffs with 0%, 2%, or 5% nicotine for long, controlled, flavour-varied use. wholesale bulk orders at cheap prices. Add Amy's whatsapp get right reply and vape coupon! WhatsApp: +86 17776015835 &nbsp;","_links":{"self":[{"href":"https:\/\/vapestornado.com\/lt\/wp-json\/wp\/v2\/product\/3338","targetHints":{"allow":["GET"]}}],"collection":[{"href":"https:\/\/vapestornado.com\/lt\/wp-json\/wp\/v2\/product"}],"about":[{"href":"https:\/\/vapestornado.com\/lt\/wp-json\/wp\/v2\/types\/product"}],"replies":[{"embeddable":true,"href":"https:\/\/vapestornado.com\/lt\/wp-json\/wp\/v2\/comments?post=3338"}],"wp:featuredmedia":[{"embeddable":true,"href":"https:\/\/vapestornado.com\/lt\/wp-json\/wp\/v2\/media\/3307"}],"wp:attachment":[{"href":"https:\/\/vapestornado.com\/lt\/wp-json\/wp\/v2\/media?parent=3338"}],"wp:term":[{"taxonomy":"product_brand","embeddable":true,"href":"https:\/\/vapestornado.com\/lt\/wp-json\/wp\/v2\/product_brand?post=3338"},{"taxonomy":"product_cat","embeddable":true,"href":"https:\/\/vapestornado.com\/lt\/wp-json\/wp\/v2\/product_cat?post=3338"},{"taxonomy":"product_tag","embeddable":true,"href":"https:\/\/vapestornado.com\/lt\/wp-json\/wp\/v2\/product_tag?post=3338"}],"curies":[{"name":"wp","href":"https:\/\/api.w.org\/{rel}","templated":true}]}}