{"id":3302,"date":"2024-12-20T09:00:58","date_gmt":"2024-12-20T09:00:58","guid":{"rendered":"https:\/\/vapestornado.com\/?post_type=product&#038;p=3302"},"modified":"2025-08-23T10:40:53","modified_gmt":"2025-08-23T10:40:53","slug":"fumot-digital-box-12000-puffs-disposable-vape","status":"publish","type":"product","link":"https:\/\/vapestornado.com\/lt\/product\/fumot-digital-box-12000-puffs-disposable-vape\/","title":{"rendered":"Fumot Digital Box 12000 \u012ftraukim\u0173 vienkartinis garintuvas"},"content":{"rendered":"<h1>Fumot Digital Box 12000 \u012ftraukim\u0173 vienkartinis garintuvas<\/h1>\n<p data-start=\"283\" data-end=\"581\">\u0160is <strong data-start=\"287\" data-end=\"336\">Fumot Digital Box 12000 \u012ftraukim\u0173 vienkartinis garintuvas<\/strong> yra sukurtas ma\u017emenininkams ir platintojams, ie\u0161kantiems patikimo, funkcijomis apr\u016bpinto \u012frenginio. Su iki <strong data-start=\"437\" data-end=\"453\">12 000 \u012fkv\u0117pim\u0173<\/strong> vienetui ir <strong data-start=\"469\" data-end=\"502\">20 ml i\u0161 anksto u\u017epildytu e-skys\u010dio baku<\/strong>, jis si\u016blo puiki\u0105 vert\u0119 ir ilgalaik\u012f naudojim\u0105 klientams visoje Europoje.<\/p>\n<p data-start=\"583\" data-end=\"889\">Maitinamas <strong data-start=\"596\" data-end=\"627\">550 mAh \u012fkraunamas akumuliatorius<\/strong> su <strong data-start=\"633\" data-end=\"652\">Type-C \u012fkrovimu<\/strong>, \u201eFumot 12K\u201c u\u017etikrina nuosekl\u0173 na\u0161um\u0105 ir minimalias prastovas. Jo <strong data-start=\"720\" data-end=\"744\">tinklelio rit\u0117s technologija<\/strong> u\u017etikrina \u0161velnius garus ir piln\u0105 skon\u012f, o <strong data-start=\"794\" data-end=\"823\">skaitmeninio ekrano indikatoriai<\/strong> ai\u0161kiai rodo e. skys\u010dio ir baterijos lygius, kad b\u016bt\u0173 patogiau.<\/p>\n<p data-start=\"891\" data-end=\"1195\">Kompakti\u0161kas ir stilingas \u0161is \u012frenginys skirtas tiek pradedantiesiems, tiek patyrusiems garintojams, norintiems patikimo veikimo ne\u0161iojamame formate. Didmenininkams <strong data-start=\"1049\" data-end=\"1074\">\u201eFumot Digital Box 12K\u201c<\/strong> sujungia talp\u0105, modern\u0173 dizain\u0105 ir <strong data-start=\"1113\" data-end=\"1146\">konkurencingos didmenin\u0117s kainos<\/strong>, tod\u0117l tai yra pelningas pasirinkimas parduodant dideliais kiekiais.<\/p>\n<p><img fetchpriority=\"high\" decoding=\"async\" class=\"alignnone size-full wp-image-3415\" src=\"https:\/\/vapestornado.com\/wp-content\/uploads\/2024\/12\/RandM-Fumot-Vape-Distributor-Best-Price.jpg\" alt=\"RandM Fumot garintuv\u0173 platintojas Geriausia kaina\" width=\"1684\" height=\"1080\" srcset=\"https:\/\/vapestornado.com\/wp-content\/uploads\/2024\/12\/RandM-Fumot-Vape-Distributor-Best-Price.jpg 1684w, https:\/\/vapestornado.com\/wp-content\/uploads\/2024\/12\/RandM-Fumot-Vape-Distributor-Best-Price-300x192.jpg 300w, https:\/\/vapestornado.com\/wp-content\/uploads\/2024\/12\/RandM-Fumot-Vape-Distributor-Best-Price-1024x657.jpg 1024w, https:\/\/vapestornado.com\/wp-content\/uploads\/2024\/12\/RandM-Fumot-Vape-Distributor-Best-Price-768x493.jpg 768w, https:\/\/vapestornado.com\/wp-content\/uploads\/2024\/12\/RandM-Fumot-Vape-Distributor-Best-Price-1536x985.jpg 1536w, https:\/\/vapestornado.com\/wp-content\/uploads\/2024\/12\/RandM-Fumot-Vape-Distributor-Best-Price-600x385.jpg 600w\" sizes=\"(max-width: 1684px) 100vw, 1684px\" \/><\/p>\n<h3><strong>Produkto savyb\u0117s:<\/strong><\/h3>\n<ul>\n<li><strong>12000 \u012fkv\u0117pim\u0173 talpa<\/strong>: Ilgalaikis veikimas, u\u017etikrinantis garinim\u0105 be papildymo dien\u0173.<\/li>\n<li><strong>20 ml E-skys\u010dio<\/strong>: I\u0161 anksto u\u017epildytas j\u016bs\u0173 patogumui ir tobulam skoniui.<\/li>\n<li><strong>Tinklelio rit\u0117s technologija<\/strong>: Sklandus gar\u0173 gaminimas ir intensyvus skonis.<\/li>\n<li><strong>550 mAh \u012fkraunamas akumuliatorius<\/strong>: Palaiko ilgesn\u012f naudojim\u0105 su patikima galia.<\/li>\n<li><strong>E-skystis<\/strong>: Lengvai gaukite informacij\u0105 apie savo garintuvo b\u016bsen\u0105.<\/li>\n<\/ul>\n<p><img decoding=\"async\" class=\"alignnone size-full wp-image-3413\" src=\"https:\/\/vapestornado.com\/wp-content\/uploads\/2024\/12\/Mesh-Coil-12000-Puffs-Disposable-Vape.png\" alt=\"Tinklin\u0117s spiral\u0117s 12000 p\u016btim\u0173 vienkartinis garintuvas\" width=\"1033\" height=\"592\" srcset=\"https:\/\/vapestornado.com\/wp-content\/uploads\/2024\/12\/Mesh-Coil-12000-Puffs-Disposable-Vape.png 1033w, https:\/\/vapestornado.com\/wp-content\/uploads\/2024\/12\/Mesh-Coil-12000-Puffs-Disposable-Vape-300x172.png 300w, https:\/\/vapestornado.com\/wp-content\/uploads\/2024\/12\/Mesh-Coil-12000-Puffs-Disposable-Vape-1024x587.png 1024w, https:\/\/vapestornado.com\/wp-content\/uploads\/2024\/12\/Mesh-Coil-12000-Puffs-Disposable-Vape-768x440.png 768w, https:\/\/vapestornado.com\/wp-content\/uploads\/2024\/12\/Mesh-Coil-12000-Puffs-Disposable-Vape-600x344.png 600w\" sizes=\"(max-width: 1033px) 100vw, 1033px\" \/> <img decoding=\"async\" class=\"alignnone size-full wp-image-3414\" src=\"https:\/\/vapestornado.com\/wp-content\/uploads\/2024\/12\/RandM-Fumot-12000-Puffs-Vape-Hot-Sale.png\" alt=\"RandM Fumot 12000 p\u016btim\u0173 garintuvas Kar\u0161tas i\u0161pardavimas\" width=\"1067\" height=\"609\" srcset=\"https:\/\/vapestornado.com\/wp-content\/uploads\/2024\/12\/RandM-Fumot-12000-Puffs-Vape-Hot-Sale.png 1067w, https:\/\/vapestornado.com\/wp-content\/uploads\/2024\/12\/RandM-Fumot-12000-Puffs-Vape-Hot-Sale-300x171.png 300w, https:\/\/vapestornado.com\/wp-content\/uploads\/2024\/12\/RandM-Fumot-12000-Puffs-Vape-Hot-Sale-1024x584.png 1024w, https:\/\/vapestornado.com\/wp-content\/uploads\/2024\/12\/RandM-Fumot-12000-Puffs-Vape-Hot-Sale-768x438.png 768w, https:\/\/vapestornado.com\/wp-content\/uploads\/2024\/12\/RandM-Fumot-12000-Puffs-Vape-Hot-Sale-600x342.png 600w\" sizes=\"(max-width: 1067px) 100vw, 1067px\" \/> <img loading=\"lazy\" decoding=\"async\" class=\"alignnone size-full wp-image-3410\" src=\"https:\/\/vapestornado.com\/wp-content\/uploads\/2024\/12\/Fumot-Digital-box-12000-Puffs-Disposable-Vape-Wholesale.png\" alt=\"Fumot Digital box 12000 p\u016btim\u0173 vienkartinis garintuvas didmenin\u0117 prekyba\" width=\"1010\" height=\"659\" srcset=\"https:\/\/vapestornado.com\/wp-content\/uploads\/2024\/12\/Fumot-Digital-box-12000-Puffs-Disposable-Vape-Wholesale.png 1010w, https:\/\/vapestornado.com\/wp-content\/uploads\/2024\/12\/Fumot-Digital-box-12000-Puffs-Disposable-Vape-Wholesale-300x196.png 300w, https:\/\/vapestornado.com\/wp-content\/uploads\/2024\/12\/Fumot-Digital-box-12000-Puffs-Disposable-Vape-Wholesale-768x501.png 768w, https:\/\/vapestornado.com\/wp-content\/uploads\/2024\/12\/Fumot-Digital-box-12000-Puffs-Disposable-Vape-Wholesale-600x391.png 600w\" sizes=\"(max-width: 1010px) 100vw, 1010px\" \/> <img loading=\"lazy\" decoding=\"async\" class=\"alignnone size-full wp-image-3406\" src=\"https:\/\/vapestornado.com\/wp-content\/uploads\/2024\/12\/550mAh-Fumot-Digital-Box-Vape-Trader.png\" alt=\"550 mAh Fumot Digital Box garintuv\u0173 prekiautojas\" width=\"1050\" height=\"659\" srcset=\"https:\/\/vapestornado.com\/wp-content\/uploads\/2024\/12\/550mAh-Fumot-Digital-Box-Vape-Trader.png 1050w, https:\/\/vapestornado.com\/wp-content\/uploads\/2024\/12\/550mAh-Fumot-Digital-Box-Vape-Trader-300x188.png 300w, https:\/\/vapestornado.com\/wp-content\/uploads\/2024\/12\/550mAh-Fumot-Digital-Box-Vape-Trader-1024x643.png 1024w, https:\/\/vapestornado.com\/wp-content\/uploads\/2024\/12\/550mAh-Fumot-Digital-Box-Vape-Trader-768x482.png 768w, https:\/\/vapestornado.com\/wp-content\/uploads\/2024\/12\/550mAh-Fumot-Digital-Box-Vape-Trader-600x377.png 600w\" sizes=\"(max-width: 1050px) 100vw, 1050px\" \/><\/p>\n<h2>RandM Skaitmeninis d\u0117\u017eut\u0117 12 t\u016bkst. p\u016btim\u0173<strong> Skoni\u0173 s\u0105ra\u0161as:<\/strong><\/h2>\n<ul>\n<li>Banan\u0173 ledai<\/li>\n<li>Juodi ledai<\/li>\n<li>M\u0117lyni\u0173 avie\u010di\u0173 ledas<\/li>\n<li>M\u0117lyn\u0117s su ledu<\/li>\n<li>M\u0117lyni\u0173 avie\u010di\u0173<\/li>\n<li>\u0160ilauogi\u0173 r\u016bg\u0161ti aviet\u0117<\/li>\n<li>Vy\u0161ni\u0173 ledas<\/li>\n<li>Vy\u0161ni\u0173 kola<\/li>\n<li>Cola Ledas<\/li>\n<li>V\u0117si m\u0117ta<\/li>\n<li>Dvigubas obuolys<\/li>\n<li>Daktaras M\u0117lynasis<\/li>\n<li>Vynuogi\u0173 ledas<\/li>\n<li>Ledo ledinukas<\/li>\n<li>Kivi\u0173, pasiflor\u0173 ir gvajav\u0173<\/li>\n<li>Meil\u0117 66<\/li>\n<li>Ve\u0161l\u016bs ledai<\/li>\n<li>Mi\u0161rios uogos<\/li>\n<li>Persik\u0173 Uogos<\/li>\n<li>Persik\u0173 ledas<\/li>\n<li>Persik\u0173, mang\u0173 ir ananas\u0173<\/li>\n<li>Ananas\u0173 ledas<\/li>\n<li>Ro\u017einis limonadas<\/li>\n<li>Skittles<\/li>\n<li>Bra\u0161ki\u0173 bananas<\/li>\n<li>Bra\u0161ki\u0173 vynuog\u0117s<\/li>\n<li>Bra\u0161ki\u0173 ledas<\/li>\n<li>Bra\u0161ki\u0173 arb\u016bzas<\/li>\n<li>Trigubas Mangas<\/li>\n<li>Vimto<\/li>\n<\/ul>\n<h3>RandM 12000 5 populiariausi skoniai<\/h3>\n<ol>\n<li><strong>Banan\u0173 ledai<\/strong>: Saldus bananas su v\u0117sinan\u010diu mentolio poskoniu.<\/li>\n<li><strong>\u0160ilauogi\u0173 r\u016bg\u0161ti aviet\u0117<\/strong>: Aitr\u016bs m\u0117lyn\u0117s su r\u016bg\u0161\u010diu avie\u010di\u0173 poskoniu.<\/li>\n<li><strong>Kivi\u0173, pasiflor\u0173 ir gvajav\u0173<\/strong>: Atogr\u0105\u017e\u0173 egzotini\u0173 vaisi\u0173 mi\u0161inys.<\/li>\n<li><strong>Persik\u0173, mang\u0173 ir ananas\u0173<\/strong>: Sultingas persik\u0173, mang\u0173 ir ananas\u0173 derinys.<\/li>\n<li><strong>Cola Ledas<\/strong>: Klasikinis kolos skonis su gaiviu ledo prisilietimu.<\/li>\n<\/ol>\n<h2>Kod\u0117l verta rinktis Fumot Digital Box 12000 P\u016btim\u0173 garintuv\u0105?<\/h2>\n<p><strong>Fumot 12000 Digital Box garintuvai<\/strong> si\u016blo neprilygstam\u0105 vert\u0119 d\u0117l savo did\u017eiul\u0117s talpos, auk\u0161tos kokyb\u0117s med\u017eiag\u0173 ir novatori\u0161k\u0173 funkcij\u0173. Puikiai tinka tiems, kurie vertina patogum\u0105 \u2013 jis yra i\u0161 anksto u\u017epildytas, \u012fkraunamas ir u\u017etikrina puiki\u0105 garinimo patirt\u012f. Platus skoni\u0173 asortimentas atitinka kiekvieno pageidavimus, o stilingas dizainas i\u0161skiria j\u012f i\u0161 konkurent\u0173.<\/p>\n<h4>Fumot Vape 12k didmenin\u0117 prekyba Susisiekite ir gaukite nuolaid\u0105 dabar!<\/h4>\n<figure id=\"attachment_2921\" aria-describedby=\"caption-attachment-2921\" style=\"width: 887px\" class=\"wp-caption alignnone\"><img loading=\"lazy\" decoding=\"async\" class=\"size-large wp-image-2921\" src=\"https:\/\/vapestornado.com\/wp-content\/uploads\/2024\/11\/20062b3a285f900e79520aad496b94d-887x1024.jpg\" alt=\"vapestornado Vicky\" width=\"887\" height=\"1024\" srcset=\"https:\/\/vapestornado.com\/wp-content\/uploads\/2024\/11\/20062b3a285f900e79520aad496b94d-887x1024.jpg 887w, https:\/\/vapestornado.com\/wp-content\/uploads\/2024\/11\/20062b3a285f900e79520aad496b94d-260x300.jpg 260w, https:\/\/vapestornado.com\/wp-content\/uploads\/2024\/11\/20062b3a285f900e79520aad496b94d-768x887.jpg 768w, https:\/\/vapestornado.com\/wp-content\/uploads\/2024\/11\/20062b3a285f900e79520aad496b94d-600x693.jpg 600w, https:\/\/vapestornado.com\/wp-content\/uploads\/2024\/11\/20062b3a285f900e79520aad496b94d.jpg 1080w\" sizes=\"(max-width: 887px) 100vw, 887px\" \/><figcaption id=\"caption-attachment-2921\" class=\"wp-caption-text\">vapestornado Vicky<\/figcaption><\/figure>","protected":false},"excerpt":{"rendered":"<p><strong><span style=\"color: #ff0000;\"><span style=\"color: #000000;\">\u201eFumot Digital Box 12000 Puffs\u201c si\u016blo 20 ml e. skys\u010dio, tinklin\u0117s rit\u0117s skon\u012f ir skaitmenin\u012f ekran\u0105. Kompakti\u0161kas, \u012fkraunamas garintuvas, puikiai tinkantis didmeniniams pirk\u0117jams Europoje.<\/span>(\u012f m\u016bs\u0173 svetain\u0117s kain\u0105 ne\u012fskai\u010diuotas pristatymo mokestis, susisiekite su manimi, kad gautum\u0117te vis\u0105 kain\u0105 ir savo nuolaid\u0105!)<\/span><\/strong><\/p>\n<p><img loading=\"lazy\" decoding=\"async\" class=\"size-medium wp-image-2921\" src=\"https:\/\/vapestornado.com\/wp-content\/uploads\/2024\/11\/20062b3a285f900e79520aad496b94d-260x300.jpg\" alt=\"vapestornado Vicky\" width=\"260\" height=\"300\" srcset=\"https:\/\/vapestornado.com\/wp-content\/uploads\/2024\/11\/20062b3a285f900e79520aad496b94d-260x300.jpg 260w, https:\/\/vapestornado.com\/wp-content\/uploads\/2024\/11\/20062b3a285f900e79520aad496b94d-887x1024.jpg 887w, https:\/\/vapestornado.com\/wp-content\/uploads\/2024\/11\/20062b3a285f900e79520aad496b94d-768x887.jpg 768w, https:\/\/vapestornado.com\/wp-content\/uploads\/2024\/11\/20062b3a285f900e79520aad496b94d-600x693.jpg 600w, https:\/\/vapestornado.com\/wp-content\/uploads\/2024\/11\/20062b3a285f900e79520aad496b94d.jpg 1080w\" sizes=\"(max-width: 260px) 100vw, 260px\" \/><\/p>","protected":false},"featured_media":3409,"comment_status":"open","ping_status":"closed","template":"","meta":{"_acf_changed":false,"_uag_custom_page_level_css":"","_lmt_disableupdate":"no","_lmt_disable":"","_monsterinsights_skip_tracking":false,"_monsterinsights_sitenote_active":false,"_monsterinsights_sitenote_note":"","_monsterinsights_sitenote_category":0,"site-sidebar-layout":"default","site-content-layout":"","ast-site-content-layout":"default","site-content-style":"default","site-sidebar-style":"default","ast-global-header-display":"","ast-banner-title-visibility":"","ast-main-header-display":"","ast-hfb-above-header-display":"","ast-hfb-below-header-display":"","ast-hfb-mobile-header-display":"","site-post-title":"","ast-breadcrumbs-content":"","ast-featured-img":"","footer-sml-layout":"","ast-disable-related-posts":"","theme-transparent-header-meta":"default","adv-header-id-meta":"","stick-header-meta":"","header-above-stick-meta":"","header-main-stick-meta":"","header-below-stick-meta":"","astra-migrate-meta-layouts":"set","ast-page-background-enabled":"default","ast-page-background-meta":{"desktop":{"background-color":"","background-image":"","background-repeat":"repeat","background-position":"center center","background-size":"auto","background-attachment":"scroll","background-type":"","background-media":"","overlay-type":"","overlay-color":"","overlay-opacity":"","overlay-gradient":""},"tablet":{"background-color":"","background-image":"","background-repeat":"repeat","background-position":"center center","background-size":"auto","background-attachment":"scroll","background-type":"","background-media":"","overlay-type":"","overlay-color":"","overlay-opacity":"","overlay-gradient":""},"mobile":{"background-color":"","background-image":"","background-repeat":"repeat","background-position":"center center","background-size":"auto","background-attachment":"scroll","background-type":"","background-media":"","overlay-type":"","overlay-color":"","overlay-opacity":"","overlay-gradient":""}},"ast-content-background-meta":{"desktop":{"background-color":"var(--ast-global-color-5)","background-image":"","background-repeat":"repeat","background-position":"center center","background-size":"auto","background-attachment":"scroll","background-type":"","background-media":"","overlay-type":"","overlay-color":"","overlay-opacity":"","overlay-gradient":""},"tablet":{"background-color":"var(--ast-global-color-5)","background-image":"","background-repeat":"repeat","background-position":"center center","background-size":"auto","background-attachment":"scroll","background-type":"","background-media":"","overlay-type":"","overlay-color":"","overlay-opacity":"","overlay-gradient":""},"mobile":{"background-color":"var(--ast-global-color-5)","background-image":"","background-repeat":"repeat","background-position":"center center","background-size":"auto","background-attachment":"scroll","background-type":"","background-media":"","overlay-type":"","overlay-color":"","overlay-opacity":"","overlay-gradient":""}},"_joinchat":{"telephone":"+8618077105750"}},"product_brand":[],"product_cat":[72,157,159,160,142,58,144,19],"product_tag":[],"class_list":{"0":"post-3302","1":"product","2":"type-product","3":"status-publish","4":"has-post-thumbnail","6":"product_cat-12000-puff","7":"product_cat-buy-disposable-vapes-in-portugal","8":"product_cat-buy-disposable-vapes-in-sweden","9":"product_cat-buy-disposable-vapes-in-switzerland","10":"product_cat-digital-box-disposable-vapes","11":"product_cat-fumot-vape","12":"product_cat-low-nicotine-disposable-vapes","13":"product_cat-vapes","14":"desktop-align-left","15":"tablet-align-left","16":"mobile-align-left","18":"first","19":"instock","20":"sale","21":"shipping-taxable","22":"purchasable","23":"product-type-simple"},"acf":[],"uagb_featured_image_src":{"full":["https:\/\/vapestornado.com\/wp-content\/uploads\/2024\/12\/Fumot-Digital-12000-Puffs-E-liquid-Indicator-Vape.png",900,900,false],"thumbnail":["https:\/\/vapestornado.com\/wp-content\/uploads\/2024\/12\/Fumot-Digital-12000-Puffs-E-liquid-Indicator-Vape-150x150.png",150,150,true],"medium":["https:\/\/vapestornado.com\/wp-content\/uploads\/2024\/12\/Fumot-Digital-12000-Puffs-E-liquid-Indicator-Vape-300x300.png",300,300,true],"medium_large":["https:\/\/vapestornado.com\/wp-content\/uploads\/2024\/12\/Fumot-Digital-12000-Puffs-E-liquid-Indicator-Vape-768x768.png",768,768,true],"large":["https:\/\/vapestornado.com\/wp-content\/uploads\/2024\/12\/Fumot-Digital-12000-Puffs-E-liquid-Indicator-Vape.png",900,900,false],"1536x1536":["https:\/\/vapestornado.com\/wp-content\/uploads\/2024\/12\/Fumot-Digital-12000-Puffs-E-liquid-Indicator-Vape.png",900,900,false],"2048x2048":["https:\/\/vapestornado.com\/wp-content\/uploads\/2024\/12\/Fumot-Digital-12000-Puffs-E-liquid-Indicator-Vape.png",900,900,false],"trp-custom-language-flag":["https:\/\/vapestornado.com\/wp-content\/uploads\/2024\/12\/Fumot-Digital-12000-Puffs-E-liquid-Indicator-Vape.png",12,12,false],"woocommerce_thumbnail":["https:\/\/vapestornado.com\/wp-content\/uploads\/2024\/12\/Fumot-Digital-12000-Puffs-E-liquid-Indicator-Vape-300x300.png",300,300,true],"woocommerce_single":["https:\/\/vapestornado.com\/wp-content\/uploads\/2024\/12\/Fumot-Digital-12000-Puffs-E-liquid-Indicator-Vape-600x600.png",600,600,true],"woocommerce_gallery_thumbnail":["https:\/\/vapestornado.com\/wp-content\/uploads\/2024\/12\/Fumot-Digital-12000-Puffs-E-liquid-Indicator-Vape-100x100.png",100,100,true]},"uagb_author_info":{"display_name":"ESvicky","author_link":"https:\/\/vapestornado.com\/lt\/author\/"},"uagb_comment_info":0,"uagb_excerpt":"The Fumot Digital Box 12000 Puffs offers 20ml e-liquid, mesh coil flavor, and a digital screen. A compact, rechargeable vape perfect for wholesale buyers in Europe.(our website price not include shipping cost, please contact me to get whole price and your disccount!)","_links":{"self":[{"href":"https:\/\/vapestornado.com\/lt\/wp-json\/wp\/v2\/product\/3302","targetHints":{"allow":["GET"]}}],"collection":[{"href":"https:\/\/vapestornado.com\/lt\/wp-json\/wp\/v2\/product"}],"about":[{"href":"https:\/\/vapestornado.com\/lt\/wp-json\/wp\/v2\/types\/product"}],"replies":[{"embeddable":true,"href":"https:\/\/vapestornado.com\/lt\/wp-json\/wp\/v2\/comments?post=3302"}],"wp:featuredmedia":[{"embeddable":true,"href":"https:\/\/vapestornado.com\/lt\/wp-json\/wp\/v2\/media\/3409"}],"wp:attachment":[{"href":"https:\/\/vapestornado.com\/lt\/wp-json\/wp\/v2\/media?parent=3302"}],"wp:term":[{"taxonomy":"product_brand","embeddable":true,"href":"https:\/\/vapestornado.com\/lt\/wp-json\/wp\/v2\/product_brand?post=3302"},{"taxonomy":"product_cat","embeddable":true,"href":"https:\/\/vapestornado.com\/lt\/wp-json\/wp\/v2\/product_cat?post=3302"},{"taxonomy":"product_tag","embeddable":true,"href":"https:\/\/vapestornado.com\/lt\/wp-json\/wp\/v2\/product_tag?post=3302"}],"curies":[{"name":"wp","href":"https:\/\/api.w.org\/{rel}","templated":true}]}}