{"id":3301,"date":"2024-12-20T08:43:41","date_gmt":"2024-12-20T08:43:41","guid":{"rendered":"https:\/\/vapestornado.com\/?post_type=product&#038;p=3301"},"modified":"2025-08-23T12:25:51","modified_gmt":"2025-08-23T12:25:51","slug":"vookbar-cyber-pro-30000-puffs-disposable-vape-5-wholesale-price","status":"publish","type":"product","link":"https:\/\/vapestornado.com\/lt\/product\/vookbar-cyber-pro-30000-puffs-disposable-vape-5-wholesale-price\/","title":{"rendered":"Vookbar Cyber PRO 30000 \u012ftraukim\u0173 vienkartinis garintuvas 5% didmenin\u0117 kaina"},"content":{"rendered":"<h1>Vookbar Cyber PRO 30000 \u012ftraukim\u0173 vienkartinis garintuvas 5% didmenin\u0117 kaina<\/h1>\n<p>&nbsp;<\/p>\n<div role=\"article\" data-tabster=\"{&quot;groupper&quot;:{&quot;tabbability&quot;:2},&quot;focusable&quot;:{}}\" data-content=\"ai-message\" aria-labelledby=\"64JRvXrTnY7mRmPkEQLLT-author 64JRvXrTnY7mRmPkEQLLT-content\">\n<div id=\"64JRvXrTnY7mRmPkEQLLT-content\">\n<p>\u0160is <strong>Vookbar Cyber PRO 30000 P\u016btim\u0173 Vienkartinis Garintuvas<\/strong> per\u017eengia \u0161iuolaikinio garinimo ribas, sujungdamas pa\u017eangias technologijas su i\u0161skirtiniu na\u0161umu. Sukurtas garintojams, ie\u0161kantiems daugiau nei tik paprasto prietaiso, Cyber PRO apjungia i\u0161manias funkcijas su aptakiu dizainu, sukuriant i\u0161ties futuristin\u0119 garinimo patirt\u012f.<\/p>\n<p><strong>Neprilygstamas Na\u0161umas<\/strong><\/p>\n<p>Su \u012fsp\u016bdingu <strong>30 t\u016bkst. p\u016btim\u0173 tarnavimo laikas<\/strong>, Vookbar Cyber PRO si\u016blo neprilygstam\u0105 ilgaam\u017ei\u0161kum\u0105, tod\u0117l yra idealus pasirinkimas ilgalaikiam naudojimui. Prietaisas turi <strong>22 ml e. skys\u010dio talpa<\/strong> ir pasi\u017eymi nikotino stiprumu <strong>20 mg\/ml<\/strong>, suteikdamas nuosekl\u0173, malon\u0173 gar\u0105 su kiekvienu p\u016btimu. Maitinamas galingos <strong>2 850 mAh \u012fkraunamos baterijos<\/strong> ir naudojant <strong>C tipo \u012fkrovimo prievadas<\/strong>, Cyber PRO u\u017etikrina greit\u0105, patikim\u0105 \u012fkrovim\u0105 nepertraukiamam naudojimui.<\/p>\n<p><strong>I\u0161mani\u0173j\u0173 Technologij\u0173 Integracija<\/strong><\/p>\n<p>Vookbar Cyber PRO per\u017eengia tradicinio garinimo ribas, tarnaujant kaip daugiafunkcinis prietaisas, kuris skland\u017eiai integruojasi \u012f j\u016bs\u0173 skaitmenin\u012f gyvenimo b\u016bd\u0105. Jis jungiasi per <strong>\u201eBluetooth\u201c<\/strong> arba per savo nuosav\u0105 program\u0117l\u0119, leid\u017eian\u010di\u0105 naudoti tokias i\u0161manias funkcijas kaip:<\/p>\n<ul>\n<li><strong>Pritaikomi garinimo nustatymai<\/strong> nor\u0117dami pritaikyti savo patirt\u012f pagal savo pageidavimus.<\/li>\n<li><strong>Nuotolinis kameros valdymas<\/strong>, puikiai tinka asmenuk\u0117ms ir k\u016brybinei fotografijai.<\/li>\n<li><strong>Socialiniai prane\u0161imai<\/strong> kad b\u016btum\u0117te informuoti visur, kur beeitum\u0117te.<\/li>\n<li><strong>Tinkinamos fono paveiksl\u0117li\u0173 parinktys<\/strong>, leid\u017eian\u010dios personalizuoti j\u016bs\u0173 \u012frenginio dinamin\u012f ekran\u0105.<\/li>\n<li>Integruoti \u012frankiai, tokie kaip <strong>skai\u010diuokl\u0117<\/strong>, <strong>mini \u017eaidimai<\/strong>ir dar daugiau patogumui.<\/li>\n<\/ul>\n<figure id=\"attachment_3493\" aria-describedby=\"caption-attachment-3493\" style=\"width: 518px\" class=\"wp-caption alignnone\"><img fetchpriority=\"high\" decoding=\"async\" class=\"wp-image-3493\" src=\"https:\/\/vapestornado.com\/wp-content\/uploads\/2024\/12\/Vookbar-vape-30000-Puffs-Wholesale-Prcie-Disposable-Vapes.jpg\" alt=\"Vookbar vape 30000 P\u016bpsneli\u0173 Didmenin\u0117 Kaina Vienkartiniai Garintuvai\" width=\"518\" height=\"518\" srcset=\"https:\/\/vapestornado.com\/wp-content\/uploads\/2024\/12\/Vookbar-vape-30000-Puffs-Wholesale-Prcie-Disposable-Vapes.jpg 800w, https:\/\/vapestornado.com\/wp-content\/uploads\/2024\/12\/Vookbar-vape-30000-Puffs-Wholesale-Prcie-Disposable-Vapes-300x300.jpg 300w, https:\/\/vapestornado.com\/wp-content\/uploads\/2024\/12\/Vookbar-vape-30000-Puffs-Wholesale-Prcie-Disposable-Vapes-150x150.jpg 150w, https:\/\/vapestornado.com\/wp-content\/uploads\/2024\/12\/Vookbar-vape-30000-Puffs-Wholesale-Prcie-Disposable-Vapes-768x768.jpg 768w, https:\/\/vapestornado.com\/wp-content\/uploads\/2024\/12\/Vookbar-vape-30000-Puffs-Wholesale-Prcie-Disposable-Vapes-600x600.jpg 600w, https:\/\/vapestornado.com\/wp-content\/uploads\/2024\/12\/Vookbar-vape-30000-Puffs-Wholesale-Prcie-Disposable-Vapes-100x100.jpg 100w\" sizes=\"(max-width: 518px) 100vw, 518px\" \/><figcaption id=\"caption-attachment-3493\" class=\"wp-caption-text\">Vookbar vape 30000 P\u016bpsneli\u0173 Didmenin\u0117 Kaina Vienkartiniai Garintuvai<\/figcaption><\/figure>\n<h2><strong>Kod\u0117l verta rinktis Vookbar Cyber PRO 30000 P\u016bpsneli\u0173 garintuvus?<\/strong><\/h2>\n<ul>\n<li><strong>Inovacijos<\/strong> Jungia pa\u017eangiausias technologijas su eleganti\u0161ku dizainu.<\/li>\n<li><strong>Did\u017eiul\u0117 talpa:<\/strong> Suteikia skland\u0173, malon\u0173 garinimo potyr\u012f su 30 000 p\u016bpsneli\u0173 talpa.<\/li>\n<li><strong>Pritaikomos funkcijos:<\/strong> Reguliuokite gali\u0105 ir estetik\u0105, kad atitikt\u0173 j\u016bs\u0173 unikalius pageidavimus.<\/li>\n<li><strong>Patvari konstrukcija:<\/strong> Auk\u0161tos kokyb\u0117s med\u017eiagos ir patikima baterija u\u017etikrina ilgalaik\u012f veikim\u0105.<\/li>\n<\/ul>\n<p>Nesvarbu, ar esate technologi\u0161kai pa\u017eangus garintojas, ar tiesiog ie\u0161kote galingo ir stilingo garinimo \u012frenginio, <strong>Vookbar Cyber PRO 30000 P\u016bpsneli\u0173 vienkartinis garintuvas<\/strong> si\u016blo <strong>inovacija<\/strong>, <strong>na\u0161umas<\/strong>ir <strong>personalizavimas<\/strong>. Pakelkite savo garinimo patirt\u012f \u0161iandien!<\/p>\n<\/div>\n<\/div>\n<p><img decoding=\"async\" class=\"wp-image-2951\" src=\"https:\/\/vapestornado.com\/wp-content\/uploads\/2024\/12\/Wholesale-Disposable-Vape-265x300.jpg\" alt=\"Didmenin\u0117 prekyba vienkartiniais garintuvais\" width=\"295\" height=\"334\" srcset=\"https:\/\/vapestornado.com\/wp-content\/uploads\/2024\/12\/Wholesale-Disposable-Vape-265x300.jpg 265w, https:\/\/vapestornado.com\/wp-content\/uploads\/2024\/12\/Wholesale-Disposable-Vape-768x871.jpg 768w, https:\/\/vapestornado.com\/wp-content\/uploads\/2024\/12\/Wholesale-Disposable-Vape-600x680.jpg 600w, https:\/\/vapestornado.com\/wp-content\/uploads\/2024\/12\/Wholesale-Disposable-Vape.jpg 823w\" sizes=\"(max-width: 295px) 100vw, 295px\" \/><\/p>\n<h6>Pra\u0161ome susisiekti su Mandy per \u201eWhatsApp\u201c d\u0117l nuolaidos kainos:<a href=\"https:\/\/wa.me\/8618077105796\" target=\"_blank\" rel=\"noopener\">+8618077105796<\/a><\/h6>\n<p>&nbsp;<\/p>\n<div class=\"flex max-w-full flex-col flex-grow\">\n<div class=\"min-h-8 text-message flex w-full flex-col items-end gap-2 whitespace-normal break-words text-start [.text-message+&amp;]:mt-5\" dir=\"auto\" data-message-author-role=\"assistant\" data-message-id=\"cdb991c0-f594-4bff-b2d5-fbbdd7ce9e54\" data-message-model-slug=\"gpt-4o-mini\">\n<div class=\"flex w-full flex-col gap-1 empty:hidden first:pt-[3px]\">\n<div class=\"markdown prose w-full break-words dark:prose-invert light\">\n<h3>Didmenin\u0117 prekyba Vookbar Cyber PRO 30,000 Puffs \u2013 specifikacijos<\/h3>\n<ul>\n<li><strong>Dydis:<\/strong> Kompakti\u0161kas ir ne\u0161iojamas, <strong>49x24x93 mm<\/strong>.<\/li>\n<li><strong>Ekranas:<\/strong> <strong>2.01-colio HD ekranas<\/strong>, puikiai tinka nustatymams ir prane\u0161imams.<\/li>\n<li><strong>Rit\u0117s tipas:<\/strong> <strong>Dviguba tinklelio rit\u0117<\/strong> sodriam skoniui ir glotniems garams.<\/li>\n<li><strong>E-skys\u010dio talpa:<\/strong> I\u0161 anksto u\u017epildytas <strong>22 ml auk\u0161\u010diausios kokyb\u0117s e-skys\u010dio<\/strong>.<\/li>\n<li><strong>Nikotino stiprumas:<\/strong> Suteikia malon\u0173 <strong>5% nikotino<\/strong> poveik\u012f.<\/li>\n<li><strong>Baterija:<\/strong> Ilgai trunkantis <strong>850mAh \u012fkraunama baterija<\/strong> su greitu <strong>Type-C \u012fkrovimu<\/strong>.<\/li>\n<li><strong>P\u016btimo re\u017eimai:<\/strong>\n<ul>\n<li><strong>\u012eprastas re\u017eimas:<\/strong> Iki <strong>30 000 \u012ftraukim\u0173<\/strong> ilgesniam garinimui.<\/li>\n<li><strong>Galios re\u017eimas:<\/strong> Iki <strong>15 000 \u012ftraukim\u0173<\/strong> stipresniam veikimui.<\/li>\n<\/ul>\n<\/li>\n<li><strong>Valdymas:<\/strong> Paprastas <strong>\u0161oninio mygtuko valdymas<\/strong> \u012fjungimui\/i\u0161jungimui ir reguliavimui.<\/li>\n<li><strong>Ypatyb\u0117s:<\/strong> Bluetooth ry\u0161ys, ekologi\u0161kos med\u017eiagos ir pritaikomi garinimo re\u017eimai.<\/li>\n<\/ul>\n<\/div>\n<\/div>\n<\/div>\n<\/div>\n<div class=\"mb-2 flex gap-3 empty:hidden -ml-2\">\n<h3 class=\"items-center justify-start rounded-xl p-1 flex\"><\/h3>\n<\/div>\n<h3><strong>Vookbar Cyber PRO 30k Puffs Vape Pods Skoni\u0173 S\u0105ra\u0161as:<\/strong><\/h3>\n<p>1. M\u0117lyni\u0173 avie\u010di\u0173 ledas<br \/>\n2. Persik\u0173 ledas<br \/>\n3. Vynuogi\u0173 ledas<br \/>\n4. Bra\u0161ki\u0173 arb\u016bzas<br \/>\n5. Bra\u0161ki\u0173 bananas<br \/>\n6. Vy\u0161ni\u0173 arb\u016bzas<br \/>\n7. Arb\u016bz\u0173 ledas<br \/>\n8. Persik\u0173 mango<br \/>\n9. Bra\u0161ki\u0173 kivis<br \/>\n10. Balt\u0173 bra\u0161ki\u0173 ledas<br \/>\n11. Balt\u0173 guminuk\u0173 ledas<br \/>\n12. \u0160aldyta pinakolada<br \/>\n13. Fcking fab<br \/>\n14. Mojito uog\u0173 mi\u0161inys<\/p>\n<div role=\"article\" data-tabster=\"{&quot;groupper&quot;:{&quot;tabbability&quot;:2},&quot;focusable&quot;:{}}\" data-content=\"ai-message\" aria-labelledby=\"dARUyEWDoEYhnSPXFwx5A-author dARUyEWDoEYhnSPXFwx5A-content\">\n<div id=\"dARUyEWDoEYhnSPXFwx5A-content\">\n<h4>Kod\u0117l verta rinktis Vookbar Cyber PRO 30000 P\u016bsteli\u0173 vienkartinius garintuvus Lietuvoje? <a href=\"https:\/\/vapestornado.com\/lt\/store\/\">vapestornado.com<\/a>?<\/h4>\n<p><strong>1. Did\u017eiul\u0117 p\u016bsteli\u0173 talpa:<\/strong><br \/>\nSukurta ilgalaikiam malonumui, <strong>Vookbar Cyber PRO<\/strong> si\u016blo iki <strong>30 000 \u012ftraukim\u0173<\/strong> Normaliuoju re\u017eimu ir <strong>15 000 \u012ftraukim\u0173<\/strong> Galinguoju re\u017eimu.<\/p>\n<p><strong>2. Pa\u017eangios funkcijos:<\/strong><br \/>\n\u012erengtas su <strong>2.01-colio HD ekranas<\/strong>, <strong>dviguba tinklelio rit\u0117s technologija<\/strong>ir <strong>pritaikomi garinimo re\u017eimai<\/strong>, jis sujungia na\u0161um\u0105 su stiliumi.<\/p>\n<p><strong>3. Auk\u0161\u010diausios kokyb\u0117s e-skys\u010dio ir nikotino parinktys:<\/strong><br \/>\nSu <strong>22 ml i\u0161 anksto pripildyto e-skys\u010dio<\/strong> ir <strong>26 ml auk\u0161\u010diausios kokyb\u0117s e-skys\u010dio<\/strong>, m\u0117gaukit\u0117s \u0161velniais, aromatingais ir maloniais d\u016bmais kiekvien\u0105 kart\u0105.<\/p>\n<p><strong>4. Inovatyvus ir patogus dizainas:<\/strong><br \/>\nFunkcijos, tokios kaip <strong>Bluetooth ry\u0161ys<\/strong>, <strong>\u0161oninio mygtuko valdymas<\/strong>ir <strong>judesio re\u017eimas<\/strong> prietais\u0105 daro lengvu naudoti ir daugiafunkciniu.<\/p>\n<p><strong>5. Pirkite u\u017etikrintai vapestornado.com:<\/strong><\/p>\n<ul>\n<li>M\u0117gaukit\u0117s <strong>konkurencingos kainos<\/strong> naujausi\u0173 garinimo technologij\u0173.<\/li>\n<li>Gaukite naudos i\u0161 <strong>greitas, patikimas pristatymas<\/strong> visoje Europoje.<\/li>\n<li>Rinkit\u0117s i\u0161 <strong>i\u0161skirtiniai didmenin\u0117s prekybos pasi\u016blymai<\/strong> perkant dideliais kiekiais.<\/li>\n<li>Apsipirkite saugiai, naudodamiesi patikimais mok\u0117jimo b\u016bdais ir puikiu klient\u0173 aptarnavimu.<\/li>\n<\/ul>\n<p>Atnaujinkite savo garinimo patirt\u012f jau \u0161iandien su <strong>Vookbar Cyber PRO 30K P\u016btim\u0173<\/strong> galima \u012fsigyti <strong>vapestornado.com<\/strong>!<\/p>\n<\/div>\n<\/div>\n<h4>DUK apie Vookbar Cyber PRO 30000 P\u016btim\u0173 ilgaam\u017eius garintuvus<\/h4>\n<p>&nbsp;<\/p>\n<h6><strong>1. Kuo Vookbar Cyber PRO 30 000 P\u016btim\u0173 garintuvas yra unikalus?<\/strong><\/h6>\n<ul>\n<li>\u012erenginys sujungia <strong>pa\u017eangi\u0105 garinimo technologij\u0105<\/strong> su tokiomis funkcijomis kaip <strong>pritaikomi garinimo re\u017eimai<\/strong>, a <strong>2,01 colio HD ekranas<\/strong>ir <strong>dvigubi garinimo re\u017eimai<\/strong> ilgesniam arba galingesniam veikimui.<\/li>\n<\/ul>\n<h6>2. <strong>Kiek garinimo u\u017etraukim\u0173 galiu atlikti su Vookbar Cyber PRO Vape Box?<\/strong><\/h6>\n<ul>\n<li>In <strong>Norma re\u017eimas<\/strong>, galite m\u0117gautis iki <strong>30 000 \u012ftraukim\u0173<\/strong>, o <strong>Galingas re\u017eimas<\/strong> si\u016blo <strong>15 000 \u012ftraukim\u0173<\/strong> intensyvesniam garinimo potyriui.<\/li>\n<\/ul>\n<h6>3. <strong>Kokio nikotino stiprumo Vookbar 30000 traukim\u0173 pasi\u016bla?<\/strong><\/h6>\n<ul>\n<li>Vookbar Cyber PRO pasi\u017eymi <strong>26 ml auk\u0161\u010diausios kokyb\u0117s e-skys\u010dio<\/strong>, suteikdamas skland\u0173 ir malon\u0173 poj\u016bt\u012f.<\/li>\n<\/ul>\n<h6>4. <strong>Ar Vookbar Cyber PRO yra pakraunamas garintuvas?<\/strong><\/h6>\n<ul>\n<li>Taip, jame yra <strong>850mAh \u012fkraunama baterija<\/strong> ir palaiko <strong>greitas C tipo \u012fkrovimas<\/strong>.<\/li>\n<\/ul>\n<h6>5. <strong>Ar 30 t\u016bkst. traukim\u0173 garintuvas Vookbar naudoja tinklin\u0117s rit\u0117s technologij\u0105?<\/strong><\/h6>\n<ul>\n<li>Taip, \u012frenginys turi <strong>dviguba tinklelio rit\u0117s technologija<\/strong> nuosekliam skoniui ir tanki\u0173 gar\u0173 gamybai.<\/li>\n<\/ul>","protected":false},"excerpt":{"rendered":"<div class=\"flex-shrink-0 flex flex-col relative items-end\">\n<div>\n<div class=\"pt-0\">\n<div class=\"gizmo-bot-avatar flex h-8 w-8 items-center justify-center overflow-hidden rounded-full\">\n<div class=\"relative p-1 rounded-sm flex items-center justify-center bg-token-main-surface-primary text-token-text-primary h-8 w-8\"><\/div>\n<\/div>\n<\/div>\n<\/div>\n<\/div>\n<div class=\"group\/conversation-turn relative flex w-full min-w-0 flex-col agent-turn\">\n<div class=\"flex-col gap-1 md:gap-3\">\n<div class=\"flex max-w-full flex-col flex-grow\">\n<div class=\"min-h-8 text-message flex w-full flex-col items-end gap-2 whitespace-normal break-words text-start [.text-message+&amp;]:mt-5\" dir=\"auto\" data-message-author-role=\"assistant\" data-message-id=\"cffa29e8-f112-46da-81c0-9ed74f60547a\" data-message-model-slug=\"gpt-4o\">\n<div class=\"flex w-full flex-col gap-1 empty:hidden first:pt-[3px]\">\n<div class=\"markdown prose w-full break-words dark:prose-invert light\">\n<p>Vookbar Cyber PRO 30000 P\u016btim\u0173 Vienkartinis Garintuvas, 5% nikotino, aptakus dizainas, didel\u0117 talpa, idealus didmeniniams ir urmo u\u017esakymams.<\/p>\n<\/div>\n<\/div>\n<\/div>\n<\/div>\n<\/div>\n<\/div>\n<figure id=\"attachment_2951\" aria-describedby=\"caption-attachment-2951\" style=\"width: 265px\" class=\"wp-caption alignnone\"><img decoding=\"async\" class=\"size-medium wp-image-2951\" src=\"https:\/\/vapestornado.com\/wp-content\/uploads\/2024\/12\/Wholesale-Disposable-Vape-265x300.jpg\" alt=\"Didmenin\u0117 prekyba vienkartiniais garintuvais\" width=\"265\" height=\"300\" srcset=\"https:\/\/vapestornado.com\/wp-content\/uploads\/2024\/12\/Wholesale-Disposable-Vape-265x300.jpg 265w, https:\/\/vapestornado.com\/wp-content\/uploads\/2024\/12\/Wholesale-Disposable-Vape-768x871.jpg 768w, https:\/\/vapestornado.com\/wp-content\/uploads\/2024\/12\/Wholesale-Disposable-Vape-600x680.jpg 600w, https:\/\/vapestornado.com\/wp-content\/uploads\/2024\/12\/Wholesale-Disposable-Vape.jpg 823w\" sizes=\"(max-width: 265px) 100vw, 265px\" \/><figcaption id=\"caption-attachment-2951\" class=\"wp-caption-text\">Pra\u0161ome susisiekti su Mandy per \u201eWhatsApp\u201c d\u0117l nuolaidos kainos\u00a0 <a href=\"https:\/\/wa.me\/8618077105796\">+8618077105796<\/a><\/figcaption><\/figure>\n<p>&nbsp;<\/p>","protected":false},"featured_media":3489,"comment_status":"open","ping_status":"closed","template":"","meta":{"_acf_changed":false,"_uag_custom_page_level_css":"","_lmt_disableupdate":"no","_lmt_disable":"","_monsterinsights_skip_tracking":false,"_monsterinsights_sitenote_active":false,"_monsterinsights_sitenote_note":"","_monsterinsights_sitenote_category":0,"site-sidebar-layout":"default","site-content-layout":"","ast-site-content-layout":"default","site-content-style":"default","site-sidebar-style":"default","ast-global-header-display":"","ast-banner-title-visibility":"","ast-main-header-display":"","ast-hfb-above-header-display":"","ast-hfb-below-header-display":"","ast-hfb-mobile-header-display":"","site-post-title":"","ast-breadcrumbs-content":"","ast-featured-img":"","footer-sml-layout":"","ast-disable-related-posts":"","theme-transparent-header-meta":"default","adv-header-id-meta":"","stick-header-meta":"","header-above-stick-meta":"","header-main-stick-meta":"","header-below-stick-meta":"","astra-migrate-meta-layouts":"set","ast-page-background-enabled":"default","ast-page-background-meta":{"desktop":{"background-color":"","background-image":"","background-repeat":"repeat","background-position":"center center","background-size":"auto","background-attachment":"scroll","background-type":"","background-media":"","overlay-type":"","overlay-color":"","overlay-opacity":"","overlay-gradient":""},"tablet":{"background-color":"","background-image":"","background-repeat":"repeat","background-position":"center center","background-size":"auto","background-attachment":"scroll","background-type":"","background-media":"","overlay-type":"","overlay-color":"","overlay-opacity":"","overlay-gradient":""},"mobile":{"background-color":"","background-image":"","background-repeat":"repeat","background-position":"center center","background-size":"auto","background-attachment":"scroll","background-type":"","background-media":"","overlay-type":"","overlay-color":"","overlay-opacity":"","overlay-gradient":""}},"ast-content-background-meta":{"desktop":{"background-color":"var(--ast-global-color-5)","background-image":"","background-repeat":"repeat","background-position":"center center","background-size":"auto","background-attachment":"scroll","background-type":"","background-media":"","overlay-type":"","overlay-color":"","overlay-opacity":"","overlay-gradient":""},"tablet":{"background-color":"var(--ast-global-color-5)","background-image":"","background-repeat":"repeat","background-position":"center center","background-size":"auto","background-attachment":"scroll","background-type":"","background-media":"","overlay-type":"","overlay-color":"","overlay-opacity":"","overlay-gradient":""},"mobile":{"background-color":"var(--ast-global-color-5)","background-image":"","background-repeat":"repeat","background-position":"center center","background-size":"auto","background-attachment":"scroll","background-type":"","background-media":"","overlay-type":"","overlay-color":"","overlay-opacity":"","overlay-gradient":""}},"_joinchat":{"telephone":"+8618077105796"}},"product_brand":[],"product_cat":[67,149,150,154,155],"product_tag":[97,188],"class_list":{"0":"post-3301","1":"product","2":"type-product","3":"status-publish","4":"has-post-thumbnail","6":"product_cat-30000-puff","7":"product_cat-buy-disposable-vapes-in-austria","8":"product_cat-buy-disposable-vapes-in-belgium","9":"product_cat-buy-disposable-vapes-in-netherlands","10":"product_cat-buy-disposable-vapes-in-norway","11":"product_tag-hot-sale-disposable-vape","12":"product_tag-vookbar-cyber-pro-30000-puffs","13":"desktop-align-left","14":"tablet-align-left","15":"mobile-align-left","17":"first","18":"instock","19":"sale","20":"shipping-taxable","21":"purchasable","22":"product-type-simple"},"acf":[],"uagb_featured_image_src":{"full":["https:\/\/vapestornado.com\/wp-content\/uploads\/2024\/12\/Best-Price-Vookbar-30000-Puff-Vapes.jpg",800,800,false],"thumbnail":["https:\/\/vapestornado.com\/wp-content\/uploads\/2024\/12\/Best-Price-Vookbar-30000-Puff-Vapes-150x150.jpg",150,150,true],"medium":["https:\/\/vapestornado.com\/wp-content\/uploads\/2024\/12\/Best-Price-Vookbar-30000-Puff-Vapes-300x300.jpg",300,300,true],"medium_large":["https:\/\/vapestornado.com\/wp-content\/uploads\/2024\/12\/Best-Price-Vookbar-30000-Puff-Vapes-768x768.jpg",768,768,true],"large":["https:\/\/vapestornado.com\/wp-content\/uploads\/2024\/12\/Best-Price-Vookbar-30000-Puff-Vapes.jpg",800,800,false],"1536x1536":["https:\/\/vapestornado.com\/wp-content\/uploads\/2024\/12\/Best-Price-Vookbar-30000-Puff-Vapes.jpg",800,800,false],"2048x2048":["https:\/\/vapestornado.com\/wp-content\/uploads\/2024\/12\/Best-Price-Vookbar-30000-Puff-Vapes.jpg",800,800,false],"trp-custom-language-flag":["https:\/\/vapestornado.com\/wp-content\/uploads\/2024\/12\/Best-Price-Vookbar-30000-Puff-Vapes.jpg",12,12,false],"woocommerce_thumbnail":["https:\/\/vapestornado.com\/wp-content\/uploads\/2024\/12\/Best-Price-Vookbar-30000-Puff-Vapes-300x300.jpg",300,300,true],"woocommerce_single":["https:\/\/vapestornado.com\/wp-content\/uploads\/2024\/12\/Best-Price-Vookbar-30000-Puff-Vapes-600x600.jpg",600,600,true],"woocommerce_gallery_thumbnail":["https:\/\/vapestornado.com\/wp-content\/uploads\/2024\/12\/Best-Price-Vookbar-30000-Puff-Vapes-100x100.jpg",100,100,true]},"uagb_author_info":{"display_name":"ESMANDY","author_link":"https:\/\/vapestornado.com\/lt\/author\/"},"uagb_comment_info":0,"uagb_excerpt":"Vookbar Cyber PRO 30000 Puffs Disposable Vape, 5% nicotine, sleek design, high capacity, ideal for wholesale and bulk orders. [caption id=\"attachment_2951\" align=\"alignnone\" width=\"265\"] Pls Contact Mandy's WhatsApp For Discount Price\u00a0 +8618077105796[\/caption] &nbsp;","_links":{"self":[{"href":"https:\/\/vapestornado.com\/lt\/wp-json\/wp\/v2\/product\/3301","targetHints":{"allow":["GET"]}}],"collection":[{"href":"https:\/\/vapestornado.com\/lt\/wp-json\/wp\/v2\/product"}],"about":[{"href":"https:\/\/vapestornado.com\/lt\/wp-json\/wp\/v2\/types\/product"}],"replies":[{"embeddable":true,"href":"https:\/\/vapestornado.com\/lt\/wp-json\/wp\/v2\/comments?post=3301"}],"wp:featuredmedia":[{"embeddable":true,"href":"https:\/\/vapestornado.com\/lt\/wp-json\/wp\/v2\/media\/3489"}],"wp:attachment":[{"href":"https:\/\/vapestornado.com\/lt\/wp-json\/wp\/v2\/media?parent=3301"}],"wp:term":[{"taxonomy":"product_brand","embeddable":true,"href":"https:\/\/vapestornado.com\/lt\/wp-json\/wp\/v2\/product_brand?post=3301"},{"taxonomy":"product_cat","embeddable":true,"href":"https:\/\/vapestornado.com\/lt\/wp-json\/wp\/v2\/product_cat?post=3301"},{"taxonomy":"product_tag","embeddable":true,"href":"https:\/\/vapestornado.com\/lt\/wp-json\/wp\/v2\/product_tag?post=3301"}],"curies":[{"name":"wp","href":"https:\/\/api.w.org\/{rel}","templated":true}]}}