{"id":3275,"date":"2024-12-19T09:37:17","date_gmt":"2024-12-19T09:37:17","guid":{"rendered":"https:\/\/vapestornado.com\/?post_type=product&#038;p=3275"},"modified":"2025-08-23T11:21:53","modified_gmt":"2025-08-23T11:21:53","slug":"fumot-tornado-30000-puffs-music-disposable-vape","status":"publish","type":"product","link":"https:\/\/vapestornado.com\/lt\/product\/fumot-tornado-30000-puffs-music-disposable-vape\/","title":{"rendered":"Fumot Tornado 30000 \u012ftraukim\u0173 muzikos vienkartinis garintuvas"},"content":{"rendered":"<h1>Fumot Tornado 30000 \u012ftraukim\u0173 muzikos vienkartinis garintuvas<\/h1>\n<h2>Kas yra Fumot Tornado 30000 Puffs Music vienkartinis garintuvas?<\/h2>\n<p data-start=\"206\" data-end=\"569\">\u0160is <strong data-start=\"210\" data-end=\"261\">Fumot Tornado 30000 \u012ftraukim\u0173 muzikos vienkartinis garintuvas<\/strong> sujungia pramogas su na\u0161umu, si\u016blydamas didmenininkams ir ma\u017emenininkams \u012frengin\u012f, kuris pranoksta standartinius vienkartinius. Su did\u017eiuliu <strong data-start=\"399\" data-end=\"423\">30 000 \u012fkv\u0117pim\u0173 talpa<\/strong> ir <strong data-start=\"430\" data-end=\"461\">600 mAh \u012fkraunama baterija<\/strong>, jis u\u017etikrina ilgesnes sesijas su nuosekliu i\u0161\u0117jimu, puikiai tinka dideliems pirk\u0117jams, siekiantiems ilgalaik\u0117s vert\u0117s.<\/p>\n<p data-start=\"571\" data-end=\"885\">I\u0161skirtinis jo bruo\u017eas yra <strong data-start=\"599\" data-end=\"628\">su muzika sinchronizuotas RGB ap\u0161vietimas<\/strong>, sukuriantis dinami\u0161k\u0105, klubin\u0119 atmosfer\u0105, kuri rezonuoja su jaunesniais Europos vartotojais. Suporuotas su <strong data-start=\"727\" data-end=\"745\">1.0\u03a9 tinklelio rit\u0117<\/strong>, Tornado 30K suteikia \u0161velnius garus, tankius debesis ir stipr\u0173 skon\u012f <strong data-start=\"835\" data-end=\"856\">30 unikali\u0173 variant\u0173<\/strong>\u2014nuo vaisi\u0173 iki ledini\u0173 mi\u0161ini\u0173.<\/p>\n<p data-start=\"887\" data-end=\"1306\">\u0160is <strong data-start=\"891\" data-end=\"920\">C tipo greito \u012fkrovimo prievadas<\/strong> suma\u017eina prastovas, o nikotino pasirinkimai <strong data-start=\"967\" data-end=\"980\">2% ir 5%<\/strong> suteikia lankstumo skirtingiems vartotoj\u0173 segmentams. Aptakus, ne\u0161iojamas ir patrauklus modelis patrauklus ne tik kaip vape, bet ir kaip gyvenimo b\u016bdo aksesuaras. Platintojams jo <strong data-start=\"1158\" data-end=\"1215\">konkurencingos didmenin\u0117s kainos ir stiprus patrauklumas lentynose<\/strong> daro j\u012f puikiu priedu prie inventoriaus visoje Vokietijoje, Lenkijoje ir platesniuose ES regionuose.<\/p>\n<h3><strong>Produkto savyb\u0117s<\/strong><\/h3>\n<ul>\n<li><strong>Didelis \u012fp\u016btim\u0173 skai\u010dius<\/strong>: Suteikia iki 30 000 \u012fkv\u0117pim\u0173 ilgesniam naudojimui.<\/li>\n<li><strong>Su muzika sinchronizuojamos lemput\u0117s<\/strong>: LED lemput\u0117s, kurios kei\u010diasi pagal j\u016bs\u0173 muzikos ritm\u0105.<\/li>\n<li><strong>Auk\u0161\u010diausios kokyb\u0117s tinklelio rit\u0117<\/strong>: 1,0\u03a9 tinklelio rit\u0117 u\u017etikrina skland\u0173 gar\u0105 ir piln\u0105 skon\u012f.<\/li>\n<li><strong>\u012ekraunama baterija<\/strong>: 600 mAh baterija su C tipo greituoju \u012fkrovimu.<\/li>\n<li><strong>Platus skoni\u0173 pasirinkimas<\/strong>: 30 unikali\u0173 skoni\u0173, kad patenkint\u0173 visus pageidavimus.<\/li>\n<\/ul>\n<p><img fetchpriority=\"high\" decoding=\"async\" class=\"alignnone size-full wp-image-3277\" src=\"https:\/\/vapestornado.com\/wp-content\/uploads\/2024\/12\/Fumot-Tornado-Vape-30000-Puffs-Wholesale-Store.png\" alt=\"&quot;Fumot Tornado Vape 30000 Puffs&quot; didmenin\u0117 parduotuv\u0117\" width=\"900\" height=\"416\" srcset=\"https:\/\/vapestornado.com\/wp-content\/uploads\/2024\/12\/Fumot-Tornado-Vape-30000-Puffs-Wholesale-Store.png 900w, https:\/\/vapestornado.com\/wp-content\/uploads\/2024\/12\/Fumot-Tornado-Vape-30000-Puffs-Wholesale-Store-300x139.png 300w, https:\/\/vapestornado.com\/wp-content\/uploads\/2024\/12\/Fumot-Tornado-Vape-30000-Puffs-Wholesale-Store-768x355.png 768w, https:\/\/vapestornado.com\/wp-content\/uploads\/2024\/12\/Fumot-Tornado-Vape-30000-Puffs-Wholesale-Store-600x277.png 600w\" sizes=\"(max-width: 900px) 100vw, 900px\" \/><img decoding=\"async\" class=\"alignnone size-full wp-image-3281\" src=\"https:\/\/vapestornado.com\/wp-content\/uploads\/2024\/12\/30000-Puffs-Fumot-Tornado-Disposable-Vape-Wholesale.png\" alt=\"30000 Puffs Fumot Tornado vienkartinis garintuvas didmena\" width=\"900\" height=\"393\" srcset=\"https:\/\/vapestornado.com\/wp-content\/uploads\/2024\/12\/30000-Puffs-Fumot-Tornado-Disposable-Vape-Wholesale.png 900w, https:\/\/vapestornado.com\/wp-content\/uploads\/2024\/12\/30000-Puffs-Fumot-Tornado-Disposable-Vape-Wholesale-300x131.png 300w, https:\/\/vapestornado.com\/wp-content\/uploads\/2024\/12\/30000-Puffs-Fumot-Tornado-Disposable-Vape-Wholesale-768x335.png 768w, https:\/\/vapestornado.com\/wp-content\/uploads\/2024\/12\/30000-Puffs-Fumot-Tornado-Disposable-Vape-Wholesale-600x262.png 600w\" sizes=\"(max-width: 900px) 100vw, 900px\" \/> <img decoding=\"async\" class=\"alignnone size-full wp-image-3282\" src=\"https:\/\/vapestornado.com\/wp-content\/uploads\/2024\/12\/Bulk-Fumot-Tornado-30K-Disposable-Vape-Music-Edition.png\" alt=\"\" width=\"900\" height=\"392\" srcset=\"https:\/\/vapestornado.com\/wp-content\/uploads\/2024\/12\/Bulk-Fumot-Tornado-30K-Disposable-Vape-Music-Edition.png 900w, https:\/\/vapestornado.com\/wp-content\/uploads\/2024\/12\/Bulk-Fumot-Tornado-30K-Disposable-Vape-Music-Edition-300x131.png 300w, https:\/\/vapestornado.com\/wp-content\/uploads\/2024\/12\/Bulk-Fumot-Tornado-30K-Disposable-Vape-Music-Edition-768x335.png 768w, https:\/\/vapestornado.com\/wp-content\/uploads\/2024\/12\/Bulk-Fumot-Tornado-30K-Disposable-Vape-Music-Edition-600x261.png 600w\" sizes=\"(max-width: 900px) 100vw, 900px\" \/> <img loading=\"lazy\" decoding=\"async\" class=\"alignnone size-full wp-image-3276\" src=\"https:\/\/vapestornado.com\/wp-content\/uploads\/2024\/12\/Fumot-Tornado-30K-Music-Vape-for-Sale.png\" alt=\"Fumot Tornado 30K Music Garintuvas pardavimui\" width=\"900\" height=\"439\" srcset=\"https:\/\/vapestornado.com\/wp-content\/uploads\/2024\/12\/Fumot-Tornado-30K-Music-Vape-for-Sale.png 900w, https:\/\/vapestornado.com\/wp-content\/uploads\/2024\/12\/Fumot-Tornado-30K-Music-Vape-for-Sale-300x146.png 300w, https:\/\/vapestornado.com\/wp-content\/uploads\/2024\/12\/Fumot-Tornado-30K-Music-Vape-for-Sale-768x375.png 768w, https:\/\/vapestornado.com\/wp-content\/uploads\/2024\/12\/Fumot-Tornado-30K-Music-Vape-for-Sale-600x293.png 600w\" sizes=\"(max-width: 900px) 100vw, 900px\" \/><\/p>\n<h2>Fumot Tornado 30000 P\u016bsl\u0117s<strong> Skoni\u0173 s\u0105ra\u0161as:<\/strong><\/h2>\n<ol>\n<li>Banan\u0173 ledai<\/li>\n<li>Juodi ledai<\/li>\n<li>M\u0117lyni\u0173 avie\u010di\u0173 ledas<\/li>\n<li>M\u0117lyn\u0117s su ledu<\/li>\n<li>M\u0117lyni\u0173 avie\u010di\u0173<\/li>\n<li>\u0160ilauogi\u0173 r\u016bg\u0161ti aviet\u0117<\/li>\n<li>Vy\u0161ni\u0173 ledas<\/li>\n<li>Vy\u0161ni\u0173 kola<\/li>\n<li>Cola Ledas<\/li>\n<li>V\u0117si m\u0117ta<\/li>\n<li>Dvigubas obuolys<\/li>\n<li>Daktaras M\u0117lynasis<\/li>\n<li>Vynuogi\u0173 ledas<\/li>\n<li>Ledo ledinukas<\/li>\n<li>Kivi\u0173, pasiflor\u0173 ir gvajav\u0173<\/li>\n<li>Meil\u0117 66<\/li>\n<li>Ve\u0161l\u016bs ledai<\/li>\n<li>Mi\u0161rios uogos<\/li>\n<li>Persik\u0173 Uogos<\/li>\n<li>Persik\u0173 ledas<\/li>\n<li>Persik\u0173, mang\u0173 ir ananas\u0173<\/li>\n<li>Ananas\u0173 ledas<\/li>\n<li>Ro\u017einis limonadas<\/li>\n<li>Skittles<\/li>\n<li>Bra\u0161ki\u0173 bananas<\/li>\n<li>Bra\u0161ki\u0173 vynuog\u0117s<\/li>\n<li>Bra\u0161ki\u0173 ledas<\/li>\n<li>Bra\u0161ki\u0173 arb\u016bzas<\/li>\n<li>Trigubas Mangas<\/li>\n<li>Vimto<\/li>\n<\/ol>\n<h3>Fumot Tornado 30000 Puffs 5 geriausi skoniai<\/h3>\n<ol>\n<li><strong>Banan\u0173 ledai<\/strong>: Saldus bananas su v\u0117sinan\u010diu mentolio poskoniu.<\/li>\n<li><strong>\u0160ilauogi\u0173 r\u016bg\u0161ti aviet\u0117<\/strong>: Aitr\u016bs m\u0117lyn\u0117s su r\u016bg\u0161\u010diu avie\u010di\u0173 poskoniu.<\/li>\n<li><strong>Kivi\u0173, pasiflor\u0173 ir gvajav\u0173<\/strong>: Atogr\u0105\u017e\u0173 egzotini\u0173 vaisi\u0173 mi\u0161inys.<\/li>\n<li><strong>Persik\u0173, mang\u0173 ir ananas\u0173<\/strong>: Sultingas persik\u0173, mang\u0173 ir ananas\u0173 derinys.<\/li>\n<li><strong>Cola Ledas<\/strong>: Klasikinis kolos skonis su gaiviu ledo prisilietimu.<\/li>\n<\/ol>\n<h2>Kod\u0117l verta rinktis \"Fumot RandM 30000 Puffs\" vienkartin\u012f garintuv\u0105?<\/h2>\n<ul>\n<li><strong>Neprilygstamas ilgaam\u017ei\u0161kumas<\/strong>: Did\u017eiul\u0117 30 000 \u012fkv\u0117pim\u0173 talpa pranoksta \u012fprastus vienkartinius prietaisus.<\/li>\n<li><strong>\u012esp\u016bdinga patirtis<\/strong>: LED lemput\u0117s sinchronizuojasi su j\u016bs\u0173 muzika, kad garinimo patirtis b\u016bt\u0173 unikali.<\/li>\n<li><strong>Auk\u0161\u010diausios kokyb\u0117s veikimas<\/strong>: Auk\u0161\u010diausios kokyb\u0117s tinklelio kaitinimo elementas u\u017etikrina pastov\u0173 gar\u0105 ir ry\u0161k\u0173 skon\u012f.<\/li>\n<li><strong>\u012ekrovimo patogumas<\/strong>: C tipo jungtis leid\u017eia greitai ir patikimai \u012fkrauti, kad b\u016bt\u0173 galima naudotis ilgiau.<\/li>\n<li><strong>Skoni\u0173 \u012fvairov\u0117<\/strong>: 30 puiki\u0173 variant\u0173, atitinkan\u010di\u0173 kiekvieno skonio preferencijas.<\/li>\n<\/ul>\n<h4>Susisiekite d\u0117l \"Fumot Tornado 30000\" didmenin\u0117s prekybos ir gaukite nuolaid\u0105 dabar!<\/h4>\n<figure id=\"attachment_2921\" aria-describedby=\"caption-attachment-2921\" style=\"width: 887px\" class=\"wp-caption alignnone\"><img loading=\"lazy\" decoding=\"async\" class=\"size-large wp-image-2921\" src=\"https:\/\/vapestornado.com\/wp-content\/uploads\/2024\/11\/20062b3a285f900e79520aad496b94d-887x1024.jpg\" alt=\"vapestornado Vicky\" width=\"887\" height=\"1024\" srcset=\"https:\/\/vapestornado.com\/wp-content\/uploads\/2024\/11\/20062b3a285f900e79520aad496b94d-887x1024.jpg 887w, https:\/\/vapestornado.com\/wp-content\/uploads\/2024\/11\/20062b3a285f900e79520aad496b94d-260x300.jpg 260w, https:\/\/vapestornado.com\/wp-content\/uploads\/2024\/11\/20062b3a285f900e79520aad496b94d-768x887.jpg 768w, https:\/\/vapestornado.com\/wp-content\/uploads\/2024\/11\/20062b3a285f900e79520aad496b94d-600x693.jpg 600w, https:\/\/vapestornado.com\/wp-content\/uploads\/2024\/11\/20062b3a285f900e79520aad496b94d.jpg 1080w\" sizes=\"(max-width: 887px) 100vw, 887px\" \/><figcaption id=\"caption-attachment-2921\" class=\"wp-caption-text\">vapestornado Vicky<\/figcaption><\/figure>","protected":false},"excerpt":{"rendered":"<p data-start=\"1346\" data-end=\"1528\">\u0160is <strong data-start=\"1350\" data-end=\"1384\">Fumot Tornado 30000 Muzikos Vape<\/strong> si\u016blo 30 t\u016bkst. \u012fkv\u0117pim\u0173, RGB muzikos \u0161viesas ir \u012fkraunam\u0105 600 mAh baterij\u0105. Stilingas vienkartinis \u012frenginys, skirtas <strong data-start=\"1490\" data-end=\"1525\">didmeniniams pirk\u0117jams Europoje<\/strong>.<\/p>\n<p><strong><span style=\"color: #ff0000;\">(\u012f m\u016bs\u0173 svetain\u0117s kain\u0105 ne\u012fskai\u010diuotas pristatymo mokestis, susisiekite su manimi, kad gautum\u0117te vis\u0105 kain\u0105 ir savo nuolaid\u0105!)<\/span><\/strong><\/p>\n<p><img loading=\"lazy\" decoding=\"async\" class=\"size-medium wp-image-2921\" src=\"https:\/\/vapestornado.com\/wp-content\/uploads\/2024\/11\/20062b3a285f900e79520aad496b94d-260x300.jpg\" alt=\"vapestornado Vicky\" width=\"260\" height=\"300\" srcset=\"https:\/\/vapestornado.com\/wp-content\/uploads\/2024\/11\/20062b3a285f900e79520aad496b94d-260x300.jpg 260w, https:\/\/vapestornado.com\/wp-content\/uploads\/2024\/11\/20062b3a285f900e79520aad496b94d-887x1024.jpg 887w, https:\/\/vapestornado.com\/wp-content\/uploads\/2024\/11\/20062b3a285f900e79520aad496b94d-768x887.jpg 768w, https:\/\/vapestornado.com\/wp-content\/uploads\/2024\/11\/20062b3a285f900e79520aad496b94d-600x693.jpg 600w, https:\/\/vapestornado.com\/wp-content\/uploads\/2024\/11\/20062b3a285f900e79520aad496b94d.jpg 1080w\" sizes=\"(max-width: 260px) 100vw, 260px\" \/><\/p>","protected":false},"featured_media":3278,"comment_status":"open","ping_status":"closed","template":"","meta":{"_acf_changed":false,"_uag_custom_page_level_css":"","_lmt_disableupdate":"no","_lmt_disable":"","_monsterinsights_skip_tracking":false,"_monsterinsights_sitenote_active":false,"_monsterinsights_sitenote_note":"","_monsterinsights_sitenote_category":0,"site-sidebar-layout":"default","site-content-layout":"","ast-site-content-layout":"default","site-content-style":"default","site-sidebar-style":"default","ast-global-header-display":"","ast-banner-title-visibility":"","ast-main-header-display":"","ast-hfb-above-header-display":"","ast-hfb-below-header-display":"","ast-hfb-mobile-header-display":"","site-post-title":"","ast-breadcrumbs-content":"","ast-featured-img":"","footer-sml-layout":"","ast-disable-related-posts":"","theme-transparent-header-meta":"default","adv-header-id-meta":"","stick-header-meta":"","header-above-stick-meta":"","header-main-stick-meta":"","header-below-stick-meta":"","astra-migrate-meta-layouts":"set","ast-page-background-enabled":"default","ast-page-background-meta":{"desktop":{"background-color":"","background-image":"","background-repeat":"repeat","background-position":"center center","background-size":"auto","background-attachment":"scroll","background-type":"","background-media":"","overlay-type":"","overlay-color":"","overlay-opacity":"","overlay-gradient":""},"tablet":{"background-color":"","background-image":"","background-repeat":"repeat","background-position":"center center","background-size":"auto","background-attachment":"scroll","background-type":"","background-media":"","overlay-type":"","overlay-color":"","overlay-opacity":"","overlay-gradient":""},"mobile":{"background-color":"","background-image":"","background-repeat":"repeat","background-position":"center center","background-size":"auto","background-attachment":"scroll","background-type":"","background-media":"","overlay-type":"","overlay-color":"","overlay-opacity":"","overlay-gradient":""}},"ast-content-background-meta":{"desktop":{"background-color":"var(--ast-global-color-5)","background-image":"","background-repeat":"repeat","background-position":"center center","background-size":"auto","background-attachment":"scroll","background-type":"","background-media":"","overlay-type":"","overlay-color":"","overlay-opacity":"","overlay-gradient":""},"tablet":{"background-color":"var(--ast-global-color-5)","background-image":"","background-repeat":"repeat","background-position":"center center","background-size":"auto","background-attachment":"scroll","background-type":"","background-media":"","overlay-type":"","overlay-color":"","overlay-opacity":"","overlay-gradient":""},"mobile":{"background-color":"var(--ast-global-color-5)","background-image":"","background-repeat":"repeat","background-position":"center center","background-size":"auto","background-attachment":"scroll","background-type":"","background-media":"","overlay-type":"","overlay-color":"","overlay-opacity":"","overlay-gradient":""}},"_joinchat":{"telephone":"+8618077105750"}},"product_brand":[],"product_cat":[67,152,158,159,142,58,144,148],"product_tag":[],"class_list":{"0":"post-3275","1":"product","2":"type-product","3":"status-publish","4":"has-post-thumbnail","6":"product_cat-30000-puff","7":"product_cat-buy-disposable-vapes-in-cermany","8":"product_cat-buy-disposable-vapes-in-spain","9":"product_cat-buy-disposable-vapes-in-sweden","10":"product_cat-digital-box-disposable-vapes","11":"product_cat-fumot-vape","12":"product_cat-low-nicotine-disposable-vapes","13":"product_cat-tornado-disposable-vapes","14":"desktop-align-left","15":"tablet-align-left","16":"mobile-align-left","18":"first","19":"instock","20":"sale","21":"shipping-taxable","22":"purchasable","23":"product-type-simple"},"acf":[],"uagb_featured_image_src":{"full":["https:\/\/vapestornado.com\/wp-content\/uploads\/2024\/12\/Fumot-Vape-Wholesale-Store-Best-Prices.jpg",900,900,false],"thumbnail":["https:\/\/vapestornado.com\/wp-content\/uploads\/2024\/12\/Fumot-Vape-Wholesale-Store-Best-Prices-150x150.jpg",150,150,true],"medium":["https:\/\/vapestornado.com\/wp-content\/uploads\/2024\/12\/Fumot-Vape-Wholesale-Store-Best-Prices-300x300.jpg",300,300,true],"medium_large":["https:\/\/vapestornado.com\/wp-content\/uploads\/2024\/12\/Fumot-Vape-Wholesale-Store-Best-Prices-768x768.jpg",768,768,true],"large":["https:\/\/vapestornado.com\/wp-content\/uploads\/2024\/12\/Fumot-Vape-Wholesale-Store-Best-Prices.jpg",900,900,false],"1536x1536":["https:\/\/vapestornado.com\/wp-content\/uploads\/2024\/12\/Fumot-Vape-Wholesale-Store-Best-Prices.jpg",900,900,false],"2048x2048":["https:\/\/vapestornado.com\/wp-content\/uploads\/2024\/12\/Fumot-Vape-Wholesale-Store-Best-Prices.jpg",900,900,false],"trp-custom-language-flag":["https:\/\/vapestornado.com\/wp-content\/uploads\/2024\/12\/Fumot-Vape-Wholesale-Store-Best-Prices.jpg",12,12,false],"woocommerce_thumbnail":["https:\/\/vapestornado.com\/wp-content\/uploads\/2024\/12\/Fumot-Vape-Wholesale-Store-Best-Prices-300x300.jpg",300,300,true],"woocommerce_single":["https:\/\/vapestornado.com\/wp-content\/uploads\/2024\/12\/Fumot-Vape-Wholesale-Store-Best-Prices-600x600.jpg",600,600,true],"woocommerce_gallery_thumbnail":["https:\/\/vapestornado.com\/wp-content\/uploads\/2024\/12\/Fumot-Vape-Wholesale-Store-Best-Prices-100x100.jpg",100,100,true]},"uagb_author_info":{"display_name":"ESvicky","author_link":"https:\/\/vapestornado.com\/lt\/author\/"},"uagb_comment_info":0,"uagb_excerpt":"The Fumot Tornado 30000 Music Vape offers 30K puffs, RGB music lights, and a rechargeable 600mAh battery. A stylish disposable designed for wholesale bulk buyers in Europe. (our website price not include shipping cost, please contact me to get whole price and your disccount!)","_links":{"self":[{"href":"https:\/\/vapestornado.com\/lt\/wp-json\/wp\/v2\/product\/3275","targetHints":{"allow":["GET"]}}],"collection":[{"href":"https:\/\/vapestornado.com\/lt\/wp-json\/wp\/v2\/product"}],"about":[{"href":"https:\/\/vapestornado.com\/lt\/wp-json\/wp\/v2\/types\/product"}],"replies":[{"embeddable":true,"href":"https:\/\/vapestornado.com\/lt\/wp-json\/wp\/v2\/comments?post=3275"}],"wp:featuredmedia":[{"embeddable":true,"href":"https:\/\/vapestornado.com\/lt\/wp-json\/wp\/v2\/media\/3278"}],"wp:attachment":[{"href":"https:\/\/vapestornado.com\/lt\/wp-json\/wp\/v2\/media?parent=3275"}],"wp:term":[{"taxonomy":"product_brand","embeddable":true,"href":"https:\/\/vapestornado.com\/lt\/wp-json\/wp\/v2\/product_brand?post=3275"},{"taxonomy":"product_cat","embeddable":true,"href":"https:\/\/vapestornado.com\/lt\/wp-json\/wp\/v2\/product_cat?post=3275"},{"taxonomy":"product_tag","embeddable":true,"href":"https:\/\/vapestornado.com\/lt\/wp-json\/wp\/v2\/product_tag?post=3275"}],"curies":[{"name":"wp","href":"https:\/\/api.w.org\/{rel}","templated":true}]}}