{"id":3246,"date":"2024-12-19T07:46:10","date_gmt":"2024-12-19T07:46:10","guid":{"rendered":"https:\/\/vapestornado.com\/?post_type=product&#038;p=3246"},"modified":"2025-08-23T12:26:13","modified_gmt":"2025-08-23T12:26:13","slug":"vapsolo-king-10000-puffs-2-5-low-nicotine-rechargeable-disposable-vapes-pen-wholesale-bulk-buy","status":"publish","type":"product","link":"https:\/\/vapestornado.com\/lt\/product\/vapsolo-king-10000-puffs-2-5-low-nicotine-rechargeable-disposable-vapes-pen-wholesale-bulk-buy\/","title":{"rendered":"Vapsolo King 10000 Puffs 2% 5% Ma\u017eai nikotino, \u012fkraunamos vienkartin\u0117s elektronin\u0117s cigaret\u0117s, skirtos didmeninei prekybai"},"content":{"rendered":"<h1 class=\"product-title\">Vapsolo King 10000 Puffs 2% 5% Ma\u017eai nikotino, \u012fkraunamos vienkartin\u0117s elektronin\u0117s cigaret\u0117s, skirtos didmeninei prekybai<\/h1>\n<p>\u0160is <strong>Vapsolo King 10000 \u012ftraukim\u0173 ma\u017eo nikotino \u012fkraunamas vienkartinis garinimo prietaisas<\/strong> yra puikus pasirinkimas garintojams, ie\u0161kantiems <strong>ilgalaik\u012f veikim\u0105<\/strong>, <strong>reguliuojamo oro srauto<\/strong>ir puikios vert\u0117s. Su \u012fsp\u016bdingu <strong>10 000 \u012ftraukim\u0173<\/strong> viename \u012frenginyje, \u0161is garintuvas u\u017etikrina ilgalaik\u012f pasitenkinim\u0105 be da\u017eno keitimo poreikio.<\/p>\n<p>Jo <strong>20 ml e. skys\u010dio talpa<\/strong> sujungta su <strong>tinklelio rit\u0117s technologija<\/strong> u\u017etikrina skland\u0173 gar\u0173 gamyb\u0105 ir i\u0161skirtin\u012f skon\u012f kiekviename \u012ftraukime. The <strong>650mAh \u012fkraunama baterija<\/strong> u\u017etikrina pastovi\u0105 gali\u0105, o <strong>C tipo greit\u0105j\u012f \u012fkrovim\u0105<\/strong> leid\u017eia jums b\u016bti pasiruo\u0161usiam garinti su minimaliomis prastovomis.<\/p>\n<p>Sukurtas personalizavimui, <strong>reguliuojamas oro srautas<\/strong> funkcija si\u016blo tris nustatymus, atitinkan\u010dius j\u016bs\u0173 pageidaujam\u0105 garinimo stili\u0173 \u2013 nesvarbu, ar jums patinka stipresnis traukimas, ar atviresnis oro srautas. Jo <strong>lengvas ir ne\u0161iojamas dizainas<\/strong>, sveriantis tik 95 g, puikiai tinka keliaujantiems garintojams. Be to, su <strong>didmenin\u0117mis kainomis<\/strong>, Vapsolo King 10000 yra prieinama ir patikima galimyb\u0117 tiek asmenims, tiek ma\u017emenininkams.<\/p>\n<p>&nbsp;<\/p>\n<p><strong>Prid\u0117kite Amy's Whatsapp, gaukite teising\u0105 atsakym\u0105 ir kupon\u0105 garintuvui!<\/strong><\/p>\n<p><img fetchpriority=\"high\" decoding=\"async\" class=\"size-full wp-image-2932\" src=\"https:\/\/vapestornado.com\/wp-content\/uploads\/2024\/12\/Vape-Wholesale.jpg\" alt=\"Garintuvai Didmenin\u0117 prekyba\" width=\"229\" height=\"300\" \/><\/p>\n<h3><a href=\"https:\/\/wa.me\/8617776015835\" target=\"_blank\" rel=\"noopener\"><span style=\"color: #ff0000;\"><strong>WhatsApp: +86 17776015835<\/strong><\/span><\/a><\/h3>\n<p>&nbsp;<\/p>\n<h2><strong>Vapsolo King 10000 \u012fkv\u0117pim\u0173 produkto savyb\u0117s<\/strong><\/h2>\n<div role=\"article\" data-tabster=\"{&quot;groupper&quot;:{&quot;tabbability&quot;:2},&quot;focusable&quot;:{}}\" data-content=\"ai-message\" aria-labelledby=\"juhNTJ6o7Gk1cgwZMJgv2-author juhNTJ6o7Gk1cgwZMJgv2-content\">\n<div id=\"juhNTJ6o7Gk1cgwZMJgv2-content\">\n<div role=\"article\" data-tabster=\"{&quot;groupper&quot;:{&quot;tabbability&quot;:2},&quot;focusable&quot;:{}}\" data-content=\"ai-message\" aria-labelledby=\"x4EZuCZWrTbh3weWUt7CU-author x4EZuCZWrTbh3weWUt7CU-content\">\n<div id=\"x4EZuCZWrTbh3weWUt7CU-content\">\n<h3><\/h3>\n<ol>\n<li style=\"list-style-type: none;\">\n<ol>\n<li><strong>10 000 \u012fkv\u0117pim\u0173:<\/strong> Ilgalaik\u0117 garinimo patirtis nepertraukiamam pasitenkinimui.<\/li>\n<li><strong>\u012ekraunama baterija:<\/strong> <strong>650mAh baterij\u0105<\/strong> su <strong>C tipo greit\u0105j\u012f \u012fkrovim\u0105<\/strong> patogumui.<\/li>\n<li><strong>Reguliuojamas oro srautas:<\/strong> Trys pritaikomi nustatymai individualiam traukimui.<\/li>\n<li><strong>Tinklelio rit\u0117s technologija:<\/strong> U\u017etikrina skland\u0173 gar\u0173 gamyb\u0105 ir sustiprint\u0105 skon\u012f.<\/li>\n<li><strong>20 ml e. skys\u010dio talpa:<\/strong> Ma\u017eiau papildym\u0173 didesniam patogumui.<\/li>\n<li><strong>Pritaikomi nikotino lygiai:<\/strong> Galima \u012fsigyti <strong>2% ir 5% ma\u017eas nikotino kiekis<\/strong> variant\u0173.<\/li>\n<li><strong>Lengvas dizainas:<\/strong> Sveria tik <strong>95g<\/strong>, puikiai tinka ne\u0161iojimui ir kelion\u0117ms.<\/li>\n<li><strong>Didmeninis prieinamumas:<\/strong> \u012eperkamos didmenin\u0117s pirkimo galimyb\u0117s, idealiai tinkan\u010dios asmeniniam ir ma\u017emeniniam naudojimui.<\/li>\n<\/ol>\n<\/li>\n<\/ol>\n<figure id=\"attachment_3241\" aria-describedby=\"caption-attachment-3241\" style=\"width: 600px\" class=\"wp-caption alignnone\"><img decoding=\"async\" class=\"wp-image-3241\" src=\"https:\/\/vapestornado.com\/wp-content\/uploads\/2024\/12\/Vapsolo-Disposable-Vape-Wholesale-300x300.jpg\" alt=\"Vienkartin\u0117 elektronin\u0117 cigaret\u0117 didmeninei prekybai Vapsolo King 10000 Puffs\" width=\"600\" height=\"600\" srcset=\"https:\/\/vapestornado.com\/wp-content\/uploads\/2024\/12\/Vapsolo-Disposable-Vape-Wholesale-300x300.jpg 300w, https:\/\/vapestornado.com\/wp-content\/uploads\/2024\/12\/Vapsolo-Disposable-Vape-Wholesale-150x150.jpg 150w, https:\/\/vapestornado.com\/wp-content\/uploads\/2024\/12\/Vapsolo-Disposable-Vape-Wholesale-768x768.jpg 768w, https:\/\/vapestornado.com\/wp-content\/uploads\/2024\/12\/Vapsolo-Disposable-Vape-Wholesale-600x600.jpg 600w, https:\/\/vapestornado.com\/wp-content\/uploads\/2024\/12\/Vapsolo-Disposable-Vape-Wholesale-100x100.jpg 100w, https:\/\/vapestornado.com\/wp-content\/uploads\/2024\/12\/Vapsolo-Disposable-Vape-Wholesale.jpg 1000w\" sizes=\"(max-width: 600px) 100vw, 600px\" \/><figcaption id=\"caption-attachment-3241\" class=\"wp-caption-text\">Vienkartin\u0117 elektronin\u0117 cigaret\u0117 didmeninei prekybai Vapsolo King 10000 Puffs<\/figcaption><\/figure>\n<\/div>\n<\/div>\n<\/div>\n<\/div>\n<h2 class=\"product-title\"><strong>Vapsolo King 10000 skoni\u0173 s\u0105ra\u0161as<\/strong><\/h2>\n<p>1. M\u0117lyni\u0173 avie\u010di\u0173<br \/>\n2. M\u0117lyna aviet\u0117<br \/>\n3. Bra\u0161ki\u0173 kivi<br \/>\n4. Persik\u0173 mang\u0173 ananas\u0173<br \/>\n5. Red Bull<br \/>\n6. Banan\u0173 ledai<br \/>\n7. R\u016bg\u0161\u010di\u0173 ananas\u0173 ledai<br \/>\n8. Bra\u0161ki\u0173 avie\u010di\u0173 vy\u0161ni\u0173 ledai<br \/>\n9.kivi\u0173 pasiflor\u0173 gvajava<br \/>\n10.bra\u0161ki\u0173 bananas<br \/>\n11.gazuota vy\u0161nia<br \/>\n12.m\u0117lyni\u0173 ledas<br \/>\n13.prime bra\u0161ki\u0173 arb\u016bzas<br \/>\n14.violetinis lietus<br \/>\n15.citrina \u017ealioji citrina<br \/>\n16.Ponas m\u0117lynasis<br \/>\n17.raudonas obuolys<br \/>\n18.mi\u0161rios uogos<br \/>\n19.arb\u016bz\u0173 ledas<br \/>\n20.bra\u0161ki\u0173 ledas<\/p>\n<h3>Kod\u0117l verta rinktis \u201evapestornado\u201c didmeninei prekybai \u201eVapsolo King 10k Puffs Vape\u201c?<\/h3>\n<div class=\"flex-shrink-0 flex flex-col relative items-end\">\n<div class=\"pt-0\">\n<div class=\"gizmo-bot-avatar flex h-8 w-8 items-center justify-center overflow-hidden rounded-full\">\n<div class=\"relative p-1 rounded-sm flex items-center justify-center bg-token-main-surface-primary text-token-text-primary h-8 w-8\">\n<p>Sveiki atvyk\u0119 \u012f vapestornado \u2013 j\u016bs\u0173 patikim\u0105 internetin\u0119 auk\u0161\u010diausios kokyb\u0117s vienkartini\u0173 garinimo priemoni\u0173 parduotuv\u0119. Tur\u0117dami daugiau nei 5 met\u0173 patirt\u012f, si\u016blome populiarius vienkartini\u0173 garinimo priemoni\u0173 prek\u0117s \u017eenklus, tokius kaip Fumot RandM Vape, <a href=\"https:\/\/vapestornado.com\/lt\/product\/vapme-crystal-7000-puffs-rechargeable-disposable-vape-wholesale-cheap-price\/\">Vapme<\/a>, Bang Vape, Waspe Vape, ir WGA Vape ir kt.<\/p>\n<p>M\u016bs\u0173 asortimentas apima populiarias garinimo priemones, tokias kaip <a href=\"https:\/\/vapestornado.com\/lt\/product\/fumot-randm-tornado-15000-puffs-rechargeable-disposable-vape-wholesale\/\">RandM Tornado 15000<\/a>, ir skoni\u0173 turtingus pasirinkimus, tokius kaip <a href=\"https:\/\/vapestornado.com\/lt\/product\/vapsolo-dg-18000-puffs-smart-screen-wholesale-disposable-cheap-vapes\/\">\u00a0Vapsalo DG18000 P\u016bsl\u0117s<\/a> . Kiekvienas produktas yra atrenkamas, akcentuojant kokyb\u0119, vert\u0119 ir \u012fvairov\u0119, u\u017etikrinant, kad rastum\u0117te tobul\u0105 variant\u0105 savo poreikiams. Atraskite i\u0161skirtin\u012f aptarnavim\u0105 ir plat\u0173 auk\u0161\u010diausios kokyb\u0117s produkt\u0173 asortiment\u0105 didmenin\u0117mis kainomis vapestornado svetain\u0117je.<\/p>\n<\/div>\n<h3><\/h3>\n<div class=\"relative p-1 rounded-sm flex items-center justify-center bg-token-main-surface-primary text-token-text-primary h-8 w-8\">\n<h3>DUK apie \u201eVapsolo King 10000\u201c vienkartin\u012f garintuv\u0105<\/h3>\n<\/div>\n<\/div>\n<\/div>\n<\/div>\n<div class=\"flex-shrink-0 flex flex-col relative items-end\">\n<div class=\"pt-0\">\n<div class=\"gizmo-bot-avatar flex h-8 w-8 items-center justify-center overflow-hidden rounded-full\">\n<div class=\"relative p-1 rounded-sm flex items-center justify-center bg-token-main-surface-primary text-token-text-primary h-8 w-8\">\n<div class=\"mb-2 flex gap-3 empty:hidden -ml-2\">\n<div role=\"article\" data-tabster=\"{&quot;groupper&quot;:{&quot;tabbability&quot;:2},&quot;focusable&quot;:{}}\" data-content=\"ai-message\" aria-labelledby=\"Vdt5ez4X7Tg813x6rFVha-author Vdt5ez4X7Tg813x6rFVha-content\">\n<div id=\"Vdt5ez4X7Tg813x6rFVha-content\">\n<div role=\"article\" data-tabster=\"{&quot;groupper&quot;:{&quot;tabbability&quot;:2},&quot;focusable&quot;:{}}\" data-content=\"ai-message\" aria-labelledby=\"o968oC7CEo2fGHsGdsRYC-author o968oC7CEo2fGHsGdsRYC-content\">\n<div id=\"o968oC7CEo2fGHsGdsRYC-content\">\n<h3><\/h3>\n<ol>\n<li><strong>Kiek \u012ftraukim\u0173 si\u016blo \u201eVapsolo 10000\u201c?<\/strong><br \/>\nJis si\u016blo \u012fsp\u016bding\u0105 <strong>10 000 \u012ftraukim\u0173<\/strong>, tod\u0117l tai yra geriausias pasirinkimas ilgalaikiams vienkartiniams garintuvams.<\/li>\n<li><strong>Ar galiu \u012fkrauti \u201eVapsolo King 10k\u201c?<\/strong><br \/>\nTaip, jame yra <strong>650mAh \u012fkraunama baterija<\/strong> su <strong>C tipo \u012fkrovimo prievadas<\/strong> greitam ir lengvam \u012fkrovimui.<\/li>\n<li><strong>Kokie nikotino stiprumai yra prieinami?<\/strong><br \/>\nPrietaisas yra prieinamas <strong>2% ir 5% ma\u017eas nikotino kiekis<\/strong> variant\u0173, atitinkan\u010di\u0173 plat\u0173 pageidavim\u0173 spektr\u0105.<\/li>\n<li><strong>Kaip veikia reguliuojamas oro srautas?<\/strong><br \/>\nVapsolo King 10000 turi <strong>tris oro srauto nustatymus<\/strong>, leid\u017eian\u010dius pritaikyti garinimo patirt\u012f, kad traukimas b\u016bt\u0173 stipresnis arba silpnesnis.<\/li>\n<li><strong>Kur galiu \u012fsigyti Vapsolo King 10000 didmenin\u0117mis kainomis?<\/strong><br \/>\nNor\u0117dami gauti geriausius <strong>vienkartini\u0173 elektronini\u0173 cigare\u010di\u0173 didmenin\u0117s prekybos<\/strong> pasi\u016blymus, apsilankykite vapestornado<strong>\u00a0elektronini\u0173 cigare\u010di\u0173 internetin\u0117je parduotuv\u0117je<\/strong>, kur rasite <strong>pigias vienkartines elektronines cigaretes<\/strong> su auk\u0161tos kokyb\u0117s veikimu.<\/li>\n<\/ol>\n<\/div>\n<\/div>\n<\/div>\n<\/div>\n<\/div>\n<\/div>\n<\/div>\n<\/div>\n<\/div>","protected":false},"excerpt":{"rendered":"<p>Vapsolo King 10000 \u012ftraukim\u0173 2% 5% ma\u017eo nikotino vienkartinio garintuvo didmenin\u0117s kainos<br \/>\nVapsolo King 10000 \u012ftraukim\u0173 \u012fkraunamas vienkartinis garintuvas didmenin\u0117 prekyba<br \/>\nPig\u016bs gamykliniai Vapsolo King 10000 \u012ftraukim\u0173 2% 5% ma\u017eo nikotino vienkartiniai garintuvai<\/p>\n<p><strong>Prid\u0117kite Amy whatsapp, gaukite tiesiogin\u012f atsakym\u0105 ir kupon\u0105 veipui!<\/strong><\/p>\n<p><img fetchpriority=\"high\" decoding=\"async\" class=\"size-full wp-image-2932\" src=\"https:\/\/vapestornado.com\/wp-content\/uploads\/2024\/12\/Vape-Wholesale.jpg\" alt=\"Garintuvai Didmenin\u0117 prekyba\" width=\"229\" height=\"300\" \/><\/p>\n<h3><a href=\"https:\/\/wa.me\/8617776015835\"><span style=\"color: #ff0000;\"><strong>WhatsApp: +86 17776015835<\/strong><\/span><\/a><\/h3>\n<p>&nbsp;<\/p>","protected":false},"featured_media":3240,"comment_status":"open","ping_status":"closed","template":"","meta":{"_acf_changed":false,"_uag_custom_page_level_css":"","_lmt_disableupdate":"no","_lmt_disable":"","_monsterinsights_skip_tracking":false,"_monsterinsights_sitenote_active":false,"_monsterinsights_sitenote_note":"","_monsterinsights_sitenote_category":0,"site-sidebar-layout":"default","site-content-layout":"","ast-site-content-layout":"default","site-content-style":"default","site-sidebar-style":"default","ast-global-header-display":"","ast-banner-title-visibility":"","ast-main-header-display":"","ast-hfb-above-header-display":"","ast-hfb-below-header-display":"","ast-hfb-mobile-header-display":"","site-post-title":"","ast-breadcrumbs-content":"","ast-featured-img":"","footer-sml-layout":"","ast-disable-related-posts":"","theme-transparent-header-meta":"default","adv-header-id-meta":"","stick-header-meta":"","header-above-stick-meta":"","header-main-stick-meta":"","header-below-stick-meta":"","astra-migrate-meta-layouts":"set","ast-page-background-enabled":"default","ast-page-background-meta":{"desktop":{"background-color":"","background-image":"","background-repeat":"repeat","background-position":"center center","background-size":"auto","background-attachment":"scroll","background-type":"","background-media":"","overlay-type":"","overlay-color":"","overlay-opacity":"","overlay-gradient":""},"tablet":{"background-color":"","background-image":"","background-repeat":"repeat","background-position":"center center","background-size":"auto","background-attachment":"scroll","background-type":"","background-media":"","overlay-type":"","overlay-color":"","overlay-opacity":"","overlay-gradient":""},"mobile":{"background-color":"","background-image":"","background-repeat":"repeat","background-position":"center center","background-size":"auto","background-attachment":"scroll","background-type":"","background-media":"","overlay-type":"","overlay-color":"","overlay-opacity":"","overlay-gradient":""}},"ast-content-background-meta":{"desktop":{"background-color":"var(--ast-global-color-5)","background-image":"","background-repeat":"repeat","background-position":"center center","background-size":"auto","background-attachment":"scroll","background-type":"","background-media":"","overlay-type":"","overlay-color":"","overlay-opacity":"","overlay-gradient":""},"tablet":{"background-color":"var(--ast-global-color-5)","background-image":"","background-repeat":"repeat","background-position":"center center","background-size":"auto","background-attachment":"scroll","background-type":"","background-media":"","overlay-type":"","overlay-color":"","overlay-opacity":"","overlay-gradient":""},"mobile":{"background-color":"var(--ast-global-color-5)","background-image":"","background-repeat":"repeat","background-position":"center center","background-size":"auto","background-attachment":"scroll","background-type":"","background-media":"","overlay-type":"","overlay-color":"","overlay-opacity":"","overlay-gradient":""}},"_joinchat":{"telephone":"+8617776015835"}},"product_brand":[],"product_cat":[106,151,154,160,144,146,19,171],"product_tag":[165,97,166,94,139,180],"class_list":{"0":"post-3246","1":"product","2":"type-product","3":"status-publish","4":"has-post-thumbnail","6":"product_cat-10000-puff","7":"product_cat-buy-disposable-vapes-in-france","8":"product_cat-buy-disposable-vapes-in-netherlands","9":"product_cat-buy-disposable-vapes-in-switzerland","10":"product_cat-low-nicotine-disposable-vapes","11":"product_cat-rechargeable-disposable-vapes","12":"product_cat-vapes","13":"product_cat-vapsolo-disposable-vapes","14":"product_tag-cheap-vapes","15":"product_tag-hot-sale-disposable-vape","16":"product_tag-low-nicotine-vape","17":"product_tag-rechargeable-disposable-vape","18":"product_tag-vapsolo","19":"product_tag-vapsolo-king-10000","20":"desktop-align-left","21":"tablet-align-left","22":"mobile-align-left","24":"first","25":"instock","26":"sale","27":"shipping-taxable","28":"purchasable","29":"product-type-simple"},"acf":[],"uagb_featured_image_src":{"full":["https:\/\/vapestornado.com\/wp-content\/uploads\/2024\/12\/Disposable-Vape-Wholesale-Vapsolo-King-10000-Puffs.jpg",1000,1000,false],"thumbnail":["https:\/\/vapestornado.com\/wp-content\/uploads\/2024\/12\/Disposable-Vape-Wholesale-Vapsolo-King-10000-Puffs-150x150.jpg",150,150,true],"medium":["https:\/\/vapestornado.com\/wp-content\/uploads\/2024\/12\/Disposable-Vape-Wholesale-Vapsolo-King-10000-Puffs-300x300.jpg",300,300,true],"medium_large":["https:\/\/vapestornado.com\/wp-content\/uploads\/2024\/12\/Disposable-Vape-Wholesale-Vapsolo-King-10000-Puffs-768x768.jpg",768,768,true],"large":["https:\/\/vapestornado.com\/wp-content\/uploads\/2024\/12\/Disposable-Vape-Wholesale-Vapsolo-King-10000-Puffs.jpg",1000,1000,false],"1536x1536":["https:\/\/vapestornado.com\/wp-content\/uploads\/2024\/12\/Disposable-Vape-Wholesale-Vapsolo-King-10000-Puffs.jpg",1000,1000,false],"2048x2048":["https:\/\/vapestornado.com\/wp-content\/uploads\/2024\/12\/Disposable-Vape-Wholesale-Vapsolo-King-10000-Puffs.jpg",1000,1000,false],"trp-custom-language-flag":["https:\/\/vapestornado.com\/wp-content\/uploads\/2024\/12\/Disposable-Vape-Wholesale-Vapsolo-King-10000-Puffs.jpg",12,12,false],"woocommerce_thumbnail":["https:\/\/vapestornado.com\/wp-content\/uploads\/2024\/12\/Disposable-Vape-Wholesale-Vapsolo-King-10000-Puffs-300x300.jpg",300,300,true],"woocommerce_single":["https:\/\/vapestornado.com\/wp-content\/uploads\/2024\/12\/Disposable-Vape-Wholesale-Vapsolo-King-10000-Puffs-600x600.jpg",600,600,true],"woocommerce_gallery_thumbnail":["https:\/\/vapestornado.com\/wp-content\/uploads\/2024\/12\/Disposable-Vape-Wholesale-Vapsolo-King-10000-Puffs-100x100.jpg",100,100,true]},"uagb_author_info":{"display_name":"ESAMY","author_link":"https:\/\/vapestornado.com\/lt\/author\/"},"uagb_comment_info":1,"uagb_excerpt":"Vapsolo King 10000 Puffs 2% 5% Low Nicotine Disposable Vape Bulk Buy Price Vapsolo King 10000 Puffs Rechargeable Disposable Vape Wholesale Cheap Factory Vapsolo King 10000 Puffs 2% 5% Low Nicotine Disposable Vape Add Amy's whatsapp get right reply and vape vape coupon! WhatsApp: +86 17776015835 &nbsp;","_links":{"self":[{"href":"https:\/\/vapestornado.com\/lt\/wp-json\/wp\/v2\/product\/3246","targetHints":{"allow":["GET"]}}],"collection":[{"href":"https:\/\/vapestornado.com\/lt\/wp-json\/wp\/v2\/product"}],"about":[{"href":"https:\/\/vapestornado.com\/lt\/wp-json\/wp\/v2\/types\/product"}],"replies":[{"embeddable":true,"href":"https:\/\/vapestornado.com\/lt\/wp-json\/wp\/v2\/comments?post=3246"}],"wp:featuredmedia":[{"embeddable":true,"href":"https:\/\/vapestornado.com\/lt\/wp-json\/wp\/v2\/media\/3240"}],"wp:attachment":[{"href":"https:\/\/vapestornado.com\/lt\/wp-json\/wp\/v2\/media?parent=3246"}],"wp:term":[{"taxonomy":"product_brand","embeddable":true,"href":"https:\/\/vapestornado.com\/lt\/wp-json\/wp\/v2\/product_brand?post=3246"},{"taxonomy":"product_cat","embeddable":true,"href":"https:\/\/vapestornado.com\/lt\/wp-json\/wp\/v2\/product_cat?post=3246"},{"taxonomy":"product_tag","embeddable":true,"href":"https:\/\/vapestornado.com\/lt\/wp-json\/wp\/v2\/product_tag?post=3246"}],"curies":[{"name":"wp","href":"https:\/\/api.w.org\/{rel}","templated":true}]}}