{"id":3238,"date":"2024-12-19T03:54:42","date_gmt":"2024-12-19T03:54:42","guid":{"rendered":"https:\/\/vapestornado.com\/?post_type=product&#038;p=3238"},"modified":"2025-12-11T09:33:33","modified_gmt":"2025-12-11T09:33:33","slug":"bang-vape-35000-puffs-low-nicotine-bulk-buy-rechargeable-disposable-vapes-box-wholesale-price","status":"publish","type":"product","link":"https:\/\/vapestornado.com\/lt\/product\/bang-vape-35000-puffs-low-nicotine-bulk-buy-rechargeable-disposable-vapes-box-wholesale-price\/","title":{"rendered":"Bang Vape 35000 \u012fp\u016btim\u0173 su ma\u017eu nikotino kiekiu, didmeniniai \u012fkraunami vienkartiniai garintuvai d\u0117\u017eut\u0117je, didmenin\u0117 kaina"},"content":{"rendered":"<h2 class=\"product-title\">Bang Vape 35000 R\u016bkali\u0173 vienkartinis BangBOX 35K ilgaam\u017eis \u012frenginys<\/h2>\n<p><strong data-start=\"105\" data-end=\"130\">Bang Vape 35000 \u012fkv\u0117pim\u0173<\/strong> sukurtas r\u016bkaliams, kurie nori rimtos talpos, ai\u0161kios kontrol\u0117s ir \u012fkv\u0117pimo, kur\u012f galima pritaikyti prie momento. Su <strong data-start=\"242\" data-end=\"264\">iki 35 000 \u012fkv\u0117pim\u0173<\/strong>, a <strong data-start=\"268\" data-end=\"290\">35 ml e-liquido bakeliu<\/strong>, <strong data-start=\"292\" data-end=\"305\">tinklelio rit\u0117<\/strong>ir <strong data-start=\"311\" data-end=\"345\">dvipusiu galia (Normalus\/Turbo)<\/strong>, Bang BOX 35K yra sukurtas ilgoms dienoms ir savait\u0117ms be jausmo, kad jis yra per didelis. Kad <strong data-start=\"436\" data-end=\"474\">950mAh Type-C \u012fkraunamos baterijos<\/strong> ir <strong data-start=\"479\" data-end=\"494\">LCD ekranas<\/strong> visada \u017einotum\u0117te, k\u0105 veikia \u012frenginys, o ne sp\u0117liotum\u0117te.<\/p>\n<h3>Kod\u0117l Bang Box 35K i\u0161siskiria tarp didelio kiekio vienkartini\u0173 \u012frengini\u0173?<\/h3>\n<p data-start=\"867\" data-end=\"1254\"><strong data-start=\"867\" data-end=\"921\">Talpa, kuri i\u0161 tikr\u0173j\u0173 kei\u010dia j\u016bs\u0173 pirkimo \u012fpro\u010dius.<\/strong> Su <strong data-start=\"929\" data-end=\"959\">35 ml bakelis ir 35 000 \u012fkv\u0117pim\u0173<\/strong>, <strong data-start=\"965\" data-end=\"1007\">Bang Vape 35000 \u012fkv\u0117pim\u0173 ma\u017eo nikotino d\u0117\u017eut\u0117<\/strong> sukurtas tarnauti daug ilgiau nei standartiniai vienkartiniai \u012frenginiai. Reguliariems naudotojams <strong data-start=\"1084\" data-end=\"1099\">vape Lietuva<\/strong>, Lietuvoje, tai da\u017enai rei\u0161kia ma\u017eiau paskutin\u0117s minut\u0117s apsilankym\u0173 \u012f <strong data-start=\"1167\" data-end=\"1188\">Elektronini\u0173 cigare\u010di\u0173 parduotuv\u0119<\/strong> ir \u017eymiai ma\u017eesn\u0117s i\u0161laidos per dien\u0105, palyginti su 5K ar 10K juostel\u0117mis.<\/p>\n<p data-start=\"1258\" data-end=\"1604\"><strong data-start=\"1258\" data-end=\"1304\">Normalus vs Turbo: du \u012frenginiai viename korpuse.<\/strong> \u0160is <strong data-start=\"1309\" data-end=\"1351\">dvipus\u0117s galios sistema Bang BOX 35K<\/strong> leid\u017eia perjungti tarp Normalios re\u017eimo, skirtos ramiai, l\u0117tai naudoti, ir Turbo re\u017eimo, kai norite stipresnio, \u0161iltesnio \u012fkv\u0117pimo su didesniais debesimis. Praktikoje tai rei\u0161kia, kad vienas \u012frenginys gali apimti tyl\u0173 darbo pertrauk\u0117les ir intensyvesnius vakaro seansus be poreikio tur\u0117ti antr\u0105 vape.<\/p>\n<p data-start=\"1608\" data-end=\"1953\"><strong data-start=\"1608\" data-end=\"1663\">Tinklelio rit\u0117 stabiliai skoniui, ne tik dideliems skai\u010diams.<\/strong> Viduje <strong data-start=\"1675\" data-end=\"1721\">Bang Vape 35000 R\u016bkal\u0173 tvaiko vienkartinis su tinkleliu rit\u0117mis<\/strong>, rit\u0117 tolygiai paskirsto \u0161ilum\u0105, i\u0161laikydama gar\u0173 \u0161velnum\u0105 ir skon\u012f pilnesn\u012f ilgalaikio naudojimo metu. J\u016bs gaunate ma\u017eiau deg\u0117si\u0173 kra\u0161t\u0173, kurie atsiranda senstant paprastoms rit\u0117ms, kas svarbu, kai \u012frenginys skirtas naudoti t\u016bkstan\u010dius puf\u0173.<\/p>\n<p data-start=\"1957\" data-end=\"2279\"><strong data-start=\"1957\" data-end=\"1999\">LCD ekranas, kuris leid\u017eia jums b\u016bti kontroliuojan\u010diu.<\/strong> Ekranas ant <strong data-start=\"2018\" data-end=\"2058\">Bang BOX 35K \u012fkraunamas vienkartinis<\/strong> rodo baterijos lyg\u012f, puf\u0173 skai\u010di\u0173 ir dabartin\u012f galios re\u017eim\u0105. Tai padeda nuspr\u0119sti, ar jums reikia greito Type-C \u012fkrovimo prie\u0161 i\u0161einant, ar \u012frenginys patogiai padengs ilg\u0105 dien\u0105 Lietuvoje, Pranc\u016bzijoje ar Nyderlanduose.<\/p>\n<p data-start=\"2283\" data-end=\"2609\"><strong data-start=\"2283\" data-end=\"2331\">Paruo\u0161tas tiek asmeniniam naudojimui, tiek didmeniniams u\u017esakymams.<\/strong> D\u0117ka <strong data-start=\"2342\" data-end=\"2373\">Cigare\u010di\u0173 didmenin\u0117s kainos<\/strong> ir stipri\u0173 funkcij\u0173, Bang Vape 35000 Puffs tinka tiek individualiems pirk\u0117jams, tiek tiems, kurie perka i\u0161 <strong data-start=\"2473\" data-end=\"2504\">Internetinio cigare\u010di\u0173 didmeninio pardav\u0117jo<\/strong>. Ma\u017emenininkai gauna ilgalaik\u012f \u012frengin\u012f, kuris gerai veikia; naudotojai gauna d\u0117\u017eut\u0119, kuri nei\u0161sikrauna po savaitgalio.<\/p>\n<p>&nbsp;<\/p>\n<p><strong>Prid\u0117kite Amy's Whatsapp, gaukite teising\u0105 atsakym\u0105 ir kupon\u0105 garintuvui!<\/strong><\/p>\n<p><img fetchpriority=\"high\" decoding=\"async\" class=\"size-full wp-image-2932\" src=\"https:\/\/vapestornado.com\/wp-content\/uploads\/2024\/12\/Vape-Wholesale.jpg\" alt=\"Garintuvai Didmenin\u0117 prekyba\" width=\"229\" height=\"300\" \/><\/p>\n<h3><a href=\"https:\/\/wa.me\/8617776015835\" target=\"_blank\" rel=\"noopener\"><span style=\"color: #ff0000;\"><strong>WhatsApp: +86 17776015835<\/strong><\/span><\/a><\/h3>\n<p>&nbsp;<\/p>\n<h2><strong>Bang Vape 35000 \u012ekv\u0117pim\u0173 Produkto Savyb\u0117s<\/strong><\/h2>\n<div role=\"article\" data-tabster=\"{&quot;groupper&quot;:{&quot;tabbability&quot;:2},&quot;focusable&quot;:{}}\" data-content=\"ai-message\" aria-labelledby=\"juhNTJ6o7Gk1cgwZMJgv2-author juhNTJ6o7Gk1cgwZMJgv2-content\">\n<div id=\"juhNTJ6o7Gk1cgwZMJgv2-content\">\n<div role=\"article\" data-tabster=\"{&quot;groupper&quot;:{&quot;tabbability&quot;:2},&quot;focusable&quot;:{}}\" data-content=\"ai-message\" aria-labelledby=\"x4EZuCZWrTbh3weWUt7CU-author x4EZuCZWrTbh3weWUt7CU-content\">\n<div id=\"x4EZuCZWrTbh3weWUt7CU-content\">\n<table>\n<thead>\n<tr>\n<th>Funkcija<\/th>\n<th>spec<\/th>\n<th>detal\u0117s<\/th>\n<\/tr>\n<\/thead>\n<tbody>\n<tr>\n<td>Produkto pavadinimas<\/td>\n<td>Bang Vape 35000 Puffs \/ Bang BOX 35K<\/td>\n<td>Didel\u0117s talpos \u012fkraunamas vienkartinis vape d\u0117\u017eut\u0117<\/td>\n<\/tr>\n<tr>\n<td>\u012ep\u016btim\u0173 talpa<\/td>\n<td>Iki 35 000 \u012fkv\u0117pim\u0173<\/td>\n<td>Sukurtas ilgesniam keli\u0173 savai\u010di\u0173 naudojimui, priklausomai nuo \u012fpro\u010di\u0173<\/td>\n<\/tr>\n<tr>\n<td>E-liquido t\u016bris<\/td>\n<td>35ml i\u0161 anksto u\u017epildyta<\/td>\n<td>Didelis bakelis, pritaikytas dideliam puf\u0173 skai\u010diui<\/td>\n<\/tr>\n<tr>\n<td>Baterija<\/td>\n<td>950mAh \u012fkraunama baterija<\/td>\n<td>Palaiko pakartotin\u012f \u012fkrovim\u0105 viso \u012frenginio gyvavimo metu<\/td>\n<\/tr>\n<tr>\n<td>\u012ekrovimas<\/td>\n<td>C tipo greit\u0105j\u012f \u012fkrovim\u0105<\/td>\n<td>Greitas, patogus \u012fkrovimas su moderniais ES kabeliais<\/td>\n<\/tr>\n<tr>\n<td>Galia re\u017eimai<\/td>\n<td>Dvipusis re\u017eimas: Normalus ir Turbo<\/td>\n<td>Pasirinkite lygesn\u012f, v\u0117sesn\u012f arba stipresn\u012f, \u0161iltesn\u012f i\u0161\u0117jim\u0105<\/td>\n<\/tr>\n<tr>\n<td>Rit\u0117s tipas<\/td>\n<td>Tinklelio rit\u0117s technologija<\/td>\n<td>Vienodas \u0161ildymas, siekiant turtingo skonio ir nuoseklaus garo<\/td>\n<\/tr>\n<tr>\n<td>Nikotino kiekis<\/td>\n<td>0% \/ 2% \/ 3% \/ 5%<\/td>\n<td>\u017demas nikotino pasirinkimas ir stipresni variantai<\/td>\n<\/tr>\n<tr>\n<td>Ekranas<\/td>\n<td>LCD ekranas<\/td>\n<td>Realiojo laiko vaizdas apie baterij\u0105, p\u016btimo skai\u010di\u0173 ir galios re\u017eim\u0105<\/td>\n<\/tr>\n<tr>\n<td>Dizainas<\/td>\n<td>Kompakti\u0161ka, patvari d\u0117\u017eut\u0117<\/td>\n<td>Lengva ne\u0161tis \u012f darb\u0105, keliones ir keliones<\/td>\n<\/tr>\n<tr>\n<td>Pozicionavimas<\/td>\n<td>Ma\u017emenin\u0117 ir didmenin\u0117 prekyba<\/td>\n<td>Tinka E-cigaret\u0117s parduotuvi\u0173 lentynoms ir internetin\u0117ms cigare\u010di\u0173 didmenin\u0117s katalogams<\/td>\n<\/tr>\n<\/tbody>\n<\/table>\n<p><img decoding=\"async\" width=\"278\" height=\"300\" class=\"wp-image-3234\" src=\"https:\/\/vapestornado.com\/wp-content\/uploads\/2024\/12\/Bang-Box-35000-Puffs-Smart-Screen-Disposable-Vape-Bulk-Buy-278x300.jpg\" alt=\"&lt;yoastmark class=\" srcset=\"https:\/\/vapestornado.com\/wp-content\/uploads\/2024\/12\/Bang-Box-35000-Puffs-Smart-Screen-Disposable-Vape-Bulk-Buy-278x300.jpg 278w, https:\/\/vapestornado.com\/wp-content\/uploads\/2024\/12\/Bang-Box-35000-Puffs-Smart-Screen-Disposable-Vape-Bulk-Buy-950x1024.jpg 950w, https:\/\/vapestornado.com\/wp-content\/uploads\/2024\/12\/Bang-Box-35000-Puffs-Smart-Screen-Disposable-Vape-Bulk-Buy-768x828.jpg 768w, https:\/\/vapestornado.com\/wp-content\/uploads\/2024\/12\/Bang-Box-35000-Puffs-Smart-Screen-Disposable-Vape-Bulk-Buy-600x647.jpg 600w, https:\/\/vapestornado.com\/wp-content\/uploads\/2024\/12\/Bang-Box-35000-Puffs-Smart-Screen-Disposable-Vape-Bulk-Buy.jpg 1000w\" sizes=\"(max-width: 278px) 100vw, 278px\" \/><\/p>\n<\/div>\n<\/div>\n<\/div>\n<\/div>\n<h2 class=\"product-title\"><strong>Bang Vape 35000 \u012fkv\u0117pim\u0173 skoni\u0173 s\u0105ra\u0161as<\/strong><\/h2>\n<p>1. BRA\u0160KI\u0172 KIWI<br \/>\n2. M\u0116LYNI\u0172 AVIE\u010cI\u0172 LEDAS<br \/>\n3. BRA\u0160KI\u0172 ARB\u016aZAS<br \/>\n4. PASIFLORA<br \/>\n5. CITRIN\u0172 KOLOS SODA<br \/>\n6. ARB\u016aZ\u0172 LEDAS<br \/>\n7. ARB\u016aZ\u0172 GUMA<br \/>\n8. KIWI PASIFLORA GUAVA<br \/>\n9. M\u0116LYNI\u0172 LEDAS<br \/>\n10. ARB\u016aZ\u0172 VY\u0160NIA<br \/>\n11. RED BULL<br \/>\n12.M\u0116T\u0172 GREIPFRUTAS<\/p>\n<h3>Kod\u0117l verta rinktis vapestornado didmeninei prekybai Bang Vape 35000 \u012fkv\u0117pim\u0173 vape?<\/h3>\n<div class=\"flex-shrink-0 flex flex-col relative items-end\">\n<div class=\"pt-0\">\n<div class=\"gizmo-bot-avatar flex h-8 w-8 items-center justify-center overflow-hidden rounded-full\">\n<div class=\"relative p-1 rounded-sm flex items-center justify-center bg-token-main-surface-primary text-token-text-primary h-8 w-8\">\n<p>Sveiki atvyk\u0119 \u012f vapestornado \u2013 j\u016bs\u0173 patikim\u0105 internetin\u0119 auk\u0161\u010diausios kokyb\u0117s vienkartini\u0173 garinimo priemoni\u0173 parduotuv\u0119. Tur\u0117dami daugiau nei 5 met\u0173 patirt\u012f, si\u016blome populiarius vienkartini\u0173 garinimo priemoni\u0173 prek\u0117s \u017eenklus, tokius kaip Fumot RandM Vape, <a href=\"https:\/\/vapestornado.com\/lt\/product\/vapme-crystal-7000-puffs-rechargeable-disposable-vape-wholesale-cheap-price\/\">Vapme<\/a>, Bang Vape, Waspe Vape, ir WGA Vape ir kt.<\/p>\n<p>M\u016bs\u0173 asortimentas apima populiarias garinimo priemones, tokias kaip <a href=\"https:\/\/vapestornado.com\/lt\/product\/fumot-randm-tornado-15000-puffs-rechargeable-disposable-vape-wholesale\/\">RandM Tornado 15000<\/a>, ir skoni\u0173 turtingus pasirinkimus, tokius kaip <a href=\"https:\/\/vapestornado.com\/lt\/product\/vapsolo-dg-18000-puffs-smart-screen-wholesale-disposable-cheap-vapes\/\">\u00a0Vapsalo DG18000 P\u016bsl\u0117s<\/a> . Kiekvienas produktas yra atrenkamas, akcentuojant kokyb\u0119, vert\u0119 ir \u012fvairov\u0119, u\u017etikrinant, kad rastum\u0117te tobul\u0105 variant\u0105 savo poreikiams. Atraskite i\u0161skirtin\u012f aptarnavim\u0105 ir plat\u0173 auk\u0161\u010diausios kokyb\u0117s produkt\u0173 asortiment\u0105 didmenin\u0117mis kainomis vapestornado svetain\u0117je.<\/p>\n<\/div>\n<h3><\/h3>\n<div class=\"relative p-1 rounded-sm flex items-center justify-center bg-token-main-surface-primary text-token-text-primary h-8 w-8\">\n<h3>DUK apie Bang Vape 35000 \u012fkv\u0117pim\u0173 vienkartin\u012f vape<\/h3>\n<\/div>\n<\/div>\n<\/div>\n<\/div>\n<div class=\"flex-shrink-0 flex flex-col relative items-end\">\n<div class=\"pt-0\">\n<div class=\"gizmo-bot-avatar flex h-8 w-8 items-center justify-center overflow-hidden rounded-full\">\n<div class=\"relative p-1 rounded-sm flex items-center justify-center bg-token-main-surface-primary text-token-text-primary h-8 w-8\">\n<div class=\"mb-2 flex gap-3 empty:hidden -ml-2\">\n<div role=\"article\" data-tabster=\"{&quot;groupper&quot;:{&quot;tabbability&quot;:2},&quot;focusable&quot;:{}}\" data-content=\"ai-message\" aria-labelledby=\"Vdt5ez4X7Tg813x6rFVha-author Vdt5ez4X7Tg813x6rFVha-content\">\n<div id=\"Vdt5ez4X7Tg813x6rFVha-content\">\n<div role=\"article\" data-tabster=\"{&quot;groupper&quot;:{&quot;tabbability&quot;:2},&quot;focusable&quot;:{}}\" data-content=\"ai-message\" aria-labelledby=\"o968oC7CEo2fGHsGdsRYC-author o968oC7CEo2fGHsGdsRYC-content\">\n<div id=\"o968oC7CEo2fGHsGdsRYC-content\">\n<h3 data-start=\"3750\" data-end=\"3845\">1. Kiek laiko paprastai trunka Bang Vape 35000 Puffs \u017eemo nikotino d\u0117\u017eut\u0117 realiame naudojime?<\/h3>\n<p data-start=\"3846\" data-end=\"4197\">Daugeliui vartotoj\u0173 <strong data-start=\"3864\" data-end=\"3879\">vape Lietuva<\/strong> arba Lietuvoje, <strong data-start=\"3896\" data-end=\"3945\">Bang Vape 35000 Puffs \u017eemo nikotino vienkartin\u0117<\/strong> su savo <strong data-start=\"3955\" data-end=\"3968\">35 ml bakelis<\/strong> gali lengvai padengti <strong data-start=\"3986\" data-end=\"4016\">kelias savaites kasdienio naudojimo<\/strong>. Tiksli tarnavimo trukm\u0117 priklauso nuo to, kaip da\u017enai ir kaip stipriai \u012fkvepiate, ir ar da\u017eniau naudojate Normal\u0173 ar Turbo re\u017eim\u0105, ta\u010diau ji ai\u0161kiai vir\u0161ija \u012fprast\u0173 trumpalaiki\u0173 vienkartini\u0173 \u012frengini\u0173 laik\u0105.<\/p>\n<hr data-start=\"4199\" data-end=\"4202\" \/>\n<h3 data-start=\"4204\" data-end=\"4308\">2. Koki\u0105 naud\u0105 suteikia tinklelio rit\u0117s technologija Bang BOX 35K \u012fkraunamam vienkartiniam vape?<\/h3>\n<p data-start=\"4309\" data-end=\"4608\">\u012e <strong data-start=\"4316\" data-end=\"4354\">Bang BOX 35K tinklelio rit\u0117 Elektronin\u0117 cigaret\u0117<\/strong>, tinklelis tolygiai paskirsto \u0161ilum\u0105 per vanden\u012f. Tai padeda garui i\u0161likti tankiam ir \u0161velniam, suma\u017eina sauso ar sudegusio \u012fsp\u016bd\u017eio tikimyb\u0119 ir i\u0161laiko skon\u012f stabilesn\u012f, kai skys\u010dio lygis ma\u017e\u0117ja \u2014 svarbus skirtumas, kai \u012frenginys \u012fvertintas 35 000 \u012fkv\u0117pim\u0173.<\/p>\n<hr data-start=\"4610\" data-end=\"4613\" \/>\n<h3 data-start=\"4615\" data-end=\"4709\">3. Kaip Normalus ir Turbo re\u017eimai jau\u010diasi skirtingai Bang Vape 35000 \u012fkv\u0117pim\u0173 \u012frenginyje?<\/h3>\n<p data-start=\"4710\" data-end=\"5059\">Ant <strong data-start=\"4717\" data-end=\"4756\">Bang Vape 35000 \u012fkv\u0117pim\u0173 dviej\u0173 re\u017eim\u0173 d\u0117\u017eut\u0117s<\/strong>, <strong data-start=\"4758\" data-end=\"4773\">Normalus re\u017eimas<\/strong> suteikia v\u0117sesn\u012f, labiau atsipalaidavus\u012f \u012fkv\u0117pim\u0105, tinkant\u012f visos dienos naudojimui ar darbo pertrauk\u0117l\u0117ms, o <strong data-start=\"4859\" data-end=\"4873\">Turbo re\u017eimas<\/strong> padidina gali\u0105, kad garas b\u016bt\u0173 \u0161iltesnis, stipresnis gerkl\u0117s poj\u016btis ir didesn\u0117s debesys. Daugelis vartotoj\u0173 Ispanijoje ar Italijoje daugiausia naudoja Normal\u0173 re\u017eim\u0105 ir perjungia \u012f Turbo, kai nori didesnio poveikio.<\/p>\n<hr data-start=\"5061\" data-end=\"5064\" \/>\n<h3 data-start=\"5066\" data-end=\"5152\">4. Ar LCD ekranas Bang BOX 35K elektronin\u0117je cigaret\u0117je i\u0161 tikr\u0173j\u0173 naudingas kasdien?<\/h3>\n<p data-start=\"5153\" data-end=\"5443\">Taip. The <strong data-start=\"5162\" data-end=\"5208\">LCD ekranas ant Bang BOX 35K vienkartin\u0117s<\/strong> seka \u012fkv\u0117pim\u0173 skai\u010di\u0173, akumuliatoriaus procent\u0105 ir aktyv\u0173 re\u017eim\u0105. Tai rei\u0161kia, kad \u017einote, ar d\u0117\u017eut\u0117 gali i\u0161laikyti vis\u0105 vakar\u0105, ar pirmiausia tur\u0117tum\u0117te prijungti Type-C kabel\u012f. Taip pat padeda matyti, kaip Turbo ir Normalus re\u017eimai veikia j\u016bs\u0173 \u012fkv\u0117pim\u0173 naudojim\u0105 laikui b\u0117gant.<\/p>\n<hr data-start=\"5445\" data-end=\"5448\" \/>\n<h3 data-start=\"5450\" data-end=\"5568\">5. Ar Bang Vape 35000 \u012fkv\u0117pim\u0173 yra tinkamas elektronini\u0173 cigare\u010di\u0173 parduotuvei ar internetiniam cigare\u010di\u0173 didmenininkui, orientuotam \u012f vert\u0119?<\/h3>\n<p data-start=\"5569\" data-end=\"5931\">U\u017e <strong data-start=\"5576\" data-end=\"5597\">Elektronini\u0173 cigare\u010di\u0173 parduotuv\u0119<\/strong> or <strong data-start=\"5601\" data-end=\"5632\">Internetinio cigare\u010di\u0173 didmeninio pardav\u0117jo<\/strong>, <strong data-start=\"5638\" data-end=\"5672\">Bang Vape 35000 \u012fkv\u0117pim\u0173 didmenin\u0117 d\u0117\u017eut\u0117<\/strong> si\u016blo stipri\u0105 vert\u0117s istorij\u0105: didelis \u012fkv\u0117pim\u0173 skai\u010dius, <strong data-start=\"5718\" data-end=\"5757\">\u017eemos nikotino galimyb\u0117s (0\u20133%) ir 5%<\/strong>, tinklelio rit\u0117, dviej\u0173 re\u017eim\u0173 galia ir LCD ekranas, visa tai konkurencingomis didmenin\u0117mis kainomis. \u0160i kombinacija da\u017enai gerai parduodama didel\u0117s talpos ir \u201egeriausios vert\u0117s u\u017e \u012fkv\u0117pim\u0105\u201c segmentuose.<\/p>\n<p>&nbsp;<\/p>\n<\/div>\n<\/div>\n<\/div>\n<\/div>\n<\/div>\n<\/div>\n<\/div>\n<\/div>\n<\/div>","protected":false},"excerpt":{"rendered":"<p>Geriausias \u201eBang Vape\u201c 35000 \u012ftraukim\u0173 2% 5% ma\u017eai nikotino vienkartinis garintuvas, masinio pirkimo kaina<br \/>\n\u201eBang Vape\u201c 35000 \u012ftraukim\u0173 \u012fkraunamas vienkartinis garintuvas, didmenin\u0117 prekyba<br \/>\nPig\u016bs gamykliniai \u201eBang Vape\u201c 35000 \u012ftraukim\u0173 2% 5% ma\u017eai nikotino vienkartinis garintuvas<\/p>\n<p><strong>Prid\u0117kite Amy whatsapp, gaukite tiesiogin\u012f atsakym\u0105 ir kupon\u0105 veipui!<\/strong><\/p>\n<p><img fetchpriority=\"high\" decoding=\"async\" class=\"size-full wp-image-2932\" src=\"https:\/\/vapestornado.com\/wp-content\/uploads\/2024\/12\/Vape-Wholesale.jpg\" alt=\"Garintuvai Didmenin\u0117 prekyba\" width=\"229\" height=\"300\" \/><\/p>\n<h3><a href=\"https:\/\/wa.me\/8617776015835\"><span style=\"color: #ff0000;\"><strong>WhatsApp: +86 17776015835<\/strong><\/span><\/a><\/h3>\n<p>&nbsp;<\/p>","protected":false},"featured_media":3236,"comment_status":"open","ping_status":"closed","template":"","meta":{"_acf_changed":false,"_uag_custom_page_level_css":"","_lmt_disableupdate":"no","_lmt_disable":"","_monsterinsights_skip_tracking":false,"_monsterinsights_sitenote_active":false,"_monsterinsights_sitenote_note":"","_monsterinsights_sitenote_category":0,"site-sidebar-layout":"default","site-content-layout":"","ast-site-content-layout":"default","site-content-style":"default","site-sidebar-style":"default","ast-global-header-display":"","ast-banner-title-visibility":"","ast-main-header-display":"","ast-hfb-above-header-display":"","ast-hfb-below-header-display":"","ast-hfb-mobile-header-display":"","site-post-title":"","ast-breadcrumbs-content":"","ast-featured-img":"","footer-sml-layout":"","ast-disable-related-posts":"","theme-transparent-header-meta":"default","adv-header-id-meta":"","stick-header-meta":"","header-above-stick-meta":"","header-main-stick-meta":"","header-below-stick-meta":"","astra-migrate-meta-layouts":"set","ast-page-background-enabled":"default","ast-page-background-meta":{"desktop":{"background-color":"","background-image":"","background-repeat":"repeat","background-position":"center center","background-size":"auto","background-attachment":"scroll","background-type":"","background-media":"","overlay-type":"","overlay-color":"","overlay-opacity":"","overlay-gradient":""},"tablet":{"background-color":"","background-image":"","background-repeat":"repeat","background-position":"center center","background-size":"auto","background-attachment":"scroll","background-type":"","background-media":"","overlay-type":"","overlay-color":"","overlay-opacity":"","overlay-gradient":""},"mobile":{"background-color":"","background-image":"","background-repeat":"repeat","background-position":"center center","background-size":"auto","background-attachment":"scroll","background-type":"","background-media":"","overlay-type":"","overlay-color":"","overlay-opacity":"","overlay-gradient":""}},"ast-content-background-meta":{"desktop":{"background-color":"var(--ast-global-color-5)","background-image":"","background-repeat":"repeat","background-position":"center center","background-size":"auto","background-attachment":"scroll","background-type":"","background-media":"","overlay-type":"","overlay-color":"","overlay-opacity":"","overlay-gradient":""},"tablet":{"background-color":"var(--ast-global-color-5)","background-image":"","background-repeat":"repeat","background-position":"center center","background-size":"auto","background-attachment":"scroll","background-type":"","background-media":"","overlay-type":"","overlay-color":"","overlay-opacity":"","overlay-gradient":""},"mobile":{"background-color":"var(--ast-global-color-5)","background-image":"","background-repeat":"repeat","background-position":"center center","background-size":"auto","background-attachment":"scroll","background-type":"","background-media":"","overlay-type":"","overlay-color":"","overlay-opacity":"","overlay-gradient":""}},"_joinchat":{"telephone":"+8617776015835"}},"product_brand":[],"product_cat":[140,175,64,153,157,159,142,143,146],"product_tag":[179,178,165,97,166,94,139],"class_list":{"0":"post-3238","1":"product","2":"type-product","3":"status-publish","4":"has-post-thumbnail","6":"product_cat-big-puffs-disposable-vapes","7":"product_cat-35000-puff","8":"product_cat-bangbox-vape","9":"product_cat-buy-disposable-vapes-in-italy","10":"product_cat-buy-disposable-vapes-in-portugal","11":"product_cat-buy-disposable-vapes-in-sweden","12":"product_cat-digital-box-disposable-vapes","13":"product_cat-dual-mesh-disposable-vapes","14":"product_cat-rechargeable-disposable-vapes","15":"product_tag-bang-box-35000","16":"product_tag-bang-vape-35000","17":"product_tag-cheap-vapes","18":"product_tag-hot-sale-disposable-vape","19":"product_tag-low-nicotine-vape","20":"product_tag-rechargeable-disposable-vape","21":"product_tag-vapsolo","22":"desktop-align-left","23":"tablet-align-left","24":"mobile-align-left","26":"first","27":"instock","28":"sale","29":"shipping-taxable","30":"purchasable","31":"product-type-simple"},"acf":[],"uagb_featured_image_src":{"full":["https:\/\/vapestornado.com\/wp-content\/uploads\/2024\/12\/Bang-Vape-35000-Puffs-Touch-Screen-Vape.jpg",1000,1000,false],"thumbnail":["https:\/\/vapestornado.com\/wp-content\/uploads\/2024\/12\/Bang-Vape-35000-Puffs-Touch-Screen-Vape-150x150.jpg",150,150,true],"medium":["https:\/\/vapestornado.com\/wp-content\/uploads\/2024\/12\/Bang-Vape-35000-Puffs-Touch-Screen-Vape-300x300.jpg",300,300,true],"medium_large":["https:\/\/vapestornado.com\/wp-content\/uploads\/2024\/12\/Bang-Vape-35000-Puffs-Touch-Screen-Vape-768x768.jpg",768,768,true],"large":["https:\/\/vapestornado.com\/wp-content\/uploads\/2024\/12\/Bang-Vape-35000-Puffs-Touch-Screen-Vape.jpg",1000,1000,false],"1536x1536":["https:\/\/vapestornado.com\/wp-content\/uploads\/2024\/12\/Bang-Vape-35000-Puffs-Touch-Screen-Vape.jpg",1000,1000,false],"2048x2048":["https:\/\/vapestornado.com\/wp-content\/uploads\/2024\/12\/Bang-Vape-35000-Puffs-Touch-Screen-Vape.jpg",1000,1000,false],"trp-custom-language-flag":["https:\/\/vapestornado.com\/wp-content\/uploads\/2024\/12\/Bang-Vape-35000-Puffs-Touch-Screen-Vape.jpg",12,12,false],"woocommerce_thumbnail":["https:\/\/vapestornado.com\/wp-content\/uploads\/2024\/12\/Bang-Vape-35000-Puffs-Touch-Screen-Vape-300x300.jpg",300,300,true],"woocommerce_single":["https:\/\/vapestornado.com\/wp-content\/uploads\/2024\/12\/Bang-Vape-35000-Puffs-Touch-Screen-Vape-600x600.jpg",600,600,true],"woocommerce_gallery_thumbnail":["https:\/\/vapestornado.com\/wp-content\/uploads\/2024\/12\/Bang-Vape-35000-Puffs-Touch-Screen-Vape-100x100.jpg",100,100,true]},"uagb_author_info":{"display_name":"ESAMY","author_link":"https:\/\/vapestornado.com\/lt\/author\/"},"uagb_comment_info":0,"uagb_excerpt":"Best Bang Vape 35000 Puffs 2% 5% Low Nicotine Disposable Vape Bulk Buy Price Bang Vape 35000 Puffs Rechargeable Disposable Vape Wholesale Cheap Factory Bang Vape 35000 Puffs 2% 5% Low Nicotine Disposable Vape Add Amy's whatsapp get right reply and vape vape coupon! WhatsApp: +86 17776015835 &nbsp;","_links":{"self":[{"href":"https:\/\/vapestornado.com\/lt\/wp-json\/wp\/v2\/product\/3238","targetHints":{"allow":["GET"]}}],"collection":[{"href":"https:\/\/vapestornado.com\/lt\/wp-json\/wp\/v2\/product"}],"about":[{"href":"https:\/\/vapestornado.com\/lt\/wp-json\/wp\/v2\/types\/product"}],"replies":[{"embeddable":true,"href":"https:\/\/vapestornado.com\/lt\/wp-json\/wp\/v2\/comments?post=3238"}],"wp:featuredmedia":[{"embeddable":true,"href":"https:\/\/vapestornado.com\/lt\/wp-json\/wp\/v2\/media\/3236"}],"wp:attachment":[{"href":"https:\/\/vapestornado.com\/lt\/wp-json\/wp\/v2\/media?parent=3238"}],"wp:term":[{"taxonomy":"product_brand","embeddable":true,"href":"https:\/\/vapestornado.com\/lt\/wp-json\/wp\/v2\/product_brand?post=3238"},{"taxonomy":"product_cat","embeddable":true,"href":"https:\/\/vapestornado.com\/lt\/wp-json\/wp\/v2\/product_cat?post=3238"},{"taxonomy":"product_tag","embeddable":true,"href":"https:\/\/vapestornado.com\/lt\/wp-json\/wp\/v2\/product_tag?post=3238"}],"curies":[{"name":"wp","href":"https:\/\/api.w.org\/{rel}","templated":true}]}}