{"id":3231,"date":"2024-12-18T09:42:32","date_gmt":"2024-12-18T09:42:32","guid":{"rendered":"https:\/\/vapestornado.com\/?post_type=product&#038;p=3231"},"modified":"2025-08-23T12:12:36","modified_gmt":"2025-08-23T12:12:36","slug":"wholesale-price-aivono-curved-smart-screen-35000-puffs-disposable-vape","status":"publish","type":"product","link":"https:\/\/vapestornado.com\/lt\/product\/wholesale-price-aivono-curved-smart-screen-35000-puffs-disposable-vape\/","title":{"rendered":"Didmenin\u0117 kaina AIVONO i\u0161lenktas i\u0161manusis ekranas 35000 \u012ftraukim\u0173 vienkartinis garintuvas"},"content":{"rendered":"<h1>Didmenin\u0117 kaina AIVONO i\u0161lenktas i\u0161manusis ekranas 35000 \u012ftraukim\u0173 vienkartinis garintuvas<\/h1>\n<p>\u0160is <strong data-start=\"346\" data-end=\"404\">AIVONO i\u0161lenktas i\u0161manusis ekranas 35000 \u012ftraukim\u0173 vienkartinis garintuvas<\/strong> yra sukurtas garintojams, kurie vertina pa\u017eangias technologijas, auk\u0161\u010diausios kokyb\u0117s dizain\u0105 ir ilgalaik\u012f veikim\u0105. Suteikia iki <strong data-start=\"524\" data-end=\"540\">35 000 \u012ftraukim\u0173<\/strong>, \u0161is \u012frenginys yra maitinamas patikimu <strong data-start=\"579\" data-end=\"622\">850 mAh gryno kobalto \u012fkraunama baterija<\/strong> su <strong data-start=\"628\" data-end=\"652\">C tipo greit\u0105j\u012f \u012fkrovim\u0105<\/strong>, u\u017etikrinan\u010dia nepertraukiam\u0105 garinim\u0105. Jo <strong data-start=\"689\" data-end=\"726\">28 ml i\u0161 anksto u\u017epildytas e-skys\u010dio talpa<\/strong> ir \u012fvairus nikotino stiprumas (0%, 2%, 3%, 5%) daro j\u012f tinkam\u0105 pla\u010diai auditorijai.<\/p>\n<p>A <strong data-start=\"825\" data-end=\"848\">1.0\u03a9 dviguba tinklelio rit\u0117<\/strong> u\u017etikrina sodr\u0173 skon\u012f ir \u0161velnius debesis, o <strong data-start=\"898\" data-end=\"927\">reguliuojamais galios nustatymais<\/strong> leid\u017eia vartotojams pritaikyti gar\u0173 tank\u012f ir intensyvum\u0105. I\u0161lenktas dinaminis <strong data-start=\"998\" data-end=\"1015\">i\u0161manusis ekranas<\/strong> realiuoju laiku rodo baterijos veikimo laik\u0105 ir e-skys\u010dio lyg\u012f, papildytas animuota \u012fkrovimo vizualizacija ir pritaikomu ap\u0161viestu logotipu.<\/p>\n<p>Su savo <strong data-start=\"1166\" data-end=\"1190\">aptakus, kompakti\u0161kas korpusas<\/strong> ir OEM\/ODM parinktys, AIVONO i\u0161lenktas i\u0161manusis ekranas 35K idealiai tinka tiek asmeniniams vartotojams, tiek <strong data-start=\"1284\" data-end=\"1304\">didmeniniams pirk\u0117jams<\/strong> visoje Europoje. Derindamas naujoves, patvarum\u0105 ir stili\u0173, tai yra puikus pasirinkimas <strong data-start=\"1392\" data-end=\"1452\">ma\u017emenininkams ir platintojams, ie\u0161kantiems didmenini\u0173 vienkartini\u0173 garintuv\u0173<\/strong> konkurencingomis kainomis.<\/p>\n<figure id=\"attachment_3474\" aria-describedby=\"caption-attachment-3474\" style=\"width: 800px\" class=\"wp-caption alignnone\"><img fetchpriority=\"high\" decoding=\"async\" class=\"wp-image-3474 size-full\" src=\"https:\/\/vapestornado.com\/wp-content\/uploads\/2024\/12\/AIVONO-35k-puff-vape-Box.jpg\" alt=\"AIVONO 35k \u012fkv\u0117pim\u0173 vape d\u0117\u017eut\u0117\" width=\"800\" height=\"800\" srcset=\"https:\/\/vapestornado.com\/wp-content\/uploads\/2024\/12\/AIVONO-35k-puff-vape-Box.jpg 800w, https:\/\/vapestornado.com\/wp-content\/uploads\/2024\/12\/AIVONO-35k-puff-vape-Box-300x300.jpg 300w, https:\/\/vapestornado.com\/wp-content\/uploads\/2024\/12\/AIVONO-35k-puff-vape-Box-150x150.jpg 150w, https:\/\/vapestornado.com\/wp-content\/uploads\/2024\/12\/AIVONO-35k-puff-vape-Box-768x768.jpg 768w, https:\/\/vapestornado.com\/wp-content\/uploads\/2024\/12\/AIVONO-35k-puff-vape-Box-600x600.jpg 600w, https:\/\/vapestornado.com\/wp-content\/uploads\/2024\/12\/AIVONO-35k-puff-vape-Box-100x100.jpg 100w\" sizes=\"(max-width: 800px) 100vw, 800px\" \/><figcaption id=\"caption-attachment-3474\" class=\"wp-caption-text\">AIVONO 35k \u012fkv\u0117pim\u0173 vape d\u0117\u017eut\u0117<\/figcaption><\/figure>\n<p><img decoding=\"async\" class=\"wp-image-2951\" src=\"https:\/\/vapestornado.com\/wp-content\/uploads\/2024\/12\/Wholesale-Disposable-Vape-265x300.jpg\" alt=\"Didmenin\u0117 prekyba vienkartiniais garintuvais\" width=\"295\" height=\"334\" srcset=\"https:\/\/vapestornado.com\/wp-content\/uploads\/2024\/12\/Wholesale-Disposable-Vape-265x300.jpg 265w, https:\/\/vapestornado.com\/wp-content\/uploads\/2024\/12\/Wholesale-Disposable-Vape-768x871.jpg 768w, https:\/\/vapestornado.com\/wp-content\/uploads\/2024\/12\/Wholesale-Disposable-Vape-600x680.jpg 600w, https:\/\/vapestornado.com\/wp-content\/uploads\/2024\/12\/Wholesale-Disposable-Vape.jpg 823w\" sizes=\"(max-width: 295px) 100vw, 295px\" \/><\/p>\n<h6>Pra\u0161ome susisiekti su Mandy per \u201eWhatsApp\u201c d\u0117l nuolaidos kainos:<a href=\"https:\/\/wa.me\/8618077105796\" target=\"_blank\" rel=\"noopener\">+8618077105796<\/a><\/h6>\n<h2><strong>AIVONO i\u0161lenkto ekrano 35000 \u012fkv\u0117pim\u0173 garintuvas \u2013 Pagrindin\u0117s specifikacijos<\/strong><\/h2>\n<div class=\"flex max-w-full flex-col flex-grow\">\n<div class=\"min-h-8 text-message flex w-full flex-col items-end gap-2 whitespace-normal break-words text-start [.text-message+&amp;]:mt-5\" dir=\"auto\" data-message-author-role=\"assistant\" data-message-id=\"cdb991c0-f594-4bff-b2d5-fbbdd7ce9e54\" data-message-model-slug=\"gpt-4o-mini\">\n<div class=\"flex w-full flex-col gap-1 empty:hidden first:pt-[3px]\">\n<div class=\"markdown prose w-full break-words dark:prose-invert light\">\n<ul>\n<li><strong>\u012etraukimai:<\/strong> Iki 35 000 \u012fkv\u0117pim\u0173<\/li>\n<li><strong>E-skys\u010dio talpa:<\/strong> 28 ml<\/li>\n<li><strong>Baterija:<\/strong> 17350 grynas kobaltas, 850mAh (\u012fkraunamas, C tipo)<\/li>\n<li><strong>Rit\u0117s var\u017ea:<\/strong> 1.0\u03a9 dviguba tinklelio rit\u0117<\/li>\n<li><strong>Nikotino pasirinkimai:<\/strong> 5%, 3%, 2%, 0%<\/li>\n<li><strong>Ekrano ypatyb\u0117s:<\/strong> E-skys\u010dio ir baterijos indikacin\u0117s lemput\u0117s, pritaikomas \u0161vie\u010diantis logotipas<\/li>\n<li><strong>Ekranas:<\/strong> I\u0161lenktas dinaminis ekranas su \u012fkrovimo ir gar\u0173 animacijos efektais<\/li>\n<li><strong>Reguliuojama galia:<\/strong> Palaiko skonio ir gar\u0173 kontrol\u0119<\/li>\n<li><strong>Dizainas:<\/strong> Kompakti\u0161kas dydis (55*95mm), palaiko OEM\/ODM pritaikym\u0105<\/li>\n<\/ul>\n<\/div>\n<\/div>\n<\/div>\n<\/div>\n<div class=\"mb-2 flex gap-3 empty:hidden -ml-2\">\n<div class=\"items-center justify-start rounded-xl p-1 flex\"><\/div>\n<\/div>\n<h2><strong>Didmenin\u0117 prekyba AIVONO i\u0161lenkto ekrano 35 t\u016bkst. \u012fkv\u0117pim\u0173 skoni\u0173 s\u0105ra\u0161as:<\/strong><\/h2>\n<p>1.AIM FLASH: Bra\u0161ki\u0173 ledas<br \/>\n2.AIM FLASH: Bra\u0161k\u0117 ir arb\u016bzas<br \/>\n3.AIM FLASH: Vy\u0161nin\u0117 aviet\u0117<br \/>\n4.AIM FLASH: M\u0117lynas avie\u010di\u0173 ledas<br \/>\n5.AIM FLASH: Citrin\u0173 skonio<br \/>\n6.AIM FLASH: Persik\u0173 sultys<br \/>\n7.AIM FLASH: M\u0117lyni\u0173 ir vynuogi\u0173<br \/>\n8.AIM FLASH:Arb\u016bzas ir ledas<br \/>\n9.AIM FLASH:Obuolys ir uogos<br \/>\n10.AIM FLASH:Mangas ir ananasas<br \/>\n11.AIM FLASH:M\u0117lynosios aviet\u0117s<br \/>\n12.AIM FLASH:\u017demuog\u0117 ir ledas<br \/>\n13.AIM FLASH:Vynuog\u0117s<br \/>\n14.AIM FLASH:Mi\u0161rios uogos<br \/>\n15.AIM FLASH:\u017demuog\u0117 ir kivi ledas<\/p>\n<div role=\"article\" data-tabster=\"{&quot;groupper&quot;:{&quot;tabbability&quot;:2},&quot;focusable&quot;:{}}\" data-content=\"ai-message\" aria-labelledby=\"dARUyEWDoEYhnSPXFwx5A-author dARUyEWDoEYhnSPXFwx5A-content\">\n<div id=\"dARUyEWDoEYhnSPXFwx5A-content\">\n<h3>Kod\u0117l verta rinktis AIVONO Curved Smart Screen 35000 Puffs <a href=\"https:\/\/vapestornado.com\/lt\/store\/\">vapestornado.com<\/a>?<\/h3>\n<ol>\n<li><strong>Auk\u0161\u010diausios kokyb\u0117s ir na\u0161umo<\/strong><br \/>\nAIVONO Curved Smart Screen 35000 Puffs vienkartinis garintuvas pasi\u017eymi i\u0161skirtine garinimo patirtimi su iki 35 000 \u012fkv\u0117pim\u0173. Maitinamas didel\u0117s talpos 850 mAh \u012fkraunama baterija, jis u\u017etikrina nuosekl\u0173 veikim\u0105 ir puik\u0173 ilgaam\u017ei\u0161kum\u0105.<\/li>\n<li><strong>Pa\u017eangios funkcijos geresnei patir\u010diai<\/strong><br \/>\nSu 1,0\u03a9 dviguba tinklelio spirale, \u0161is prietaisas u\u017etikrina skland\u0173 gar\u0173 gamyb\u0105 ir sodr\u0173 skon\u012f su kiekvienu \u012fkv\u0117pimu. I\u0161lenktas dinaminis i\u0161manusis ekranas realiuoju laiku rodo informacij\u0105 apie e-skys\u010dio ir baterijos lyg\u012f, o pritaikomas ap\u0161viestas logotipas suteikia rafinuotumo.<\/li>\n<li><strong>Pritaikyta kiekvienam garintojui<\/strong><br \/>\nSi\u016blydamas kelias nikotino parinktis (5%, 3%, 2%, 0%), AIVONO garintuvas atitinka \u012fvairius pageidavimus, u\u017etikrindamas ideal\u0173 pasirinkim\u0105 kiekvienam garintojui.<\/li>\n<li><strong>Eleganti\u0161kas, kompakti\u0161kas dizainas<\/strong><br \/>\nSukurtas galvojant apie patogum\u0105, AIVONO Curved Smart Screen garintuvas pasi\u017eymi kompakti\u0161ku 55*95 mm dyd\u017eiu, tod\u0117l j\u012f lengva ne\u0161iotis, i\u0161laikant stiling\u0105 ir moderni\u0105 i\u0161vaizd\u0105.<\/li>\n<li><strong>I\u0161skirtin\u0117 prieinamumas vapestornado.com<\/strong><br \/>\nvapestornado.com si\u016blo i\u0161skirtin\u0119 prieig\u0105 prie AIVONO Curved Smart Screen 35000 Puffs, u\u017etikrinant konkurencingas kainas, greit\u0105 pristatym\u0105 ir puik\u0173 klient\u0173 aptarnavim\u0105 klientams Lietuvoje ir u\u017e jos rib\u0173.<\/li>\n<li><strong>Idealiai tinka Lietuvos garintojams<\/strong><br \/>\nSu savo inovatyviu dizainu ir puikiu veikimu, AIVONO Curved Smart Screen garintuvas puikiai tinka rafinuotam Lietuvos garintoj\u0173 skoniui, sujungiant auk\u0161\u010diausios klas\u0117s technologijas ir ilgaam\u017ei\u0161kum\u0105 viename prietaise.<\/li>\n<\/ol>\n<\/div>\n<\/div>\n<h3>DUK apie AIVONO Curved Smart Screen 35000 Puffs<\/h3>\n<p><strong>K: Kiek \u012fkv\u0117pim\u0173 galiu tik\u0117tis i\u0161 AIVONO Curved Smart Screen 35000 Puffs?<\/strong><br \/>\n<strong>A:<\/strong> AIVONO Curved Smart Screen suteikia iki <strong>35 000 \u012ftraukim\u0173<\/strong>, u\u017etikrinant ilgalaik\u0119 ir patenkinam\u0105 garinimo patirt\u012f.<\/p>\n<p><strong>K: Kokia yra 35k \u012fkv\u0117pim\u0173 AIVONO Curved Screen garintuvo baterijos talpa?<\/strong><br \/>\n<strong>A:<\/strong> Prietaisas maitinamas <strong>17350 gryno kobalto \u012fkraunama baterija<\/strong> su talpa <strong>850 mAh<\/strong>, si\u016blantis patikim\u0105 veikim\u0105 ir ilg\u0105 baterijos veikimo laik\u0105.<\/p>\n<p><strong>K: Ar AIVONO Screen vape 35k p\u016btim\u0173 palaiko C tipo \u012fkrovim\u0105?<\/strong><br \/>\n<strong>A:<\/strong> Taip, \u012frenginyje yra <strong>C tipo \u012fkrovimo prievadas<\/strong>, leid\u017eiantis greitai ir patogiai \u012fkrauti.<\/p>\n<p><strong>K: Koki\u0105 rit\u0119 naudoja AIVONO lenktas ekranas su 35k p\u016btimais?<\/strong><br \/>\n<strong>A:<\/strong> \u0160is vape naudoja <strong>1.0\u03a9 dviguba tinklelio rit\u0117<\/strong>, u\u017etikrinant skland\u0173 ir nuosekl\u0173 gar\u0173 gamyb\u0105, kartu su sodriais ir aromatingais d\u016bmais.<\/p>\n<p><strong>K: Kaip galiu patikrinti e-skys\u010dio ir baterijos lygius AIVONO Curved Smart Screen 35000 vape bare?<\/strong><br \/>\n<strong>A:<\/strong> \u012erenginyje yra <strong>lenkt\u0105 dinamin\u012f i\u0161man\u0173j\u012f ekran\u0105<\/strong> kuriame rodomas realaus laiko e-skys\u010dio ir baterijos lygis, tod\u0117l visada \u017einosite, kada reikia \u012fkrauti ar papildyti.<\/p>\n<p><strong>K: Kod\u0117l pigios kainos AIVONO Curved Smart Screen 35k Vapes idealiai tinka Europos garintojams?<\/strong><br \/>\n<strong>A:<\/strong> AIVONO Curved 35k p\u016btim\u0173 vape sujungia pa\u017eangiausias technologijas, eleganti\u0161k\u0105 dizain\u0105 ir kelias nikotino galimybes, tod\u0117l tai puikus pasirinkimas i\u0161rankiems Europos garintoj\u0173 pageidavimams.<\/p>","protected":false},"excerpt":{"rendered":"<p>AIVONO i\u0161lenktas i\u0161manusis ekranas 35000 \u012fkv\u0117pim\u0173 vape: auk\u0161\u010diausios kokyb\u0117s vienkartinis garintuvas, 35 000 \u012fkv\u0117pim\u0173, pritaikomos funkcijos, dviguba tinklelio rit\u0117, C tipo \u012fkrovimas, idealiai tinka Lietuvos garintojams.<\/p>\n<figure id=\"attachment_2951\" aria-describedby=\"caption-attachment-2951\" style=\"width: 265px\" class=\"wp-caption alignnone\"><img decoding=\"async\" class=\"size-medium wp-image-2951\" src=\"https:\/\/vapestornado.com\/wp-content\/uploads\/2024\/12\/Wholesale-Disposable-Vape-265x300.jpg\" alt=\"Didmenin\u0117 prekyba vienkartiniais garintuvais\" width=\"265\" height=\"300\" srcset=\"https:\/\/vapestornado.com\/wp-content\/uploads\/2024\/12\/Wholesale-Disposable-Vape-265x300.jpg 265w, https:\/\/vapestornado.com\/wp-content\/uploads\/2024\/12\/Wholesale-Disposable-Vape-768x871.jpg 768w, https:\/\/vapestornado.com\/wp-content\/uploads\/2024\/12\/Wholesale-Disposable-Vape-600x680.jpg 600w, https:\/\/vapestornado.com\/wp-content\/uploads\/2024\/12\/Wholesale-Disposable-Vape.jpg 823w\" sizes=\"(max-width: 265px) 100vw, 265px\" \/><figcaption id=\"caption-attachment-2951\" class=\"wp-caption-text\">Pra\u0161ome susisiekti su Mandy per \u201eWhatsApp\u201c d\u0117l nuolaidos kainos\u00a0 <a href=\"https:\/\/wa.me\/8618077105796\">+8618077105796<\/a><\/figcaption><\/figure>\n<p>&nbsp;<\/p>","protected":false},"featured_media":3479,"comment_status":"open","ping_status":"closed","template":"","meta":{"_acf_changed":false,"_uag_custom_page_level_css":"","_lmt_disableupdate":"no","_lmt_disable":"","_monsterinsights_skip_tracking":false,"_monsterinsights_sitenote_active":false,"_monsterinsights_sitenote_note":"","_monsterinsights_sitenote_category":0,"site-sidebar-layout":"default","site-content-layout":"","ast-site-content-layout":"default","site-content-style":"default","site-sidebar-style":"default","ast-global-header-display":"","ast-banner-title-visibility":"","ast-main-header-display":"","ast-hfb-above-header-display":"","ast-hfb-below-header-display":"","ast-hfb-mobile-header-display":"","site-post-title":"","ast-breadcrumbs-content":"","ast-featured-img":"","footer-sml-layout":"","ast-disable-related-posts":"","theme-transparent-header-meta":"default","adv-header-id-meta":"","stick-header-meta":"","header-above-stick-meta":"","header-main-stick-meta":"","header-below-stick-meta":"","astra-migrate-meta-layouts":"set","ast-page-background-enabled":"default","ast-page-background-meta":{"desktop":{"background-color":"","background-image":"","background-repeat":"repeat","background-position":"center center","background-size":"auto","background-attachment":"scroll","background-type":"","background-media":"","overlay-type":"","overlay-color":"","overlay-opacity":"","overlay-gradient":""},"tablet":{"background-color":"","background-image":"","background-repeat":"repeat","background-position":"center center","background-size":"auto","background-attachment":"scroll","background-type":"","background-media":"","overlay-type":"","overlay-color":"","overlay-opacity":"","overlay-gradient":""},"mobile":{"background-color":"","background-image":"","background-repeat":"repeat","background-position":"center center","background-size":"auto","background-attachment":"scroll","background-type":"","background-media":"","overlay-type":"","overlay-color":"","overlay-opacity":"","overlay-gradient":""}},"ast-content-background-meta":{"desktop":{"background-color":"var(--ast-global-color-5)","background-image":"","background-repeat":"repeat","background-position":"center center","background-size":"auto","background-attachment":"scroll","background-type":"","background-media":"","overlay-type":"","overlay-color":"","overlay-opacity":"","overlay-gradient":""},"tablet":{"background-color":"var(--ast-global-color-5)","background-image":"","background-repeat":"repeat","background-position":"center center","background-size":"auto","background-attachment":"scroll","background-type":"","background-media":"","overlay-type":"","overlay-color":"","overlay-opacity":"","overlay-gradient":""},"mobile":{"background-color":"var(--ast-global-color-5)","background-image":"","background-repeat":"repeat","background-position":"center center","background-size":"auto","background-attachment":"scroll","background-type":"","background-media":"","overlay-type":"","overlay-color":"","overlay-opacity":"","overlay-gradient":""}},"_joinchat":{"telephone":"+8618077105796"}},"product_brand":[],"product_cat":[175,176,140,153,157],"product_tag":[177,97],"class_list":{"0":"post-3231","1":"product","2":"type-product","3":"status-publish","4":"has-post-thumbnail","6":"product_cat-35000-puff","7":"product_cat-aivono-vape","8":"product_cat-big-puffs-disposable-vapes","9":"product_cat-buy-disposable-vapes-in-italy","10":"product_cat-buy-disposable-vapes-in-portugal","11":"product_tag-aivono-35000-puffs","12":"product_tag-hot-sale-disposable-vape","13":"desktop-align-left","14":"tablet-align-left","15":"mobile-align-left","17":"first","18":"instock","19":"sale","20":"shipping-taxable","21":"purchasable","22":"product-type-simple"},"acf":[],"uagb_featured_image_src":{"full":["https:\/\/vapestornado.com\/wp-content\/uploads\/2024\/12\/AIVONO-35000-Puffs-Good-Sale-Vape.jpg",800,800,false],"thumbnail":["https:\/\/vapestornado.com\/wp-content\/uploads\/2024\/12\/AIVONO-35000-Puffs-Good-Sale-Vape-150x150.jpg",150,150,true],"medium":["https:\/\/vapestornado.com\/wp-content\/uploads\/2024\/12\/AIVONO-35000-Puffs-Good-Sale-Vape-300x300.jpg",300,300,true],"medium_large":["https:\/\/vapestornado.com\/wp-content\/uploads\/2024\/12\/AIVONO-35000-Puffs-Good-Sale-Vape-768x768.jpg",768,768,true],"large":["https:\/\/vapestornado.com\/wp-content\/uploads\/2024\/12\/AIVONO-35000-Puffs-Good-Sale-Vape.jpg",800,800,false],"1536x1536":["https:\/\/vapestornado.com\/wp-content\/uploads\/2024\/12\/AIVONO-35000-Puffs-Good-Sale-Vape.jpg",800,800,false],"2048x2048":["https:\/\/vapestornado.com\/wp-content\/uploads\/2024\/12\/AIVONO-35000-Puffs-Good-Sale-Vape.jpg",800,800,false],"trp-custom-language-flag":["https:\/\/vapestornado.com\/wp-content\/uploads\/2024\/12\/AIVONO-35000-Puffs-Good-Sale-Vape.jpg",12,12,false],"woocommerce_thumbnail":["https:\/\/vapestornado.com\/wp-content\/uploads\/2024\/12\/AIVONO-35000-Puffs-Good-Sale-Vape-300x300.jpg",300,300,true],"woocommerce_single":["https:\/\/vapestornado.com\/wp-content\/uploads\/2024\/12\/AIVONO-35000-Puffs-Good-Sale-Vape-600x600.jpg",600,600,true],"woocommerce_gallery_thumbnail":["https:\/\/vapestornado.com\/wp-content\/uploads\/2024\/12\/AIVONO-35000-Puffs-Good-Sale-Vape-100x100.jpg",100,100,true]},"uagb_author_info":{"display_name":"ESMANDY","author_link":"https:\/\/vapestornado.com\/lt\/author\/"},"uagb_comment_info":0,"uagb_excerpt":"AIVONO Curved Smart Screen 35000 Puff\u00a0 vape pods : Premium disposable vape, 35,000 puffs, customizable features, dual mesh coil, Type-C charging, ideal for European vapers. [caption id=\"attachment_2951\" align=\"alignnone\" width=\"265\"] Pls Contact Mandy's WhatsApp For Discount Price\u00a0 +8618077105796[\/caption] &nbsp;","_links":{"self":[{"href":"https:\/\/vapestornado.com\/lt\/wp-json\/wp\/v2\/product\/3231","targetHints":{"allow":["GET"]}}],"collection":[{"href":"https:\/\/vapestornado.com\/lt\/wp-json\/wp\/v2\/product"}],"about":[{"href":"https:\/\/vapestornado.com\/lt\/wp-json\/wp\/v2\/types\/product"}],"replies":[{"embeddable":true,"href":"https:\/\/vapestornado.com\/lt\/wp-json\/wp\/v2\/comments?post=3231"}],"wp:featuredmedia":[{"embeddable":true,"href":"https:\/\/vapestornado.com\/lt\/wp-json\/wp\/v2\/media\/3479"}],"wp:attachment":[{"href":"https:\/\/vapestornado.com\/lt\/wp-json\/wp\/v2\/media?parent=3231"}],"wp:term":[{"taxonomy":"product_brand","embeddable":true,"href":"https:\/\/vapestornado.com\/lt\/wp-json\/wp\/v2\/product_brand?post=3231"},{"taxonomy":"product_cat","embeddable":true,"href":"https:\/\/vapestornado.com\/lt\/wp-json\/wp\/v2\/product_cat?post=3231"},{"taxonomy":"product_tag","embeddable":true,"href":"https:\/\/vapestornado.com\/lt\/wp-json\/wp\/v2\/product_tag?post=3231"}],"curies":[{"name":"wp","href":"https:\/\/api.w.org\/{rel}","templated":true}]}}