{"id":3223,"date":"2024-12-18T08:28:53","date_gmt":"2024-12-18T08:28:53","guid":{"rendered":"https:\/\/vapestornado.com\/?post_type=product&#038;p=3223"},"modified":"2025-08-23T12:21:59","modified_gmt":"2025-08-23T12:21:59","slug":"vapsolo-triple-30000-puffs-3-flavors-in-1-rechargeable-disposable-vapes-pen-bulk-buy-wholesale","status":"publish","type":"product","link":"https:\/\/vapestornado.com\/lt\/product\/vapsolo-triple-30000-puffs-3-flavors-in-1-rechargeable-disposable-vapes-pen-bulk-buy-wholesale\/","title":{"rendered":"Vapsolo Triple 30000 P\u016btim\u0173, 3 skoniai 1 \u012fkraunamame vienkartiniame garintuve, didmenin\u0117 prekyba"},"content":{"rendered":"<h1 class=\"product-title\">Vapsolo Triple 30000 P\u016btim\u0173, 3 skoniai 1 \u012fkraunamame vienkartiniame garintuve, didmenin\u0117 prekyba<\/h1>\n<p>\u0160is <strong>Vapsolo Triple 30000<\/strong> revoliucionizuoja garinimo patirt\u012f savo unikaliu <strong>3 skoniai viename vienkartiniame vape<\/strong> dizainu. M\u0117gaukit\u0117s iki <strong>30 000 \u012ftraukim\u0173<\/strong> su skland\u017eiu perjungimu tarp trij\u0173 skirting\u0173 skoni\u0173, visa tai viename eleganti\u0161kame, \u012fkraunamame \u012frenginyje. Apr\u016bpintas <strong>trigubomis tinklelio rit\u0117mis<\/strong> pagerintam skoniui ir gar\u0173 gamybai, \u0161is \u012frenginys u\u017etikrina, kad kiekvienas \u012fkv\u0117pimas b\u016bt\u0173 sklandus ir patenkinamas.<\/p>\n<p>Su <strong>45 ml e-skys\u010dio talpa<\/strong> (15 ml vienam skoniui), <strong>Vapsolo Triple 30000<\/strong> suma\u017eina poreik\u012f papildyti, o <strong>650mAh \u012fkraunama baterija<\/strong> su <strong>C tipo greit\u0105j\u012f \u012fkrovim\u0105<\/strong> garantuoja pastov\u0173 veikim\u0105. Integruotas <strong>LCD ekranas<\/strong> informuoja jus apie e-sul\u010di\u0173 lyg\u012f, baterijos veikimo laik\u0105 ir skonio nustatymus, kad gal\u0117tum\u0117te visi\u0161kai kontroliuoti.<\/p>\n<p>Galima \u012fsigyti <strong>2% ir 5% ma\u017eo nikotino variantai<\/strong>, \u0161is <strong>geriausias vienkartinis garintuvas<\/strong> puikiai tinka tiek atsitiktiniams, tiek patyrusiems garintojams. Jo <strong>vienkartini\u0173 elektronini\u0173 cigare\u010di\u0173 didmenin\u0117s prekybos<\/strong> kainos leid\u017eia ekonomi\u0161kai efektyviai \u012fsigyti dideliais kiekiais, u\u017etikrinant, kad gausite auk\u0161tos kokyb\u0117s funkcijas u\u017e <strong>pig\u016bs vape<\/strong> kain\u0105.<\/p>\n<p>&nbsp;<\/p>\n<p><strong>Prid\u0117kite Amy's Whatsapp, gaukite teising\u0105 atsakym\u0105 ir kupon\u0105 garintuvui!<\/strong><\/p>\n<p><img fetchpriority=\"high\" decoding=\"async\" class=\"size-full wp-image-2932\" src=\"https:\/\/vapestornado.com\/wp-content\/uploads\/2024\/12\/Vape-Wholesale.jpg\" alt=\"Garintuvai Didmenin\u0117 prekyba\" width=\"229\" height=\"300\" \/><\/p>\n<h3><a href=\"https:\/\/wa.me\/8617776015835\" target=\"_blank\" rel=\"noopener\"><span style=\"color: #ff0000;\"><strong>WhatsApp: +86 17776015835<\/strong><\/span><\/a><\/h3>\n<p>&nbsp;<\/p>\n<h2><strong>Vapsolo Triple 30000 \u012fkv\u0117pim\u0173 produkto savyb\u0117s<\/strong><\/h2>\n<div role=\"article\" data-tabster=\"{&quot;groupper&quot;:{&quot;tabbability&quot;:2},&quot;focusable&quot;:{}}\" data-content=\"ai-message\" aria-labelledby=\"juhNTJ6o7Gk1cgwZMJgv2-author juhNTJ6o7Gk1cgwZMJgv2-content\">\n<div id=\"juhNTJ6o7Gk1cgwZMJgv2-content\">\n<div role=\"article\" data-tabster=\"{&quot;groupper&quot;:{&quot;tabbability&quot;:2},&quot;focusable&quot;:{}}\" data-content=\"ai-message\" aria-labelledby=\"x4EZuCZWrTbh3weWUt7CU-author x4EZuCZWrTbh3weWUt7CU-content\">\n<div id=\"x4EZuCZWrTbh3weWUt7CU-content\">\n<h3><\/h3>\n<ol>\n<li><strong>30 000 \u012fkv\u0117pim\u0173:<\/strong> Didelis \u012fkv\u0117pim\u0173 skai\u010dius ilgesn\u0117ms garinimo sesijoms.<\/li>\n<li><strong>3 skoniai viename dizaine:<\/strong> Lengvai perjunkite tris skirtingus skanius skonius.<\/li>\n<li><strong>Trigubos tinklelio rit\u0117s:<\/strong> Pagerintas skonis ir gar\u0173 gamyba.<\/li>\n<li><strong>\u012ekraunama baterija:<\/strong> 650 mAh baterija su greitu C tipo \u012fkrovimu.<\/li>\n<li><strong>45 ml E-skys\u010dio talpa:<\/strong> Didel\u0117 skys\u010dio talpa \u2013 15 ml vienam skoniui.<\/li>\n<li><strong>LCD Ekranas:<\/strong> Realaus laiko p\u016btim\u0173, baterijos ir skonio nustatym\u0173 steb\u0117jimas.<\/li>\n<li><strong>Ma\u017eo nikotino parinktys:<\/strong> Galimi 2% ir 5% variantai, skirti pritaikyti nikotino lygius.<\/li>\n<li><strong>Patvarus<\/strong> Lengvas, kompakti\u0161kas dizainas, skirtas garinti keliaujant.<\/li>\n<li><strong>Paruo\u0161ta didmeninei prekybai:<\/strong> \u012eperkamos didmenin\u0117s kainos ma\u017emenininkams ir perpardav\u0117jams.<\/li>\n<li><strong>10 skoni\u0173 derini\u0173:<\/strong> Platus skoni\u0173 pasirinkimas kiekvienam skoniui.<\/li>\n<\/ol>\n<figure id=\"attachment_3224\" aria-describedby=\"caption-attachment-3224\" style=\"width: 600px\" class=\"wp-caption alignnone\"><img decoding=\"async\" class=\"wp-image-3224\" src=\"https:\/\/vapestornado.com\/wp-content\/uploads\/2024\/12\/Vapsolo-Triple-30000-Puffs-3-Flavors-in-1-Disposable-Vape-300x300.jpg\" alt=\"Vapsolo Triple 30000 \u012fkv\u0117pim\u0173 3 skoni\u0173 vienkartinis garintuvas\" width=\"600\" height=\"600\" srcset=\"https:\/\/vapestornado.com\/wp-content\/uploads\/2024\/12\/Vapsolo-Triple-30000-Puffs-3-Flavors-in-1-Disposable-Vape-300x300.jpg 300w, https:\/\/vapestornado.com\/wp-content\/uploads\/2024\/12\/Vapsolo-Triple-30000-Puffs-3-Flavors-in-1-Disposable-Vape-1024x1024.jpg 1024w, https:\/\/vapestornado.com\/wp-content\/uploads\/2024\/12\/Vapsolo-Triple-30000-Puffs-3-Flavors-in-1-Disposable-Vape-150x150.jpg 150w, https:\/\/vapestornado.com\/wp-content\/uploads\/2024\/12\/Vapsolo-Triple-30000-Puffs-3-Flavors-in-1-Disposable-Vape-768x768.jpg 768w, https:\/\/vapestornado.com\/wp-content\/uploads\/2024\/12\/Vapsolo-Triple-30000-Puffs-3-Flavors-in-1-Disposable-Vape-600x600.jpg 600w, https:\/\/vapestornado.com\/wp-content\/uploads\/2024\/12\/Vapsolo-Triple-30000-Puffs-3-Flavors-in-1-Disposable-Vape-100x100.jpg 100w, https:\/\/vapestornado.com\/wp-content\/uploads\/2024\/12\/Vapsolo-Triple-30000-Puffs-3-Flavors-in-1-Disposable-Vape.jpg 1126w\" sizes=\"(max-width: 600px) 100vw, 600px\" \/><figcaption id=\"caption-attachment-3224\" class=\"wp-caption-text\">Vapsolo Triple 30000 \u012fkv\u0117pim\u0173 3 skoni\u0173 vienkartinis garintuvas<\/figcaption><\/figure>\n<\/div>\n<\/div>\n<\/div>\n<\/div>\n<h2 class=\"product-title\"><strong>Vapsolo Triple 30000 \u012fkv\u0117pim\u0173 skoni\u0173 s\u0105ra\u0161as<\/strong><\/h2>\n<p>1. Arb\u016bzo ledas<br \/>\n2. Citrin\u0173 ir \u017eali\u0173j\u0173 citrin\u0173<br \/>\n3. Bra\u0161ki\u0173 ir banan\u0173<br \/>\n4. Bra\u0161ki\u0173 ir kivi\u0173<br \/>\n5. Tropini\u0173 vaisi\u0173<br \/>\n6. Ananas\u0173 kokosas<br \/>\n7. Bra\u0161ki\u0173 avie\u010di\u0173<br \/>\n8. Avie\u010di\u0173 arb\u016bzas<br \/>\n9. Bra\u0161ki\u0173 vanilin\u0117 kola<br \/>\n10. Arb\u016bz\u0173 ledas<\/p>\n<h3>Kod\u0117l verta rinktis \u201evapestornado\u201c didmeninei \u201eVapsolo 30000 Puffs\u201c vape prekybai?<\/h3>\n<div class=\"flex-shrink-0 flex flex-col relative items-end\">\n<div class=\"pt-0\">\n<div class=\"gizmo-bot-avatar flex h-8 w-8 items-center justify-center overflow-hidden rounded-full\">\n<div class=\"relative p-1 rounded-sm flex items-center justify-center bg-token-main-surface-primary text-token-text-primary h-8 w-8\">\n<p>Sveiki atvyk\u0119 \u012f vapestornado \u2013 j\u016bs\u0173 patikim\u0105 internetin\u0119 auk\u0161\u010diausios kokyb\u0117s vienkartini\u0173 garinimo priemoni\u0173 parduotuv\u0119. Tur\u0117dami daugiau nei 5 met\u0173 patirt\u012f, si\u016blome populiarius vienkartini\u0173 garinimo priemoni\u0173 prek\u0117s \u017eenklus, tokius kaip Fumot RandM Vape, <a href=\"https:\/\/vapestornado.com\/lt\/product\/vapme-crystal-7000-puffs-rechargeable-disposable-vape-wholesale-cheap-price\/\">Vapme<\/a>, Bang Vape, Waspe Vape, ir WGA Vape ir kt.<\/p>\n<p>M\u016bs\u0173 asortimentas apima populiarias garinimo priemones, tokias kaip <a href=\"https:\/\/vapestornado.com\/lt\/product\/fumot-randm-tornado-15000-puffs-rechargeable-disposable-vape-wholesale\/\">RandM Tornado 15000<\/a>, ir skoni\u0173 turtingus pasirinkimus, tokius kaip <a href=\"https:\/\/vapestornado.com\/lt\/product\/vapsolo-dg-18000-puffs-smart-screen-wholesale-disposable-cheap-vapes\/\">\u00a0Vapsalo DG18000 P\u016bsl\u0117s<\/a> . Kiekvienas produktas yra atrenkamas, akcentuojant kokyb\u0119, vert\u0119 ir \u012fvairov\u0119, u\u017etikrinant, kad rastum\u0117te tobul\u0105 variant\u0105 savo poreikiams. Atraskite i\u0161skirtin\u012f aptarnavim\u0105 ir plat\u0173 auk\u0161\u010diausios kokyb\u0117s produkt\u0173 asortiment\u0105 didmenin\u0117mis kainomis vapestornado svetain\u0117je.<\/p>\n<\/div>\n<h3><\/h3>\n<div class=\"relative p-1 rounded-sm flex items-center justify-center bg-token-main-surface-primary text-token-text-primary h-8 w-8\">\n<h3>DUK apie \u201eVapsolo Triple 30000 Puffs\u201c vienkartin\u012f garintuv\u0105<\/h3>\n<\/div>\n<\/div>\n<\/div>\n<\/div>\n<div class=\"flex-shrink-0 flex flex-col relative items-end\">\n<div class=\"pt-0\">\n<div class=\"gizmo-bot-avatar flex h-8 w-8 items-center justify-center overflow-hidden rounded-full\">\n<div class=\"relative p-1 rounded-sm flex items-center justify-center bg-token-main-surface-primary text-token-text-primary h-8 w-8\">\n<div class=\"mb-2 flex gap-3 empty:hidden -ml-2\">\n<div role=\"article\" data-tabster=\"{&quot;groupper&quot;:{&quot;tabbability&quot;:2},&quot;focusable&quot;:{}}\" data-content=\"ai-message\" aria-labelledby=\"Vdt5ez4X7Tg813x6rFVha-author Vdt5ez4X7Tg813x6rFVha-content\">\n<div id=\"Vdt5ez4X7Tg813x6rFVha-content\">\n<div role=\"article\" data-tabster=\"{&quot;groupper&quot;:{&quot;tabbability&quot;:2},&quot;focusable&quot;:{}}\" data-content=\"ai-message\" aria-labelledby=\"o968oC7CEo2fGHsGdsRYC-author o968oC7CEo2fGHsGdsRYC-content\">\n<div id=\"o968oC7CEo2fGHsGdsRYC-content\">\n<h3><\/h3>\n<ol>\n<li><strong>Kuo ypatingas \u201eVapsolo Triple 30000\u201c?<\/strong><br \/>\nJis pasi\u017eymi <strong>3 skoniai viename vienkartiniame garintuve<\/strong>, leid\u017eiantis vartotojams be vargo perjungti tris skirtingus skonius.<\/li>\n<li><strong>Kiek ilgai \u012frenginys veikia?<\/strong><br \/>\nSu <strong>30 000 \u012fkv\u0117pim\u0173 talpa<\/strong> ir <strong>650mAh \u012fkraunama baterija<\/strong>, jis sukurtas ilgam naudojimui.<\/li>\n<li><strong>Kur galiu \u012fsigyti \u0161\u012f garintuv\u0105 didmenin\u0117mis kainomis?<\/strong><br \/>\n\u012esigykite <strong>Vapsolo Triple 30000<\/strong> vapestornado<strong>\u00a0elektronini\u0173 cigare\u010di\u0173 internetin\u0117je parduotuv\u0117je<\/strong>, patikimas \u0161altinis <strong>didmenin\u0117 prekyba vienkartiniais vape<\/strong>.<\/li>\n<li><strong>Ar \u012frenginys palaiko greit\u0105 \u012fkrovim\u0105?<\/strong><br \/>\nTaip, jis tiekiamas su <strong>C tipo \u012fkrovimo prievadas<\/strong> greitam ir efektyviam \u012fkrovimui.<\/li>\n<li><strong>Kokie yra galimi nikotino lygiai?<\/strong><br \/>\n\u012erenginys yra tiek <strong>2% ir 5% ma\u017eas nikotino kiekis<\/strong> variant\u0173, atitinkan\u010di\u0173 skirtingus pageidavimus.<\/li>\n<\/ol>\n<\/div>\n<\/div>\n<\/div>\n<\/div>\n<\/div>\n<\/div>\n<\/div>\n<\/div>\n<\/div>","protected":false},"excerpt":{"rendered":"<p>Geriausia \"Vapsolo Triple 30000 Puffs 2% 5%\" vienkartinio ma\u017eo nikotino kiekio garintuvo didmenin\u0117 kaina<br \/>\n\"Vapsolo Triple 30000 Puffs\" \u012fkraunamas vienkartinis garintuvas didmenin\u0117 prekyba<br \/>\nPigus gamyklinis \"Vapsolo Triple 30000 Puffs 2% 5%\" vienkartinis ma\u017eo nikotino kiekio garintuvas<\/p>\n<p><strong>Prid\u0117kite Amy whatsapp, gaukite tiesiogin\u012f atsakym\u0105 ir kupon\u0105 veipui!<\/strong><\/p>\n<p><img fetchpriority=\"high\" decoding=\"async\" class=\"size-full wp-image-2932\" src=\"https:\/\/vapestornado.com\/wp-content\/uploads\/2024\/12\/Vape-Wholesale.jpg\" alt=\"Garintuvai Didmenin\u0117 prekyba\" width=\"229\" height=\"300\" \/><\/p>\n<h3><a href=\"https:\/\/wa.me\/8617776015835\"><span style=\"color: #ff0000;\"><strong>WhatsApp: +86 17776015835<\/strong><\/span><\/a><\/h3>\n<p>&nbsp;<\/p>","protected":false},"featured_media":3230,"comment_status":"open","ping_status":"closed","template":"","meta":{"_acf_changed":false,"_uag_custom_page_level_css":"","_lmt_disableupdate":"no","_lmt_disable":"","_monsterinsights_skip_tracking":false,"_monsterinsights_sitenote_active":false,"_monsterinsights_sitenote_note":"","_monsterinsights_sitenote_category":0,"site-sidebar-layout":"default","site-content-layout":"","ast-site-content-layout":"default","site-content-style":"default","site-sidebar-style":"default","ast-global-header-display":"","ast-banner-title-visibility":"","ast-main-header-display":"","ast-hfb-above-header-display":"","ast-hfb-below-header-display":"","ast-hfb-mobile-header-display":"","site-post-title":"","ast-breadcrumbs-content":"","ast-featured-img":"","footer-sml-layout":"","ast-disable-related-posts":"","theme-transparent-header-meta":"default","adv-header-id-meta":"","stick-header-meta":"","header-above-stick-meta":"","header-main-stick-meta":"","header-below-stick-meta":"","astra-migrate-meta-layouts":"set","ast-page-background-enabled":"default","ast-page-background-meta":{"desktop":{"background-color":"","background-image":"","background-repeat":"repeat","background-position":"center center","background-size":"auto","background-attachment":"scroll","background-type":"","background-media":"","overlay-type":"","overlay-color":"","overlay-opacity":"","overlay-gradient":""},"tablet":{"background-color":"","background-image":"","background-repeat":"repeat","background-position":"center center","background-size":"auto","background-attachment":"scroll","background-type":"","background-media":"","overlay-type":"","overlay-color":"","overlay-opacity":"","overlay-gradient":""},"mobile":{"background-color":"","background-image":"","background-repeat":"repeat","background-position":"center center","background-size":"auto","background-attachment":"scroll","background-type":"","background-media":"","overlay-type":"","overlay-color":"","overlay-opacity":"","overlay-gradient":""}},"ast-content-background-meta":{"desktop":{"background-color":"var(--ast-global-color-5)","background-image":"","background-repeat":"repeat","background-position":"center center","background-size":"auto","background-attachment":"scroll","background-type":"","background-media":"","overlay-type":"","overlay-color":"","overlay-opacity":"","overlay-gradient":""},"tablet":{"background-color":"var(--ast-global-color-5)","background-image":"","background-repeat":"repeat","background-position":"center center","background-size":"auto","background-attachment":"scroll","background-type":"","background-media":"","overlay-type":"","overlay-color":"","overlay-opacity":"","overlay-gradient":""},"mobile":{"background-color":"var(--ast-global-color-5)","background-image":"","background-repeat":"repeat","background-position":"center center","background-size":"auto","background-attachment":"scroll","background-type":"","background-media":"","overlay-type":"","overlay-color":"","overlay-opacity":"","overlay-gradient":""}},"_joinchat":{"telephone":"+8617776015835"}},"product_brand":[],"product_cat":[67,149,151,143,144,277,146,171],"product_tag":[165,97,166,94,139,174,173],"class_list":{"0":"post-3223","1":"product","2":"type-product","3":"status-publish","4":"has-post-thumbnail","6":"product_cat-30000-puff","7":"product_cat-buy-disposable-vapes-in-austria","8":"product_cat-buy-disposable-vapes-in-france","9":"product_cat-dual-mesh-disposable-vapes","10":"product_cat-low-nicotine-disposable-vapes","11":"product_cat-mesii-vape","12":"product_cat-rechargeable-disposable-vapes","13":"product_cat-vapsolo-disposable-vapes","14":"product_tag-cheap-vapes","15":"product_tag-hot-sale-disposable-vape","16":"product_tag-low-nicotine-vape","17":"product_tag-rechargeable-disposable-vape","18":"product_tag-vapsolo","19":"product_tag-vapsolo-30000","20":"product_tag-vapsolo-triple-30000","21":"desktop-align-left","22":"tablet-align-left","23":"mobile-align-left","25":"first","26":"instock","27":"sale","28":"shipping-taxable","29":"purchasable","30":"product-type-simple"},"acf":[],"uagb_featured_image_src":{"full":["https:\/\/vapestornado.com\/wp-content\/uploads\/2024\/12\/Vapsolo-Triple-30000-Puffs-Rechargeable-Disposable-Vape.jpg",1126,1126,false],"thumbnail":["https:\/\/vapestornado.com\/wp-content\/uploads\/2024\/12\/Vapsolo-Triple-30000-Puffs-Rechargeable-Disposable-Vape-150x150.jpg",150,150,true],"medium":["https:\/\/vapestornado.com\/wp-content\/uploads\/2024\/12\/Vapsolo-Triple-30000-Puffs-Rechargeable-Disposable-Vape-300x300.jpg",300,300,true],"medium_large":["https:\/\/vapestornado.com\/wp-content\/uploads\/2024\/12\/Vapsolo-Triple-30000-Puffs-Rechargeable-Disposable-Vape-768x768.jpg",768,768,true],"large":["https:\/\/vapestornado.com\/wp-content\/uploads\/2024\/12\/Vapsolo-Triple-30000-Puffs-Rechargeable-Disposable-Vape-1024x1024.jpg",1024,1024,true],"1536x1536":["https:\/\/vapestornado.com\/wp-content\/uploads\/2024\/12\/Vapsolo-Triple-30000-Puffs-Rechargeable-Disposable-Vape.jpg",1126,1126,false],"2048x2048":["https:\/\/vapestornado.com\/wp-content\/uploads\/2024\/12\/Vapsolo-Triple-30000-Puffs-Rechargeable-Disposable-Vape.jpg",1126,1126,false],"trp-custom-language-flag":["https:\/\/vapestornado.com\/wp-content\/uploads\/2024\/12\/Vapsolo-Triple-30000-Puffs-Rechargeable-Disposable-Vape.jpg",12,12,false],"woocommerce_thumbnail":["https:\/\/vapestornado.com\/wp-content\/uploads\/2024\/12\/Vapsolo-Triple-30000-Puffs-Rechargeable-Disposable-Vape-300x300.jpg",300,300,true],"woocommerce_single":["https:\/\/vapestornado.com\/wp-content\/uploads\/2024\/12\/Vapsolo-Triple-30000-Puffs-Rechargeable-Disposable-Vape-600x600.jpg",600,600,true],"woocommerce_gallery_thumbnail":["https:\/\/vapestornado.com\/wp-content\/uploads\/2024\/12\/Vapsolo-Triple-30000-Puffs-Rechargeable-Disposable-Vape-100x100.jpg",100,100,true]},"uagb_author_info":{"display_name":"ESAMY","author_link":"https:\/\/vapestornado.com\/lt\/author\/"},"uagb_comment_info":0,"uagb_excerpt":"Best Vapsolo Triple 30000 Puffs 2% 5% Low Nicotine Disposable Vape Bulk Buy Price Vapsolo Triple 30000 Puffs Rechargeable Disposable Vape Wholesale Cheap Factory Vapsolo Triple 30000 Puffs 2% 5% Low Nicotine Disposable Vape Add Amy's whatsapp get right reply and vape vape coupon! WhatsApp: +86 17776015835 &nbsp;","_links":{"self":[{"href":"https:\/\/vapestornado.com\/lt\/wp-json\/wp\/v2\/product\/3223","targetHints":{"allow":["GET"]}}],"collection":[{"href":"https:\/\/vapestornado.com\/lt\/wp-json\/wp\/v2\/product"}],"about":[{"href":"https:\/\/vapestornado.com\/lt\/wp-json\/wp\/v2\/types\/product"}],"replies":[{"embeddable":true,"href":"https:\/\/vapestornado.com\/lt\/wp-json\/wp\/v2\/comments?post=3223"}],"wp:featuredmedia":[{"embeddable":true,"href":"https:\/\/vapestornado.com\/lt\/wp-json\/wp\/v2\/media\/3230"}],"wp:attachment":[{"href":"https:\/\/vapestornado.com\/lt\/wp-json\/wp\/v2\/media?parent=3223"}],"wp:term":[{"taxonomy":"product_brand","embeddable":true,"href":"https:\/\/vapestornado.com\/lt\/wp-json\/wp\/v2\/product_brand?post=3223"},{"taxonomy":"product_cat","embeddable":true,"href":"https:\/\/vapestornado.com\/lt\/wp-json\/wp\/v2\/product_cat?post=3223"},{"taxonomy":"product_tag","embeddable":true,"href":"https:\/\/vapestornado.com\/lt\/wp-json\/wp\/v2\/product_tag?post=3223"}],"curies":[{"name":"wp","href":"https:\/\/api.w.org\/{rel}","templated":true}]}}