{"id":3222,"date":"2024-12-18T08:11:42","date_gmt":"2024-12-18T08:11:42","guid":{"rendered":"https:\/\/vapestornado.com\/?post_type=product&#038;p=3222"},"modified":"2025-08-23T09:46:41","modified_gmt":"2025-08-23T09:46:41","slug":"vapsolo-tornado-pro-12000-puffs-2-5-low-nicotine-bulk-buy-rechargeable-disposable-vapes-pen-wholesale-price","status":"publish","type":"product","link":"https:\/\/vapestornado.com\/lt\/product\/vapsolo-tornado-pro-12000-puffs-2-5-low-nicotine-bulk-buy-rechargeable-disposable-vapes-pen-wholesale-price\/","title":{"rendered":"Vapsolo Tornado Pro 12000 \u012ftraukim\u0173 2% 5% su ma\u017eu nikotino kiekiu, didmenin\u0117 prekyba \u012fkraunamais vienkartiniais elektronini\u0173 cigare\u010di\u0173 prietaisais, didmenin\u0117 kaina"},"content":{"rendered":"<h1 class=\"product-title\">Vapsolo Tornado Pro 12000 \u012ftraukim\u0173 2% 5% su ma\u017eu nikotino kiekiu, didmenin\u0117 prekyba \u012fkraunamais vienkartiniais elektronini\u0173 cigare\u010di\u0173 prietaisais, didmenin\u0117 kaina<\/h1>\n<p>\u0160is <strong>Vapsolo Tornado Pro 12000<\/strong> \u012ftraukim\u0173 yra auk\u0161\u010diausio lygio <strong>\u012fkraunamas vienkartinis garintuvas<\/strong> kuris sujungia pa\u017eangiausias technologijas su stiliumi. Si\u016blo <strong>iki 12 000 \u012ftraukim\u0173<\/strong>, \u0161is \u012frenginys puikiai tinka ilgoms garinimo sesijoms. Jo <strong>20 ml e. skys\u010dio talpa<\/strong> suma\u017eina papildym\u0173 skai\u010di\u0173, o <strong>650mAh \u012fkraunama baterija<\/strong> u\u017etikrina, kad visada b\u016bsite pasiruo\u0161\u0119 garinti, d\u0117ka <strong>C tipo greit\u0105j\u012f \u012fkrovim\u0105<\/strong>.<\/p>\n<p>Kas i\u0161skiria <strong>Vapsolo Tornado Pro 12000<\/strong> yra \u012ftraukimas <strong>RGB ap\u0161vietimas<\/strong>, suteikiantis dinami\u0161k\u0105, spalving\u0105 garinimo patirt\u012f, kuri patraukia d\u0117mes\u012f. The <strong>LCD ekranas<\/strong> informuoja jus apie svarbias detales, tokias kaip \u012ftraukim\u0173 skai\u010dius ir baterijos b\u016bsena, u\u017etikrinant naudojim\u0105 be r\u016bpes\u010di\u0173. Su <strong>reguliuojamas oro srautas<\/strong> ir <strong>tinklelio rit\u0117s technologija<\/strong>, jis kiekvien\u0105 kart\u0105 tiekia \u0161velnius, aromatingus garus.<\/p>\n<p>Galima \u012fsigyti Lietuvoje <strong>vienkartini\u0173 elektronini\u0173 cigare\u010di\u0173 didmenin\u0117s prekybos<\/strong> kainomis, the <strong>Vapsolo Tornado Pro 12000<\/strong> puikiai tinka ma\u017emenininkams ir didmeniniams pirk\u0117jams, ie\u0161kantiems auk\u0161tos kokyb\u0117s, daug funkcij\u0173 turin\u010dio \u012frenginio. Nesvarbu, ar ie\u0161kote <strong>ma\u017eo nikotino garintuvas<\/strong> ar stilingo <strong>pigaus vienkartinio garintuvo<\/strong>, \u0161is modelis pateisina visus l\u016bkes\u010dius.<\/p>\n<p>&nbsp;<\/p>\n<p><strong>Prid\u0117kite Amy's Whatsapp, gaukite teising\u0105 atsakym\u0105 ir kupon\u0105 garintuvui!<\/strong><\/p>\n<p><img fetchpriority=\"high\" decoding=\"async\" class=\"size-full wp-image-2932\" src=\"https:\/\/vapestornado.com\/wp-content\/uploads\/2024\/12\/Vape-Wholesale.jpg\" alt=\"Garintuvai Didmenin\u0117 prekyba\" width=\"229\" height=\"300\" \/><\/p>\n<h3><a href=\"https:\/\/wa.me\/8617776015835\" target=\"_blank\" rel=\"noopener\"><span style=\"color: #ff0000;\"><strong>WhatsApp: +86 17776015835<\/strong><\/span><\/a><\/h3>\n<p>&nbsp;<\/p>\n<h2><strong>Vapsolo Tornado Pro 12000 \u012etraukim\u0173 Produkto Savyb\u0117s<\/strong><\/h2>\n<div role=\"article\" data-tabster=\"{&quot;groupper&quot;:{&quot;tabbability&quot;:2},&quot;focusable&quot;:{}}\" data-content=\"ai-message\" aria-labelledby=\"juhNTJ6o7Gk1cgwZMJgv2-author juhNTJ6o7Gk1cgwZMJgv2-content\">\n<div id=\"juhNTJ6o7Gk1cgwZMJgv2-content\">\n<div role=\"article\" data-tabster=\"{&quot;groupper&quot;:{&quot;tabbability&quot;:2},&quot;focusable&quot;:{}}\" data-content=\"ai-message\" aria-labelledby=\"x4EZuCZWrTbh3weWUt7CU-author x4EZuCZWrTbh3weWUt7CU-content\">\n<div id=\"x4EZuCZWrTbh3weWUt7CU-content\">\n<h3><\/h3>\n<ol>\n<li><strong>12 000 \u012etraukim\u0173:<\/strong> Ilgalaikis naudojimas be da\u017eno keitimo.<\/li>\n<li><strong>\u012ekraunama baterija:<\/strong> 650 mAh su C tipo greituoju \u012fkrovimu.<\/li>\n<li><strong>20 ml e. skys\u010dio talpa:<\/strong> Retesnis papildymas patogumui.<\/li>\n<li><strong>RGB ap\u0161vietimas:<\/strong> Stilingi, spalvingi vaizdo efektai \u0161iuolaiki\u0161kai i\u0161vaizdai.<\/li>\n<li><strong>LCD Ekranas:<\/strong> Lengvas p\u016btim\u0173 skai\u010diaus ir baterijos lygio steb\u0117jimas.<\/li>\n<li><strong>Reguliuojamas oro srautas:<\/strong> Keturi nustatymai individualiems traukimams.<\/li>\n<li><strong>Tinklelio rit\u0117s technologija:<\/strong> Pastov\u016bs garai su sustiprintu skoniu.<\/li>\n<li><strong>Ma\u017eo nikotino parinktys:<\/strong> Pasirinkite tarp 2% ir 5% nikotino lygi\u0173.<\/li>\n<li><strong>Ne\u0161iojamas dizainas:<\/strong> Lengvas, patvarus ir lengvai ne\u0161iojamas.<\/li>\n<li><strong>Didmeninei prekybai palankus:<\/strong> \u012eperkamos kainos perkant dideliais kiekiais.<\/li>\n<\/ol>\n<p>&nbsp;<\/p>\n<\/div>\n<\/div>\n<\/div>\n<\/div>\n<h2 class=\"product-title\"><strong>Vapsolo Tornado 12000 \u012fp\u016btim\u0173 skoni\u0173 s\u0105ra\u0161as<\/strong><\/h2>\n<p>1. Arb\u016bzo ledas<br \/>\n2. Bra\u0161ki\u0173 kivis<br \/>\n3. M\u0117lyni\u0173 limonadas<br \/>\n4. Putojantis vy\u0161ni\u0173 skonis<br \/>\n5. M\u0117lyni\u0173 ledas<br \/>\n6. Bra\u0161ki\u0173 avie\u010di\u0173 vy\u0161ni\u0173 ledas<br \/>\n7. Persik\u0173 Mango Ananas\u0173<br \/>\n8. Vynuogi\u0173 Ledas<br \/>\n9. Avie\u010di\u0173 Arb\u016bzas<br \/>\n10. Bra\u0161ki\u0173 Bananas<\/p>\n<figure id=\"attachment_3211\" aria-describedby=\"caption-attachment-3211\" style=\"width: 600px\" class=\"wp-caption alignnone\"><img decoding=\"async\" class=\"wp-image-3211\" src=\"https:\/\/vapestornado.com\/wp-content\/uploads\/2024\/12\/Best-Vapsolo-Tornado-Pro-12000-Disposable-Vapes-Wholesale-300x300.jpg\" alt=\"Geriausi \u201eVapsolo Tornado Pro 12000\u201c vienkartiniai garintuvai didmenine prekyba\" width=\"600\" height=\"600\" srcset=\"https:\/\/vapestornado.com\/wp-content\/uploads\/2024\/12\/Best-Vapsolo-Tornado-Pro-12000-Disposable-Vapes-Wholesale-300x300.jpg 300w, https:\/\/vapestornado.com\/wp-content\/uploads\/2024\/12\/Best-Vapsolo-Tornado-Pro-12000-Disposable-Vapes-Wholesale-1024x1024.jpg 1024w, https:\/\/vapestornado.com\/wp-content\/uploads\/2024\/12\/Best-Vapsolo-Tornado-Pro-12000-Disposable-Vapes-Wholesale-150x150.jpg 150w, https:\/\/vapestornado.com\/wp-content\/uploads\/2024\/12\/Best-Vapsolo-Tornado-Pro-12000-Disposable-Vapes-Wholesale-768x768.jpg 768w, https:\/\/vapestornado.com\/wp-content\/uploads\/2024\/12\/Best-Vapsolo-Tornado-Pro-12000-Disposable-Vapes-Wholesale-600x600.jpg 600w, https:\/\/vapestornado.com\/wp-content\/uploads\/2024\/12\/Best-Vapsolo-Tornado-Pro-12000-Disposable-Vapes-Wholesale-100x100.jpg 100w, https:\/\/vapestornado.com\/wp-content\/uploads\/2024\/12\/Best-Vapsolo-Tornado-Pro-12000-Disposable-Vapes-Wholesale.jpg 1126w\" sizes=\"(max-width: 600px) 100vw, 600px\" \/><figcaption id=\"caption-attachment-3211\" class=\"wp-caption-text\">Geriausi \u201eVapsolo Tornado Pro 12000\u201c vienkartiniai garintuvai didmenine prekyba<\/figcaption><\/figure>\n<h3>Kod\u0117l verta rinktis \u201evapestornado\u201c \u201eVapsolo Tornado 12000\u201c p\u016btim\u0173 garintuv\u0173 didmeninei prekybai?<\/h3>\n<div class=\"flex-shrink-0 flex flex-col relative items-end\">\n<div class=\"pt-0\">\n<div class=\"gizmo-bot-avatar flex h-8 w-8 items-center justify-center overflow-hidden rounded-full\">\n<div class=\"relative p-1 rounded-sm flex items-center justify-center bg-token-main-surface-primary text-token-text-primary h-8 w-8\">\n<p>Sveiki atvyk\u0119 \u012f vapestornado \u2013 j\u016bs\u0173 patikim\u0105 internetin\u0119 auk\u0161\u010diausios kokyb\u0117s vienkartini\u0173 garinimo priemoni\u0173 parduotuv\u0119. Tur\u0117dami daugiau nei 5 met\u0173 patirt\u012f, si\u016blome populiarius vienkartini\u0173 garinimo priemoni\u0173 prek\u0117s \u017eenklus, tokius kaip Fumot RandM Vape, <a href=\"https:\/\/vapestornado.com\/lt\/product\/vapme-crystal-7000-puffs-rechargeable-disposable-vape-wholesale-cheap-price\/\">Vapme<\/a>, Bang Vape, Waspe Vape, ir WGA Vape ir kt.<\/p>\n<p>M\u016bs\u0173 asortimentas apima populiarias garinimo priemones, tokias kaip <a href=\"https:\/\/vapestornado.com\/lt\/product\/fumot-randm-tornado-15000-puffs-rechargeable-disposable-vape-wholesale\/\">RandM Tornado 15000<\/a>, ir skoni\u0173 turtingus pasirinkimus, tokius kaip <a href=\"https:\/\/vapestornado.com\/lt\/product\/vapsolo-dg-18000-puffs-smart-screen-wholesale-disposable-cheap-vapes\/\">\u00a0Vapsalo DG18000 P\u016bsl\u0117s<\/a> . Kiekvienas produktas yra atrenkamas, akcentuojant kokyb\u0119, vert\u0119 ir \u012fvairov\u0119, u\u017etikrinant, kad rastum\u0117te tobul\u0105 variant\u0105 savo poreikiams. Atraskite i\u0161skirtin\u012f aptarnavim\u0105 ir plat\u0173 auk\u0161\u010diausios kokyb\u0117s produkt\u0173 asortiment\u0105 didmenin\u0117mis kainomis vapestornado svetain\u0117je.<\/p>\n<\/div>\n<h3><\/h3>\n<div class=\"relative p-1 rounded-sm flex items-center justify-center bg-token-main-surface-primary text-token-text-primary h-8 w-8\">\n<h3>DUK apie \u201eVapsolo Tornado Pro 12000\u201c p\u016btim\u0173 vienkartin\u012f garintuv\u0105<\/h3>\n<\/div>\n<\/div>\n<\/div>\n<\/div>\n<div class=\"flex-shrink-0 flex flex-col relative items-end\">\n<div class=\"pt-0\">\n<div class=\"gizmo-bot-avatar flex h-8 w-8 items-center justify-center overflow-hidden rounded-full\">\n<div class=\"relative p-1 rounded-sm flex items-center justify-center bg-token-main-surface-primary text-token-text-primary h-8 w-8\">\n<div class=\"mb-2 flex gap-3 empty:hidden -ml-2\">\n<div role=\"article\" data-tabster=\"{&quot;groupper&quot;:{&quot;tabbability&quot;:2},&quot;focusable&quot;:{}}\" data-content=\"ai-message\" aria-labelledby=\"Vdt5ez4X7Tg813x6rFVha-author Vdt5ez4X7Tg813x6rFVha-content\">\n<div id=\"Vdt5ez4X7Tg813x6rFVha-content\">\n<div role=\"article\" data-tabster=\"{&quot;groupper&quot;:{&quot;tabbability&quot;:2},&quot;focusable&quot;:{}}\" data-content=\"ai-message\" aria-labelledby=\"o968oC7CEo2fGHsGdsRYC-author o968oC7CEo2fGHsGdsRYC-content\">\n<div id=\"o968oC7CEo2fGHsGdsRYC-content\">\n<h3><\/h3>\n<ol>\n<li><strong>Kiek p\u016btim\u0173 suteikia \u201eVapsolo Tornado Pro 12000\u201c?<\/strong><br \/>\n\u0160is \u012frenginys si\u016blo iki <strong>12 000 \u012fkv\u0117pim\u0173<\/strong>, tod\u0117l jis idealiai tinka ilgalaikiam naudojimui be pakeitim\u0173.<\/li>\n<li><strong>Ar \u201eVapsolo 12000\u201c \u012frenginys turi \u012fkraunamas galimybes?<\/strong><br \/>\nTaip, jame yra <strong>650mAh \u012fkraunama baterija<\/strong> su <strong>C tipo \u012fkrovimo prievadas<\/strong> skirtas greitam ir efektyviam \u012fkrovimui.<\/li>\n<li><strong>Kas daro Vapsolo Tornado Pro 12000 RGB ap\u0161vietim\u0105 unikaliu?<\/strong><br \/>\n\u0160is <strong>RGB ap\u0161vietimas<\/strong> pagerina garinimo patirt\u012f ry\u0161kiais, spalvingais efektais, suteikdamas jam modern\u0173 ir stiling\u0105 patrauklum\u0105.<\/li>\n<li><strong>Kaip veikia Vapsolo Tornado 12000 reguliuojamas oro srautas?<\/strong><br \/>\n\u0160is <strong>keturi\u0173 lygi\u0173 oro srauto sistema<\/strong> leid\u017eia jums pritaikyti savo garinimo patirt\u012f, nuo grie\u017et\u0173 \u012ftraukim\u0173 iki atsipalaidavusi\u0173 p\u016btim\u0173.<\/li>\n<li><strong>Kod\u0117l Vapsolo Tornado Pro 12000 idealus didmeniniams pirk\u0117jams?<\/strong><br \/>\nJis sujungia <strong>didel\u0119 p\u016btim\u0173 talp\u0105<\/strong>, <strong>auk\u0161\u010diausios kokyb\u0117s funkcijas<\/strong>ir <strong>\u012fperkamas kainas perkant dideliais kiekiais<\/strong>, tod\u0117l jis puikiai tinka ma\u017emenininkams ir perpardav\u0117jams.<\/li>\n<\/ol>\n<\/div>\n<\/div>\n<\/div>\n<\/div>\n<\/div>\n<\/div>\n<\/div>\n<\/div>\n<\/div>","protected":false},"excerpt":{"rendered":"<p>VapSolo Tornado Pro 12000 i\u0161p\u016btim\u0173 2% 5% ma\u017eai nikotino vienkartinis garintuvas, didmenin\u0117 kaina<br \/>\nVapSolo Tornado Pro 12000 i\u0161p\u016btim\u0173 daugkartinis vienkartinis garintuvas, didmenin\u0117 prekyba<br \/>\nPigus gamyklinis Tornado 12000 i\u0161p\u016btim\u0173 2% 5% ma\u017eai nikotino vienkartinis garintuvas<\/p>\n<p><strong>Prid\u0117kite Amy whatsapp, gaukite tiesiogin\u012f atsakym\u0105 ir kupon\u0105 veipui!<\/strong><\/p>\n<p><img fetchpriority=\"high\" decoding=\"async\" class=\"size-full wp-image-2932\" src=\"https:\/\/vapestornado.com\/wp-content\/uploads\/2024\/12\/Vape-Wholesale.jpg\" alt=\"Garintuvai Didmenin\u0117 prekyba\" width=\"229\" height=\"300\" \/><\/p>\n<h3><a href=\"https:\/\/wa.me\/8617776015835\"><span style=\"color: #ff0000;\"><strong>WhatsApp: +86 17776015835<\/strong><\/span><\/a><\/h3>\n<p>&nbsp;<\/p>","protected":false},"featured_media":3215,"comment_status":"open","ping_status":"closed","template":"","meta":{"_acf_changed":false,"_uag_custom_page_level_css":"","_lmt_disableupdate":"no","_lmt_disable":"","_monsterinsights_skip_tracking":false,"_monsterinsights_sitenote_active":false,"_monsterinsights_sitenote_note":"","_monsterinsights_sitenote_category":0,"site-sidebar-layout":"default","site-content-layout":"","ast-site-content-layout":"default","site-content-style":"default","site-sidebar-style":"default","ast-global-header-display":"","ast-banner-title-visibility":"","ast-main-header-display":"","ast-hfb-above-header-display":"","ast-hfb-below-header-display":"","ast-hfb-mobile-header-display":"","site-post-title":"","ast-breadcrumbs-content":"","ast-featured-img":"","footer-sml-layout":"","ast-disable-related-posts":"","theme-transparent-header-meta":"default","adv-header-id-meta":"","stick-header-meta":"","header-above-stick-meta":"","header-main-stick-meta":"","header-below-stick-meta":"","astra-migrate-meta-layouts":"set","ast-page-background-enabled":"default","ast-page-background-meta":{"desktop":{"background-color":"","background-image":"","background-repeat":"repeat","background-position":"center center","background-size":"auto","background-attachment":"scroll","background-type":"","background-media":"","overlay-type":"","overlay-color":"","overlay-opacity":"","overlay-gradient":""},"tablet":{"background-color":"","background-image":"","background-repeat":"repeat","background-position":"center center","background-size":"auto","background-attachment":"scroll","background-type":"","background-media":"","overlay-type":"","overlay-color":"","overlay-opacity":"","overlay-gradient":""},"mobile":{"background-color":"","background-image":"","background-repeat":"repeat","background-position":"center center","background-size":"auto","background-attachment":"scroll","background-type":"","background-media":"","overlay-type":"","overlay-color":"","overlay-opacity":"","overlay-gradient":""}},"ast-content-background-meta":{"desktop":{"background-color":"var(--ast-global-color-5)","background-image":"","background-repeat":"repeat","background-position":"center center","background-size":"auto","background-attachment":"scroll","background-type":"","background-media":"","overlay-type":"","overlay-color":"","overlay-opacity":"","overlay-gradient":""},"tablet":{"background-color":"var(--ast-global-color-5)","background-image":"","background-repeat":"repeat","background-position":"center center","background-size":"auto","background-attachment":"scroll","background-type":"","background-media":"","overlay-type":"","overlay-color":"","overlay-opacity":"","overlay-gradient":""},"mobile":{"background-color":"var(--ast-global-color-5)","background-image":"","background-repeat":"repeat","background-position":"center center","background-size":"auto","background-attachment":"scroll","background-type":"","background-media":"","overlay-type":"","overlay-color":"","overlay-opacity":"","overlay-gradient":""}},"_joinchat":{"telephone":"+8617776015835"}},"product_brand":[],"product_cat":[72,153,154,159,142,143,171],"product_tag":[165,97,166,94,139,172,169],"class_list":{"0":"post-3222","1":"product","2":"type-product","3":"status-publish","4":"has-post-thumbnail","6":"product_cat-12000-puff","7":"product_cat-buy-disposable-vapes-in-italy","8":"product_cat-buy-disposable-vapes-in-netherlands","9":"product_cat-buy-disposable-vapes-in-sweden","10":"product_cat-digital-box-disposable-vapes","11":"product_cat-dual-mesh-disposable-vapes","12":"product_cat-vapsolo-disposable-vapes","13":"product_tag-cheap-vapes","14":"product_tag-hot-sale-disposable-vape","15":"product_tag-low-nicotine-vape","16":"product_tag-rechargeable-disposable-vape","17":"product_tag-vapsolo","18":"product_tag-vapsolo-tornado-pro-12000","19":"product_tag-vasolo-12000","20":"desktop-align-left","21":"tablet-align-left","22":"mobile-align-left","24":"first","25":"instock","26":"sale","27":"shipping-taxable","28":"purchasable","29":"product-type-simple"},"acf":[],"uagb_featured_image_src":{"full":["https:\/\/vapestornado.com\/wp-content\/uploads\/2024\/12\/Vapsolo-Tornado-Pro-12000-Rechargeable-Disposable-Vapes-Bulk-Buy-Wholesale.jpg",1126,1126,false],"thumbnail":["https:\/\/vapestornado.com\/wp-content\/uploads\/2024\/12\/Vapsolo-Tornado-Pro-12000-Rechargeable-Disposable-Vapes-Bulk-Buy-Wholesale-150x150.jpg",150,150,true],"medium":["https:\/\/vapestornado.com\/wp-content\/uploads\/2024\/12\/Vapsolo-Tornado-Pro-12000-Rechargeable-Disposable-Vapes-Bulk-Buy-Wholesale-300x300.jpg",300,300,true],"medium_large":["https:\/\/vapestornado.com\/wp-content\/uploads\/2024\/12\/Vapsolo-Tornado-Pro-12000-Rechargeable-Disposable-Vapes-Bulk-Buy-Wholesale-768x768.jpg",768,768,true],"large":["https:\/\/vapestornado.com\/wp-content\/uploads\/2024\/12\/Vapsolo-Tornado-Pro-12000-Rechargeable-Disposable-Vapes-Bulk-Buy-Wholesale-1024x1024.jpg",1024,1024,true],"1536x1536":["https:\/\/vapestornado.com\/wp-content\/uploads\/2024\/12\/Vapsolo-Tornado-Pro-12000-Rechargeable-Disposable-Vapes-Bulk-Buy-Wholesale.jpg",1126,1126,false],"2048x2048":["https:\/\/vapestornado.com\/wp-content\/uploads\/2024\/12\/Vapsolo-Tornado-Pro-12000-Rechargeable-Disposable-Vapes-Bulk-Buy-Wholesale.jpg",1126,1126,false],"trp-custom-language-flag":["https:\/\/vapestornado.com\/wp-content\/uploads\/2024\/12\/Vapsolo-Tornado-Pro-12000-Rechargeable-Disposable-Vapes-Bulk-Buy-Wholesale.jpg",12,12,false],"woocommerce_thumbnail":["https:\/\/vapestornado.com\/wp-content\/uploads\/2024\/12\/Vapsolo-Tornado-Pro-12000-Rechargeable-Disposable-Vapes-Bulk-Buy-Wholesale-300x300.jpg",300,300,true],"woocommerce_single":["https:\/\/vapestornado.com\/wp-content\/uploads\/2024\/12\/Vapsolo-Tornado-Pro-12000-Rechargeable-Disposable-Vapes-Bulk-Buy-Wholesale-600x600.jpg",600,600,true],"woocommerce_gallery_thumbnail":["https:\/\/vapestornado.com\/wp-content\/uploads\/2024\/12\/Vapsolo-Tornado-Pro-12000-Rechargeable-Disposable-Vapes-Bulk-Buy-Wholesale-100x100.jpg",100,100,true]},"uagb_author_info":{"display_name":"ESAMY","author_link":"https:\/\/vapestornado.com\/lt\/author\/"},"uagb_comment_info":0,"uagb_excerpt":"VapSolo Tornado Pro 12000 Puffs 2% 5% Low Nicotine Disposable Vape Bulk Buy Price VapSolo Tornado Pro 12000 Puffs Rechargeable Disposable Vape Wholesale Cheap Factory Tornado 12000 Puffs 2% 5% Low Nicotine Disposable Vape Add Amy's whatsapp get right reply and vape vape coupon! WhatsApp: +86 17776015835 &nbsp;","_links":{"self":[{"href":"https:\/\/vapestornado.com\/lt\/wp-json\/wp\/v2\/product\/3222","targetHints":{"allow":["GET"]}}],"collection":[{"href":"https:\/\/vapestornado.com\/lt\/wp-json\/wp\/v2\/product"}],"about":[{"href":"https:\/\/vapestornado.com\/lt\/wp-json\/wp\/v2\/types\/product"}],"replies":[{"embeddable":true,"href":"https:\/\/vapestornado.com\/lt\/wp-json\/wp\/v2\/comments?post=3222"}],"wp:featuredmedia":[{"embeddable":true,"href":"https:\/\/vapestornado.com\/lt\/wp-json\/wp\/v2\/media\/3215"}],"wp:attachment":[{"href":"https:\/\/vapestornado.com\/lt\/wp-json\/wp\/v2\/media?parent=3222"}],"wp:term":[{"taxonomy":"product_brand","embeddable":true,"href":"https:\/\/vapestornado.com\/lt\/wp-json\/wp\/v2\/product_brand?post=3222"},{"taxonomy":"product_cat","embeddable":true,"href":"https:\/\/vapestornado.com\/lt\/wp-json\/wp\/v2\/product_cat?post=3222"},{"taxonomy":"product_tag","embeddable":true,"href":"https:\/\/vapestornado.com\/lt\/wp-json\/wp\/v2\/product_tag?post=3222"}],"curies":[{"name":"wp","href":"https:\/\/api.w.org\/{rel}","templated":true}]}}