{"id":3201,"date":"2024-12-18T03:39:14","date_gmt":"2024-12-18T03:39:14","guid":{"rendered":"https:\/\/vapestornado.com\/?post_type=product&#038;p=3201"},"modified":"2025-08-23T09:47:27","modified_gmt":"2025-08-23T09:47:27","slug":"vapsolo-viking-12000-puffs-2-5-low-nicotine-bulk-buy-rechargeable-disposable-vapes-pen-wholesale-price","status":"publish","type":"product","link":"https:\/\/vapestornado.com\/lt\/product\/vapsolo-viking-12000-puffs-2-5-low-nicotine-bulk-buy-rechargeable-disposable-vapes-pen-wholesale-price\/","title":{"rendered":"VapSolo Viking 12000 \u012fkv\u0117pim\u0173 2% 5% ma\u017eai nikotino turin\u010dios pakraunamos vienkartin\u0117s garinimo priemon\u0117s didmenine kaina"},"content":{"rendered":"<h1 class=\"product-title\">VapSolo Viking 12000 \u012fkv\u0117pim\u0173 2% 5% ma\u017eai nikotino turin\u010dios pakraunamos vienkartin\u0117s garinimo priemon\u0117s didmenine kaina<\/h1>\n<p data-start=\"403\" data-end=\"652\">\u0160is <strong data-start=\"407\" data-end=\"453\">VapSolo Viking 12000 \u012fkv\u0117pim\u0173 vienkartinis garintuvas<\/strong> u\u017etikrina ilgalaik\u012f veikim\u0105 ir lankstum\u0105 aptakiame, ne\u0161iojamame dizaine. Su <strong data-start=\"536\" data-end=\"562\">22 ml e. skys\u010dio talpa<\/strong> ir iki <strong data-start=\"573\" data-end=\"589\">12 000 \u012fkv\u0117pim\u0173<\/strong>, jis suteikia ilgalaik\u012f naudojim\u0105 be nuolatinio keitimo.<\/p>\n<p data-start=\"654\" data-end=\"909\">Maitinamas <strong data-start=\"667\" data-end=\"698\">650mAh \u012fkraunama baterija<\/strong> su <strong data-start=\"704\" data-end=\"728\">C tipo greit\u0105j\u012f \u012fkrovim\u0105<\/strong>, Viking 12K u\u017etikrina nuoseklius seansus ir efektyv\u0173 \u012fkrovim\u0105. Jis tiekiamas <strong data-start=\"811\" data-end=\"843\">2% ir 5% nikotino koncentracija<\/strong>, tod\u0117l tinka tiek vidutinio stiprumo, tiek stipresniems pageidavimams.<\/p>\n<p data-start=\"911\" data-end=\"1150\">\u012erengtas <strong data-start=\"925\" data-end=\"949\">tinklelio rit\u0117s technologija<\/strong> ir <strong data-start=\"954\" data-end=\"984\">4 lygi\u0173 reguliuojamas oro srautas<\/strong>, \u0161is \u012frenginys garantuoja skland\u0173 gar\u0173 gamyb\u0105 ir pritaikomus traukimus. The <strong data-start=\"1061\" data-end=\"1076\">LCD ekranas<\/strong> prideda patogumo, realiuoju laiku rodydamas \u012fkv\u0117pim\u0173 skai\u010di\u0173 ir akumuliatoriaus b\u016bsen\u0105.<\/p>\n<p data-start=\"1152\" data-end=\"1410\">Lengvas ir lengvai ne\u0161iojamas <strong data-start=\"1187\" data-end=\"1211\">VapSolo Vikingas 12000<\/strong> yra idealus tiek kasdieniams vartotojams, tiek didmenininkams. Jo talpos, pa\u017eangi\u0173 funkcij\u0173 ir konkurencingos <strong data-start=\"1326\" data-end=\"1347\">didmenin\u0117mis kainomis<\/strong> d\u0117l to tai yra pelningas pasirinkimas ma\u017emenininkams ir platintojams.<\/p>\n<p><strong>Prid\u0117kite Amy's Whatsapp, gaukite teising\u0105 atsakym\u0105 ir kupon\u0105 garintuvui!<\/strong><\/p>\n<p><img fetchpriority=\"high\" decoding=\"async\" class=\"size-full wp-image-2932\" src=\"https:\/\/vapestornado.com\/wp-content\/uploads\/2024\/12\/Vape-Wholesale.jpg\" alt=\"Garintuvai Didmenin\u0117 prekyba\" width=\"229\" height=\"300\" \/><\/p>\n<h3><a href=\"https:\/\/wa.me\/8617776015835\" target=\"_blank\" rel=\"noopener\"><span style=\"color: #ff0000;\"><strong>WhatsApp: +86 17776015835<\/strong><\/span><\/a><\/h3>\n<p>&nbsp;<\/p>\n<h2><strong>VapSolo Viking 12000 produkto savyb\u0117s<\/strong><\/h2>\n<div role=\"article\" data-tabster=\"{&quot;groupper&quot;:{&quot;tabbability&quot;:2},&quot;focusable&quot;:{}}\" data-content=\"ai-message\" aria-labelledby=\"juhNTJ6o7Gk1cgwZMJgv2-author juhNTJ6o7Gk1cgwZMJgv2-content\">\n<div id=\"juhNTJ6o7Gk1cgwZMJgv2-content\">\n<div role=\"article\" data-tabster=\"{&quot;groupper&quot;:{&quot;tabbability&quot;:2},&quot;focusable&quot;:{}}\" data-content=\"ai-message\" aria-labelledby=\"x4EZuCZWrTbh3weWUt7CU-author x4EZuCZWrTbh3weWUt7CU-content\">\n<div id=\"x4EZuCZWrTbh3weWUt7CU-content\">\n<h3><\/h3>\n<ol>\n<li><strong>12 000 \u012fkv\u0117pim\u0173 viename \u012frenginyje:<\/strong> Ilgalaikis naudojimas be r\u016bpes\u010di\u0173.<\/li>\n<li><strong>Ma\u017eo nikotino parinktys:<\/strong> Galima \u012fsigyti 2% ir 5% stiprumo, atitinkan\u010di\u0173 \u012fvairius pageidavimus.<\/li>\n<li><strong>\u012ekraunama baterija:<\/strong> 650 mAh talpa su patogiu C tipo greituoju \u012fkrovimu.<\/li>\n<li><strong>4 lygi\u0173 reguliuojamas oro srautas:<\/strong> Tiksli garinimo stiliaus pritaikymas.<\/li>\n<li><strong>Tinklelio rit\u0117s technologija:<\/strong> Kiekvien\u0105 kart\u0105 u\u017etikrina skland\u017eius garus ir sustiprint\u0105 skon\u012f.<\/li>\n<li><strong>22 ml E-skys\u010dio talpa:<\/strong> U\u017etikrina ilgesnes garinimo sesijas be da\u017eno papildymo.<\/li>\n<li><strong>LCD Ekranas:<\/strong> Lengvai steb\u0117kite \u012ftraukim\u0173 skai\u010di\u0173 ir akumuliatoriaus b\u016bsen\u0105 realiuoju laiku.<\/li>\n<li><strong>Kompakti\u0161kas ir lengvas:<\/strong> Ne\u0161iojamas dizainas, sveriantis tik 95 g, kad b\u016bt\u0173 lengva naudoti keliaujant.<\/li>\n<li><strong>\u012eperkamos didmenin\u0117s kainos:<\/strong> Idealiai tinka dideliems pirkimams ir perpardavimui.<\/li>\n<li><strong>Auk\u0161\u010diausios kokyb\u0117s vienkartini\u0173 gar\u0173 prek\u0117s \u017eenklas:<\/strong> Apjungia patogum\u0105, na\u0161um\u0105 ir stili\u0173.<\/li>\n<\/ol>\n<\/div>\n<\/div>\n<\/div>\n<\/div>\n<h2 class=\"product-title\"><strong>VapSolo 12000 \u012ftraukim\u0173 skoni\u0173 s\u0105ra\u0161as<\/strong><\/h2>\n<p>1. M\u0117lyni\u0173 avie\u010di\u0173<br \/>\n2. M\u0117lyni\u0173<br \/>\n3. Putojantis vy\u0161ni\u0173<br \/>\n4. arb\u016bzo ledas<br \/>\n5. bra\u0161ki\u0173 ir kivi\u0173<br \/>\n6. Bra\u0161ki\u0173 arb\u016bzas<br \/>\n7. Vasaros svajon\u0117<br \/>\n8. m\u0117lyni\u0173, vy\u0161ni\u0173 ir spanguoli\u0173<br \/>\n9. citrinos ir \u017ealiosios citrinos<br \/>\n10. Guminukas<br \/>\n11. Bra\u0161ki\u0173 bananas<br \/>\n12. Gaivi m\u0117ta<br \/>\n13. Bra\u0161ki\u0173 avie\u010di\u0173 ledas<br \/>\n14. Citrin\u0173 persikas<br \/>\n15. Raudon\u0173 obuoli\u0173 ledas<\/p>\n<figure id=\"attachment_3194\" aria-describedby=\"caption-attachment-3194\" style=\"width: 600px\" class=\"wp-caption alignnone\"><img decoding=\"async\" class=\"wp-image-3194\" src=\"https:\/\/vapestornado.com\/wp-content\/uploads\/2024\/12\/VapSolo-12000-Puffs-Disposable-Vape-Wholesale-Cheap-Price-300x300.jpg\" alt=\"VapSolo 12000 \u012fkv\u0117pim\u0173 vienkartiniai garintuvai didmenine kaina\" width=\"600\" height=\"600\" srcset=\"https:\/\/vapestornado.com\/wp-content\/uploads\/2024\/12\/VapSolo-12000-Puffs-Disposable-Vape-Wholesale-Cheap-Price-300x300.jpg 300w, https:\/\/vapestornado.com\/wp-content\/uploads\/2024\/12\/VapSolo-12000-Puffs-Disposable-Vape-Wholesale-Cheap-Price-1024x1024.jpg 1024w, https:\/\/vapestornado.com\/wp-content\/uploads\/2024\/12\/VapSolo-12000-Puffs-Disposable-Vape-Wholesale-Cheap-Price-150x150.jpg 150w, https:\/\/vapestornado.com\/wp-content\/uploads\/2024\/12\/VapSolo-12000-Puffs-Disposable-Vape-Wholesale-Cheap-Price-768x768.jpg 768w, https:\/\/vapestornado.com\/wp-content\/uploads\/2024\/12\/VapSolo-12000-Puffs-Disposable-Vape-Wholesale-Cheap-Price-600x600.jpg 600w, https:\/\/vapestornado.com\/wp-content\/uploads\/2024\/12\/VapSolo-12000-Puffs-Disposable-Vape-Wholesale-Cheap-Price-100x100.jpg 100w, https:\/\/vapestornado.com\/wp-content\/uploads\/2024\/12\/VapSolo-12000-Puffs-Disposable-Vape-Wholesale-Cheap-Price.jpg 1126w\" sizes=\"(max-width: 600px) 100vw, 600px\" \/><figcaption id=\"caption-attachment-3194\" class=\"wp-caption-text\">VapSolo 12000 \u012fkv\u0117pim\u0173 vienkartiniai garintuvai didmenine kaina<\/figcaption><\/figure>\n<h3>Kod\u0117l verta rinktis vapestornado VapSolo Viking 12000 \u012fkv\u0117pim\u0173 garintuvus didmenine prekybai?<\/h3>\n<div class=\"flex-shrink-0 flex flex-col relative items-end\">\n<div class=\"pt-0\">\n<div class=\"gizmo-bot-avatar flex h-8 w-8 items-center justify-center overflow-hidden rounded-full\">\n<div class=\"relative p-1 rounded-sm flex items-center justify-center bg-token-main-surface-primary text-token-text-primary h-8 w-8\">\n<p>Sveiki atvyk\u0119 \u012f vapestornado \u2013 j\u016bs\u0173 patikim\u0105 internetin\u0119 auk\u0161\u010diausios kokyb\u0117s vienkartini\u0173 garinimo priemoni\u0173 parduotuv\u0119. Tur\u0117dami daugiau nei 5 met\u0173 patirt\u012f, si\u016blome populiarius vienkartini\u0173 garinimo priemoni\u0173 prek\u0117s \u017eenklus, tokius kaip Fumot RandM Vape, <a href=\"https:\/\/vapestornado.com\/lt\/product\/vapme-crystal-7000-puffs-rechargeable-disposable-vape-wholesale-cheap-price\/\">Vapme<\/a>, Bang Vape, Waspe Vape, ir WGA Vape ir kt.<\/p>\n<p>M\u016bs\u0173 asortimentas apima populiarias garinimo priemones, tokias kaip <a href=\"https:\/\/vapestornado.com\/lt\/product\/fumot-randm-tornado-15000-puffs-rechargeable-disposable-vape-wholesale\/\">RandM Tornado 15000<\/a>, ir skoni\u0173 turtingus pasirinkimus, tokius kaip <a href=\"https:\/\/vapestornado.com\/lt\/product\/waspe-40000-puffs-double-flavour-led-display-disposable-vape-wholesale\/\">WASPE dvigubo skonio 40000 \u012fkv\u0117pim\u0173<\/a> . Kiekvienas produktas yra atrenkamas, akcentuojant kokyb\u0119, vert\u0119 ir \u012fvairov\u0119, u\u017etikrinant, kad rastum\u0117te tobul\u0105 variant\u0105 savo poreikiams. Atraskite i\u0161skirtin\u012f aptarnavim\u0105 ir plat\u0173 auk\u0161\u010diausios kokyb\u0117s produkt\u0173 asortiment\u0105 didmenin\u0117mis kainomis vapestornado svetain\u0117je.<\/p>\n<\/div>\n<h3><\/h3>\n<div class=\"relative p-1 rounded-sm flex items-center justify-center bg-token-main-surface-primary text-token-text-primary h-8 w-8\">\n<h3>DUK apie VapSolo Viking 12k \u012fkv\u0117pim\u0173 vienkartin\u012f garintuv\u0105<\/h3>\n<\/div>\n<\/div>\n<\/div>\n<\/div>\n<div class=\"flex-shrink-0 flex flex-col relative items-end\">\n<div class=\"pt-0\">\n<div class=\"gizmo-bot-avatar flex h-8 w-8 items-center justify-center overflow-hidden rounded-full\">\n<div class=\"relative p-1 rounded-sm flex items-center justify-center bg-token-main-surface-primary text-token-text-primary h-8 w-8\">\n<div class=\"mb-2 flex gap-3 empty:hidden -ml-2\">\n<div role=\"article\" data-tabster=\"{&quot;groupper&quot;:{&quot;tabbability&quot;:2},&quot;focusable&quot;:{}}\" data-content=\"ai-message\" aria-labelledby=\"Vdt5ez4X7Tg813x6rFVha-author Vdt5ez4X7Tg813x6rFVha-content\">\n<div id=\"Vdt5ez4X7Tg813x6rFVha-content\">\n<div role=\"article\" data-tabster=\"{&quot;groupper&quot;:{&quot;tabbability&quot;:2},&quot;focusable&quot;:{}}\" data-content=\"ai-message\" aria-labelledby=\"o968oC7CEo2fGHsGdsRYC-author o968oC7CEo2fGHsGdsRYC-content\">\n<div id=\"o968oC7CEo2fGHsGdsRYC-content\">\n<ol>\n<li><strong>Koks yra VapSolo Viking 12000 \u012fkv\u0117pim\u0173 skai\u010dius?<\/strong><br \/>\n\u0160is <strong>VapSolo Vikingas 12000<\/strong> si\u016blo iki <strong>12 000 \u012fkv\u0117pim\u0173<\/strong>, u\u017etikrinantis ilgalaik\u012f naudojim\u0105 su minimalia prie\u017ei\u016bra.<\/li>\n<li><strong>Ar galiu \u012fkrauti VapSolo Viking 12000?<\/strong><br \/>\nTaip, \u012frenginyje yra <strong>650mAh \u012fkraunama baterija<\/strong> ir <strong>C tipo \u012fkrovimo prievadas<\/strong> greitam ir efektyviam \u012fkrovimui.<\/li>\n<li><strong>Kokie yra galimi nikotino lygiai?<\/strong><br \/>\nPrietaisas yra prieinamas <strong>2% ir 5% ma\u017eo nikotino variantai<\/strong>, atitinkantis \u012fvairius vartotoj\u0173 pageidavimus.<\/li>\n<li><strong>Kaip veikia reguliuojamas oro srautas?<\/strong><br \/>\n\u0160is <strong>4 lygi\u0173 reguliuojamas oro srautas<\/strong> leid\u017eia perjungti grie\u017etesnius ir laisvesnius traukimus, suteikiant jums visi\u0161k\u0105 vaping stiliaus kontrol\u0119.<\/li>\n<li><strong>Kod\u0117l VapSolo Viking 12000 idealiai tinka didmeniniams pirk\u0117jams?<\/strong><br \/>\nSu savo <strong>didel\u012f \u012ftraukim\u0173 skai\u010di\u0173<\/strong>, <strong>LCD ekranas<\/strong>ir <strong>\u012fperkamas kainas perkant dideliais kiekiais<\/strong>, puikiai tinka ma\u017emenininkams, norintiems prekiauti auk\u0161tos kokyb\u0117s, daug funkcij\u0173 turin\u010diais <strong>vienkartinis garintuvas<\/strong> produktais konkurencingomis kainomis.<\/li>\n<\/ol>\n<\/div>\n<\/div>\n<\/div>\n<\/div>\n<\/div>\n<\/div>\n<\/div>\n<\/div>\n<\/div>","protected":false},"excerpt":{"rendered":"<p>VapSolo Viking 12000 P\u016btim\u0173 2% 5% Ma\u017eai Nikotino Vienkartiniai Elektronini\u0173 Cigare\u010di\u0173 Didmenin\u0117 Kaina<br \/>\nVapSolo Viking 12000 P\u016btim\u0173 \u012ekraunami Vienkartiniai Elektronini\u0173 Cigare\u010di\u0173 Didmenin\u0117 Prekyba<br \/>\nPig\u016bs Gamykliniai VapSolo 12000 P\u016btim\u0173 2% 5% Ma\u017eai Nikotino Vienkartiniai Elektronini\u0173 Cigare\u010di\u0173<\/p>\n<p><strong>Prid\u0117kite Amy whatsapp, gaukite tiesiogin\u012f atsakym\u0105 ir kupon\u0105 veipui!<\/strong><\/p>\n<p><img fetchpriority=\"high\" decoding=\"async\" class=\"size-full wp-image-2932\" src=\"https:\/\/vapestornado.com\/wp-content\/uploads\/2024\/12\/Vape-Wholesale.jpg\" alt=\"Garintuvai Didmenin\u0117 prekyba\" width=\"229\" height=\"300\" \/><\/p>\n<h3><a href=\"https:\/\/wa.me\/8617776015835\"><span style=\"color: #ff0000;\"><strong>WhatsApp: +86 17776015835<\/strong><\/span><\/a><\/h3>\n<p>&nbsp;<\/p>","protected":false},"featured_media":3193,"comment_status":"open","ping_status":"closed","template":"","meta":{"_acf_changed":false,"_uag_custom_page_level_css":"","_lmt_disableupdate":"no","_lmt_disable":"","_monsterinsights_skip_tracking":false,"_monsterinsights_sitenote_active":false,"_monsterinsights_sitenote_note":"","_monsterinsights_sitenote_category":0,"site-sidebar-layout":"default","site-content-layout":"","ast-site-content-layout":"default","site-content-style":"default","site-sidebar-style":"default","ast-global-header-display":"","ast-banner-title-visibility":"","ast-main-header-display":"","ast-hfb-above-header-display":"","ast-hfb-below-header-display":"","ast-hfb-mobile-header-display":"","site-post-title":"","ast-breadcrumbs-content":"","ast-featured-img":"","footer-sml-layout":"","ast-disable-related-posts":"","theme-transparent-header-meta":"default","adv-header-id-meta":"","stick-header-meta":"","header-above-stick-meta":"","header-main-stick-meta":"","header-below-stick-meta":"","astra-migrate-meta-layouts":"set","ast-page-background-enabled":"default","ast-page-background-meta":{"desktop":{"background-color":"","background-image":"","background-repeat":"repeat","background-position":"center center","background-size":"auto","background-attachment":"scroll","background-type":"","background-media":"","overlay-type":"","overlay-color":"","overlay-opacity":"","overlay-gradient":""},"tablet":{"background-color":"","background-image":"","background-repeat":"repeat","background-position":"center center","background-size":"auto","background-attachment":"scroll","background-type":"","background-media":"","overlay-type":"","overlay-color":"","overlay-opacity":"","overlay-gradient":""},"mobile":{"background-color":"","background-image":"","background-repeat":"repeat","background-position":"center center","background-size":"auto","background-attachment":"scroll","background-type":"","background-media":"","overlay-type":"","overlay-color":"","overlay-opacity":"","overlay-gradient":""}},"ast-content-background-meta":{"desktop":{"background-color":"var(--ast-global-color-5)","background-image":"","background-repeat":"repeat","background-position":"center center","background-size":"auto","background-attachment":"scroll","background-type":"","background-media":"","overlay-type":"","overlay-color":"","overlay-opacity":"","overlay-gradient":""},"tablet":{"background-color":"var(--ast-global-color-5)","background-image":"","background-repeat":"repeat","background-position":"center center","background-size":"auto","background-attachment":"scroll","background-type":"","background-media":"","overlay-type":"","overlay-color":"","overlay-opacity":"","overlay-gradient":""},"mobile":{"background-color":"var(--ast-global-color-5)","background-image":"","background-repeat":"repeat","background-position":"center center","background-size":"auto","background-attachment":"scroll","background-type":"","background-media":"","overlay-type":"","overlay-color":"","overlay-opacity":"","overlay-gradient":""}},"_joinchat":{"telephone":"+8617776015835"}},"product_brand":[],"product_cat":[72,149,150,156,144,146,171],"product_tag":[165,97,166,94,139,170,169],"class_list":{"0":"post-3201","1":"product","2":"type-product","3":"status-publish","4":"has-post-thumbnail","6":"product_cat-12000-puff","7":"product_cat-buy-disposable-vapes-in-austria","8":"product_cat-buy-disposable-vapes-in-belgium","9":"product_cat-buy-disposable-vapes-in-poland","10":"product_cat-low-nicotine-disposable-vapes","11":"product_cat-rechargeable-disposable-vapes","12":"product_cat-vapsolo-disposable-vapes","13":"product_tag-cheap-vapes","14":"product_tag-hot-sale-disposable-vape","15":"product_tag-low-nicotine-vape","16":"product_tag-rechargeable-disposable-vape","17":"product_tag-vapsolo","18":"product_tag-vapsolo-viking-12000","19":"product_tag-vasolo-12000","20":"desktop-align-left","21":"tablet-align-left","22":"mobile-align-left","24":"first","25":"instock","26":"sale","27":"shipping-taxable","28":"purchasable","29":"product-type-simple"},"acf":[],"uagb_featured_image_src":{"full":["https:\/\/vapestornado.com\/wp-content\/uploads\/2024\/12\/VapSolo-12000-Puffs-Disposable-Vape-Bulk-Buy-Price.jpg",1126,1126,false],"thumbnail":["https:\/\/vapestornado.com\/wp-content\/uploads\/2024\/12\/VapSolo-12000-Puffs-Disposable-Vape-Bulk-Buy-Price-150x150.jpg",150,150,true],"medium":["https:\/\/vapestornado.com\/wp-content\/uploads\/2024\/12\/VapSolo-12000-Puffs-Disposable-Vape-Bulk-Buy-Price-300x300.jpg",300,300,true],"medium_large":["https:\/\/vapestornado.com\/wp-content\/uploads\/2024\/12\/VapSolo-12000-Puffs-Disposable-Vape-Bulk-Buy-Price-768x768.jpg",768,768,true],"large":["https:\/\/vapestornado.com\/wp-content\/uploads\/2024\/12\/VapSolo-12000-Puffs-Disposable-Vape-Bulk-Buy-Price-1024x1024.jpg",1024,1024,true],"1536x1536":["https:\/\/vapestornado.com\/wp-content\/uploads\/2024\/12\/VapSolo-12000-Puffs-Disposable-Vape-Bulk-Buy-Price.jpg",1126,1126,false],"2048x2048":["https:\/\/vapestornado.com\/wp-content\/uploads\/2024\/12\/VapSolo-12000-Puffs-Disposable-Vape-Bulk-Buy-Price.jpg",1126,1126,false],"trp-custom-language-flag":["https:\/\/vapestornado.com\/wp-content\/uploads\/2024\/12\/VapSolo-12000-Puffs-Disposable-Vape-Bulk-Buy-Price.jpg",12,12,false],"woocommerce_thumbnail":["https:\/\/vapestornado.com\/wp-content\/uploads\/2024\/12\/VapSolo-12000-Puffs-Disposable-Vape-Bulk-Buy-Price-300x300.jpg",300,300,true],"woocommerce_single":["https:\/\/vapestornado.com\/wp-content\/uploads\/2024\/12\/VapSolo-12000-Puffs-Disposable-Vape-Bulk-Buy-Price-600x600.jpg",600,600,true],"woocommerce_gallery_thumbnail":["https:\/\/vapestornado.com\/wp-content\/uploads\/2024\/12\/VapSolo-12000-Puffs-Disposable-Vape-Bulk-Buy-Price-100x100.jpg",100,100,true]},"uagb_author_info":{"display_name":"ESAMY","author_link":"https:\/\/vapestornado.com\/lt\/author\/"},"uagb_comment_info":0,"uagb_excerpt":"VapSolo Viking 12000 Puffs 2% 5% Low Nicotine Disposable VapeBulk Buy Price VapSolo Viking 12000 Puffs Rechargeable Disposable Vape Wholesale Cheap Factory VapSolo 12000 Puffs 2% 5% Low Nicotine Disposable Vape Add Amy's whatsapp get right reply and vape vape coupon! WhatsApp: +86 17776015835 &nbsp;","_links":{"self":[{"href":"https:\/\/vapestornado.com\/lt\/wp-json\/wp\/v2\/product\/3201","targetHints":{"allow":["GET"]}}],"collection":[{"href":"https:\/\/vapestornado.com\/lt\/wp-json\/wp\/v2\/product"}],"about":[{"href":"https:\/\/vapestornado.com\/lt\/wp-json\/wp\/v2\/types\/product"}],"replies":[{"embeddable":true,"href":"https:\/\/vapestornado.com\/lt\/wp-json\/wp\/v2\/comments?post=3201"}],"wp:featuredmedia":[{"embeddable":true,"href":"https:\/\/vapestornado.com\/lt\/wp-json\/wp\/v2\/media\/3193"}],"wp:attachment":[{"href":"https:\/\/vapestornado.com\/lt\/wp-json\/wp\/v2\/media?parent=3201"}],"wp:term":[{"taxonomy":"product_brand","embeddable":true,"href":"https:\/\/vapestornado.com\/lt\/wp-json\/wp\/v2\/product_brand?post=3201"},{"taxonomy":"product_cat","embeddable":true,"href":"https:\/\/vapestornado.com\/lt\/wp-json\/wp\/v2\/product_cat?post=3201"},{"taxonomy":"product_tag","embeddable":true,"href":"https:\/\/vapestornado.com\/lt\/wp-json\/wp\/v2\/product_tag?post=3201"}],"curies":[{"name":"wp","href":"https:\/\/api.w.org\/{rel}","templated":true}]}}