{"id":3179,"date":"2024-12-16T03:01:14","date_gmt":"2024-12-16T03:01:14","guid":{"rendered":"https:\/\/vapestornado.com\/?post_type=product&#038;p=3179"},"modified":"2025-08-23T09:54:56","modified_gmt":"2025-08-23T09:54:56","slug":"china-factory-vapsolo-super-15000-puffs-disposable-wholesale-price-disposable-vape-rechargeable-disposable-vapes-pen-bulk-buy-wholesale","status":"publish","type":"product","link":"https:\/\/vapestornado.com\/lt\/product\/china-factory-vapsolo-super-15000-puffs-disposable-wholesale-price-disposable-vape-rechargeable-disposable-vapes-pen-bulk-buy-wholesale\/","title":{"rendered":"Kinijos gamyklos \u201eVapsolo Super 15000\u201c \u012ftraukim\u0173 vienkartiniai didmenin\u0117s kainos vienkartiniai garintuvai, \u012fkraunami vienkartiniai garintuvai, ra\u0161ikliai, didmenin\u0117 prekyba"},"content":{"rendered":"<h1 class=\"product-title\">Kinijos gamyklos \u201eVapsolo Super 15000\u201c \u012ftraukim\u0173 vienkartiniai didmenin\u0117s kainos vienkartiniai garintuvai, \u012fkraunami vienkartiniai garintuvai, ra\u0161ikliai, didmenin\u0117 prekyba<\/h1>\n<p data-start=\"396\" data-end=\"669\">\u0160is <strong data-start=\"400\" data-end=\"445\">Vapsolo Super 15000 Puffs vienkartinis garintuvas<\/strong> apjungia talp\u0105, na\u0161um\u0105 ir pritaikym\u0105 kompakti\u0161kame \u012frenginyje. Su iki <strong data-start=\"528\" data-end=\"544\">15 000 \u012ftraukim\u0173<\/strong> ir <strong data-start=\"551\" data-end=\"584\">25 ml i\u0161 anksto u\u017epildytu el. skys\u010dio bakeliu<\/strong>, jis u\u017etikrina ilgalaik\u012f pasitenkinim\u0105 tiek asmeniniam naudojimui, tiek didmeniniams pirk\u0117jams.<\/p>\n<p data-start=\"671\" data-end=\"981\">Maitinamas <strong data-start=\"684\" data-end=\"715\">650mAh \u012fkraunama baterija<\/strong> su <strong data-start=\"721\" data-end=\"745\">C tipo greit\u0105j\u012f \u012fkrovim\u0105<\/strong>, Super 15K u\u017etikrina nuosekl\u0173 veikim\u0105 ir minimalias prastovas. Jo <strong data-start=\"813\" data-end=\"843\">4 lygi\u0173 reguliuojamas oro srautas<\/strong> leid\u017eia vartotojams pasirinkti tarp grie\u017etesni\u0173 MTL traukim\u0173 arba sklandesni\u0173, atvir\u0173 sm\u016bgi\u0173, o <strong data-start=\"922\" data-end=\"935\">tinklelio rit\u0117<\/strong> pagerina skonio perdavim\u0105 ir gar\u0173 tank\u012f.<\/p>\n<p data-start=\"983\" data-end=\"1292\">Galima \u012fsigyti <strong data-start=\"996\" data-end=\"1020\">ma\u017eu nikotino kiekiu<\/strong>, <strong data-start=\"1026\" data-end=\"1049\">Vapsolo Super 15000<\/strong> yra sukurtas patenkinti \u012fvairius pageidavimus. Sujungiant pa\u017eangias funkcijas, patvari\u0105 konstrukcijos kokyb\u0119 ir konkurencing\u0105 <strong data-start=\"1159\" data-end=\"1180\">didmenin\u0117mis kainomis<\/strong>, tai yra puikus pasirinkimas ma\u017emenininkams, platintojams ir didmeniniams pirk\u0117jams, ie\u0161kantiems didel\u0117s paklausos vienkartini\u0173 garintuv\u0173.<\/p>\n<p><strong>Prid\u0117kite Amy's Whatsapp, gaukite teising\u0105 atsakym\u0105 ir kupon\u0105 garintuvui!<\/strong><\/p>\n<p><img fetchpriority=\"high\" decoding=\"async\" class=\"size-full wp-image-2932\" src=\"https:\/\/vapestornado.com\/wp-content\/uploads\/2024\/12\/Vape-Wholesale.jpg\" alt=\"Garintuvai Didmenin\u0117 prekyba\" width=\"229\" height=\"300\" \/><\/p>\n<h3><a href=\"https:\/\/wa.me\/8617776015835\" target=\"_blank\" rel=\"noopener\"><span style=\"color: #ff0000;\"><strong>WhatsApp: +86 17776015835<\/strong><\/span><\/a><\/h3>\n<p>&nbsp;<\/p>\n<h2><strong>\u201eVapsolo Super 15000\u201c produkto savyb\u0117s<\/strong><\/h2>\n<div role=\"article\" data-tabster=\"{&quot;groupper&quot;:{&quot;tabbability&quot;:2},&quot;focusable&quot;:{}}\" data-content=\"ai-message\" aria-labelledby=\"juhNTJ6o7Gk1cgwZMJgv2-author juhNTJ6o7Gk1cgwZMJgv2-content\">\n<div id=\"juhNTJ6o7Gk1cgwZMJgv2-content\">\n<div role=\"article\" data-tabster=\"{&quot;groupper&quot;:{&quot;tabbability&quot;:2},&quot;focusable&quot;:{}}\" data-content=\"ai-message\" aria-labelledby=\"x4EZuCZWrTbh3weWUt7CU-author x4EZuCZWrTbh3weWUt7CU-content\">\n<div id=\"x4EZuCZWrTbh3weWUt7CU-content\">\n<h3><\/h3>\n<ol>\n<li><strong>15 000 \u012ftraukim\u0173 talpa:<\/strong> Ilgalaikis naudojimas nepertraukiamam pasitenkinimui.<\/li>\n<li><strong>25 ml e. skys\u010dio talpykla:<\/strong> Didel\u0117 talpa, kad b\u016bt\u0173 ma\u017eiau papildym\u0173 ir maksimalus patogumas.<\/li>\n<li><strong>650 mAh \u012fkraunama baterija:<\/strong> Patikimas veikimas su greitu C tipo \u012fkrovimu.<\/li>\n<li><strong>4 lygi\u0173 reguliuojamas oro srautas:<\/strong> Pritaikomas traukimas individualiai pritaikytai garinimo patir\u010diai.<\/li>\n<li><strong>Tinklelio rit\u0117s technologija:<\/strong> Pagerina skon\u012f ir suteikia \u0161velnius, pastovius garus.<\/li>\n<li><strong>Kompakti\u0161kas ir ne\u0161iojamas dizainas:<\/strong> Lengva ne\u0161iotis ir naudoti bet kur.<\/li>\n<li><strong>Ma\u017eo nikotino kiekio gar\u0173 pasirinkimai:<\/strong> Puikiai tinka tiems, kurie ie\u0161ko suma\u017einto nikotino kiekio.<\/li>\n<li><strong>\u012eperkamos didmenin\u0117s kainos:<\/strong> Idealiai tinka dideliems pirkimams ir perpardavimui.<\/li>\n<li><strong>Patvari konstrukcija:<\/strong> Sukurtas ilgalaikiam naudojimui neprarandant kokyb\u0117s.<\/li>\n<li><strong>Populiariausias vienkartini\u0173 gar\u0173 prek\u0117s \u017eenklas:<\/strong> Patikimas pasirinkimas auk\u0161tos kokyb\u0117s vienkartiniams garams.<\/li>\n<\/ol>\n<\/div>\n<\/div>\n<\/div>\n<\/div>\n<h2 class=\"product-title\"><strong>Vapsolo Super 15000 \u012fkv\u0117pim\u0173 skoni\u0173 s\u0105ra\u0161as<\/strong><\/h2>\n<p>1. m\u0117lyni\u0173 avie\u010di\u0173<br \/>\n2. m\u0117lyni\u0173 ledas<br \/>\n3. dvigubas obuolys<br \/>\n4. arb\u016bzo ledas<br \/>\n5. bra\u0161ki\u0173 ir kivi\u0173<br \/>\n6. uog\u0173 mi\u0161inys<br \/>\n7. raudonasis jautis<br \/>\n8. m\u0117lyni\u0173, vy\u0161ni\u0173 ir spanguoli\u0173<br \/>\n9. citrinos ir \u017ealiosios citrinos<br \/>\n10. Skittles<br \/>\n11. Vasaros svajon\u0117<br \/>\n12. Bra\u0161kinis bananas<br \/>\n13. Avie\u010di\u0173 arb\u016bzas<br \/>\n14. M\u0117lyni\u0173 vy\u0161ni\u0173 kola<br \/>\n15. Juodojo ledo drakono vaisi\u0173 bra\u0161k\u0117s<\/p>\n<h3>Kod\u0117l verta rinktis \u201evapestornado\u201c didmeninei prekybai \u201eVapsolo Super 15000 Puffs Vape\u201c?<\/h3>\n<div class=\"flex-shrink-0 flex flex-col relative items-end\">\n<div class=\"pt-0\">\n<div class=\"gizmo-bot-avatar flex h-8 w-8 items-center justify-center overflow-hidden rounded-full\">\n<div class=\"relative p-1 rounded-sm flex items-center justify-center bg-token-main-surface-primary text-token-text-primary h-8 w-8\">\n<p>Sveiki atvyk\u0119 \u012f vapestornado \u2013 j\u016bs\u0173 patikim\u0105 internetin\u0119 auk\u0161\u010diausios kokyb\u0117s vienkartini\u0173 garinimo priemoni\u0173 parduotuv\u0119. Tur\u0117dami daugiau nei 5 met\u0173 patirt\u012f, si\u016blome populiarius vienkartini\u0173 garinimo priemoni\u0173 prek\u0117s \u017eenklus, tokius kaip Fumot RandM Vape, <a href=\"https:\/\/vapestornado.com\/lt\/product\/vapme-crystal-7000-puffs-rechargeable-disposable-vape-wholesale-cheap-price\/\">Vapme<\/a>, Bang Vape, Waspe Vape, ir WGA Vape ir kt.<\/p>\n<p>M\u016bs\u0173 asortimentas apima populiarias garinimo priemones, tokias kaip <a href=\"https:\/\/vapestornado.com\/lt\/product\/fumot-randm-tornado-15000-puffs-rechargeable-disposable-vape-wholesale\/\">RandM Tornado 15000<\/a>, ir skoni\u0173 turtingus pasirinkimus, tokius kaip <a href=\"https:\/\/vapestornado.com\/lt\/product\/waspe-40000-puffs-double-flavour-led-display-disposable-vape-wholesale\/\">WASPE dvigubo skonio 40000 \u012fkv\u0117pim\u0173<\/a> . Kiekvienas produktas yra atrenkamas, akcentuojant kokyb\u0119, vert\u0119 ir \u012fvairov\u0119, u\u017etikrinant, kad rastum\u0117te tobul\u0105 variant\u0105 savo poreikiams. Atraskite i\u0161skirtin\u012f aptarnavim\u0105 ir plat\u0173 auk\u0161\u010diausios kokyb\u0117s produkt\u0173 asortiment\u0105 didmenin\u0117mis kainomis vapestornado svetain\u0117je.<\/p>\n<\/div>\n<h3><\/h3>\n<div class=\"relative p-1 rounded-sm flex items-center justify-center bg-token-main-surface-primary text-token-text-primary h-8 w-8\">\n<h3>DUK apie \u201eVapsolo Super 15000 Puff\u201c vienkartin\u012f garintuv\u0105<\/h3>\n<\/div>\n<\/div>\n<\/div>\n<\/div>\n<div class=\"flex-shrink-0 flex flex-col relative items-end\">\n<div class=\"pt-0\">\n<div class=\"gizmo-bot-avatar flex h-8 w-8 items-center justify-center overflow-hidden rounded-full\">\n<div class=\"relative p-1 rounded-sm flex items-center justify-center bg-token-main-surface-primary text-token-text-primary h-8 w-8\">\n<div class=\"mb-2 flex gap-3 empty:hidden -ml-2\">\n<div role=\"article\" data-tabster=\"{&quot;groupper&quot;:{&quot;tabbability&quot;:2},&quot;focusable&quot;:{}}\" data-content=\"ai-message\" aria-labelledby=\"Vdt5ez4X7Tg813x6rFVha-author Vdt5ez4X7Tg813x6rFVha-content\">\n<div id=\"Vdt5ez4X7Tg813x6rFVha-content\">\n<div role=\"article\" data-tabster=\"{&quot;groupper&quot;:{&quot;tabbability&quot;:2},&quot;focusable&quot;:{}}\" data-content=\"ai-message\" aria-labelledby=\"o968oC7CEo2fGHsGdsRYC-author o968oC7CEo2fGHsGdsRYC-content\">\n<div id=\"o968oC7CEo2fGHsGdsRYC-content\">\n<h3><\/h3>\n<ol>\n<li><strong>Kiek \u012ftraukim\u0173 suteikia \u201eVapsolo Super 15k\u201c?<\/strong><br \/>\n\u0160is <strong>Vapsolo 15000<\/strong> pristato iki <strong>15 000 \u012ftraukim\u0173<\/strong>, tod\u0117l jis yra labai patvarus ir ilgaam\u017eis.<\/li>\n<li><strong>Ar galiu reguliuoti oro sraut\u0105?<\/strong><br \/>\nTaip, jame yra <strong>4 lygi\u0173 reguliuojamas oro srautas<\/strong>, leid\u017eiantis pritaikyti \u012ftraukim\u0105 pagal savo pageidavimus.<\/li>\n<li><strong>Ar \u201eVapsolo Super 15000\u201c yra \u012fkraunamas?<\/strong><br \/>\nBe jokios abejon\u0117s! Jis tiekiamas su <strong>650mAh \u012fkraunama baterija<\/strong> ir <strong>C tipo \u012fkrovimo prievadas<\/strong> greitam \u012fkrovimui.<\/li>\n<li><strong>Kod\u0117l \u201eVapsolo Super 15000\u201c tinka didmeninei prekybai?<\/strong><br \/>\nJo <strong>\u017eema kaina<\/strong>, didelis \u012ftraukim\u0173 skai\u010dius ir auk\u0161\u010diausios kokyb\u0117s funkcijos daro j\u012f idealiu <strong>didmenin\u0117 prekyba vienkartiniais vape<\/strong> ir didmeniniams pirk\u0117jams.<\/li>\n<li><strong>Ar \u201eVapsolo Super 15000\u201c yra geras pasirinkimas vartotojams, vartojantiems ma\u017eai nikotino?<\/strong><br \/>\nTaip, \u0161is <strong>vienkartinis vape su ma\u017eu nikotino kiekiu<\/strong> puikiai tinka vartotojams, ie\u0161kantiems suma\u017einto nikotino kiekio ir m\u0117gaujantis auk\u0161\u010diausios kokyb\u0117s garinimo patirtimi.<\/li>\n<\/ol>\n<\/div>\n<\/div>\n<\/div>\n<\/div>\n<\/div>\n<\/div>\n<\/div>\n<\/div>\n<\/div>","protected":false},"excerpt":{"rendered":"<p>Vapsolo Super 15000 \u012etraukim\u0173 2% 5% \u017demas Nikotino Didmenin\u0117s Prekybos Kaina<br \/>\nVapsolo Super 15000 \u012etraukim\u0173 \u012ekraunamas Vienkartinis Garintuvas<br \/>\nKinijos Fabrikas Vapsolo 15000 \u012etraukim\u0173 2% 5% \u017demas Nikotino Vienkartinis Garintuvas<\/p>\n<p><strong>Prid\u0117kite Amy whatsapp, gaukite tiesiogin\u012f atsakym\u0105 ir kupon\u0105 veipui!<\/strong><\/p>\n<p><img fetchpriority=\"high\" decoding=\"async\" class=\"size-full wp-image-2932\" src=\"https:\/\/vapestornado.com\/wp-content\/uploads\/2024\/12\/Vape-Wholesale.jpg\" alt=\"Garintuvai Didmenin\u0117 prekyba\" width=\"229\" height=\"300\" \/><\/p>\n<h3><a href=\"https:\/\/wa.me\/8617776015835\"><span style=\"color: #ff0000;\"><strong>WhatsApp: +86 17776015835<\/strong><\/span><\/a><\/h3>\n<p>&nbsp;<\/p>","protected":false},"featured_media":3189,"comment_status":"open","ping_status":"closed","template":"","meta":{"_acf_changed":false,"_uag_custom_page_level_css":"","_lmt_disableupdate":"no","_lmt_disable":"","_monsterinsights_skip_tracking":false,"_monsterinsights_sitenote_active":false,"_monsterinsights_sitenote_note":"","_monsterinsights_sitenote_category":0,"site-sidebar-layout":"default","site-content-layout":"","ast-site-content-layout":"default","site-content-style":"default","site-sidebar-style":"default","ast-global-header-display":"","ast-banner-title-visibility":"","ast-main-header-display":"","ast-hfb-above-header-display":"","ast-hfb-below-header-display":"","ast-hfb-mobile-header-display":"","site-post-title":"","ast-breadcrumbs-content":"","ast-featured-img":"","footer-sml-layout":"","ast-disable-related-posts":"","theme-transparent-header-meta":"default","adv-header-id-meta":"","stick-header-meta":"","header-above-stick-meta":"","header-main-stick-meta":"","header-below-stick-meta":"","astra-migrate-meta-layouts":"set","ast-page-background-enabled":"default","ast-page-background-meta":{"desktop":{"background-color":"","background-image":"","background-repeat":"repeat","background-position":"center center","background-size":"auto","background-attachment":"scroll","background-type":"","background-media":"","overlay-type":"","overlay-color":"","overlay-opacity":"","overlay-gradient":""},"tablet":{"background-color":"","background-image":"","background-repeat":"repeat","background-position":"center center","background-size":"auto","background-attachment":"scroll","background-type":"","background-media":"","overlay-type":"","overlay-color":"","overlay-opacity":"","overlay-gradient":""},"mobile":{"background-color":"","background-image":"","background-repeat":"repeat","background-position":"center center","background-size":"auto","background-attachment":"scroll","background-type":"","background-media":"","overlay-type":"","overlay-color":"","overlay-opacity":"","overlay-gradient":""}},"ast-content-background-meta":{"desktop":{"background-color":"var(--ast-global-color-5)","background-image":"","background-repeat":"repeat","background-position":"center center","background-size":"auto","background-attachment":"scroll","background-type":"","background-media":"","overlay-type":"","overlay-color":"","overlay-opacity":"","overlay-gradient":""},"tablet":{"background-color":"var(--ast-global-color-5)","background-image":"","background-repeat":"repeat","background-position":"center center","background-size":"auto","background-attachment":"scroll","background-type":"","background-media":"","overlay-type":"","overlay-color":"","overlay-opacity":"","overlay-gradient":""},"mobile":{"background-color":"var(--ast-global-color-5)","background-image":"","background-repeat":"repeat","background-position":"center center","background-size":"auto","background-attachment":"scroll","background-type":"","background-media":"","overlay-type":"","overlay-color":"","overlay-opacity":"","overlay-gradient":""}},"_joinchat":{"telephone":"+8617776015835"}},"product_brand":[],"product_cat":[71,140,157,159,143,146,171],"product_tag":[165,97,166,94,139,168,167],"class_list":{"0":"post-3179","1":"product","2":"type-product","3":"status-publish","4":"has-post-thumbnail","6":"product_cat-15000-puff","7":"product_cat-big-puffs-disposable-vapes","8":"product_cat-buy-disposable-vapes-in-portugal","9":"product_cat-buy-disposable-vapes-in-sweden","10":"product_cat-dual-mesh-disposable-vapes","11":"product_cat-rechargeable-disposable-vapes","12":"product_cat-vapsolo-disposable-vapes","13":"product_tag-cheap-vapes","14":"product_tag-hot-sale-disposable-vape","15":"product_tag-low-nicotine-vape","16":"product_tag-rechargeable-disposable-vape","17":"product_tag-vapsolo","18":"product_tag-vapsolo-15000","19":"product_tag-vapsolo-super-15000","20":"desktop-align-left","21":"tablet-align-left","22":"mobile-align-left","24":"first","25":"instock","26":"sale","27":"shipping-taxable","28":"purchasable","29":"product-type-simple"},"acf":[],"uagb_featured_image_src":{"full":["https:\/\/vapestornado.com\/wp-content\/uploads\/2024\/12\/Vapsolo-Super-15000-Puffs-Disposable-Vapes-Bulk-Buy.jpg",1713,1713,false],"thumbnail":["https:\/\/vapestornado.com\/wp-content\/uploads\/2024\/12\/Vapsolo-Super-15000-Puffs-Disposable-Vapes-Bulk-Buy-150x150.jpg",150,150,true],"medium":["https:\/\/vapestornado.com\/wp-content\/uploads\/2024\/12\/Vapsolo-Super-15000-Puffs-Disposable-Vapes-Bulk-Buy-300x300.jpg",300,300,true],"medium_large":["https:\/\/vapestornado.com\/wp-content\/uploads\/2024\/12\/Vapsolo-Super-15000-Puffs-Disposable-Vapes-Bulk-Buy-768x768.jpg",768,768,true],"large":["https:\/\/vapestornado.com\/wp-content\/uploads\/2024\/12\/Vapsolo-Super-15000-Puffs-Disposable-Vapes-Bulk-Buy-1024x1024.jpg",1024,1024,true],"1536x1536":["https:\/\/vapestornado.com\/wp-content\/uploads\/2024\/12\/Vapsolo-Super-15000-Puffs-Disposable-Vapes-Bulk-Buy-1536x1536.jpg",1536,1536,true],"2048x2048":["https:\/\/vapestornado.com\/wp-content\/uploads\/2024\/12\/Vapsolo-Super-15000-Puffs-Disposable-Vapes-Bulk-Buy.jpg",1713,1713,false],"trp-custom-language-flag":["https:\/\/vapestornado.com\/wp-content\/uploads\/2024\/12\/Vapsolo-Super-15000-Puffs-Disposable-Vapes-Bulk-Buy.jpg",12,12,false],"woocommerce_thumbnail":["https:\/\/vapestornado.com\/wp-content\/uploads\/2024\/12\/Vapsolo-Super-15000-Puffs-Disposable-Vapes-Bulk-Buy-300x300.jpg",300,300,true],"woocommerce_single":["https:\/\/vapestornado.com\/wp-content\/uploads\/2024\/12\/Vapsolo-Super-15000-Puffs-Disposable-Vapes-Bulk-Buy-600x600.jpg",600,600,true],"woocommerce_gallery_thumbnail":["https:\/\/vapestornado.com\/wp-content\/uploads\/2024\/12\/Vapsolo-Super-15000-Puffs-Disposable-Vapes-Bulk-Buy-100x100.jpg",100,100,true]},"uagb_author_info":{"display_name":"ESAMY","author_link":"https:\/\/vapestornado.com\/lt\/author\/"},"uagb_comment_info":0,"uagb_excerpt":"Vapsolo Super 15000 Puffs 2% 5% Low Nicotine Bulk Buy Price Vapsolo Super 15000 Puffs Rechargeable Disposable Vape China Factory Vapsolo 15000 Puffs 2% 5% Low Nicotine Disposable Vape Add Amy's whatsapp get right reply and vape vape coupon! WhatsApp: +86 17776015835 &nbsp;","_links":{"self":[{"href":"https:\/\/vapestornado.com\/lt\/wp-json\/wp\/v2\/product\/3179","targetHints":{"allow":["GET"]}}],"collection":[{"href":"https:\/\/vapestornado.com\/lt\/wp-json\/wp\/v2\/product"}],"about":[{"href":"https:\/\/vapestornado.com\/lt\/wp-json\/wp\/v2\/types\/product"}],"replies":[{"embeddable":true,"href":"https:\/\/vapestornado.com\/lt\/wp-json\/wp\/v2\/comments?post=3179"}],"wp:featuredmedia":[{"embeddable":true,"href":"https:\/\/vapestornado.com\/lt\/wp-json\/wp\/v2\/media\/3189"}],"wp:attachment":[{"href":"https:\/\/vapestornado.com\/lt\/wp-json\/wp\/v2\/media?parent=3179"}],"wp:term":[{"taxonomy":"product_brand","embeddable":true,"href":"https:\/\/vapestornado.com\/lt\/wp-json\/wp\/v2\/product_brand?post=3179"},{"taxonomy":"product_cat","embeddable":true,"href":"https:\/\/vapestornado.com\/lt\/wp-json\/wp\/v2\/product_cat?post=3179"},{"taxonomy":"product_tag","embeddable":true,"href":"https:\/\/vapestornado.com\/lt\/wp-json\/wp\/v2\/product_tag?post=3179"}],"curies":[{"name":"wp","href":"https:\/\/api.w.org\/{rel}","templated":true}]}}