{"id":3178,"date":"2024-12-16T02:59:47","date_gmt":"2024-12-16T02:59:47","guid":{"rendered":"https:\/\/vapestornado.com\/?post_type=product&#038;p=3178"},"modified":"2025-08-23T09:55:35","modified_gmt":"2025-08-23T09:55:35","slug":"waspe-15000-puffs-low-nicotine-tornado-vape-bulk-buy-cheap-price","status":"publish","type":"product","link":"https:\/\/vapestornado.com\/lt\/product\/waspe-15000-puffs-low-nicotine-tornado-vape-bulk-buy-cheap-price\/","title":{"rendered":"\u201eWaspe 15000\u201c \u012ftraukim\u0173 ma\u017eo nikotino \u201eTornado Vape\u201c didmenin\u0117 prekyba pigia kaina"},"content":{"rendered":"<h1 class=\"product-title\">\u201eWaspe 15000\u201c \u012ftraukim\u0173 ma\u017eo nikotino \u201eTornado Vape\u201c didmenin\u0117 prekyba pigia kaina<\/h1>\n<p data-start=\"297\" data-end=\"604\">he <strong data-start=\"301\" data-end=\"346\">Waspe 15000 \u012fkv\u0117pim\u0173 Tornado vienkartinis elektroninis cigare\u010di\u0173 \u012frenginys<\/strong> apjungia didel\u0119 talp\u0105, patogum\u0105 ir pa\u017eangias funkcijas, tod\u0117l yra puikus pasirinkimas tiek individualiems vartotojams, tiek didmeniniams pirk\u0117jams. Su iki <strong data-start=\"496\" data-end=\"512\">15 000 \u012ftraukim\u0173<\/strong> \u012fkv\u0117pim\u0173 ir kompakti\u0161ku dizainu, jis u\u017etikrina ilgalaik\u012f veikim\u0105 be da\u017eno keitimo.<\/p>\n<p data-start=\"606\" data-end=\"854\">\u012erengtas su <strong data-start=\"622\" data-end=\"642\">ai\u0161kus LED ekranas<\/strong>, vartotojai gali steb\u0117ti \u012fkv\u0117pim\u0173 skai\u010di\u0173 ir baterijos veikimo laik\u0105 realiu laiku. The <strong data-start=\"708\" data-end=\"726\">0,8\u03a9 tinklelio rit\u0117<\/strong> technologija pagerina skon\u012f ir gar\u0173 gamyb\u0105, o <strong data-start=\"784\" data-end=\"808\">C tipo greit\u0105j\u012f \u012fkrovim\u0105<\/strong> u\u017etikrina greit\u0105 \u012fkrovim\u0105 nuolatiniam naudojimui.<\/p>\n<p data-start=\"856\" data-end=\"1111\">Galima \u012fsigyti <strong data-start=\"869\" data-end=\"910\">0%, 2%, 3% ir 5% nikotino stiprumo<\/strong>, \u0161is <strong data-start=\"917\" data-end=\"938\">ma\u017eo nikotino garintuvas<\/strong> atitinka \u012fvairius pageidavimus. Didmenininkams ir dideli\u0173 kieki\u0173 pirk\u0117jams <strong data-start=\"1015\" data-end=\"1033\">Waspe 15K Vape<\/strong> si\u016blo konkurencingas kainas, patikim\u0105 veikim\u0105 ir didel\u0119 rinkos paklaus\u0105.<\/p>\n<p><strong>Prid\u0117kite Amy's Whatsapp, gaukite teising\u0105 atsakym\u0105 ir kupon\u0105 garintuvui!<\/strong><\/p>\n<p><img fetchpriority=\"high\" decoding=\"async\" class=\"size-full wp-image-2932\" src=\"https:\/\/vapestornado.com\/wp-content\/uploads\/2024\/12\/Vape-Wholesale.jpg\" alt=\"Garintuvai Didmenin\u0117 prekyba\" width=\"229\" height=\"300\" \/><\/p>\n<h3><a href=\"https:\/\/wa.me\/8617776015835\" target=\"_blank\" rel=\"noopener\"><span style=\"color: #ff0000;\"><strong>WhatsApp: +86 17776015835<\/strong><\/span><\/a><\/h3>\n<p>&nbsp;<\/p>\n<h2><strong>Waspe 15000 \u012ftraukim\u0173 produkto savyb\u0117s<\/strong><\/h2>\n<div role=\"article\" data-tabster=\"{&quot;groupper&quot;:{&quot;tabbability&quot;:2},&quot;focusable&quot;:{}}\" data-content=\"ai-message\" aria-labelledby=\"juhNTJ6o7Gk1cgwZMJgv2-author juhNTJ6o7Gk1cgwZMJgv2-content\">\n<div id=\"juhNTJ6o7Gk1cgwZMJgv2-content\">\n<div role=\"article\" data-tabster=\"{&quot;groupper&quot;:{&quot;tabbability&quot;:2},&quot;focusable&quot;:{}}\" data-content=\"ai-message\" aria-labelledby=\"x4EZuCZWrTbh3weWUt7CU-author x4EZuCZWrTbh3weWUt7CU-content\">\n<div id=\"x4EZuCZWrTbh3weWUt7CU-content\">\n<ul>\n<li><strong>Individual\u016bs nikotino pasirinkimai:<\/strong> Pasirinkite 0%, 2%, 3% arba 5% nikotino stiprum\u0105, kad patirtis b\u016bt\u0173 pritaikyta pagal j\u016bs\u0173 poreikius.<\/li>\n<li><strong>Ilgalaikis p\u016btim\u0173 skai\u010dius:<\/strong> Iki 15 000 p\u016btim\u0173 su didele 22 ml e. skys\u010dio talpa.<\/li>\n<li><strong>LED ekranas:<\/strong> Ai\u0161kus ekranas rodo baterijos \u012fkrovos lyg\u012f ir p\u016btim\u0173 skai\u010di\u0173.<\/li>\n<li><strong>Greitas \u012fkrovimas:<\/strong> Type-C jungtis greitam ir patogiam \u012fkrovimui.<\/li>\n<li><strong>Tinklelio rit\u0117s technologija:<\/strong> 0,8 \u03a9 rit\u0117 u\u017etikrina sodr\u0173 skon\u012f ir \u0161velnius garus.<\/li>\n<li><strong>Ne\u0161iojamas ir eleganti\u0161kas dizainas:<\/strong> Kompakti\u0161kas ir stilingas, skirtas naudoti keliaujant.<\/li>\n<li><strong>Vape su ma\u017eu nikotino kiekiu:<\/strong> Puikiai tinka tiems, kurie ie\u0161ko ma\u017eesnio nikotino kiekio.<\/li>\n<li><strong>Didmenin\u0117 prekyba vape prietaisais:<\/strong> Didmenin\u0117s pirkimo galimyb\u0117s ma\u017emenininkams konkurencingomis kainomis.<\/li>\n<li><strong>Patvari konstrukcija:<\/strong> Sukurtas patikimumui ir ilgalaikiam veikimui.<\/li>\n<li><strong>\u012eperkama kokyb\u0117:<\/strong> A <strong>pig\u016bs vape<\/strong> su auk\u0161\u010diausios kokyb\u0117s funkcijomis.<\/li>\n<\/ul>\n<\/div>\n<\/div>\n<\/div>\n<\/div>\n<h2 class=\"product-title\"><strong>Waspe Tornado 15000 p\u016btim\u0173 skoni\u0173 s\u0105ra\u0161as<\/strong><\/h2>\n<p>1 Arb\u016bzo ledas<br \/>\n2 Bra\u0161ki\u0173 arb\u016bzas<br \/>\n3 Apelsin\u0173 soda<br \/>\n4 Dvigubas obuolys<br \/>\n5 Bra\u0161ki\u0173 kivis<br \/>\n6 Vy\u0161nia<br \/>\n7 Vynuog\u0117<br \/>\n8 Mi\u0161rios uogos<br \/>\n9 M\u0117lyni\u0173 ledas<br \/>\n10 Bra\u0161ki\u0173 mangas<br \/>\n11 M\u0117lyni\u0173 avie\u010di\u0173 citrina<br \/>\n12 Persik\u0173 ledai<\/p>\n<h3>Kod\u0117l verta rinktis \u201evapestornado\u201c \u201eWaspe 15k Puffs Vape\u201c didmeninei prekybai?<\/h3>\n<div class=\"flex-shrink-0 flex flex-col relative items-end\">\n<div class=\"pt-0\">\n<div class=\"gizmo-bot-avatar flex h-8 w-8 items-center justify-center overflow-hidden rounded-full\">\n<div class=\"relative p-1 rounded-sm flex items-center justify-center bg-token-main-surface-primary text-token-text-primary h-8 w-8\">\n<p>Sveiki atvyk\u0119 \u012f vapestornado \u2013 j\u016bs\u0173 patikim\u0105 internetin\u0119 auk\u0161\u010diausios kokyb\u0117s vienkartini\u0173 garinimo priemoni\u0173 parduotuv\u0119. Tur\u0117dami daugiau nei 5 met\u0173 patirt\u012f, si\u016blome populiarius vienkartini\u0173 garinimo priemoni\u0173 prek\u0117s \u017eenklus, tokius kaip Fumot RandM Vape, <a href=\"https:\/\/vapestornado.com\/lt\/product\/vapme-crystal-7000-puffs-rechargeable-disposable-vape-wholesale-cheap-price\/\">Vapme<\/a>, Bang Vape, Waspe Vape, ir WGA Vape ir kt.<\/p>\n<p>M\u016bs\u0173 asortimentas apima populiarias garinimo priemones, tokias kaip <a href=\"https:\/\/vapestornado.com\/lt\/product\/fumot-randm-tornado-15000-puffs-rechargeable-disposable-vape-wholesale\/\">RandM Tornado 15000<\/a>, ir skoni\u0173 turtingus pasirinkimus, tokius kaip <a href=\"https:\/\/vapestornado.com\/lt\/product\/waspe-40000-puffs-double-flavour-led-display-disposable-vape-wholesale\/\">WASPE dvigubo skonio 40000 \u012fkv\u0117pim\u0173<\/a> . Kiekvienas produktas yra atrenkamas, akcentuojant kokyb\u0119, vert\u0119 ir \u012fvairov\u0119, u\u017etikrinant, kad rastum\u0117te tobul\u0105 variant\u0105 savo poreikiams. Atraskite i\u0161skirtin\u012f aptarnavim\u0105 ir plat\u0173 auk\u0161\u010diausios kokyb\u0117s produkt\u0173 asortiment\u0105 didmenin\u0117mis kainomis vapestornado svetain\u0117je.<\/p>\n<\/div>\n<h3><\/h3>\n<div class=\"relative p-1 rounded-sm flex items-center justify-center bg-token-main-surface-primary text-token-text-primary h-8 w-8\">\n<h3>DUK apie \u201eWaspe 15000 Puffs\u201c vienkartinius garintuvus<\/h3>\n<\/div>\n<\/div>\n<\/div>\n<\/div>\n<div class=\"flex-shrink-0 flex flex-col relative items-end\">\n<div class=\"pt-0\">\n<div class=\"gizmo-bot-avatar flex h-8 w-8 items-center justify-center overflow-hidden rounded-full\">\n<div class=\"relative p-1 rounded-sm flex items-center justify-center bg-token-main-surface-primary text-token-text-primary h-8 w-8\">\n<div class=\"mb-2 flex gap-3 empty:hidden -ml-2\">\n<div role=\"article\" data-tabster=\"{&quot;groupper&quot;:{&quot;tabbability&quot;:2},&quot;focusable&quot;:{}}\" data-content=\"ai-message\" aria-labelledby=\"Vdt5ez4X7Tg813x6rFVha-author Vdt5ez4X7Tg813x6rFVha-content\">\n<div id=\"Vdt5ez4X7Tg813x6rFVha-content\">\n<div role=\"article\" data-tabster=\"{&quot;groupper&quot;:{&quot;tabbability&quot;:2},&quot;focusable&quot;:{}}\" data-content=\"ai-message\" aria-labelledby=\"o968oC7CEo2fGHsGdsRYC-author o968oC7CEo2fGHsGdsRYC-content\">\n<div id=\"o968oC7CEo2fGHsGdsRYC-content\">\n<h3><\/h3>\n<ol>\n<li><strong>Koks yra \u201eWaspe 15000\u201c \u012fp\u016btim\u0173 skai\u010dius?<\/strong><br \/>\n\u0160is <strong>Tornado 15000<\/strong> si\u016blo iki <strong>15 000 \u012ftraukim\u0173<\/strong> su didele 22 ml e. skys\u010dio talpa.<\/li>\n<li><strong>Ar galiu reguliuoti nikotino lyg\u012f?<\/strong><br \/>\nTaip, galite pasirinkti i\u0161 <strong>0%, 2%, 3% arba 5% nikotino koncentracij\u0173<\/strong> kad garinimo patirtis b\u016bt\u0173 pritaikyta asmeni\u0161kai.<\/li>\n<li><strong>Ar \u201eWaspe 15000\u201c palaiko greit\u0105 \u012fkrovim\u0105?<\/strong><br \/>\nBe jokios abejon\u0117s! Jame yra <strong>C tipo \u012fkrovimo prievadas<\/strong> skirtas greitam ir efektyviam \u012fkrovimui.<\/li>\n<li><strong>Kuo \u201eWaspe 15000\u201c idealiai tinka didmeninei prekybai?<\/strong><br \/>\nJo <strong>\u017eema kaina<\/strong>, didel\u0117 paklausa ir auk\u0161\u010diausios kokyb\u0117s funkcijos daro j\u012f puik\u0173 <strong>gar\u0173 didmenin\u0117 prekyba<\/strong> ir didmeniniams pirk\u0117jams.<\/li>\n<li><strong>Ar \u201eWaspe 15000\u201c tinka vartotojams, kuriems reikia ma\u017eai nikotino?<\/strong><br \/>\nTaip, jis sukurtas b\u016bti <strong>ma\u017eo nikotino garintuvas<\/strong>, tod\u0117l jis idealiai tinka vartotojams, ie\u0161kantiems ma\u017eesnio nikotino kiekio.<\/li>\n<\/ol>\n<\/div>\n<\/div>\n<\/div>\n<\/div>\n<\/div>\n<\/div>\n<\/div>\n<\/div>\n<\/div>","protected":false},"excerpt":{"rendered":"<p>Vapsolo DG 18000 i\u0161manaus ekrano didmeninis vienkartinis garintuvas<br \/>\nVapsolo DG 18000 \u012ftraukim\u0173 2% 5% ma\u017eo nikotino kiekio didmenin\u0117 prekyba garintuvais<br \/>\nVapsolo DG18000 \u012ftraukim\u0173 2% 5% ma\u017eo nikotino kiekio \u012fkraunamas vienkartinis garintuvas<\/p>\n<p><strong>Prid\u0117kite Amy whatsapp, gaukite tiesiogin\u012f atsakym\u0105 ir kupon\u0105 veipui!<\/strong><\/p>\n<p><img fetchpriority=\"high\" decoding=\"async\" class=\"size-full wp-image-2932\" src=\"https:\/\/vapestornado.com\/wp-content\/uploads\/2024\/12\/Vape-Wholesale.jpg\" alt=\"Garintuvai Didmenin\u0117 prekyba\" width=\"229\" height=\"300\" \/><\/p>\n<h3><a href=\"https:\/\/wa.me\/8617776015835\"><span style=\"color: #ff0000;\"><strong>WhatsApp: +86 17776015835<\/strong><\/span><\/a><\/h3>\n<p>&nbsp;<\/p>","protected":false},"featured_media":3184,"comment_status":"open","ping_status":"closed","template":"","meta":{"_acf_changed":false,"_uag_custom_page_level_css":"","_lmt_disableupdate":"no","_lmt_disable":"","_monsterinsights_skip_tracking":false,"_monsterinsights_sitenote_active":false,"_monsterinsights_sitenote_note":"","_monsterinsights_sitenote_category":0,"site-sidebar-layout":"default","site-content-layout":"","ast-site-content-layout":"default","site-content-style":"default","site-sidebar-style":"default","ast-global-header-display":"","ast-banner-title-visibility":"","ast-main-header-display":"","ast-hfb-above-header-display":"","ast-hfb-below-header-display":"","ast-hfb-mobile-header-display":"","site-post-title":"","ast-breadcrumbs-content":"","ast-featured-img":"","footer-sml-layout":"","ast-disable-related-posts":"","theme-transparent-header-meta":"default","adv-header-id-meta":"","stick-header-meta":"","header-above-stick-meta":"","header-main-stick-meta":"","header-below-stick-meta":"","astra-migrate-meta-layouts":"set","ast-page-background-enabled":"default","ast-page-background-meta":{"desktop":{"background-color":"","background-image":"","background-repeat":"repeat","background-position":"center center","background-size":"auto","background-attachment":"scroll","background-type":"","background-media":"","overlay-type":"","overlay-color":"","overlay-opacity":"","overlay-gradient":""},"tablet":{"background-color":"","background-image":"","background-repeat":"repeat","background-position":"center center","background-size":"auto","background-attachment":"scroll","background-type":"","background-media":"","overlay-type":"","overlay-color":"","overlay-opacity":"","overlay-gradient":""},"mobile":{"background-color":"","background-image":"","background-repeat":"repeat","background-position":"center center","background-size":"auto","background-attachment":"scroll","background-type":"","background-media":"","overlay-type":"","overlay-color":"","overlay-opacity":"","overlay-gradient":""}},"ast-content-background-meta":{"desktop":{"background-color":"var(--ast-global-color-5)","background-image":"","background-repeat":"repeat","background-position":"center center","background-size":"auto","background-attachment":"scroll","background-type":"","background-media":"","overlay-type":"","overlay-color":"","overlay-opacity":"","overlay-gradient":""},"tablet":{"background-color":"var(--ast-global-color-5)","background-image":"","background-repeat":"repeat","background-position":"center center","background-size":"auto","background-attachment":"scroll","background-type":"","background-media":"","overlay-type":"","overlay-color":"","overlay-opacity":"","overlay-gradient":""},"mobile":{"background-color":"var(--ast-global-color-5)","background-image":"","background-repeat":"repeat","background-position":"center center","background-size":"auto","background-attachment":"scroll","background-type":"","background-media":"","overlay-type":"","overlay-color":"","overlay-opacity":"","overlay-gradient":""}},"_joinchat":{"telephone":"+8617776015835"}},"product_brand":[],"product_cat":[71,152,160,142,144,148,60],"product_tag":[97,94,114,164,163],"class_list":{"0":"post-3178","1":"product","2":"type-product","3":"status-publish","4":"has-post-thumbnail","6":"product_cat-15000-puff","7":"product_cat-buy-disposable-vapes-in-cermany","8":"product_cat-buy-disposable-vapes-in-switzerland","9":"product_cat-digital-box-disposable-vapes","10":"product_cat-low-nicotine-disposable-vapes","11":"product_cat-tornado-disposable-vapes","12":"product_cat-waspe-fihp-vape","13":"product_tag-hot-sale-disposable-vape","14":"product_tag-rechargeable-disposable-vape","15":"product_tag-tornado-vape","16":"product_tag-waspe-15000","17":"product_tag-waspe-vape","18":"desktop-align-left","19":"tablet-align-left","20":"mobile-align-left","22":"first","23":"instock","24":"sale","25":"shipping-taxable","26":"purchasable","27":"product-type-simple"},"acf":[],"uagb_featured_image_src":{"full":["https:\/\/vapestornado.com\/wp-content\/uploads\/2024\/12\/WASPE-15000-Puffs-Disposable-Vape.jpg",1713,1713,false],"thumbnail":["https:\/\/vapestornado.com\/wp-content\/uploads\/2024\/12\/WASPE-15000-Puffs-Disposable-Vape-150x150.jpg",150,150,true],"medium":["https:\/\/vapestornado.com\/wp-content\/uploads\/2024\/12\/WASPE-15000-Puffs-Disposable-Vape-300x300.jpg",300,300,true],"medium_large":["https:\/\/vapestornado.com\/wp-content\/uploads\/2024\/12\/WASPE-15000-Puffs-Disposable-Vape-768x768.jpg",768,768,true],"large":["https:\/\/vapestornado.com\/wp-content\/uploads\/2024\/12\/WASPE-15000-Puffs-Disposable-Vape-1024x1024.jpg",1024,1024,true],"1536x1536":["https:\/\/vapestornado.com\/wp-content\/uploads\/2024\/12\/WASPE-15000-Puffs-Disposable-Vape-1536x1536.jpg",1536,1536,true],"2048x2048":["https:\/\/vapestornado.com\/wp-content\/uploads\/2024\/12\/WASPE-15000-Puffs-Disposable-Vape.jpg",1713,1713,false],"trp-custom-language-flag":["https:\/\/vapestornado.com\/wp-content\/uploads\/2024\/12\/WASPE-15000-Puffs-Disposable-Vape.jpg",12,12,false],"woocommerce_thumbnail":["https:\/\/vapestornado.com\/wp-content\/uploads\/2024\/12\/WASPE-15000-Puffs-Disposable-Vape-300x300.jpg",300,300,true],"woocommerce_single":["https:\/\/vapestornado.com\/wp-content\/uploads\/2024\/12\/WASPE-15000-Puffs-Disposable-Vape-600x600.jpg",600,600,true],"woocommerce_gallery_thumbnail":["https:\/\/vapestornado.com\/wp-content\/uploads\/2024\/12\/WASPE-15000-Puffs-Disposable-Vape-100x100.jpg",100,100,true]},"uagb_author_info":{"display_name":"ESAMY","author_link":"https:\/\/vapestornado.com\/lt\/author\/"},"uagb_comment_info":0,"uagb_excerpt":"Vapsolo DG 18000 Smart Screen Wholesale Disposable Vape Vapsolo DG 18000 Puffs 2% 5% Low Nicotine Bulk Buy Vapes Vapsolo DG18000 Puffs 2% 5% Low Nicotine Rechargeable Disposable Vape Add Amy's whatsapp get right reply and vape vape coupon! WhatsApp: +86 17776015835 &nbsp;","_links":{"self":[{"href":"https:\/\/vapestornado.com\/lt\/wp-json\/wp\/v2\/product\/3178","targetHints":{"allow":["GET"]}}],"collection":[{"href":"https:\/\/vapestornado.com\/lt\/wp-json\/wp\/v2\/product"}],"about":[{"href":"https:\/\/vapestornado.com\/lt\/wp-json\/wp\/v2\/types\/product"}],"replies":[{"embeddable":true,"href":"https:\/\/vapestornado.com\/lt\/wp-json\/wp\/v2\/comments?post=3178"}],"wp:featuredmedia":[{"embeddable":true,"href":"https:\/\/vapestornado.com\/lt\/wp-json\/wp\/v2\/media\/3184"}],"wp:attachment":[{"href":"https:\/\/vapestornado.com\/lt\/wp-json\/wp\/v2\/media?parent=3178"}],"wp:term":[{"taxonomy":"product_brand","embeddable":true,"href":"https:\/\/vapestornado.com\/lt\/wp-json\/wp\/v2\/product_brand?post=3178"},{"taxonomy":"product_cat","embeddable":true,"href":"https:\/\/vapestornado.com\/lt\/wp-json\/wp\/v2\/product_cat?post=3178"},{"taxonomy":"product_tag","embeddable":true,"href":"https:\/\/vapestornado.com\/lt\/wp-json\/wp\/v2\/product_tag?post=3178"}],"curies":[{"name":"wp","href":"https:\/\/api.w.org\/{rel}","templated":true}]}}