{"id":3177,"date":"2024-12-16T02:49:21","date_gmt":"2024-12-16T02:49:21","guid":{"rendered":"https:\/\/vapestornado.com\/?post_type=product&#038;p=3177"},"modified":"2025-08-23T09:58:57","modified_gmt":"2025-08-23T09:58:57","slug":"vapsolo-dg-18000-puffs-smart-screen-wholesale-disposable-cheap-vapes","status":"publish","type":"product","link":"https:\/\/vapestornado.com\/lt\/product\/vapsolo-dg-18000-puffs-smart-screen-wholesale-disposable-cheap-vapes\/","title":{"rendered":"Vapsolo DG 18000 \u012fkv\u0117pim\u0173 i\u0161manusis ekranas didmenin\u0117 prekyba pigiomis vienkartin\u0117mis garinimo priemon\u0117mis"},"content":{"rendered":"<h1 class=\"product-title\">Vapsolo DG 18000 \u012fkv\u0117pim\u0173 i\u0161manusis ekranas didmenin\u0117 prekyba pigiomis vienkartin\u0117mis garinimo priemon\u0117mis<\/h1>\n<p>\u0160is <strong>Vapsolo DG 18000 \u012etraukimai I\u0161manusis ekranas Vienkartiniai pig\u016bs garintuvai<\/strong>\u00a0i\u0161 naujo apibr\u0117\u017eia patogum\u0105 ir na\u0161um\u0105 garinant. Su did\u017eiuliu <strong>18 000 \u012ftraukim\u0173 talpa<\/strong>, \u0161is <strong>vienkartinis garintuvas<\/strong> ra\u0161iklis si\u016blo neprilygstam\u0105 ilgaam\u017ei\u0161kum\u0105 ir kokyb\u0119, tod\u0117l tai yra <strong>kar\u0161tai parduodamas garintuvas<\/strong> rinkoje. Sukurtas su <strong>i\u0161manusis ekrano ekranas<\/strong>, jis nuolat informuoja jus apie baterijos veikimo laik\u0105 ir naudojimo statistik\u0105, o <strong>reguliuojamas oro srautas<\/strong> leid\u017eia individualizuoti garinim\u0105. The <strong>I\u0161manusis re\u017eimas<\/strong> automati\u0161kai optimizuoja nustatymus, kad garinimas b\u016bt\u0173 be vargo, o <strong>Boost re\u017eimas<\/strong> suteikia intensyv\u0173 sm\u016bg\u012f skonio entuziastams. Maitinamas <strong>650mAh \u012fkraunama baterija<\/strong> su C tipo greituoju \u012fkrovimu, \u0161is \u012frenginys puikiai tinka vartotojams, ie\u0161kantiems efektyvumo ir na\u0161umo. Didmeniniai pirk\u0117jai gauna naudos i\u0161 konkurencing\u0173 <strong>gar\u0173 didmenin\u0117 prekyba<\/strong> kain\u0173, tod\u0117l tai puikus pasirinkimas <strong>Vapsolo didmenin\u0117 prekyba<\/strong>.<\/p>\n<p><strong>Prid\u0117kite Amy's Whatsapp, gaukite teising\u0105 atsakym\u0105 ir kupon\u0105 garintuvui!<\/strong><\/p>\n<p><img fetchpriority=\"high\" decoding=\"async\" class=\"size-full wp-image-2932\" src=\"https:\/\/vapestornado.com\/wp-content\/uploads\/2024\/12\/Vape-Wholesale.jpg\" alt=\"Garintuvai Didmenin\u0117 prekyba\" width=\"229\" height=\"300\" \/><\/p>\n<h3><a href=\"https:\/\/wa.me\/8617776015835\" target=\"_blank\" rel=\"noopener\"><span style=\"color: #ff0000;\"><strong>WhatsApp: +86 17776015835<\/strong><\/span><\/a><\/h3>\n<p>&nbsp;<\/p>\n<h2><strong>Vapsolo DG 18000 produkto savyb\u0117s<\/strong><\/h2>\n<div role=\"article\" data-tabster=\"{&quot;groupper&quot;:{&quot;tabbability&quot;:2},&quot;focusable&quot;:{}}\" data-content=\"ai-message\" aria-labelledby=\"juhNTJ6o7Gk1cgwZMJgv2-author juhNTJ6o7Gk1cgwZMJgv2-content\">\n<div id=\"juhNTJ6o7Gk1cgwZMJgv2-content\">\n<div role=\"article\" data-tabster=\"{&quot;groupper&quot;:{&quot;tabbability&quot;:2},&quot;focusable&quot;:{}}\" data-content=\"ai-message\" aria-labelledby=\"x4EZuCZWrTbh3weWUt7CU-author x4EZuCZWrTbh3weWUt7CU-content\">\n<div id=\"x4EZuCZWrTbh3weWUt7CU-content\">\n<h3><\/h3>\n<ol>\n<li><strong>18 000 \u012fkv\u0117pim\u0173:<\/strong> Ilgalaikis veikimas ilgam malonumui.<\/li>\n<li><strong>I\u0161manusis ekrano ekranas:<\/strong> Lengvai steb\u0117kite baterijos veikimo laik\u0105 ir naudojim\u0105.<\/li>\n<li><strong>Reguliuojamas oro srautas:<\/strong> Pritaikykite savo traukim\u0105, kad pasiektum\u0117te tobul\u0105 sm\u016bg\u012f.<\/li>\n<li><strong>Du re\u017eimai:<\/strong> Pasirinkite i\u0161man\u0173j\u012f re\u017eim\u0105, kad b\u016bt\u0173 lengviau, ir \u201eBoost\u201c re\u017eim\u0105, kad b\u016bt\u0173 intensyviau.<\/li>\n<li><strong>\u012ekraunama baterija:<\/strong> 650 mAh baterija su C tipo \u012fkrovimu greitam \u012fkrovimui.<\/li>\n<li><strong>Didel\u0117 e. skys\u010dio talpa:<\/strong> Didel\u0117 talpa, kad reik\u0117t\u0173 re\u010diau papildyti.<\/li>\n<li><strong>Kokybi\u0161ka konstrukcija:<\/strong> Patvari, nepralaidi konstrukcija u\u017etikrina patog\u0173 naudojim\u0105.<\/li>\n<li><strong>Nikotino pasirinkimai:<\/strong> Galima \u012fsigyti <strong>vienkartinis vape su ma\u017eu nikotino kiekiu<\/strong> stiprumai.<\/li>\n<li><strong>Stilingas dizainas:<\/strong> Kompakti\u0161kas ir ergonomi\u0161kas, kad b\u016bt\u0173 patogu ne\u0161iotis.<\/li>\n<li><strong>Didmenin\u0117 kaina:<\/strong> Idealiai tinka didmeniniams pirk\u0117jams d\u0117l ekonomi\u0161k\u0173 kain\u0173.<\/li>\n<\/ol>\n<\/div>\n<\/div>\n<\/div>\n<\/div>\n<h2 class=\"product-title\"><strong>Vapsolo DG 18000 \u012fkv\u0117pim\u0173 skoni\u0173 s\u0105ra\u0161as<\/strong><\/h2>\n<p>1. Persik\u0173 mang\u0173 ananasai<br \/>\n2. Pasiflor\u0173 kivi\u0173 ledas<br \/>\n3. M\u0117lyni\u0173 vy\u0161ni\u0173 spanguol\u0117s<br \/>\n4. arb\u016bzo ledas<br \/>\n5. Bra\u0161ki\u0173 kiviai<br \/>\n6. Citrin\u0173 laimas<br \/>\n7. Bra\u0161ki\u0173 bananas<br \/>\n8. Redbull<br \/>\n9. Mi\u0161rios uogos<br \/>\n10. Bra\u0161ki\u0173 arb\u016bzas<\/p>\n<h3>Kod\u0117l verta rinktis \u201evapestornado\u201c didmeninei prekybai \u201eVapsolo DG 18000 Puffs Vape\u201c?<\/h3>\n<div class=\"flex-shrink-0 flex flex-col relative items-end\">\n<div class=\"pt-0\">\n<div class=\"gizmo-bot-avatar flex h-8 w-8 items-center justify-center overflow-hidden rounded-full\">\n<div class=\"relative p-1 rounded-sm flex items-center justify-center bg-token-main-surface-primary text-token-text-primary h-8 w-8\">\n<p>Sveiki atvyk\u0119 \u012f vapestornado \u2013 j\u016bs\u0173 patikim\u0105 internetin\u0119 auk\u0161\u010diausios kokyb\u0117s vienkartini\u0173 garinimo priemoni\u0173 parduotuv\u0119. Tur\u0117dami daugiau nei 5 met\u0173 patirt\u012f, si\u016blome populiarius vienkartini\u0173 garinimo priemoni\u0173 prek\u0117s \u017eenklus, tokius kaip Fumot RandM Vape, <a href=\"https:\/\/vapestornado.com\/lt\/product\/vapme-crystal-7000-puffs-rechargeable-disposable-vape-wholesale-cheap-price\/\">Vapme<\/a>, Bang Vape, Waspe Vape, ir WGA Vape ir kt.<\/p>\n<p>M\u016bs\u0173 asortimentas apima populiarias garinimo priemones, tokias kaip <a href=\"https:\/\/vapestornado.com\/lt\/product\/fumot-randm-tornado-15000-puffs-rechargeable-disposable-vape-wholesale\/\">RandM Tornado 15000<\/a>, ir skoni\u0173 turtingus pasirinkimus, tokius kaip <a href=\"https:\/\/vapestornado.com\/lt\/product\/waspe-40000-puffs-double-flavour-led-display-disposable-vape-wholesale\/\">WASPE dvigubo skonio 40000 \u012fkv\u0117pim\u0173<\/a> . Kiekvienas produktas yra atrenkamas, akcentuojant kokyb\u0119, vert\u0119 ir \u012fvairov\u0119, u\u017etikrinant, kad rastum\u0117te tobul\u0105 variant\u0105 savo poreikiams. Atraskite i\u0161skirtin\u012f aptarnavim\u0105 ir plat\u0173 auk\u0161\u010diausios kokyb\u0117s produkt\u0173 asortiment\u0105 didmenin\u0117mis kainomis vapestornado svetain\u0117je.<\/p>\n<\/div>\n<h3><\/h3>\n<div class=\"relative p-1 rounded-sm flex items-center justify-center bg-token-main-surface-primary text-token-text-primary h-8 w-8\">\n<h3>DUK apie \u201eVapsolo DG 18k Puffs Puff\u201c vienkartinius garintuvus<\/h3>\n<\/div>\n<\/div>\n<\/div>\n<\/div>\n<div class=\"flex-shrink-0 flex flex-col relative items-end\">\n<div class=\"pt-0\">\n<div class=\"gizmo-bot-avatar flex h-8 w-8 items-center justify-center overflow-hidden rounded-full\">\n<div class=\"relative p-1 rounded-sm flex items-center justify-center bg-token-main-surface-primary text-token-text-primary h-8 w-8\">\n<div class=\"mb-2 flex gap-3 empty:hidden -ml-2\">\n<div role=\"article\" data-tabster=\"{&quot;groupper&quot;:{&quot;tabbability&quot;:2},&quot;focusable&quot;:{}}\" data-content=\"ai-message\" aria-labelledby=\"Vdt5ez4X7Tg813x6rFVha-author Vdt5ez4X7Tg813x6rFVha-content\">\n<div id=\"Vdt5ez4X7Tg813x6rFVha-content\">\n<div role=\"article\" data-tabster=\"{&quot;groupper&quot;:{&quot;tabbability&quot;:2},&quot;focusable&quot;:{}}\" data-content=\"ai-message\" aria-labelledby=\"o968oC7CEo2fGHsGdsRYC-author o968oC7CEo2fGHsGdsRYC-content\">\n<div id=\"o968oC7CEo2fGHsGdsRYC-content\">\n<h3><\/h3>\n<ol>\n<li><strong>Kas yra \u201eVapSolo DG18000\u201c?<\/strong><br \/>\n\u0160is <strong>VapSolo DG18000<\/strong> yra didel\u0117s talpos <strong>vienkartinis garintuvas<\/strong> si\u016blantis <strong>18 000 \u012ftraukim\u0173<\/strong>, i\u0161man\u0173j\u012f ekran\u0105 ir \u012fkraunam\u0105 funkcij\u0105.<\/li>\n<li><strong>Kaip veikia i\u0161manusis re\u017eimas?<\/strong><br \/>\n<strong>I\u0161manusis re\u017eimas<\/strong> automati\u0161kai optimizuoja nustatymus, kad garinimas b\u016bt\u0173 sklandus ir be pastang\u0173, atsi\u017evelgiant \u012f j\u016bs\u0173 naudojimo \u012fpro\u010dius.<\/li>\n<li><strong>Kas yra \u201eBoost\u201c re\u017eimas?<\/strong><br \/>\n<strong>Boost re\u017eimas<\/strong> suteikia stipresn\u012f, intensyvesn\u012f sm\u016bg\u012f vartotojams, kurie m\u0117gsta ry\u0161kesn\u012f skon\u012f ir gar\u0173 gamyb\u0105.<\/li>\n<li><strong>Ar \u201eVapSolo DG18000\u201c yra \u012fkraunamas?<\/strong><br \/>\nTaip, jame yra <strong>650mAh baterij\u0105<\/strong> kur\u012f galima greitai \u012fkrauti naudojant C tipo \u012fkrovimo prievad\u0105.<\/li>\n<li><strong>Kod\u0117l verta rinktis \u201eVapSolo DG18000\u201c didmeninei prekybai?<\/strong><br \/>\nD\u0117l savo patvarumo, didelio \u012ftraukim\u0173 skai\u010diaus ir konkurencingos <strong>gar\u0173 didmenin\u0117 prekyba<\/strong> kainodaros, tai puikus pasirinkimas ma\u017emenininkams ir dideliems pirk\u0117jams.<\/li>\n<\/ol>\n<\/div>\n<\/div>\n<\/div>\n<\/div>\n<p>&nbsp;<\/p>\n<\/div>\n<\/div>\n<\/div>\n<\/div>\n<\/div>\n<div class=\"group\/conversation-turn relative flex w-full min-w-0 flex-col agent-turn\">\n<div class=\"flex-col gap-1 md:gap-3\">\n<div class=\"flex max-w-full flex-col flex-grow\">\n<div class=\"min-h-8 text-message flex w-full flex-col items-end gap-2 whitespace-normal break-words [.text-message+&amp;]:mt-5\" dir=\"auto\" data-message-author-role=\"assistant\" data-message-id=\"db716a1c-9ed0-4b8d-b3b0-7bdb913c3d42\" data-message-model-slug=\"gpt-4o\">\n<div class=\"flex w-full flex-col gap-1 empty:hidden first:pt-[3px]\">\n<div class=\"markdown prose w-full break-words dark:prose-invert light\">\n<p>&nbsp;<\/p>\n<\/div>\n<\/div>\n<\/div>\n<\/div>\n<\/div>\n<\/div>","protected":false},"excerpt":{"rendered":"<p>Vapsolo DG 18000 i\u0161manaus ekrano didmeninis vienkartinis garintuvas<br \/>\nVapsolo DG 18000 \u012ftraukim\u0173 2% 5% ma\u017eo nikotino kiekio didmenin\u0117 prekyba garintuvais<br \/>\nVapsolo DG18000 \u012ftraukim\u0173 2% 5% ma\u017eo nikotino kiekio \u012fkraunamas vienkartinis garintuvas<\/p>\n<p><strong>Prid\u0117kite Amy whatsapp, gaukite tiesiogin\u012f atsakym\u0105 ir kupon\u0105 veipui!<\/strong><\/p>\n<p><img fetchpriority=\"high\" decoding=\"async\" class=\"size-full wp-image-2932\" src=\"https:\/\/vapestornado.com\/wp-content\/uploads\/2024\/12\/Vape-Wholesale.jpg\" alt=\"Garintuvai Didmenin\u0117 prekyba\" width=\"229\" height=\"300\" \/><\/p>\n<h3><a href=\"https:\/\/wa.me\/8617776015835\"><span style=\"color: #ff0000;\"><strong>WhatsApp: +86 17776015835<\/strong><\/span><\/a><\/h3>\n<p>&nbsp;<\/p>","protected":false},"featured_media":3173,"comment_status":"open","ping_status":"closed","template":"","meta":{"_acf_changed":false,"_uag_custom_page_level_css":"","_lmt_disableupdate":"no","_lmt_disable":"","_monsterinsights_skip_tracking":false,"_monsterinsights_sitenote_active":false,"_monsterinsights_sitenote_note":"","_monsterinsights_sitenote_category":0,"site-sidebar-layout":"default","site-content-layout":"","ast-site-content-layout":"default","site-content-style":"default","site-sidebar-style":"default","ast-global-header-display":"","ast-banner-title-visibility":"","ast-main-header-display":"","ast-hfb-above-header-display":"","ast-hfb-below-header-display":"","ast-hfb-mobile-header-display":"","site-post-title":"","ast-breadcrumbs-content":"","ast-featured-img":"","footer-sml-layout":"","ast-disable-related-posts":"","theme-transparent-header-meta":"default","adv-header-id-meta":"","stick-header-meta":"","header-above-stick-meta":"","header-main-stick-meta":"","header-below-stick-meta":"","astra-migrate-meta-layouts":"set","ast-page-background-enabled":"default","ast-page-background-meta":{"desktop":{"background-color":"","background-image":"","background-repeat":"repeat","background-position":"center center","background-size":"auto","background-attachment":"scroll","background-type":"","background-media":"","overlay-type":"","overlay-color":"","overlay-opacity":"","overlay-gradient":""},"tablet":{"background-color":"","background-image":"","background-repeat":"repeat","background-position":"center center","background-size":"auto","background-attachment":"scroll","background-type":"","background-media":"","overlay-type":"","overlay-color":"","overlay-opacity":"","overlay-gradient":""},"mobile":{"background-color":"","background-image":"","background-repeat":"repeat","background-position":"center center","background-size":"auto","background-attachment":"scroll","background-type":"","background-media":"","overlay-type":"","overlay-color":"","overlay-opacity":"","overlay-gradient":""}},"ast-content-background-meta":{"desktop":{"background-color":"var(--ast-global-color-5)","background-image":"","background-repeat":"repeat","background-position":"center center","background-size":"auto","background-attachment":"scroll","background-type":"","background-media":"","overlay-type":"","overlay-color":"","overlay-opacity":"","overlay-gradient":""},"tablet":{"background-color":"var(--ast-global-color-5)","background-image":"","background-repeat":"repeat","background-position":"center center","background-size":"auto","background-attachment":"scroll","background-type":"","background-media":"","overlay-type":"","overlay-color":"","overlay-opacity":"","overlay-gradient":""},"mobile":{"background-color":"var(--ast-global-color-5)","background-image":"","background-repeat":"repeat","background-position":"center center","background-size":"auto","background-attachment":"scroll","background-type":"","background-media":"","overlay-type":"","overlay-color":"","overlay-opacity":"","overlay-gradient":""}},"_joinchat":{"telephone":"+8617776015835"}},"product_brand":[],"product_cat":[70,150,154,157,142,144,171],"product_tag":[97,94,139,162,161],"class_list":{"0":"post-3177","1":"product","2":"type-product","3":"status-publish","4":"has-post-thumbnail","6":"product_cat-18000-puff","7":"product_cat-buy-disposable-vapes-in-belgium","8":"product_cat-buy-disposable-vapes-in-netherlands","9":"product_cat-buy-disposable-vapes-in-portugal","10":"product_cat-digital-box-disposable-vapes","11":"product_cat-low-nicotine-disposable-vapes","12":"product_cat-vapsolo-disposable-vapes","13":"product_tag-hot-sale-disposable-vape","14":"product_tag-rechargeable-disposable-vape","15":"product_tag-vapsolo","16":"product_tag-vapsolo-18000","17":"product_tag-vapsolo-dg-18000-puffs","18":"desktop-align-left","19":"tablet-align-left","20":"mobile-align-left","22":"first","23":"instock","24":"sale","25":"shipping-taxable","26":"purchasable","27":"product-type-simple"},"acf":[],"uagb_featured_image_src":{"full":["https:\/\/vapestornado.com\/wp-content\/uploads\/2024\/12\/Vapsolo-DG-18000-Puffs-Smart-Screen-Wholesale-Disposable-Vape.jpg",1126,1126,false],"thumbnail":["https:\/\/vapestornado.com\/wp-content\/uploads\/2024\/12\/Vapsolo-DG-18000-Puffs-Smart-Screen-Wholesale-Disposable-Vape-150x150.jpg",150,150,true],"medium":["https:\/\/vapestornado.com\/wp-content\/uploads\/2024\/12\/Vapsolo-DG-18000-Puffs-Smart-Screen-Wholesale-Disposable-Vape-300x300.jpg",300,300,true],"medium_large":["https:\/\/vapestornado.com\/wp-content\/uploads\/2024\/12\/Vapsolo-DG-18000-Puffs-Smart-Screen-Wholesale-Disposable-Vape-768x768.jpg",768,768,true],"large":["https:\/\/vapestornado.com\/wp-content\/uploads\/2024\/12\/Vapsolo-DG-18000-Puffs-Smart-Screen-Wholesale-Disposable-Vape-1024x1024.jpg",1024,1024,true],"1536x1536":["https:\/\/vapestornado.com\/wp-content\/uploads\/2024\/12\/Vapsolo-DG-18000-Puffs-Smart-Screen-Wholesale-Disposable-Vape.jpg",1126,1126,false],"2048x2048":["https:\/\/vapestornado.com\/wp-content\/uploads\/2024\/12\/Vapsolo-DG-18000-Puffs-Smart-Screen-Wholesale-Disposable-Vape.jpg",1126,1126,false],"trp-custom-language-flag":["https:\/\/vapestornado.com\/wp-content\/uploads\/2024\/12\/Vapsolo-DG-18000-Puffs-Smart-Screen-Wholesale-Disposable-Vape.jpg",12,12,false],"woocommerce_thumbnail":["https:\/\/vapestornado.com\/wp-content\/uploads\/2024\/12\/Vapsolo-DG-18000-Puffs-Smart-Screen-Wholesale-Disposable-Vape-300x300.jpg",300,300,true],"woocommerce_single":["https:\/\/vapestornado.com\/wp-content\/uploads\/2024\/12\/Vapsolo-DG-18000-Puffs-Smart-Screen-Wholesale-Disposable-Vape-600x600.jpg",600,600,true],"woocommerce_gallery_thumbnail":["https:\/\/vapestornado.com\/wp-content\/uploads\/2024\/12\/Vapsolo-DG-18000-Puffs-Smart-Screen-Wholesale-Disposable-Vape-100x100.jpg",100,100,true]},"uagb_author_info":{"display_name":"ESAMY","author_link":"https:\/\/vapestornado.com\/lt\/author\/"},"uagb_comment_info":0,"uagb_excerpt":"Vapsolo DG 18000 Smart Screen Wholesale Disposable Vape Vapsolo DG 18000 Puffs 2% 5% Low Nicotine Bulk Buy Vapes Vapsolo DG18000 Puffs 2% 5% Low Nicotine Rechargeable Disposable Vape Add Amy's whatsapp get right reply and vape vape coupon! WhatsApp: +86 17776015835 &nbsp;","_links":{"self":[{"href":"https:\/\/vapestornado.com\/lt\/wp-json\/wp\/v2\/product\/3177","targetHints":{"allow":["GET"]}}],"collection":[{"href":"https:\/\/vapestornado.com\/lt\/wp-json\/wp\/v2\/product"}],"about":[{"href":"https:\/\/vapestornado.com\/lt\/wp-json\/wp\/v2\/types\/product"}],"replies":[{"embeddable":true,"href":"https:\/\/vapestornado.com\/lt\/wp-json\/wp\/v2\/comments?post=3177"}],"wp:featuredmedia":[{"embeddable":true,"href":"https:\/\/vapestornado.com\/lt\/wp-json\/wp\/v2\/media\/3173"}],"wp:attachment":[{"href":"https:\/\/vapestornado.com\/lt\/wp-json\/wp\/v2\/media?parent=3177"}],"wp:term":[{"taxonomy":"product_brand","embeddable":true,"href":"https:\/\/vapestornado.com\/lt\/wp-json\/wp\/v2\/product_brand?post=3177"},{"taxonomy":"product_cat","embeddable":true,"href":"https:\/\/vapestornado.com\/lt\/wp-json\/wp\/v2\/product_cat?post=3177"},{"taxonomy":"product_tag","embeddable":true,"href":"https:\/\/vapestornado.com\/lt\/wp-json\/wp\/v2\/product_tag?post=3177"}],"curies":[{"name":"wp","href":"https:\/\/api.w.org\/{rel}","templated":true}]}}