{"id":3171,"date":"2024-12-14T09:23:10","date_gmt":"2024-12-14T09:23:10","guid":{"rendered":"https:\/\/vapestornado.com\/?post_type=product&#038;p=3171"},"modified":"2025-08-23T10:02:23","modified_gmt":"2025-08-23T10:02:23","slug":"waspe-40000-puffs-double-flavor-rechargeable-vape-cheap-price","status":"publish","type":"product","link":"https:\/\/vapestornado.com\/lt\/product\/waspe-40000-puffs-double-flavor-rechargeable-vape-cheap-price\/","title":{"rendered":"WASPE 40000 \u012ftraukim\u0173 \u012fkraunamas garintuvas su dvigubu skoniu pigia kaina"},"content":{"rendered":"<h1>WASPE 40000 \u012ftraukim\u0173 \u012fkraunamas garintuvas su dvigubu skoniu pigia kaina<\/h1>\n<p>&nbsp;<\/p>\n<div role=\"article\" data-tabster=\"{&quot;groupper&quot;:{&quot;tabbability&quot;:2},&quot;focusable&quot;:{}}\" data-content=\"ai-message\" aria-labelledby=\"64JRvXrTnY7mRmPkEQLLT-author 64JRvXrTnY7mRmPkEQLLT-content\">\n<div id=\"64JRvXrTnY7mRmPkEQLLT-content\">\n<p>WASPE 40000 \u012fp\u016btim\u0173 dviej\u0173 skoni\u0173 \u012fkraunamas garintuvas sujungia pa\u017eangias technologijas su i\u0161skirtiniu skonio perdavimu. Sukurtas ilgam naudojimui, WASPE VAPES si\u016blo iki 40 000 \u012fp\u016btim\u0173, u\u017etikrinan\u010di\u0173 ilgalaik\u012f pasitenkinim\u0105. Dvigubos 0,9 \u03a9 tinklelio rit\u0117s suteikia \u0161velnius, sodrius garus su sustiprintu skonio intensyvumu ir maloniu gerkl\u0117s sm\u016bgiu. Jo 36 ml e. skys\u010dio talpa suma\u017eina da\u017eno papildymo poreik\u012f, o 850 mAh \u012fkraunama baterija u\u017etikrina patikim\u0105 veikim\u0105. C tipo greito \u012fkrovimo funkcija suma\u017eina prastovos laik\u0105. I\u0161manusis LED ekranas si\u016blo realaus laiko atnaujinimus apie baterijos ir e. skys\u010dio lygius, kad b\u016bt\u0173 patogiau. Su dviej\u0173 skoni\u0173 sistema vartotojai gali be vargo perjungti du skirtingus skonius, pagerindami garinimo patirt\u012f. Galimas 2% ir 5% nikotino stiprumo ir 16 unikali\u0173 skoni\u0173, jis tinka tiek naujiems, tiek patyrusiems garintojams. Pasirinkite WASPE FIHP 40000 \u012fp\u016btim\u0173 garintuv\u0105, kad gautum\u0117te pa\u017eangiausias funkcijas, aptak\u0173 dizain\u0105 ir auk\u0161\u010diausios kokyb\u0117s garinimo patirt\u012f, pritaikyt\u0105 j\u016bs\u0173 pageidavimams.<\/p>\n<\/div>\n<\/div>\n<p><img fetchpriority=\"high\" decoding=\"async\" class=\"alignnone size-medium wp-image-4245\" src=\"https:\/\/vapestornado.com\/wp-content\/uploads\/2024\/12\/Waspe-DOUBLE-FLAVOUR-40k-Vape-Cheap-Price-300x300.jpg\" alt=\"\" width=\"300\" height=\"300\" srcset=\"https:\/\/vapestornado.com\/wp-content\/uploads\/2024\/12\/Waspe-DOUBLE-FLAVOUR-40k-Vape-Cheap-Price-300x300.jpg 300w, https:\/\/vapestornado.com\/wp-content\/uploads\/2024\/12\/Waspe-DOUBLE-FLAVOUR-40k-Vape-Cheap-Price-1024x1024.jpg 1024w, https:\/\/vapestornado.com\/wp-content\/uploads\/2024\/12\/Waspe-DOUBLE-FLAVOUR-40k-Vape-Cheap-Price-150x150.jpg 150w, https:\/\/vapestornado.com\/wp-content\/uploads\/2024\/12\/Waspe-DOUBLE-FLAVOUR-40k-Vape-Cheap-Price-768x768.jpg 768w, https:\/\/vapestornado.com\/wp-content\/uploads\/2024\/12\/Waspe-DOUBLE-FLAVOUR-40k-Vape-Cheap-Price-12x12.jpg 12w, https:\/\/vapestornado.com\/wp-content\/uploads\/2024\/12\/Waspe-DOUBLE-FLAVOUR-40k-Vape-Cheap-Price-600x600.jpg 600w, https:\/\/vapestornado.com\/wp-content\/uploads\/2024\/12\/Waspe-DOUBLE-FLAVOUR-40k-Vape-Cheap-Price-100x100.jpg 100w, https:\/\/vapestornado.com\/wp-content\/uploads\/2024\/12\/Waspe-DOUBLE-FLAVOUR-40k-Vape-Cheap-Price.jpg 1500w\" sizes=\"(max-width: 300px) 100vw, 300px\" \/><\/p>\n<p><img decoding=\"async\" class=\"wp-image-2951\" src=\"https:\/\/vapestornado.com\/wp-content\/uploads\/2024\/12\/Wholesale-Disposable-Vape-265x300.jpg\" alt=\"Didmenin\u0117 prekyba vienkartiniais garintuvais\" width=\"295\" height=\"334\" srcset=\"https:\/\/vapestornado.com\/wp-content\/uploads\/2024\/12\/Wholesale-Disposable-Vape-265x300.jpg 265w, https:\/\/vapestornado.com\/wp-content\/uploads\/2024\/12\/Wholesale-Disposable-Vape-768x871.jpg 768w, https:\/\/vapestornado.com\/wp-content\/uploads\/2024\/12\/Wholesale-Disposable-Vape-600x680.jpg 600w, https:\/\/vapestornado.com\/wp-content\/uploads\/2024\/12\/Wholesale-Disposable-Vape.jpg 823w\" sizes=\"(max-width: 295px) 100vw, 295px\" \/><\/p>\n<h6>Pra\u0161ome susisiekti su Mandy per \u201eWhatsApp\u201c d\u0117l nuolaidos kainos:<a href=\"https:\/\/wa.me\/8618077105796\" target=\"_blank\" rel=\"noopener\">+8618077105796<\/a><\/h6>\n<p>&nbsp;<\/p>\n<h2><strong>WASPE 40000 \u012fp\u016btim\u0173 vienkartini\u0173 garintuv\u0173 specifikacijos<\/strong><\/h2>\n<ul>\n<li><strong>Nikotino stiprumas<\/strong>: Galima \u012fsigyti 2% ir 5% variant\u0173, kad garinimo patirtis b\u016bt\u0173 pritaikyta individualiems poreikiams.<\/li>\n<li><strong>\u012ep\u016btim\u0173 talpa<\/strong>: Iki 40 000 \u012fp\u016btim\u0173, idealiai tinka ilgam naudojimui su minimaliais pakeitimais.<\/li>\n<li><strong>E. skys\u010dio talpa<\/strong>: I\u0161 anksto u\u017epildytas 36 ml auk\u0161\u010diausios kokyb\u0117s garinimo sultimis ilgalaik\u0117ms sesijoms.<\/li>\n<li><strong>Pa\u017eangios tinklelio rit\u0117s<\/strong>: Dvigubos 0,9 \u03a9 tinklelio rit\u0117s u\u017etikrina \u0161velnius, sodrius garus ir sustiprint\u0105 skon\u012f.<\/li>\n<li><strong>C tipo \u012fkraunamas<\/strong>: Greitas ir efektyvus C tipo \u012fkrovimas suma\u017eina prastovos laik\u0105.<\/li>\n<li><strong>Baterijos talpa<\/strong>: Tvirtas 850 mAh \u012fkraunamas akumuliatorius u\u017etikrina nuosekl\u0173 veikim\u0105.<\/li>\n<li><strong>I\u0161manusis LED ekranas<\/strong>: Realaus laiko akumuliatoriaus ir e. skys\u010dio lygio atnaujinimai, kad b\u016bt\u0173 u\u017etikrintas sklandus naudojimas.<\/li>\n<li><strong>Dviej\u0173 skoni\u0173 technologija<\/strong>: Perjunkite tarp dviej\u0173 skirting\u0173 skoni\u0173, kad patirtis b\u016bt\u0173 dinami\u0161ka ir asmeni\u0161ka.<\/li>\n<\/ul>\n<h2><strong>WASPE Tornado Vape 40k Puffs skoni\u0173 s\u0105ra\u0161as:<\/strong><\/h2>\n<p class=\"selectable-text copyable-text x15bjb6t x1n2onr6\" dir=\"ltr\"><span class=\"selectable-text copyable-text false\">1. Arb\u016bz\u0173 ledas<\/span><\/p>\n<p class=\"selectable-text copyable-text x15bjb6t x1n2onr6\" dir=\"ltr\"><span class=\"selectable-text copyable-text false x1sdyfia xss6m8b\">2.<\/span><span class=\"selectable-text copyable-text false\"> Gazuo\u010di\u0173 vy\u0161ni\u0173 ledas<\/span><\/p>\n<p class=\"selectable-text copyable-text x15bjb6t x1n2onr6\" dir=\"ltr\"><span class=\"selectable-text copyable-text false x1sdyfia xss6m8b\">3.<\/span><span class=\"selectable-text copyable-text false\"> Bra\u0161ki\u0173 arb\u016bzas<\/span><\/p>\n<p class=\"selectable-text copyable-text x15bjb6t x1n2onr6\" dir=\"ltr\"><span class=\"selectable-text copyable-text false x1sdyfia xss6m8b\">4.<\/span><span class=\"selectable-text copyable-text false\"> Red Bull ledas<\/span><\/p>\n<p class=\"selectable-text copyable-text x15bjb6t x1n2onr6\" dir=\"ltr\"><span class=\"selectable-text copyable-text false x1sdyfia xss6m8b\">5.<\/span><span class=\"selectable-text copyable-text false\"> Persik\u0173 ledas<\/span><\/p>\n<p class=\"selectable-text copyable-text x15bjb6t x1n2onr6\" dir=\"ltr\"><span class=\"selectable-text copyable-text false x1sdyfia xss6m8b\">6.<\/span><span class=\"selectable-text copyable-text false\"> Vynuogi\u0173 ledas<\/span><\/p>\n<p class=\"selectable-text copyable-text x15bjb6t x1n2onr6\" dir=\"ltr\"><span class=\"selectable-text copyable-text false x1sdyfia xss6m8b\">7.<\/span><span class=\"selectable-text copyable-text false\"> M\u0117lyni\u0173 avie\u010di\u0173 limonadas<\/span><\/p>\n<p class=\"selectable-text copyable-text x15bjb6t x1n2onr6\" dir=\"ltr\"><span class=\"selectable-text copyable-text false x1sdyfia xss6m8b\">8.<\/span><span class=\"selectable-text copyable-text false\"> Mi\u0161rios uogos<\/span><\/p>\n<p class=\"selectable-text copyable-text x15bjb6t x1n2onr6\" dir=\"ltr\"><span class=\"selectable-text copyable-text false x1sdyfia xss6m8b\">9.<\/span><span class=\"selectable-text copyable-text false\"> Bra\u0161ki\u0173 avie\u010di\u0173 vy\u0161nia<\/span><\/p>\n<p class=\"selectable-text copyable-text x15bjb6t x1n2onr6\" dir=\"ltr\"><span class=\"selectable-text copyable-text false x1sdyfia xss6m8b\">10.<\/span><span class=\"selectable-text copyable-text false\"> Bra\u0161ki\u0173 bananas<\/span><\/p>\n<p class=\"selectable-text copyable-text x15bjb6t x1n2onr6\" dir=\"ltr\"><span class=\"selectable-text copyable-text false x1sdyfia xss6m8b\">11.<\/span><span class=\"selectable-text copyable-text false\"> Bra\u0161ki\u0173 arb\u016bz\u0173 kramtomoji guma<\/span><\/p>\n<p class=\"selectable-text copyable-text x15bjb6t x1n2onr6\" dir=\"ltr\"><span class=\"selectable-text copyable-text false x1sdyfia xss6m8b\">12.<\/span><span class=\"selectable-text copyable-text false\"> Vy\u0161ni\u0173 kolos ledas<\/span><\/p>\n<p class=\"selectable-text copyable-text x15bjb6t x1n2onr6\" dir=\"ltr\"><span class=\"selectable-text copyable-text false x1sdyfia xss6m8b\">13.<\/span><span class=\"selectable-text copyable-text false\"> R\u016bg\u0161\u010di\u0173 obuoli\u0173 avie\u010di\u0173<\/span><\/p>\n<p class=\"selectable-text copyable-text x15bjb6t x1n2onr6\" dir=\"ltr\"><span class=\"selectable-text copyable-text false x1sdyfia xss6m8b\">14.<\/span><span class=\"selectable-text copyable-text false\"> Persik\u0173 uogos<\/span><\/p>\n<p class=\"selectable-text copyable-text x15bjb6t x1n2onr6\" dir=\"ltr\"><span class=\"selectable-text copyable-text false x1sdyfia xss6m8b\">15.<\/span><span class=\"selectable-text copyable-text false\"> Blueberry Ice<\/span><\/p>\n<p class=\"selectable-text copyable-text x15bjb6t x1n2onr6\" dir=\"ltr\"><span class=\"selectable-text copyable-text false x1sdyfia xss6m8b\">16.<\/span><span class=\"selectable-text copyable-text false\"> Bra\u0161ki\u0173 vy\u0161nia<\/span><\/p>\n<div role=\"article\" data-tabster=\"{&quot;groupper&quot;:{&quot;tabbability&quot;:2},&quot;focusable&quot;:{}}\" data-content=\"ai-message\" aria-labelledby=\"dARUyEWDoEYhnSPXFwx5A-author dARUyEWDoEYhnSPXFwx5A-content\">\n<div id=\"dARUyEWDoEYhnSPXFwx5A-content\">\n<h2><strong>Kod\u0117l verta rinktis WASPE 40k Puffs Vape Pods i\u0161 vapestornado.com?<\/strong><\/h2>\n<ul>\n<li><strong>Neprilygstamas ilgaam\u017ei\u0161kumas<\/strong>: Su \u012fsp\u016bdingais 40 000 \u012fkv\u0117pim\u0173, WASPE 40K puikiai tinka garintojams, ie\u0161kantiems ilgesnio naudojimo be da\u017eno keitimo.<\/li>\n<li><strong>Pa\u017eangi garinimo technologija<\/strong>: Su dviem 0,9 \u03a9 tinklelio rit\u0117mis, \u0161is \u012frenginys u\u017etikrina \u0161velnius, aromatingus garus kiekvienu \u012fkv\u0117pimu, si\u016blydamas auk\u0161\u010diausios kokyb\u0117s garinimo patirt\u012f.<\/li>\n<li><strong>Didel\u0117 e. skys\u010dio talpa<\/strong>: I\u0161 anksto u\u017epildytas 36 ml auk\u0161tos kokyb\u0117s e. skys\u010dio, jis sukurtas nepertraukiamoms, ilgalaik\u0117ms sesijoms.<\/li>\n<li><strong>Patogus \u012fkrovimas<\/strong>: \u012erengtas 850 mAh Type-C \u012fkraunama baterija, WASPE 40000 \u012ftraukim\u0173 u\u017etikrina patikim\u0105 gali\u0105 ir greit\u0105 \u012fkrovim\u0105, u\u017etikrinant, kad visada b\u016bsite pasiruo\u0161\u0119 garinti.<\/li>\n<li><strong>Inovatyvi dvigubo skonio funkcija<\/strong>: M\u0117gaukit\u0117s dviem skoniais viename \u012frenginyje, si\u016blydami pritaikom\u0105 ir dinami\u0161k\u0105 garinimo patirt\u012f, pritaikyt\u0105 j\u016bs\u0173 pageidavimams.<\/li>\n<li><strong>Patogus dizainas<\/strong>: I\u0161manusis LED ekranas informuoja jus apie baterijos ir e. skys\u010dio lygius, suteikdamas patogumo j\u016bs\u0173 garinimo rutinai.<\/li>\n<li><strong>Lanks\u010dios nikotino parinktys<\/strong>: Galima \u012fsigyti 2% ir 5% nikotino stiprumo, tinkan\u010di\u0173 tiek lengviems, tiek patyrusiems garintojams.<\/li>\n<li><strong>vapestornado Premium aptarnavimas<\/strong>: Apsipirkimas vapestornado.com rei\u0161kia prieig\u0105 prie autenti\u0161k\u0173 produkt\u0173, konkurencing\u0173 kain\u0173 ir i\u0161skirtinio klient\u0173 aptarnavimo.<\/li>\n<\/ul>\n<\/div>\n<\/div>\n<h2>DUK apie <strong>WASPE 40K Puffs Didmenin\u0117 kaina \u012fkraunamos elektronin\u0117s cigaret\u0117s<\/strong><\/h2>\n<p><strong>K1: Kaip sekti savo WASPE VAPES 40k Puffs u\u017esakym\u0105?<\/strong><br \/>\nA: Kai j\u016bs\u0173 u\u017esakymas bus i\u0161si\u0173stas, gausite sekimo numer\u012f el. pa\u0161tu, kad gal\u0117tum\u0117te steb\u0117ti pristatymo eig\u0105.<\/p>\n<p><strong>K2: Koks yra numatomas WASPE 40000 PUFF pristatymo laikas?<\/strong><br \/>\nA: U\u017esakymai, siun\u010diami i\u0161 Kinijos, paprastai trunka 7\u201314 darbo dien\u0173, o u\u017esakymai i\u0161 Europos sand\u0117li\u0173 atkeliauja per 3\u20136 darbo dienas.<\/p>\n<p><strong>K3: Ar galiu gauti greitesn\u012f pristatym\u0105?<\/strong><br \/>\nA: Nor\u0117dami grei\u010diau pristatyti, apsvarstykite galimyb\u0119 u\u017esisakyti produktus, esan\u010dius m\u016bs\u0173 Europos sand\u0117liuose.<\/p>\n<p><strong>K4: Ar galiu pasirinkti konkre\u010dius WASPE FIHP VAPE 40000 PUFFS skonius?<\/strong><br \/>\nA: Skoniai paprastai parenkami atsitiktinai, ta\u010diau galite palikti pastab\u0105 kasoje su savo pageidavimais ir mes pasistengsime patenkinti.<\/p>\n<p><strong>K5: Ar siun\u010diate WASPE 40000 puffs \u012f u\u017esien\u012f?<\/strong><br \/>\nA: Taip, mes siun\u010diame \u012f daugum\u0105 pasaulio \u0161ali\u0173 ir tvarkome muitin\u0117s formalumus.<\/p>\n<p><strong>K6: Kaip susisiekti su klient\u0173 aptarnavimo tarnyba?<\/strong><br \/>\nA: Susisiekite su mumis el. pa\u0161tu, WhatsApp arba tiesioginiu pokalbiu m\u016bs\u0173 svetain\u0117je, kad gautum\u0117te greit\u0105 pagalb\u0105.<\/p>","protected":false},"excerpt":{"rendered":"<ul>\n<li><strong>\u012esigykite WASPE FIHP 40000 \u012fp\u016btim\u0173 \u012fkraunam\u0105 garintuv\u0105 u\u017e neprilygstamas kainas<\/strong><\/li>\n<li><strong>Didmenin\u0117 prekyba WASPE FIHP 40K \u012fp\u016btim\u0173 garintuvais \u2013 sutaupykite daug u\u017esakydami dideliais kiekiais<\/strong><\/li>\n<li><strong>\u012esigykite WASPE 40000 \u012fp\u016btim\u0173 dviej\u0173 skoni\u0173 garintuv\u0105 \u2013 pa\u017eangios funkcijos, prieinamos kainos<\/strong><\/li>\n<\/ul>\n<figure id=\"attachment_2951\" aria-describedby=\"caption-attachment-2951\" style=\"width: 265px\" class=\"wp-caption alignnone\"><img decoding=\"async\" class=\"size-medium wp-image-2951\" src=\"https:\/\/vapestornado.com\/wp-content\/uploads\/2024\/12\/Wholesale-Disposable-Vape-265x300.jpg\" alt=\"Didmenin\u0117 prekyba vienkartiniais garintuvais\" width=\"265\" height=\"300\" srcset=\"https:\/\/vapestornado.com\/wp-content\/uploads\/2024\/12\/Wholesale-Disposable-Vape-265x300.jpg 265w, https:\/\/vapestornado.com\/wp-content\/uploads\/2024\/12\/Wholesale-Disposable-Vape-768x871.jpg 768w, https:\/\/vapestornado.com\/wp-content\/uploads\/2024\/12\/Wholesale-Disposable-Vape-600x680.jpg 600w, https:\/\/vapestornado.com\/wp-content\/uploads\/2024\/12\/Wholesale-Disposable-Vape.jpg 823w\" sizes=\"(max-width: 265px) 100vw, 265px\" \/><figcaption id=\"caption-attachment-2951\" class=\"wp-caption-text\">Pra\u0161ome susisiekti su Mandy per \u201eWhatsApp\u201c d\u0117l nuolaidos kainos\u00a0 <a href=\"https:\/\/wa.me\/8618077105796\">+8618077105796<\/a><\/figcaption><\/figure>\n<p>&nbsp;<\/p>","protected":false},"featured_media":4245,"comment_status":"open","ping_status":"closed","template":"","meta":{"_acf_changed":false,"_uag_custom_page_level_css":"","_lmt_disableupdate":"no","_lmt_disable":"","_monsterinsights_skip_tracking":false,"_monsterinsights_sitenote_active":false,"_monsterinsights_sitenote_note":"","_monsterinsights_sitenote_category":0,"site-sidebar-layout":"default","site-content-layout":"","ast-site-content-layout":"default","site-content-style":"default","site-sidebar-style":"default","ast-global-header-display":"","ast-banner-title-visibility":"","ast-main-header-display":"","ast-hfb-above-header-display":"","ast-hfb-below-header-display":"","ast-hfb-mobile-header-display":"","site-post-title":"","ast-breadcrumbs-content":"","ast-featured-img":"","footer-sml-layout":"","ast-disable-related-posts":"","theme-transparent-header-meta":"default","adv-header-id-meta":"","stick-header-meta":"","header-above-stick-meta":"","header-main-stick-meta":"","header-below-stick-meta":"","astra-migrate-meta-layouts":"set","ast-page-background-enabled":"default","ast-page-background-meta":{"desktop":{"background-color":"","background-image":"","background-repeat":"repeat","background-position":"center center","background-size":"auto","background-attachment":"scroll","background-type":"","background-media":"","overlay-type":"","overlay-color":"","overlay-opacity":"","overlay-gradient":""},"tablet":{"background-color":"","background-image":"","background-repeat":"repeat","background-position":"center center","background-size":"auto","background-attachment":"scroll","background-type":"","background-media":"","overlay-type":"","overlay-color":"","overlay-opacity":"","overlay-gradient":""},"mobile":{"background-color":"","background-image":"","background-repeat":"repeat","background-position":"center center","background-size":"auto","background-attachment":"scroll","background-type":"","background-media":"","overlay-type":"","overlay-color":"","overlay-opacity":"","overlay-gradient":""}},"ast-content-background-meta":{"desktop":{"background-color":"var(--ast-global-color-5)","background-image":"","background-repeat":"repeat","background-position":"center center","background-size":"auto","background-attachment":"scroll","background-type":"","background-media":"","overlay-type":"","overlay-color":"","overlay-opacity":"","overlay-gradient":""},"tablet":{"background-color":"var(--ast-global-color-5)","background-image":"","background-repeat":"repeat","background-position":"center center","background-size":"auto","background-attachment":"scroll","background-type":"","background-media":"","overlay-type":"","overlay-color":"","overlay-opacity":"","overlay-gradient":""},"mobile":{"background-color":"var(--ast-global-color-5)","background-image":"","background-repeat":"repeat","background-position":"center center","background-size":"auto","background-attachment":"scroll","background-type":"","background-media":"","overlay-type":"","overlay-color":"","overlay-opacity":"","overlay-gradient":""}},"_joinchat":{"telephone":"+8618077105796"}},"product_brand":[],"product_cat":[65,149,153,156,157,158,60],"product_tag":[97,89],"class_list":{"0":"post-3171","1":"product","2":"type-product","3":"status-publish","4":"has-post-thumbnail","6":"product_cat-40000-puff","7":"product_cat-buy-disposable-vapes-in-austria","8":"product_cat-buy-disposable-vapes-in-italy","9":"product_cat-buy-disposable-vapes-in-poland","10":"product_cat-buy-disposable-vapes-in-portugal","11":"product_cat-buy-disposable-vapes-in-spain","12":"product_cat-waspe-fihp-vape","13":"product_tag-hot-sale-disposable-vape","14":"product_tag-waspe-40000-puffs","15":"desktop-align-left","16":"tablet-align-left","17":"mobile-align-left","19":"first","20":"instock","21":"sale","22":"shipping-taxable","23":"purchasable","24":"product-type-simple"},"acf":[],"uagb_featured_image_src":{"full":["https:\/\/vapestornado.com\/wp-content\/uploads\/2024\/12\/Waspe-DOUBLE-FLAVOUR-40k-Vape-Cheap-Price.jpg",1500,1500,false],"thumbnail":["https:\/\/vapestornado.com\/wp-content\/uploads\/2024\/12\/Waspe-DOUBLE-FLAVOUR-40k-Vape-Cheap-Price-150x150.jpg",150,150,true],"medium":["https:\/\/vapestornado.com\/wp-content\/uploads\/2024\/12\/Waspe-DOUBLE-FLAVOUR-40k-Vape-Cheap-Price-300x300.jpg",300,300,true],"medium_large":["https:\/\/vapestornado.com\/wp-content\/uploads\/2024\/12\/Waspe-DOUBLE-FLAVOUR-40k-Vape-Cheap-Price-768x768.jpg",768,768,true],"large":["https:\/\/vapestornado.com\/wp-content\/uploads\/2024\/12\/Waspe-DOUBLE-FLAVOUR-40k-Vape-Cheap-Price-1024x1024.jpg",1024,1024,true],"1536x1536":["https:\/\/vapestornado.com\/wp-content\/uploads\/2024\/12\/Waspe-DOUBLE-FLAVOUR-40k-Vape-Cheap-Price.jpg",1500,1500,false],"2048x2048":["https:\/\/vapestornado.com\/wp-content\/uploads\/2024\/12\/Waspe-DOUBLE-FLAVOUR-40k-Vape-Cheap-Price.jpg",1500,1500,false],"trp-custom-language-flag":["https:\/\/vapestornado.com\/wp-content\/uploads\/2024\/12\/Waspe-DOUBLE-FLAVOUR-40k-Vape-Cheap-Price-12x12.jpg",12,12,true],"woocommerce_thumbnail":["https:\/\/vapestornado.com\/wp-content\/uploads\/2024\/12\/Waspe-DOUBLE-FLAVOUR-40k-Vape-Cheap-Price-300x300.jpg",300,300,true],"woocommerce_single":["https:\/\/vapestornado.com\/wp-content\/uploads\/2024\/12\/Waspe-DOUBLE-FLAVOUR-40k-Vape-Cheap-Price-600x600.jpg",600,600,true],"woocommerce_gallery_thumbnail":["https:\/\/vapestornado.com\/wp-content\/uploads\/2024\/12\/Waspe-DOUBLE-FLAVOUR-40k-Vape-Cheap-Price-100x100.jpg",100,100,true]},"uagb_author_info":{"display_name":"ESMANDY","author_link":"https:\/\/vapestornado.com\/lt\/author\/"},"uagb_comment_info":0,"uagb_excerpt":"Get WASPE FIHP 40000 Puff Rechargeable Vape at Unbeatable Prices Wholesale Deals on WASPE FIHP 40K Puffs Vapes \u2013 Save Big on Bulk Orders Shop WASPE 40000 Puffs Dual Flavor Vape \u2013 Advanced Features, Affordable Prices [caption id=\"attachment_2951\" align=\"alignnone\" width=\"265\"] Pls Contact Mandy's WhatsApp For Discount Price\u00a0 +8618077105796[\/caption] &nbsp;","_links":{"self":[{"href":"https:\/\/vapestornado.com\/lt\/wp-json\/wp\/v2\/product\/3171","targetHints":{"allow":["GET"]}}],"collection":[{"href":"https:\/\/vapestornado.com\/lt\/wp-json\/wp\/v2\/product"}],"about":[{"href":"https:\/\/vapestornado.com\/lt\/wp-json\/wp\/v2\/types\/product"}],"replies":[{"embeddable":true,"href":"https:\/\/vapestornado.com\/lt\/wp-json\/wp\/v2\/comments?post=3171"}],"wp:featuredmedia":[{"embeddable":true,"href":"https:\/\/vapestornado.com\/lt\/wp-json\/wp\/v2\/media\/4245"}],"wp:attachment":[{"href":"https:\/\/vapestornado.com\/lt\/wp-json\/wp\/v2\/media?parent=3171"}],"wp:term":[{"taxonomy":"product_brand","embeddable":true,"href":"https:\/\/vapestornado.com\/lt\/wp-json\/wp\/v2\/product_brand?post=3171"},{"taxonomy":"product_cat","embeddable":true,"href":"https:\/\/vapestornado.com\/lt\/wp-json\/wp\/v2\/product_cat?post=3171"},{"taxonomy":"product_tag","embeddable":true,"href":"https:\/\/vapestornado.com\/lt\/wp-json\/wp\/v2\/product_tag?post=3171"}],"curies":[{"name":"wp","href":"https:\/\/api.w.org\/{rel}","templated":true}]}}