{"id":3132,"date":"2024-12-13T09:10:35","date_gmt":"2024-12-13T09:10:35","guid":{"rendered":"https:\/\/vapestornado.com\/?post_type=product&#038;p=3132"},"modified":"2025-08-23T10:04:00","modified_gmt":"2025-08-23T10:04:00","slug":"vapsolo-twins-20000-double-flavour-rechargeable-disposable-vape-wholesale-price","status":"publish","type":"product","link":"https:\/\/vapestornado.com\/lt\/product\/vapsolo-twins-20000-double-flavour-rechargeable-disposable-vape-wholesale-price\/","title":{"rendered":"Vapsolo Twins 20000 Dvigubo Skonio \u012ekraunamas Vienkartinis Garintuvas Didmenin\u0117 Kaina"},"content":{"rendered":"<h1 class=\"product-title\">Vapsolo Twins 20000 Dvigubo Skonio \u012ekraunamas Vienkartinis Garintuvas Didmenin\u0117 Kaina<\/h1>\n<p data-start=\"319\" data-end=\"581\">\u0160is <strong data-start=\"323\" data-end=\"377\">Vapsolo Twins 20000 Dvigubo skonio vienkartinis garintuvas<\/strong> yra skirtas ma\u017emenininkams ir didmenininkams, kuriems reikia patikim\u0173, ilgai tarnaujan\u010di\u0173 preki\u0173. Iki <strong data-start=\"470\" data-end=\"497\">20 000 \u012fkv\u0117pim\u0173 viename \u012frenginyje<\/strong> ir <strong data-start=\"504\" data-end=\"526\">25 ml e. skys\u010dio talpa<\/strong>, jis si\u016blo ilgesn\u012f naudojim\u0105 ir didel\u012f perpardavimo potencial\u0105.<\/p>\n<p data-start=\"583\" data-end=\"946\">Jo <strong data-start=\"587\" data-end=\"612\">dvigubo skonio sistema<\/strong> leid\u017eia klientams perjungti du mi\u0161inius viename \u012frenginyje, tod\u0117l jis tampa patrauklesnis pirk\u0117jams, norintiems \u012fvairov\u0117s nene\u0161iojant keli\u0173 garintuv\u0173. The <strong data-start=\"759\" data-end=\"783\">tinklelio rit\u0117s technologija<\/strong> u\u017etikrina skland\u017eius garus ir pastov\u0173 skon\u012f, o <strong data-start=\"837\" data-end=\"868\">650mAh \u012fkraunama baterija<\/strong> su <strong data-start=\"874\" data-end=\"898\">C tipo greit\u0105j\u012f \u012fkrovim\u0105<\/strong> u\u017etikrina stabil\u0173 veikim\u0105 iki paskutinio la\u0161o.<\/p>\n<p data-start=\"948\" data-end=\"1202\">Galima \u012fsigyti <strong data-start=\"961\" data-end=\"993\">2% ir 5% nikotino koncentracija<\/strong>, <strong data-start=\"999\" data-end=\"1025\">Vapsolo Twins 20K Garintuvas<\/strong> tenkina skirtingus klient\u0173 pageidavimus. Su konkurencinga <strong data-start=\"1085\" data-end=\"1106\">didmenin\u0117mis kainomis<\/strong> ir didele rinkos paklausa, tai yra protingas pasirinkimas ma\u017eoms parduotuv\u0117ms ir platintojams visoje Lietuvoje<\/p>\n<p><strong>Prid\u0117kite Amy's Whatsapp, gaukite teising\u0105 atsakym\u0105 ir kupon\u0105 garintuvui!<\/strong><\/p>\n<p><img fetchpriority=\"high\" decoding=\"async\" class=\"size-full wp-image-2932\" src=\"https:\/\/vapestornado.com\/wp-content\/uploads\/2024\/12\/Vape-Wholesale.jpg\" alt=\"Garintuvai Didmenin\u0117 prekyba\" width=\"229\" height=\"300\" \/><\/p>\n<h3><a href=\"https:\/\/wa.me\/8617776015835\" target=\"_blank\" rel=\"noopener\"><span style=\"color: #ff0000;\"><strong>WhatsApp: +86 17776015835<\/strong><\/span><\/a><\/h3>\n<p>&nbsp;<\/p>\n<h2><strong>Vapsolo Twins 20000 Produkto savyb\u0117s<\/strong><\/h2>\n<div role=\"article\" data-tabster=\"{&quot;groupper&quot;:{&quot;tabbability&quot;:2},&quot;focusable&quot;:{}}\" data-content=\"ai-message\" aria-labelledby=\"juhNTJ6o7Gk1cgwZMJgv2-author juhNTJ6o7Gk1cgwZMJgv2-content\">\n<div id=\"juhNTJ6o7Gk1cgwZMJgv2-content\">\n<div role=\"article\" data-tabster=\"{&quot;groupper&quot;:{&quot;tabbability&quot;:2},&quot;focusable&quot;:{}}\" data-content=\"ai-message\" aria-labelledby=\"x4EZuCZWrTbh3weWUt7CU-author x4EZuCZWrTbh3weWUt7CU-content\">\n<div id=\"x4EZuCZWrTbh3weWUt7CU-content\">\n<h3><\/h3>\n<ol>\n<li><strong>Dvigubo skonio malonumas:<\/strong> Dviguba talpykl\u0173 sistema dviem skoniams viename garintuve.<\/li>\n<li><strong>Didelis \u012fkv\u0117pim\u0173 skai\u010dius:<\/strong> Si\u016blo \u012fsp\u016bding\u0105 <strong>20 000 \u012fkv\u0117pim\u0173<\/strong>.<\/li>\n<li><strong>\u012ekraunama baterija:<\/strong> Ilgai veikianti 650 mAh baterija su C tipo \u012fkrovimu.<\/li>\n<li><strong>Didel\u0117 e-skys\u010dio talpa:<\/strong> <strong>25 ml i\u0161 anksto u\u017epildytos talpyklos<\/strong> ilgalaikiam naudojimui.<\/li>\n<li><strong>Nikotino stiprumo parinktys:<\/strong> Pasirinkite i\u0161 <strong>2% arba 5%<\/strong> nikotino lygi\u0173.<\/li>\n<li><strong>Tinklelio rit\u0117s technologija:<\/strong> U\u017etikrina skland\u0173 ir aromating\u0105 gar\u0173 gamyb\u0105.<\/li>\n<li><strong>Reguliuojamas oro srautas:<\/strong> Pritaikykite gar\u0173 intensyvum\u0105 pagal savo stili\u0173.<\/li>\n<li><strong>Patogus dizainas:<\/strong> \u012ejungimo sistema \u012ftraukimu u\u017etikrina lengv\u0105 ir patog\u0173 garinim\u0105.<\/li>\n<li><strong>Kompakti\u0161kas<\/strong> Stilingas dizainas puikiai tinka vartotojams keliaujant.<\/li>\n<li><strong>I\u0161manusis ekranas:<\/strong> Realaus laiko atnaujinimai apie baterijos veikimo laik\u0105 ir \u012ftraukim\u0173 skai\u010di\u0173.<\/li>\n<\/ol>\n<\/div>\n<\/div>\n<\/div>\n<\/div>\n<h2 class=\"product-title\"><strong>Vapsolo Twins 20000 skoni\u0173 s\u0105ra\u0161as<\/strong><\/h2>\n<p>1.Citrina ir \u017eali\u0173j\u0173 citrin\u0173 mi\u0161inys<br \/>\n2.Vynuogi\u0173 ledas<br \/>\n3.Ananas\u0173 ir kokos\u0173 mi\u0161inys<br \/>\n4.Apelsin\u0173, mang\u0173 ir arb\u016bz\u0173 mi\u0161inys<br \/>\n5.M\u0117lyni\u0173 ledas<br \/>\n6.Arb\u016bz\u0173 ledas<br \/>\n7.Bra\u0161ki\u0173 ir banan\u0173 mi\u0161inys<br \/>\n8.Bra\u0161ki\u0173, avie\u010di\u0173 ir vy\u0161ni\u0173 ledas<br \/>\n9. M\u0117lyni\u0173 avie\u010di\u0173 limonadas<br \/>\n10. Arb\u016bz\u0173 ledas<br \/>\n11. Trigubas melionas<br \/>\n12. Juod\u0173j\u0173 led\u0173 drakono vaisi\u0173 bra\u0161k\u0117s<br \/>\n13. Ananas\u0173 kokosas<br \/>\n14. Bra\u0161ki\u0173 ledas<br \/>\n15. Bra\u0161ki\u0173 kivis<br \/>\n16. Trigubas melionas<\/p>\n<h3>Kod\u0117l verta rinktis \u201evapestornado\u201c didmeninei prekybai \u201eVapsolo Twins 20k Puff\u201c vape?<\/h3>\n<div class=\"flex-shrink-0 flex flex-col relative items-end\">\n<div class=\"pt-0\">\n<div class=\"gizmo-bot-avatar flex h-8 w-8 items-center justify-center overflow-hidden rounded-full\">\n<div class=\"relative p-1 rounded-sm flex items-center justify-center bg-token-main-surface-primary text-token-text-primary h-8 w-8\">\n<p>Sveiki atvyk\u0119 \u012f vapestornado \u2013 j\u016bs\u0173 patikim\u0105 internetin\u0119 auk\u0161\u010diausios kokyb\u0117s vienkartini\u0173 garinimo priemoni\u0173 parduotuv\u0119. Tur\u0117dami daugiau nei 5 met\u0173 patirt\u012f, si\u016blome populiarius vienkartini\u0173 garinimo priemoni\u0173 prek\u0117s \u017eenklus, tokius kaip Fumot RandM Vape, <a href=\"https:\/\/vapestornado.com\/lt\/product\/vapme-crystal-7000-puffs-rechargeable-disposable-vape-wholesale-cheap-price\/\">Vapme<\/a>, Bang Vape, Waspe Vape, ir WGA Vape ir kt.<\/p>\n<p>M\u016bs\u0173 asortimentas apima populiarias garinimo priemones, tokias kaip <a href=\"https:\/\/vapestornado.com\/lt\/product\/fumot-randm-tornado-15000-puffs-rechargeable-disposable-vape-wholesale\/\">RandM Tornado 15000<\/a>, ir skoni\u0173 turtingus pasirinkimus, tokius kaip <a href=\"https:\/\/vapestornado.com\/lt\/product\/waspe-40000-puffs-double-flavour-led-display-disposable-vape-wholesale\/\">WASPE dvigubo skonio 40000 \u012fkv\u0117pim\u0173<\/a> . Kiekvienas produktas yra atrenkamas, akcentuojant kokyb\u0119, vert\u0119 ir \u012fvairov\u0119, u\u017etikrinant, kad rastum\u0117te tobul\u0105 variant\u0105 savo poreikiams. Atraskite i\u0161skirtin\u012f aptarnavim\u0105 ir plat\u0173 auk\u0161\u010diausios kokyb\u0117s produkt\u0173 asortiment\u0105 didmenin\u0117mis kainomis vapestornado svetain\u0117je.<\/p>\n<\/div>\n<h3><\/h3>\n<div class=\"relative p-1 rounded-sm flex items-center justify-center bg-token-main-surface-primary text-token-text-primary h-8 w-8\">\n<h3>DUK apie \u201eVapsolo 20k Puff\u201c vienkartin\u012f garintuv\u0105<\/h3>\n<\/div>\n<\/div>\n<\/div>\n<\/div>\n<div class=\"flex-shrink-0 flex flex-col relative items-end\">\n<div class=\"pt-0\">\n<div class=\"gizmo-bot-avatar flex h-8 w-8 items-center justify-center overflow-hidden rounded-full\">\n<div class=\"relative p-1 rounded-sm flex items-center justify-center bg-token-main-surface-primary text-token-text-primary h-8 w-8\">\n<div class=\"mb-2 flex gap-3 empty:hidden -ml-2\">\n<div role=\"article\" data-tabster=\"{&quot;groupper&quot;:{&quot;tabbability&quot;:2},&quot;focusable&quot;:{}}\" data-content=\"ai-message\" aria-labelledby=\"Vdt5ez4X7Tg813x6rFVha-author Vdt5ez4X7Tg813x6rFVha-content\">\n<div id=\"Vdt5ez4X7Tg813x6rFVha-content\">\n<div role=\"article\" data-tabster=\"{&quot;groupper&quot;:{&quot;tabbability&quot;:2},&quot;focusable&quot;:{}}\" data-content=\"ai-message\" aria-labelledby=\"o968oC7CEo2fGHsGdsRYC-author o968oC7CEo2fGHsGdsRYC-content\">\n<div id=\"o968oC7CEo2fGHsGdsRYC-content\">\n<ol>\n<li><strong>Kuo unikalus \u201eVapsolo Twins 20000\u201c?<\/strong><br \/>\n\u0160is <strong>dviguba skonio talpykl\u0173 sistema<\/strong> leid\u017eia m\u0117gautis dviem skirtingais skoniais viename \u012frenginyje, tod\u0117l jis yra labai universalus.<\/li>\n<li><strong>Kiek \u012ftraukim\u0173 suteikia \u201eVapsolo Twins 20000\u201c?<\/strong><br \/>\nJis si\u016blo \u012fsp\u016bding\u0105 <strong>20 000 \u012fkv\u0117pim\u0173<\/strong>, tod\u0117l jis idealiai tinka ilgalaikiam naudojimui.<\/li>\n<li><strong>Ar \u201eVapsolo Twins\u201c galima \u012fkrauti?<\/strong><br \/>\nTaip, jame yra <strong>650mAh \u012fkraunama baterija<\/strong> su greitu C tipo \u012fkrovimu patogumui.<\/li>\n<li><strong>Kokie yra galimi nikotino stiprumo variantai?<\/strong><br \/>\n\u012erenginys yra <strong>2% ir 5% nikotino lygi\u0173<\/strong>, skirtas lengviems ir sunkiems nikotino vartotojams.<\/li>\n<li><strong>Ar \u201eVapsolo Twins\u201c tinka pradedantiesiems?<\/strong><br \/>\nBe jokios abejon\u0117s! Jo <strong>\u012ftraukimu aktyvuojama sistema<\/strong> ir paprasti valdikliai leid\u017eia lengvai naudotis pradedantiesiems, tuo pa\u010diu si\u016blant pa\u017eangias funkcijas patyrusiems garintojams.<\/li>\n<\/ol>\n<\/div>\n<\/div>\n<\/div>\n<\/div>\n<p>&nbsp;<\/p>\n<\/div>\n<\/div>\n<\/div>\n<\/div>\n<\/div>\n<div class=\"group\/conversation-turn relative flex w-full min-w-0 flex-col agent-turn\">\n<div class=\"flex-col gap-1 md:gap-3\">\n<div class=\"flex max-w-full flex-col flex-grow\">\n<div class=\"min-h-8 text-message flex w-full flex-col items-end gap-2 whitespace-normal break-words [.text-message+&amp;]:mt-5\" dir=\"auto\" data-message-author-role=\"assistant\" data-message-id=\"db716a1c-9ed0-4b8d-b3b0-7bdb913c3d42\" data-message-model-slug=\"gpt-4o\">\n<div class=\"flex w-full flex-col gap-1 empty:hidden first:pt-[3px]\">\n<div class=\"markdown prose w-full break-words dark:prose-invert light\">\n<p>&nbsp;<\/p>\n<\/div>\n<\/div>\n<\/div>\n<\/div>\n<\/div>\n<\/div>","protected":false},"excerpt":{"rendered":"<p>Vapsolo Twins 20000 Puffs 2 in 1 vienkartinio garintuvo didmenin\u0117 kaina<br \/>\nVapsolo 20000 dvigubo skonio \u012fkraunamas vienkartinis garintuvas kar\u0161tas i\u0161pardavimas<br \/>\nVapsolo Twins 20k 2 skoniai 1 vienkartinio garintuvo masin\u0117s pirkimo kaina<\/p>\n<p><strong>Prid\u0117kite Amy whatsapp, gaukite tiesiogin\u012f atsakym\u0105 ir kupon\u0105 veipui!<\/strong><\/p>\n<p><img fetchpriority=\"high\" decoding=\"async\" class=\"size-full wp-image-2932\" src=\"https:\/\/vapestornado.com\/wp-content\/uploads\/2024\/12\/Vape-Wholesale.jpg\" alt=\"Garintuvai Didmenin\u0117 prekyba\" width=\"229\" height=\"300\" \/><\/p>\n<h3><a href=\"https:\/\/wa.me\/8617776015835\"><span style=\"color: #ff0000;\"><strong>WhatsApp: +86 17776015835<\/strong><\/span><\/a><\/h3>\n<p>&nbsp;<\/p>","protected":false},"featured_media":3129,"comment_status":"open","ping_status":"closed","template":"","meta":{"_acf_changed":false,"_uag_custom_page_level_css":"","_lmt_disableupdate":"no","_lmt_disable":"","_monsterinsights_skip_tracking":false,"_monsterinsights_sitenote_active":false,"_monsterinsights_sitenote_note":"","_monsterinsights_sitenote_category":0,"site-sidebar-layout":"default","site-content-layout":"","ast-site-content-layout":"default","site-content-style":"default","site-sidebar-style":"default","ast-global-header-display":"","ast-banner-title-visibility":"","ast-main-header-display":"","ast-hfb-above-header-display":"","ast-hfb-below-header-display":"","ast-hfb-mobile-header-display":"","site-post-title":"","ast-breadcrumbs-content":"","ast-featured-img":"","footer-sml-layout":"","ast-disable-related-posts":"","theme-transparent-header-meta":"default","adv-header-id-meta":"","stick-header-meta":"","header-above-stick-meta":"","header-main-stick-meta":"","header-below-stick-meta":"","astra-migrate-meta-layouts":"set","ast-page-background-enabled":"default","ast-page-background-meta":{"desktop":{"background-color":"","background-image":"","background-repeat":"repeat","background-position":"center center","background-size":"auto","background-attachment":"scroll","background-type":"","background-media":"","overlay-type":"","overlay-color":"","overlay-opacity":"","overlay-gradient":""},"tablet":{"background-color":"","background-image":"","background-repeat":"repeat","background-position":"center center","background-size":"auto","background-attachment":"scroll","background-type":"","background-media":"","overlay-type":"","overlay-color":"","overlay-opacity":"","overlay-gradient":""},"mobile":{"background-color":"","background-image":"","background-repeat":"repeat","background-position":"center center","background-size":"auto","background-attachment":"scroll","background-type":"","background-media":"","overlay-type":"","overlay-color":"","overlay-opacity":"","overlay-gradient":""}},"ast-content-background-meta":{"desktop":{"background-color":"var(--ast-global-color-5)","background-image":"","background-repeat":"repeat","background-position":"center center","background-size":"auto","background-attachment":"scroll","background-type":"","background-media":"","overlay-type":"","overlay-color":"","overlay-opacity":"","overlay-gradient":""},"tablet":{"background-color":"var(--ast-global-color-5)","background-image":"","background-repeat":"repeat","background-position":"center center","background-size":"auto","background-attachment":"scroll","background-type":"","background-media":"","overlay-type":"","overlay-color":"","overlay-opacity":"","overlay-gradient":""},"mobile":{"background-color":"var(--ast-global-color-5)","background-image":"","background-repeat":"repeat","background-position":"center center","background-size":"auto","background-attachment":"scroll","background-type":"","background-media":"","overlay-type":"","overlay-color":"","overlay-opacity":"","overlay-gradient":""}},"_joinchat":{"telephone":"+8617776015835"}},"product_brand":[],"product_cat":[69,171],"product_tag":[97,94,139,137,138],"class_list":{"0":"post-3132","1":"product","2":"type-product","3":"status-publish","4":"has-post-thumbnail","6":"product_cat-20000-puff","7":"product_cat-vapsolo-disposable-vapes","8":"product_tag-hot-sale-disposable-vape","9":"product_tag-rechargeable-disposable-vape","10":"product_tag-vapsolo","11":"product_tag-vapsolo-twins-20000","12":"product_tag-vapsolo-twins-20k","13":"desktop-align-left","14":"tablet-align-left","15":"mobile-align-left","17":"first","18":"instock","19":"sale","20":"shipping-taxable","21":"purchasable","22":"product-type-simple"},"acf":[],"uagb_featured_image_src":{"full":["https:\/\/vapestornado.com\/wp-content\/uploads\/2024\/12\/Vapsolo-Twins-EU-Electronic-Cigarette-Wholesale.jpg",1126,1126,false],"thumbnail":["https:\/\/vapestornado.com\/wp-content\/uploads\/2024\/12\/Vapsolo-Twins-EU-Electronic-Cigarette-Wholesale-150x150.jpg",150,150,true],"medium":["https:\/\/vapestornado.com\/wp-content\/uploads\/2024\/12\/Vapsolo-Twins-EU-Electronic-Cigarette-Wholesale-300x300.jpg",300,300,true],"medium_large":["https:\/\/vapestornado.com\/wp-content\/uploads\/2024\/12\/Vapsolo-Twins-EU-Electronic-Cigarette-Wholesale-768x768.jpg",768,768,true],"large":["https:\/\/vapestornado.com\/wp-content\/uploads\/2024\/12\/Vapsolo-Twins-EU-Electronic-Cigarette-Wholesale-1024x1024.jpg",1024,1024,true],"1536x1536":["https:\/\/vapestornado.com\/wp-content\/uploads\/2024\/12\/Vapsolo-Twins-EU-Electronic-Cigarette-Wholesale.jpg",1126,1126,false],"2048x2048":["https:\/\/vapestornado.com\/wp-content\/uploads\/2024\/12\/Vapsolo-Twins-EU-Electronic-Cigarette-Wholesale.jpg",1126,1126,false],"trp-custom-language-flag":["https:\/\/vapestornado.com\/wp-content\/uploads\/2024\/12\/Vapsolo-Twins-EU-Electronic-Cigarette-Wholesale.jpg",12,12,false],"woocommerce_thumbnail":["https:\/\/vapestornado.com\/wp-content\/uploads\/2024\/12\/Vapsolo-Twins-EU-Electronic-Cigarette-Wholesale-300x300.jpg",300,300,true],"woocommerce_single":["https:\/\/vapestornado.com\/wp-content\/uploads\/2024\/12\/Vapsolo-Twins-EU-Electronic-Cigarette-Wholesale-600x600.jpg",600,600,true],"woocommerce_gallery_thumbnail":["https:\/\/vapestornado.com\/wp-content\/uploads\/2024\/12\/Vapsolo-Twins-EU-Electronic-Cigarette-Wholesale-100x100.jpg",100,100,true]},"uagb_author_info":{"display_name":"ESAMY","author_link":"https:\/\/vapestornado.com\/lt\/author\/"},"uagb_comment_info":0,"uagb_excerpt":"Vapsolo Twins 20000 Puffs 2 in 1 Disposable Vape Wholesale Price Vapsolo 20000 Double Flavour Rechargeable Disposable Vape Hot Sale Vapsolo Twins 20k 2 Flavour in 1 Disposable Vape Bulk Buy Price Add Amy's whatsapp get right reply and vape vape coupon! WhatsApp: +86 17776015835 &nbsp;","_links":{"self":[{"href":"https:\/\/vapestornado.com\/lt\/wp-json\/wp\/v2\/product\/3132","targetHints":{"allow":["GET"]}}],"collection":[{"href":"https:\/\/vapestornado.com\/lt\/wp-json\/wp\/v2\/product"}],"about":[{"href":"https:\/\/vapestornado.com\/lt\/wp-json\/wp\/v2\/types\/product"}],"replies":[{"embeddable":true,"href":"https:\/\/vapestornado.com\/lt\/wp-json\/wp\/v2\/comments?post=3132"}],"wp:featuredmedia":[{"embeddable":true,"href":"https:\/\/vapestornado.com\/lt\/wp-json\/wp\/v2\/media\/3129"}],"wp:attachment":[{"href":"https:\/\/vapestornado.com\/lt\/wp-json\/wp\/v2\/media?parent=3132"}],"wp:term":[{"taxonomy":"product_brand","embeddable":true,"href":"https:\/\/vapestornado.com\/lt\/wp-json\/wp\/v2\/product_brand?post=3132"},{"taxonomy":"product_cat","embeddable":true,"href":"https:\/\/vapestornado.com\/lt\/wp-json\/wp\/v2\/product_cat?post=3132"},{"taxonomy":"product_tag","embeddable":true,"href":"https:\/\/vapestornado.com\/lt\/wp-json\/wp\/v2\/product_tag?post=3132"}],"curies":[{"name":"wp","href":"https:\/\/api.w.org\/{rel}","templated":true}]}}